{"id":22978,"date":"2025-06-02T08:36:34","date_gmt":"2025-06-02T06:36:34","guid":{"rendered":"https:\/\/www.cortenplus.com\/products\/rust-converter\/"},"modified":"2026-02-28T15:08:39","modified_gmt":"2026-02-28T14:08:39","slug":"rust-converter","status":"publish","type":"product","link":"https:\/\/www.cortenplus.com\/sk\/products\/rust-converter\/","title":{"rendered":"Premie\u0148a\u010d hrdze"},"content":{"rendered":"<p><strong><img decoding=\"async\" style=\"margin-right: 12px;\" src=\"https:\/\/www.cortenplus.com\/wp-content\/uploads\/2026\/02\/Check.svg\" alt=\"\" width=\"18\" height=\"15\" \/>Trvalo zastavuje hrdzu a premie\u0148a kor\u00f3ziu na stabiln\u00fa ochrann\u00fa vrstvu.<\/strong> N\u00e1\u0161 konvertor hrdze je \u0161peci\u00e1lne vyvinut\u00fd na neutraliz\u00e1ciu akt\u00edvnej hrdze a jej premenu na stabiln\u00fd, inertn\u00fd ochrann\u00fd povlak, ktor\u00fd zabra\u0148uje \u010fal\u0161ej kor\u00f3zii. Namiesto jednoduch\u00e9ho prekrytia hrdze chemicky reaguje s oxidom \u017eeleza, \u010d\u00edm zastav\u00ed zhor\u0161ovanie kvality priamo pri zdroji a pred\u013a\u017ei \u017eivotnos\u0165 va\u0161ich kovov\u00fdch povrchov.<\/p>\n<p><strong><img decoding=\"async\" style=\"margin-right: 12px;\" src=\"https:\/\/www.cortenplus.com\/wp-content\/uploads\/2026\/02\/Check.svg\" alt=\"\" width=\"18\" height=\"15\" \/>Naj\u00fa\u010dinnej\u0161ie dostupn\u00e9 o\u0161etrenie hrdze.<\/strong> V\u010faka svojmu pokro\u010dil\u00e9mu chemick\u00e9mu zlo\u017eeniu je to naj\u00fa\u010dinnej\u0161\u00ed konvertor hrdze na trhu. Prenik\u00e1 hlboko do p\u00f3rovitej hrdze, d\u00f4kladne reaguje a vytv\u00e1ra siln\u00fa, lakovate\u013en\u00fa ochrann\u00fa vrstvu. V porovnan\u00ed s be\u017en\u00fdmi odstra\u0148ova\u010dmi hrdze alebo z\u00e1kladn\u00fdmi n\u00e1termi poskytuje vynikaj\u00facu dlhodob\u00fa ochranu a vidite\u013ene stabilizuje kor\u00f3ziu u\u017e po jedinej aplik\u00e1cii.<\/p>\n<p><strong><img decoding=\"async\" style=\"margin-right: 12px;\" src=\"https:\/\/www.cortenplus.com\/wp-content\/uploads\/2026\/02\/Check.svg\" alt=\"\" width=\"18\" height=\"15\" \/>Najlacnej\u0161ie vysoko v\u00fdkonn\u00e9 rie\u0161enie bez kompromisov v kvalite.<\/strong> Pon\u00fakame v\u00fdkon na profesion\u00e1lnej \u00farovni za najv\u00fdhodnej\u0161iu cenu. N\u00e1\u0161 konvertor hrdze je najlacnej\u0161\u00edm rie\u0161en\u00edm vo svojej kateg\u00f3rii pri zachovan\u00ed v\u00fdnimo\u010dnej \u00fa\u010dinnosti a trvanlivosti, \u010do umo\u017e\u0148uje majite\u013eom domov, dod\u00e1vate\u013eom a priemyseln\u00fdm pou\u017e\u00edvate\u013eom zn\u00ed\u017ei\u0165 n\u00e1klady na \u00fadr\u017ebu bez toho, aby obetovali v\u00fdsledky.<\/p>\n<p><strong><img decoding=\"async\" style=\"margin-right: 12px;\" src=\"https:\/\/www.cortenplus.com\/wp-content\/uploads\/2026\/02\/Check.svg\" alt=\"\" width=\"18\" height=\"15\" \/>Garantovan\u00e9 dodanie do 24 hod\u00edn v pr\u00edpade naliehav\u00fdch opr\u00e1v.<\/strong> Kor\u00f3zia sa r\u00fdchlo \u0161\u00edri a v\u010dasn\u00e9 o\u0161etrenie je nevyhnutn\u00e9. Preto v\u00e1m garantujeme dodanie do 24 hod\u00edn, \u010d\u00edm zabezpe\u010d\u00edme, \u017ee svoj konvertor hrdze dostanete okam\u017eite a m\u00f4\u017eete bezodkladne zastavi\u0165 znehodnocovanie kovu.<\/p>\n<p><strong><img decoding=\"async\" style=\"margin-right: 12px;\" src=\"https:\/\/www.cortenplus.com\/wp-content\/uploads\/2026\/02\/Check.svg\" alt=\"\" width=\"18\" height=\"15\" \/>Z\u00e1ruka vr\u00e1tenia pe\u0148az\u00ed pre \u00fapln\u00fa istotu.<\/strong> Za v\u00fdkonom n\u00e1\u0161ho konvertora hrdze si stoj\u00edme. Ak nebudete s v\u00fdsledkami spokojn\u00ed, pon\u00fakame z\u00e1ruku vr\u00e1tenia pe\u0148az\u00ed. Jednoducho n\u00e1s kontaktujte a my v\u00e1m vr\u00e1time peniaze za n\u00e1kup, \u010d\u00edm z\u00edskate invest\u00edciu \u00faplne bez rizika.<\/p>\n<p><strong><img decoding=\"async\" style=\"margin-right: 12px;\" src=\"https:\/\/www.cortenplus.com\/wp-content\/uploads\/2026\/02\/Check.svg\" alt=\"\" width=\"18\" height=\"15\" \/>Vynikaj\u00face pokrytie a\u017e 12 m\u00b2 na liter.<\/strong> N\u00e1\u0161 konvertor hrdze pon\u00faka vysok\u00e9 pokrytie, o\u0161etruje a\u017e 12 metrov \u0161tvorcov\u00fdch na liter v z\u00e1vislosti od drsnosti povrchu a hr\u00fabky hrdze. Toto efekt\u00edvne pokrytie zni\u017euje celkov\u00fa spotrebu a rob\u00ed ho n\u00e1kladovo efekt\u00edvnym pre mal\u00e9 opravy aj ve\u013ek\u00e9 priemyseln\u00e9 povrchy.<\/p>\n<p><strong><img decoding=\"async\" style=\"margin-right: 12px;\" src=\"https:\/\/www.cortenplus.com\/wp-content\/uploads\/2026\/02\/Check.svg\" alt=\"\" width=\"18\" height=\"15\" \/>Vytv\u00e1ra ochrann\u00fd z\u00e1klad pripraven\u00fd na ma\u013eovanie.<\/strong> Po pretvoren\u00ed hrdze sa na povrchu vytvor\u00ed tmav\u00e1, stabiln\u00e1 vrstva, ktor\u00fa mo\u017eno po zaschnut\u00ed priamo natiera\u0165. T\u00fdm sa eliminuje potreba \u00fapln\u00e9ho odstr\u00e1nenia hrdze a\u017e na hol\u00fd kov, \u010do \u0161etr\u00ed \u010das a pr\u00e1cu a z\u00e1rove\u0148 zlep\u0161uje pri\u013enavos\u0165 n\u00e1teru.<\/p>\n<p><strong><img decoding=\"async\" style=\"margin-right: 12px;\" src=\"https:\/\/www.cortenplus.com\/wp-content\/uploads\/2026\/02\/Check.svg\" alt=\"\" width=\"18\" height=\"15\" \/>Ide\u00e1lne pre aplik\u00e1cie s viacer\u00fdmi kovmi.<\/strong> Tento univerz\u00e1lny konvertor hrdze je vhodn\u00fd na oce\u013e, \u017eelezo, z\u00e1bradlia, br\u00e1ny, ploty, automobilov\u00e9 diely, n\u00e1radie, kon\u0161truk\u010dn\u00e9 nosn\u00edky, n\u00e1dr\u017ee a stroje a mo\u017eno ho pou\u017ei\u0165 v interi\u00e9ri aj exteri\u00e9ri na \u0161irok\u00fa \u0161k\u00e1lu skorodovan\u00fdch kovov\u00fdch povrchov.<\/p>\n<p><strong><img decoding=\"async\" style=\"margin-right: 12px;\" src=\"https:\/\/www.cortenplus.com\/wp-content\/uploads\/2026\/02\/Check.svg\" alt=\"\" width=\"18\" height=\"15\" \/>Zabra\u0148uje bud\u00facej kor\u00f3zii a predl\u017euje \u017eivotnos\u0165 kovu.<\/strong> Chemickou stabiliz\u00e1ciou hrdze a utesnen\u00edm povrchu v\u00fdrobok spoma\u013euje oxid\u00e1ciu a v\u00fdrazne predl\u017euje \u017eivotnos\u0165 o\u0161etren\u00fdch kovov\u00fdch komponentov, \u010d\u00edm zni\u017euje potrebu n\u00e1kladnej v\u00fdmeny.<\/p>\n<p><strong><img decoding=\"async\" style=\"margin-right: 12px;\" src=\"https:\/\/www.cortenplus.com\/wp-content\/uploads\/2026\/02\/Check.svg\" alt=\"\" width=\"18\" height=\"15\" \/>Jednoduch\u00e1 aplik\u00e1cia pre profesion\u00e1lov aj dom\u00e1cich majstrov.<\/strong> V\u00fdrobok mo\u017eno nan\u00e1\u0161a\u0165 \u0161tetcom, val\u010dekom alebo sprejom, tak\u017ee je dostupn\u00fd pre ka\u017ed\u00e9ho. Jeho hladk\u00e1 konzistencia zabezpe\u010duje rovnomern\u00e9 rozotieranie a \u00fa\u010dinn\u00e9 prenikanie do zhrdzaven\u00fdch oblast\u00ed bez zlo\u017eit\u00fdch postupov.<\/p>\n<h2><strong>Pokyny<\/strong><\/h2>\n<ul>\n<li>Pred aplik\u00e1ciou odstr\u00e1\u0148te uvo\u013enen\u00fa, odlupuj\u00facu sa hrdzu, ne\u010distoty, mastnotu a star\u00fd odlupuj\u00faci sa n\u00e1ter pomocou dr\u00f4tenej kefy alebo \u0161krabky. Povrch nemus\u00ed by\u0165 \u00faplne odstr\u00e1nen\u00fd a\u017e na hol\u00fd kov.<\/li>\n<li>Pred nanesen\u00edm v\u00fdrobku sa uistite, \u017ee je kovov\u00fd povrch such\u00fd.<\/li>\n<li>Pred pou\u017eit\u00edm konvertor hrdze d\u00f4kladne pretrepte alebo premie\u0161ajte.<\/li>\n<li>Naneste rovnomern\u00fa vrstvu pomocou \u0161tetca, val\u010deka alebo n\u00e1streku. Zabezpe\u010dte \u00fapln\u00e9 pokrytie v\u0161etk\u00fdch zhrdzaven\u00fdch oblast\u00ed.<\/li>\n<li>Odpor\u00fa\u010dan\u00e9 d\u00e1vkovanie je pribli\u017ene 80-100 ml na meter \u0161tvorcov\u00fd v z\u00e1vislosti od hr\u00fabky hrdze a \u0161trukt\u00fary povrchu.<\/li>\n<li>Pokrytie je a\u017e 12 m\u00b2 na liter za norm\u00e1lnych podmienok.<\/li>\n<li>Nechajte pr\u00edpravok reagova\u0165 s hrdzou. Povrch sa postupne zmen\u00ed na tmavomodr\u00fd alebo \u010dierny, preto\u017ee d\u00f4jde k chemickej premene.<\/li>\n<li>\u010cas su\u0161enia je zvy\u010dajne 3 a\u017e 6 hod\u00edn v z\u00e1vislosti od teploty a vlhkosti.<\/li>\n<li>V pr\u00edpade silne zhrdzaven\u00fdch oblast\u00ed mo\u017eno po zaschnut\u00ed prvej vrstvy nanies\u0165 druh\u00fa vrstvu.<\/li>\n<li>Po \u00faplnom vytvrdnut\u00ed mo\u017eno povrch natrie\u0165 kompatibiln\u00fdm vrchn\u00fdm n\u00e1terom na zv\u00fd\u0161enie ochrany. Po\u010das vytvrdzovania sa vyhnite p\u00f4sobeniu vlhkosti.<\/li>\n<\/ul>","protected":false},"excerpt":{"rendered":"<p>Stops rust permanently and transform corrosion into a stable protective layer. Our rust converter is specially formulated to neutralize active rust and convert it into a stable, inert protective coating that prevents further corrosion. Instead of simply covering rust, it chemically reacts with iron oxide to stop deterioration at the source, extending the life of [&hellip;]<\/p>\n","protected":false},"featured_media":23071,"comment_status":"open","ping_status":"closed","template":"","meta":{"_uag_custom_page_level_css":"","site-sidebar-layout":"default","site-content-layout":"","ast-site-content-layout":"default","site-content-style":"default","site-sidebar-style":"default","ast-global-header-display":"","ast-banner-title-visibility":"","ast-main-header-display":"","ast-hfb-above-header-display":"","ast-hfb-below-header-display":"","ast-hfb-mobile-header-display":"","site-post-title":"","ast-breadcrumbs-content":"","ast-featured-img":"","footer-sml-layout":"","ast-disable-related-posts":"","theme-transparent-header-meta":"default","adv-header-id-meta":"","stick-header-meta":"","header-above-stick-meta":"","header-main-stick-meta":"","header-below-stick-meta":"","astra-migrate-meta-layouts":"set","ast-page-background-enabled":"default","ast-page-background-meta":{"desktop":{"background-color":"var(--ast-global-color-4)","background-image":"","background-repeat":"repeat","background-position":"center center","background-size":"auto","background-attachment":"scroll","background-type":"","background-media":"","overlay-type":"","overlay-color":"","overlay-opacity":"","overlay-gradient":""},"tablet":{"background-color":"","background-image":"","background-repeat":"repeat","background-position":"center center","background-size":"auto","background-attachment":"scroll","background-type":"","background-media":"","overlay-type":"","overlay-color":"","overlay-opacity":"","overlay-gradient":""},"mobile":{"background-color":"","background-image":"","background-repeat":"repeat","background-position":"center center","background-size":"auto","background-attachment":"scroll","background-type":"","background-media":"","overlay-type":"","overlay-color":"","overlay-opacity":"","overlay-gradient":""}},"ast-content-background-meta":{"desktop":{"background-color":"var(--ast-global-color-5)","background-image":"","background-repeat":"repeat","background-position":"center center","background-size":"auto","background-attachment":"scroll","background-type":"","background-media":"","overlay-type":"","overlay-color":"","overlay-opacity":"","overlay-gradient":""},"tablet":{"background-color":"var(--ast-global-color-5)","background-image":"","background-repeat":"repeat","background-position":"center center","background-size":"auto","background-attachment":"scroll","background-type":"","background-media":"","overlay-type":"","overlay-color":"","overlay-opacity":"","overlay-gradient":""},"mobile":{"background-color":"var(--ast-global-color-5)","background-image":"","background-repeat":"repeat","background-position":"center center","background-size":"auto","background-attachment":"scroll","background-type":"","background-media":"","overlay-type":"","overlay-color":"","overlay-opacity":"","overlay-gradient":""}}},"product_brand":[],"product_cat":[15],"product_tag":[],"class_list":{"0":"post-22978","1":"product","2":"type-product","3":"status-publish","4":"has-post-thumbnail","6":"product_cat-shop","7":"desktop-align-left","8":"tablet-align-left","9":"mobile-align-left","11":"first","12":"instock","13":"sale","14":"shipping-taxable","15":"purchasable","16":"product-type-variable","17":"has-default-attributes"},"spectra_custom_meta":{"_visibility":["visible"],"_shopify_product_id":["8099038658878"],"_s2w_shopify_domain":["cortenplus.myshopify.com"],"_shopify_variant_id":["44414239310142"],"_manage_stock":["no"],"total_sales":["59"],"_tax_status":["taxable"],"_tax_class":[""],"_backorders":["no"],"_sold_individually":["no"],"_virtual":["no"],"_downloadable":["no"],"_download_limit":["-1"],"_download_expiry":["-1"],"_stock":[null],"_stock_status":["instock"],"_wc_average_rating":["4.99"],"_wc_review_count":["104"],"_product_attributes":["a:1:{s:6:\"volume\";a:6:{s:4:\"name\";s:6:\"Volume\";s:5:\"value\";s:30:\"1 liter | 5 liters | 25 liters\";s:8:\"position\";i:1;s:10:\"is_visible\";i:0;s:12:\"is_variation\";i:1;s:11:\"is_taxonomy\";i:0;}}"],"_product_version":["10.5.2"],"_thumbnail_id":["23071"],"_product_image_gallery":["23072,23073"],"_edit_lock":["1772287667:1"],"_edit_last":["1"],"_wp_page_template":["default"],"site-sidebar-layout":["default"],"ast-site-content-layout":["default"],"site-content-style":["default"],"site-sidebar-style":["default"],"theme-transparent-header-meta":["default"],"merchant-center-id":["RC"],"merchant-center-availability":["yes"],"merchant-center-category":["503744"],"_default_attributes":["a:1:{s:6:\"volume\";s:7:\"1 liter\";}"],"_price":["29.90","129.90","499.90"],"_wc_rating_count":["a:2:{i:4;i:1;i:5;i:103;}"],"_upsell_ids":["a:3:{i:0;i:22962;i:1;i:22963;i:2;i:22982;}"],"_crosssell_ids":["a:3:{i:0;i:22962;i:1;i:22963;i:2;i:22982;}"],"astra-migrate-meta-layouts":["set"],"_uag_css_file_name":["uag-css-22978.css"],"_elementor_page_assets":["a:0:{}"],"_uag_page_assets":["a:9:{s:3:\"css\";s:7133:\".uag-blocks-common-selector{z-index:var(--z-index-desktop) !important}@media(max-width: 976px){.uag-blocks-common-selector{z-index:var(--z-index-tablet) !important}}@media(max-width: 767px){.uag-blocks-common-selector{z-index:var(--z-index-mobile) !important}}.wp-block-uagb-image{display:flex}.wp-block-uagb-image__figure{position:relative;display:flex;flex-direction:column;max-width:100%;height:auto;margin:0}.wp-block-uagb-image__figure img{height:auto;display:flex;max-width:100%;transition:box-shadow .2s ease}.wp-block-uagb-image__figure>a{display:inline-block}.wp-block-uagb-image__figure figcaption{text-align:center;margin-top:.5em;margin-bottom:1em}.wp-block-uagb-image .components-placeholder.block-editor-media-placeholder .components-placeholder__instructions{align-self:center}.wp-block-uagb-image--align-left{text-align:left}.wp-block-uagb-image--align-right{text-align:right}.wp-block-uagb-image--align-center{text-align:center}.wp-block-uagb-image--align-full .wp-block-uagb-image__figure{margin-left:calc(50% - 50vw);margin-right:calc(50% - 50vw);max-width:100vw;width:100vw;height:auto}.wp-block-uagb-image--align-full .wp-block-uagb-image__figure img{height:auto;width:100% !important}.wp-block-uagb-image--align-wide .wp-block-uagb-image__figure img{height:auto;width:100%}.wp-block-uagb-image--layout-overlay__color-wrapper{position:absolute;left:0;top:0;right:0;bottom:0;opacity:.2;background:rgba(0,0,0,.5);transition:opacity .35s ease-in-out}.wp-block-uagb-image--layout-overlay-link{position:absolute;left:0;right:0;bottom:0;top:0}.wp-block-uagb-image--layout-overlay .wp-block-uagb-image__figure:hover .wp-block-uagb-image--layout-overlay__color-wrapper{opacity:1}.wp-block-uagb-image--layout-overlay__inner{position:absolute;left:15px;right:15px;bottom:15px;top:15px;display:flex;align-items:center;justify-content:center;flex-direction:column;border-color:#fff;transition:.35s ease-in-out}.wp-block-uagb-image--layout-overlay__inner.top-left,.wp-block-uagb-image--layout-overlay__inner.top-center,.wp-block-uagb-image--layout-overlay__inner.top-right{justify-content:flex-start}.wp-block-uagb-image--layout-overlay__inner.bottom-left,.wp-block-uagb-image--layout-overlay__inner.bottom-center,.wp-block-uagb-image--layout-overlay__inner.bottom-right{justify-content:flex-end}.wp-block-uagb-image--layout-overlay__inner.top-left,.wp-block-uagb-image--layout-overlay__inner.center-left,.wp-block-uagb-image--layout-overlay__inner.bottom-left{align-items:flex-start}.wp-block-uagb-image--layout-overlay__inner.top-right,.wp-block-uagb-image--layout-overlay__inner.center-right,.wp-block-uagb-image--layout-overlay__inner.bottom-right{align-items:flex-end}.wp-block-uagb-image--layout-overlay__inner .uagb-image-heading{color:#fff;transition:transform .35s,opacity .35s ease-in-out;transform:translate3d(0, 24px, 0);margin:0;line-height:1em}.wp-block-uagb-image--layout-overlay__inner .uagb-image-separator{width:30%;border-top-width:2px;border-top-color:#fff;border-top-style:solid;margin-bottom:10px;opacity:0;transition:transform .4s,opacity .4s ease-in-out;transform:translate3d(0, 30px, 0)}.wp-block-uagb-image--layout-overlay__inner .uagb-image-caption{opacity:0;overflow:visible;color:#fff;transition:transform .45s,opacity .45s ease-in-out;transform:translate3d(0, 35px, 0)}.wp-block-uagb-image--layout-overlay__inner:hover .uagb-image-heading,.wp-block-uagb-image--layout-overlay__inner:hover .uagb-image-separator,.wp-block-uagb-image--layout-overlay__inner:hover .uagb-image-caption{opacity:1;transform:translate3d(0, 0, 0)}.wp-block-uagb-image--effect-zoomin .wp-block-uagb-image__figure img,.wp-block-uagb-image--effect-zoomin .wp-block-uagb-image__figure .wp-block-uagb-image--layout-overlay__color-wrapper{transform:scale(1);transition:transform .35s ease-in-out}.wp-block-uagb-image--effect-zoomin .wp-block-uagb-image__figure:hover img,.wp-block-uagb-image--effect-zoomin .wp-block-uagb-image__figure:hover .wp-block-uagb-image--layout-overlay__color-wrapper{transform:scale(1.05)}.wp-block-uagb-image--effect-slide .wp-block-uagb-image__figure img,.wp-block-uagb-image--effect-slide .wp-block-uagb-image__figure .wp-block-uagb-image--layout-overlay__color-wrapper{width:calc(100% + 40px) !important;max-width:none !important;transform:translate3d(-40px, 0, 0);transition:transform .35s ease-in-out}.wp-block-uagb-image--effect-slide .wp-block-uagb-image__figure:hover img,.wp-block-uagb-image--effect-slide .wp-block-uagb-image__figure:hover .wp-block-uagb-image--layout-overlay__color-wrapper{transform:translate3d(0, 0, 0)}.wp-block-uagb-image--effect-grayscale img{filter:grayscale(0%);transition:.35s ease-in-out}.wp-block-uagb-image--effect-grayscale:hover img{filter:grayscale(100%)}.wp-block-uagb-image--effect-blur img{filter:blur(0);transition:.35s ease-in-out}.wp-block-uagb-image--effect-blur:hover img{filter:blur(3px)}.uagb-block-e6f939b3.wp-block-uagb-image--layout-default figure img{box-shadow: 0px 0px 0 #00000070;}.uagb-block-e6f939b3.wp-block-uagb-image .wp-block-uagb-image__figure figcaption{font-style: normal;align-self: center;}.uagb-block-e6f939b3.wp-block-uagb-image--layout-overlay figure img{box-shadow: 0px 0px 0 #00000070;}.uagb-block-e6f939b3.wp-block-uagb-image--layout-overlay .wp-block-uagb-image--layout-overlay__color-wrapper{opacity: 0.2;}.uagb-block-e6f939b3.wp-block-uagb-image--layout-overlay .wp-block-uagb-image--layout-overlay__inner{left: 15px;right: 15px;top: 15px;bottom: 15px;}.uagb-block-e6f939b3.wp-block-uagb-image--layout-overlay .wp-block-uagb-image--layout-overlay__inner .uagb-image-heading{font-style: normal;color: #fff;opacity: 1;}.uagb-block-e6f939b3.wp-block-uagb-image--layout-overlay .wp-block-uagb-image--layout-overlay__inner .uagb-image-heading a{color: #fff;}.uagb-block-e6f939b3.wp-block-uagb-image--layout-overlay .wp-block-uagb-image--layout-overlay__inner .uagb-image-caption{opacity: 0;}.uagb-block-e6f939b3.wp-block-uagb-image--layout-overlay .wp-block-uagb-image__figure:hover .wp-block-uagb-image--layout-overlay__color-wrapper{opacity: 1;}.uagb-block-e6f939b3.wp-block-uagb-image .wp-block-uagb-image--layout-overlay__inner .uagb-image-separator{width: 30%;border-top-width: 2px;border-top-color: #fff;opacity: 0;}.uagb-block-e6f939b3.wp-block-uagb-image .wp-block-uagb-image__figure img{width: px;height: auto;}.uagb-block-e6f939b3.wp-block-uagb-image .wp-block-uagb-image__figure:hover .wp-block-uagb-image--layout-overlay__inner .uagb-image-caption{opacity: 1;}.uagb-block-e6f939b3.wp-block-uagb-image .wp-block-uagb-image__figure:hover .wp-block-uagb-image--layout-overlay__inner .uagb-image-separator{opacity: 1;}.uagb-block-e6f939b3.wp-block-uagb-image--layout-default figure:hover img{box-shadow: 0px 0px 0 #00000070;}.uagb-block-e6f939b3.wp-block-uagb-image--layout-overlay figure:hover img{box-shadow: 0px 0px 0 #00000070;}@media only screen and (max-width: 976px) {.uagb-block-e6f939b3.wp-block-uagb-image .wp-block-uagb-image__figure img{width: px;height: auto;}}@media only screen and (max-width: 767px) {.uagb-block-e6f939b3.wp-block-uagb-image .wp-block-uagb-image__figure img{width: px;height: auto;}}\";s:2:\"js\";s:0:\"\";s:18:\"current_block_list\";a:13:{i:0;s:11:\"core\/search\";i:1;s:10:\"core\/group\";i:2;s:12:\"core\/heading\";i:3;s:17:\"core\/latest-posts\";i:4;s:20:\"core\/latest-comments\";i:5;s:13:\"core\/archives\";i:6;s:15:\"core\/categories\";i:7;s:14:\"core\/paragraph\";i:8;s:10:\"uagb\/image\";i:9;s:11:\"core\/spacer\";i:10;s:30:\"woocommerce\/product-categories\";i:11;s:10:\"core\/image\";i:12;s:14:\"core\/shortcode\";}s:8:\"uag_flag\";b:1;s:11:\"uag_version\";s:10:\"1777062275\";s:6:\"gfonts\";a:0:{}s:10:\"gfonts_url\";s:0:\"\";s:12:\"gfonts_files\";a:0:{}s:14:\"uag_faq_layout\";b:0;}"]},"uagb_featured_image_src":{"full":["https:\/\/www.cortenplus.com\/wp-content\/uploads\/2025\/06\/Rust_Converter_1.jpg",2560,2560,false],"thumbnail":["https:\/\/www.cortenplus.com\/wp-content\/uploads\/2025\/06\/Rust_Converter_1-150x150.jpg",150,150,true],"medium":["https:\/\/www.cortenplus.com\/wp-content\/uploads\/2025\/06\/Rust_Converter_1-300x300.jpg",300,300,true],"medium_large":["https:\/\/www.cortenplus.com\/wp-content\/uploads\/2025\/06\/Rust_Converter_1-768x768.jpg",768,768,true],"large":["https:\/\/www.cortenplus.com\/wp-content\/uploads\/2025\/06\/Rust_Converter_1-1024x1024.jpg",1024,1024,true],"1536x1536":["https:\/\/www.cortenplus.com\/wp-content\/uploads\/2025\/06\/Rust_Converter_1-1536x1536.jpg",1536,1536,true],"2048x2048":["https:\/\/www.cortenplus.com\/wp-content\/uploads\/2025\/06\/Rust_Converter_1-2048x2048.jpg",2048,2048,true],"trp-custom-language-flag":["https:\/\/www.cortenplus.com\/wp-content\/uploads\/2025\/06\/Rust_Converter_1-12x12.jpg",12,12,true],"woocommerce_thumbnail":["https:\/\/www.cortenplus.com\/wp-content\/uploads\/2025\/06\/Rust_Converter_1-300x300.jpg",300,300,true],"woocommerce_single":["https:\/\/www.cortenplus.com\/wp-content\/uploads\/2025\/06\/Rust_Converter_1-600x600.jpg",600,600,true],"woocommerce_gallery_thumbnail":["https:\/\/www.cortenplus.com\/wp-content\/uploads\/2025\/06\/Rust_Converter_1-100x100.jpg",100,100,true]},"uagb_author_info":{"display_name":"admin","author_link":"https:\/\/www.cortenplus.com\/sk\/author\/"},"uagb_comment_info":104,"uagb_excerpt":"Stops rust permanently and transform corrosion into a stable protective layer. Our rust converter is specially formulated to neutralize active rust and convert it into a stable, inert protective coating that prevents further corrosion. Instead of simply covering rust, it chemically reacts with iron oxide to stop deterioration at the source, extending the life of&hellip;","_links":{"self":[{"href":"https:\/\/www.cortenplus.com\/sk\/wp-json\/wp\/v2\/product\/22978","targetHints":{"allow":["GET"]}}],"collection":[{"href":"https:\/\/www.cortenplus.com\/sk\/wp-json\/wp\/v2\/product"}],"about":[{"href":"https:\/\/www.cortenplus.com\/sk\/wp-json\/wp\/v2\/types\/product"}],"replies":[{"embeddable":true,"href":"https:\/\/www.cortenplus.com\/sk\/wp-json\/wp\/v2\/comments?post=22978"}],"version-history":[{"count":4,"href":"https:\/\/www.cortenplus.com\/sk\/wp-json\/wp\/v2\/product\/22978\/revisions"}],"predecessor-version":[{"id":26209,"href":"https:\/\/www.cortenplus.com\/sk\/wp-json\/wp\/v2\/product\/22978\/revisions\/26209"}],"wp:featuredmedia":[{"embeddable":true,"href":"https:\/\/www.cortenplus.com\/sk\/wp-json\/wp\/v2\/media\/23071"}],"wp:attachment":[{"href":"https:\/\/www.cortenplus.com\/sk\/wp-json\/wp\/v2\/media?parent=22978"}],"wp:term":[{"taxonomy":"product_brand","embeddable":true,"href":"https:\/\/www.cortenplus.com\/sk\/wp-json\/wp\/v2\/product_brand?post=22978"},{"taxonomy":"product_cat","embeddable":true,"href":"https:\/\/www.cortenplus.com\/sk\/wp-json\/wp\/v2\/product_cat?post=22978"},{"taxonomy":"product_tag","embeddable":true,"href":"https:\/\/www.cortenplus.com\/sk\/wp-json\/wp\/v2\/product_tag?post=22978"}],"curies":[{"name":"wp","href":"https:\/\/api.w.org\/{rel}","templated":true}]}}