{"id":22963,"date":"2025-06-02T08:36:26","date_gmt":"2025-06-02T06:36:26","guid":{"rendered":"https:\/\/www.cortenplus.com\/products\/degreaser\/"},"modified":"2026-02-28T15:04:24","modified_gmt":"2026-02-28T14:04:24","slug":"degreaser","status":"publish","type":"product","link":"https:\/\/www.cortenplus.com\/sk\/products\/degreaser\/","title":{"rendered":"Odmas\u0165ova\u010d"},"content":{"rendered":"<p><strong><img decoding=\"async\" style=\"margin-right: 12px;\" src=\"https:\/\/www.cortenplus.com\/wp-content\/uploads\/2026\/02\/Check.svg\" alt=\"\" width=\"18\" height=\"15\" \/>Dokonale priprav\u00ed korzen\u00fa oce\u013e pred pou\u017eit\u00edm ur\u00fdch\u013eova\u010da hrdze.<\/strong> N\u00e1\u0161 odmas\u0165ova\u010d korut\u00e1novej ocele je \u0161peci\u00e1lne vyvinut\u00fd na \u010distenie a pr\u00edpravu kovov\u00fdch povrchov pred aplik\u00e1ciou ur\u00fdch\u013eova\u010da hrdze. Odstra\u0148uje oleje, mastnotu, zvy\u0161ky z v\u00fdroby a ne\u010distoty z manipul\u00e1cie, ktor\u00e9 m\u00f4\u017eu br\u00e1ni\u0165 rovnomernej oxid\u00e1cii, \u010d\u00edm zabezpe\u010duje rovnomern\u00fd a \u00fa\u010dinn\u00fd rozvoj procesu hrdzavenia na celom povrchu.<\/p>\n<p><strong><img decoding=\"async\" style=\"margin-right: 12px;\" src=\"https:\/\/www.cortenplus.com\/wp-content\/uploads\/2026\/02\/Check.svg\" alt=\"\" width=\"18\" height=\"15\" \/>Naj\u00fa\u010dinnej\u0161ie odmas\u0165ovacie rie\u0161enie na optim\u00e1lnu aktiv\u00e1ciu hrdze.<\/strong> Ide o naj\u00fa\u010dinnej\u0161\u00ed odmas\u0165ova\u010d na pr\u00edpravu kortenovej ocele, preto\u017ee prenik\u00e1 hlboko do povrchov\u00fdch ne\u010dist\u00f4t a odstra\u0148uje odoln\u00e9 zvy\u0161ky, ktor\u00e9 be\u017en\u00e9 \u010distiace prostriedky zanech\u00e1vaj\u00fa. D\u00f4kladn\u00fdm vy\u010disten\u00edm kovu zaru\u010duje maxim\u00e1lnu reaktivitu pri aplik\u00e1cii ur\u00fdch\u013eova\u010da hrdze, \u010do vedie k r\u00fdchlej\u0161ej a homog\u00e9nnej\u0161ej tvorbe patiny.<\/p>\n<p><strong><img decoding=\"async\" style=\"margin-right: 12px;\" src=\"https:\/\/www.cortenplus.com\/wp-content\/uploads\/2026\/02\/Check.svg\" alt=\"\" width=\"18\" height=\"15\" \/>Najlacnej\u0161ie profesion\u00e1lne rie\u0161enie na trhu.<\/strong> Tento vysoko\u00fa\u010dinn\u00fd odmas\u0165ova\u010d kortenovej ocele pon\u00fakame za najv\u00fdhodnej\u0161iu dostupn\u00fa cenu. Poskytuje v\u00fdsledky na profesion\u00e1lnej \u00farovni a z\u00e1rove\u0148 je najlacnej\u0161ou mo\u017enos\u0165ou vo svojej kateg\u00f3rii, \u010do umo\u017e\u0148uje dod\u00e1vate\u013eom, v\u00fdrobcom a dom\u00e1cim majstrom dosiahnu\u0165 prvotriednu pr\u00edpravu bez toho, aby sa zv\u00fd\u0161ili n\u00e1klady na projekt.<\/p>\n<p><strong><img decoding=\"async\" style=\"margin-right: 12px;\" src=\"https:\/\/www.cortenplus.com\/wp-content\/uploads\/2026\/02\/Check.svg\" alt=\"\" width=\"18\" height=\"15\" \/>24-hodinov\u00e9 dodanie, aby ste dodr\u017eali pl\u00e1novan\u00fd term\u00edn realiz\u00e1cie v\u00e1\u0161ho projektu.<\/strong> Pri projektoch spracovania kovov je rozhoduj\u00faci \u010das, preto garantujeme dodanie do 24 hod\u00edn. Odmas\u0165ova\u010d dostanete r\u00fdchlo, \u010do v\u00e1m umo\u017en\u00ed okam\u017eite pokra\u010dova\u0165 v pr\u00edprave povrchu a ur\u00fdch\u013eovan\u00ed tvorby hrdze bez zbyto\u010dn\u00fdch prestojov.<\/p>\n<p><strong><img decoding=\"async\" style=\"margin-right: 12px;\" src=\"https:\/\/www.cortenplus.com\/wp-content\/uploads\/2026\/02\/Check.svg\" alt=\"\" width=\"18\" height=\"15\" \/>Z\u00e1ruka vr\u00e1tenia pe\u0148az\u00ed pre \u00fapln\u00fa istotu.<\/strong> Plne si stoj\u00edme za kvalitou a \u00fa\u010dinnos\u0165ou n\u00e1\u0161ho odmas\u0165ova\u010da kortenovej ocele. Ak nebudete spokojn\u00ed s jeho v\u00fdkonom, pon\u00fakame z\u00e1ruku vr\u00e1tenia pe\u0148az\u00ed. Jednoducho n\u00e1s kontaktujte a my v\u00e1m vr\u00e1time peniaze za n\u00e1kup, \u010d\u00edm v\u00e1m zabezpe\u010d\u00edme \u00faplne bezrizikov\u00fa invest\u00edciu.<\/p>\n<p><strong><img decoding=\"async\" style=\"margin-right: 12px;\" src=\"https:\/\/www.cortenplus.com\/wp-content\/uploads\/2026\/02\/Check.svg\" alt=\"\" width=\"18\" height=\"15\" \/>Vysok\u00fd stupe\u0148 pokrytia na hospod\u00e1rne pou\u017e\u00edvanie.<\/strong> N\u00e1\u0161 odmas\u0165ova\u010d pon\u00faka vynikaj\u00face pokrytie a\u017e do 15 m\u00b2 na liter v z\u00e1vislosti od stavu povrchu a \u00farovne zne\u010distenia. Toto ve\u013ekorys\u00e9 pokrytie zabezpe\u010duje n\u00e1kladovo efekt\u00edvnu pr\u00edpravu ve\u013ek\u00fdch kovov\u00fdch panelov, kon\u0161trukci\u00ed, s\u00f4ch a architektonick\u00fdch prvkov.<\/p>\n<p><strong><img decoding=\"async\" style=\"margin-right: 12px;\" src=\"https:\/\/www.cortenplus.com\/wp-content\/uploads\/2026\/02\/Check.svg\" alt=\"\" width=\"18\" height=\"15\" \/>Zabezpe\u010duje rovnomern\u00fd a kontrolovan\u00fd v\u00fdvoj hrdze.<\/strong> Ak\u00e9ko\u013evek zvy\u0161ky oleja alebo tuku m\u00f4\u017eu sp\u00f4sobi\u0165 nerovnomern\u00fa oxid\u00e1ciu. D\u00f4kladn\u00fdm odmasten\u00edm povrchu tento v\u00fdrobok podporuje rovnomern\u00fd kontakt medzi oce\u013eou a ur\u00fdch\u013eova\u010dom hrdze, \u010doho v\u00fdsledkom je vyv\u00e1\u017een\u00e1 a esteticky pr\u00edjemn\u00e1 kortikov\u00e1 patina.<\/p>\n<p><strong><img decoding=\"async\" style=\"margin-right: 12px;\" src=\"https:\/\/www.cortenplus.com\/wp-content\/uploads\/2026\/02\/Check.svg\" alt=\"\" width=\"18\" height=\"15\" \/>R\u00fdchlo p\u00f4sobiace zlo\u017eenie pre efekt\u00edvny pracovn\u00fd postup.<\/strong> Odmas\u0165ova\u010d r\u00fdchlo rozp\u00fa\u0161\u0165a a odstra\u0148uje ne\u010distoty, \u010d\u00edm skracuje \u010das pr\u00edpravy. Odparuje sa \u010disto bez zanechania zvy\u0161kov, ktor\u00e9 by mohli naru\u0161i\u0165 n\u00e1sledn\u00e9 o\u0161etrenie.<\/p>\n<p><strong><img decoding=\"async\" style=\"margin-right: 12px;\" src=\"https:\/\/www.cortenplus.com\/wp-content\/uploads\/2026\/02\/Check.svg\" alt=\"\" width=\"18\" height=\"15\" \/>Vhodn\u00e9 pre nov\u00fa a predt\u00fdm spracovan\u00fa oce\u013e.<\/strong> Bez oh\u013eadu na to, \u010di je kortikov\u00e1 oce\u013e \u010derstvo vyroben\u00e1, prepravovan\u00e1, skladovan\u00e1 alebo sa s \u0148ou manipuluje na mieste, tento odmas\u0165ova\u010d \u00fa\u010dinne odstra\u0148uje odtla\u010dky prstov, oleje z obr\u00e1bania, ochrann\u00e9 filmy a ne\u010distoty z prostredia.<\/p>\n<p><strong><img decoding=\"async\" style=\"margin-right: 12px;\" src=\"https:\/\/www.cortenplus.com\/wp-content\/uploads\/2026\/02\/Check.svg\" alt=\"\" width=\"18\" height=\"15\" \/>Zlep\u0161uje pri\u013enavos\u0165 n\u00e1sledn\u00fdch o\u0161etren\u00ed.<\/strong> Okrem ur\u00fdchlenia tvorby hrdze zlep\u0161uje spr\u00e1vne odmasten\u00e1 oce\u013e v\u00fdkonnos\u0165 a pri\u013enavos\u0165 tmelov, lakov a ochrann\u00fdch n\u00e1terov aplikovan\u00fdch po vytvoren\u00ed patiny, \u010d\u00edm prispieva k dlh\u0161ej \u017eivotnosti povrchovej \u00fapravy.<\/p>\n<h2><strong>Pokyny<\/strong><\/h2>\n<ul>\n<li>Pred aplik\u00e1ciou sa uistite, \u017ee povrch z kortenovej ocele je such\u00fd a zbaven\u00fd vo\u013en\u00fdch ne\u010dist\u00f4t.<\/li>\n<li>Pred pou\u017eit\u00edm n\u00e1dobu dobre pretrepte.<\/li>\n<li>Odmas\u0165ova\u010d nan\u00e1\u0161ajte \u010distou handrou, \u0161pongiou, \u0161tetcom alebo n\u00edzkotlakov\u00fdm rozpra\u0161ova\u010dom.<\/li>\n<li>Rovnomerne rozotrite po celej o\u0161etrovanej ploche a zabezpe\u010dte \u00fapln\u00e9 pokrytie. Odpor\u00fa\u010dan\u00e9 d\u00e1vkovanie je pribli\u017ene 65-70 ml na meter \u0161tvorcov\u00fd v z\u00e1vislosti od \u00farovne zne\u010distenia.<\/li>\n<li>Pokrytie je a\u017e 15 m\u00b2 na liter za norm\u00e1lnych podmienok.<\/li>\n<li>Nechajte pr\u00edpravok p\u00f4sobi\u0165 5 a\u017e 10 min\u00fat, aby sa rozpustil olej a zvy\u0161ky.<\/li>\n<li>Povrch d\u00f4kladne utrite \u010distou handri\u010dkou, aby ste odstr\u00e1nili rozpusten\u00e9 ne\u010distoty.<\/li>\n<li>V pr\u00edpade potreby aplik\u00e1ciu na silne kontaminovan\u00e9 plochy zopakujte.<\/li>\n<li>Pred pou\u017eit\u00edm ur\u00fdch\u013eova\u010da hrdze nechajte oce\u013e \u00faplne vyschn\u00fa\u0165. Povrch mus\u00ed by\u0165 \u00faplne such\u00fd a bez zvy\u0161kov.<\/li>\n<li>V aplik\u00e1cii ur\u00fdch\u013eova\u010da hrdze pokra\u010dujte hne\u010f po pr\u00edprave povrchu, aby ste zabr\u00e1nili op\u00e4tovnej kontamin\u00e1cii.<\/li>\n<\/ul>","protected":false},"excerpt":{"rendered":"<p>Prepares corten steel perfectly before applying a rust accelerator. Our corten steel degreaser is specifically formulated to clean and prepare metal surfaces prior to the application of a rust accelerator. It removes oils, grease, manufacturing residues, and handling contaminants that can prevent uniform oxidation, ensuring the rusting process develops evenly and effectively across the entire [&hellip;]<\/p>\n","protected":false},"featured_media":23006,"comment_status":"open","ping_status":"closed","template":"","meta":{"_uag_custom_page_level_css":"","site-sidebar-layout":"default","site-content-layout":"","ast-site-content-layout":"default","site-content-style":"default","site-sidebar-style":"default","ast-global-header-display":"","ast-banner-title-visibility":"","ast-main-header-display":"","ast-hfb-above-header-display":"","ast-hfb-below-header-display":"","ast-hfb-mobile-header-display":"","site-post-title":"","ast-breadcrumbs-content":"","ast-featured-img":"","footer-sml-layout":"","ast-disable-related-posts":"","theme-transparent-header-meta":"default","adv-header-id-meta":"","stick-header-meta":"","header-above-stick-meta":"","header-main-stick-meta":"","header-below-stick-meta":"","astra-migrate-meta-layouts":"set","ast-page-background-enabled":"default","ast-page-background-meta":{"desktop":{"background-color":"var(--ast-global-color-4)","background-image":"","background-repeat":"repeat","background-position":"center center","background-size":"auto","background-attachment":"scroll","background-type":"","background-media":"","overlay-type":"","overlay-color":"","overlay-opacity":"","overlay-gradient":""},"tablet":{"background-color":"","background-image":"","background-repeat":"repeat","background-position":"center center","background-size":"auto","background-attachment":"scroll","background-type":"","background-media":"","overlay-type":"","overlay-color":"","overlay-opacity":"","overlay-gradient":""},"mobile":{"background-color":"","background-image":"","background-repeat":"repeat","background-position":"center center","background-size":"auto","background-attachment":"scroll","background-type":"","background-media":"","overlay-type":"","overlay-color":"","overlay-opacity":"","overlay-gradient":""}},"ast-content-background-meta":{"desktop":{"background-color":"var(--ast-global-color-5)","background-image":"","background-repeat":"repeat","background-position":"center center","background-size":"auto","background-attachment":"scroll","background-type":"","background-media":"","overlay-type":"","overlay-color":"","overlay-opacity":"","overlay-gradient":""},"tablet":{"background-color":"var(--ast-global-color-5)","background-image":"","background-repeat":"repeat","background-position":"center center","background-size":"auto","background-attachment":"scroll","background-type":"","background-media":"","overlay-type":"","overlay-color":"","overlay-opacity":"","overlay-gradient":""},"mobile":{"background-color":"var(--ast-global-color-5)","background-image":"","background-repeat":"repeat","background-position":"center center","background-size":"auto","background-attachment":"scroll","background-type":"","background-media":"","overlay-type":"","overlay-color":"","overlay-opacity":"","overlay-gradient":""}}},"product_brand":[],"product_cat":[15],"product_tag":[],"class_list":{"0":"post-22963","1":"product","2":"type-product","3":"status-publish","4":"has-post-thumbnail","6":"product_cat-shop","7":"desktop-align-left","8":"tablet-align-left","9":"mobile-align-left","11":"first","12":"instock","13":"sale","14":"shipping-taxable","15":"purchasable","16":"product-type-variable","17":"has-default-attributes"},"spectra_custom_meta":{"_visibility":["visible"],"_shopify_product_id":["1462387179593"],"_s2w_shopify_domain":["cortenplus.myshopify.com"],"_shopify_variant_id":["12628893597769"],"_manage_stock":["no"],"total_sales":["201"],"_tax_status":["taxable"],"_tax_class":[""],"_backorders":["no"],"_sold_individually":["no"],"_virtual":["no"],"_downloadable":["no"],"_download_limit":["-1"],"_download_expiry":["-1"],"_stock":[null],"_stock_status":["instock"],"_wc_average_rating":["4.82"],"_wc_review_count":["66"],"_product_attributes":["a:1:{s:6:\"volume\";a:6:{s:4:\"name\";s:6:\"Volume\";s:5:\"value\";s:30:\"1 liter | 5 liters | 25 liters\";s:8:\"position\";i:1;s:10:\"is_visible\";i:0;s:12:\"is_variation\";i:1;s:11:\"is_taxonomy\";i:0;}}"],"_product_version":["10.5.2"],"_thumbnail_id":["23006"],"_product_image_gallery":["23007,23008"],"_edit_lock":["1772287402:1"],"_edit_last":["1"],"_wp_page_template":["default"],"site-sidebar-layout":["default"],"ast-site-content-layout":["default"],"site-content-style":["default"],"site-sidebar-style":["default"],"theme-transparent-header-meta":["default"],"merchant-center-availability":["yes"],"merchant-center-category":["503741"],"_default_attributes":["a:1:{s:6:\"volume\";s:7:\"1 liter\";}"],"_wc_rating_count":["a:3:{i:3;i:1;i:4;i:10;i:5;i:55;}"],"_upsell_ids":["a:3:{i:0;i:22968;i:1;i:22974;i:2;i:22982;}"],"_crosssell_ids":["a:3:{i:0;i:22968;i:1;i:22974;i:2;i:22982;}"],"_price":["14.90","59.90","299.90"],"astra-migrate-meta-layouts":["set"],"_uag_css_file_name":["uag-css-22963.css"],"_elementor_page_assets":["a:0:{}"],"_uag_page_assets":["a:9:{s:3:\"css\";s:7133:\".uag-blocks-common-selector{z-index:var(--z-index-desktop) !important}@media(max-width: 976px){.uag-blocks-common-selector{z-index:var(--z-index-tablet) !important}}@media(max-width: 767px){.uag-blocks-common-selector{z-index:var(--z-index-mobile) !important}}.wp-block-uagb-image{display:flex}.wp-block-uagb-image__figure{position:relative;display:flex;flex-direction:column;max-width:100%;height:auto;margin:0}.wp-block-uagb-image__figure img{height:auto;display:flex;max-width:100%;transition:box-shadow .2s ease}.wp-block-uagb-image__figure>a{display:inline-block}.wp-block-uagb-image__figure figcaption{text-align:center;margin-top:.5em;margin-bottom:1em}.wp-block-uagb-image .components-placeholder.block-editor-media-placeholder .components-placeholder__instructions{align-self:center}.wp-block-uagb-image--align-left{text-align:left}.wp-block-uagb-image--align-right{text-align:right}.wp-block-uagb-image--align-center{text-align:center}.wp-block-uagb-image--align-full .wp-block-uagb-image__figure{margin-left:calc(50% - 50vw);margin-right:calc(50% - 50vw);max-width:100vw;width:100vw;height:auto}.wp-block-uagb-image--align-full .wp-block-uagb-image__figure img{height:auto;width:100% !important}.wp-block-uagb-image--align-wide .wp-block-uagb-image__figure img{height:auto;width:100%}.wp-block-uagb-image--layout-overlay__color-wrapper{position:absolute;left:0;top:0;right:0;bottom:0;opacity:.2;background:rgba(0,0,0,.5);transition:opacity .35s ease-in-out}.wp-block-uagb-image--layout-overlay-link{position:absolute;left:0;right:0;bottom:0;top:0}.wp-block-uagb-image--layout-overlay .wp-block-uagb-image__figure:hover .wp-block-uagb-image--layout-overlay__color-wrapper{opacity:1}.wp-block-uagb-image--layout-overlay__inner{position:absolute;left:15px;right:15px;bottom:15px;top:15px;display:flex;align-items:center;justify-content:center;flex-direction:column;border-color:#fff;transition:.35s ease-in-out}.wp-block-uagb-image--layout-overlay__inner.top-left,.wp-block-uagb-image--layout-overlay__inner.top-center,.wp-block-uagb-image--layout-overlay__inner.top-right{justify-content:flex-start}.wp-block-uagb-image--layout-overlay__inner.bottom-left,.wp-block-uagb-image--layout-overlay__inner.bottom-center,.wp-block-uagb-image--layout-overlay__inner.bottom-right{justify-content:flex-end}.wp-block-uagb-image--layout-overlay__inner.top-left,.wp-block-uagb-image--layout-overlay__inner.center-left,.wp-block-uagb-image--layout-overlay__inner.bottom-left{align-items:flex-start}.wp-block-uagb-image--layout-overlay__inner.top-right,.wp-block-uagb-image--layout-overlay__inner.center-right,.wp-block-uagb-image--layout-overlay__inner.bottom-right{align-items:flex-end}.wp-block-uagb-image--layout-overlay__inner .uagb-image-heading{color:#fff;transition:transform .35s,opacity .35s ease-in-out;transform:translate3d(0, 24px, 0);margin:0;line-height:1em}.wp-block-uagb-image--layout-overlay__inner .uagb-image-separator{width:30%;border-top-width:2px;border-top-color:#fff;border-top-style:solid;margin-bottom:10px;opacity:0;transition:transform .4s,opacity .4s ease-in-out;transform:translate3d(0, 30px, 0)}.wp-block-uagb-image--layout-overlay__inner .uagb-image-caption{opacity:0;overflow:visible;color:#fff;transition:transform .45s,opacity .45s ease-in-out;transform:translate3d(0, 35px, 0)}.wp-block-uagb-image--layout-overlay__inner:hover .uagb-image-heading,.wp-block-uagb-image--layout-overlay__inner:hover .uagb-image-separator,.wp-block-uagb-image--layout-overlay__inner:hover .uagb-image-caption{opacity:1;transform:translate3d(0, 0, 0)}.wp-block-uagb-image--effect-zoomin .wp-block-uagb-image__figure img,.wp-block-uagb-image--effect-zoomin .wp-block-uagb-image__figure .wp-block-uagb-image--layout-overlay__color-wrapper{transform:scale(1);transition:transform .35s ease-in-out}.wp-block-uagb-image--effect-zoomin .wp-block-uagb-image__figure:hover img,.wp-block-uagb-image--effect-zoomin .wp-block-uagb-image__figure:hover .wp-block-uagb-image--layout-overlay__color-wrapper{transform:scale(1.05)}.wp-block-uagb-image--effect-slide .wp-block-uagb-image__figure img,.wp-block-uagb-image--effect-slide .wp-block-uagb-image__figure .wp-block-uagb-image--layout-overlay__color-wrapper{width:calc(100% + 40px) !important;max-width:none !important;transform:translate3d(-40px, 0, 0);transition:transform .35s ease-in-out}.wp-block-uagb-image--effect-slide .wp-block-uagb-image__figure:hover img,.wp-block-uagb-image--effect-slide .wp-block-uagb-image__figure:hover .wp-block-uagb-image--layout-overlay__color-wrapper{transform:translate3d(0, 0, 0)}.wp-block-uagb-image--effect-grayscale img{filter:grayscale(0%);transition:.35s ease-in-out}.wp-block-uagb-image--effect-grayscale:hover img{filter:grayscale(100%)}.wp-block-uagb-image--effect-blur img{filter:blur(0);transition:.35s ease-in-out}.wp-block-uagb-image--effect-blur:hover img{filter:blur(3px)}.uagb-block-e6f939b3.wp-block-uagb-image--layout-default figure img{box-shadow: 0px 0px 0 #00000070;}.uagb-block-e6f939b3.wp-block-uagb-image .wp-block-uagb-image__figure figcaption{font-style: normal;align-self: center;}.uagb-block-e6f939b3.wp-block-uagb-image--layout-overlay figure img{box-shadow: 0px 0px 0 #00000070;}.uagb-block-e6f939b3.wp-block-uagb-image--layout-overlay .wp-block-uagb-image--layout-overlay__color-wrapper{opacity: 0.2;}.uagb-block-e6f939b3.wp-block-uagb-image--layout-overlay .wp-block-uagb-image--layout-overlay__inner{left: 15px;right: 15px;top: 15px;bottom: 15px;}.uagb-block-e6f939b3.wp-block-uagb-image--layout-overlay .wp-block-uagb-image--layout-overlay__inner .uagb-image-heading{font-style: normal;color: #fff;opacity: 1;}.uagb-block-e6f939b3.wp-block-uagb-image--layout-overlay .wp-block-uagb-image--layout-overlay__inner .uagb-image-heading a{color: #fff;}.uagb-block-e6f939b3.wp-block-uagb-image--layout-overlay .wp-block-uagb-image--layout-overlay__inner .uagb-image-caption{opacity: 0;}.uagb-block-e6f939b3.wp-block-uagb-image--layout-overlay .wp-block-uagb-image__figure:hover .wp-block-uagb-image--layout-overlay__color-wrapper{opacity: 1;}.uagb-block-e6f939b3.wp-block-uagb-image .wp-block-uagb-image--layout-overlay__inner .uagb-image-separator{width: 30%;border-top-width: 2px;border-top-color: #fff;opacity: 0;}.uagb-block-e6f939b3.wp-block-uagb-image .wp-block-uagb-image__figure img{width: px;height: auto;}.uagb-block-e6f939b3.wp-block-uagb-image .wp-block-uagb-image__figure:hover .wp-block-uagb-image--layout-overlay__inner .uagb-image-caption{opacity: 1;}.uagb-block-e6f939b3.wp-block-uagb-image .wp-block-uagb-image__figure:hover .wp-block-uagb-image--layout-overlay__inner .uagb-image-separator{opacity: 1;}.uagb-block-e6f939b3.wp-block-uagb-image--layout-default figure:hover img{box-shadow: 0px 0px 0 #00000070;}.uagb-block-e6f939b3.wp-block-uagb-image--layout-overlay figure:hover img{box-shadow: 0px 0px 0 #00000070;}@media only screen and (max-width: 976px) {.uagb-block-e6f939b3.wp-block-uagb-image .wp-block-uagb-image__figure img{width: px;height: auto;}}@media only screen and (max-width: 767px) {.uagb-block-e6f939b3.wp-block-uagb-image .wp-block-uagb-image__figure img{width: px;height: auto;}}\";s:2:\"js\";s:0:\"\";s:18:\"current_block_list\";a:13:{i:0;s:11:\"core\/search\";i:1;s:10:\"core\/group\";i:2;s:12:\"core\/heading\";i:3;s:17:\"core\/latest-posts\";i:4;s:20:\"core\/latest-comments\";i:5;s:13:\"core\/archives\";i:6;s:15:\"core\/categories\";i:7;s:14:\"core\/paragraph\";i:8;s:10:\"uagb\/image\";i:9;s:11:\"core\/spacer\";i:10;s:30:\"woocommerce\/product-categories\";i:11;s:10:\"core\/image\";i:12;s:14:\"core\/shortcode\";}s:8:\"uag_flag\";b:1;s:11:\"uag_version\";s:10:\"1777062344\";s:6:\"gfonts\";a:0:{}s:10:\"gfonts_url\";s:0:\"\";s:12:\"gfonts_files\";a:0:{}s:14:\"uag_faq_layout\";b:0;}"]},"uagb_featured_image_src":{"full":["https:\/\/www.cortenplus.com\/wp-content\/uploads\/2025\/06\/degraissant_ae793ba5-4f83-4e37-a426-ade38ff92917.jpg",2560,2560,false],"thumbnail":["https:\/\/www.cortenplus.com\/wp-content\/uploads\/2025\/06\/degraissant_ae793ba5-4f83-4e37-a426-ade38ff92917-150x150.jpg",150,150,true],"medium":["https:\/\/www.cortenplus.com\/wp-content\/uploads\/2025\/06\/degraissant_ae793ba5-4f83-4e37-a426-ade38ff92917-300x300.jpg",300,300,true],"medium_large":["https:\/\/www.cortenplus.com\/wp-content\/uploads\/2025\/06\/degraissant_ae793ba5-4f83-4e37-a426-ade38ff92917-768x768.jpg",768,768,true],"large":["https:\/\/www.cortenplus.com\/wp-content\/uploads\/2025\/06\/degraissant_ae793ba5-4f83-4e37-a426-ade38ff92917-1024x1024.jpg",1024,1024,true],"1536x1536":["https:\/\/www.cortenplus.com\/wp-content\/uploads\/2025\/06\/degraissant_ae793ba5-4f83-4e37-a426-ade38ff92917-1536x1536.jpg",1536,1536,true],"2048x2048":["https:\/\/www.cortenplus.com\/wp-content\/uploads\/2025\/06\/degraissant_ae793ba5-4f83-4e37-a426-ade38ff92917-2048x2048.jpg",2048,2048,true],"trp-custom-language-flag":["https:\/\/www.cortenplus.com\/wp-content\/uploads\/2025\/06\/degraissant_ae793ba5-4f83-4e37-a426-ade38ff92917-12x12.jpg",12,12,true],"woocommerce_thumbnail":["https:\/\/www.cortenplus.com\/wp-content\/uploads\/2025\/06\/degraissant_ae793ba5-4f83-4e37-a426-ade38ff92917-300x300.jpg",300,300,true],"woocommerce_single":["https:\/\/www.cortenplus.com\/wp-content\/uploads\/2025\/06\/degraissant_ae793ba5-4f83-4e37-a426-ade38ff92917-600x600.jpg",600,600,true],"woocommerce_gallery_thumbnail":["https:\/\/www.cortenplus.com\/wp-content\/uploads\/2025\/06\/degraissant_ae793ba5-4f83-4e37-a426-ade38ff92917-100x100.jpg",100,100,true]},"uagb_author_info":{"display_name":"admin","author_link":"https:\/\/www.cortenplus.com\/sk\/author\/"},"uagb_comment_info":66,"uagb_excerpt":"Prepares corten steel perfectly before applying a rust accelerator. Our corten steel degreaser is specifically formulated to clean and prepare metal surfaces prior to the application of a rust accelerator. It removes oils, grease, manufacturing residues, and handling contaminants that can prevent uniform oxidation, ensuring the rusting process develops evenly and effectively across the entire&hellip;","_links":{"self":[{"href":"https:\/\/www.cortenplus.com\/sk\/wp-json\/wp\/v2\/product\/22963","targetHints":{"allow":["GET"]}}],"collection":[{"href":"https:\/\/www.cortenplus.com\/sk\/wp-json\/wp\/v2\/product"}],"about":[{"href":"https:\/\/www.cortenplus.com\/sk\/wp-json\/wp\/v2\/types\/product"}],"replies":[{"embeddable":true,"href":"https:\/\/www.cortenplus.com\/sk\/wp-json\/wp\/v2\/comments?post=22963"}],"version-history":[{"count":4,"href":"https:\/\/www.cortenplus.com\/sk\/wp-json\/wp\/v2\/product\/22963\/revisions"}],"predecessor-version":[{"id":26207,"href":"https:\/\/www.cortenplus.com\/sk\/wp-json\/wp\/v2\/product\/22963\/revisions\/26207"}],"wp:featuredmedia":[{"embeddable":true,"href":"https:\/\/www.cortenplus.com\/sk\/wp-json\/wp\/v2\/media\/23006"}],"wp:attachment":[{"href":"https:\/\/www.cortenplus.com\/sk\/wp-json\/wp\/v2\/media?parent=22963"}],"wp:term":[{"taxonomy":"product_brand","embeddable":true,"href":"https:\/\/www.cortenplus.com\/sk\/wp-json\/wp\/v2\/product_brand?post=22963"},{"taxonomy":"product_cat","embeddable":true,"href":"https:\/\/www.cortenplus.com\/sk\/wp-json\/wp\/v2\/product_cat?post=22963"},{"taxonomy":"product_tag","embeddable":true,"href":"https:\/\/www.cortenplus.com\/sk\/wp-json\/wp\/v2\/product_tag?post=22963"}],"curies":[{"name":"wp","href":"https:\/\/api.w.org\/{rel}","templated":true}]}}