{"id":22974,"date":"2025-06-02T08:36:32","date_gmt":"2025-06-02T06:36:32","guid":{"rendered":"https:\/\/www.cortenplus.com\/products\/rust-accelerator\/"},"modified":"2026-02-28T14:59:02","modified_gmt":"2026-02-28T13:59:02","slug":"rust-accelerator","status":"publish","type":"product","link":"https:\/\/www.cortenplus.com\/se\/products\/rust-accelerator\/","title":{"rendered":"Rostaccelerator"},"content":{"rendered":"<p><strong><img decoding=\"async\" style=\"margin-right: 12px;\" src=\"https:\/\/www.cortenplus.com\/wp-content\/uploads\/2026\/02\/Check.svg\" alt=\"\" width=\"18\" height=\"15\" \/>Den enda syrafria rostacceleratorn p\u00e5 marknaden f\u00f6r total s\u00e4kerhet och l\u00e5ngvarig h\u00e5llbarhet.<\/strong> V\u00e5r rostaccelerator \u00e4r helt syrafri, vilket g\u00f6r den unik och fundamentalt annorlunda \u00e4n konventionella produkter som f\u00f6rlitar sig p\u00e5 aggressiva syror f\u00f6r att utl\u00f6sa oxidation. Genom att eliminera syra fr\u00e5n formeln s\u00e4kerst\u00e4ller vi en kontrollerad och naturlig rostningsprocess som skyddar b\u00e5de anv\u00e4ndaren och metallens strukturella integritet, vilket g\u00f6r det till den s\u00e4kraste och mest avancerade l\u00f6sningen som finns tillg\u00e4nglig.<\/p>\n<p><strong><img decoding=\"async\" style=\"margin-right: 12px;\" src=\"https:\/\/www.cortenplus.com\/wp-content\/uploads\/2026\/02\/Check.svg\" alt=\"\" width=\"18\" height=\"15\" \/>Ingen risk f\u00f6r framtida perforeringar i metallkonstruktionen.<\/strong> Syrabaserade rostacceleratorer forts\u00e4tter att reagera i metallen om deras effekt inte neutraliseras perfekt, vilket oundvikligen leder till progressiv inre korrosion, f\u00f6rtunning och slutligen perforering. Eftersom v\u00e5r formel inte inneh\u00e5ller n\u00e5gon syra f\u00f6rhindrar den dolda l\u00e5ngsiktiga skador och garanterar att metallen beh\u00e5ller sin styrka samtidigt som den utvecklar en stabil, estetisk rostfinish.<\/p>\n<p><strong><img decoding=\"async\" style=\"margin-right: 12px;\" src=\"https:\/\/www.cortenplus.com\/wp-content\/uploads\/2026\/02\/Check.svg\" alt=\"\" width=\"18\" height=\"15\" \/>Ingen neutraliserande eller ytterligare stoppande produkt kr\u00e4vs.<\/strong> Till skillnad fr\u00e5n syrainneh\u00e5llande l\u00f6sningar som kr\u00e4ver en andra produkt f\u00f6r att neutralisera och stoppa oxidationen, fungerar v\u00e5r rostaccelerator sj\u00e4lvst\u00e4ndigt och s\u00e4kert utan n\u00e5gon extra behandling. Detta f\u00f6renklar processen, minskar arbetstiden, s\u00e4nker de totala kostnaderna och eliminerar risken f\u00f6r felaktig neutralisering som kan skada st\u00e5lytor permanent.<\/p>\n<p><strong><img decoding=\"async\" style=\"margin-right: 12px;\" src=\"https:\/\/www.cortenplus.com\/wp-content\/uploads\/2026\/02\/Check.svg\" alt=\"\" width=\"18\" height=\"15\" \/>Maximal s\u00e4kerhet f\u00f6r anv\u00e4ndaren under appliceringen.<\/strong> Utan fr\u00e4tande syror uppst\u00e5r inga skadliga syra\u00e5ngor, inga aggressiva kemikaliest\u00e4nk och inga farliga reaktioner med omgivande material. Detta g\u00f6r produkten mycket mer bekv\u00e4m och s\u00e4ker att anv\u00e4nda i verkst\u00e4der, p\u00e5 byggarbetsplatser och till och med i bostadsmilj\u00f6er.<\/p>\n<p><strong><img decoding=\"async\" style=\"margin-right: 12px;\" src=\"https:\/\/www.cortenplus.com\/wp-content\/uploads\/2026\/02\/Check.svg\" alt=\"\" width=\"18\" height=\"15\" \/>Pengar-tillbaka-garanti f\u00f6r fullst\u00e4ndig sinnesfrid.<\/strong> Vi erbjuder en pengarna-tillbaka-garanti. Om du inte \u00e4r helt n\u00f6jd med prestandan eller resultatet kommer vi att \u00e5terbetala dig. Detta g\u00f6r att du kan testa v\u00e5r rostaccelerator utan risk och med totalt f\u00f6rtroende f\u00f6r dess effektivitet.<\/p>\n<p><strong><img decoding=\"async\" style=\"margin-right: 12px;\" src=\"https:\/\/www.cortenplus.com\/wp-content\/uploads\/2026\/02\/Check.svg\" alt=\"\" width=\"18\" height=\"15\" \/>Mycket effektiv och visuellt imponerande oxidationsprocess.<\/strong> V\u00e5r formula \u00e4r framtagen f\u00f6r att ge en snabb, kontrollerad och enhetlig rostutveckling, vilket ger en djup, autentisk patina som f\u00f6rh\u00f6jer arkitektoniska och dekorativa projekt. Den aktiverar oxidationsprocessen p\u00e5 ett effektivt s\u00e4tt samtidigt som den ger full kontroll \u00f6ver det estetiska resultatet.<\/p>\n<p><strong><img decoding=\"async\" style=\"margin-right: 12px;\" src=\"https:\/\/www.cortenplus.com\/wp-content\/uploads\/2026\/02\/Check.svg\" alt=\"\" width=\"18\" height=\"15\" \/>Synlig reaktion inom 30 minuter och rostbildning efter en timme.<\/strong> Efter applicering b\u00f6rjar metallen f\u00e4rgas bl\u00e5 inom cirka 30 minuter, vilket tydligt visar att oxidationsprocessen har startat. Efter en timme b\u00f6rjar verklig rost att synas, vilket g\u00f6r det m\u00f6jligt f\u00f6r yrkesverksamma att snabbt bed\u00f6ma resultaten och planera projektets tidslinjer p\u00e5 ett effektivt s\u00e4tt.<\/p>\n<p><strong><img decoding=\"async\" style=\"margin-right: 12px;\" src=\"https:\/\/www.cortenplus.com\/wp-content\/uploads\/2026\/02\/Check.svg\" alt=\"\" width=\"18\" height=\"15\" \/>Utm\u00e4rkt t\u00e4ckf\u00f6rm\u00e5ga p\u00e5 upp till 20 m\u00b2 per liter.<\/strong> Med en ungef\u00e4rlig t\u00e4ckningsgrad p\u00e5 20 kvadratmeter per liter erbjuder produkten enast\u00e5ende effektivitet och kostnadseffektivitet. Den gener\u00f6sa t\u00e4ckningen g\u00f6r den idealisk f\u00f6r b\u00e5de sm\u00e5 dekorativa element och stora arkitektoniska ytor, vilket s\u00e4kerst\u00e4ller konsekvent prestanda \u00f6ver stora omr\u00e5den.<\/p>\n<p><strong><img decoding=\"async\" style=\"margin-right: 12px;\" src=\"https:\/\/www.cortenplus.com\/wp-content\/uploads\/2026\/02\/Check.svg\" alt=\"\" width=\"18\" height=\"15\" \/>Passar perfekt f\u00f6r Corten-st\u00e5l och alla j\u00e4rnmetaller.<\/strong> V\u00e5r rostaccelerator \u00e4r speciellt framtagen f\u00f6r Corten-st\u00e5l, men \u00e4r \u00e4ven l\u00e4mplig f\u00f6r j\u00e4rn, standardst\u00e5l och andra j\u00e4rnmetaller. Formulan f\u00f6rst\u00e4rker den naturliga vittringsprocessen utan att kompromissa med materialets skyddande egenskaper, vilket ger en rik, enhetlig och stabil rostfinish.<\/p>\n<p><strong><img decoding=\"async\" style=\"margin-right: 12px;\" src=\"https:\/\/www.cortenplus.com\/wp-content\/uploads\/2026\/02\/Check.svg\" alt=\"\" width=\"18\" height=\"15\" \/>Enkel applicering med resultat av professionell kvalitet.<\/strong> Rostacceleratorn appliceras enkelt med en roller, som finns i v\u00e5r butik, vilket ger en j\u00e4mn f\u00f6rdelning och kontrollerad t\u00e4ckning utan behov av komplex sprututrustning eller specialmaskiner.<\/p>\n<p><strong><img decoding=\"async\" style=\"margin-right: 12px;\" src=\"https:\/\/www.cortenplus.com\/wp-content\/uploads\/2026\/02\/Check.svg\" alt=\"\" width=\"18\" height=\"15\" \/>Kostnadseffektivt och \u00f6verl\u00e4gset syrabaserade konkurrenter.<\/strong> Genom att kombinera syrafri s\u00e4kerhet, h\u00f6g effektivitet, inget behov av neutralisering, snabba synliga resultat och en t\u00e4ckning p\u00e5 20 m\u00b2 per liter framst\u00e5r v\u00e5r rostaccelerator som den mest avancerade och tillf\u00f6rlitliga l\u00f6sningen p\u00e5 marknaden f\u00f6r att uppn\u00e5 autentiska rostfinisher utan l\u00e5ngsiktiga risker.<\/p>\n<h2><strong>Instruktioner<\/strong><\/h2>\n<ul>\n<li>F\u00f6r kallvalsad pl\u00e5t som \u00e4r tunnare \u00e4n 2,5 mm, avfetta ytan noggrant med ett l\u00e4mpligt metallavfettningsmedel, t.ex. v\u00e5rt s\u00e4rskilda metallavfettningsmedel, f\u00f6r att avl\u00e4gsna oljor och tillverkningsrester.<\/li>\n<li>F\u00f6r varmvalsad pl\u00e5t som \u00e4r tjockare \u00e4n 2,5 mm, sandbl\u00e4stra ytan f\u00f6r att avl\u00e4gsna gl\u00f6dskal och s\u00e4kerst\u00e4lla korrekt oxidation.<\/li>\n<li>Om sandbl\u00e4stringsutrustning inte finns tillg\u00e4nglig, anv\u00e4nd v\u00e5rt avkalkningsmedel f\u00f6r att effektivt avl\u00e4gsna gl\u00f6dskal innan du forts\u00e4tter.<\/li>\n<li>Se till att ytan \u00e4r ren, torr och fri fr\u00e5n damm innan du applicerar rostacceleratorn.<\/li>\n<li>Applicera rostacceleratorn j\u00e4mnt med hj\u00e4lp av en roller som finns i v\u00e5r butik.<\/li>\n<li>Respektera en ungef\u00e4rlig dosering p\u00e5 50 ml per kvadratmeter, vilket motsvarar en t\u00e4ckningsgrad p\u00e5 20 m\u00b2 per liter.<\/li>\n<li>Efter ca 30 minuter kan du se att metallytan blir bl\u00e5 n\u00e4r reaktionen b\u00f6rjar.<\/li>\n<li>Efter cirka en timme b\u00f6rjar rost bildas synligt.<\/li>\n<li>L\u00e5t oxidationsprocessen forts\u00e4tta naturligt i upp till tv\u00e5 dagar f\u00f6r att uppn\u00e5 \u00f6nskat djup p\u00e5 rosteffekten.<\/li>\n<li>Efter tv\u00e5 dagar kan du applicera en skyddande lack, t.ex. v\u00e5r lack f\u00f6r cortenst\u00e5l, f\u00f6r att stabilisera ytan.<\/li>\n<li>Lacken f\u00f6rhindrar att rost rinner ner p\u00e5 golvet n\u00e4r det regnar och skyddar kl\u00e4derna fr\u00e5n fl\u00e4ckar om n\u00e5gon lutar sig mot den behandlade ytan.<\/li>\n<\/ul>","protected":false},"excerpt":{"rendered":"<p>The only acid-free rust accelerator on the market for total safety and long-term durability. Our rust accelerator is completely acid-free, which makes it unique and fundamentally different from conventional products that rely on aggressive acids to trigger oxidation. By eliminating acid from the formula, we ensure a controlled and natural rusting process that protects both [&hellip;]<\/p>\n","protected":false},"featured_media":23065,"comment_status":"open","ping_status":"closed","template":"","meta":{"_uag_custom_page_level_css":"","site-sidebar-layout":"default","site-content-layout":"","ast-site-content-layout":"default","site-content-style":"default","site-sidebar-style":"default","ast-global-header-display":"","ast-banner-title-visibility":"","ast-main-header-display":"","ast-hfb-above-header-display":"","ast-hfb-below-header-display":"","ast-hfb-mobile-header-display":"","site-post-title":"","ast-breadcrumbs-content":"","ast-featured-img":"","footer-sml-layout":"","ast-disable-related-posts":"","theme-transparent-header-meta":"default","adv-header-id-meta":"","stick-header-meta":"","header-above-stick-meta":"","header-main-stick-meta":"","header-below-stick-meta":"","astra-migrate-meta-layouts":"set","ast-page-background-enabled":"default","ast-page-background-meta":{"desktop":{"background-color":"var(--ast-global-color-4)","background-image":"","background-repeat":"repeat","background-position":"center center","background-size":"auto","background-attachment":"scroll","background-type":"","background-media":"","overlay-type":"","overlay-color":"","overlay-opacity":"","overlay-gradient":""},"tablet":{"background-color":"","background-image":"","background-repeat":"repeat","background-position":"center center","background-size":"auto","background-attachment":"scroll","background-type":"","background-media":"","overlay-type":"","overlay-color":"","overlay-opacity":"","overlay-gradient":""},"mobile":{"background-color":"","background-image":"","background-repeat":"repeat","background-position":"center center","background-size":"auto","background-attachment":"scroll","background-type":"","background-media":"","overlay-type":"","overlay-color":"","overlay-opacity":"","overlay-gradient":""}},"ast-content-background-meta":{"desktop":{"background-color":"var(--ast-global-color-5)","background-image":"","background-repeat":"repeat","background-position":"center center","background-size":"auto","background-attachment":"scroll","background-type":"","background-media":"","overlay-type":"","overlay-color":"","overlay-opacity":"","overlay-gradient":""},"tablet":{"background-color":"var(--ast-global-color-5)","background-image":"","background-repeat":"repeat","background-position":"center center","background-size":"auto","background-attachment":"scroll","background-type":"","background-media":"","overlay-type":"","overlay-color":"","overlay-opacity":"","overlay-gradient":""},"mobile":{"background-color":"var(--ast-global-color-5)","background-image":"","background-repeat":"repeat","background-position":"center center","background-size":"auto","background-attachment":"scroll","background-type":"","background-media":"","overlay-type":"","overlay-color":"","overlay-opacity":"","overlay-gradient":""}}},"product_brand":[],"product_cat":[15],"product_tag":[],"class_list":{"0":"post-22974","1":"product","2":"type-product","3":"status-publish","4":"has-post-thumbnail","6":"product_cat-shop","7":"desktop-align-left","8":"tablet-align-left","9":"mobile-align-left","11":"first","12":"instock","13":"sale","14":"shipping-taxable","15":"purchasable","16":"product-type-variable","17":"has-default-attributes"},"spectra_custom_meta":{"_visibility":["visible"],"_shopify_product_id":["1462206791753"],"_s2w_shopify_domain":["cortenplus.myshopify.com"],"_shopify_variant_id":["12627708313673"],"_manage_stock":["no"],"total_sales":["1422"],"_tax_status":["taxable"],"_tax_class":[""],"_backorders":["no"],"_sold_individually":["no"],"_virtual":["no"],"_downloadable":["no"],"_download_limit":["-1"],"_download_expiry":["-1"],"_stock":[null],"_stock_status":["instock"],"_wc_average_rating":["4.68"],"_wc_review_count":["152"],"_product_attributes":["a:1:{s:6:\"volume\";a:6:{s:4:\"name\";s:6:\"Volume\";s:5:\"value\";s:30:\"1 liter | 5 liters | 25 liters\";s:8:\"position\";i:1;s:10:\"is_visible\";i:0;s:12:\"is_variation\";i:1;s:11:\"is_taxonomy\";i:0;}}"],"_product_version":["10.5.2"],"_thumbnail_id":["23065"],"_product_image_gallery":["23068,23069"],"_edit_lock":["1772287943:1"],"_edit_last":["1"],"_wp_page_template":["default"],"site-sidebar-layout":["default"],"ast-site-content-layout":["default"],"site-content-style":["default"],"site-sidebar-style":["default"],"theme-transparent-header-meta":["default"],"merchant-center-category":["505417"],"merchant-center-availability":["yes"],"_default_attributes":["a:1:{s:6:\"volume\";s:7:\"1 liter\";}"],"_wc_rating_count":["a:3:{i:3;i:16;i:4;i:17;i:5;i:119;}"],"_upsell_ids":["a:3:{i:0;i:22962;i:1;i:22963;i:2;i:22982;}"],"_crosssell_ids":["a:3:{i:0;i:22962;i:1;i:22963;i:2;i:22982;}"],"_price":["29.90","139.90","599.90"],"_sku":["CPRUSTACCELERATOR"],"merchant-center-id":["AR1"],"astra-migrate-meta-layouts":["set"],"_uag_css_file_name":["uag-css-22974.css"],"_elementor_page_assets":["a:0:{}"],"_uag_page_assets":["a:9:{s:3:\"css\";s:7133:\".uag-blocks-common-selector{z-index:var(--z-index-desktop) !important}@media(max-width: 976px){.uag-blocks-common-selector{z-index:var(--z-index-tablet) !important}}@media(max-width: 767px){.uag-blocks-common-selector{z-index:var(--z-index-mobile) !important}}.wp-block-uagb-image{display:flex}.wp-block-uagb-image__figure{position:relative;display:flex;flex-direction:column;max-width:100%;height:auto;margin:0}.wp-block-uagb-image__figure img{height:auto;display:flex;max-width:100%;transition:box-shadow .2s ease}.wp-block-uagb-image__figure>a{display:inline-block}.wp-block-uagb-image__figure figcaption{text-align:center;margin-top:.5em;margin-bottom:1em}.wp-block-uagb-image .components-placeholder.block-editor-media-placeholder .components-placeholder__instructions{align-self:center}.wp-block-uagb-image--align-left{text-align:left}.wp-block-uagb-image--align-right{text-align:right}.wp-block-uagb-image--align-center{text-align:center}.wp-block-uagb-image--align-full .wp-block-uagb-image__figure{margin-left:calc(50% - 50vw);margin-right:calc(50% - 50vw);max-width:100vw;width:100vw;height:auto}.wp-block-uagb-image--align-full .wp-block-uagb-image__figure img{height:auto;width:100% !important}.wp-block-uagb-image--align-wide .wp-block-uagb-image__figure img{height:auto;width:100%}.wp-block-uagb-image--layout-overlay__color-wrapper{position:absolute;left:0;top:0;right:0;bottom:0;opacity:.2;background:rgba(0,0,0,.5);transition:opacity .35s ease-in-out}.wp-block-uagb-image--layout-overlay-link{position:absolute;left:0;right:0;bottom:0;top:0}.wp-block-uagb-image--layout-overlay .wp-block-uagb-image__figure:hover .wp-block-uagb-image--layout-overlay__color-wrapper{opacity:1}.wp-block-uagb-image--layout-overlay__inner{position:absolute;left:15px;right:15px;bottom:15px;top:15px;display:flex;align-items:center;justify-content:center;flex-direction:column;border-color:#fff;transition:.35s ease-in-out}.wp-block-uagb-image--layout-overlay__inner.top-left,.wp-block-uagb-image--layout-overlay__inner.top-center,.wp-block-uagb-image--layout-overlay__inner.top-right{justify-content:flex-start}.wp-block-uagb-image--layout-overlay__inner.bottom-left,.wp-block-uagb-image--layout-overlay__inner.bottom-center,.wp-block-uagb-image--layout-overlay__inner.bottom-right{justify-content:flex-end}.wp-block-uagb-image--layout-overlay__inner.top-left,.wp-block-uagb-image--layout-overlay__inner.center-left,.wp-block-uagb-image--layout-overlay__inner.bottom-left{align-items:flex-start}.wp-block-uagb-image--layout-overlay__inner.top-right,.wp-block-uagb-image--layout-overlay__inner.center-right,.wp-block-uagb-image--layout-overlay__inner.bottom-right{align-items:flex-end}.wp-block-uagb-image--layout-overlay__inner .uagb-image-heading{color:#fff;transition:transform .35s,opacity .35s ease-in-out;transform:translate3d(0, 24px, 0);margin:0;line-height:1em}.wp-block-uagb-image--layout-overlay__inner .uagb-image-separator{width:30%;border-top-width:2px;border-top-color:#fff;border-top-style:solid;margin-bottom:10px;opacity:0;transition:transform .4s,opacity .4s ease-in-out;transform:translate3d(0, 30px, 0)}.wp-block-uagb-image--layout-overlay__inner .uagb-image-caption{opacity:0;overflow:visible;color:#fff;transition:transform .45s,opacity .45s ease-in-out;transform:translate3d(0, 35px, 0)}.wp-block-uagb-image--layout-overlay__inner:hover .uagb-image-heading,.wp-block-uagb-image--layout-overlay__inner:hover .uagb-image-separator,.wp-block-uagb-image--layout-overlay__inner:hover .uagb-image-caption{opacity:1;transform:translate3d(0, 0, 0)}.wp-block-uagb-image--effect-zoomin .wp-block-uagb-image__figure img,.wp-block-uagb-image--effect-zoomin .wp-block-uagb-image__figure .wp-block-uagb-image--layout-overlay__color-wrapper{transform:scale(1);transition:transform .35s ease-in-out}.wp-block-uagb-image--effect-zoomin .wp-block-uagb-image__figure:hover img,.wp-block-uagb-image--effect-zoomin .wp-block-uagb-image__figure:hover .wp-block-uagb-image--layout-overlay__color-wrapper{transform:scale(1.05)}.wp-block-uagb-image--effect-slide .wp-block-uagb-image__figure img,.wp-block-uagb-image--effect-slide .wp-block-uagb-image__figure .wp-block-uagb-image--layout-overlay__color-wrapper{width:calc(100% + 40px) !important;max-width:none !important;transform:translate3d(-40px, 0, 0);transition:transform .35s ease-in-out}.wp-block-uagb-image--effect-slide .wp-block-uagb-image__figure:hover img,.wp-block-uagb-image--effect-slide .wp-block-uagb-image__figure:hover .wp-block-uagb-image--layout-overlay__color-wrapper{transform:translate3d(0, 0, 0)}.wp-block-uagb-image--effect-grayscale img{filter:grayscale(0%);transition:.35s ease-in-out}.wp-block-uagb-image--effect-grayscale:hover img{filter:grayscale(100%)}.wp-block-uagb-image--effect-blur img{filter:blur(0);transition:.35s ease-in-out}.wp-block-uagb-image--effect-blur:hover img{filter:blur(3px)}.uagb-block-e6f939b3.wp-block-uagb-image--layout-default figure img{box-shadow: 0px 0px 0 #00000070;}.uagb-block-e6f939b3.wp-block-uagb-image .wp-block-uagb-image__figure figcaption{font-style: normal;align-self: center;}.uagb-block-e6f939b3.wp-block-uagb-image--layout-overlay figure img{box-shadow: 0px 0px 0 #00000070;}.uagb-block-e6f939b3.wp-block-uagb-image--layout-overlay .wp-block-uagb-image--layout-overlay__color-wrapper{opacity: 0.2;}.uagb-block-e6f939b3.wp-block-uagb-image--layout-overlay .wp-block-uagb-image--layout-overlay__inner{left: 15px;right: 15px;top: 15px;bottom: 15px;}.uagb-block-e6f939b3.wp-block-uagb-image--layout-overlay .wp-block-uagb-image--layout-overlay__inner .uagb-image-heading{font-style: normal;color: #fff;opacity: 1;}.uagb-block-e6f939b3.wp-block-uagb-image--layout-overlay .wp-block-uagb-image--layout-overlay__inner .uagb-image-heading a{color: #fff;}.uagb-block-e6f939b3.wp-block-uagb-image--layout-overlay .wp-block-uagb-image--layout-overlay__inner .uagb-image-caption{opacity: 0;}.uagb-block-e6f939b3.wp-block-uagb-image--layout-overlay .wp-block-uagb-image__figure:hover .wp-block-uagb-image--layout-overlay__color-wrapper{opacity: 1;}.uagb-block-e6f939b3.wp-block-uagb-image .wp-block-uagb-image--layout-overlay__inner .uagb-image-separator{width: 30%;border-top-width: 2px;border-top-color: #fff;opacity: 0;}.uagb-block-e6f939b3.wp-block-uagb-image .wp-block-uagb-image__figure img{width: px;height: auto;}.uagb-block-e6f939b3.wp-block-uagb-image .wp-block-uagb-image__figure:hover .wp-block-uagb-image--layout-overlay__inner .uagb-image-caption{opacity: 1;}.uagb-block-e6f939b3.wp-block-uagb-image .wp-block-uagb-image__figure:hover .wp-block-uagb-image--layout-overlay__inner .uagb-image-separator{opacity: 1;}.uagb-block-e6f939b3.wp-block-uagb-image--layout-default figure:hover img{box-shadow: 0px 0px 0 #00000070;}.uagb-block-e6f939b3.wp-block-uagb-image--layout-overlay figure:hover img{box-shadow: 0px 0px 0 #00000070;}@media only screen and (max-width: 976px) {.uagb-block-e6f939b3.wp-block-uagb-image .wp-block-uagb-image__figure img{width: px;height: auto;}}@media only screen and (max-width: 767px) {.uagb-block-e6f939b3.wp-block-uagb-image .wp-block-uagb-image__figure img{width: px;height: auto;}}\";s:2:\"js\";s:0:\"\";s:18:\"current_block_list\";a:13:{i:0;s:11:\"core\/search\";i:1;s:10:\"core\/group\";i:2;s:12:\"core\/heading\";i:3;s:17:\"core\/latest-posts\";i:4;s:20:\"core\/latest-comments\";i:5;s:13:\"core\/archives\";i:6;s:15:\"core\/categories\";i:7;s:14:\"core\/paragraph\";i:8;s:10:\"uagb\/image\";i:9;s:11:\"core\/spacer\";i:10;s:30:\"woocommerce\/product-categories\";i:11;s:10:\"core\/image\";i:12;s:14:\"core\/shortcode\";}s:8:\"uag_flag\";b:1;s:11:\"uag_version\";s:10:\"1777052938\";s:6:\"gfonts\";a:0:{}s:10:\"gfonts_url\";s:0:\"\";s:12:\"gfonts_files\";a:0:{}s:14:\"uag_faq_layout\";b:0;}"]},"uagb_featured_image_src":{"full":["https:\/\/www.cortenplus.com\/wp-content\/uploads\/2025\/06\/RustAccelerator1L.jpg",2560,2560,false],"thumbnail":["https:\/\/www.cortenplus.com\/wp-content\/uploads\/2025\/06\/RustAccelerator1L-150x150.jpg",150,150,true],"medium":["https:\/\/www.cortenplus.com\/wp-content\/uploads\/2025\/06\/RustAccelerator1L-300x300.jpg",300,300,true],"medium_large":["https:\/\/www.cortenplus.com\/wp-content\/uploads\/2025\/06\/RustAccelerator1L-768x768.jpg",768,768,true],"large":["https:\/\/www.cortenplus.com\/wp-content\/uploads\/2025\/06\/RustAccelerator1L-1024x1024.jpg",1024,1024,true],"1536x1536":["https:\/\/www.cortenplus.com\/wp-content\/uploads\/2025\/06\/RustAccelerator1L-1536x1536.jpg",1536,1536,true],"2048x2048":["https:\/\/www.cortenplus.com\/wp-content\/uploads\/2025\/06\/RustAccelerator1L-2048x2048.jpg",2048,2048,true],"trp-custom-language-flag":["https:\/\/www.cortenplus.com\/wp-content\/uploads\/2025\/06\/RustAccelerator1L-12x12.jpg",12,12,true],"woocommerce_thumbnail":["https:\/\/www.cortenplus.com\/wp-content\/uploads\/2025\/06\/RustAccelerator1L-300x300.jpg",300,300,true],"woocommerce_single":["https:\/\/www.cortenplus.com\/wp-content\/uploads\/2025\/06\/RustAccelerator1L-600x600.jpg",600,600,true],"woocommerce_gallery_thumbnail":["https:\/\/www.cortenplus.com\/wp-content\/uploads\/2025\/06\/RustAccelerator1L-100x100.jpg",100,100,true]},"uagb_author_info":{"display_name":"admin","author_link":"https:\/\/www.cortenplus.com\/se\/author\/"},"uagb_comment_info":152,"uagb_excerpt":"The only acid-free rust accelerator on the market for total safety and long-term durability. Our rust accelerator is completely acid-free, which makes it unique and fundamentally different from conventional products that rely on aggressive acids to trigger oxidation. By eliminating acid from the formula, we ensure a controlled and natural rusting process that protects both&hellip;","_links":{"self":[{"href":"https:\/\/www.cortenplus.com\/se\/wp-json\/wp\/v2\/product\/22974","targetHints":{"allow":["GET"]}}],"collection":[{"href":"https:\/\/www.cortenplus.com\/se\/wp-json\/wp\/v2\/product"}],"about":[{"href":"https:\/\/www.cortenplus.com\/se\/wp-json\/wp\/v2\/types\/product"}],"replies":[{"embeddable":true,"href":"https:\/\/www.cortenplus.com\/se\/wp-json\/wp\/v2\/comments?post=22974"}],"version-history":[{"count":11,"href":"https:\/\/www.cortenplus.com\/se\/wp-json\/wp\/v2\/product\/22974\/revisions"}],"predecessor-version":[{"id":26204,"href":"https:\/\/www.cortenplus.com\/se\/wp-json\/wp\/v2\/product\/22974\/revisions\/26204"}],"wp:featuredmedia":[{"embeddable":true,"href":"https:\/\/www.cortenplus.com\/se\/wp-json\/wp\/v2\/media\/23065"}],"wp:attachment":[{"href":"https:\/\/www.cortenplus.com\/se\/wp-json\/wp\/v2\/media?parent=22974"}],"wp:term":[{"taxonomy":"product_brand","embeddable":true,"href":"https:\/\/www.cortenplus.com\/se\/wp-json\/wp\/v2\/product_brand?post=22974"},{"taxonomy":"product_cat","embeddable":true,"href":"https:\/\/www.cortenplus.com\/se\/wp-json\/wp\/v2\/product_cat?post=22974"},{"taxonomy":"product_tag","embeddable":true,"href":"https:\/\/www.cortenplus.com\/se\/wp-json\/wp\/v2\/product_tag?post=22974"}],"curies":[{"name":"wp","href":"https:\/\/api.w.org\/{rel}","templated":true}]}}