{"id":22968,"date":"2025-06-02T08:36:28","date_gmt":"2025-06-02T06:36:28","guid":{"rendered":"https:\/\/www.cortenplus.com\/products\/descaler\/"},"modified":"2026-02-28T15:06:33","modified_gmt":"2026-02-28T14:06:33","slug":"descaler","status":"publish","type":"product","link":"https:\/\/www.cortenplus.com\/se\/products\/descaler\/","title":{"rendered":"Avkalkningsmedel"},"content":{"rendered":"<p><strong><img decoding=\"async\" style=\"margin-right: 12px;\" src=\"https:\/\/www.cortenplus.com\/wp-content\/uploads\/2026\/02\/Check.svg\" alt=\"\" width=\"18\" height=\"15\" \/>Avl\u00e4gsnar effektivt gl\u00f6dskal utan sandbl\u00e4string.<\/strong> V\u00e5rt avkalkningsmedel f\u00f6r cortenst\u00e5l \u00e4r speciellt framtaget f\u00f6r att avl\u00e4gsna gl\u00f6dskal fr\u00e5n ytor av cortenst\u00e5l utan att man beh\u00f6ver anv\u00e4nda sandbl\u00e4ster. Den bryter kemiskt ned det t\u00e4ta, m\u00f6rka oxidskiktet som bildas vid varmvalsning, exponerar rent reaktivt st\u00e5l undertill och skapar en idealisk bas f\u00f6r applicering av rostaccelerator.<\/p>\n<p><strong><img decoding=\"async\" style=\"margin-right: 12px;\" src=\"https:\/\/www.cortenplus.com\/wp-content\/uploads\/2026\/02\/Check.svg\" alt=\"\" width=\"18\" height=\"15\" \/>Den mest effektiva l\u00f6sningen f\u00f6r att f\u00f6rbereda cortenst\u00e5l f\u00f6re rostaktivering.<\/strong> Detta \u00e4r den mest effektiva avkalkningsprodukten f\u00f6r cortenst\u00e5l n\u00e4r mekanisk bl\u00e4string inte \u00e4r tillg\u00e4nglig. Den penetrerar och l\u00f6ser upp gl\u00f6dskal ordentligt, vilket s\u00e4kerst\u00e4ller att rostacceleratorn kan reagera direkt med den nakna metallen, vilket resulterar i snabbare, mer enhetlig och intensivare patinautveckling.<\/p>\n<p><strong><img decoding=\"async\" style=\"margin-right: 12px;\" src=\"https:\/\/www.cortenplus.com\/wp-content\/uploads\/2026\/02\/Check.svg\" alt=\"\" width=\"18\" height=\"15\" \/>Det billigaste professionella alternativet till sandbl\u00e4string.<\/strong> Sandbl\u00e4stringsutrustning \u00e4r dyr och inte alltid tillg\u00e4nglig. V\u00e5rt avkalkningsmedel f\u00f6r cortenst\u00e5l \u00e4r det billigaste och mest praktiska alternativet och ger resultat p\u00e5 professionell niv\u00e5 utan kostsamma maskiner, underleverant\u00f6rer eller specialinstallationer.<\/p>\n<p><strong><img decoding=\"async\" style=\"margin-right: 12px;\" src=\"https:\/\/www.cortenplus.com\/wp-content\/uploads\/2026\/02\/Check.svg\" alt=\"\" width=\"18\" height=\"15\" \/>Garanterad leverans 24 timmar om dygnet f\u00f6r ett oavbrutet arbetsfl\u00f6de.<\/strong> Vi f\u00f6rst\u00e5r att ytbehandling \u00e4r ett kritiskt skede i alla projekt med cortenst\u00e5l. Det \u00e4r d\u00e4rf\u00f6r vi garanterar leverans dygnet runt, s\u00e5 att du snabbt kan g\u00e5 vidare med avkalkning och rostskyddsbehandling utan att projektet f\u00f6rsenas.<\/p>\n<p><strong><img decoding=\"async\" style=\"margin-right: 12px;\" src=\"https:\/\/www.cortenplus.com\/wp-content\/uploads\/2026\/02\/Check.svg\" alt=\"\" width=\"18\" height=\"15\" \/>Pengar-tillbaka-garanti f\u00f6r total trygghet.<\/strong> Vi \u00e4r \u00f6vertygade om att v\u00e5rt avkalkningsmedel f\u00f6r cortenst\u00e5l fungerar. Om du inte \u00e4r n\u00f6jd med resultatet erbjuder vi en fullst\u00e4ndig pengarna-tillbaka-garanti. Det \u00e4r bara att kontakta oss s\u00e5 \u00e5terbetalar vi ditt k\u00f6p och garanterar en helt riskfri upplevelse.<\/p>\n<p><strong><img decoding=\"async\" style=\"margin-right: 12px;\" src=\"https:\/\/www.cortenplus.com\/wp-content\/uploads\/2026\/02\/Check.svg\" alt=\"\" width=\"18\" height=\"15\" \/>Utm\u00e4rkt t\u00e4ckning f\u00f6r ekonomisk behandling av stora ytor.<\/strong> V\u00e5rt avkalkningsmedel t\u00e4cker upp till 8 m\u00b2 per liter, beroende p\u00e5 gl\u00f6dskalets tjocklek och ytans skick. Denna starka t\u00e4ckning s\u00e4kerst\u00e4ller kostnadseffektiv behandling av paneler, fasader, skulpturer och strukturella komponenter.<\/p>\n<p><strong><img decoding=\"async\" style=\"margin-right: 12px;\" src=\"https:\/\/www.cortenplus.com\/wp-content\/uploads\/2026\/02\/Check.svg\" alt=\"\" width=\"18\" height=\"15\" \/>S\u00e4kerst\u00e4ller j\u00e4mn rostbildning efter behandling.<\/strong> Gl\u00f6dskal fungerar som en barri\u00e4r som f\u00f6rhindrar korrekt oxidation. Genom att helt avl\u00e4gsna detta lager g\u00f6r avkalkningsmedlet det m\u00f6jligt f\u00f6r rostacceleratorn att verka j\u00e4mnt \u00f6ver hela ytan, vilket f\u00f6rhindrar fl\u00e4ckiga eller inkonsekventa patinaresultat.<\/p>\n<p><strong><img decoding=\"async\" style=\"margin-right: 12px;\" src=\"https:\/\/www.cortenplus.com\/wp-content\/uploads\/2026\/02\/Check.svg\" alt=\"\" width=\"18\" height=\"15\" \/>Penetrerar och reagerar djupt med h\u00e4rdade kalkavlagringar.<\/strong> Den avancerade kemiska formuleringen mjukar upp och lossar h\u00e5rt bundna gl\u00f6dskal fr\u00e5n st\u00e5lsubstratet, \u00e4ven i sv\u00e5r\u00e5tkomliga omr\u00e5den eller p\u00e5 ytor med textur, vilket s\u00e4kerst\u00e4ller en grundlig f\u00f6rberedelse.<\/p>\n<p><strong><img decoding=\"async\" style=\"margin-right: 12px;\" src=\"https:\/\/www.cortenplus.com\/wp-content\/uploads\/2026\/02\/Check.svg\" alt=\"\" width=\"18\" height=\"15\" \/>Idealisk f\u00f6r b\u00e5de g\u00f6r-det-sj\u00e4lvare och professionella anv\u00e4ndare.<\/strong> Avkalkningsmedlet \u00e4r utformat f\u00f6r enkel applicering med pensel, roller eller spray och g\u00f6r det m\u00f6jligt f\u00f6r anv\u00e4ndare som inte har industriell utrustning att avl\u00e4gsna gl\u00f6dskal. Den f\u00f6renklar f\u00f6rberedelserna samtidigt som den h\u00e5ller professionell standard.<\/p>\n<p><strong><img decoding=\"async\" style=\"margin-right: 12px;\" src=\"https:\/\/www.cortenplus.com\/wp-content\/uploads\/2026\/02\/Check.svg\" alt=\"\" width=\"18\" height=\"15\" \/>F\u00f6rb\u00e4ttrar vidh\u00e4ftningen av efterf\u00f6ljande behandlingar.<\/strong> Genom att exponera rent st\u00e5l \u00f6kar avkalkningsmedlet effektiviteten hos rostacceleratorer och f\u00f6rb\u00e4ttrar bindningen av t\u00e4tningsmedel och lack som appliceras efter patinabildning, vilket bidrar till l\u00e5ngsiktig h\u00e5llbarhet.<\/p>\n<h2><strong>Instruktioner<\/strong><\/h2>\n<ul>\n<li>Se till att ytan av cortenst\u00e5l \u00e4r torr och fri fr\u00e5n l\u00f6st sittande smuts och skr\u00e4p f\u00f6re applicering.<\/li>\n<li>Anv\u00e4nd l\u00e4mplig skyddsutrustning, t.ex. handskar, \u00f6gonskydd och skyddskl\u00e4der.<\/li>\n<li>Skaka eller r\u00f6r om produkten ordentligt f\u00f6re anv\u00e4ndning.<\/li>\n<li>Applicera avkalkningsmedlet j\u00e4mnt med pensel, roller eller kemikalieresistent spruta. Se till att alla omr\u00e5den med synliga gl\u00f6dskal t\u00e4cks helt och h\u00e5llet.<\/li>\n<li>Rekommenderad dosering \u00e4r cirka 125 ml per kvadratmeter, beroende p\u00e5 tjockleken och h\u00e5rdheten p\u00e5 kvarnstenen.<\/li>\n<li>T\u00e4ckningsgraden \u00e4r upp till 8 m\u00b2 per liter och skikt.<\/li>\n<li>L\u00e5t produkten verka i 20 till 45 minuter. Reaktionstiden kan variera beroende p\u00e5 temperatur och gl\u00f6dskalets tjocklek.<\/li>\n<li>Observera ytan n\u00e4r gl\u00f6dskal b\u00f6rjar lossna och lossna.<\/li>\n<li>Sk\u00f6lj noggrant med rent vatten f\u00f6r att avl\u00e4gsna uppl\u00f6sta rester och avlagringar. F\u00f6r envisa omr\u00e5den kan l\u00e4tt borstning beh\u00f6vas f\u00f6re sk\u00f6ljning.<\/li>\n<li>L\u00e5t st\u00e5let torka helt innan du applicerar avfettningsmedel om det beh\u00f6vs, f\u00f6ljt av rostaccelerator. Ytan m\u00e5ste vara ren, torr och fri fr\u00e5n rester f\u00f6re rostaktivering.<\/li>\n<\/ul>","protected":false},"excerpt":{"rendered":"<p>Effectively removes mill scale without sandblasting. Our corten steel descaler is specially formulated to eliminate mill scale from corten steel surfaces without the need for a sandblaster. It chemically breaks down the dense, dark oxide layer formed during hot rolling, exposing clean reactive steel underneath and creating the ideal base for applying a rust accelerator. [&hellip;]<\/p>\n","protected":false},"featured_media":23010,"comment_status":"open","ping_status":"closed","template":"","meta":{"_uag_custom_page_level_css":"","site-sidebar-layout":"default","site-content-layout":"","ast-site-content-layout":"default","site-content-style":"default","site-sidebar-style":"default","ast-global-header-display":"","ast-banner-title-visibility":"","ast-main-header-display":"","ast-hfb-above-header-display":"","ast-hfb-below-header-display":"","ast-hfb-mobile-header-display":"","site-post-title":"","ast-breadcrumbs-content":"","ast-featured-img":"","footer-sml-layout":"","ast-disable-related-posts":"","theme-transparent-header-meta":"default","adv-header-id-meta":"","stick-header-meta":"","header-above-stick-meta":"","header-main-stick-meta":"","header-below-stick-meta":"","astra-migrate-meta-layouts":"set","ast-page-background-enabled":"default","ast-page-background-meta":{"desktop":{"background-color":"var(--ast-global-color-4)","background-image":"","background-repeat":"repeat","background-position":"center center","background-size":"auto","background-attachment":"scroll","background-type":"","background-media":"","overlay-type":"","overlay-color":"","overlay-opacity":"","overlay-gradient":""},"tablet":{"background-color":"","background-image":"","background-repeat":"repeat","background-position":"center center","background-size":"auto","background-attachment":"scroll","background-type":"","background-media":"","overlay-type":"","overlay-color":"","overlay-opacity":"","overlay-gradient":""},"mobile":{"background-color":"","background-image":"","background-repeat":"repeat","background-position":"center center","background-size":"auto","background-attachment":"scroll","background-type":"","background-media":"","overlay-type":"","overlay-color":"","overlay-opacity":"","overlay-gradient":""}},"ast-content-background-meta":{"desktop":{"background-color":"var(--ast-global-color-5)","background-image":"","background-repeat":"repeat","background-position":"center center","background-size":"auto","background-attachment":"scroll","background-type":"","background-media":"","overlay-type":"","overlay-color":"","overlay-opacity":"","overlay-gradient":""},"tablet":{"background-color":"var(--ast-global-color-5)","background-image":"","background-repeat":"repeat","background-position":"center center","background-size":"auto","background-attachment":"scroll","background-type":"","background-media":"","overlay-type":"","overlay-color":"","overlay-opacity":"","overlay-gradient":""},"mobile":{"background-color":"var(--ast-global-color-5)","background-image":"","background-repeat":"repeat","background-position":"center center","background-size":"auto","background-attachment":"scroll","background-type":"","background-media":"","overlay-type":"","overlay-color":"","overlay-opacity":"","overlay-gradient":""}}},"product_brand":[],"product_cat":[15],"product_tag":[],"class_list":{"0":"post-22968","1":"product","2":"type-product","3":"status-publish","4":"has-post-thumbnail","6":"product_cat-shop","7":"desktop-align-left","8":"tablet-align-left","9":"mobile-align-left","11":"first","12":"instock","13":"sale","14":"shipping-taxable","15":"purchasable","16":"product-type-variable","17":"has-default-attributes"},"spectra_custom_meta":{"_visibility":["visible"],"_shopify_product_id":["1953667383369"],"_s2w_shopify_domain":["cortenplus.myshopify.com"],"_shopify_variant_id":["18096109518921"],"_manage_stock":["no"],"total_sales":["57"],"_tax_status":["taxable"],"_tax_class":[""],"_backorders":["no"],"_sold_individually":["no"],"_virtual":["no"],"_downloadable":["no"],"_download_limit":["-1"],"_download_expiry":["-1"],"_stock":[null],"_stock_status":["instock"],"_wc_average_rating":["4.93"],"_wc_review_count":["73"],"_product_attributes":["a:1:{s:6:\"volume\";a:6:{s:4:\"name\";s:6:\"Volume\";s:5:\"value\";s:30:\"1 liter | 5 liters | 25 liters\";s:8:\"position\";i:1;s:10:\"is_visible\";i:0;s:12:\"is_variation\";i:1;s:11:\"is_taxonomy\";i:0;}}"],"_product_version":["10.5.2"],"_thumbnail_id":["23010"],"_product_image_gallery":["23011,23012"],"_edit_lock":["1772287530:1"],"_edit_last":["1"],"_wp_page_template":["default"],"site-sidebar-layout":["default"],"ast-site-content-layout":["default"],"site-content-style":["default"],"site-sidebar-style":["default"],"theme-transparent-header-meta":["default"],"merchant-center-availability":["yes"],"merchant-center-category":["503741"],"_default_attributes":["a:1:{s:6:\"volume\";s:7:\"1 liter\";}"],"_wc_rating_count":["a:3:{i:3;i:1;i:4;i:3;i:5;i:69;}"],"_upsell_ids":["a:3:{i:0;i:22963;i:1;i:22974;i:2;i:22982;}"],"_crosssell_ids":["a:3:{i:0;i:22963;i:1;i:22974;i:2;i:22982;}"],"_price":["39.90","189.90","899.90"],"astra-migrate-meta-layouts":["set"],"_uag_css_file_name":["uag-css-22968.css"],"_elementor_page_assets":["a:0:{}"],"_uag_page_assets":["a:9:{s:3:\"css\";s:7133:\".uag-blocks-common-selector{z-index:var(--z-index-desktop) !important}@media(max-width: 976px){.uag-blocks-common-selector{z-index:var(--z-index-tablet) !important}}@media(max-width: 767px){.uag-blocks-common-selector{z-index:var(--z-index-mobile) !important}}.wp-block-uagb-image{display:flex}.wp-block-uagb-image__figure{position:relative;display:flex;flex-direction:column;max-width:100%;height:auto;margin:0}.wp-block-uagb-image__figure img{height:auto;display:flex;max-width:100%;transition:box-shadow .2s ease}.wp-block-uagb-image__figure>a{display:inline-block}.wp-block-uagb-image__figure figcaption{text-align:center;margin-top:.5em;margin-bottom:1em}.wp-block-uagb-image .components-placeholder.block-editor-media-placeholder .components-placeholder__instructions{align-self:center}.wp-block-uagb-image--align-left{text-align:left}.wp-block-uagb-image--align-right{text-align:right}.wp-block-uagb-image--align-center{text-align:center}.wp-block-uagb-image--align-full .wp-block-uagb-image__figure{margin-left:calc(50% - 50vw);margin-right:calc(50% - 50vw);max-width:100vw;width:100vw;height:auto}.wp-block-uagb-image--align-full .wp-block-uagb-image__figure img{height:auto;width:100% !important}.wp-block-uagb-image--align-wide .wp-block-uagb-image__figure img{height:auto;width:100%}.wp-block-uagb-image--layout-overlay__color-wrapper{position:absolute;left:0;top:0;right:0;bottom:0;opacity:.2;background:rgba(0,0,0,.5);transition:opacity .35s ease-in-out}.wp-block-uagb-image--layout-overlay-link{position:absolute;left:0;right:0;bottom:0;top:0}.wp-block-uagb-image--layout-overlay .wp-block-uagb-image__figure:hover .wp-block-uagb-image--layout-overlay__color-wrapper{opacity:1}.wp-block-uagb-image--layout-overlay__inner{position:absolute;left:15px;right:15px;bottom:15px;top:15px;display:flex;align-items:center;justify-content:center;flex-direction:column;border-color:#fff;transition:.35s ease-in-out}.wp-block-uagb-image--layout-overlay__inner.top-left,.wp-block-uagb-image--layout-overlay__inner.top-center,.wp-block-uagb-image--layout-overlay__inner.top-right{justify-content:flex-start}.wp-block-uagb-image--layout-overlay__inner.bottom-left,.wp-block-uagb-image--layout-overlay__inner.bottom-center,.wp-block-uagb-image--layout-overlay__inner.bottom-right{justify-content:flex-end}.wp-block-uagb-image--layout-overlay__inner.top-left,.wp-block-uagb-image--layout-overlay__inner.center-left,.wp-block-uagb-image--layout-overlay__inner.bottom-left{align-items:flex-start}.wp-block-uagb-image--layout-overlay__inner.top-right,.wp-block-uagb-image--layout-overlay__inner.center-right,.wp-block-uagb-image--layout-overlay__inner.bottom-right{align-items:flex-end}.wp-block-uagb-image--layout-overlay__inner .uagb-image-heading{color:#fff;transition:transform .35s,opacity .35s ease-in-out;transform:translate3d(0, 24px, 0);margin:0;line-height:1em}.wp-block-uagb-image--layout-overlay__inner .uagb-image-separator{width:30%;border-top-width:2px;border-top-color:#fff;border-top-style:solid;margin-bottom:10px;opacity:0;transition:transform .4s,opacity .4s ease-in-out;transform:translate3d(0, 30px, 0)}.wp-block-uagb-image--layout-overlay__inner .uagb-image-caption{opacity:0;overflow:visible;color:#fff;transition:transform .45s,opacity .45s ease-in-out;transform:translate3d(0, 35px, 0)}.wp-block-uagb-image--layout-overlay__inner:hover .uagb-image-heading,.wp-block-uagb-image--layout-overlay__inner:hover .uagb-image-separator,.wp-block-uagb-image--layout-overlay__inner:hover .uagb-image-caption{opacity:1;transform:translate3d(0, 0, 0)}.wp-block-uagb-image--effect-zoomin .wp-block-uagb-image__figure img,.wp-block-uagb-image--effect-zoomin .wp-block-uagb-image__figure .wp-block-uagb-image--layout-overlay__color-wrapper{transform:scale(1);transition:transform .35s ease-in-out}.wp-block-uagb-image--effect-zoomin .wp-block-uagb-image__figure:hover img,.wp-block-uagb-image--effect-zoomin .wp-block-uagb-image__figure:hover .wp-block-uagb-image--layout-overlay__color-wrapper{transform:scale(1.05)}.wp-block-uagb-image--effect-slide .wp-block-uagb-image__figure img,.wp-block-uagb-image--effect-slide .wp-block-uagb-image__figure .wp-block-uagb-image--layout-overlay__color-wrapper{width:calc(100% + 40px) !important;max-width:none !important;transform:translate3d(-40px, 0, 0);transition:transform .35s ease-in-out}.wp-block-uagb-image--effect-slide .wp-block-uagb-image__figure:hover img,.wp-block-uagb-image--effect-slide .wp-block-uagb-image__figure:hover .wp-block-uagb-image--layout-overlay__color-wrapper{transform:translate3d(0, 0, 0)}.wp-block-uagb-image--effect-grayscale img{filter:grayscale(0%);transition:.35s ease-in-out}.wp-block-uagb-image--effect-grayscale:hover img{filter:grayscale(100%)}.wp-block-uagb-image--effect-blur img{filter:blur(0);transition:.35s ease-in-out}.wp-block-uagb-image--effect-blur:hover img{filter:blur(3px)}.uagb-block-e6f939b3.wp-block-uagb-image--layout-default figure img{box-shadow: 0px 0px 0 #00000070;}.uagb-block-e6f939b3.wp-block-uagb-image .wp-block-uagb-image__figure figcaption{font-style: normal;align-self: center;}.uagb-block-e6f939b3.wp-block-uagb-image--layout-overlay figure img{box-shadow: 0px 0px 0 #00000070;}.uagb-block-e6f939b3.wp-block-uagb-image--layout-overlay .wp-block-uagb-image--layout-overlay__color-wrapper{opacity: 0.2;}.uagb-block-e6f939b3.wp-block-uagb-image--layout-overlay .wp-block-uagb-image--layout-overlay__inner{left: 15px;right: 15px;top: 15px;bottom: 15px;}.uagb-block-e6f939b3.wp-block-uagb-image--layout-overlay .wp-block-uagb-image--layout-overlay__inner .uagb-image-heading{font-style: normal;color: #fff;opacity: 1;}.uagb-block-e6f939b3.wp-block-uagb-image--layout-overlay .wp-block-uagb-image--layout-overlay__inner .uagb-image-heading a{color: #fff;}.uagb-block-e6f939b3.wp-block-uagb-image--layout-overlay .wp-block-uagb-image--layout-overlay__inner .uagb-image-caption{opacity: 0;}.uagb-block-e6f939b3.wp-block-uagb-image--layout-overlay .wp-block-uagb-image__figure:hover .wp-block-uagb-image--layout-overlay__color-wrapper{opacity: 1;}.uagb-block-e6f939b3.wp-block-uagb-image .wp-block-uagb-image--layout-overlay__inner .uagb-image-separator{width: 30%;border-top-width: 2px;border-top-color: #fff;opacity: 0;}.uagb-block-e6f939b3.wp-block-uagb-image .wp-block-uagb-image__figure img{width: px;height: auto;}.uagb-block-e6f939b3.wp-block-uagb-image .wp-block-uagb-image__figure:hover .wp-block-uagb-image--layout-overlay__inner .uagb-image-caption{opacity: 1;}.uagb-block-e6f939b3.wp-block-uagb-image .wp-block-uagb-image__figure:hover .wp-block-uagb-image--layout-overlay__inner .uagb-image-separator{opacity: 1;}.uagb-block-e6f939b3.wp-block-uagb-image--layout-default figure:hover img{box-shadow: 0px 0px 0 #00000070;}.uagb-block-e6f939b3.wp-block-uagb-image--layout-overlay figure:hover img{box-shadow: 0px 0px 0 #00000070;}@media only screen and (max-width: 976px) {.uagb-block-e6f939b3.wp-block-uagb-image .wp-block-uagb-image__figure img{width: px;height: auto;}}@media only screen and (max-width: 767px) {.uagb-block-e6f939b3.wp-block-uagb-image .wp-block-uagb-image__figure img{width: px;height: auto;}}\";s:2:\"js\";s:0:\"\";s:18:\"current_block_list\";a:13:{i:0;s:11:\"core\/search\";i:1;s:10:\"core\/group\";i:2;s:12:\"core\/heading\";i:3;s:17:\"core\/latest-posts\";i:4;s:20:\"core\/latest-comments\";i:5;s:13:\"core\/archives\";i:6;s:15:\"core\/categories\";i:7;s:14:\"core\/paragraph\";i:8;s:10:\"uagb\/image\";i:9;s:11:\"core\/spacer\";i:10;s:30:\"woocommerce\/product-categories\";i:11;s:10:\"core\/image\";i:12;s:14:\"core\/shortcode\";}s:8:\"uag_flag\";b:1;s:11:\"uag_version\";s:10:\"1777062354\";s:6:\"gfonts\";a:0:{}s:10:\"gfonts_url\";s:0:\"\";s:12:\"gfonts_files\";a:0:{}s:14:\"uag_faq_layout\";b:0;}"]},"uagb_featured_image_src":{"full":["https:\/\/www.cortenplus.com\/wp-content\/uploads\/2025\/06\/Descaler_1L_23.jpg",2560,2560,false],"thumbnail":["https:\/\/www.cortenplus.com\/wp-content\/uploads\/2025\/06\/Descaler_1L_23-150x150.jpg",150,150,true],"medium":["https:\/\/www.cortenplus.com\/wp-content\/uploads\/2025\/06\/Descaler_1L_23-300x300.jpg",300,300,true],"medium_large":["https:\/\/www.cortenplus.com\/wp-content\/uploads\/2025\/06\/Descaler_1L_23-768x768.jpg",768,768,true],"large":["https:\/\/www.cortenplus.com\/wp-content\/uploads\/2025\/06\/Descaler_1L_23-1024x1024.jpg",1024,1024,true],"1536x1536":["https:\/\/www.cortenplus.com\/wp-content\/uploads\/2025\/06\/Descaler_1L_23-1536x1536.jpg",1536,1536,true],"2048x2048":["https:\/\/www.cortenplus.com\/wp-content\/uploads\/2025\/06\/Descaler_1L_23-2048x2048.jpg",2048,2048,true],"trp-custom-language-flag":["https:\/\/www.cortenplus.com\/wp-content\/uploads\/2025\/06\/Descaler_1L_23-12x12.jpg",12,12,true],"woocommerce_thumbnail":["https:\/\/www.cortenplus.com\/wp-content\/uploads\/2025\/06\/Descaler_1L_23-300x300.jpg",300,300,true],"woocommerce_single":["https:\/\/www.cortenplus.com\/wp-content\/uploads\/2025\/06\/Descaler_1L_23-600x600.jpg",600,600,true],"woocommerce_gallery_thumbnail":["https:\/\/www.cortenplus.com\/wp-content\/uploads\/2025\/06\/Descaler_1L_23-100x100.jpg",100,100,true]},"uagb_author_info":{"display_name":"admin","author_link":"https:\/\/www.cortenplus.com\/se\/author\/"},"uagb_comment_info":73,"uagb_excerpt":"Effectively removes mill scale without sandblasting. Our corten steel descaler is specially formulated to eliminate mill scale from corten steel surfaces without the need for a sandblaster. It chemically breaks down the dense, dark oxide layer formed during hot rolling, exposing clean reactive steel underneath and creating the ideal base for applying a rust accelerator.&hellip;","_links":{"self":[{"href":"https:\/\/www.cortenplus.com\/se\/wp-json\/wp\/v2\/product\/22968","targetHints":{"allow":["GET"]}}],"collection":[{"href":"https:\/\/www.cortenplus.com\/se\/wp-json\/wp\/v2\/product"}],"about":[{"href":"https:\/\/www.cortenplus.com\/se\/wp-json\/wp\/v2\/types\/product"}],"replies":[{"embeddable":true,"href":"https:\/\/www.cortenplus.com\/se\/wp-json\/wp\/v2\/comments?post=22968"}],"version-history":[{"count":3,"href":"https:\/\/www.cortenplus.com\/se\/wp-json\/wp\/v2\/product\/22968\/revisions"}],"predecessor-version":[{"id":26208,"href":"https:\/\/www.cortenplus.com\/se\/wp-json\/wp\/v2\/product\/22968\/revisions\/26208"}],"wp:featuredmedia":[{"embeddable":true,"href":"https:\/\/www.cortenplus.com\/se\/wp-json\/wp\/v2\/media\/23010"}],"wp:attachment":[{"href":"https:\/\/www.cortenplus.com\/se\/wp-json\/wp\/v2\/media?parent=22968"}],"wp:term":[{"taxonomy":"product_brand","embeddable":true,"href":"https:\/\/www.cortenplus.com\/se\/wp-json\/wp\/v2\/product_brand?post=22968"},{"taxonomy":"product_cat","embeddable":true,"href":"https:\/\/www.cortenplus.com\/se\/wp-json\/wp\/v2\/product_cat?post=22968"},{"taxonomy":"product_tag","embeddable":true,"href":"https:\/\/www.cortenplus.com\/se\/wp-json\/wp\/v2\/product_tag?post=22968"}],"curies":[{"name":"wp","href":"https:\/\/api.w.org\/{rel}","templated":true}]}}