{"id":22974,"date":"2025-06-02T08:36:32","date_gmt":"2025-06-02T06:36:32","guid":{"rendered":"https:\/\/www.cortenplus.com\/products\/rust-accelerator\/"},"modified":"2026-02-28T14:59:02","modified_gmt":"2026-02-28T13:59:02","slug":"rust-accelerator","status":"publish","type":"product","link":"https:\/\/www.cortenplus.com\/ro\/products\/rust-accelerator\/","title":{"rendered":"Accelerator de rugin\u0103"},"content":{"rendered":"<p><strong><img decoding=\"async\" style=\"margin-right: 12px;\" src=\"https:\/\/www.cortenplus.com\/wp-content\/uploads\/2026\/02\/Check.svg\" alt=\"\" width=\"18\" height=\"15\" \/>Singurul accelerator de rugin\u0103 f\u0103r\u0103 acid de pe pia\u021b\u0103 pentru siguran\u021b\u0103 total\u0103 \u0219i durabilitate pe termen lung.<\/strong> Acceleratorul nostru de rugin\u0103 este complet lipsit de acid, ceea ce \u00eel face unic \u0219i fundamental diferit de produsele conven\u021bionale care se bazeaz\u0103 pe acizi agresivi pentru a declan\u0219a oxidarea. Prin eliminarea acidului din formul\u0103, asigur\u0103m un proces de ruginire controlat \u0219i natural care protejeaz\u0103 at\u00e2t utilizatorul, c\u00e2t \u0219i integritatea structural\u0103 a metalului, fiind cea mai sigur\u0103 \u0219i mai avansat\u0103 solu\u021bie disponibil\u0103.<\/p>\n<p><strong><img decoding=\"async\" style=\"margin-right: 12px;\" src=\"https:\/\/www.cortenplus.com\/wp-content\/uploads\/2026\/02\/Check.svg\" alt=\"\" width=\"18\" height=\"15\" \/>Niciun risc de perfora\u021bii viitoare \u00een structura metalic\u0103.<\/strong> Acceleratorii de rugin\u0103 pe baz\u0103 de acid continu\u0103 s\u0103 reac\u021bioneze \u00een metal dac\u0103 efectul lor nu este perfect neutralizat, ceea ce duce inevitabil la coroziune intern\u0103 progresiv\u0103, sub\u021biere \u0219i eventuale perfor\u0103ri. Deoarece formula noastr\u0103 nu con\u021bine acid, aceasta previne daunele ascunse pe termen lung \u0219i garanteaz\u0103 c\u0103 metalul \u00ee\u0219i p\u0103streaz\u0103 rezisten\u021ba, dezvolt\u00e2nd \u00een acela\u0219i timp un finisaj de rugin\u0103 stabil \u0219i estetic.<\/p>\n<p><strong><img decoding=\"async\" style=\"margin-right: 12px;\" src=\"https:\/\/www.cortenplus.com\/wp-content\/uploads\/2026\/02\/Check.svg\" alt=\"\" width=\"18\" height=\"15\" \/>Nu este necesar niciun neutralizator sau produs de oprire suplimentar.<\/strong> Spre deosebire de solu\u021biile care con\u021bin acid \u0219i care necesit\u0103 un al doilea produs pentru a neutraliza \u0219i opri oxidarea, acceleratorul nostru de rugin\u0103 ac\u021bioneaz\u0103 independent \u0219i \u00een siguran\u021b\u0103, f\u0103r\u0103 niciun tratament suplimentar. Acest lucru simplific\u0103 procesul, reduce timpul de lucru, reduce costurile totale \u0219i elimin\u0103 riscul unei neutraliz\u0103ri necorespunz\u0103toare care poate deteriora permanent suprafe\u021bele din o\u021bel.<\/p>\n<p><strong><img decoding=\"async\" style=\"margin-right: 12px;\" src=\"https:\/\/www.cortenplus.com\/wp-content\/uploads\/2026\/02\/Check.svg\" alt=\"\" width=\"18\" height=\"15\" \/>Siguran\u021b\u0103 maxim\u0103 pentru utilizator \u00een timpul aplic\u0103rii.<\/strong> F\u0103r\u0103 acizi corozivi, nu exist\u0103 vapori de acid d\u0103un\u0103tori, nu exist\u0103 stropi chimici agresivi \u0219i nu exist\u0103 reac\u021bii periculoase cu materialele din jur. Acest lucru face ca produsul s\u0103 fie mult mai confortabil \u0219i mai sigur de utilizat \u00een ateliere, \u0219antiere de construc\u021bii \u0219i chiar \u00een medii reziden\u021biale.<\/p>\n<p><strong><img decoding=\"async\" style=\"margin-right: 12px;\" src=\"https:\/\/www.cortenplus.com\/wp-content\/uploads\/2026\/02\/Check.svg\" alt=\"\" width=\"18\" height=\"15\" \/>Garan\u021bie de returnare a banilor pentru o lini\u0219te sufleteasc\u0103 deplin\u0103.<\/strong> Oferim o garan\u021bie de returnare a banilor. Dac\u0103 nu sunte\u021bi pe deplin mul\u021bumit de performan\u021b\u0103 sau de rezultat, v\u0103 vom rambursa banii. Acest lucru v\u0103 permite s\u0103 testa\u021bi acceleratorul nostru de rugin\u0103 f\u0103r\u0103 riscuri \u0219i cu \u00eencredere total\u0103 \u00een eficien\u021ba sa.<\/p>\n<p><strong><img decoding=\"async\" style=\"margin-right: 12px;\" src=\"https:\/\/www.cortenplus.com\/wp-content\/uploads\/2026\/02\/Check.svg\" alt=\"\" width=\"18\" height=\"15\" \/>Proces de oxidare extrem de eficient \u0219i impresionant din punct de vedere vizual.<\/strong> Formula noastr\u0103 este conceput\u0103 pentru a produce o dezvoltare rapid\u0103, controlat\u0103 \u0219i uniform\u0103 a ruginei, asigur\u00e2nd o patin\u0103 profund\u0103 \u0219i autentic\u0103 care \u00eembun\u0103t\u0103\u021be\u0219te proiectele arhitecturale \u0219i decorative. Activeaz\u0103 eficient procesul de oxidare, men\u021bin\u00e2nd \u00een acela\u0219i timp controlul deplin asupra rezultatului estetic.<\/p>\n<p><strong><img decoding=\"async\" style=\"margin-right: 12px;\" src=\"https:\/\/www.cortenplus.com\/wp-content\/uploads\/2026\/02\/Check.svg\" alt=\"\" width=\"18\" height=\"15\" \/>Reac\u021bie vizibil\u0103 \u00een 30 de minute \u0219i formare de rugin\u0103 dup\u0103 o or\u0103.<\/strong> Dup\u0103 aplicare, metalul \u00eencepe s\u0103 devin\u0103 albastru \u00een aproximativ 30 de minute, indic\u00e2nd \u00een mod clar activarea procesului de oxidare. Dup\u0103 o or\u0103, rugina real\u0103 \u00eencepe s\u0103 apar\u0103, permi\u021b\u00e2nd profesioni\u0219tilor s\u0103 evalueze rapid rezultatele \u0219i s\u0103 planifice eficient termenele proiectelor.<\/p>\n<p><strong><img decoding=\"async\" style=\"margin-right: 12px;\" src=\"https:\/\/www.cortenplus.com\/wp-content\/uploads\/2026\/02\/Check.svg\" alt=\"\" width=\"18\" height=\"15\" \/>Acoperire excelent\u0103 de p\u00e2n\u0103 la 20 m\u00b2 pe litru.<\/strong> Cu o rat\u0103 de acoperire aproximativ\u0103 de 20 de metri p\u0103tra\u021bi pe litru, produsul ofer\u0103 eficien\u021b\u0103 \u0219i rentabilitate remarcabile. Aceast\u0103 acoperire generoas\u0103 \u00eel face ideal at\u00e2t pentru elemente decorative mici, c\u00e2t \u0219i pentru suprafe\u021be arhitecturale mari, asigur\u00e2nd o performan\u021b\u0103 constant\u0103 pe suprafe\u021be extinse.<\/p>\n<p><strong><img decoding=\"async\" style=\"margin-right: 12px;\" src=\"https:\/\/www.cortenplus.com\/wp-content\/uploads\/2026\/02\/Check.svg\" alt=\"\" width=\"18\" height=\"15\" \/>Perfect adecvat pentru o\u021bel Corten \u0219i toate metalele feroase.<\/strong> Special conceput pentru o\u021belul Corten, acceleratorul nostru de rugin\u0103 este potrivit \u0219i pentru fier, o\u021bel standard \u0219i alte metale feroase. Formula \u00eembun\u0103t\u0103\u021be\u0219te procesul natural de intemperii f\u0103r\u0103 a compromite propriet\u0103\u021bile de protec\u021bie ale materialului, oferind un finisaj ruginit bogat, uniform \u0219i stabil.<\/p>\n<p><strong><img decoding=\"async\" style=\"margin-right: 12px;\" src=\"https:\/\/www.cortenplus.com\/wp-content\/uploads\/2026\/02\/Check.svg\" alt=\"\" width=\"18\" height=\"15\" \/>Aplicare simpl\u0103 cu rezultate de calitate profesional\u0103.<\/strong> Acceleratorul de rugin\u0103 se aplic\u0103 u\u0219or cu o rol\u0103, disponibil\u0103 \u00een atelierul nostru, permi\u021b\u00e2nd o distribu\u021bie uniform\u0103 \u0219i o acoperire controlat\u0103 f\u0103r\u0103 a fi nevoie de echipamente complexe de pulverizare sau utilaje specializate.<\/p>\n<p><strong><img decoding=\"async\" style=\"margin-right: 12px;\" src=\"https:\/\/www.cortenplus.com\/wp-content\/uploads\/2026\/02\/Check.svg\" alt=\"\" width=\"18\" height=\"15\" \/>Rentabil \u0219i superior concuren\u021bilor pe baz\u0103 de acid.<\/strong> Prin combinarea siguran\u021bei f\u0103r\u0103 acid, a eficien\u021bei ridicate, a faptului c\u0103 nu este nevoie de neutralizare, a rezultatelor vizibile rapide \u0219i a acoperirii de 20 m\u00b2 pe litru, acceleratorul nostru de rugin\u0103 se remarc\u0103 ca fiind cea mai avansat\u0103 \u0219i fiabil\u0103 solu\u021bie de pe pia\u021b\u0103 pentru ob\u021binerea unor finisaje autentice de rugin\u0103 f\u0103r\u0103 riscuri pe termen lung.<\/p>\n<h2><strong>Instruc\u021biuni<\/strong><\/h2>\n<ul>\n<li>Pentru tabl\u0103 laminat\u0103 la rece mai sub\u021bire de 2,5 mm, degresa\u021bi bine suprafa\u021ba folosind un degresant pentru metale adecvat, cum ar fi degresantul nostru special pentru metale, pentru a \u00eendep\u0103rta uleiurile \u0219i reziduurile de fabrica\u021bie.<\/li>\n<li>Pentru tabl\u0103 laminat\u0103 la cald mai groas\u0103 de 2,5 mm, sabla\u021bi suprafa\u021ba pentru a \u00eendep\u0103rta calcarul \u0219i a asigura o oxidare corespunz\u0103toare.<\/li>\n<li>Dac\u0103 nu dispune\u021bi de echipament de sablare, aplica\u021bi agentul nostru de decapare pentru a \u00eendep\u0103rta eficient calcarul de moar\u0103 \u00eenainte de a continua.<\/li>\n<li>Asigura\u021bi-v\u0103 c\u0103 suprafa\u021ba este curat\u0103, uscat\u0103 \u0219i lipsit\u0103 de praf \u00eenainte de a aplica acceleratorul de rugin\u0103.<\/li>\n<li>Aplica\u021bi uniform acceleratorul de rugin\u0103 folosind o rol\u0103 disponibil\u0103 \u00een magazinul nostru.<\/li>\n<li>Respecta\u021bi o doz\u0103 aproximativ\u0103 de 50 ml pe metru p\u0103trat, corespunz\u0103toare unei rate de acoperire de 20 m\u00b2 pe litru.<\/li>\n<li>Dup\u0103 aproximativ 30 de minute, observa\u021bi cum suprafa\u021ba metalului devine albastr\u0103 pe m\u0103sur\u0103 ce reac\u021bia \u00eencepe.<\/li>\n<li>Dup\u0103 aproximativ o or\u0103, rugina va \u00eencepe s\u0103 se formeze vizibil.<\/li>\n<li>L\u0103sa\u021bi procesul de oxidare s\u0103 continue \u00een mod natural timp de p\u00e2n\u0103 la dou\u0103 zile pentru a ob\u021bine ad\u00e2ncimea dorit\u0103 a efectului de rugin\u0103.<\/li>\n<li>Dup\u0103 dou\u0103 zile, aplica\u021bi un lac protector, cum ar fi lacul nostru pentru o\u021bel Corten, pentru a stabiliza finisajul.<\/li>\n<li>Lacul va preveni scurgerea ruginei pe pardoseal\u0103 \u00een timpul ploii \u0219i va proteja hainele de pete dac\u0103 cineva se sprijin\u0103 de suprafa\u021ba tratat\u0103.<\/li>\n<\/ul>","protected":false},"excerpt":{"rendered":"<p>The only acid-free rust accelerator on the market for total safety and long-term durability. Our rust accelerator is completely acid-free, which makes it unique and fundamentally different from conventional products that rely on aggressive acids to trigger oxidation. By eliminating acid from the formula, we ensure a controlled and natural rusting process that protects both [&hellip;]<\/p>\n","protected":false},"featured_media":23065,"comment_status":"open","ping_status":"closed","template":"","meta":{"_uag_custom_page_level_css":"","site-sidebar-layout":"default","site-content-layout":"","ast-site-content-layout":"default","site-content-style":"default","site-sidebar-style":"default","ast-global-header-display":"","ast-banner-title-visibility":"","ast-main-header-display":"","ast-hfb-above-header-display":"","ast-hfb-below-header-display":"","ast-hfb-mobile-header-display":"","site-post-title":"","ast-breadcrumbs-content":"","ast-featured-img":"","footer-sml-layout":"","ast-disable-related-posts":"","theme-transparent-header-meta":"default","adv-header-id-meta":"","stick-header-meta":"","header-above-stick-meta":"","header-main-stick-meta":"","header-below-stick-meta":"","astra-migrate-meta-layouts":"set","ast-page-background-enabled":"default","ast-page-background-meta":{"desktop":{"background-color":"var(--ast-global-color-4)","background-image":"","background-repeat":"repeat","background-position":"center center","background-size":"auto","background-attachment":"scroll","background-type":"","background-media":"","overlay-type":"","overlay-color":"","overlay-opacity":"","overlay-gradient":""},"tablet":{"background-color":"","background-image":"","background-repeat":"repeat","background-position":"center center","background-size":"auto","background-attachment":"scroll","background-type":"","background-media":"","overlay-type":"","overlay-color":"","overlay-opacity":"","overlay-gradient":""},"mobile":{"background-color":"","background-image":"","background-repeat":"repeat","background-position":"center center","background-size":"auto","background-attachment":"scroll","background-type":"","background-media":"","overlay-type":"","overlay-color":"","overlay-opacity":"","overlay-gradient":""}},"ast-content-background-meta":{"desktop":{"background-color":"var(--ast-global-color-5)","background-image":"","background-repeat":"repeat","background-position":"center center","background-size":"auto","background-attachment":"scroll","background-type":"","background-media":"","overlay-type":"","overlay-color":"","overlay-opacity":"","overlay-gradient":""},"tablet":{"background-color":"var(--ast-global-color-5)","background-image":"","background-repeat":"repeat","background-position":"center center","background-size":"auto","background-attachment":"scroll","background-type":"","background-media":"","overlay-type":"","overlay-color":"","overlay-opacity":"","overlay-gradient":""},"mobile":{"background-color":"var(--ast-global-color-5)","background-image":"","background-repeat":"repeat","background-position":"center center","background-size":"auto","background-attachment":"scroll","background-type":"","background-media":"","overlay-type":"","overlay-color":"","overlay-opacity":"","overlay-gradient":""}}},"product_brand":[],"product_cat":[15],"product_tag":[],"class_list":{"0":"post-22974","1":"product","2":"type-product","3":"status-publish","4":"has-post-thumbnail","6":"product_cat-shop","7":"desktop-align-left","8":"tablet-align-left","9":"mobile-align-left","11":"first","12":"instock","13":"sale","14":"shipping-taxable","15":"purchasable","16":"product-type-variable","17":"has-default-attributes"},"spectra_custom_meta":{"_visibility":["visible"],"_shopify_product_id":["1462206791753"],"_s2w_shopify_domain":["cortenplus.myshopify.com"],"_shopify_variant_id":["12627708313673"],"_manage_stock":["no"],"total_sales":["1422"],"_tax_status":["taxable"],"_tax_class":[""],"_backorders":["no"],"_sold_individually":["no"],"_virtual":["no"],"_downloadable":["no"],"_download_limit":["-1"],"_download_expiry":["-1"],"_stock":[null],"_stock_status":["instock"],"_wc_average_rating":["4.68"],"_wc_review_count":["152"],"_product_attributes":["a:1:{s:6:\"volume\";a:6:{s:4:\"name\";s:6:\"Volume\";s:5:\"value\";s:30:\"1 liter | 5 liters | 25 liters\";s:8:\"position\";i:1;s:10:\"is_visible\";i:0;s:12:\"is_variation\";i:1;s:11:\"is_taxonomy\";i:0;}}"],"_product_version":["10.5.2"],"_thumbnail_id":["23065"],"_product_image_gallery":["23068,23069"],"_edit_lock":["1772287943:1"],"_edit_last":["1"],"_wp_page_template":["default"],"site-sidebar-layout":["default"],"ast-site-content-layout":["default"],"site-content-style":["default"],"site-sidebar-style":["default"],"theme-transparent-header-meta":["default"],"merchant-center-category":["505417"],"merchant-center-availability":["yes"],"_default_attributes":["a:1:{s:6:\"volume\";s:7:\"1 liter\";}"],"_wc_rating_count":["a:3:{i:3;i:16;i:4;i:17;i:5;i:119;}"],"_upsell_ids":["a:3:{i:0;i:22962;i:1;i:22963;i:2;i:22982;}"],"_crosssell_ids":["a:3:{i:0;i:22962;i:1;i:22963;i:2;i:22982;}"],"_price":["29.90","139.90","599.90"],"_sku":["CPRUSTACCELERATOR"],"merchant-center-id":["AR1"],"astra-migrate-meta-layouts":["set"],"_uag_css_file_name":["uag-css-22974.css"],"_elementor_page_assets":["a:0:{}"]},"uagb_featured_image_src":{"full":["https:\/\/www.cortenplus.com\/wp-content\/uploads\/2025\/06\/RustAccelerator1L.jpg",2560,2560,false],"thumbnail":["https:\/\/www.cortenplus.com\/wp-content\/uploads\/2025\/06\/RustAccelerator1L-150x150.jpg",150,150,true],"medium":["https:\/\/www.cortenplus.com\/wp-content\/uploads\/2025\/06\/RustAccelerator1L-300x300.jpg",300,300,true],"medium_large":["https:\/\/www.cortenplus.com\/wp-content\/uploads\/2025\/06\/RustAccelerator1L-768x768.jpg",768,768,true],"large":["https:\/\/www.cortenplus.com\/wp-content\/uploads\/2025\/06\/RustAccelerator1L-1024x1024.jpg",1024,1024,true],"1536x1536":["https:\/\/www.cortenplus.com\/wp-content\/uploads\/2025\/06\/RustAccelerator1L-1536x1536.jpg",1536,1536,true],"2048x2048":["https:\/\/www.cortenplus.com\/wp-content\/uploads\/2025\/06\/RustAccelerator1L-2048x2048.jpg",2048,2048,true],"trp-custom-language-flag":["https:\/\/www.cortenplus.com\/wp-content\/uploads\/2025\/06\/RustAccelerator1L-12x12.jpg",12,12,true],"woocommerce_thumbnail":["https:\/\/www.cortenplus.com\/wp-content\/uploads\/2025\/06\/RustAccelerator1L-300x300.jpg",300,300,true],"woocommerce_single":["https:\/\/www.cortenplus.com\/wp-content\/uploads\/2025\/06\/RustAccelerator1L-600x600.jpg",600,600,true],"woocommerce_gallery_thumbnail":["https:\/\/www.cortenplus.com\/wp-content\/uploads\/2025\/06\/RustAccelerator1L-100x100.jpg",100,100,true]},"uagb_author_info":{"display_name":"admin","author_link":"https:\/\/www.cortenplus.com\/ro\/author\/"},"uagb_comment_info":152,"uagb_excerpt":"The only acid-free rust accelerator on the market for total safety and long-term durability. Our rust accelerator is completely acid-free, which makes it unique and fundamentally different from conventional products that rely on aggressive acids to trigger oxidation. By eliminating acid from the formula, we ensure a controlled and natural rusting process that protects both&hellip;","_links":{"self":[{"href":"https:\/\/www.cortenplus.com\/ro\/wp-json\/wp\/v2\/product\/22974","targetHints":{"allow":["GET"]}}],"collection":[{"href":"https:\/\/www.cortenplus.com\/ro\/wp-json\/wp\/v2\/product"}],"about":[{"href":"https:\/\/www.cortenplus.com\/ro\/wp-json\/wp\/v2\/types\/product"}],"replies":[{"embeddable":true,"href":"https:\/\/www.cortenplus.com\/ro\/wp-json\/wp\/v2\/comments?post=22974"}],"version-history":[{"count":11,"href":"https:\/\/www.cortenplus.com\/ro\/wp-json\/wp\/v2\/product\/22974\/revisions"}],"predecessor-version":[{"id":26204,"href":"https:\/\/www.cortenplus.com\/ro\/wp-json\/wp\/v2\/product\/22974\/revisions\/26204"}],"wp:featuredmedia":[{"embeddable":true,"href":"https:\/\/www.cortenplus.com\/ro\/wp-json\/wp\/v2\/media\/23065"}],"wp:attachment":[{"href":"https:\/\/www.cortenplus.com\/ro\/wp-json\/wp\/v2\/media?parent=22974"}],"wp:term":[{"taxonomy":"product_brand","embeddable":true,"href":"https:\/\/www.cortenplus.com\/ro\/wp-json\/wp\/v2\/product_brand?post=22974"},{"taxonomy":"product_cat","embeddable":true,"href":"https:\/\/www.cortenplus.com\/ro\/wp-json\/wp\/v2\/product_cat?post=22974"},{"taxonomy":"product_tag","embeddable":true,"href":"https:\/\/www.cortenplus.com\/ro\/wp-json\/wp\/v2\/product_tag?post=22974"}],"curies":[{"name":"wp","href":"https:\/\/api.w.org\/{rel}","templated":true}]}}