{"id":22992,"date":"2025-06-02T08:37:15","date_gmt":"2025-06-02T06:37:15","guid":{"rendered":"https:\/\/www.cortenplus.com\/about-us\/"},"modified":"2025-06-02T08:37:15","modified_gmt":"2025-06-02T06:37:15","slug":"about-us","status":"publish","type":"page","link":"https:\/\/www.cortenplus.com\/ro\/about-us\/","title":{"rendered":"Despre noi"},"content":{"rendered":"<section><img decoding=\"async\" src=\"\/\/cdn.shopify.com\/s\/files\/1\/0030\/4201\/7353\/files\/Capture_d_ecran_2018-10-25_a_3.39.24_PM_1024x1024.png?v=1540474814\" alt=\"\"><\/section>\n<section><strong><\/strong><\/section>\n<section><strong><\/strong><\/section>\n<section><strong><\/strong><\/section>\n<section><strong><\/strong><\/section>\n<section><strong><\/strong><\/section>\n<section><strong>CE ESTE CORTEN+ ?<\/strong><\/section>\n<section>Corten+ este un accelerator de rugin\u0103 pentru toate tipurile de metale oxidante (o\u021bel, o\u021bel Corten, fier...). Capabil s\u0103 rugineasc\u0103 orice component\u0103 \u00eentr-o or\u0103, cu rezultate constante de \u00eenalt\u0103 calitate. Corten+ este singurul accelerator de rugin\u0103 f\u0103r\u0103 acid, ceea ce \u00eenseamn\u0103 c\u0103 este sigur pentru utilizator. Nu este nevoie de niciun alt produs pentru a opri procesul de oxidare. Dar aplicarea lacului nostru va permite metalului s\u0103 \u00ee\u0219i p\u0103streze aspectul \u00een timp.<\/section>\n<section><\/section>\n<section><\/section>\n<section><strong>F\u0102R\u0102 ACID<\/strong><\/section>\n<section>Acidul este principala component\u0103 a majorit\u0103\u021bii acceleratoarelor de rugin\u0103 disponibile pe pia\u021b\u0103. Cu toate acestea, inhalarea vaporilor toxici din acid este extrem de periculoas\u0103, de aceea am ales o solu\u021bie mai potrivit\u0103. Corten+ \u0219i-a luat un angajament pentru viitor cu un tratament f\u0103r\u0103 acid. S\u0103n\u0103tatea utilizatorilor no\u0219tri nu ar trebui s\u0103 fie pus\u0103 \u00een pericol, a\u0219a c\u0103 am venit cu aceast\u0103 solu\u021bie din motive de siguran\u021b\u0103.<\/p>\n<p>Principalul dezavantaj al acidului este c\u0103 are nevoie de un alt produs numit \"stabilizator\" pentru a opri procesul de oxidare. Pe l\u00e2ng\u0103 faptul c\u0103 este o pierdere de timp, acest produs sl\u0103be\u0219te rugina \u0219i o face s\u0103 se scorojeasc\u0103. Corten+ nu are nevoie de un stabilizator pentru a opri oxidarea, deoarece produsul nu p\u0103trunde ad\u00e2nc \u00een metal, ci doar oxideaz\u0103 suprafa\u021ba.<\/section>\n<section><\/section>\n<section><\/section>\n<section><strong>O RUGIN\u0102 UNIFORM\u0102 DE \u00ceNALT\u0102 CALITATE<\/strong><\/section>\n<section>Produsele de tratament Corten+ formeaz\u0103 o rugin\u0103 \u00eentr-o or\u0103 datorit\u0103 degresantului care las\u0103 o suprafa\u021b\u0103 uscat\u0103 \u0219i f\u0103r\u0103 gr\u0103simi \u0219i datorit\u0103 acceleratorului de rugin\u0103 care va oxida suprafa\u021ba metalului \u00eentr-un mod perfect uniform. <br \/>Tratamentul Corten+ permite metalului s\u0103 dezvolte o rugin\u0103 care poate r\u0103m\u00e2ne intact\u0103 \u00een timp, odat\u0103 ce a ajuns la sf\u00e2r\u0219itul oxid\u0103rii sale.<\/section>\n<section><\/section>\n<section><\/section>\n<section><strong>LIVRARE EXPRES\u0102<\/strong><\/section>\n<section>\n<div style=\"text-align: left;\"><img decoding=\"async\" src=\"https:\/\/cdn.shopify.com\/s\/files\/1\/0030\/4201\/7353\/files\/Transporteurs3_2048x2048.jpg?v=1641223814\" alt=\"\" style=\"float: none;\"><\/div>\n<p><span>\u00a0<\/span><\/section>","protected":false},"excerpt":{"rendered":"<p>WHAT IS CORTEN+\u00a0? Corten+ is a rust accelerator for all types of oxidizing metals (steel, Corten steel, iron&#8230;). Capable of rusting any component in one hour with consistent results of high quality. Corten+ is the only acid-free rust accelerator, which means it is safe for the user. No other product is needed to stop the [&hellip;]<\/p>\n","protected":false},"author":1,"featured_media":0,"parent":0,"menu_order":0,"comment_status":"closed","ping_status":"closed","template":"","meta":{"_uag_custom_page_level_css":"","site-sidebar-layout":"default","site-content-layout":"","ast-site-content-layout":"default","site-content-style":"default","site-sidebar-style":"default","ast-global-header-display":"","ast-banner-title-visibility":"","ast-main-header-display":"","ast-hfb-above-header-display":"","ast-hfb-below-header-display":"","ast-hfb-mobile-header-display":"","site-post-title":"","ast-breadcrumbs-content":"","ast-featured-img":"","footer-sml-layout":"","ast-disable-related-posts":"","theme-transparent-header-meta":"","adv-header-id-meta":"","stick-header-meta":"","header-above-stick-meta":"","header-main-stick-meta":"","header-below-stick-meta":"","astra-migrate-meta-layouts":"default","ast-page-background-enabled":"default","ast-page-background-meta":{"desktop":{"background-color":"var(--ast-global-color-4)","background-image":"","background-repeat":"repeat","background-position":"center center","background-size":"auto","background-attachment":"scroll","background-type":"","background-media":"","overlay-type":"","overlay-color":"","overlay-opacity":"","overlay-gradient":""},"tablet":{"background-color":"","background-image":"","background-repeat":"repeat","background-position":"center center","background-size":"auto","background-attachment":"scroll","background-type":"","background-media":"","overlay-type":"","overlay-color":"","overlay-opacity":"","overlay-gradient":""},"mobile":{"background-color":"","background-image":"","background-repeat":"repeat","background-position":"center center","background-size":"auto","background-attachment":"scroll","background-type":"","background-media":"","overlay-type":"","overlay-color":"","overlay-opacity":"","overlay-gradient":""}},"ast-content-background-meta":{"desktop":{"background-color":"var(--ast-global-color-5)","background-image":"","background-repeat":"repeat","background-position":"center center","background-size":"auto","background-attachment":"scroll","background-type":"","background-media":"","overlay-type":"","overlay-color":"","overlay-opacity":"","overlay-gradient":""},"tablet":{"background-color":"var(--ast-global-color-5)","background-image":"","background-repeat":"repeat","background-position":"center center","background-size":"auto","background-attachment":"scroll","background-type":"","background-media":"","overlay-type":"","overlay-color":"","overlay-opacity":"","overlay-gradient":""},"mobile":{"background-color":"var(--ast-global-color-5)","background-image":"","background-repeat":"repeat","background-position":"center center","background-size":"auto","background-attachment":"scroll","background-type":"","background-media":"","overlay-type":"","overlay-color":"","overlay-opacity":"","overlay-gradient":""}},"footnotes":""},"class_list":["post-22992","page","type-page","status-publish","hentry"],"spectra_custom_meta":{"_s2w_shopify_page_id":["19859505225"],"_s2w_shopify_domain":["cortenplus.myshopify.com"],"_uag_css_file_name":["uag-css-22992.css"],"_uag_page_assets":["a:9:{s:3:\"css\";s:7133:\".uag-blocks-common-selector{z-index:var(--z-index-desktop) !important}@media(max-width: 976px){.uag-blocks-common-selector{z-index:var(--z-index-tablet) !important}}@media(max-width: 767px){.uag-blocks-common-selector{z-index:var(--z-index-mobile) !important}}.wp-block-uagb-image{display:flex}.wp-block-uagb-image__figure{position:relative;display:flex;flex-direction:column;max-width:100%;height:auto;margin:0}.wp-block-uagb-image__figure img{height:auto;display:flex;max-width:100%;transition:box-shadow .2s ease}.wp-block-uagb-image__figure>a{display:inline-block}.wp-block-uagb-image__figure figcaption{text-align:center;margin-top:.5em;margin-bottom:1em}.wp-block-uagb-image .components-placeholder.block-editor-media-placeholder .components-placeholder__instructions{align-self:center}.wp-block-uagb-image--align-left{text-align:left}.wp-block-uagb-image--align-right{text-align:right}.wp-block-uagb-image--align-center{text-align:center}.wp-block-uagb-image--align-full .wp-block-uagb-image__figure{margin-left:calc(50% - 50vw);margin-right:calc(50% - 50vw);max-width:100vw;width:100vw;height:auto}.wp-block-uagb-image--align-full .wp-block-uagb-image__figure img{height:auto;width:100% !important}.wp-block-uagb-image--align-wide .wp-block-uagb-image__figure img{height:auto;width:100%}.wp-block-uagb-image--layout-overlay__color-wrapper{position:absolute;left:0;top:0;right:0;bottom:0;opacity:.2;background:rgba(0,0,0,.5);transition:opacity .35s ease-in-out}.wp-block-uagb-image--layout-overlay-link{position:absolute;left:0;right:0;bottom:0;top:0}.wp-block-uagb-image--layout-overlay .wp-block-uagb-image__figure:hover .wp-block-uagb-image--layout-overlay__color-wrapper{opacity:1}.wp-block-uagb-image--layout-overlay__inner{position:absolute;left:15px;right:15px;bottom:15px;top:15px;display:flex;align-items:center;justify-content:center;flex-direction:column;border-color:#fff;transition:.35s ease-in-out}.wp-block-uagb-image--layout-overlay__inner.top-left,.wp-block-uagb-image--layout-overlay__inner.top-center,.wp-block-uagb-image--layout-overlay__inner.top-right{justify-content:flex-start}.wp-block-uagb-image--layout-overlay__inner.bottom-left,.wp-block-uagb-image--layout-overlay__inner.bottom-center,.wp-block-uagb-image--layout-overlay__inner.bottom-right{justify-content:flex-end}.wp-block-uagb-image--layout-overlay__inner.top-left,.wp-block-uagb-image--layout-overlay__inner.center-left,.wp-block-uagb-image--layout-overlay__inner.bottom-left{align-items:flex-start}.wp-block-uagb-image--layout-overlay__inner.top-right,.wp-block-uagb-image--layout-overlay__inner.center-right,.wp-block-uagb-image--layout-overlay__inner.bottom-right{align-items:flex-end}.wp-block-uagb-image--layout-overlay__inner .uagb-image-heading{color:#fff;transition:transform .35s,opacity .35s ease-in-out;transform:translate3d(0, 24px, 0);margin:0;line-height:1em}.wp-block-uagb-image--layout-overlay__inner .uagb-image-separator{width:30%;border-top-width:2px;border-top-color:#fff;border-top-style:solid;margin-bottom:10px;opacity:0;transition:transform .4s,opacity .4s ease-in-out;transform:translate3d(0, 30px, 0)}.wp-block-uagb-image--layout-overlay__inner .uagb-image-caption{opacity:0;overflow:visible;color:#fff;transition:transform .45s,opacity .45s ease-in-out;transform:translate3d(0, 35px, 0)}.wp-block-uagb-image--layout-overlay__inner:hover .uagb-image-heading,.wp-block-uagb-image--layout-overlay__inner:hover .uagb-image-separator,.wp-block-uagb-image--layout-overlay__inner:hover .uagb-image-caption{opacity:1;transform:translate3d(0, 0, 0)}.wp-block-uagb-image--effect-zoomin .wp-block-uagb-image__figure img,.wp-block-uagb-image--effect-zoomin .wp-block-uagb-image__figure .wp-block-uagb-image--layout-overlay__color-wrapper{transform:scale(1);transition:transform .35s ease-in-out}.wp-block-uagb-image--effect-zoomin .wp-block-uagb-image__figure:hover img,.wp-block-uagb-image--effect-zoomin .wp-block-uagb-image__figure:hover .wp-block-uagb-image--layout-overlay__color-wrapper{transform:scale(1.05)}.wp-block-uagb-image--effect-slide .wp-block-uagb-image__figure img,.wp-block-uagb-image--effect-slide .wp-block-uagb-image__figure .wp-block-uagb-image--layout-overlay__color-wrapper{width:calc(100% + 40px) !important;max-width:none !important;transform:translate3d(-40px, 0, 0);transition:transform .35s ease-in-out}.wp-block-uagb-image--effect-slide .wp-block-uagb-image__figure:hover img,.wp-block-uagb-image--effect-slide .wp-block-uagb-image__figure:hover .wp-block-uagb-image--layout-overlay__color-wrapper{transform:translate3d(0, 0, 0)}.wp-block-uagb-image--effect-grayscale img{filter:grayscale(0%);transition:.35s ease-in-out}.wp-block-uagb-image--effect-grayscale:hover img{filter:grayscale(100%)}.wp-block-uagb-image--effect-blur img{filter:blur(0);transition:.35s ease-in-out}.wp-block-uagb-image--effect-blur:hover img{filter:blur(3px)}.uagb-block-e6f939b3.wp-block-uagb-image--layout-default figure img{box-shadow: 0px 0px 0 #00000070;}.uagb-block-e6f939b3.wp-block-uagb-image .wp-block-uagb-image__figure figcaption{font-style: normal;align-self: center;}.uagb-block-e6f939b3.wp-block-uagb-image--layout-overlay figure img{box-shadow: 0px 0px 0 #00000070;}.uagb-block-e6f939b3.wp-block-uagb-image--layout-overlay .wp-block-uagb-image--layout-overlay__color-wrapper{opacity: 0.2;}.uagb-block-e6f939b3.wp-block-uagb-image--layout-overlay .wp-block-uagb-image--layout-overlay__inner{left: 15px;right: 15px;top: 15px;bottom: 15px;}.uagb-block-e6f939b3.wp-block-uagb-image--layout-overlay .wp-block-uagb-image--layout-overlay__inner .uagb-image-heading{font-style: normal;color: #fff;opacity: 1;}.uagb-block-e6f939b3.wp-block-uagb-image--layout-overlay .wp-block-uagb-image--layout-overlay__inner .uagb-image-heading a{color: #fff;}.uagb-block-e6f939b3.wp-block-uagb-image--layout-overlay .wp-block-uagb-image--layout-overlay__inner .uagb-image-caption{opacity: 0;}.uagb-block-e6f939b3.wp-block-uagb-image--layout-overlay .wp-block-uagb-image__figure:hover .wp-block-uagb-image--layout-overlay__color-wrapper{opacity: 1;}.uagb-block-e6f939b3.wp-block-uagb-image .wp-block-uagb-image--layout-overlay__inner .uagb-image-separator{width: 30%;border-top-width: 2px;border-top-color: #fff;opacity: 0;}.uagb-block-e6f939b3.wp-block-uagb-image .wp-block-uagb-image__figure img{width: px;height: auto;}.uagb-block-e6f939b3.wp-block-uagb-image .wp-block-uagb-image__figure:hover .wp-block-uagb-image--layout-overlay__inner .uagb-image-caption{opacity: 1;}.uagb-block-e6f939b3.wp-block-uagb-image .wp-block-uagb-image__figure:hover .wp-block-uagb-image--layout-overlay__inner .uagb-image-separator{opacity: 1;}.uagb-block-e6f939b3.wp-block-uagb-image--layout-default figure:hover img{box-shadow: 0px 0px 0 #00000070;}.uagb-block-e6f939b3.wp-block-uagb-image--layout-overlay figure:hover img{box-shadow: 0px 0px 0 #00000070;}@media only screen and (max-width: 976px) {.uagb-block-e6f939b3.wp-block-uagb-image .wp-block-uagb-image__figure img{width: px;height: auto;}}@media only screen and (max-width: 767px) {.uagb-block-e6f939b3.wp-block-uagb-image .wp-block-uagb-image__figure img{width: px;height: auto;}}\";s:2:\"js\";s:0:\"\";s:18:\"current_block_list\";a:13:{i:0;s:11:\"core\/search\";i:1;s:10:\"core\/group\";i:2;s:12:\"core\/heading\";i:3;s:17:\"core\/latest-posts\";i:4;s:20:\"core\/latest-comments\";i:5;s:13:\"core\/archives\";i:6;s:15:\"core\/categories\";i:7;s:14:\"core\/paragraph\";i:8;s:10:\"uagb\/image\";i:9;s:11:\"core\/spacer\";i:10;s:30:\"woocommerce\/product-categories\";i:11;s:10:\"core\/image\";i:12;s:14:\"core\/shortcode\";}s:8:\"uag_flag\";b:1;s:11:\"uag_version\";s:10:\"1777508163\";s:6:\"gfonts\";a:0:{}s:10:\"gfonts_url\";s:0:\"\";s:12:\"gfonts_files\";a:0:{}s:14:\"uag_faq_layout\";b:0;}"]},"uagb_featured_image_src":{"full":false,"thumbnail":false,"medium":false,"medium_large":false,"large":false,"1536x1536":false,"2048x2048":false,"trp-custom-language-flag":false,"woocommerce_thumbnail":false,"woocommerce_single":false,"woocommerce_gallery_thumbnail":false},"uagb_author_info":{"display_name":"admin","author_link":"https:\/\/www.cortenplus.com\/ro\/author\/admin2721\/"},"uagb_comment_info":0,"uagb_excerpt":"WHAT IS CORTEN+\u00a0? Corten+ is a rust accelerator for all types of oxidizing metals (steel, Corten steel, iron&#8230;). Capable of rusting any component in one hour with consistent results of high quality. Corten+ is the only acid-free rust accelerator, which means it is safe for the user. No other product is needed to stop the&hellip;","_links":{"self":[{"href":"https:\/\/www.cortenplus.com\/ro\/wp-json\/wp\/v2\/pages\/22992","targetHints":{"allow":["GET"]}}],"collection":[{"href":"https:\/\/www.cortenplus.com\/ro\/wp-json\/wp\/v2\/pages"}],"about":[{"href":"https:\/\/www.cortenplus.com\/ro\/wp-json\/wp\/v2\/types\/page"}],"author":[{"embeddable":true,"href":"https:\/\/www.cortenplus.com\/ro\/wp-json\/wp\/v2\/users\/1"}],"replies":[{"embeddable":true,"href":"https:\/\/www.cortenplus.com\/ro\/wp-json\/wp\/v2\/comments?post=22992"}],"version-history":[{"count":0,"href":"https:\/\/www.cortenplus.com\/ro\/wp-json\/wp\/v2\/pages\/22992\/revisions"}],"wp:attachment":[{"href":"https:\/\/www.cortenplus.com\/ro\/wp-json\/wp\/v2\/media?parent=22992"}],"curies":[{"name":"wp","href":"https:\/\/api.w.org\/{rel}","templated":true}]}}