{"id":22982,"date":"2025-06-02T08:36:35","date_gmt":"2025-06-02T06:36:35","guid":{"rendered":"https:\/\/www.cortenplus.com\/products\/sealer\/"},"modified":"2026-02-28T15:02:28","modified_gmt":"2026-02-28T14:02:28","slug":"sealer","status":"publish","type":"product","link":"https:\/\/www.cortenplus.com\/pl\/products\/sealer\/","title":{"rendered":"Lakier"},"content":{"rendered":"<p><strong><img decoding=\"async\" style=\"margin-right: 12px;\" src=\"https:\/\/www.cortenplus.com\/wp-content\/uploads\/2026\/02\/Check.svg\" alt=\"\" width=\"18\" height=\"15\" \/>Chroni stal corten, zachowuj\u0105c jej autentyczny zardzewia\u0142y wygl\u0105d.<\/strong> Nasz lakier do stali corten zosta\u0142 specjalnie opracowany do uszczelniania i ochrony zwietrza\u0142ych powierzchni stalowych bez zmiany ich charakterystycznej patyny. Uwydatnia naturalne odcienie rdzy, tworz\u0105c jednocze\u015bnie przezroczyst\u0105 barier\u0119, kt\u00f3ra stabilizuje powierzchni\u0119 i zapobiega dalszej niekontrolowanej korozji, pozwalaj\u0105c zachowa\u0107 industrialn\u0105 estetyk\u0119 i d\u0142ugotrwa\u0142\u0105 trwa\u0142o\u015b\u0107.<\/p>\n<p><strong><img decoding=\"async\" style=\"margin-right: 12px;\" src=\"https:\/\/www.cortenplus.com\/wp-content\/uploads\/2026\/02\/Check.svg\" alt=\"\" width=\"18\" height=\"15\" \/>Najskuteczniejsza ochrona powierzchni ze stali corten.<\/strong> Dzi\u0119ki zaawansowanej formule ochronnej lakier ten penetruje i uszczelnia porowat\u0105 warstw\u0119 rdzy, blokuj\u0105c j\u0105 i zapobiegaj\u0105c \u0142uszczeniu si\u0119, plamieniu i post\u0119puj\u0105cemu utlenianiu. W por\u00f3wnaniu z konwencjonalnymi uszczelniaczami zapewnia doskona\u0142\u0105 przyczepno\u015b\u0107 i d\u0142ugotrwa\u0142\u0105 wydajno\u015b\u0107, dzi\u0119ki czemu jest najskuteczniejszym rozwi\u0105zaniem do ochrony stali corten zar\u00f3wno w \u015brodowisku wewn\u0119trznym, jak i zewn\u0119trznym.<\/p>\n<p><strong><img decoding=\"async\" style=\"margin-right: 12px;\" src=\"https:\/\/www.cortenplus.com\/wp-content\/uploads\/2026\/02\/Check.svg\" alt=\"\" width=\"18\" height=\"15\" \/>Najta\u0144szy wysokowydajny lakier do stali corten.<\/strong> Oferujemy najbardziej konkurencyjne ceny na rynku bez kompromis\u00f3w w zakresie jako\u015bci. Korzystasz z profesjonalnej ochrony w najta\u0144szej dost\u0119pnej cenie, dzi\u0119ki czemu jest to idealne rozwi\u0105zanie dla architekt\u00f3w, wykonawc\u00f3w, projektant\u00f3w i w\u0142a\u015bcicieli dom\u00f3w poszukuj\u0105cych doskona\u0142ych rezultat\u00f3w przy kontrolowanym bud\u017cecie.<\/p>\n<p><strong><img decoding=\"async\" style=\"margin-right: 12px;\" src=\"https:\/\/www.cortenplus.com\/wp-content\/uploads\/2026\/02\/Check.svg\" alt=\"\" width=\"18\" height=\"15\" \/>Szybka dostawa w ci\u0105gu 24 godzin, dzi\u0119ki czemu projekt nigdy nie zwalnia tempa.<\/strong> Gwarantujemy dostaw\u0119 w ci\u0105gu 24 godzin, zapewniaj\u0105c, \u017ce konstrukcje ze stali corten, fasady, donice, rze\u017aby lub projekty ok\u0142adzin mog\u0105 by\u0107 realizowane bez op\u00f3\u017anie\u0144. Niezale\u017cnie od tego, czy chodzi o terminy budowlane, czy instalacje dekoracyjne, produkt jest dostarczany szybko i niezawodnie.<\/p>\n<p><strong><img decoding=\"async\" style=\"margin-right: 12px;\" src=\"https:\/\/www.cortenplus.com\/wp-content\/uploads\/2026\/02\/Check.svg\" alt=\"\" width=\"18\" height=\"15\" \/>Gwarancja zwrotu pieni\u0119dzy za zakup bez ryzyka.<\/strong> Jeste\u015bmy przekonani o wydajno\u015bci naszego lakieru do stali corten i zapewniamy pe\u0142n\u0105 gwarancj\u0119 zwrotu pieni\u0119dzy. Je\u015bli nie b\u0119dziesz w pe\u0142ni zadowolony z rezultat\u00f3w, zwr\u00f3cimy Ci pieni\u0105dze za zakup. Twoja inwestycja jest chroniona, a Twoje zadowolenie jest naszym priorytetem.<\/p>\n<p><strong><img decoding=\"async\" style=\"margin-right: 12px;\" src=\"https:\/\/www.cortenplus.com\/wp-content\/uploads\/2026\/02\/Check.svg\" alt=\"\" width=\"18\" height=\"15\" \/>Wysoki wsp\u00f3\u0142czynnik pokrycia dla ekonomicznej aplikacji.<\/strong> Nasz lakier do stali corten oferuje doskona\u0142e pokrycie do 10 m\u00b2 na litr, w zale\u017cno\u015bci od tekstury powierzchni i absorpcji. Takie obfite pokrycie zmniejsza zu\u017cycie produktu, obni\u017ca koszty aplikacji i zapewnia wydajn\u0105 obr\u00f3bk\u0119 du\u017cych powierzchni.<\/p>\n<p><strong><img decoding=\"async\" style=\"margin-right: 12px;\" src=\"https:\/\/www.cortenplus.com\/wp-content\/uploads\/2026\/02\/Check.svg\" alt=\"\" width=\"18\" height=\"15\" \/>Zapobiega sp\u0142ywaniu rdzy i plamieniu powierzchni.<\/strong> Jednym z g\u0142\u00f3wnych problem\u00f3w zwi\u0105zanych z nieobrobion\u0105 stal\u0105 corten jest przenikanie rdzy na otaczaj\u0105ce materia\u0142y. Nasz lakier stabilizuje utlenion\u0105 warstw\u0119 i znacznie zmniejsza sp\u0142ywanie rdzy, chroni\u0105c s\u0105siednie \u015bciany, kamie\u0144, beton i pod\u0142ogi przed nieestetycznymi plamami.<\/p>\n<p><strong><img decoding=\"async\" style=\"margin-right: 12px;\" src=\"https:\/\/www.cortenplus.com\/wp-content\/uploads\/2026\/02\/Check.svg\" alt=\"\" width=\"18\" height=\"15\" \/>Nadaje si\u0119 do zastosowa\u0144 wewn\u0119trznych i zewn\u0119trznych.<\/strong> Lakier ten zosta\u0142 zaprojektowany tak, aby wytrzyma\u0107 zewn\u0119trzne warunki pogodowe, w tym wilgo\u0107, promieniowanie UV i zmiany temperatury, a jednocze\u015bnie doskonale nadaje si\u0119 do dekoracji wn\u0119trz. Tworzy trwa\u0142\u0105 pow\u0142ok\u0119 ochronn\u0105, kt\u00f3ra utrzymuje integralno\u015b\u0107 stali corten w ka\u017cdym \u015brodowisku.<\/p>\n<p><strong><img decoding=\"async\" style=\"margin-right: 12px;\" src=\"https:\/\/www.cortenplus.com\/wp-content\/uploads\/2026\/02\/Check.svg\" alt=\"\" width=\"18\" height=\"15\" \/>Zwi\u0119ksza g\u0142\u0119bi\u0119 kolor\u00f3w i efekt wizualny.<\/strong> Po na\u0142o\u017ceniu lakier intensyfikuje ciep\u0142e miedziane i br\u0105zowe odcienie stali corten, wzbogacaj\u0105c jej tekstur\u0119 i nadaj\u0105c jej lekko satynowe lub matowe wyko\u0144czenie w zale\u017cno\u015bci od zastosowania. Rezultatem jest bardziej jednolita i efektowna wizualnie powierzchnia.<\/p>\n<p><strong><img decoding=\"async\" style=\"margin-right: 12px;\" src=\"https:\/\/www.cortenplus.com\/wp-content\/uploads\/2026\/02\/Check.svg\" alt=\"\" width=\"18\" height=\"15\" \/>Wyd\u0142u\u017ca \u017cywotno\u015b\u0107 instalacji ze stali corten.<\/strong> Stabilizuj\u0105c warstw\u0119 rdzy i chroni\u0105c j\u0105 przed agresywnymi czynnikami \u015brodowiskowymi, lakier ten znacznie wyd\u0142u\u017ca strukturaln\u0105 i estetyczn\u0105 \u017cywotno\u015b\u0107 element\u00f3w ze stali corten. Zmniejsza cz\u0119stotliwo\u015b\u0107 konserwacji i chroni inwestycj\u0119 przez d\u0142ugi czas.<\/p>\n<h2><strong>Instrukcje<\/strong><\/h2>\n<ul>\n<li>Przed aplikacj\u0105 nale\u017cy upewni\u0107 si\u0119, \u017ce na powierzchni stali corten powsta\u0142a stabilna warstwa rdzy. Powierzchnia musi by\u0107 sucha, czysta i wolna od t\u0142uszczu, lu\u017anych cz\u0105stek lub kurzu.<\/li>\n<li>W razie potrzeby usun\u0105\u0107 lu\u017an\u0105 rdz\u0119 mi\u0119kk\u0105 szczotk\u0105 i oczy\u015bci\u0107 powierzchni\u0119 such\u0105 szmatk\u0105. Nie nak\u0142ada\u0107 na mokr\u0105 stal.<\/li>\n<li>Przed u\u017cyciem lakier nale\u017cy dok\u0142adnie wymiesza\u0107, aby zapewni\u0107 jednolit\u0105 konsystencj\u0119.<\/li>\n<li>Nak\u0142ada\u0107 cienk\u0105 i r\u00f3wnomiern\u0105 warstw\u0119 za pomoc\u0105 p\u0119dzla, wa\u0142ka lub systemu natryskowego. Unikaj przeci\u0105\u017cania powierzchni, aby zapobiec kapaniu lub nier\u00f3wnomiernemu po\u0142yskowi.<\/li>\n<li>Zalecana dawka wynosi oko\u0142o 100 ml na metr kwadratowy, w zale\u017cno\u015bci od porowato\u015bci i tekstury zardzewia\u0142ej powierzchni.<\/li>\n<li>Pokrycie wynosi do 10 m\u00b2 na litr na warstw\u0119. W przypadku bardzo porowatych powierzchni mo\u017ce wyst\u0105pi\u0107 nieco wi\u0119ksze zu\u017cycie.<\/li>\n<li>Pozostawi\u0107 pierwsz\u0105 warstw\u0119 do wyschni\u0119cia na 4 do 6 godzin w zale\u017cno\u015bci od temperatury i wentylacji.<\/li>\n<li>Dla lepszej ochrony, szczeg\u00f3lnie na zewn\u0105trz, na\u0142\u00f3\u017c drug\u0105 warstw\u0119 po ca\u0142kowitym wyschni\u0119ciu pierwszej warstwy.<\/li>\n<li>Unika\u0107 ekspozycji na deszcz lub wilgo\u0107 przez co najmniej 24 godziny po aplikacji, aby zapewni\u0107 prawid\u0142owe utwardzenie.<\/li>\n<li>W celu konserwacji nale\u017cy przeprowadza\u0107 coroczn\u0105 inspekcj\u0119 i ponowi\u0107 aplikacj\u0119, je\u015bli pojawi\u0105 si\u0119 oznaki zu\u017cycia lub zmniejszonej ochrony.<\/li>\n<\/ul>","protected":false},"excerpt":{"rendered":"<p>Protects corten steel while preserving its authentic rusted appearance. Our corten steel varnish is specially developed to seal and protect weathered steel surfaces without altering their distinctive patina. It enhances the natural rust tones while forming a transparent barrier that stabilizes the surface and prevents further uncontrolled corrosion, allowing you to maintain the industrial aesthetic [&hellip;]<\/p>\n","protected":false},"featured_media":23075,"comment_status":"open","ping_status":"closed","template":"","meta":{"_uag_custom_page_level_css":"","site-sidebar-layout":"default","site-content-layout":"","ast-site-content-layout":"default","site-content-style":"default","site-sidebar-style":"default","ast-global-header-display":"","ast-banner-title-visibility":"","ast-main-header-display":"","ast-hfb-above-header-display":"","ast-hfb-below-header-display":"","ast-hfb-mobile-header-display":"","site-post-title":"","ast-breadcrumbs-content":"","ast-featured-img":"","footer-sml-layout":"","ast-disable-related-posts":"","theme-transparent-header-meta":"default","adv-header-id-meta":"","stick-header-meta":"","header-above-stick-meta":"","header-main-stick-meta":"","header-below-stick-meta":"","astra-migrate-meta-layouts":"set","ast-page-background-enabled":"default","ast-page-background-meta":{"desktop":{"background-color":"var(--ast-global-color-4)","background-image":"","background-repeat":"repeat","background-position":"center center","background-size":"auto","background-attachment":"scroll","background-type":"","background-media":"","overlay-type":"","overlay-color":"","overlay-opacity":"","overlay-gradient":""},"tablet":{"background-color":"","background-image":"","background-repeat":"repeat","background-position":"center center","background-size":"auto","background-attachment":"scroll","background-type":"","background-media":"","overlay-type":"","overlay-color":"","overlay-opacity":"","overlay-gradient":""},"mobile":{"background-color":"","background-image":"","background-repeat":"repeat","background-position":"center center","background-size":"auto","background-attachment":"scroll","background-type":"","background-media":"","overlay-type":"","overlay-color":"","overlay-opacity":"","overlay-gradient":""}},"ast-content-background-meta":{"desktop":{"background-color":"var(--ast-global-color-5)","background-image":"","background-repeat":"repeat","background-position":"center center","background-size":"auto","background-attachment":"scroll","background-type":"","background-media":"","overlay-type":"","overlay-color":"","overlay-opacity":"","overlay-gradient":""},"tablet":{"background-color":"var(--ast-global-color-5)","background-image":"","background-repeat":"repeat","background-position":"center center","background-size":"auto","background-attachment":"scroll","background-type":"","background-media":"","overlay-type":"","overlay-color":"","overlay-opacity":"","overlay-gradient":""},"mobile":{"background-color":"var(--ast-global-color-5)","background-image":"","background-repeat":"repeat","background-position":"center center","background-size":"auto","background-attachment":"scroll","background-type":"","background-media":"","overlay-type":"","overlay-color":"","overlay-opacity":"","overlay-gradient":""}}},"product_brand":[],"product_cat":[15],"product_tag":[],"class_list":{"0":"post-22982","1":"product","2":"type-product","3":"status-publish","4":"has-post-thumbnail","6":"product_cat-shop","7":"desktop-align-left","8":"tablet-align-left","9":"mobile-align-left","11":"first","12":"instock","13":"sale","14":"shipping-taxable","15":"purchasable","16":"product-type-variable","17":"has-default-attributes"},"spectra_custom_meta":{"_visibility":["visible"],"_shopify_product_id":["1462403825737"],"_s2w_shopify_domain":["cortenplus.myshopify.com"],"_shopify_variant_id":["19126926278729"],"_manage_stock":["no"],"total_sales":["843"],"_tax_status":["taxable"],"_tax_class":[""],"_backorders":["no"],"_sold_individually":["no"],"_virtual":["no"],"_downloadable":["no"],"_download_limit":["-1"],"_download_expiry":["-1"],"_stock":[null],"_stock_status":["instock"],"_wc_average_rating":["4.48"],"_wc_review_count":["128"],"_product_attributes":["a:1:{s:6:\"volume\";a:6:{s:4:\"name\";s:6:\"Volume\";s:5:\"value\";s:30:\"1 liter | 5 liters | 20 liters\";s:8:\"position\";i:1;s:10:\"is_visible\";i:0;s:12:\"is_variation\";i:1;s:11:\"is_taxonomy\";i:0;}}"],"_product_version":["10.5.2"],"_product_image_gallery":["23076,23077"],"_edit_lock":["1772287267:1"],"_edit_last":["1"],"_wp_page_template":["default"],"site-sidebar-layout":["default"],"ast-site-content-layout":["default"],"site-content-style":["default"],"site-sidebar-style":["default"],"theme-transparent-header-meta":["default"],"_default_attributes":["a:1:{s:6:\"volume\";s:7:\"1 liter\";}"],"merchant-center-category":["505378"],"merchant-center-availability":["yes"],"_wc_rating_count":["a:3:{i:3;i:25;i:4;i:16;i:5;i:87;}"],"_upsell_ids":["a:3:{i:0;i:22962;i:1;i:22963;i:2;i:22974;}"],"_crosssell_ids":["a:3:{i:0;i:22962;i:1;i:22963;i:2;i:22974;}"],"_price":["39.90","189.90","699.90"],"_thumbnail_id":["23075"],"astra-migrate-meta-layouts":["set"],"_uag_css_file_name":["uag-css-22982.css"],"_elementor_page_assets":["a:0:{}"],"_uag_page_assets":["a:9:{s:3:\"css\";s:7133:\".uag-blocks-common-selector{z-index:var(--z-index-desktop) !important}@media(max-width: 976px){.uag-blocks-common-selector{z-index:var(--z-index-tablet) !important}}@media(max-width: 767px){.uag-blocks-common-selector{z-index:var(--z-index-mobile) !important}}.wp-block-uagb-image{display:flex}.wp-block-uagb-image__figure{position:relative;display:flex;flex-direction:column;max-width:100%;height:auto;margin:0}.wp-block-uagb-image__figure img{height:auto;display:flex;max-width:100%;transition:box-shadow .2s ease}.wp-block-uagb-image__figure>a{display:inline-block}.wp-block-uagb-image__figure figcaption{text-align:center;margin-top:.5em;margin-bottom:1em}.wp-block-uagb-image .components-placeholder.block-editor-media-placeholder .components-placeholder__instructions{align-self:center}.wp-block-uagb-image--align-left{text-align:left}.wp-block-uagb-image--align-right{text-align:right}.wp-block-uagb-image--align-center{text-align:center}.wp-block-uagb-image--align-full .wp-block-uagb-image__figure{margin-left:calc(50% - 50vw);margin-right:calc(50% - 50vw);max-width:100vw;width:100vw;height:auto}.wp-block-uagb-image--align-full .wp-block-uagb-image__figure img{height:auto;width:100% !important}.wp-block-uagb-image--align-wide .wp-block-uagb-image__figure img{height:auto;width:100%}.wp-block-uagb-image--layout-overlay__color-wrapper{position:absolute;left:0;top:0;right:0;bottom:0;opacity:.2;background:rgba(0,0,0,.5);transition:opacity .35s ease-in-out}.wp-block-uagb-image--layout-overlay-link{position:absolute;left:0;right:0;bottom:0;top:0}.wp-block-uagb-image--layout-overlay .wp-block-uagb-image__figure:hover .wp-block-uagb-image--layout-overlay__color-wrapper{opacity:1}.wp-block-uagb-image--layout-overlay__inner{position:absolute;left:15px;right:15px;bottom:15px;top:15px;display:flex;align-items:center;justify-content:center;flex-direction:column;border-color:#fff;transition:.35s ease-in-out}.wp-block-uagb-image--layout-overlay__inner.top-left,.wp-block-uagb-image--layout-overlay__inner.top-center,.wp-block-uagb-image--layout-overlay__inner.top-right{justify-content:flex-start}.wp-block-uagb-image--layout-overlay__inner.bottom-left,.wp-block-uagb-image--layout-overlay__inner.bottom-center,.wp-block-uagb-image--layout-overlay__inner.bottom-right{justify-content:flex-end}.wp-block-uagb-image--layout-overlay__inner.top-left,.wp-block-uagb-image--layout-overlay__inner.center-left,.wp-block-uagb-image--layout-overlay__inner.bottom-left{align-items:flex-start}.wp-block-uagb-image--layout-overlay__inner.top-right,.wp-block-uagb-image--layout-overlay__inner.center-right,.wp-block-uagb-image--layout-overlay__inner.bottom-right{align-items:flex-end}.wp-block-uagb-image--layout-overlay__inner .uagb-image-heading{color:#fff;transition:transform .35s,opacity .35s ease-in-out;transform:translate3d(0, 24px, 0);margin:0;line-height:1em}.wp-block-uagb-image--layout-overlay__inner .uagb-image-separator{width:30%;border-top-width:2px;border-top-color:#fff;border-top-style:solid;margin-bottom:10px;opacity:0;transition:transform .4s,opacity .4s ease-in-out;transform:translate3d(0, 30px, 0)}.wp-block-uagb-image--layout-overlay__inner .uagb-image-caption{opacity:0;overflow:visible;color:#fff;transition:transform .45s,opacity .45s ease-in-out;transform:translate3d(0, 35px, 0)}.wp-block-uagb-image--layout-overlay__inner:hover .uagb-image-heading,.wp-block-uagb-image--layout-overlay__inner:hover .uagb-image-separator,.wp-block-uagb-image--layout-overlay__inner:hover .uagb-image-caption{opacity:1;transform:translate3d(0, 0, 0)}.wp-block-uagb-image--effect-zoomin .wp-block-uagb-image__figure img,.wp-block-uagb-image--effect-zoomin .wp-block-uagb-image__figure .wp-block-uagb-image--layout-overlay__color-wrapper{transform:scale(1);transition:transform .35s ease-in-out}.wp-block-uagb-image--effect-zoomin .wp-block-uagb-image__figure:hover img,.wp-block-uagb-image--effect-zoomin .wp-block-uagb-image__figure:hover .wp-block-uagb-image--layout-overlay__color-wrapper{transform:scale(1.05)}.wp-block-uagb-image--effect-slide .wp-block-uagb-image__figure img,.wp-block-uagb-image--effect-slide .wp-block-uagb-image__figure .wp-block-uagb-image--layout-overlay__color-wrapper{width:calc(100% + 40px) !important;max-width:none !important;transform:translate3d(-40px, 0, 0);transition:transform .35s ease-in-out}.wp-block-uagb-image--effect-slide .wp-block-uagb-image__figure:hover img,.wp-block-uagb-image--effect-slide .wp-block-uagb-image__figure:hover .wp-block-uagb-image--layout-overlay__color-wrapper{transform:translate3d(0, 0, 0)}.wp-block-uagb-image--effect-grayscale img{filter:grayscale(0%);transition:.35s ease-in-out}.wp-block-uagb-image--effect-grayscale:hover img{filter:grayscale(100%)}.wp-block-uagb-image--effect-blur img{filter:blur(0);transition:.35s ease-in-out}.wp-block-uagb-image--effect-blur:hover img{filter:blur(3px)}.uagb-block-e6f939b3.wp-block-uagb-image--layout-default figure img{box-shadow: 0px 0px 0 #00000070;}.uagb-block-e6f939b3.wp-block-uagb-image .wp-block-uagb-image__figure figcaption{font-style: normal;align-self: center;}.uagb-block-e6f939b3.wp-block-uagb-image--layout-overlay figure img{box-shadow: 0px 0px 0 #00000070;}.uagb-block-e6f939b3.wp-block-uagb-image--layout-overlay .wp-block-uagb-image--layout-overlay__color-wrapper{opacity: 0.2;}.uagb-block-e6f939b3.wp-block-uagb-image--layout-overlay .wp-block-uagb-image--layout-overlay__inner{left: 15px;right: 15px;top: 15px;bottom: 15px;}.uagb-block-e6f939b3.wp-block-uagb-image--layout-overlay .wp-block-uagb-image--layout-overlay__inner .uagb-image-heading{font-style: normal;color: #fff;opacity: 1;}.uagb-block-e6f939b3.wp-block-uagb-image--layout-overlay .wp-block-uagb-image--layout-overlay__inner .uagb-image-heading a{color: #fff;}.uagb-block-e6f939b3.wp-block-uagb-image--layout-overlay .wp-block-uagb-image--layout-overlay__inner .uagb-image-caption{opacity: 0;}.uagb-block-e6f939b3.wp-block-uagb-image--layout-overlay .wp-block-uagb-image__figure:hover .wp-block-uagb-image--layout-overlay__color-wrapper{opacity: 1;}.uagb-block-e6f939b3.wp-block-uagb-image .wp-block-uagb-image--layout-overlay__inner .uagb-image-separator{width: 30%;border-top-width: 2px;border-top-color: #fff;opacity: 0;}.uagb-block-e6f939b3.wp-block-uagb-image .wp-block-uagb-image__figure img{width: px;height: auto;}.uagb-block-e6f939b3.wp-block-uagb-image .wp-block-uagb-image__figure:hover .wp-block-uagb-image--layout-overlay__inner .uagb-image-caption{opacity: 1;}.uagb-block-e6f939b3.wp-block-uagb-image .wp-block-uagb-image__figure:hover .wp-block-uagb-image--layout-overlay__inner .uagb-image-separator{opacity: 1;}.uagb-block-e6f939b3.wp-block-uagb-image--layout-default figure:hover img{box-shadow: 0px 0px 0 #00000070;}.uagb-block-e6f939b3.wp-block-uagb-image--layout-overlay figure:hover img{box-shadow: 0px 0px 0 #00000070;}@media only screen and (max-width: 976px) {.uagb-block-e6f939b3.wp-block-uagb-image .wp-block-uagb-image__figure img{width: px;height: auto;}}@media only screen and (max-width: 767px) {.uagb-block-e6f939b3.wp-block-uagb-image .wp-block-uagb-image__figure img{width: px;height: auto;}}\";s:2:\"js\";s:0:\"\";s:18:\"current_block_list\";a:13:{i:0;s:11:\"core\/search\";i:1;s:10:\"core\/group\";i:2;s:12:\"core\/heading\";i:3;s:17:\"core\/latest-posts\";i:4;s:20:\"core\/latest-comments\";i:5;s:13:\"core\/archives\";i:6;s:15:\"core\/categories\";i:7;s:14:\"core\/paragraph\";i:8;s:10:\"uagb\/image\";i:9;s:11:\"core\/spacer\";i:10;s:30:\"woocommerce\/product-categories\";i:11;s:10:\"core\/image\";i:12;s:14:\"core\/shortcode\";}s:8:\"uag_flag\";b:1;s:11:\"uag_version\";s:10:\"1777070661\";s:6:\"gfonts\";a:0:{}s:10:\"gfonts_url\";s:0:\"\";s:12:\"gfonts_files\";a:0:{}s:14:\"uag_faq_layout\";b:0;}"]},"uagb_featured_image_src":{"full":["https:\/\/www.cortenplus.com\/wp-content\/uploads\/2025\/06\/Sealer1Lcopie.png",1000,1192,false],"thumbnail":["https:\/\/www.cortenplus.com\/wp-content\/uploads\/2025\/06\/Sealer1Lcopie-150x150.png",150,150,true],"medium":["https:\/\/www.cortenplus.com\/wp-content\/uploads\/2025\/06\/Sealer1Lcopie-252x300.png",252,300,true],"medium_large":["https:\/\/www.cortenplus.com\/wp-content\/uploads\/2025\/06\/Sealer1Lcopie-768x915.png",768,915,true],"large":["https:\/\/www.cortenplus.com\/wp-content\/uploads\/2025\/06\/Sealer1Lcopie-859x1024.png",859,1024,true],"1536x1536":["https:\/\/www.cortenplus.com\/wp-content\/uploads\/2025\/06\/Sealer1Lcopie.png",1000,1192,false],"2048x2048":["https:\/\/www.cortenplus.com\/wp-content\/uploads\/2025\/06\/Sealer1Lcopie.png",1000,1192,false],"trp-custom-language-flag":["https:\/\/www.cortenplus.com\/wp-content\/uploads\/2025\/06\/Sealer1Lcopie-10x12.png",10,12,true],"woocommerce_thumbnail":["https:\/\/www.cortenplus.com\/wp-content\/uploads\/2025\/06\/Sealer1Lcopie-300x300.png",300,300,true],"woocommerce_single":["https:\/\/www.cortenplus.com\/wp-content\/uploads\/2025\/06\/Sealer1Lcopie-600x715.png",600,715,true],"woocommerce_gallery_thumbnail":["https:\/\/www.cortenplus.com\/wp-content\/uploads\/2025\/06\/Sealer1Lcopie-100x100.png",100,100,true]},"uagb_author_info":{"display_name":"admin","author_link":"https:\/\/www.cortenplus.com\/pl\/author\/"},"uagb_comment_info":128,"uagb_excerpt":"Protects corten steel while preserving its authentic rusted appearance. Our corten steel varnish is specially developed to seal and protect weathered steel surfaces without altering their distinctive patina. It enhances the natural rust tones while forming a transparent barrier that stabilizes the surface and prevents further uncontrolled corrosion, allowing you to maintain the industrial aesthetic&hellip;","_links":{"self":[{"href":"https:\/\/www.cortenplus.com\/pl\/wp-json\/wp\/v2\/product\/22982","targetHints":{"allow":["GET"]}}],"collection":[{"href":"https:\/\/www.cortenplus.com\/pl\/wp-json\/wp\/v2\/product"}],"about":[{"href":"https:\/\/www.cortenplus.com\/pl\/wp-json\/wp\/v2\/types\/product"}],"replies":[{"embeddable":true,"href":"https:\/\/www.cortenplus.com\/pl\/wp-json\/wp\/v2\/comments?post=22982"}],"version-history":[{"count":7,"href":"https:\/\/www.cortenplus.com\/pl\/wp-json\/wp\/v2\/product\/22982\/revisions"}],"predecessor-version":[{"id":26206,"href":"https:\/\/www.cortenplus.com\/pl\/wp-json\/wp\/v2\/product\/22982\/revisions\/26206"}],"wp:featuredmedia":[{"embeddable":true,"href":"https:\/\/www.cortenplus.com\/pl\/wp-json\/wp\/v2\/media\/23075"}],"wp:attachment":[{"href":"https:\/\/www.cortenplus.com\/pl\/wp-json\/wp\/v2\/media?parent=22982"}],"wp:term":[{"taxonomy":"product_brand","embeddable":true,"href":"https:\/\/www.cortenplus.com\/pl\/wp-json\/wp\/v2\/product_brand?post=22982"},{"taxonomy":"product_cat","embeddable":true,"href":"https:\/\/www.cortenplus.com\/pl\/wp-json\/wp\/v2\/product_cat?post=22982"},{"taxonomy":"product_tag","embeddable":true,"href":"https:\/\/www.cortenplus.com\/pl\/wp-json\/wp\/v2\/product_tag?post=22982"}],"curies":[{"name":"wp","href":"https:\/\/api.w.org\/{rel}","templated":true}]}}