{"id":22974,"date":"2025-06-02T08:36:32","date_gmt":"2025-06-02T06:36:32","guid":{"rendered":"https:\/\/www.cortenplus.com\/products\/rust-accelerator\/"},"modified":"2026-02-28T14:59:02","modified_gmt":"2026-02-28T13:59:02","slug":"rust-accelerator","status":"publish","type":"product","link":"https:\/\/www.cortenplus.com\/pl\/products\/rust-accelerator\/","title":{"rendered":"Akcelerator rdzy"},"content":{"rendered":"<p><strong><img decoding=\"async\" style=\"margin-right: 12px;\" src=\"https:\/\/www.cortenplus.com\/wp-content\/uploads\/2026\/02\/Check.svg\" alt=\"\" width=\"18\" height=\"15\" \/>Jedyny na rynku bezkwasowy przyspieszacz korozji zapewniaj\u0105cy ca\u0142kowite bezpiecze\u0144stwo i d\u0142ugotrwa\u0142\u0105 wytrzyma\u0142o\u015b\u0107.<\/strong> Nasz akcelerator rdzy jest ca\u0142kowicie bezkwasowy, co czyni go wyj\u0105tkowym i zasadniczo r\u00f3\u017cnym od konwencjonalnych produkt\u00f3w, kt\u00f3re opieraj\u0105 si\u0119 na agresywnych kwasach w celu wywo\u0142ania utleniania. Eliminuj\u0105c kwas z formu\u0142y, zapewniamy kontrolowany i naturalny proces rdzewienia, kt\u00f3ry chroni zar\u00f3wno u\u017cytkownika, jak i integralno\u015b\u0107 strukturaln\u0105 metalu, co czyni go najbezpieczniejszym i najbardziej zaawansowanym dost\u0119pnym rozwi\u0105zaniem.<\/p>\n<p><strong><img decoding=\"async\" style=\"margin-right: 12px;\" src=\"https:\/\/www.cortenplus.com\/wp-content\/uploads\/2026\/02\/Check.svg\" alt=\"\" width=\"18\" height=\"15\" \/>Brak ryzyka perforacji metalowej konstrukcji w przysz\u0142o\u015bci.<\/strong> Przyspieszacze rdzy na bazie kwas\u00f3w nadal reaguj\u0105 w metalu, je\u015bli ich dzia\u0142anie nie zostanie idealnie zneutralizowane, nieuchronnie prowadz\u0105c do post\u0119puj\u0105cej korozji wewn\u0119trznej, przerzedzenia i ostatecznej perforacji. Poniewa\u017c nasza formu\u0142a nie zawiera kwasu, zapobiega ukrytym d\u0142ugotrwa\u0142ym uszkodzeniom i gwarantuje, \u017ce metal zachowuje swoj\u0105 wytrzyma\u0142o\u015b\u0107, jednocze\u015bnie tworz\u0105c stabilne, estetyczne wyko\u0144czenie rdzy.<\/p>\n<p><strong><img decoding=\"async\" style=\"margin-right: 12px;\" src=\"https:\/\/www.cortenplus.com\/wp-content\/uploads\/2026\/02\/Check.svg\" alt=\"\" width=\"18\" height=\"15\" \/>Nie wymaga neutralizatora ani dodatkowego produktu zatrzymuj\u0105cego.<\/strong> W przeciwie\u0144stwie do roztwor\u00f3w zawieraj\u0105cych kwasy, kt\u00f3re wymagaj\u0105 drugiego produktu do neutralizacji i zatrzymania utleniania, nasz przyspieszacz rdzy dzia\u0142a niezale\u017cnie i bezpiecznie bez dodatkowej obr\u00f3bki. Upraszcza to proces, skraca czas pracy, obni\u017ca og\u00f3lne koszty i eliminuje ryzyko niew\u0142a\u015bciwej neutralizacji, kt\u00f3ra mo\u017ce trwale uszkodzi\u0107 powierzchnie stalowe.<\/p>\n<p><strong><img decoding=\"async\" style=\"margin-right: 12px;\" src=\"https:\/\/www.cortenplus.com\/wp-content\/uploads\/2026\/02\/Check.svg\" alt=\"\" width=\"18\" height=\"15\" \/>Maksymalne bezpiecze\u0144stwo dla u\u017cytkownika podczas aplikacji.<\/strong> Bez \u017cr\u0105cych kwas\u00f3w, nie ma szkodliwych opar\u00f3w kwas\u00f3w, agresywnych rozprysk\u00f3w chemicznych i niebezpiecznych reakcji z otaczaj\u0105cymi materia\u0142ami. Sprawia to, \u017ce produkt jest znacznie wygodniejszy i bezpieczniejszy w u\u017cyciu w warsztatach, na placach budowy, a nawet w \u015brodowiskach mieszkalnych.<\/p>\n<p><strong><img decoding=\"async\" style=\"margin-right: 12px;\" src=\"https:\/\/www.cortenplus.com\/wp-content\/uploads\/2026\/02\/Check.svg\" alt=\"\" width=\"18\" height=\"15\" \/>Gwarancja zwrotu pieni\u0119dzy dla pe\u0142nego spokoju ducha.<\/strong> Oferujemy gwarancj\u0119 zwrotu pieni\u0119dzy. Je\u015bli nie b\u0119dziesz w pe\u0142ni zadowolony z dzia\u0142ania lub rezultatu, zwr\u00f3cimy Ci pieni\u0105dze. Dzi\u0119ki temu mo\u017cesz przetestowa\u0107 nasz akcelerator rdzy bez ryzyka i z ca\u0142kowit\u0105 pewno\u015bci\u0105 co do jego skuteczno\u015bci.<\/p>\n<p><strong><img decoding=\"async\" style=\"margin-right: 12px;\" src=\"https:\/\/www.cortenplus.com\/wp-content\/uploads\/2026\/02\/Check.svg\" alt=\"\" width=\"18\" height=\"15\" \/>Wysoce skuteczny i imponuj\u0105cy wizualnie proces utleniania.<\/strong> Nasza formu\u0142a zosta\u0142a opracowana w celu szybkiego, kontrolowanego i jednolitego rozwoju rdzy, zapewniaj\u0105c g\u0142\u0119bok\u0105, autentyczn\u0105 patyn\u0119, kt\u00f3ra podkre\u015bla projekty architektoniczne i dekoracyjne. Skutecznie aktywuje proces utleniania, zachowuj\u0105c pe\u0142n\u0105 kontrol\u0119 nad efektem estetycznym.<\/p>\n<p><strong><img decoding=\"async\" style=\"margin-right: 12px;\" src=\"https:\/\/www.cortenplus.com\/wp-content\/uploads\/2026\/02\/Check.svg\" alt=\"\" width=\"18\" height=\"15\" \/>Widoczna reakcja w ci\u0105gu 30 minut i tworzenie si\u0119 rdzy po godzinie.<\/strong> Po na\u0142o\u017ceniu, metal zaczyna zmienia\u0107 kolor na niebieski w ci\u0105gu oko\u0142o 30 minut, wyra\u017anie wskazuj\u0105c na aktywacj\u0119 procesu utleniania. Po godzinie zaczyna pojawia\u0107 si\u0119 prawdziwa rdza, co pozwala profesjonalistom szybko oceni\u0107 wyniki i efektywnie zaplanowa\u0107 harmonogram projektu.<\/p>\n<p><strong><img decoding=\"async\" style=\"margin-right: 12px;\" src=\"https:\/\/www.cortenplus.com\/wp-content\/uploads\/2026\/02\/Check.svg\" alt=\"\" width=\"18\" height=\"15\" \/>Doskona\u0142e pokrycie do 20 m\u00b2 na litr.<\/strong> Dzi\u0119ki przybli\u017conemu wsp\u00f3\u0142czynnikowi pokrycia wynosz\u0105cemu 20 metr\u00f3w kwadratowych na litr, produkt oferuje wyj\u0105tkow\u0105 wydajno\u015b\u0107 i op\u0142acalno\u015b\u0107. Tak obfite pokrycie sprawia, \u017ce idealnie nadaje si\u0119 zar\u00f3wno do ma\u0142ych element\u00f3w dekoracyjnych, jak i du\u017cych powierzchni architektonicznych, zapewniaj\u0105c sta\u0142\u0105 wydajno\u015b\u0107 na rozleg\u0142ych obszarach.<\/p>\n<p><strong><img decoding=\"async\" style=\"margin-right: 12px;\" src=\"https:\/\/www.cortenplus.com\/wp-content\/uploads\/2026\/02\/Check.svg\" alt=\"\" width=\"18\" height=\"15\" \/>Doskonale nadaje si\u0119 do stali Corten i wszystkich metali \u017celaznych.<\/strong> Specjalnie zaprojektowany do stali Corten, nasz przyspieszacz rdzy nadaje si\u0119 r\u00f3wnie\u017c do \u017celaza, stali standardowej i innych metali \u017celaznych. Formu\u0142a wzmacnia naturalny proces starzenia bez uszczerbku dla w\u0142a\u015bciwo\u015bci ochronnych materia\u0142u, zapewniaj\u0105c bogate, jednolite i stabilne wyko\u0144czenie rdzy.<\/p>\n<p><strong><img decoding=\"async\" style=\"margin-right: 12px;\" src=\"https:\/\/www.cortenplus.com\/wp-content\/uploads\/2026\/02\/Check.svg\" alt=\"\" width=\"18\" height=\"15\" \/>Prosta aplikacja i profesjonalne rezultaty.<\/strong> Przyspieszacz rdzy jest \u0142atwo nak\u0142adany za pomoc\u0105 wa\u0142ka, dost\u0119pnego w naszym sklepie, co pozwala na r\u00f3wnomierne rozprowadzenie i kontrolowane pokrycie bez potrzeby stosowania skomplikowanego sprz\u0119tu natryskowego lub specjalistycznych maszyn.<\/p>\n<p><strong><img decoding=\"async\" style=\"margin-right: 12px;\" src=\"https:\/\/www.cortenplus.com\/wp-content\/uploads\/2026\/02\/Check.svg\" alt=\"\" width=\"18\" height=\"15\" \/>Op\u0142acalny i lepszy od konkurent\u00f3w opartych na kwasach.<\/strong> Dzi\u0119ki po\u0142\u0105czeniu bezkwasowego bezpiecze\u0144stwa, wysokiej skuteczno\u015bci, braku konieczno\u015bci neutralizacji, szybko widocznych rezultat\u00f3w i pokrycia 20 m\u00b2 na litr, nasz przyspieszacz rdzy wyr\u00f3\u017cnia si\u0119 jako najbardziej zaawansowane i niezawodne rozwi\u0105zanie na rynku do uzyskiwania autentycznych wyko\u0144cze\u0144 rdzy bez d\u0142ugotrwa\u0142ego ryzyka.<\/p>\n<h2><strong>Instrukcje<\/strong><\/h2>\n<ul>\n<li>W przypadku blachy walcowanej na zimno cie\u0144szej ni\u017c 2,5 mm, dok\u0142adnie odt\u0142u\u015b\u0107 powierzchni\u0119 za pomoc\u0105 odpowiedniego odt\u0142uszczacza do metalu, takiego jak nasz dedykowany odt\u0142uszczacz do metalu, aby usun\u0105\u0107 oleje i pozosta\u0142o\u015bci produkcyjne.<\/li>\n<li>W przypadku blach walcowanych na gor\u0105co o grubo\u015bci przekraczaj\u0105cej 2,5 mm nale\u017cy wypiaskowa\u0107 powierzchni\u0119 w celu usuni\u0119cia zgorzeliny walcowniczej i zapewnienia odpowiedniego utlenienia.<\/li>\n<li>Je\u015bli sprz\u0119t do piaskowania nie jest dost\u0119pny, przed przyst\u0105pieniem do dalszych czynno\u015bci nale\u017cy zastosowa\u0107 nasz \u015brodek odkamieniaj\u0105cy w celu skutecznego usuni\u0119cia zgorzeliny walcowniczej.<\/li>\n<li>Przed na\u0142o\u017ceniem przyspieszacza korozji nale\u017cy upewni\u0107 si\u0119, \u017ce powierzchnia jest czysta, sucha i wolna od kurzu.<\/li>\n<li>R\u00f3wnomiernie nanie\u015b\u0107 przyspieszacz rdzy za pomoc\u0105 wa\u0142ka dost\u0119pnego w naszym sklepie.<\/li>\n<li>Przestrzega\u0107 przybli\u017conej dawki 50 ml na metr kwadratowy, co odpowiada pokryciu 20 m\u00b2 na litr.<\/li>\n<li>Po oko\u0142o 30 minutach obserwuj, jak powierzchnia metalu zmienia kolor na niebieski, poniewa\u017c rozpoczyna si\u0119 reakcja.<\/li>\n<li>Po oko\u0142o godzinie rdza zacznie tworzy\u0107 si\u0119 w widoczny spos\u00f3b.<\/li>\n<li>Pozostawi\u0107 proces utleniania do dw\u00f3ch dni, aby uzyska\u0107 po\u017c\u0105dan\u0105 g\u0142\u0119boko\u015b\u0107 efektu rdzy.<\/li>\n<li>Po dw\u00f3ch dniach na\u0142\u00f3\u017c lakier ochronny, taki jak nasz lakier do stali Corten, aby ustabilizowa\u0107 wyko\u0144czenie.<\/li>\n<li>Lakier zapobiegnie sp\u0142ywaniu rdzy na pod\u0142og\u0119 podczas deszczu i ochroni odzie\u017c przed poplamieniem, je\u015bli kto\u015b oprze si\u0119 o zaimpregnowan\u0105 powierzchni\u0119.<\/li>\n<\/ul>","protected":false},"excerpt":{"rendered":"<p>The only acid-free rust accelerator on the market for total safety and long-term durability. Our rust accelerator is completely acid-free, which makes it unique and fundamentally different from conventional products that rely on aggressive acids to trigger oxidation. By eliminating acid from the formula, we ensure a controlled and natural rusting process that protects both [&hellip;]<\/p>\n","protected":false},"featured_media":23065,"comment_status":"open","ping_status":"closed","template":"","meta":{"_uag_custom_page_level_css":"","site-sidebar-layout":"default","site-content-layout":"","ast-site-content-layout":"default","site-content-style":"default","site-sidebar-style":"default","ast-global-header-display":"","ast-banner-title-visibility":"","ast-main-header-display":"","ast-hfb-above-header-display":"","ast-hfb-below-header-display":"","ast-hfb-mobile-header-display":"","site-post-title":"","ast-breadcrumbs-content":"","ast-featured-img":"","footer-sml-layout":"","ast-disable-related-posts":"","theme-transparent-header-meta":"default","adv-header-id-meta":"","stick-header-meta":"","header-above-stick-meta":"","header-main-stick-meta":"","header-below-stick-meta":"","astra-migrate-meta-layouts":"set","ast-page-background-enabled":"default","ast-page-background-meta":{"desktop":{"background-color":"var(--ast-global-color-4)","background-image":"","background-repeat":"repeat","background-position":"center center","background-size":"auto","background-attachment":"scroll","background-type":"","background-media":"","overlay-type":"","overlay-color":"","overlay-opacity":"","overlay-gradient":""},"tablet":{"background-color":"","background-image":"","background-repeat":"repeat","background-position":"center center","background-size":"auto","background-attachment":"scroll","background-type":"","background-media":"","overlay-type":"","overlay-color":"","overlay-opacity":"","overlay-gradient":""},"mobile":{"background-color":"","background-image":"","background-repeat":"repeat","background-position":"center center","background-size":"auto","background-attachment":"scroll","background-type":"","background-media":"","overlay-type":"","overlay-color":"","overlay-opacity":"","overlay-gradient":""}},"ast-content-background-meta":{"desktop":{"background-color":"var(--ast-global-color-5)","background-image":"","background-repeat":"repeat","background-position":"center center","background-size":"auto","background-attachment":"scroll","background-type":"","background-media":"","overlay-type":"","overlay-color":"","overlay-opacity":"","overlay-gradient":""},"tablet":{"background-color":"var(--ast-global-color-5)","background-image":"","background-repeat":"repeat","background-position":"center center","background-size":"auto","background-attachment":"scroll","background-type":"","background-media":"","overlay-type":"","overlay-color":"","overlay-opacity":"","overlay-gradient":""},"mobile":{"background-color":"var(--ast-global-color-5)","background-image":"","background-repeat":"repeat","background-position":"center center","background-size":"auto","background-attachment":"scroll","background-type":"","background-media":"","overlay-type":"","overlay-color":"","overlay-opacity":"","overlay-gradient":""}}},"product_brand":[],"product_cat":[15],"product_tag":[],"class_list":{"0":"post-22974","1":"product","2":"type-product","3":"status-publish","4":"has-post-thumbnail","6":"product_cat-shop","7":"desktop-align-left","8":"tablet-align-left","9":"mobile-align-left","11":"first","12":"instock","13":"sale","14":"shipping-taxable","15":"purchasable","16":"product-type-variable","17":"has-default-attributes"},"spectra_custom_meta":{"_visibility":["visible"],"_shopify_product_id":["1462206791753"],"_s2w_shopify_domain":["cortenplus.myshopify.com"],"_shopify_variant_id":["12627708313673"],"_manage_stock":["no"],"total_sales":["1422"],"_tax_status":["taxable"],"_tax_class":[""],"_backorders":["no"],"_sold_individually":["no"],"_virtual":["no"],"_downloadable":["no"],"_download_limit":["-1"],"_download_expiry":["-1"],"_stock":[null],"_stock_status":["instock"],"_wc_average_rating":["4.68"],"_wc_review_count":["152"],"_product_attributes":["a:1:{s:6:\"volume\";a:6:{s:4:\"name\";s:6:\"Volume\";s:5:\"value\";s:30:\"1 liter | 5 liters | 25 liters\";s:8:\"position\";i:1;s:10:\"is_visible\";i:0;s:12:\"is_variation\";i:1;s:11:\"is_taxonomy\";i:0;}}"],"_product_version":["10.5.2"],"_thumbnail_id":["23065"],"_product_image_gallery":["23068,23069"],"_edit_lock":["1772287943:1"],"_edit_last":["1"],"_wp_page_template":["default"],"site-sidebar-layout":["default"],"ast-site-content-layout":["default"],"site-content-style":["default"],"site-sidebar-style":["default"],"theme-transparent-header-meta":["default"],"merchant-center-category":["505417"],"merchant-center-availability":["yes"],"_default_attributes":["a:1:{s:6:\"volume\";s:7:\"1 liter\";}"],"_wc_rating_count":["a:3:{i:3;i:16;i:4;i:17;i:5;i:119;}"],"_upsell_ids":["a:3:{i:0;i:22962;i:1;i:22963;i:2;i:22982;}"],"_crosssell_ids":["a:3:{i:0;i:22962;i:1;i:22963;i:2;i:22982;}"],"_price":["29.90","139.90","599.90"],"_sku":["CPRUSTACCELERATOR"],"merchant-center-id":["AR1"],"astra-migrate-meta-layouts":["set"],"_uag_css_file_name":["uag-css-22974.css"],"_elementor_page_assets":["a:0:{}"],"_uag_page_assets":["a:9:{s:3:\"css\";s:7133:\".uag-blocks-common-selector{z-index:var(--z-index-desktop) !important}@media(max-width: 976px){.uag-blocks-common-selector{z-index:var(--z-index-tablet) !important}}@media(max-width: 767px){.uag-blocks-common-selector{z-index:var(--z-index-mobile) !important}}.wp-block-uagb-image{display:flex}.wp-block-uagb-image__figure{position:relative;display:flex;flex-direction:column;max-width:100%;height:auto;margin:0}.wp-block-uagb-image__figure img{height:auto;display:flex;max-width:100%;transition:box-shadow .2s ease}.wp-block-uagb-image__figure>a{display:inline-block}.wp-block-uagb-image__figure figcaption{text-align:center;margin-top:.5em;margin-bottom:1em}.wp-block-uagb-image .components-placeholder.block-editor-media-placeholder .components-placeholder__instructions{align-self:center}.wp-block-uagb-image--align-left{text-align:left}.wp-block-uagb-image--align-right{text-align:right}.wp-block-uagb-image--align-center{text-align:center}.wp-block-uagb-image--align-full .wp-block-uagb-image__figure{margin-left:calc(50% - 50vw);margin-right:calc(50% - 50vw);max-width:100vw;width:100vw;height:auto}.wp-block-uagb-image--align-full .wp-block-uagb-image__figure img{height:auto;width:100% !important}.wp-block-uagb-image--align-wide .wp-block-uagb-image__figure img{height:auto;width:100%}.wp-block-uagb-image--layout-overlay__color-wrapper{position:absolute;left:0;top:0;right:0;bottom:0;opacity:.2;background:rgba(0,0,0,.5);transition:opacity .35s ease-in-out}.wp-block-uagb-image--layout-overlay-link{position:absolute;left:0;right:0;bottom:0;top:0}.wp-block-uagb-image--layout-overlay .wp-block-uagb-image__figure:hover .wp-block-uagb-image--layout-overlay__color-wrapper{opacity:1}.wp-block-uagb-image--layout-overlay__inner{position:absolute;left:15px;right:15px;bottom:15px;top:15px;display:flex;align-items:center;justify-content:center;flex-direction:column;border-color:#fff;transition:.35s ease-in-out}.wp-block-uagb-image--layout-overlay__inner.top-left,.wp-block-uagb-image--layout-overlay__inner.top-center,.wp-block-uagb-image--layout-overlay__inner.top-right{justify-content:flex-start}.wp-block-uagb-image--layout-overlay__inner.bottom-left,.wp-block-uagb-image--layout-overlay__inner.bottom-center,.wp-block-uagb-image--layout-overlay__inner.bottom-right{justify-content:flex-end}.wp-block-uagb-image--layout-overlay__inner.top-left,.wp-block-uagb-image--layout-overlay__inner.center-left,.wp-block-uagb-image--layout-overlay__inner.bottom-left{align-items:flex-start}.wp-block-uagb-image--layout-overlay__inner.top-right,.wp-block-uagb-image--layout-overlay__inner.center-right,.wp-block-uagb-image--layout-overlay__inner.bottom-right{align-items:flex-end}.wp-block-uagb-image--layout-overlay__inner .uagb-image-heading{color:#fff;transition:transform .35s,opacity .35s ease-in-out;transform:translate3d(0, 24px, 0);margin:0;line-height:1em}.wp-block-uagb-image--layout-overlay__inner .uagb-image-separator{width:30%;border-top-width:2px;border-top-color:#fff;border-top-style:solid;margin-bottom:10px;opacity:0;transition:transform .4s,opacity .4s ease-in-out;transform:translate3d(0, 30px, 0)}.wp-block-uagb-image--layout-overlay__inner .uagb-image-caption{opacity:0;overflow:visible;color:#fff;transition:transform .45s,opacity .45s ease-in-out;transform:translate3d(0, 35px, 0)}.wp-block-uagb-image--layout-overlay__inner:hover .uagb-image-heading,.wp-block-uagb-image--layout-overlay__inner:hover .uagb-image-separator,.wp-block-uagb-image--layout-overlay__inner:hover .uagb-image-caption{opacity:1;transform:translate3d(0, 0, 0)}.wp-block-uagb-image--effect-zoomin .wp-block-uagb-image__figure img,.wp-block-uagb-image--effect-zoomin .wp-block-uagb-image__figure .wp-block-uagb-image--layout-overlay__color-wrapper{transform:scale(1);transition:transform .35s ease-in-out}.wp-block-uagb-image--effect-zoomin .wp-block-uagb-image__figure:hover img,.wp-block-uagb-image--effect-zoomin .wp-block-uagb-image__figure:hover .wp-block-uagb-image--layout-overlay__color-wrapper{transform:scale(1.05)}.wp-block-uagb-image--effect-slide .wp-block-uagb-image__figure img,.wp-block-uagb-image--effect-slide .wp-block-uagb-image__figure .wp-block-uagb-image--layout-overlay__color-wrapper{width:calc(100% + 40px) !important;max-width:none !important;transform:translate3d(-40px, 0, 0);transition:transform .35s ease-in-out}.wp-block-uagb-image--effect-slide .wp-block-uagb-image__figure:hover img,.wp-block-uagb-image--effect-slide .wp-block-uagb-image__figure:hover .wp-block-uagb-image--layout-overlay__color-wrapper{transform:translate3d(0, 0, 0)}.wp-block-uagb-image--effect-grayscale img{filter:grayscale(0%);transition:.35s ease-in-out}.wp-block-uagb-image--effect-grayscale:hover img{filter:grayscale(100%)}.wp-block-uagb-image--effect-blur img{filter:blur(0);transition:.35s ease-in-out}.wp-block-uagb-image--effect-blur:hover img{filter:blur(3px)}.uagb-block-e6f939b3.wp-block-uagb-image--layout-default figure img{box-shadow: 0px 0px 0 #00000070;}.uagb-block-e6f939b3.wp-block-uagb-image .wp-block-uagb-image__figure figcaption{font-style: normal;align-self: center;}.uagb-block-e6f939b3.wp-block-uagb-image--layout-overlay figure img{box-shadow: 0px 0px 0 #00000070;}.uagb-block-e6f939b3.wp-block-uagb-image--layout-overlay .wp-block-uagb-image--layout-overlay__color-wrapper{opacity: 0.2;}.uagb-block-e6f939b3.wp-block-uagb-image--layout-overlay .wp-block-uagb-image--layout-overlay__inner{left: 15px;right: 15px;top: 15px;bottom: 15px;}.uagb-block-e6f939b3.wp-block-uagb-image--layout-overlay .wp-block-uagb-image--layout-overlay__inner .uagb-image-heading{font-style: normal;color: #fff;opacity: 1;}.uagb-block-e6f939b3.wp-block-uagb-image--layout-overlay .wp-block-uagb-image--layout-overlay__inner .uagb-image-heading a{color: #fff;}.uagb-block-e6f939b3.wp-block-uagb-image--layout-overlay .wp-block-uagb-image--layout-overlay__inner .uagb-image-caption{opacity: 0;}.uagb-block-e6f939b3.wp-block-uagb-image--layout-overlay .wp-block-uagb-image__figure:hover .wp-block-uagb-image--layout-overlay__color-wrapper{opacity: 1;}.uagb-block-e6f939b3.wp-block-uagb-image .wp-block-uagb-image--layout-overlay__inner .uagb-image-separator{width: 30%;border-top-width: 2px;border-top-color: #fff;opacity: 0;}.uagb-block-e6f939b3.wp-block-uagb-image .wp-block-uagb-image__figure img{width: px;height: auto;}.uagb-block-e6f939b3.wp-block-uagb-image .wp-block-uagb-image__figure:hover .wp-block-uagb-image--layout-overlay__inner .uagb-image-caption{opacity: 1;}.uagb-block-e6f939b3.wp-block-uagb-image .wp-block-uagb-image__figure:hover .wp-block-uagb-image--layout-overlay__inner .uagb-image-separator{opacity: 1;}.uagb-block-e6f939b3.wp-block-uagb-image--layout-default figure:hover img{box-shadow: 0px 0px 0 #00000070;}.uagb-block-e6f939b3.wp-block-uagb-image--layout-overlay figure:hover img{box-shadow: 0px 0px 0 #00000070;}@media only screen and (max-width: 976px) {.uagb-block-e6f939b3.wp-block-uagb-image .wp-block-uagb-image__figure img{width: px;height: auto;}}@media only screen and (max-width: 767px) {.uagb-block-e6f939b3.wp-block-uagb-image .wp-block-uagb-image__figure img{width: px;height: auto;}}\";s:2:\"js\";s:0:\"\";s:18:\"current_block_list\";a:13:{i:0;s:11:\"core\/search\";i:1;s:10:\"core\/group\";i:2;s:12:\"core\/heading\";i:3;s:17:\"core\/latest-posts\";i:4;s:20:\"core\/latest-comments\";i:5;s:13:\"core\/archives\";i:6;s:15:\"core\/categories\";i:7;s:14:\"core\/paragraph\";i:8;s:10:\"uagb\/image\";i:9;s:11:\"core\/spacer\";i:10;s:30:\"woocommerce\/product-categories\";i:11;s:10:\"core\/image\";i:12;s:14:\"core\/shortcode\";}s:8:\"uag_flag\";b:1;s:11:\"uag_version\";s:10:\"1777052938\";s:6:\"gfonts\";a:0:{}s:10:\"gfonts_url\";s:0:\"\";s:12:\"gfonts_files\";a:0:{}s:14:\"uag_faq_layout\";b:0;}"]},"uagb_featured_image_src":{"full":["https:\/\/www.cortenplus.com\/wp-content\/uploads\/2025\/06\/RustAccelerator1L.jpg",2560,2560,false],"thumbnail":["https:\/\/www.cortenplus.com\/wp-content\/uploads\/2025\/06\/RustAccelerator1L-150x150.jpg",150,150,true],"medium":["https:\/\/www.cortenplus.com\/wp-content\/uploads\/2025\/06\/RustAccelerator1L-300x300.jpg",300,300,true],"medium_large":["https:\/\/www.cortenplus.com\/wp-content\/uploads\/2025\/06\/RustAccelerator1L-768x768.jpg",768,768,true],"large":["https:\/\/www.cortenplus.com\/wp-content\/uploads\/2025\/06\/RustAccelerator1L-1024x1024.jpg",1024,1024,true],"1536x1536":["https:\/\/www.cortenplus.com\/wp-content\/uploads\/2025\/06\/RustAccelerator1L-1536x1536.jpg",1536,1536,true],"2048x2048":["https:\/\/www.cortenplus.com\/wp-content\/uploads\/2025\/06\/RustAccelerator1L-2048x2048.jpg",2048,2048,true],"trp-custom-language-flag":["https:\/\/www.cortenplus.com\/wp-content\/uploads\/2025\/06\/RustAccelerator1L-12x12.jpg",12,12,true],"woocommerce_thumbnail":["https:\/\/www.cortenplus.com\/wp-content\/uploads\/2025\/06\/RustAccelerator1L-300x300.jpg",300,300,true],"woocommerce_single":["https:\/\/www.cortenplus.com\/wp-content\/uploads\/2025\/06\/RustAccelerator1L-600x600.jpg",600,600,true],"woocommerce_gallery_thumbnail":["https:\/\/www.cortenplus.com\/wp-content\/uploads\/2025\/06\/RustAccelerator1L-100x100.jpg",100,100,true]},"uagb_author_info":{"display_name":"admin","author_link":"https:\/\/www.cortenplus.com\/pl\/author\/"},"uagb_comment_info":152,"uagb_excerpt":"The only acid-free rust accelerator on the market for total safety and long-term durability. Our rust accelerator is completely acid-free, which makes it unique and fundamentally different from conventional products that rely on aggressive acids to trigger oxidation. By eliminating acid from the formula, we ensure a controlled and natural rusting process that protects both&hellip;","_links":{"self":[{"href":"https:\/\/www.cortenplus.com\/pl\/wp-json\/wp\/v2\/product\/22974","targetHints":{"allow":["GET"]}}],"collection":[{"href":"https:\/\/www.cortenplus.com\/pl\/wp-json\/wp\/v2\/product"}],"about":[{"href":"https:\/\/www.cortenplus.com\/pl\/wp-json\/wp\/v2\/types\/product"}],"replies":[{"embeddable":true,"href":"https:\/\/www.cortenplus.com\/pl\/wp-json\/wp\/v2\/comments?post=22974"}],"version-history":[{"count":11,"href":"https:\/\/www.cortenplus.com\/pl\/wp-json\/wp\/v2\/product\/22974\/revisions"}],"predecessor-version":[{"id":26204,"href":"https:\/\/www.cortenplus.com\/pl\/wp-json\/wp\/v2\/product\/22974\/revisions\/26204"}],"wp:featuredmedia":[{"embeddable":true,"href":"https:\/\/www.cortenplus.com\/pl\/wp-json\/wp\/v2\/media\/23065"}],"wp:attachment":[{"href":"https:\/\/www.cortenplus.com\/pl\/wp-json\/wp\/v2\/media?parent=22974"}],"wp:term":[{"taxonomy":"product_brand","embeddable":true,"href":"https:\/\/www.cortenplus.com\/pl\/wp-json\/wp\/v2\/product_brand?post=22974"},{"taxonomy":"product_cat","embeddable":true,"href":"https:\/\/www.cortenplus.com\/pl\/wp-json\/wp\/v2\/product_cat?post=22974"},{"taxonomy":"product_tag","embeddable":true,"href":"https:\/\/www.cortenplus.com\/pl\/wp-json\/wp\/v2\/product_tag?post=22974"}],"curies":[{"name":"wp","href":"https:\/\/api.w.org\/{rel}","templated":true}]}}