{"id":22968,"date":"2025-06-02T08:36:28","date_gmt":"2025-06-02T06:36:28","guid":{"rendered":"https:\/\/www.cortenplus.com\/products\/descaler\/"},"modified":"2026-02-28T15:06:33","modified_gmt":"2026-02-28T14:06:33","slug":"descaler","status":"publish","type":"product","link":"https:\/\/www.cortenplus.com\/pl\/products\/descaler\/","title":{"rendered":"Odkamieniacz"},"content":{"rendered":"<p><strong><img decoding=\"async\" style=\"margin-right: 12px;\" src=\"https:\/\/www.cortenplus.com\/wp-content\/uploads\/2026\/02\/Check.svg\" alt=\"\" width=\"18\" height=\"15\" \/>Skutecznie usuwa zgorzelin\u0119 walcownicz\u0105 bez piaskowania.<\/strong> Nasz odkamieniacz do stali corten zosta\u0142 specjalnie opracowany w celu usuwania zgorzeliny walcowniczej z powierzchni stali corten bez konieczno\u015bci stosowania piaskarki. Chemicznie rozbija g\u0119st\u0105, ciemn\u0105 warstw\u0119 tlenku powsta\u0142\u0105 podczas walcowania na gor\u0105co, ods\u0142aniaj\u0105c czyst\u0105, reaktywn\u0105 stal pod spodem i tworz\u0105c idealn\u0105 baz\u0119 do zastosowania przyspieszacza rdzy.<\/p>\n<p><strong><img decoding=\"async\" style=\"margin-right: 12px;\" src=\"https:\/\/www.cortenplus.com\/wp-content\/uploads\/2026\/02\/Check.svg\" alt=\"\" width=\"18\" height=\"15\" \/>Najskuteczniejsze rozwi\u0105zanie do przygotowania stali corten przed aktywacj\u0105 rdzy.<\/strong> Jest to najskuteczniejszy produkt do usuwania zgorzeliny ze stali corten, gdy nie mo\u017cna zastosowa\u0107 mechanicznego czyszczenia strumieniowo-\u015bciernego. Dok\u0142adnie penetruje i rozpuszcza zgorzelin\u0119 walcownicz\u0105, zapewniaj\u0105c, \u017ce przyspieszacz rdzy mo\u017ce reagowa\u0107 bezpo\u015brednio z go\u0142ym metalem, co skutkuje szybszym, bardziej jednolitym i intensywniejszym rozwojem patyny.<\/p>\n<p><strong><img decoding=\"async\" style=\"margin-right: 12px;\" src=\"https:\/\/www.cortenplus.com\/wp-content\/uploads\/2026\/02\/Check.svg\" alt=\"\" width=\"18\" height=\"15\" \/>Najta\u0144sza profesjonalna alternatywa dla piaskowania.<\/strong> Sprz\u0119t do piaskowania jest drogi i nie zawsze dost\u0119pny. Nasz odkamieniacz do stali corten stanowi najta\u0144sz\u0105 i najbardziej praktyczn\u0105 alternatyw\u0119, zapewniaj\u0105c profesjonalne rezultaty bez kosztownych maszyn, podwykonawc\u00f3w lub specjalistycznych instalacji.<\/p>\n<p><strong><img decoding=\"async\" style=\"margin-right: 12px;\" src=\"https:\/\/www.cortenplus.com\/wp-content\/uploads\/2026\/02\/Check.svg\" alt=\"\" width=\"18\" height=\"15\" \/>Gwarantowana dostawa w ci\u0105gu 24 godzin zapewnia nieprzerwany przep\u0142yw pracy.<\/strong> Rozumiemy, \u017ce przygotowanie powierzchni jest krytycznym etapem ka\u017cdego projektu ze stali corten. Dlatego te\u017c gwarantujemy dostaw\u0119 w ci\u0105gu 24 godzin, co pozwala szybko przej\u015b\u0107 do usuwania zgorzeliny i przyspieszania rdzy bez op\u00f3\u017anie\u0144 w realizacji projektu.<\/p>\n<p><strong><img decoding=\"async\" style=\"margin-right: 12px;\" src=\"https:\/\/www.cortenplus.com\/wp-content\/uploads\/2026\/02\/Check.svg\" alt=\"\" width=\"18\" height=\"15\" \/>Gwarancja zwrotu pieni\u0119dzy dla ca\u0142kowitej pewno\u015bci.<\/strong> Jeste\u015bmy przekonani o skuteczno\u015bci naszego odkamieniacza do stali corten. Je\u015bli nie b\u0119dziesz zadowolony z rezultat\u00f3w, oferujemy pe\u0142n\u0105 gwarancj\u0119 zwrotu pieni\u0119dzy. Wystarczy skontaktowa\u0107 si\u0119 z nami, a my zwr\u00f3cimy pieni\u0105dze za zakup, zapewniaj\u0105c ca\u0142kowicie wolne od ryzyka do\u015bwiadczenie.<\/p>\n<p><strong><img decoding=\"async\" style=\"margin-right: 12px;\" src=\"https:\/\/www.cortenplus.com\/wp-content\/uploads\/2026\/02\/Check.svg\" alt=\"\" width=\"18\" height=\"15\" \/>Doskona\u0142e pokrycie dla ekonomicznej obr\u00f3bki du\u017cych powierzchni.<\/strong> Nasz odkamieniacz zapewnia pokrycie do 8 m\u00b2 na litr, w zale\u017cno\u015bci od grubo\u015bci zgorzeliny walcowniczej i stanu powierzchni. Tak silne pokrycie zapewnia ekonomiczn\u0105 obr\u00f3bk\u0119 paneli, fasad, rze\u017ab i element\u00f3w konstrukcyjnych.<\/p>\n<p><strong><img decoding=\"async\" style=\"margin-right: 12px;\" src=\"https:\/\/www.cortenplus.com\/wp-content\/uploads\/2026\/02\/Check.svg\" alt=\"\" width=\"18\" height=\"15\" \/>Zapewnia r\u00f3wnomierne tworzenie si\u0119 rdzy po obr\u00f3bce.<\/strong> Zgorzelina dzia\u0142a jak bariera, kt\u00f3ra uniemo\u017cliwia prawid\u0142owe utlenianie. Poprzez ca\u0142kowite usuni\u0119cie tej warstwy, odkamieniacz pozwala przyspieszaczowi rdzy dzia\u0142a\u0107 r\u00f3wnomiernie na ca\u0142ej powierzchni, zapobiegaj\u0105c powstawaniu nier\u00f3wnomiernej patyny.<\/p>\n<p><strong><img decoding=\"async\" style=\"margin-right: 12px;\" src=\"https:\/\/www.cortenplus.com\/wp-content\/uploads\/2026\/02\/Check.svg\" alt=\"\" width=\"18\" height=\"15\" \/>G\u0142\u0119boko penetruje i reaguje ze stwardnia\u0142ym kamieniem.<\/strong> Zaawansowana formu\u0142a chemiczna zmi\u0119kcza i usuwa mocno zwi\u0105zan\u0105 zgorzelin\u0119 walcownicz\u0105 ze stalowego pod\u0142o\u017ca, nawet w trudno dost\u0119pnych miejscach lub teksturowanych powierzchniach, zapewniaj\u0105c dok\u0142adne przygotowanie.<\/p>\n<p><strong><img decoding=\"async\" style=\"margin-right: 12px;\" src=\"https:\/\/www.cortenplus.com\/wp-content\/uploads\/2026\/02\/Check.svg\" alt=\"\" width=\"18\" height=\"15\" \/>Idealny zar\u00f3wno dla majsterkowicz\u00f3w, jak i profesjonalist\u00f3w.<\/strong> Zaprojektowany z my\u015bl\u0105 o \u0142atwej aplikacji za pomoc\u0105 p\u0119dzla, wa\u0142ka lub natrysku, ten odkamieniacz sprawia, \u017ce usuwanie kamienia m\u0142y\u0144skiego jest dost\u0119pne dla u\u017cytkownik\u00f3w, kt\u00f3rzy nie posiadaj\u0105 sprz\u0119tu przemys\u0142owego. Upraszcza przygotowanie przy jednoczesnym zachowaniu profesjonalnych standard\u00f3w.<\/p>\n<p><strong><img decoding=\"async\" style=\"margin-right: 12px;\" src=\"https:\/\/www.cortenplus.com\/wp-content\/uploads\/2026\/02\/Check.svg\" alt=\"\" width=\"18\" height=\"15\" \/>Poprawia przyczepno\u015b\u0107 kolejnych zabieg\u00f3w.<\/strong> Poprzez ods\u0142oni\u0119cie czystej stali, odkamieniacz zwi\u0119ksza skuteczno\u015b\u0107 przyspieszaczy rdzy i poprawia wi\u0105zanie uszczelniaczy i lakier\u00f3w nak\u0142adanych po utworzeniu patyny, przyczyniaj\u0105c si\u0119 do d\u0142ugoterminowej trwa\u0142o\u015bci.<\/p>\n<h2><strong>Instrukcje<\/strong><\/h2>\n<ul>\n<li>Przed aplikacj\u0105 nale\u017cy upewni\u0107 si\u0119, \u017ce powierzchnia stali corten jest sucha i wolna od lu\u017anego brudu lub zanieczyszcze\u0144.<\/li>\n<li>Nosi\u0107 odpowiedni sprz\u0119t ochronny, w tym r\u0119kawice, okulary ochronne i odzie\u017c ochronn\u0105.<\/li>\n<li>Przed u\u017cyciem dok\u0142adnie wstrz\u0105sn\u0105\u0107 lub wymiesza\u0107 produkt.<\/li>\n<li>R\u00f3wnomiernie nanie\u015b\u0107 odkamieniacz za pomoc\u0105 p\u0119dzla, wa\u0142ka lub opryskiwacza odpornego na chemikalia. Zapewni\u0107 ca\u0142kowite pokrycie wszystkich obszar\u00f3w z widoczn\u0105 zgorzelin\u0105 walcownicz\u0105.<\/li>\n<li>Zalecana dawka wynosi oko\u0142o 125 ml na metr kwadratowy, w zale\u017cno\u015bci od grubo\u015bci i twardo\u015bci kamienia.<\/li>\n<li>Pokrycie wynosi do 8 m\u00b2 na litr na warstw\u0119.<\/li>\n<li>Pozostawi\u0107 produkt na 20 do 45 minut. Czas reakcji mo\u017ce si\u0119 r\u00f3\u017cni\u0107 w zale\u017cno\u015bci od temperatury i grubo\u015bci zgorzeliny.<\/li>\n<li>Obserwuj powierzchni\u0119, gdy zgorzelina zacznie si\u0119 rozlu\u017ania\u0107 i odrywa\u0107.<\/li>\n<li>Dok\u0142adnie sp\u0142uka\u0107 czyst\u0105 wod\u0105, aby usun\u0105\u0107 rozpuszczone pozosta\u0142o\u015bci i oderwany kamie\u0144. W przypadku uporczywych obszar\u00f3w mo\u017ce by\u0107 konieczne lekkie szczotkowanie przed sp\u0142ukaniem.<\/li>\n<li>Pozw\u00f3l stali ca\u0142kowicie wyschn\u0105\u0107 przed zastosowaniem odt\u0142uszczacza, je\u015bli to konieczne, a nast\u0119pnie akceleratora rdzy. Powierzchnia musi by\u0107 czysta, sucha i wolna od pozosta\u0142o\u015bci przed aktywacj\u0105 rdzy.<\/li>\n<\/ul>","protected":false},"excerpt":{"rendered":"<p>Effectively removes mill scale without sandblasting. Our corten steel descaler is specially formulated to eliminate mill scale from corten steel surfaces without the need for a sandblaster. It chemically breaks down the dense, dark oxide layer formed during hot rolling, exposing clean reactive steel underneath and creating the ideal base for applying a rust accelerator. [&hellip;]<\/p>\n","protected":false},"featured_media":23010,"comment_status":"open","ping_status":"closed","template":"","meta":{"_uag_custom_page_level_css":"","site-sidebar-layout":"default","site-content-layout":"","ast-site-content-layout":"default","site-content-style":"default","site-sidebar-style":"default","ast-global-header-display":"","ast-banner-title-visibility":"","ast-main-header-display":"","ast-hfb-above-header-display":"","ast-hfb-below-header-display":"","ast-hfb-mobile-header-display":"","site-post-title":"","ast-breadcrumbs-content":"","ast-featured-img":"","footer-sml-layout":"","ast-disable-related-posts":"","theme-transparent-header-meta":"default","adv-header-id-meta":"","stick-header-meta":"","header-above-stick-meta":"","header-main-stick-meta":"","header-below-stick-meta":"","astra-migrate-meta-layouts":"set","ast-page-background-enabled":"default","ast-page-background-meta":{"desktop":{"background-color":"var(--ast-global-color-4)","background-image":"","background-repeat":"repeat","background-position":"center center","background-size":"auto","background-attachment":"scroll","background-type":"","background-media":"","overlay-type":"","overlay-color":"","overlay-opacity":"","overlay-gradient":""},"tablet":{"background-color":"","background-image":"","background-repeat":"repeat","background-position":"center center","background-size":"auto","background-attachment":"scroll","background-type":"","background-media":"","overlay-type":"","overlay-color":"","overlay-opacity":"","overlay-gradient":""},"mobile":{"background-color":"","background-image":"","background-repeat":"repeat","background-position":"center center","background-size":"auto","background-attachment":"scroll","background-type":"","background-media":"","overlay-type":"","overlay-color":"","overlay-opacity":"","overlay-gradient":""}},"ast-content-background-meta":{"desktop":{"background-color":"var(--ast-global-color-5)","background-image":"","background-repeat":"repeat","background-position":"center center","background-size":"auto","background-attachment":"scroll","background-type":"","background-media":"","overlay-type":"","overlay-color":"","overlay-opacity":"","overlay-gradient":""},"tablet":{"background-color":"var(--ast-global-color-5)","background-image":"","background-repeat":"repeat","background-position":"center center","background-size":"auto","background-attachment":"scroll","background-type":"","background-media":"","overlay-type":"","overlay-color":"","overlay-opacity":"","overlay-gradient":""},"mobile":{"background-color":"var(--ast-global-color-5)","background-image":"","background-repeat":"repeat","background-position":"center center","background-size":"auto","background-attachment":"scroll","background-type":"","background-media":"","overlay-type":"","overlay-color":"","overlay-opacity":"","overlay-gradient":""}}},"product_brand":[],"product_cat":[15],"product_tag":[],"class_list":{"0":"post-22968","1":"product","2":"type-product","3":"status-publish","4":"has-post-thumbnail","6":"product_cat-shop","7":"desktop-align-left","8":"tablet-align-left","9":"mobile-align-left","11":"first","12":"instock","13":"sale","14":"shipping-taxable","15":"purchasable","16":"product-type-variable","17":"has-default-attributes"},"spectra_custom_meta":{"_visibility":["visible"],"_shopify_product_id":["1953667383369"],"_s2w_shopify_domain":["cortenplus.myshopify.com"],"_shopify_variant_id":["18096109518921"],"_manage_stock":["no"],"total_sales":["57"],"_tax_status":["taxable"],"_tax_class":[""],"_backorders":["no"],"_sold_individually":["no"],"_virtual":["no"],"_downloadable":["no"],"_download_limit":["-1"],"_download_expiry":["-1"],"_stock":[null],"_stock_status":["instock"],"_wc_average_rating":["4.93"],"_wc_review_count":["73"],"_product_attributes":["a:1:{s:6:\"volume\";a:6:{s:4:\"name\";s:6:\"Volume\";s:5:\"value\";s:30:\"1 liter | 5 liters | 25 liters\";s:8:\"position\";i:1;s:10:\"is_visible\";i:0;s:12:\"is_variation\";i:1;s:11:\"is_taxonomy\";i:0;}}"],"_product_version":["10.5.2"],"_thumbnail_id":["23010"],"_product_image_gallery":["23011,23012"],"_edit_lock":["1772287530:1"],"_edit_last":["1"],"_wp_page_template":["default"],"site-sidebar-layout":["default"],"ast-site-content-layout":["default"],"site-content-style":["default"],"site-sidebar-style":["default"],"theme-transparent-header-meta":["default"],"merchant-center-availability":["yes"],"merchant-center-category":["503741"],"_default_attributes":["a:1:{s:6:\"volume\";s:7:\"1 liter\";}"],"_wc_rating_count":["a:3:{i:3;i:1;i:4;i:3;i:5;i:69;}"],"_upsell_ids":["a:3:{i:0;i:22963;i:1;i:22974;i:2;i:22982;}"],"_crosssell_ids":["a:3:{i:0;i:22963;i:1;i:22974;i:2;i:22982;}"],"_price":["39.90","189.90","899.90"],"astra-migrate-meta-layouts":["set"],"_uag_css_file_name":["uag-css-22968.css"],"_elementor_page_assets":["a:0:{}"],"_uag_page_assets":["a:9:{s:3:\"css\";s:7133:\".uag-blocks-common-selector{z-index:var(--z-index-desktop) !important}@media(max-width: 976px){.uag-blocks-common-selector{z-index:var(--z-index-tablet) !important}}@media(max-width: 767px){.uag-blocks-common-selector{z-index:var(--z-index-mobile) !important}}.wp-block-uagb-image{display:flex}.wp-block-uagb-image__figure{position:relative;display:flex;flex-direction:column;max-width:100%;height:auto;margin:0}.wp-block-uagb-image__figure img{height:auto;display:flex;max-width:100%;transition:box-shadow .2s ease}.wp-block-uagb-image__figure>a{display:inline-block}.wp-block-uagb-image__figure figcaption{text-align:center;margin-top:.5em;margin-bottom:1em}.wp-block-uagb-image .components-placeholder.block-editor-media-placeholder .components-placeholder__instructions{align-self:center}.wp-block-uagb-image--align-left{text-align:left}.wp-block-uagb-image--align-right{text-align:right}.wp-block-uagb-image--align-center{text-align:center}.wp-block-uagb-image--align-full .wp-block-uagb-image__figure{margin-left:calc(50% - 50vw);margin-right:calc(50% - 50vw);max-width:100vw;width:100vw;height:auto}.wp-block-uagb-image--align-full .wp-block-uagb-image__figure img{height:auto;width:100% !important}.wp-block-uagb-image--align-wide .wp-block-uagb-image__figure img{height:auto;width:100%}.wp-block-uagb-image--layout-overlay__color-wrapper{position:absolute;left:0;top:0;right:0;bottom:0;opacity:.2;background:rgba(0,0,0,.5);transition:opacity .35s ease-in-out}.wp-block-uagb-image--layout-overlay-link{position:absolute;left:0;right:0;bottom:0;top:0}.wp-block-uagb-image--layout-overlay .wp-block-uagb-image__figure:hover .wp-block-uagb-image--layout-overlay__color-wrapper{opacity:1}.wp-block-uagb-image--layout-overlay__inner{position:absolute;left:15px;right:15px;bottom:15px;top:15px;display:flex;align-items:center;justify-content:center;flex-direction:column;border-color:#fff;transition:.35s ease-in-out}.wp-block-uagb-image--layout-overlay__inner.top-left,.wp-block-uagb-image--layout-overlay__inner.top-center,.wp-block-uagb-image--layout-overlay__inner.top-right{justify-content:flex-start}.wp-block-uagb-image--layout-overlay__inner.bottom-left,.wp-block-uagb-image--layout-overlay__inner.bottom-center,.wp-block-uagb-image--layout-overlay__inner.bottom-right{justify-content:flex-end}.wp-block-uagb-image--layout-overlay__inner.top-left,.wp-block-uagb-image--layout-overlay__inner.center-left,.wp-block-uagb-image--layout-overlay__inner.bottom-left{align-items:flex-start}.wp-block-uagb-image--layout-overlay__inner.top-right,.wp-block-uagb-image--layout-overlay__inner.center-right,.wp-block-uagb-image--layout-overlay__inner.bottom-right{align-items:flex-end}.wp-block-uagb-image--layout-overlay__inner .uagb-image-heading{color:#fff;transition:transform .35s,opacity .35s ease-in-out;transform:translate3d(0, 24px, 0);margin:0;line-height:1em}.wp-block-uagb-image--layout-overlay__inner .uagb-image-separator{width:30%;border-top-width:2px;border-top-color:#fff;border-top-style:solid;margin-bottom:10px;opacity:0;transition:transform .4s,opacity .4s ease-in-out;transform:translate3d(0, 30px, 0)}.wp-block-uagb-image--layout-overlay__inner .uagb-image-caption{opacity:0;overflow:visible;color:#fff;transition:transform .45s,opacity .45s ease-in-out;transform:translate3d(0, 35px, 0)}.wp-block-uagb-image--layout-overlay__inner:hover .uagb-image-heading,.wp-block-uagb-image--layout-overlay__inner:hover .uagb-image-separator,.wp-block-uagb-image--layout-overlay__inner:hover .uagb-image-caption{opacity:1;transform:translate3d(0, 0, 0)}.wp-block-uagb-image--effect-zoomin .wp-block-uagb-image__figure img,.wp-block-uagb-image--effect-zoomin .wp-block-uagb-image__figure .wp-block-uagb-image--layout-overlay__color-wrapper{transform:scale(1);transition:transform .35s ease-in-out}.wp-block-uagb-image--effect-zoomin .wp-block-uagb-image__figure:hover img,.wp-block-uagb-image--effect-zoomin .wp-block-uagb-image__figure:hover .wp-block-uagb-image--layout-overlay__color-wrapper{transform:scale(1.05)}.wp-block-uagb-image--effect-slide .wp-block-uagb-image__figure img,.wp-block-uagb-image--effect-slide .wp-block-uagb-image__figure .wp-block-uagb-image--layout-overlay__color-wrapper{width:calc(100% + 40px) !important;max-width:none !important;transform:translate3d(-40px, 0, 0);transition:transform .35s ease-in-out}.wp-block-uagb-image--effect-slide .wp-block-uagb-image__figure:hover img,.wp-block-uagb-image--effect-slide .wp-block-uagb-image__figure:hover .wp-block-uagb-image--layout-overlay__color-wrapper{transform:translate3d(0, 0, 0)}.wp-block-uagb-image--effect-grayscale img{filter:grayscale(0%);transition:.35s ease-in-out}.wp-block-uagb-image--effect-grayscale:hover img{filter:grayscale(100%)}.wp-block-uagb-image--effect-blur img{filter:blur(0);transition:.35s ease-in-out}.wp-block-uagb-image--effect-blur:hover img{filter:blur(3px)}.uagb-block-e6f939b3.wp-block-uagb-image--layout-default figure img{box-shadow: 0px 0px 0 #00000070;}.uagb-block-e6f939b3.wp-block-uagb-image .wp-block-uagb-image__figure figcaption{font-style: normal;align-self: center;}.uagb-block-e6f939b3.wp-block-uagb-image--layout-overlay figure img{box-shadow: 0px 0px 0 #00000070;}.uagb-block-e6f939b3.wp-block-uagb-image--layout-overlay .wp-block-uagb-image--layout-overlay__color-wrapper{opacity: 0.2;}.uagb-block-e6f939b3.wp-block-uagb-image--layout-overlay .wp-block-uagb-image--layout-overlay__inner{left: 15px;right: 15px;top: 15px;bottom: 15px;}.uagb-block-e6f939b3.wp-block-uagb-image--layout-overlay .wp-block-uagb-image--layout-overlay__inner .uagb-image-heading{font-style: normal;color: #fff;opacity: 1;}.uagb-block-e6f939b3.wp-block-uagb-image--layout-overlay .wp-block-uagb-image--layout-overlay__inner .uagb-image-heading a{color: #fff;}.uagb-block-e6f939b3.wp-block-uagb-image--layout-overlay .wp-block-uagb-image--layout-overlay__inner .uagb-image-caption{opacity: 0;}.uagb-block-e6f939b3.wp-block-uagb-image--layout-overlay .wp-block-uagb-image__figure:hover .wp-block-uagb-image--layout-overlay__color-wrapper{opacity: 1;}.uagb-block-e6f939b3.wp-block-uagb-image .wp-block-uagb-image--layout-overlay__inner .uagb-image-separator{width: 30%;border-top-width: 2px;border-top-color: #fff;opacity: 0;}.uagb-block-e6f939b3.wp-block-uagb-image .wp-block-uagb-image__figure img{width: px;height: auto;}.uagb-block-e6f939b3.wp-block-uagb-image .wp-block-uagb-image__figure:hover .wp-block-uagb-image--layout-overlay__inner .uagb-image-caption{opacity: 1;}.uagb-block-e6f939b3.wp-block-uagb-image .wp-block-uagb-image__figure:hover .wp-block-uagb-image--layout-overlay__inner .uagb-image-separator{opacity: 1;}.uagb-block-e6f939b3.wp-block-uagb-image--layout-default figure:hover img{box-shadow: 0px 0px 0 #00000070;}.uagb-block-e6f939b3.wp-block-uagb-image--layout-overlay figure:hover img{box-shadow: 0px 0px 0 #00000070;}@media only screen and (max-width: 976px) {.uagb-block-e6f939b3.wp-block-uagb-image .wp-block-uagb-image__figure img{width: px;height: auto;}}@media only screen and (max-width: 767px) {.uagb-block-e6f939b3.wp-block-uagb-image .wp-block-uagb-image__figure img{width: px;height: auto;}}\";s:2:\"js\";s:0:\"\";s:18:\"current_block_list\";a:13:{i:0;s:11:\"core\/search\";i:1;s:10:\"core\/group\";i:2;s:12:\"core\/heading\";i:3;s:17:\"core\/latest-posts\";i:4;s:20:\"core\/latest-comments\";i:5;s:13:\"core\/archives\";i:6;s:15:\"core\/categories\";i:7;s:14:\"core\/paragraph\";i:8;s:10:\"uagb\/image\";i:9;s:11:\"core\/spacer\";i:10;s:30:\"woocommerce\/product-categories\";i:11;s:10:\"core\/image\";i:12;s:14:\"core\/shortcode\";}s:8:\"uag_flag\";b:1;s:11:\"uag_version\";s:10:\"1777062225\";s:6:\"gfonts\";a:0:{}s:10:\"gfonts_url\";s:0:\"\";s:12:\"gfonts_files\";a:0:{}s:14:\"uag_faq_layout\";b:0;}"]},"uagb_featured_image_src":{"full":["https:\/\/www.cortenplus.com\/wp-content\/uploads\/2025\/06\/Descaler_1L_23.jpg",2560,2560,false],"thumbnail":["https:\/\/www.cortenplus.com\/wp-content\/uploads\/2025\/06\/Descaler_1L_23-150x150.jpg",150,150,true],"medium":["https:\/\/www.cortenplus.com\/wp-content\/uploads\/2025\/06\/Descaler_1L_23-300x300.jpg",300,300,true],"medium_large":["https:\/\/www.cortenplus.com\/wp-content\/uploads\/2025\/06\/Descaler_1L_23-768x768.jpg",768,768,true],"large":["https:\/\/www.cortenplus.com\/wp-content\/uploads\/2025\/06\/Descaler_1L_23-1024x1024.jpg",1024,1024,true],"1536x1536":["https:\/\/www.cortenplus.com\/wp-content\/uploads\/2025\/06\/Descaler_1L_23-1536x1536.jpg",1536,1536,true],"2048x2048":["https:\/\/www.cortenplus.com\/wp-content\/uploads\/2025\/06\/Descaler_1L_23-2048x2048.jpg",2048,2048,true],"trp-custom-language-flag":["https:\/\/www.cortenplus.com\/wp-content\/uploads\/2025\/06\/Descaler_1L_23-12x12.jpg",12,12,true],"woocommerce_thumbnail":["https:\/\/www.cortenplus.com\/wp-content\/uploads\/2025\/06\/Descaler_1L_23-300x300.jpg",300,300,true],"woocommerce_single":["https:\/\/www.cortenplus.com\/wp-content\/uploads\/2025\/06\/Descaler_1L_23-600x600.jpg",600,600,true],"woocommerce_gallery_thumbnail":["https:\/\/www.cortenplus.com\/wp-content\/uploads\/2025\/06\/Descaler_1L_23-100x100.jpg",100,100,true]},"uagb_author_info":{"display_name":"admin","author_link":"https:\/\/www.cortenplus.com\/pl\/author\/"},"uagb_comment_info":73,"uagb_excerpt":"Effectively removes mill scale without sandblasting. Our corten steel descaler is specially formulated to eliminate mill scale from corten steel surfaces without the need for a sandblaster. It chemically breaks down the dense, dark oxide layer formed during hot rolling, exposing clean reactive steel underneath and creating the ideal base for applying a rust accelerator.&hellip;","_links":{"self":[{"href":"https:\/\/www.cortenplus.com\/pl\/wp-json\/wp\/v2\/product\/22968","targetHints":{"allow":["GET"]}}],"collection":[{"href":"https:\/\/www.cortenplus.com\/pl\/wp-json\/wp\/v2\/product"}],"about":[{"href":"https:\/\/www.cortenplus.com\/pl\/wp-json\/wp\/v2\/types\/product"}],"replies":[{"embeddable":true,"href":"https:\/\/www.cortenplus.com\/pl\/wp-json\/wp\/v2\/comments?post=22968"}],"version-history":[{"count":3,"href":"https:\/\/www.cortenplus.com\/pl\/wp-json\/wp\/v2\/product\/22968\/revisions"}],"predecessor-version":[{"id":26208,"href":"https:\/\/www.cortenplus.com\/pl\/wp-json\/wp\/v2\/product\/22968\/revisions\/26208"}],"wp:featuredmedia":[{"embeddable":true,"href":"https:\/\/www.cortenplus.com\/pl\/wp-json\/wp\/v2\/media\/23010"}],"wp:attachment":[{"href":"https:\/\/www.cortenplus.com\/pl\/wp-json\/wp\/v2\/media?parent=22968"}],"wp:term":[{"taxonomy":"product_brand","embeddable":true,"href":"https:\/\/www.cortenplus.com\/pl\/wp-json\/wp\/v2\/product_brand?post=22968"},{"taxonomy":"product_cat","embeddable":true,"href":"https:\/\/www.cortenplus.com\/pl\/wp-json\/wp\/v2\/product_cat?post=22968"},{"taxonomy":"product_tag","embeddable":true,"href":"https:\/\/www.cortenplus.com\/pl\/wp-json\/wp\/v2\/product_tag?post=22968"}],"curies":[{"name":"wp","href":"https:\/\/api.w.org\/{rel}","templated":true}]}}