{"id":22958,"date":"2025-06-02T08:36:24","date_gmt":"2025-06-02T06:36:24","guid":{"rendered":"https:\/\/www.cortenplus.com\/products\/antiquing-fluid\/"},"modified":"2026-02-28T15:10:57","modified_gmt":"2026-02-28T14:10:57","slug":"antiquing-fluid","status":"publish","type":"product","link":"https:\/\/www.cortenplus.com\/pl\/products\/antiquing-fluid\/","title":{"rendered":"P\u0142yn do oksydowania"},"content":{"rendered":"<p><strong><img decoding=\"async\" style=\"margin-right: 12px;\" src=\"https:\/\/www.cortenplus.com\/wp-content\/uploads\/2026\/02\/Check.svg\" alt=\"\" width=\"18\" height=\"15\" \/>Tworzy autentyczne przyciemnione metalowe wyko\u0144czenie z profesjonaln\u0105 precyzj\u0105.<\/strong> Nasz p\u0142yn do postarzania jest specjalnie opracowany do br\u0105zowienia i czernienia powierzchni metalowych, tworz\u0105c g\u0142\u0119bok\u0105, bogat\u0105 patyn\u0119, kt\u00f3ra podkre\u015bla charakter i g\u0142\u0119bi\u0119 wizualn\u0105. Reaguje bezpo\u015brednio z metalem, tworz\u0105c naturalnie wygl\u0105daj\u0105cy efekt starzenia, kt\u00f3rego nie mo\u017cna odtworzy\u0107 za pomoc\u0105 farby lub powierzchownych pow\u0142ok.<\/p>\n<p><strong><img decoding=\"async\" style=\"margin-right: 12px;\" src=\"https:\/\/www.cortenplus.com\/wp-content\/uploads\/2026\/02\/Check.svg\" alt=\"\" width=\"18\" height=\"15\" \/>Najskuteczniejsze rozwi\u0105zanie do kontrolowanego czernienia metalu.<\/strong> Dzi\u0119ki zaawansowanej formule reaktywnej jest to najskuteczniejszy dost\u0119pny p\u0142yn do postarzania, pozwalaj\u0105cy uzyska\u0107 jednolite rezultaty br\u0105zowienia i przyciemniania. Zapewnia sp\u00f3jny rozw\u00f3j koloru na ca\u0142ej powierzchni, jednocze\u015bnie umo\u017cliwiaj\u0105c precyzyjn\u0105 kontrol\u0119 nad intensywno\u015bci\u0105 ton\u00f3w, od ciep\u0142ych odcieni br\u0105zu po g\u0142\u0119bokie matowe czarne wyko\u0144czenia.<\/p>\n<p><strong><img decoding=\"async\" style=\"margin-right: 12px;\" src=\"https:\/\/www.cortenplus.com\/wp-content\/uploads\/2026\/02\/Check.svg\" alt=\"\" width=\"18\" height=\"15\" \/>Najta\u0144sza na rynku profesjonalna obr\u00f3bka antykorozyjna.<\/strong> Zapewniamy wyj\u0105tkow\u0105 wydajno\u015b\u0107 w najbardziej konkurencyjnej cenie. Nasz p\u0142yn antykorozyjny jest najta\u0144szym rozwi\u0105zaniem wysokiej jako\u015bci w swojej kategorii, zapewniaj\u0105c doskona\u0142e rezultaty bez wysokich koszt\u00f3w cz\u0119sto zwi\u0105zanych ze specjalistycznymi produktami wyko\u0144czeniowymi.<\/p>\n<p><strong><img decoding=\"async\" style=\"margin-right: 12px;\" src=\"https:\/\/www.cortenplus.com\/wp-content\/uploads\/2026\/02\/Check.svg\" alt=\"\" width=\"18\" height=\"15\" \/>Gwarantowana dostawa w ci\u0105gu 24 godzin, aby utrzyma\u0107 projekt na w\u0142a\u015bciwym torze.<\/strong> Wiemy, \u017ce prace wyko\u0144czeniowe cz\u0119sto odbywaj\u0105 si\u0119 w napi\u0119tych ramach czasowych. Dlatego oferujemy 24-godzinn\u0105 dostaw\u0119, dzi\u0119ki czemu szybko otrzymasz p\u0142yn do antyk\u00f3w i b\u0119dziesz m\u00f3g\u0142 kontynuowa\u0107 prace bez zb\u0119dnych op\u00f3\u017anie\u0144.<\/p>\n<p><strong><img decoding=\"async\" style=\"margin-right: 12px;\" src=\"https:\/\/www.cortenplus.com\/wp-content\/uploads\/2026\/02\/Check.svg\" alt=\"\" width=\"18\" height=\"15\" \/>Gwarancja zwrotu pieni\u0119dzy dla pe\u0142nego spokoju ducha.<\/strong> Jeste\u015bmy pewni jako\u015bci i niezawodno\u015bci naszego p\u0142ynu do antyk\u00f3w. Je\u015bli nie b\u0119dziesz w pe\u0142ni zadowolony z rezultat\u00f3w, oferujemy gwarancj\u0119 zwrotu pieni\u0119dzy. Wystarczy skontaktowa\u0107 si\u0119 z nami, a my zwr\u00f3cimy pieni\u0105dze za zakup, dzi\u0119ki czemu inwestycja b\u0119dzie ca\u0142kowicie wolna od ryzyka.<\/p>\n<p><strong><img decoding=\"async\" style=\"margin-right: 12px;\" src=\"https:\/\/www.cortenplus.com\/wp-content\/uploads\/2026\/02\/Check.svg\" alt=\"\" width=\"18\" height=\"15\" \/>Doskona\u0142e pokrycie do 18 m\u00b2 na litr.<\/strong> Nasz p\u0142yn antykorozyjny oferuje wysok\u0105 wydajno\u015b\u0107, pokrywaj\u0105c do 18 metr\u00f3w kwadratowych na litr w zale\u017cno\u015bci od rodzaju metalu i absorpcji. Tak silne pokrycie zapewnia ekonomiczn\u0105 aplikacj\u0119 i mniejsze zu\u017cycie produktu nawet w przypadku du\u017cych element\u00f3w dekoracyjnych.<\/p>\n<p><strong><img decoding=\"async\" style=\"margin-right: 12px;\" src=\"https:\/\/www.cortenplus.com\/wp-content\/uploads\/2026\/02\/Check.svg\" alt=\"\" width=\"18\" height=\"15\" \/>Wzmacnia tekstur\u0119 i szczeg\u00f3\u0142y powierzchni.<\/strong> Zamiast ukrywa\u0107 naturalne ziarno i struktur\u0119 metalu, p\u0142yn podkre\u015bla drobne szczeg\u00f3\u0142y, ryciny i tekstury powierzchni. Rezultatem jest wyrafinowany, postarzony wygl\u0105d z wi\u0119kszym kontrastem wizualnym i g\u0142\u0119bi\u0105.<\/p>\n<p><strong><img decoding=\"async\" style=\"margin-right: 12px;\" src=\"https:\/\/www.cortenplus.com\/wp-content\/uploads\/2026\/02\/Check.svg\" alt=\"\" width=\"18\" height=\"15\" \/>Szybka reakcja zapewniaj\u0105ca wydajne wyko\u0144czenie.<\/strong> Reakcja chemiczna rozpoczyna si\u0119 szybko po na\u0142o\u017ceniu, umo\u017cliwiaj\u0105c widoczne przyciemnienie w ci\u0105gu kilku minut. To szybkie dzia\u0142anie poprawia wydajno\u015b\u0107 pracy i sprawia, \u017ce produkt nadaje si\u0119 zar\u00f3wno do ma\u0142ych projekt\u00f3w, jak i wi\u0119kszych \u015brodowisk produkcyjnych.<\/p>\n<p><strong><img decoding=\"async\" style=\"margin-right: 12px;\" src=\"https:\/\/www.cortenplus.com\/wp-content\/uploads\/2026\/02\/Check.svg\" alt=\"\" width=\"18\" height=\"15\" \/>Nadaje si\u0119 do r\u00f3\u017cnych powierzchni z metali \u017celaznych.<\/strong> Idealny do element\u00f3w stalowych i \u017celaznych, p\u0142yn do postarzania dostosowuje si\u0119 do r\u00f3\u017cnych wyko\u0144cze\u0144 powierzchni, w tym polerowanego, szczotkowanego lub lekko teksturowanego metalu, zapewniaj\u0105c jednolity i elegancki przyciemniony wygl\u0105d.<\/p>\n<p><strong><img decoding=\"async\" style=\"margin-right: 12px;\" src=\"https:\/\/www.cortenplus.com\/wp-content\/uploads\/2026\/02\/Check.svg\" alt=\"\" width=\"18\" height=\"15\" \/>Zapewnia stabiln\u0105 podstaw\u0119 dla dalszej ochrony.<\/strong> Po uzyskaniu po\u017c\u0105danego koloru, obrabian\u0105 powierzchni\u0119 mo\u017cna uszczelni\u0107 olejem, woskiem lub lakierem, aby zwi\u0119kszy\u0107 trwa\u0142o\u015b\u0107 i zablokowa\u0107 wyko\u0144czenie, zapewniaj\u0105c d\u0142ugotrwa\u0142e rezultaty i zwi\u0119kszon\u0105 odporno\u015b\u0107 na obs\u0142ug\u0119 i ekspozycj\u0119 na \u015brodowisko.<\/p>\n<h2><strong>Instrukcje<\/strong><\/h2>\n<ul>\n<li>Przed aplikacj\u0105 nale\u017cy upewni\u0107 si\u0119, \u017ce metalowa powierzchnia jest czysta, sucha i wolna od smaru, oleju, rdzy lub pow\u0142ok ochronnych. W razie potrzeby dok\u0142adnie odt\u0142u\u015bci\u0107 i pozostawi\u0107 do wyschni\u0119cia.<\/li>\n<li>Lekko zeszlifowa\u0107 bardzo g\u0142adkie powierzchnie, aby poprawi\u0107 jednorodno\u015b\u0107 reakcji.<\/li>\n<li>Przed u\u017cyciem dobrze wstrz\u0105sn\u0105\u0107 pojemnikiem.<\/li>\n<li>Na\u0142\u00f3\u017c p\u0142yn antykorozyjny za pomoc\u0105 p\u0119dzla, g\u0105bki, szmatki lub przez zanurzenie, w zale\u017cno\u015bci od wielko\u015bci obiektu.<\/li>\n<li>Zalecane dozowanie to oko\u0142o 55-60 ml na metr kwadratowy. Pokrycie wynosi do 18 m\u00b2 na litr w zale\u017cno\u015bci od metalu i po\u017c\u0105danej intensywno\u015bci.<\/li>\n<li>Pozostawi\u0107 produkt na kilka minut do przereagowania. Efekt ciemnienia b\u0119dzie pojawia\u0142 si\u0119 stopniowo w miar\u0119 rozwoju reakcji chemicznej.<\/li>\n<li>Aby uzyska\u0107 g\u0142\u0119bsze lub ciemniejsze wyko\u0144czenie, na\u0142\u00f3\u017c dodatkowe warstwy po ustabilizowaniu si\u0119 pierwszej aplikacji.<\/li>\n<li>Po uzyskaniu po\u017c\u0105danego koloru, w razie potrzeby lekko sp\u0142uka\u0107 czyst\u0105 wod\u0105 i pozostawi\u0107 powierzchni\u0119 do ca\u0142kowitego wyschni\u0119cia.<\/li>\n<li>Po wyschni\u0119ciu nale\u017cy na\u0142o\u017cy\u0107 olej ochronny, wosk lub bezbarwny uszczelniacz, aby ustabilizowa\u0107 i zabezpieczy\u0107 wyko\u0144czenie.<\/li>\n<li>Produkt nale\u017cy przechowywa\u0107 w ch\u0142odnym i suchym miejscu, a po u\u017cyciu szczelnie zamkn\u0105\u0107 pojemnik.<\/li>\n<\/ul>","protected":false},"excerpt":{"rendered":"<p>Creates an authentic darkened metal finish with professional precision. Our antiquing fluid is specially formulated to brown and blacken metal surfaces, producing a deep, rich patina that enhances character and visual depth. It reacts directly with the metal to create a natural-looking aged effect that cannot be replicated with paint or superficial coatings. The most [&hellip;]<\/p>\n","protected":false},"featured_media":22986,"comment_status":"open","ping_status":"closed","template":"","meta":{"_uag_custom_page_level_css":"","site-sidebar-layout":"default","site-content-layout":"","ast-site-content-layout":"default","site-content-style":"default","site-sidebar-style":"default","ast-global-header-display":"","ast-banner-title-visibility":"","ast-main-header-display":"","ast-hfb-above-header-display":"","ast-hfb-below-header-display":"","ast-hfb-mobile-header-display":"","site-post-title":"","ast-breadcrumbs-content":"","ast-featured-img":"","footer-sml-layout":"","ast-disable-related-posts":"","theme-transparent-header-meta":"default","adv-header-id-meta":"","stick-header-meta":"","header-above-stick-meta":"","header-main-stick-meta":"","header-below-stick-meta":"","astra-migrate-meta-layouts":"set","ast-page-background-enabled":"default","ast-page-background-meta":{"desktop":{"background-color":"var(--ast-global-color-4)","background-image":"","background-repeat":"repeat","background-position":"center center","background-size":"auto","background-attachment":"scroll","background-type":"","background-media":"","overlay-type":"","overlay-color":"","overlay-opacity":"","overlay-gradient":""},"tablet":{"background-color":"","background-image":"","background-repeat":"repeat","background-position":"center center","background-size":"auto","background-attachment":"scroll","background-type":"","background-media":"","overlay-type":"","overlay-color":"","overlay-opacity":"","overlay-gradient":""},"mobile":{"background-color":"","background-image":"","background-repeat":"repeat","background-position":"center center","background-size":"auto","background-attachment":"scroll","background-type":"","background-media":"","overlay-type":"","overlay-color":"","overlay-opacity":"","overlay-gradient":""}},"ast-content-background-meta":{"desktop":{"background-color":"var(--ast-global-color-5)","background-image":"","background-repeat":"repeat","background-position":"center center","background-size":"auto","background-attachment":"scroll","background-type":"","background-media":"","overlay-type":"","overlay-color":"","overlay-opacity":"","overlay-gradient":""},"tablet":{"background-color":"var(--ast-global-color-5)","background-image":"","background-repeat":"repeat","background-position":"center center","background-size":"auto","background-attachment":"scroll","background-type":"","background-media":"","overlay-type":"","overlay-color":"","overlay-opacity":"","overlay-gradient":""},"mobile":{"background-color":"var(--ast-global-color-5)","background-image":"","background-repeat":"repeat","background-position":"center center","background-size":"auto","background-attachment":"scroll","background-type":"","background-media":"","overlay-type":"","overlay-color":"","overlay-opacity":"","overlay-gradient":""}}},"product_brand":[],"product_cat":[15],"product_tag":[],"class_list":{"0":"post-22958","1":"product","2":"type-product","3":"status-publish","4":"has-post-thumbnail","6":"product_cat-shop","7":"desktop-align-left","8":"tablet-align-left","9":"mobile-align-left","11":"first","12":"instock","13":"sale","14":"shipping-taxable","15":"purchasable","16":"product-type-variable","17":"has-default-attributes"},"spectra_custom_meta":{"_visibility":["visible"],"_shopify_product_id":["4548242374740"],"_s2w_shopify_domain":["cortenplus.myshopify.com"],"_shopify_variant_id":["32018226511956"],"_manage_stock":["no"],"total_sales":["206"],"_tax_status":["taxable"],"_tax_class":[""],"_backorders":["no"],"_sold_individually":["no"],"_virtual":["no"],"_downloadable":["no"],"_download_limit":["-1"],"_download_expiry":["-1"],"_stock":[null],"_stock_status":["instock"],"_wc_average_rating":["4.83"],"_wc_review_count":["87"],"_product_attributes":["a:1:{s:6:\"volume\";a:6:{s:4:\"name\";s:6:\"Volume\";s:5:\"value\";s:30:\"1 liter | 5 liters | 25 liters\";s:8:\"position\";i:1;s:10:\"is_visible\";i:0;s:12:\"is_variation\";i:1;s:11:\"is_taxonomy\";i:0;}}"],"_product_version":["10.5.2"],"_thumbnail_id":["22986"],"_product_image_gallery":["22987,22988"],"_edit_lock":["1772287778:1"],"_edit_last":["1"],"_wp_page_template":["default"],"site-sidebar-layout":["default"],"ast-site-content-layout":["default"],"site-content-style":["default"],"site-sidebar-style":["default"],"theme-transparent-header-meta":["default"],"merchant-center-availability":["yes"],"merchant-center-category":["505417"],"merchant-center-id":["B1"],"_default_attributes":["a:1:{s:6:\"volume\";s:7:\"1 liter\";}"],"_wc_rating_count":["a:3:{i:3;i:4;i:4;i:7;i:5;i:76;}"],"_upsell_ids":["a:3:{i:0;i:22962;i:1;i:22963;i:2;i:22982;}"],"_crosssell_ids":["a:3:{i:0;i:22962;i:1;i:22963;i:2;i:22982;}"],"_price":["29.90","139.90","599.90"],"astra-migrate-meta-layouts":["set"],"_uag_css_file_name":["uag-css-22958.css"],"_elementor_page_assets":["a:0:{}"],"_uag_page_assets":["a:9:{s:3:\"css\";s:6873:\".wp-block-uagb-image{display:flex}.wp-block-uagb-image__figure{position:relative;display:flex;flex-direction:column;max-width:100%;height:auto;margin:0}.wp-block-uagb-image__figure img{height:auto;display:flex;max-width:100%;transition:box-shadow .2s ease}.wp-block-uagb-image__figure>a{display:inline-block}.wp-block-uagb-image__figure figcaption{text-align:center;margin-top:.5em;margin-bottom:1em}.wp-block-uagb-image .components-placeholder.block-editor-media-placeholder .components-placeholder__instructions{align-self:center}.wp-block-uagb-image--align-left{text-align:left}.wp-block-uagb-image--align-right{text-align:right}.wp-block-uagb-image--align-center{text-align:center}.wp-block-uagb-image--align-full .wp-block-uagb-image__figure{margin-left:calc(50% - 50vw);margin-right:calc(50% - 50vw);max-width:100vw;width:100vw;height:auto}.wp-block-uagb-image--align-full .wp-block-uagb-image__figure img{height:auto;width:100% !important}.wp-block-uagb-image--align-wide .wp-block-uagb-image__figure img{height:auto;width:100%}.wp-block-uagb-image--layout-overlay__color-wrapper{position:absolute;left:0;top:0;right:0;bottom:0;opacity:.2;background:rgba(0,0,0,.5);transition:opacity .35s ease-in-out}.wp-block-uagb-image--layout-overlay-link{position:absolute;left:0;right:0;bottom:0;top:0}.wp-block-uagb-image--layout-overlay .wp-block-uagb-image__figure:hover .wp-block-uagb-image--layout-overlay__color-wrapper{opacity:1}.wp-block-uagb-image--layout-overlay__inner{position:absolute;left:15px;right:15px;bottom:15px;top:15px;display:flex;align-items:center;justify-content:center;flex-direction:column;border-color:#fff;transition:.35s ease-in-out}.wp-block-uagb-image--layout-overlay__inner.top-left,.wp-block-uagb-image--layout-overlay__inner.top-center,.wp-block-uagb-image--layout-overlay__inner.top-right{justify-content:flex-start}.wp-block-uagb-image--layout-overlay__inner.bottom-left,.wp-block-uagb-image--layout-overlay__inner.bottom-center,.wp-block-uagb-image--layout-overlay__inner.bottom-right{justify-content:flex-end}.wp-block-uagb-image--layout-overlay__inner.top-left,.wp-block-uagb-image--layout-overlay__inner.center-left,.wp-block-uagb-image--layout-overlay__inner.bottom-left{align-items:flex-start}.wp-block-uagb-image--layout-overlay__inner.top-right,.wp-block-uagb-image--layout-overlay__inner.center-right,.wp-block-uagb-image--layout-overlay__inner.bottom-right{align-items:flex-end}.wp-block-uagb-image--layout-overlay__inner .uagb-image-heading{color:#fff;transition:transform .35s,opacity .35s ease-in-out;transform:translate3d(0, 24px, 0);margin:0;line-height:1em}.wp-block-uagb-image--layout-overlay__inner .uagb-image-separator{width:30%;border-top-width:2px;border-top-color:#fff;border-top-style:solid;margin-bottom:10px;opacity:0;transition:transform .4s,opacity .4s ease-in-out;transform:translate3d(0, 30px, 0)}.wp-block-uagb-image--layout-overlay__inner .uagb-image-caption{opacity:0;overflow:visible;color:#fff;transition:transform .45s,opacity .45s ease-in-out;transform:translate3d(0, 35px, 0)}.wp-block-uagb-image--layout-overlay__inner:hover .uagb-image-heading,.wp-block-uagb-image--layout-overlay__inner:hover .uagb-image-separator,.wp-block-uagb-image--layout-overlay__inner:hover .uagb-image-caption{opacity:1;transform:translate3d(0, 0, 0)}.wp-block-uagb-image--effect-zoomin .wp-block-uagb-image__figure img,.wp-block-uagb-image--effect-zoomin .wp-block-uagb-image__figure .wp-block-uagb-image--layout-overlay__color-wrapper{transform:scale(1);transition:transform .35s ease-in-out}.wp-block-uagb-image--effect-zoomin .wp-block-uagb-image__figure:hover img,.wp-block-uagb-image--effect-zoomin .wp-block-uagb-image__figure:hover .wp-block-uagb-image--layout-overlay__color-wrapper{transform:scale(1.05)}.wp-block-uagb-image--effect-slide .wp-block-uagb-image__figure img,.wp-block-uagb-image--effect-slide .wp-block-uagb-image__figure .wp-block-uagb-image--layout-overlay__color-wrapper{width:calc(100% + 40px) !important;max-width:none !important;transform:translate3d(-40px, 0, 0);transition:transform .35s ease-in-out}.wp-block-uagb-image--effect-slide .wp-block-uagb-image__figure:hover img,.wp-block-uagb-image--effect-slide .wp-block-uagb-image__figure:hover .wp-block-uagb-image--layout-overlay__color-wrapper{transform:translate3d(0, 0, 0)}.wp-block-uagb-image--effect-grayscale img{filter:grayscale(0%);transition:.35s ease-in-out}.wp-block-uagb-image--effect-grayscale:hover img{filter:grayscale(100%)}.wp-block-uagb-image--effect-blur img{filter:blur(0);transition:.35s ease-in-out}.wp-block-uagb-image--effect-blur:hover img{filter:blur(3px)}.uagb-block-e6f939b3.wp-block-uagb-image--layout-default figure img{box-shadow: 0px 0px 0 #00000070;}.uagb-block-e6f939b3.wp-block-uagb-image .wp-block-uagb-image__figure figcaption{font-style: normal;align-self: center;}.uagb-block-e6f939b3.wp-block-uagb-image--layout-overlay figure img{box-shadow: 0px 0px 0 #00000070;}.uagb-block-e6f939b3.wp-block-uagb-image--layout-overlay .wp-block-uagb-image--layout-overlay__color-wrapper{opacity: 0.2;}.uagb-block-e6f939b3.wp-block-uagb-image--layout-overlay .wp-block-uagb-image--layout-overlay__inner{left: 15px;right: 15px;top: 15px;bottom: 15px;}.uagb-block-e6f939b3.wp-block-uagb-image--layout-overlay .wp-block-uagb-image--layout-overlay__inner .uagb-image-heading{font-style: normal;color: #fff;opacity: 1;}.uagb-block-e6f939b3.wp-block-uagb-image--layout-overlay .wp-block-uagb-image--layout-overlay__inner .uagb-image-heading a{color: #fff;}.uagb-block-e6f939b3.wp-block-uagb-image--layout-overlay .wp-block-uagb-image--layout-overlay__inner .uagb-image-caption{opacity: 0;}.uagb-block-e6f939b3.wp-block-uagb-image--layout-overlay .wp-block-uagb-image__figure:hover .wp-block-uagb-image--layout-overlay__color-wrapper{opacity: 1;}.uagb-block-e6f939b3.wp-block-uagb-image .wp-block-uagb-image--layout-overlay__inner .uagb-image-separator{width: 30%;border-top-width: 2px;border-top-color: #fff;opacity: 0;}.uagb-block-e6f939b3.wp-block-uagb-image .wp-block-uagb-image__figure img{width: px;height: auto;}.uagb-block-e6f939b3.wp-block-uagb-image .wp-block-uagb-image__figure:hover .wp-block-uagb-image--layout-overlay__inner .uagb-image-caption{opacity: 1;}.uagb-block-e6f939b3.wp-block-uagb-image .wp-block-uagb-image__figure:hover .wp-block-uagb-image--layout-overlay__inner .uagb-image-separator{opacity: 1;}.uagb-block-e6f939b3.wp-block-uagb-image--layout-default figure:hover img{box-shadow: 0px 0px 0 #00000070;}.uagb-block-e6f939b3.wp-block-uagb-image--layout-overlay figure:hover img{box-shadow: 0px 0px 0 #00000070;}@media only screen and (max-width: 976px) {.uagb-block-e6f939b3.wp-block-uagb-image .wp-block-uagb-image__figure img{width: px;height: auto;}}@media only screen and (max-width: 767px) {.uagb-block-e6f939b3.wp-block-uagb-image .wp-block-uagb-image__figure img{width: px;height: auto;}}\";s:2:\"js\";s:0:\"\";s:18:\"current_block_list\";a:13:{i:0;s:11:\"core\/search\";i:1;s:10:\"core\/group\";i:2;s:12:\"core\/heading\";i:3;s:17:\"core\/latest-posts\";i:4;s:20:\"core\/latest-comments\";i:5;s:13:\"core\/archives\";i:6;s:15:\"core\/categories\";i:7;s:14:\"core\/paragraph\";i:8;s:10:\"uagb\/image\";i:9;s:11:\"core\/spacer\";i:10;s:30:\"woocommerce\/product-categories\";i:11;s:10:\"core\/image\";i:12;s:14:\"core\/shortcode\";}s:8:\"uag_flag\";b:1;s:11:\"uag_version\";s:10:\"1777057137\";s:6:\"gfonts\";a:0:{}s:10:\"gfonts_url\";s:0:\"\";s:12:\"gfonts_files\";a:0:{}s:14:\"uag_faq_layout\";b:0;}"]},"uagb_featured_image_src":{"full":["https:\/\/www.cortenplus.com\/wp-content\/uploads\/2025\/06\/Antiquing1L.jpg",2560,2560,false],"thumbnail":["https:\/\/www.cortenplus.com\/wp-content\/uploads\/2025\/06\/Antiquing1L-150x150.jpg",150,150,true],"medium":["https:\/\/www.cortenplus.com\/wp-content\/uploads\/2025\/06\/Antiquing1L-300x300.jpg",300,300,true],"medium_large":["https:\/\/www.cortenplus.com\/wp-content\/uploads\/2025\/06\/Antiquing1L-768x768.jpg",768,768,true],"large":["https:\/\/www.cortenplus.com\/wp-content\/uploads\/2025\/06\/Antiquing1L-1024x1024.jpg",1024,1024,true],"1536x1536":["https:\/\/www.cortenplus.com\/wp-content\/uploads\/2025\/06\/Antiquing1L-1536x1536.jpg",1536,1536,true],"2048x2048":["https:\/\/www.cortenplus.com\/wp-content\/uploads\/2025\/06\/Antiquing1L-2048x2048.jpg",2048,2048,true],"trp-custom-language-flag":["https:\/\/www.cortenplus.com\/wp-content\/uploads\/2025\/06\/Antiquing1L-12x12.jpg",12,12,true],"woocommerce_thumbnail":["https:\/\/www.cortenplus.com\/wp-content\/uploads\/2025\/06\/Antiquing1L-300x300.jpg",300,300,true],"woocommerce_single":["https:\/\/www.cortenplus.com\/wp-content\/uploads\/2025\/06\/Antiquing1L-600x600.jpg",600,600,true],"woocommerce_gallery_thumbnail":["https:\/\/www.cortenplus.com\/wp-content\/uploads\/2025\/06\/Antiquing1L-100x100.jpg",100,100,true]},"uagb_author_info":{"display_name":"admin","author_link":"https:\/\/www.cortenplus.com\/pl\/author\/"},"uagb_comment_info":87,"uagb_excerpt":"Creates an authentic darkened metal finish with professional precision. Our antiquing fluid is specially formulated to brown and blacken metal surfaces, producing a deep, rich patina that enhances character and visual depth. It reacts directly with the metal to create a natural-looking aged effect that cannot be replicated with paint or superficial coatings. The most&hellip;","_links":{"self":[{"href":"https:\/\/www.cortenplus.com\/pl\/wp-json\/wp\/v2\/product\/22958","targetHints":{"allow":["GET"]}}],"collection":[{"href":"https:\/\/www.cortenplus.com\/pl\/wp-json\/wp\/v2\/product"}],"about":[{"href":"https:\/\/www.cortenplus.com\/pl\/wp-json\/wp\/v2\/types\/product"}],"replies":[{"embeddable":true,"href":"https:\/\/www.cortenplus.com\/pl\/wp-json\/wp\/v2\/comments?post=22958"}],"version-history":[{"count":3,"href":"https:\/\/www.cortenplus.com\/pl\/wp-json\/wp\/v2\/product\/22958\/revisions"}],"predecessor-version":[{"id":26210,"href":"https:\/\/www.cortenplus.com\/pl\/wp-json\/wp\/v2\/product\/22958\/revisions\/26210"}],"wp:featuredmedia":[{"embeddable":true,"href":"https:\/\/www.cortenplus.com\/pl\/wp-json\/wp\/v2\/media\/22986"}],"wp:attachment":[{"href":"https:\/\/www.cortenplus.com\/pl\/wp-json\/wp\/v2\/media?parent=22958"}],"wp:term":[{"taxonomy":"product_brand","embeddable":true,"href":"https:\/\/www.cortenplus.com\/pl\/wp-json\/wp\/v2\/product_brand?post=22958"},{"taxonomy":"product_cat","embeddable":true,"href":"https:\/\/www.cortenplus.com\/pl\/wp-json\/wp\/v2\/product_cat?post=22958"},{"taxonomy":"product_tag","embeddable":true,"href":"https:\/\/www.cortenplus.com\/pl\/wp-json\/wp\/v2\/product_tag?post=22958"}],"curies":[{"name":"wp","href":"https:\/\/api.w.org\/{rel}","templated":true}]}}