{"id":22978,"date":"2025-06-02T08:36:34","date_gmt":"2025-06-02T06:36:34","guid":{"rendered":"https:\/\/www.cortenplus.com\/products\/rust-converter\/"},"modified":"2026-02-28T15:08:39","modified_gmt":"2026-02-28T14:08:39","slug":"rust-converter","status":"publish","type":"product","link":"https:\/\/www.cortenplus.com\/lv\/products\/rust-converter\/","title":{"rendered":"R\u016bsas p\u0101rveidot\u0101js"},"content":{"rendered":"<p><strong><img decoding=\"async\" style=\"margin-right: 12px;\" src=\"https:\/\/www.cortenplus.com\/wp-content\/uploads\/2026\/02\/Check.svg\" alt=\"\" width=\"18\" height=\"15\" \/>Past\u0101v\u012bgi aptur r\u016bsu un p\u0101rveido koroziju par stabilu aizsargsl\u0101ni.<\/strong> M\u016bsu r\u016bsas p\u0101rveidot\u0101js ir \u012bpa\u0161i izstr\u0101d\u0101ts, lai neitraliz\u0113tu akt\u012bvo r\u016bsu un p\u0101rv\u0113rstu to stabil\u0101, inert\u0101 aizsargp\u0101rkl\u0101jum\u0101, kas nov\u0113r\u0161 turpm\u0101ku koroziju. T\u0101 viet\u0101, lai vienk\u0101r\u0161i p\u0101rkl\u0101tu r\u016bsu, tas \u0137\u012bmiski rea\u0123\u0113 ar dzelzs oks\u012bdu, lai aptur\u0113tu boj\u0101\u0161anos pa\u0161\u0101 s\u0101kum\u0101, pagarinot met\u0101la virsmu kalpo\u0161anas laiku.<\/p>\n<p><strong><img decoding=\"async\" style=\"margin-right: 12px;\" src=\"https:\/\/www.cortenplus.com\/wp-content\/uploads\/2026\/02\/Check.svg\" alt=\"\" width=\"18\" height=\"15\" \/>Visefekt\u012bv\u0101k\u0101 pieejam\u0101 r\u016bsas apstr\u0101de.<\/strong> Pateicoties uzlabotajam \u0137\u012bmiskajam sast\u0101vam, \u0161is ir visefekt\u012bv\u0101kais r\u016bsas p\u0101rveidot\u0101js tirg\u016b. Tas dzi\u013ci ies\u016bcas porainaj\u0101 r\u016bs\u0101, pamat\u012bgi rea\u0123\u0113 un veido sp\u0113c\u012bgu, kr\u0101sojamu aizsargsl\u0101ni. Sal\u012bdzinot ar parastiem r\u016bsas no\u0146em\u0161anas l\u012bdzek\u013ciem vai gruntskr\u0101s\u0101m, tas nodro\u0161ina izcilu ilgtermi\u0146a aizsardz\u012bbu un redzami stabiliz\u0113 koroziju jau p\u0113c vienas lieto\u0161anas reizes.<\/p>\n<p><strong><img decoding=\"async\" style=\"margin-right: 12px;\" src=\"https:\/\/www.cortenplus.com\/wp-content\/uploads\/2026\/02\/Check.svg\" alt=\"\" width=\"18\" height=\"15\" \/>L\u0113t\u0101kais augstas veiktsp\u0113jas risin\u0101jums bez kvalit\u0101tes kompromisiem.<\/strong> M\u0113s pied\u0101v\u0101jam profesion\u0101las kvalit\u0101tes veiktsp\u0113ju par viskonkur\u0113tsp\u0113j\u012bg\u0101ko cenu. M\u016bsu r\u016bsas p\u0101rveidot\u0101js ir l\u0113t\u0101kais risin\u0101jums sav\u0101 kategorij\u0101, vienlaikus saglab\u0101jot izcilu efektivit\u0101ti un iztur\u012bbu, kas \u013cauj m\u0101ju \u012bpa\u0161niekiem, darbuz\u0146\u0113m\u0113jiem un r\u016bpnieciskajiem lietot\u0101jiem samazin\u0101t uztur\u0113\u0161anas izmaksas, nezaud\u0113jot rezult\u0101tus.<\/p>\n<p><strong><img decoding=\"async\" style=\"margin-right: 12px;\" src=\"https:\/\/www.cortenplus.com\/wp-content\/uploads\/2026\/02\/Check.svg\" alt=\"\" width=\"18\" height=\"15\" \/>Garant\u0113ta pieg\u0101de 24 stundu laik\u0101 steidzamiem remontdarbiem.<\/strong> Korozija izplat\u0101s \u0101tri, t\u0101p\u0113c ir svar\u012bgi savlaic\u012bgi veikt \u0101rst\u0113\u0161anu. T\u0101p\u0113c m\u0113s garant\u0113jam pieg\u0101di 24 stundu laik\u0101, nodro\u0161inot, ka j\u016bs nekav\u0113joties sa\u0146emat savu r\u016bsas p\u0101rveidot\u0101ju un varat nekav\u0113joties aptur\u0113t met\u0101la boj\u0101\u0161anos.<\/p>\n<p><strong><img decoding=\"async\" style=\"margin-right: 12px;\" src=\"https:\/\/www.cortenplus.com\/wp-content\/uploads\/2026\/02\/Check.svg\" alt=\"\" width=\"18\" height=\"15\" \/>Naudas atmaksas garantija piln\u012bgai p\u0101rliec\u012bbai.<\/strong> M\u0113s garant\u0113jam m\u016bsu r\u016bsas p\u0101rveidot\u0101ja veiktsp\u0113ju. Ja neesat apmierin\u0101ts ar rezult\u0101tu, m\u0113s pied\u0101v\u0101jam naudas atmaksas garantiju. Vienk\u0101r\u0161i sazinieties ar mums, un m\u0113s atmaks\u0101sim naudu par pirkumu, t\u0101d\u0113j\u0101di nodro\u0161inot jums piln\u012bgi bezriska ieguld\u012bjumu.<\/p>\n<p><strong><img decoding=\"async\" style=\"margin-right: 12px;\" src=\"https:\/\/www.cortenplus.com\/wp-content\/uploads\/2026\/02\/Check.svg\" alt=\"\" width=\"18\" height=\"15\" \/>Lielisks p\u0101rkl\u0101jums - l\u012bdz 12 m\u00b2 uz litru.<\/strong> M\u016bsu r\u016bsas p\u0101rveidot\u0101js nodro\u0161ina lielu p\u0101rkl\u0101jumu, apstr\u0101d\u0101jot l\u012bdz pat 12 kvadr\u0101tmetriem uz litru atkar\u012bb\u0101 no virsmas raupjuma un r\u016bsas biezuma. \u0160is efekt\u012bvais p\u0101rkl\u0101jums samazina kop\u0113jo pat\u0113ri\u0146u un padara to rentablu gan nelieliem remontdarbiem, gan liel\u0101m r\u016bpniecisk\u0101m virsm\u0101m.<\/p>\n<p><strong><img decoding=\"async\" style=\"margin-right: 12px;\" src=\"https:\/\/www.cortenplus.com\/wp-content\/uploads\/2026\/02\/Check.svg\" alt=\"\" width=\"18\" height=\"15\" \/>Izveido kr\u0101so\u0161anai gatavu aizsarg\u0101jo\u0161u pamatni.<\/strong> Kad r\u016bsas ir p\u0101rveidotas, uz virsmas veidojas tum\u0161s, stabils sl\u0101nis, ko p\u0113c iz\u017e\u016b\u0161anas var kr\u0101sot. Tas nov\u0113r\u0161 nepiecie\u0161am\u012bbu piln\u012bb\u0101 no\u0146emt r\u016bsu l\u012bdz pat plikam met\u0101lam, ietaupot laiku un darbu, vienlaikus uzlabojot p\u0101rkl\u0101juma sa\u0137eri.<\/p>\n<p><strong><img decoding=\"async\" style=\"margin-right: 12px;\" src=\"https:\/\/www.cortenplus.com\/wp-content\/uploads\/2026\/02\/Check.svg\" alt=\"\" width=\"18\" height=\"15\" \/>Ide\u0101li piem\u0113rots vair\u0101kiem met\u0101la lietojumiem.<\/strong> \u0160o univers\u0101lo r\u016bsas p\u0101rveidot\u0101ju, kas piem\u0113rots t\u0113rauda, dzelzs, margu, v\u0101rtu, \u017eogu, automobi\u013cu deta\u013cu, darbar\u012bku, konstrukciju siju, tvert\u0146u un ma\u0161\u012bnu apstr\u0101dei, var izmantot gan iek\u0161telp\u0101s, gan \u0101rpus telp\u0101m, lai apstr\u0101d\u0101tu da\u017e\u0101das koroziju skartas met\u0101la virsmas.<\/p>\n<p><strong><img decoding=\"async\" style=\"margin-right: 12px;\" src=\"https:\/\/www.cortenplus.com\/wp-content\/uploads\/2026\/02\/Check.svg\" alt=\"\" width=\"18\" height=\"15\" \/>Nov\u0113r\u0161 turpm\u0101ku koroziju un pagarina met\u0101la kalpo\u0161anas laiku.<\/strong> \u0136\u012bmiski stabiliz\u0113jot r\u016bsu un nosl\u0113dzot virsmu, produkts pal\u0113nina oksid\u0113\u0161anos un iev\u0113rojami pagarina apstr\u0101d\u0101to met\u0101la deta\u013cu kalpo\u0161anas laiku, t\u0101d\u0113j\u0101di samazinot d\u0101rgu nomai\u0146u nepiecie\u0161am\u012bbu.<\/p>\n<p><strong><img decoding=\"async\" style=\"margin-right: 12px;\" src=\"https:\/\/www.cortenplus.com\/wp-content\/uploads\/2026\/02\/Check.svg\" alt=\"\" width=\"18\" height=\"15\" \/>Viegla lieto\u0161ana profesion\u0101\u013ciem un DIY lietot\u0101jiem.<\/strong> Produktu var uzkl\u0101t ar otu, rull\u012bti vai aerosolu, t\u0101p\u0113c tas ir pieejams ikvienam. T\u0101 vienm\u0113r\u012bg\u0101 konsistence nodro\u0161ina vienm\u0113r\u012bgu izkliedi un efekt\u012bvu iek\u013c\u016b\u0161anu r\u016bs\u0113ju\u0161\u0101s viet\u0101s bez sare\u017e\u0123\u012bt\u0101m proced\u016br\u0101m.<\/p>\n<h2><strong>Instrukcijas<\/strong><\/h2>\n<ul>\n<li>Pirms uzkl\u0101\u0161anas ar stiep\u013cu suku vai skr\u0101pi no\u0146emiet br\u012bvo, lob\u012bju\u0161os r\u016bsu, net\u012brumus, taukus un veco nolob\u012bju\u0161os kr\u0101su. Virsma nav piln\u012bb\u0101 j\u0101no\u0146em l\u012bdz plikam met\u0101lam.<\/li>\n<li>Pirms produkta uzkl\u0101\u0161anas p\u0101rliecinieties, ka met\u0101la virsma ir sausa.<\/li>\n<li>Pirms lieto\u0161anas r\u016bsas p\u0101rveidot\u0101ju r\u016bp\u012bgi sakratiet vai samaisiet.<\/li>\n<li>Uzkl\u0101jiet vienm\u0113r\u012bgu k\u0101rtu, izmantojot otu, rull\u012bti vai izsmidzin\u0101\u0161anas sist\u0113mu. P\u0101rliecinieties, ka visas sar\u016bs\u0113ju\u0161\u0101s vietas ir piln\u012bb\u0101 nosegtas.<\/li>\n<li>Ieteicam\u0101 deva ir aptuveni 80-100 ml uz kvadr\u0101tmetru atkar\u012bb\u0101 no r\u016bsas biezuma un virsmas strukt\u016bras.<\/li>\n<li>Norm\u0101los apst\u0101k\u013cos p\u0101rkl\u0101jums ir l\u012bdz 12 m\u00b2 uz litru.<\/li>\n<li>\u013baujiet produktam rea\u0123\u0113t ar r\u016bsu. \u0136\u012bmisk\u0101s p\u0101rveido\u0161an\u0101s proces\u0101 virsma pak\u0101peniski k\u013c\u016bs tum\u0161i zila vai melna.<\/li>\n<li>\u017d\u0101v\u0113\u0161anas laiks parasti ir no 3 l\u012bdz 6 stund\u0101m atkar\u012bb\u0101 no temperat\u016bras un mitruma.<\/li>\n<li>Stipri sar\u016bs\u0113ju\u0161\u0101m viet\u0101m p\u0113c pirm\u0101s k\u0101rtas iz\u017e\u016b\u0161anas var uzkl\u0101t otru k\u0101rtu.<\/li>\n<li>P\u0113c piln\u012bgas saciet\u0113\u0161anas virsmu var nokr\u0101sot ar sader\u012bgu virs\u0113jo p\u0101rkl\u0101jumu, lai nodro\u0161in\u0101tu lab\u0101ku aizsardz\u012bbu. Izvairieties no mitruma iedarb\u012bbas saciet\u0113\u0161anas laik\u0101.<\/li>\n<\/ul>","protected":false},"excerpt":{"rendered":"<p>Stops rust permanently and transform corrosion into a stable protective layer. Our rust converter is specially formulated to neutralize active rust and convert it into a stable, inert protective coating that prevents further corrosion. Instead of simply covering rust, it chemically reacts with iron oxide to stop deterioration at the source, extending the life of [&hellip;]<\/p>\n","protected":false},"featured_media":23071,"comment_status":"open","ping_status":"closed","template":"","meta":{"_uag_custom_page_level_css":"","site-sidebar-layout":"default","site-content-layout":"","ast-site-content-layout":"default","site-content-style":"default","site-sidebar-style":"default","ast-global-header-display":"","ast-banner-title-visibility":"","ast-main-header-display":"","ast-hfb-above-header-display":"","ast-hfb-below-header-display":"","ast-hfb-mobile-header-display":"","site-post-title":"","ast-breadcrumbs-content":"","ast-featured-img":"","footer-sml-layout":"","ast-disable-related-posts":"","theme-transparent-header-meta":"default","adv-header-id-meta":"","stick-header-meta":"","header-above-stick-meta":"","header-main-stick-meta":"","header-below-stick-meta":"","astra-migrate-meta-layouts":"set","ast-page-background-enabled":"default","ast-page-background-meta":{"desktop":{"background-color":"var(--ast-global-color-4)","background-image":"","background-repeat":"repeat","background-position":"center center","background-size":"auto","background-attachment":"scroll","background-type":"","background-media":"","overlay-type":"","overlay-color":"","overlay-opacity":"","overlay-gradient":""},"tablet":{"background-color":"","background-image":"","background-repeat":"repeat","background-position":"center center","background-size":"auto","background-attachment":"scroll","background-type":"","background-media":"","overlay-type":"","overlay-color":"","overlay-opacity":"","overlay-gradient":""},"mobile":{"background-color":"","background-image":"","background-repeat":"repeat","background-position":"center center","background-size":"auto","background-attachment":"scroll","background-type":"","background-media":"","overlay-type":"","overlay-color":"","overlay-opacity":"","overlay-gradient":""}},"ast-content-background-meta":{"desktop":{"background-color":"var(--ast-global-color-5)","background-image":"","background-repeat":"repeat","background-position":"center center","background-size":"auto","background-attachment":"scroll","background-type":"","background-media":"","overlay-type":"","overlay-color":"","overlay-opacity":"","overlay-gradient":""},"tablet":{"background-color":"var(--ast-global-color-5)","background-image":"","background-repeat":"repeat","background-position":"center center","background-size":"auto","background-attachment":"scroll","background-type":"","background-media":"","overlay-type":"","overlay-color":"","overlay-opacity":"","overlay-gradient":""},"mobile":{"background-color":"var(--ast-global-color-5)","background-image":"","background-repeat":"repeat","background-position":"center center","background-size":"auto","background-attachment":"scroll","background-type":"","background-media":"","overlay-type":"","overlay-color":"","overlay-opacity":"","overlay-gradient":""}}},"product_brand":[],"product_cat":[15],"product_tag":[],"class_list":{"0":"post-22978","1":"product","2":"type-product","3":"status-publish","4":"has-post-thumbnail","6":"product_cat-shop","7":"desktop-align-left","8":"tablet-align-left","9":"mobile-align-left","11":"first","12":"instock","13":"sale","14":"shipping-taxable","15":"purchasable","16":"product-type-variable","17":"has-default-attributes"},"spectra_custom_meta":{"_visibility":["visible"],"_shopify_product_id":["8099038658878"],"_s2w_shopify_domain":["cortenplus.myshopify.com"],"_shopify_variant_id":["44414239310142"],"_manage_stock":["no"],"total_sales":["59"],"_tax_status":["taxable"],"_tax_class":[""],"_backorders":["no"],"_sold_individually":["no"],"_virtual":["no"],"_downloadable":["no"],"_download_limit":["-1"],"_download_expiry":["-1"],"_stock":[null],"_stock_status":["instock"],"_wc_average_rating":["4.99"],"_wc_review_count":["104"],"_product_attributes":["a:1:{s:6:\"volume\";a:6:{s:4:\"name\";s:6:\"Volume\";s:5:\"value\";s:30:\"1 liter | 5 liters | 25 liters\";s:8:\"position\";i:1;s:10:\"is_visible\";i:0;s:12:\"is_variation\";i:1;s:11:\"is_taxonomy\";i:0;}}"],"_product_version":["10.5.2"],"_thumbnail_id":["23071"],"_product_image_gallery":["23072,23073"],"_edit_lock":["1772287667:1"],"_edit_last":["1"],"_wp_page_template":["default"],"site-sidebar-layout":["default"],"ast-site-content-layout":["default"],"site-content-style":["default"],"site-sidebar-style":["default"],"theme-transparent-header-meta":["default"],"merchant-center-id":["RC"],"merchant-center-availability":["yes"],"merchant-center-category":["503744"],"_default_attributes":["a:1:{s:6:\"volume\";s:7:\"1 liter\";}"],"_price":["29.90","129.90","499.90"],"_wc_rating_count":["a:2:{i:4;i:1;i:5;i:103;}"],"_upsell_ids":["a:3:{i:0;i:22962;i:1;i:22963;i:2;i:22982;}"],"_crosssell_ids":["a:3:{i:0;i:22962;i:1;i:22963;i:2;i:22982;}"],"astra-migrate-meta-layouts":["set"],"_uag_css_file_name":["uag-css-22978.css"],"_elementor_page_assets":["a:0:{}"],"_uag_page_assets":["a:9:{s:3:\"css\";s:7133:\".uag-blocks-common-selector{z-index:var(--z-index-desktop) !important}@media(max-width: 976px){.uag-blocks-common-selector{z-index:var(--z-index-tablet) !important}}@media(max-width: 767px){.uag-blocks-common-selector{z-index:var(--z-index-mobile) !important}}.wp-block-uagb-image{display:flex}.wp-block-uagb-image__figure{position:relative;display:flex;flex-direction:column;max-width:100%;height:auto;margin:0}.wp-block-uagb-image__figure img{height:auto;display:flex;max-width:100%;transition:box-shadow .2s ease}.wp-block-uagb-image__figure>a{display:inline-block}.wp-block-uagb-image__figure figcaption{text-align:center;margin-top:.5em;margin-bottom:1em}.wp-block-uagb-image .components-placeholder.block-editor-media-placeholder .components-placeholder__instructions{align-self:center}.wp-block-uagb-image--align-left{text-align:left}.wp-block-uagb-image--align-right{text-align:right}.wp-block-uagb-image--align-center{text-align:center}.wp-block-uagb-image--align-full .wp-block-uagb-image__figure{margin-left:calc(50% - 50vw);margin-right:calc(50% - 50vw);max-width:100vw;width:100vw;height:auto}.wp-block-uagb-image--align-full .wp-block-uagb-image__figure img{height:auto;width:100% !important}.wp-block-uagb-image--align-wide .wp-block-uagb-image__figure img{height:auto;width:100%}.wp-block-uagb-image--layout-overlay__color-wrapper{position:absolute;left:0;top:0;right:0;bottom:0;opacity:.2;background:rgba(0,0,0,.5);transition:opacity .35s ease-in-out}.wp-block-uagb-image--layout-overlay-link{position:absolute;left:0;right:0;bottom:0;top:0}.wp-block-uagb-image--layout-overlay .wp-block-uagb-image__figure:hover .wp-block-uagb-image--layout-overlay__color-wrapper{opacity:1}.wp-block-uagb-image--layout-overlay__inner{position:absolute;left:15px;right:15px;bottom:15px;top:15px;display:flex;align-items:center;justify-content:center;flex-direction:column;border-color:#fff;transition:.35s ease-in-out}.wp-block-uagb-image--layout-overlay__inner.top-left,.wp-block-uagb-image--layout-overlay__inner.top-center,.wp-block-uagb-image--layout-overlay__inner.top-right{justify-content:flex-start}.wp-block-uagb-image--layout-overlay__inner.bottom-left,.wp-block-uagb-image--layout-overlay__inner.bottom-center,.wp-block-uagb-image--layout-overlay__inner.bottom-right{justify-content:flex-end}.wp-block-uagb-image--layout-overlay__inner.top-left,.wp-block-uagb-image--layout-overlay__inner.center-left,.wp-block-uagb-image--layout-overlay__inner.bottom-left{align-items:flex-start}.wp-block-uagb-image--layout-overlay__inner.top-right,.wp-block-uagb-image--layout-overlay__inner.center-right,.wp-block-uagb-image--layout-overlay__inner.bottom-right{align-items:flex-end}.wp-block-uagb-image--layout-overlay__inner .uagb-image-heading{color:#fff;transition:transform .35s,opacity .35s ease-in-out;transform:translate3d(0, 24px, 0);margin:0;line-height:1em}.wp-block-uagb-image--layout-overlay__inner .uagb-image-separator{width:30%;border-top-width:2px;border-top-color:#fff;border-top-style:solid;margin-bottom:10px;opacity:0;transition:transform .4s,opacity .4s ease-in-out;transform:translate3d(0, 30px, 0)}.wp-block-uagb-image--layout-overlay__inner .uagb-image-caption{opacity:0;overflow:visible;color:#fff;transition:transform .45s,opacity .45s ease-in-out;transform:translate3d(0, 35px, 0)}.wp-block-uagb-image--layout-overlay__inner:hover .uagb-image-heading,.wp-block-uagb-image--layout-overlay__inner:hover .uagb-image-separator,.wp-block-uagb-image--layout-overlay__inner:hover .uagb-image-caption{opacity:1;transform:translate3d(0, 0, 0)}.wp-block-uagb-image--effect-zoomin .wp-block-uagb-image__figure img,.wp-block-uagb-image--effect-zoomin .wp-block-uagb-image__figure .wp-block-uagb-image--layout-overlay__color-wrapper{transform:scale(1);transition:transform .35s ease-in-out}.wp-block-uagb-image--effect-zoomin .wp-block-uagb-image__figure:hover img,.wp-block-uagb-image--effect-zoomin .wp-block-uagb-image__figure:hover .wp-block-uagb-image--layout-overlay__color-wrapper{transform:scale(1.05)}.wp-block-uagb-image--effect-slide .wp-block-uagb-image__figure img,.wp-block-uagb-image--effect-slide .wp-block-uagb-image__figure .wp-block-uagb-image--layout-overlay__color-wrapper{width:calc(100% + 40px) !important;max-width:none !important;transform:translate3d(-40px, 0, 0);transition:transform .35s ease-in-out}.wp-block-uagb-image--effect-slide .wp-block-uagb-image__figure:hover img,.wp-block-uagb-image--effect-slide .wp-block-uagb-image__figure:hover .wp-block-uagb-image--layout-overlay__color-wrapper{transform:translate3d(0, 0, 0)}.wp-block-uagb-image--effect-grayscale img{filter:grayscale(0%);transition:.35s ease-in-out}.wp-block-uagb-image--effect-grayscale:hover img{filter:grayscale(100%)}.wp-block-uagb-image--effect-blur img{filter:blur(0);transition:.35s ease-in-out}.wp-block-uagb-image--effect-blur:hover img{filter:blur(3px)}.uagb-block-e6f939b3.wp-block-uagb-image--layout-default figure img{box-shadow: 0px 0px 0 #00000070;}.uagb-block-e6f939b3.wp-block-uagb-image .wp-block-uagb-image__figure figcaption{font-style: normal;align-self: center;}.uagb-block-e6f939b3.wp-block-uagb-image--layout-overlay figure img{box-shadow: 0px 0px 0 #00000070;}.uagb-block-e6f939b3.wp-block-uagb-image--layout-overlay .wp-block-uagb-image--layout-overlay__color-wrapper{opacity: 0.2;}.uagb-block-e6f939b3.wp-block-uagb-image--layout-overlay .wp-block-uagb-image--layout-overlay__inner{left: 15px;right: 15px;top: 15px;bottom: 15px;}.uagb-block-e6f939b3.wp-block-uagb-image--layout-overlay .wp-block-uagb-image--layout-overlay__inner .uagb-image-heading{font-style: normal;color: #fff;opacity: 1;}.uagb-block-e6f939b3.wp-block-uagb-image--layout-overlay .wp-block-uagb-image--layout-overlay__inner .uagb-image-heading a{color: #fff;}.uagb-block-e6f939b3.wp-block-uagb-image--layout-overlay .wp-block-uagb-image--layout-overlay__inner .uagb-image-caption{opacity: 0;}.uagb-block-e6f939b3.wp-block-uagb-image--layout-overlay .wp-block-uagb-image__figure:hover .wp-block-uagb-image--layout-overlay__color-wrapper{opacity: 1;}.uagb-block-e6f939b3.wp-block-uagb-image .wp-block-uagb-image--layout-overlay__inner .uagb-image-separator{width: 30%;border-top-width: 2px;border-top-color: #fff;opacity: 0;}.uagb-block-e6f939b3.wp-block-uagb-image .wp-block-uagb-image__figure img{width: px;height: auto;}.uagb-block-e6f939b3.wp-block-uagb-image .wp-block-uagb-image__figure:hover .wp-block-uagb-image--layout-overlay__inner .uagb-image-caption{opacity: 1;}.uagb-block-e6f939b3.wp-block-uagb-image .wp-block-uagb-image__figure:hover .wp-block-uagb-image--layout-overlay__inner .uagb-image-separator{opacity: 1;}.uagb-block-e6f939b3.wp-block-uagb-image--layout-default figure:hover img{box-shadow: 0px 0px 0 #00000070;}.uagb-block-e6f939b3.wp-block-uagb-image--layout-overlay figure:hover img{box-shadow: 0px 0px 0 #00000070;}@media only screen and (max-width: 976px) {.uagb-block-e6f939b3.wp-block-uagb-image .wp-block-uagb-image__figure img{width: px;height: auto;}}@media only screen and (max-width: 767px) {.uagb-block-e6f939b3.wp-block-uagb-image .wp-block-uagb-image__figure img{width: px;height: auto;}}\";s:2:\"js\";s:0:\"\";s:18:\"current_block_list\";a:13:{i:0;s:11:\"core\/search\";i:1;s:10:\"core\/group\";i:2;s:12:\"core\/heading\";i:3;s:17:\"core\/latest-posts\";i:4;s:20:\"core\/latest-comments\";i:5;s:13:\"core\/archives\";i:6;s:15:\"core\/categories\";i:7;s:14:\"core\/paragraph\";i:8;s:10:\"uagb\/image\";i:9;s:11:\"core\/spacer\";i:10;s:30:\"woocommerce\/product-categories\";i:11;s:10:\"core\/image\";i:12;s:14:\"core\/shortcode\";}s:8:\"uag_flag\";b:1;s:11:\"uag_version\";s:10:\"1777062275\";s:6:\"gfonts\";a:0:{}s:10:\"gfonts_url\";s:0:\"\";s:12:\"gfonts_files\";a:0:{}s:14:\"uag_faq_layout\";b:0;}"]},"uagb_featured_image_src":{"full":["https:\/\/www.cortenplus.com\/wp-content\/uploads\/2025\/06\/Rust_Converter_1.jpg",2560,2560,false],"thumbnail":["https:\/\/www.cortenplus.com\/wp-content\/uploads\/2025\/06\/Rust_Converter_1-150x150.jpg",150,150,true],"medium":["https:\/\/www.cortenplus.com\/wp-content\/uploads\/2025\/06\/Rust_Converter_1-300x300.jpg",300,300,true],"medium_large":["https:\/\/www.cortenplus.com\/wp-content\/uploads\/2025\/06\/Rust_Converter_1-768x768.jpg",768,768,true],"large":["https:\/\/www.cortenplus.com\/wp-content\/uploads\/2025\/06\/Rust_Converter_1-1024x1024.jpg",1024,1024,true],"1536x1536":["https:\/\/www.cortenplus.com\/wp-content\/uploads\/2025\/06\/Rust_Converter_1-1536x1536.jpg",1536,1536,true],"2048x2048":["https:\/\/www.cortenplus.com\/wp-content\/uploads\/2025\/06\/Rust_Converter_1-2048x2048.jpg",2048,2048,true],"trp-custom-language-flag":["https:\/\/www.cortenplus.com\/wp-content\/uploads\/2025\/06\/Rust_Converter_1-12x12.jpg",12,12,true],"woocommerce_thumbnail":["https:\/\/www.cortenplus.com\/wp-content\/uploads\/2025\/06\/Rust_Converter_1-300x300.jpg",300,300,true],"woocommerce_single":["https:\/\/www.cortenplus.com\/wp-content\/uploads\/2025\/06\/Rust_Converter_1-600x600.jpg",600,600,true],"woocommerce_gallery_thumbnail":["https:\/\/www.cortenplus.com\/wp-content\/uploads\/2025\/06\/Rust_Converter_1-100x100.jpg",100,100,true]},"uagb_author_info":{"display_name":"admin","author_link":"https:\/\/www.cortenplus.com\/lv\/author\/"},"uagb_comment_info":104,"uagb_excerpt":"Stops rust permanently and transform corrosion into a stable protective layer. Our rust converter is specially formulated to neutralize active rust and convert it into a stable, inert protective coating that prevents further corrosion. Instead of simply covering rust, it chemically reacts with iron oxide to stop deterioration at the source, extending the life of&hellip;","_links":{"self":[{"href":"https:\/\/www.cortenplus.com\/lv\/wp-json\/wp\/v2\/product\/22978","targetHints":{"allow":["GET"]}}],"collection":[{"href":"https:\/\/www.cortenplus.com\/lv\/wp-json\/wp\/v2\/product"}],"about":[{"href":"https:\/\/www.cortenplus.com\/lv\/wp-json\/wp\/v2\/types\/product"}],"replies":[{"embeddable":true,"href":"https:\/\/www.cortenplus.com\/lv\/wp-json\/wp\/v2\/comments?post=22978"}],"version-history":[{"count":4,"href":"https:\/\/www.cortenplus.com\/lv\/wp-json\/wp\/v2\/product\/22978\/revisions"}],"predecessor-version":[{"id":26209,"href":"https:\/\/www.cortenplus.com\/lv\/wp-json\/wp\/v2\/product\/22978\/revisions\/26209"}],"wp:featuredmedia":[{"embeddable":true,"href":"https:\/\/www.cortenplus.com\/lv\/wp-json\/wp\/v2\/media\/23071"}],"wp:attachment":[{"href":"https:\/\/www.cortenplus.com\/lv\/wp-json\/wp\/v2\/media?parent=22978"}],"wp:term":[{"taxonomy":"product_brand","embeddable":true,"href":"https:\/\/www.cortenplus.com\/lv\/wp-json\/wp\/v2\/product_brand?post=22978"},{"taxonomy":"product_cat","embeddable":true,"href":"https:\/\/www.cortenplus.com\/lv\/wp-json\/wp\/v2\/product_cat?post=22978"},{"taxonomy":"product_tag","embeddable":true,"href":"https:\/\/www.cortenplus.com\/lv\/wp-json\/wp\/v2\/product_tag?post=22978"}],"curies":[{"name":"wp","href":"https:\/\/api.w.org\/{rel}","templated":true}]}}