{"id":22963,"date":"2025-06-02T08:36:26","date_gmt":"2025-06-02T06:36:26","guid":{"rendered":"https:\/\/www.cortenplus.com\/products\/degreaser\/"},"modified":"2026-02-28T15:04:24","modified_gmt":"2026-02-28T14:04:24","slug":"degreaser","status":"publish","type":"product","link":"https:\/\/www.cortenplus.com\/lv\/products\/degreaser\/","title":{"rendered":"Attauko\u0161anas l\u012bdzeklis"},"content":{"rendered":"<p><strong><img decoding=\"async\" style=\"margin-right: 12px;\" src=\"https:\/\/www.cortenplus.com\/wp-content\/uploads\/2026\/02\/Check.svg\" alt=\"\" width=\"18\" height=\"15\" \/>Pirms r\u016bsas pa\u0101trin\u0101t\u0101ja uzkl\u0101\u0161anas lieliski sagatavo korte\u0146t\u0113raudu.<\/strong> M\u016bsu kort\u0113na t\u0113rauda attauko\u0161anas l\u012bdzeklis ir \u012bpa\u0161i izstr\u0101d\u0101ts met\u0101la virsmu t\u012br\u012b\u0161anai un sagatavo\u0161anai pirms r\u016bsas pa\u0101trin\u0101t\u0101ja lieto\u0161anas. Tas no\u0146em e\u013c\u013cas, taukus, ra\u017eo\u0161anas atlikumus un apstr\u0101des pies\u0101r\u0146ot\u0101jus, kas var kav\u0113t vienm\u0113r\u012bgu oksid\u0101ciju, nodro\u0161inot, ka r\u016bs\u0113\u0161anas process att\u012bst\u0101s vienm\u0113r\u012bgi un efekt\u012bvi vis\u0101 virsmas garum\u0101.<\/p>\n<p><strong><img decoding=\"async\" style=\"margin-right: 12px;\" src=\"https:\/\/www.cortenplus.com\/wp-content\/uploads\/2026\/02\/Check.svg\" alt=\"\" width=\"18\" height=\"15\" \/>Efekt\u012bv\u0101kais attauko\u0161anas \u0161\u0137\u012bdums optim\u0101lai r\u016bsas aktiviz\u0113\u0161anai.<\/strong> Tas ir visefekt\u012bv\u0101kais attauko\u0161anas l\u012bdzeklis kort\u0113na t\u0113rauda sagatavo\u0161anai, jo tas dzi\u013ci ies\u016bcas virsmas pies\u0101r\u0146ojum\u0101 un likvid\u0113 notur\u012bgus atlikumus, ko atst\u0101j parastie t\u012br\u012b\u0161anas l\u012bdzek\u013ci. R\u016bp\u012bgi att\u012brot met\u0101lu, tas garant\u0113 maksim\u0101lu reaktivit\u0101ti, kad tiek uzkl\u0101ts r\u016bsas pa\u0101trin\u0101t\u0101js, t\u0101d\u0113j\u0101di nodro\u0161inot \u0101tr\u0101ku un viendab\u012bg\u0101ku patinas veido\u0161anos.<\/p>\n<p><strong><img decoding=\"async\" style=\"margin-right: 12px;\" src=\"https:\/\/www.cortenplus.com\/wp-content\/uploads\/2026\/02\/Check.svg\" alt=\"\" width=\"18\" height=\"15\" \/>L\u0113t\u0101kais profesion\u0101l\u0101s klases risin\u0101jums tirg\u016b.<\/strong> M\u0113s pied\u0101v\u0101jam \u0161o augstas veiktsp\u0113jas attauko\u0161anas l\u012bdzekli no kort\u0113na t\u0113rauda par viskonkur\u0113tsp\u0113j\u012bg\u0101ko cenu. Tas nodro\u0161ina profesion\u0101la l\u012bme\u0146a rezult\u0101tus, vienlaikus paliekot l\u0113t\u0101kais risin\u0101jums sav\u0101 kategorij\u0101, \u013caujot darbuz\u0146\u0113m\u0113jiem, izgatavot\u0101jiem un DIY lietot\u0101jiem sasniegt augst\u0101k\u0101s kvalit\u0101tes sagatavo\u0161anu, nepalielinot projekta izmaksas.<\/p>\n<p><strong><img decoding=\"async\" style=\"margin-right: 12px;\" src=\"https:\/\/www.cortenplus.com\/wp-content\/uploads\/2026\/02\/Check.svg\" alt=\"\" width=\"18\" height=\"15\" \/>Pieg\u0101de 24 stundas diennakt\u012b, lai j\u016bsu projekts netiktu kav\u0113ts.<\/strong> Met\u0101la apstr\u0101des projektos laiks ir \u013coti svar\u012bgs, t\u0101p\u0113c m\u0113s garant\u0113jam pieg\u0101di 24 stundu laik\u0101. J\u016bs \u0101tri sa\u0146emat attauko\u0161anas l\u012bdzekli, kas \u013cauj nekav\u0113joties turpin\u0101t virsmas sagatavo\u0161anu un r\u016bsas pa\u0101trin\u0101\u0161anu bez liek\u0101m d\u012bkst\u0101v\u0113m.<\/p>\n<p><strong><img decoding=\"async\" style=\"margin-right: 12px;\" src=\"https:\/\/www.cortenplus.com\/wp-content\/uploads\/2026\/02\/Check.svg\" alt=\"\" width=\"18\" height=\"15\" \/>Naudas atmaksas garantija piln\u012bgai p\u0101rliec\u012bbai.<\/strong> M\u0113s piln\u012bb\u0101 atbalst\u0101m m\u016bsu kort\u0113na t\u0113rauda attauko\u0161anas l\u012bdzek\u013ca kvalit\u0101ti un efektivit\u0101ti. Ja neesat apmierin\u0101ts ar t\u0101 darb\u012bbu, m\u0113s pied\u0101v\u0101jam naudas atmaksas garantiju. Vienk\u0101r\u0161i sazinieties ar mums, un m\u0113s atmaks\u0101sim naudu par pirkumu, nodro\u0161inot piln\u012bgi bezriska ieguld\u012bjumu.<\/p>\n<p><strong><img decoding=\"async\" style=\"margin-right: 12px;\" src=\"https:\/\/www.cortenplus.com\/wp-content\/uploads\/2026\/02\/Check.svg\" alt=\"\" width=\"18\" height=\"15\" \/>Augsts p\u0101rkl\u0101juma l\u012bmenis ekonomiskai lieto\u0161anai.<\/strong> M\u016bsu attauko\u0161anas l\u012bdzeklis nodro\u0161ina lielisku p\u0101rkl\u0101jumu l\u012bdz 15 m\u00b2 uz litru atkar\u012bb\u0101 no virsmas st\u0101vok\u013ca un pies\u0101r\u0146ojuma l\u012bme\u0146a. \u0160is pla\u0161ais p\u0101rkl\u0101jums nodro\u0161ina rentablu lielu met\u0101la pane\u013cu, konstrukciju, skulpt\u016bru un arhitekt\u016bras elementu sagatavo\u0161anu.<\/p>\n<p><strong><img decoding=\"async\" style=\"margin-right: 12px;\" src=\"https:\/\/www.cortenplus.com\/wp-content\/uploads\/2026\/02\/Check.svg\" alt=\"\" width=\"18\" height=\"15\" \/>Nodro\u0161ina vienm\u0113r\u012bgu un kontrol\u0113tu r\u016bsas veido\u0161anos.<\/strong> E\u013c\u013cas vai sm\u0113rvielu atlikumi var izrais\u012bt nevienm\u0113r\u012bgu vai nevienm\u0113r\u012bgu oksid\u0101ciju. R\u016bp\u012bgi attaukojot virsmu, \u0161is produkts veicina vienm\u0113r\u012bgu kontaktu starp t\u0113raudu un r\u016bsas pa\u0101trin\u0101t\u0101ju, k\u0101 rezult\u0101t\u0101 veidojas l\u012bdzsvarota un est\u0113tiski pat\u012bkama korta patina.<\/p>\n<p><strong><img decoding=\"async\" style=\"margin-right: 12px;\" src=\"https:\/\/www.cortenplus.com\/wp-content\/uploads\/2026\/02\/Check.svg\" alt=\"\" width=\"18\" height=\"15\" \/>\u0100tras iedarb\u012bbas formula efekt\u012bvai darba pl\u016bsmai.<\/strong> Attauko\u0161anas l\u012bdzeklis darbojas \u0101tri, lai iz\u0161\u0137\u012bdin\u0101tu un no\u0146emtu pies\u0101r\u0146ojumu, t\u0101d\u0113j\u0101di samazinot sagatavo\u0161anas laiku. Tas t\u012bri iztvaiko, neatst\u0101jot atlikumus, kas var\u0113tu trauc\u0113t turpm\u0101ko apstr\u0101di.<\/p>\n<p><strong><img decoding=\"async\" style=\"margin-right: 12px;\" src=\"https:\/\/www.cortenplus.com\/wp-content\/uploads\/2026\/02\/Check.svg\" alt=\"\" width=\"18\" height=\"15\" \/>Piem\u0113rots jaunam un iepriek\u0161 apstr\u0101d\u0101tam t\u0113raudam.<\/strong> Neatkar\u012bgi no t\u0101, vai korta t\u0113rauds ir tikko ra\u017eots, transport\u0113ts, uzglab\u0101ts vai apstr\u0101d\u0101ts uz vietas, \u0161is attauko\u0161anas l\u012bdzeklis efekt\u012bvi no\u0146em pirkstu nospiedumus, apstr\u0101des e\u013c\u013cas, aizsargpl\u0113ves un vides net\u012brumus.<\/p>\n<p><strong><img decoding=\"async\" style=\"margin-right: 12px;\" src=\"https:\/\/www.cortenplus.com\/wp-content\/uploads\/2026\/02\/Check.svg\" alt=\"\" width=\"18\" height=\"15\" \/>Uzlabo turpm\u0101ko apstr\u0101des proced\u016bru sa\u0137eri.<\/strong> Papildus r\u016bsas pa\u0101trin\u0101\u0161anai pareizi attaukots t\u0113rauds uzlabo herm\u0113ti\u0137u, laku un aizsargp\u0101rkl\u0101jumu, kas uzkl\u0101ti p\u0113c patinas veido\u0161an\u0101s, veiktsp\u0113ju un sa\u0137eri, veicinot ilg\u0101ku apdares ilgiztur\u012bbu.<\/p>\n<h2><strong>Instrukcijas<\/strong><\/h2>\n<ul>\n<li>Pirms uzkl\u0101\u0161anas p\u0101rliecinieties, ka korte\u0146t\u0113rauda virsma ir sausa un bez va\u013c\u0113jiem gru\u017eiem.<\/li>\n<li>Pirms lieto\u0161anas trauku labi sakratiet.<\/li>\n<li>Uzkl\u0101jiet attauko\u0161anas l\u012bdzekli, izmantojot t\u012bru dr\u0101nu, s\u016bkli, suku vai zemspiediena smidzin\u0101t\u0101ju.<\/li>\n<li>Izkl\u0101jiet vienm\u0113r\u012bgi pa visu apstr\u0101d\u0101jamo virsmu, nodro\u0161inot piln\u012bgu p\u0101rkl\u0101jumu. Ieteicam\u0101 deva ir aptuveni 65-70 ml uz kvadr\u0101tmetru atkar\u012bb\u0101 no pies\u0101r\u0146ojuma pak\u0101pes.<\/li>\n<li>Norm\u0101los apst\u0101k\u013cos p\u0101rkl\u0101jums ir l\u012bdz 15 m\u00b2 uz litru.<\/li>\n<li>\u013baujiet l\u012bdzeklim iedarboties 5 l\u012bdz 10 min\u016btes, lai iz\u0161\u0137\u012bdin\u0101tu e\u013c\u013cas un atlikumus.<\/li>\n<li>R\u016bp\u012bgi noslaukiet virsmu ar t\u012bru dr\u0101nu, kas neveido pl\u016bksnas, lai no\u0146emtu iz\u0161\u0137\u012bdu\u0161os piemais\u012bjumus.<\/li>\n<li>Ja nepiecie\u0161ams, atk\u0101rtojiet lieto\u0161anu stipri pies\u0101r\u0146otaj\u0101s viet\u0101s.<\/li>\n<li>Pirms r\u016bsas pa\u0101trin\u0101t\u0101ja uzkl\u0101\u0161anas \u013caujiet t\u0113raudam piln\u012bb\u0101 no\u017e\u016bt. Virsmai j\u0101b\u016bt piln\u012bgi sausai un bez atlikumiem.<\/li>\n<li>Uzkl\u0101jiet r\u016bsas pa\u0101trin\u0101t\u0101ju, tikl\u012bdz virsma ir sagatavota, lai izvair\u012btos no atk\u0101rtotas kontamin\u0101cijas.<\/li>\n<\/ul>","protected":false},"excerpt":{"rendered":"<p>Prepares corten steel perfectly before applying a rust accelerator. Our corten steel degreaser is specifically formulated to clean and prepare metal surfaces prior to the application of a rust accelerator. It removes oils, grease, manufacturing residues, and handling contaminants that can prevent uniform oxidation, ensuring the rusting process develops evenly and effectively across the entire [&hellip;]<\/p>\n","protected":false},"featured_media":23006,"comment_status":"open","ping_status":"closed","template":"","meta":{"_uag_custom_page_level_css":"","site-sidebar-layout":"default","site-content-layout":"","ast-site-content-layout":"default","site-content-style":"default","site-sidebar-style":"default","ast-global-header-display":"","ast-banner-title-visibility":"","ast-main-header-display":"","ast-hfb-above-header-display":"","ast-hfb-below-header-display":"","ast-hfb-mobile-header-display":"","site-post-title":"","ast-breadcrumbs-content":"","ast-featured-img":"","footer-sml-layout":"","ast-disable-related-posts":"","theme-transparent-header-meta":"default","adv-header-id-meta":"","stick-header-meta":"","header-above-stick-meta":"","header-main-stick-meta":"","header-below-stick-meta":"","astra-migrate-meta-layouts":"set","ast-page-background-enabled":"default","ast-page-background-meta":{"desktop":{"background-color":"var(--ast-global-color-4)","background-image":"","background-repeat":"repeat","background-position":"center center","background-size":"auto","background-attachment":"scroll","background-type":"","background-media":"","overlay-type":"","overlay-color":"","overlay-opacity":"","overlay-gradient":""},"tablet":{"background-color":"","background-image":"","background-repeat":"repeat","background-position":"center center","background-size":"auto","background-attachment":"scroll","background-type":"","background-media":"","overlay-type":"","overlay-color":"","overlay-opacity":"","overlay-gradient":""},"mobile":{"background-color":"","background-image":"","background-repeat":"repeat","background-position":"center center","background-size":"auto","background-attachment":"scroll","background-type":"","background-media":"","overlay-type":"","overlay-color":"","overlay-opacity":"","overlay-gradient":""}},"ast-content-background-meta":{"desktop":{"background-color":"var(--ast-global-color-5)","background-image":"","background-repeat":"repeat","background-position":"center center","background-size":"auto","background-attachment":"scroll","background-type":"","background-media":"","overlay-type":"","overlay-color":"","overlay-opacity":"","overlay-gradient":""},"tablet":{"background-color":"var(--ast-global-color-5)","background-image":"","background-repeat":"repeat","background-position":"center center","background-size":"auto","background-attachment":"scroll","background-type":"","background-media":"","overlay-type":"","overlay-color":"","overlay-opacity":"","overlay-gradient":""},"mobile":{"background-color":"var(--ast-global-color-5)","background-image":"","background-repeat":"repeat","background-position":"center center","background-size":"auto","background-attachment":"scroll","background-type":"","background-media":"","overlay-type":"","overlay-color":"","overlay-opacity":"","overlay-gradient":""}}},"product_brand":[],"product_cat":[15],"product_tag":[],"class_list":{"0":"post-22963","1":"product","2":"type-product","3":"status-publish","4":"has-post-thumbnail","6":"product_cat-shop","7":"desktop-align-left","8":"tablet-align-left","9":"mobile-align-left","11":"first","12":"instock","13":"sale","14":"shipping-taxable","15":"purchasable","16":"product-type-variable","17":"has-default-attributes"},"spectra_custom_meta":{"_visibility":["visible"],"_shopify_product_id":["1462387179593"],"_s2w_shopify_domain":["cortenplus.myshopify.com"],"_shopify_variant_id":["12628893597769"],"_manage_stock":["no"],"total_sales":["201"],"_tax_status":["taxable"],"_tax_class":[""],"_backorders":["no"],"_sold_individually":["no"],"_virtual":["no"],"_downloadable":["no"],"_download_limit":["-1"],"_download_expiry":["-1"],"_stock":[null],"_stock_status":["instock"],"_wc_average_rating":["4.82"],"_wc_review_count":["66"],"_product_attributes":["a:1:{s:6:\"volume\";a:6:{s:4:\"name\";s:6:\"Volume\";s:5:\"value\";s:30:\"1 liter | 5 liters | 25 liters\";s:8:\"position\";i:1;s:10:\"is_visible\";i:0;s:12:\"is_variation\";i:1;s:11:\"is_taxonomy\";i:0;}}"],"_product_version":["10.5.2"],"_thumbnail_id":["23006"],"_product_image_gallery":["23007,23008"],"_edit_lock":["1772287402:1"],"_edit_last":["1"],"_wp_page_template":["default"],"site-sidebar-layout":["default"],"ast-site-content-layout":["default"],"site-content-style":["default"],"site-sidebar-style":["default"],"theme-transparent-header-meta":["default"],"merchant-center-availability":["yes"],"merchant-center-category":["503741"],"_default_attributes":["a:1:{s:6:\"volume\";s:7:\"1 liter\";}"],"_wc_rating_count":["a:3:{i:3;i:1;i:4;i:10;i:5;i:55;}"],"_upsell_ids":["a:3:{i:0;i:22968;i:1;i:22974;i:2;i:22982;}"],"_crosssell_ids":["a:3:{i:0;i:22968;i:1;i:22974;i:2;i:22982;}"],"_price":["14.90","59.90","299.90"],"astra-migrate-meta-layouts":["set"],"_uag_css_file_name":["uag-css-22963.css"],"_elementor_page_assets":["a:0:{}"],"_uag_page_assets":["a:9:{s:3:\"css\";s:7133:\".uag-blocks-common-selector{z-index:var(--z-index-desktop) !important}@media(max-width: 976px){.uag-blocks-common-selector{z-index:var(--z-index-tablet) !important}}@media(max-width: 767px){.uag-blocks-common-selector{z-index:var(--z-index-mobile) !important}}.wp-block-uagb-image{display:flex}.wp-block-uagb-image__figure{position:relative;display:flex;flex-direction:column;max-width:100%;height:auto;margin:0}.wp-block-uagb-image__figure img{height:auto;display:flex;max-width:100%;transition:box-shadow .2s ease}.wp-block-uagb-image__figure>a{display:inline-block}.wp-block-uagb-image__figure figcaption{text-align:center;margin-top:.5em;margin-bottom:1em}.wp-block-uagb-image .components-placeholder.block-editor-media-placeholder .components-placeholder__instructions{align-self:center}.wp-block-uagb-image--align-left{text-align:left}.wp-block-uagb-image--align-right{text-align:right}.wp-block-uagb-image--align-center{text-align:center}.wp-block-uagb-image--align-full .wp-block-uagb-image__figure{margin-left:calc(50% - 50vw);margin-right:calc(50% - 50vw);max-width:100vw;width:100vw;height:auto}.wp-block-uagb-image--align-full .wp-block-uagb-image__figure img{height:auto;width:100% !important}.wp-block-uagb-image--align-wide .wp-block-uagb-image__figure img{height:auto;width:100%}.wp-block-uagb-image--layout-overlay__color-wrapper{position:absolute;left:0;top:0;right:0;bottom:0;opacity:.2;background:rgba(0,0,0,.5);transition:opacity .35s ease-in-out}.wp-block-uagb-image--layout-overlay-link{position:absolute;left:0;right:0;bottom:0;top:0}.wp-block-uagb-image--layout-overlay .wp-block-uagb-image__figure:hover .wp-block-uagb-image--layout-overlay__color-wrapper{opacity:1}.wp-block-uagb-image--layout-overlay__inner{position:absolute;left:15px;right:15px;bottom:15px;top:15px;display:flex;align-items:center;justify-content:center;flex-direction:column;border-color:#fff;transition:.35s ease-in-out}.wp-block-uagb-image--layout-overlay__inner.top-left,.wp-block-uagb-image--layout-overlay__inner.top-center,.wp-block-uagb-image--layout-overlay__inner.top-right{justify-content:flex-start}.wp-block-uagb-image--layout-overlay__inner.bottom-left,.wp-block-uagb-image--layout-overlay__inner.bottom-center,.wp-block-uagb-image--layout-overlay__inner.bottom-right{justify-content:flex-end}.wp-block-uagb-image--layout-overlay__inner.top-left,.wp-block-uagb-image--layout-overlay__inner.center-left,.wp-block-uagb-image--layout-overlay__inner.bottom-left{align-items:flex-start}.wp-block-uagb-image--layout-overlay__inner.top-right,.wp-block-uagb-image--layout-overlay__inner.center-right,.wp-block-uagb-image--layout-overlay__inner.bottom-right{align-items:flex-end}.wp-block-uagb-image--layout-overlay__inner .uagb-image-heading{color:#fff;transition:transform .35s,opacity .35s ease-in-out;transform:translate3d(0, 24px, 0);margin:0;line-height:1em}.wp-block-uagb-image--layout-overlay__inner .uagb-image-separator{width:30%;border-top-width:2px;border-top-color:#fff;border-top-style:solid;margin-bottom:10px;opacity:0;transition:transform .4s,opacity .4s ease-in-out;transform:translate3d(0, 30px, 0)}.wp-block-uagb-image--layout-overlay__inner .uagb-image-caption{opacity:0;overflow:visible;color:#fff;transition:transform .45s,opacity .45s ease-in-out;transform:translate3d(0, 35px, 0)}.wp-block-uagb-image--layout-overlay__inner:hover .uagb-image-heading,.wp-block-uagb-image--layout-overlay__inner:hover .uagb-image-separator,.wp-block-uagb-image--layout-overlay__inner:hover .uagb-image-caption{opacity:1;transform:translate3d(0, 0, 0)}.wp-block-uagb-image--effect-zoomin .wp-block-uagb-image__figure img,.wp-block-uagb-image--effect-zoomin .wp-block-uagb-image__figure .wp-block-uagb-image--layout-overlay__color-wrapper{transform:scale(1);transition:transform .35s ease-in-out}.wp-block-uagb-image--effect-zoomin .wp-block-uagb-image__figure:hover img,.wp-block-uagb-image--effect-zoomin .wp-block-uagb-image__figure:hover .wp-block-uagb-image--layout-overlay__color-wrapper{transform:scale(1.05)}.wp-block-uagb-image--effect-slide .wp-block-uagb-image__figure img,.wp-block-uagb-image--effect-slide .wp-block-uagb-image__figure .wp-block-uagb-image--layout-overlay__color-wrapper{width:calc(100% + 40px) !important;max-width:none !important;transform:translate3d(-40px, 0, 0);transition:transform .35s ease-in-out}.wp-block-uagb-image--effect-slide .wp-block-uagb-image__figure:hover img,.wp-block-uagb-image--effect-slide .wp-block-uagb-image__figure:hover .wp-block-uagb-image--layout-overlay__color-wrapper{transform:translate3d(0, 0, 0)}.wp-block-uagb-image--effect-grayscale img{filter:grayscale(0%);transition:.35s ease-in-out}.wp-block-uagb-image--effect-grayscale:hover img{filter:grayscale(100%)}.wp-block-uagb-image--effect-blur img{filter:blur(0);transition:.35s ease-in-out}.wp-block-uagb-image--effect-blur:hover img{filter:blur(3px)}.uagb-block-e6f939b3.wp-block-uagb-image--layout-default figure img{box-shadow: 0px 0px 0 #00000070;}.uagb-block-e6f939b3.wp-block-uagb-image .wp-block-uagb-image__figure figcaption{font-style: normal;align-self: center;}.uagb-block-e6f939b3.wp-block-uagb-image--layout-overlay figure img{box-shadow: 0px 0px 0 #00000070;}.uagb-block-e6f939b3.wp-block-uagb-image--layout-overlay .wp-block-uagb-image--layout-overlay__color-wrapper{opacity: 0.2;}.uagb-block-e6f939b3.wp-block-uagb-image--layout-overlay .wp-block-uagb-image--layout-overlay__inner{left: 15px;right: 15px;top: 15px;bottom: 15px;}.uagb-block-e6f939b3.wp-block-uagb-image--layout-overlay .wp-block-uagb-image--layout-overlay__inner .uagb-image-heading{font-style: normal;color: #fff;opacity: 1;}.uagb-block-e6f939b3.wp-block-uagb-image--layout-overlay .wp-block-uagb-image--layout-overlay__inner .uagb-image-heading a{color: #fff;}.uagb-block-e6f939b3.wp-block-uagb-image--layout-overlay .wp-block-uagb-image--layout-overlay__inner .uagb-image-caption{opacity: 0;}.uagb-block-e6f939b3.wp-block-uagb-image--layout-overlay .wp-block-uagb-image__figure:hover .wp-block-uagb-image--layout-overlay__color-wrapper{opacity: 1;}.uagb-block-e6f939b3.wp-block-uagb-image .wp-block-uagb-image--layout-overlay__inner .uagb-image-separator{width: 30%;border-top-width: 2px;border-top-color: #fff;opacity: 0;}.uagb-block-e6f939b3.wp-block-uagb-image .wp-block-uagb-image__figure img{width: px;height: auto;}.uagb-block-e6f939b3.wp-block-uagb-image .wp-block-uagb-image__figure:hover .wp-block-uagb-image--layout-overlay__inner .uagb-image-caption{opacity: 1;}.uagb-block-e6f939b3.wp-block-uagb-image .wp-block-uagb-image__figure:hover .wp-block-uagb-image--layout-overlay__inner .uagb-image-separator{opacity: 1;}.uagb-block-e6f939b3.wp-block-uagb-image--layout-default figure:hover img{box-shadow: 0px 0px 0 #00000070;}.uagb-block-e6f939b3.wp-block-uagb-image--layout-overlay figure:hover img{box-shadow: 0px 0px 0 #00000070;}@media only screen and (max-width: 976px) {.uagb-block-e6f939b3.wp-block-uagb-image .wp-block-uagb-image__figure img{width: px;height: auto;}}@media only screen and (max-width: 767px) {.uagb-block-e6f939b3.wp-block-uagb-image .wp-block-uagb-image__figure img{width: px;height: auto;}}\";s:2:\"js\";s:0:\"\";s:18:\"current_block_list\";a:13:{i:0;s:11:\"core\/search\";i:1;s:10:\"core\/group\";i:2;s:12:\"core\/heading\";i:3;s:17:\"core\/latest-posts\";i:4;s:20:\"core\/latest-comments\";i:5;s:13:\"core\/archives\";i:6;s:15:\"core\/categories\";i:7;s:14:\"core\/paragraph\";i:8;s:10:\"uagb\/image\";i:9;s:11:\"core\/spacer\";i:10;s:30:\"woocommerce\/product-categories\";i:11;s:10:\"core\/image\";i:12;s:14:\"core\/shortcode\";}s:8:\"uag_flag\";b:1;s:11:\"uag_version\";s:10:\"1777062344\";s:6:\"gfonts\";a:0:{}s:10:\"gfonts_url\";s:0:\"\";s:12:\"gfonts_files\";a:0:{}s:14:\"uag_faq_layout\";b:0;}"]},"uagb_featured_image_src":{"full":["https:\/\/www.cortenplus.com\/wp-content\/uploads\/2025\/06\/degraissant_ae793ba5-4f83-4e37-a426-ade38ff92917.jpg",2560,2560,false],"thumbnail":["https:\/\/www.cortenplus.com\/wp-content\/uploads\/2025\/06\/degraissant_ae793ba5-4f83-4e37-a426-ade38ff92917-150x150.jpg",150,150,true],"medium":["https:\/\/www.cortenplus.com\/wp-content\/uploads\/2025\/06\/degraissant_ae793ba5-4f83-4e37-a426-ade38ff92917-300x300.jpg",300,300,true],"medium_large":["https:\/\/www.cortenplus.com\/wp-content\/uploads\/2025\/06\/degraissant_ae793ba5-4f83-4e37-a426-ade38ff92917-768x768.jpg",768,768,true],"large":["https:\/\/www.cortenplus.com\/wp-content\/uploads\/2025\/06\/degraissant_ae793ba5-4f83-4e37-a426-ade38ff92917-1024x1024.jpg",1024,1024,true],"1536x1536":["https:\/\/www.cortenplus.com\/wp-content\/uploads\/2025\/06\/degraissant_ae793ba5-4f83-4e37-a426-ade38ff92917-1536x1536.jpg",1536,1536,true],"2048x2048":["https:\/\/www.cortenplus.com\/wp-content\/uploads\/2025\/06\/degraissant_ae793ba5-4f83-4e37-a426-ade38ff92917-2048x2048.jpg",2048,2048,true],"trp-custom-language-flag":["https:\/\/www.cortenplus.com\/wp-content\/uploads\/2025\/06\/degraissant_ae793ba5-4f83-4e37-a426-ade38ff92917-12x12.jpg",12,12,true],"woocommerce_thumbnail":["https:\/\/www.cortenplus.com\/wp-content\/uploads\/2025\/06\/degraissant_ae793ba5-4f83-4e37-a426-ade38ff92917-300x300.jpg",300,300,true],"woocommerce_single":["https:\/\/www.cortenplus.com\/wp-content\/uploads\/2025\/06\/degraissant_ae793ba5-4f83-4e37-a426-ade38ff92917-600x600.jpg",600,600,true],"woocommerce_gallery_thumbnail":["https:\/\/www.cortenplus.com\/wp-content\/uploads\/2025\/06\/degraissant_ae793ba5-4f83-4e37-a426-ade38ff92917-100x100.jpg",100,100,true]},"uagb_author_info":{"display_name":"admin","author_link":"https:\/\/www.cortenplus.com\/lv\/author\/"},"uagb_comment_info":66,"uagb_excerpt":"Prepares corten steel perfectly before applying a rust accelerator. Our corten steel degreaser is specifically formulated to clean and prepare metal surfaces prior to the application of a rust accelerator. It removes oils, grease, manufacturing residues, and handling contaminants that can prevent uniform oxidation, ensuring the rusting process develops evenly and effectively across the entire&hellip;","_links":{"self":[{"href":"https:\/\/www.cortenplus.com\/lv\/wp-json\/wp\/v2\/product\/22963","targetHints":{"allow":["GET"]}}],"collection":[{"href":"https:\/\/www.cortenplus.com\/lv\/wp-json\/wp\/v2\/product"}],"about":[{"href":"https:\/\/www.cortenplus.com\/lv\/wp-json\/wp\/v2\/types\/product"}],"replies":[{"embeddable":true,"href":"https:\/\/www.cortenplus.com\/lv\/wp-json\/wp\/v2\/comments?post=22963"}],"version-history":[{"count":4,"href":"https:\/\/www.cortenplus.com\/lv\/wp-json\/wp\/v2\/product\/22963\/revisions"}],"predecessor-version":[{"id":26207,"href":"https:\/\/www.cortenplus.com\/lv\/wp-json\/wp\/v2\/product\/22963\/revisions\/26207"}],"wp:featuredmedia":[{"embeddable":true,"href":"https:\/\/www.cortenplus.com\/lv\/wp-json\/wp\/v2\/media\/23006"}],"wp:attachment":[{"href":"https:\/\/www.cortenplus.com\/lv\/wp-json\/wp\/v2\/media?parent=22963"}],"wp:term":[{"taxonomy":"product_brand","embeddable":true,"href":"https:\/\/www.cortenplus.com\/lv\/wp-json\/wp\/v2\/product_brand?post=22963"},{"taxonomy":"product_cat","embeddable":true,"href":"https:\/\/www.cortenplus.com\/lv\/wp-json\/wp\/v2\/product_cat?post=22963"},{"taxonomy":"product_tag","embeddable":true,"href":"https:\/\/www.cortenplus.com\/lv\/wp-json\/wp\/v2\/product_tag?post=22963"}],"curies":[{"name":"wp","href":"https:\/\/api.w.org\/{rel}","templated":true}]}}