{"id":22962,"date":"2025-06-02T08:36:25","date_gmt":"2025-06-02T06:36:25","guid":{"rendered":"https:\/\/www.cortenplus.com\/products\/application-kit\/"},"modified":"2026-02-28T15:14:15","modified_gmt":"2026-02-28T14:14:15","slug":"application-kit","status":"publish","type":"product","link":"https:\/\/www.cortenplus.com\/lv\/products\/application-kit\/","title":{"rendered":"Lieto\u0161anas komplekts"},"content":{"rendered":"<p><strong><img decoding=\"async\" style=\"margin-right: 12px;\" src=\"https:\/\/www.cortenplus.com\/wp-content\/uploads\/2026\/02\/Check.svg\" alt=\"\" width=\"18\" height=\"15\" \/>Viss nepiecie\u0161amais prec\u012bzai un vienm\u0113r\u012bgai uzkl\u0101\u0161anai vien\u0101 \u0113rt\u0101 komplekt\u0101.<\/strong> M\u016bsu uzkl\u0101\u0161anas komplekt\u0101 ietilpst augstas kvalit\u0101tes 110 mm putuplasta rull\u012btis un iztur\u012bgs plastmasas paliktnis, kas nodro\u0161ina nepiecie\u0161amos instrumentus, lai vienm\u0113r\u012bgi un kontrol\u0113ti uzkl\u0101tu r\u016bsas pa\u0101trin\u0101t\u0101ju vai korte\u0146t\u0113rauda laku. Tas nov\u0113r\u0161 nepiecie\u0161am\u012bbu ieg\u0101d\u0101ties atsevi\u0161\u0137us piederumus un nodro\u0161ina t\u016bl\u012bt\u0113ju gatav\u012bbu j\u016bsu met\u0101la apdares projektam.<\/p>\n<p><strong><img decoding=\"async\" style=\"margin-right: 12px;\" src=\"https:\/\/www.cortenplus.com\/wp-content\/uploads\/2026\/02\/Check.svg\" alt=\"\" width=\"18\" height=\"15\" \/>Paredz\u0113ts visefekt\u012bv\u0101kajai produktu izplat\u012b\u0161anai.<\/strong> 110 mm putu veltnis ir \u012bpa\u0161i atlas\u012bts, lai nodro\u0161in\u0101tu visefekt\u012bv\u0101ko un vienm\u0113r\u012bg\u0101ko r\u016bsas pa\u0101trin\u0101t\u0101ja un kort\u0113na t\u0113rauda lakas izkliedi. T\u0101 smalk\u0101 putu strukt\u016bra nodro\u0161ina vienm\u0113r\u012bgu uzs\u016bk\u0161anos un izdal\u012b\u0161anos, nov\u0113r\u0161ot sv\u012btru veido\u0161anos, uzpl\u016b\u0161anu vai nevienm\u0113r\u012bgu apdari, kas var apdraud\u0113t gal\u012bgo est\u0113tisko izskatu.<\/p>\n<p><strong><img decoding=\"async\" style=\"margin-right: 12px;\" src=\"https:\/\/www.cortenplus.com\/wp-content\/uploads\/2026\/02\/Check.svg\" alt=\"\" width=\"18\" height=\"15\" \/>L\u0113t\u0101kais profesion\u0101lo lietojumprogrammu risin\u0101jums tirg\u016b.<\/strong> M\u0113s pied\u0101v\u0101jam \u0161o pilno komplektu par viskonkur\u0113tsp\u0113j\u012bg\u0101ko cenu. Tas ir l\u0113t\u0101kais augstas kvalit\u0101tes risin\u0101jums r\u016bsas apstr\u0101des un aizsarglaku uzkl\u0101\u0161anai, t\u0101p\u0113c tas ir ide\u0101li piem\u0113rots gan profesion\u0101\u013ciem, gan pa\u0161darin\u0101t\u0101jiem, kuri v\u0113las uzticamus r\u012bkus, bet nev\u0113las p\u0101r\u0101k d\u0101rgi t\u0113r\u0113t.<\/p>\n<p><strong><img decoding=\"async\" style=\"margin-right: 12px;\" src=\"https:\/\/www.cortenplus.com\/wp-content\/uploads\/2026\/02\/Check.svg\" alt=\"\" width=\"18\" height=\"15\" \/>Garant\u0113ta pieg\u0101de 24 stundas diennakt\u012b, lai nodro\u0161in\u0101tu nep\u0101rtrauktu darba pl\u016bsmu.<\/strong> Laiks ir \u013coti svar\u012bgs, str\u0101d\u0101jot ar met\u0101la apstr\u0101di. T\u0101p\u0113c m\u0113s garant\u0113jam pieg\u0101di 24 stundas diennakt\u012b, nodro\u0161inot, ka lietojumkomplektu sa\u0146emat \u0101tri un bez kav\u0113\u0161an\u0101s varat turpin\u0101t r\u016bsas pa\u0101trin\u0101\u0161anas vai lako\u0161anas darbus.<\/p>\n<p><strong><img decoding=\"async\" style=\"margin-right: 12px;\" src=\"https:\/\/www.cortenplus.com\/wp-content\/uploads\/2026\/02\/Check.svg\" alt=\"\" width=\"18\" height=\"15\" \/>Naudas atmaksas garantija piln\u012bgai apmierin\u0101t\u012bbai.<\/strong> M\u0113s esam p\u0101rliecin\u0101ti par m\u016bsu lietojumkomplekta kvalit\u0101ti un praktiskumu. Ja neesat apmierin\u0101ts ar t\u0101 darb\u012bbu, m\u0113s pied\u0101v\u0101jam naudas atmaksas garantiju. Vienk\u0101r\u0161i sazinieties ar mums, un m\u0113s atmaks\u0101sim naudu par pirkumu, nodro\u0161inot piln\u012bgi bezriska pieredzi.<\/p>\n<p><strong><img decoding=\"async\" style=\"margin-right: 12px;\" src=\"https:\/\/www.cortenplus.com\/wp-content\/uploads\/2026\/02\/Check.svg\" alt=\"\" width=\"18\" height=\"15\" \/>Lieliski piem\u0113rots r\u016bsas pa\u0101trin\u0101t\u0101ja lieto\u0161anai.<\/strong> Lietojot r\u016bsas pa\u0101trin\u0101t\u0101ju, ir svar\u012bgi to vienm\u0113r\u012bgi izklied\u0113t, lai pan\u0101ktu vienm\u0113r\u012bgu patinu. Putu rull\u012btis \u013cauj prec\u012bzi izklied\u0113t pa kort\u0113na t\u0113rauda pane\u013ciem, nov\u0113r\u0161ot pilienu p\u0113das un nevienm\u0113r\u012bgu oksid\u0101cijas raksturu.<\/p>\n<p><strong><img decoding=\"async\" style=\"margin-right: 12px;\" src=\"https:\/\/www.cortenplus.com\/wp-content\/uploads\/2026\/02\/Check.svg\" alt=\"\" width=\"18\" height=\"15\" \/>Ide\u0101li piem\u0113rots kort\u0113na t\u0113rauda lakas apdarei.<\/strong> Smalku \u0161\u016bnu putas nodro\u0161ina vienm\u0113r\u012bgu lakas uzkl\u0101\u0161anu, neatst\u0101jot otas p\u0113das vai \u0161\u0137iedras. T\u0101d\u0113j\u0101di tiek ieg\u016bts t\u012brs, profesion\u0101ls fini\u0161s, kas uzlabo un aizsarg\u0101 korta patinu.<\/p>\n<p><strong><img decoding=\"async\" style=\"margin-right: 12px;\" src=\"https:\/\/www.cortenplus.com\/wp-content\/uploads\/2026\/02\/Check.svg\" alt=\"\" width=\"18\" height=\"15\" \/>Kompakts un \u0113rti lietojams detaliz\u0113tiem darbiem.<\/strong> 110 mm platais rull\u012btis nodro\u0161ina lielisku manevr\u0113tsp\u0113ju, \u013caujot prec\u012bzi apstr\u0101d\u0101t gan lielas l\u012bdzenas virsmas, gan maz\u0101kas sekcijas. Tas ir \u012bpa\u0161i noder\u012bgs pane\u013cu, st\u0101du kastu, dekorat\u012bvo elementu un arhitekt\u016bras elementu apstr\u0101dei.<\/p>\n<p><strong><img decoding=\"async\" style=\"margin-right: 12px;\" src=\"https:\/\/www.cortenplus.com\/wp-content\/uploads\/2026\/02\/Check.svg\" alt=\"\" width=\"18\" height=\"15\" \/>Iztur\u012bgas un atk\u0101rtoti lietojamas sast\u0101vda\u013cas.<\/strong> Plastmasas papl\u0101te ir iztur\u012bga pret \u0161\u0137\u012bdin\u0101t\u0101jiem un viegli t\u012br\u0101ma, savuk\u0101rt putuplasta rull\u012btis saglab\u0101 savu strukt\u016bru uzkl\u0101\u0161anas laik\u0101. P\u0113c lieto\u0161anas komplektu var atk\u0101rtoti izmantot vair\u0101kos projektos, t\u0101d\u0113j\u0101di palielinot t\u0101 ilgtermi\u0146a v\u0113rt\u012bbu.<\/p>\n<h2><strong>Instrukcijas<\/strong><\/h2>\n<ul>\n<li>Pirms r\u016bsas pa\u0101trin\u0101t\u0101ja vai lakas uzkl\u0101\u0161anas p\u0101rliecinieties, ka met\u0101la virsma ir pien\u0101c\u012bgi sagatavota. Virsmai j\u0101b\u016bt t\u012brai, sausai, bez taukiem un va\u013c\u0113j\u0101m da\u013ci\u0146\u0101m.<\/li>\n<li>Ielejiet m\u0113renu daudzumu r\u016bsas pa\u0101trin\u0101t\u0101ja vai kort\u0113na t\u0113rauda lakas plastmasas papl\u0101t\u0113.<\/li>\n<li>110 mm putuplasta veltni vienm\u0113r\u012bgi ievelciet papl\u0101t\u0113, l\u012bdz tas ir viegli pies\u0101tin\u0101ts. Izvairieties no velt\u0146a p\u0101rslogo\u0161anas, lai nov\u0113rstu pil\u0113\u0161anu.<\/li>\n<li>Uzkl\u0101jiet l\u012bdzekli pl\u0101n\u0101s, vienm\u0113r\u012bg\u0101s k\u0101rt\u0101s pa visu virsmu. Lai nodro\u0161in\u0101tu vienm\u0113r\u012bgu p\u0101rkl\u0101jumu, veiciet vienm\u0113r\u012bgus, p\u0101rkl\u0101jo\u0161us triepienus.<\/li>\n<li>R\u016bsas pa\u0101trin\u0101t\u0101ju uzkl\u0101jiet atbilsto\u0161i izmantot\u0101 produkta ieteicamajai devai, parasti aptuveni 50 ml uz kvadr\u0101tmetru.<\/li>\n<li>Korte\u0146t\u0113rauda lakai uzkl\u0101jiet aptuveni 100-125 ml uz kvadr\u0101tmetru atkar\u012bb\u0101 no virsmas absorbcijas un tekst\u016bras.<\/li>\n<li>Str\u0101d\u0101jiet pa paroc\u012bg\u0101m sekcij\u0101m, lai nodro\u0161in\u0101tu vienm\u0113r\u012bgu uzkl\u0101\u0161anu un izvair\u012btos no nevienm\u0113r\u012bgas \u017e\u0101v\u0113\u0161anas.<\/li>\n<li>P\u0113c lieto\u0161anas nekav\u0113joties not\u012briet rull\u012bti un papl\u0101ti ar atbilsto\u0161u t\u012br\u012b\u0161anas \u0161\u0137\u012bdumu vai \u016bdeni atkar\u012bb\u0101 no izmantot\u0101 produkta.<\/li>\n<li>Pirms nepiecie\u0161am\u012bbas gad\u012bjum\u0101 uzkl\u0101t papildu k\u0101rtas, \u013caujiet apstr\u0101d\u0101tajai virsmai no\u017e\u016bt saska\u0146\u0101 ar produkta instrukcij\u0101m.<\/li>\n<li>P\u0113c t\u012br\u012b\u0161anas uzglab\u0101jiet komplektu saus\u0101 viet\u0101, lai saglab\u0101tu putu velt\u0146a kvalit\u0101ti turpm\u0101kai lieto\u0161anai.<\/li>\n<\/ul>","protected":false},"excerpt":{"rendered":"<p>Everything you need for precise and uniform application in one convenient kit. Our application kit includes a high-quality 110 mm foam roller and a durable plastic tray, providing the essential tools required for smooth and controlled application of rust accelerator or corten steel varnish. It eliminates the need to source separate accessories and ensures immediate [&hellip;]<\/p>\n","protected":false},"featured_media":22990,"comment_status":"open","ping_status":"closed","template":"","meta":{"_uag_custom_page_level_css":"","site-sidebar-layout":"default","site-content-layout":"","ast-site-content-layout":"default","site-content-style":"default","site-sidebar-style":"default","ast-global-header-display":"","ast-banner-title-visibility":"","ast-main-header-display":"","ast-hfb-above-header-display":"","ast-hfb-below-header-display":"","ast-hfb-mobile-header-display":"","site-post-title":"","ast-breadcrumbs-content":"","ast-featured-img":"","footer-sml-layout":"","ast-disable-related-posts":"","theme-transparent-header-meta":"default","adv-header-id-meta":"","stick-header-meta":"","header-above-stick-meta":"","header-main-stick-meta":"","header-below-stick-meta":"","astra-migrate-meta-layouts":"set","ast-page-background-enabled":"default","ast-page-background-meta":{"desktop":{"background-color":"var(--ast-global-color-4)","background-image":"","background-repeat":"repeat","background-position":"center center","background-size":"auto","background-attachment":"scroll","background-type":"","background-media":"","overlay-type":"","overlay-color":"","overlay-opacity":"","overlay-gradient":""},"tablet":{"background-color":"","background-image":"","background-repeat":"repeat","background-position":"center center","background-size":"auto","background-attachment":"scroll","background-type":"","background-media":"","overlay-type":"","overlay-color":"","overlay-opacity":"","overlay-gradient":""},"mobile":{"background-color":"","background-image":"","background-repeat":"repeat","background-position":"center center","background-size":"auto","background-attachment":"scroll","background-type":"","background-media":"","overlay-type":"","overlay-color":"","overlay-opacity":"","overlay-gradient":""}},"ast-content-background-meta":{"desktop":{"background-color":"var(--ast-global-color-5)","background-image":"","background-repeat":"repeat","background-position":"center center","background-size":"auto","background-attachment":"scroll","background-type":"","background-media":"","overlay-type":"","overlay-color":"","overlay-opacity":"","overlay-gradient":""},"tablet":{"background-color":"var(--ast-global-color-5)","background-image":"","background-repeat":"repeat","background-position":"center center","background-size":"auto","background-attachment":"scroll","background-type":"","background-media":"","overlay-type":"","overlay-color":"","overlay-opacity":"","overlay-gradient":""},"mobile":{"background-color":"var(--ast-global-color-5)","background-image":"","background-repeat":"repeat","background-position":"center center","background-size":"auto","background-attachment":"scroll","background-type":"","background-media":"","overlay-type":"","overlay-color":"","overlay-opacity":"","overlay-gradient":""}}},"product_brand":[],"product_cat":[15],"product_tag":[],"class_list":{"0":"post-22962","1":"product","2":"type-product","3":"status-publish","4":"has-post-thumbnail","6":"product_cat-shop","7":"desktop-align-left","8":"tablet-align-left","9":"mobile-align-left","11":"first","12":"instock","13":"shipping-taxable","14":"purchasable","15":"product-type-simple"},"spectra_custom_meta":{"_visibility":["visible"],"_shopify_product_id":["1507476865097"],"_s2w_shopify_domain":["cortenplus.myshopify.com"],"_shopify_variant_id":["20227376676937"],"_sku":["CPAPPLICATIONKIT"],"_regular_price":["9.90"],"_price":["9.90"],"_sale_price":[""],"_weight":["0.3"],"_thumbnail_id":["22990"],"total_sales":["91"],"_tax_status":["taxable"],"_tax_class":[""],"_manage_stock":["no"],"_backorders":["no"],"_sold_individually":["no"],"_virtual":["no"],"_downloadable":["no"],"_download_limit":["-1"],"_download_expiry":["-1"],"_stock":[null],"_stock_status":["instock"],"_wc_average_rating":["4.94"],"_wc_review_count":["51"],"_product_version":["10.5.2"],"_edit_lock":["1772287918:1"],"merchant-center-availability":["no"],"_edit_last":["1"],"_wp_page_template":["default"],"site-sidebar-layout":["default"],"ast-site-content-layout":["default"],"site-content-style":["default"],"site-sidebar-style":["default"],"theme-transparent-header-meta":["default"],"_wc_rating_count":["a:2:{i:4;i:3;i:5;i:48;}"],"_upsell_ids":["a:3:{i:0;i:22958;i:1;i:22974;i:2;i:22982;}"],"_crosssell_ids":["a:3:{i:0;i:22958;i:1;i:22974;i:2;i:22982;}"],"astra-migrate-meta-layouts":["set"],"_uag_css_file_name":["uag-css-22962.css"],"_elementor_page_assets":["a:0:{}"],"_uag_page_assets":["a:9:{s:3:\"css\";s:7133:\".uag-blocks-common-selector{z-index:var(--z-index-desktop) !important}@media(max-width: 976px){.uag-blocks-common-selector{z-index:var(--z-index-tablet) !important}}@media(max-width: 767px){.uag-blocks-common-selector{z-index:var(--z-index-mobile) !important}}.wp-block-uagb-image{display:flex}.wp-block-uagb-image__figure{position:relative;display:flex;flex-direction:column;max-width:100%;height:auto;margin:0}.wp-block-uagb-image__figure img{height:auto;display:flex;max-width:100%;transition:box-shadow .2s ease}.wp-block-uagb-image__figure>a{display:inline-block}.wp-block-uagb-image__figure figcaption{text-align:center;margin-top:.5em;margin-bottom:1em}.wp-block-uagb-image .components-placeholder.block-editor-media-placeholder .components-placeholder__instructions{align-self:center}.wp-block-uagb-image--align-left{text-align:left}.wp-block-uagb-image--align-right{text-align:right}.wp-block-uagb-image--align-center{text-align:center}.wp-block-uagb-image--align-full .wp-block-uagb-image__figure{margin-left:calc(50% - 50vw);margin-right:calc(50% - 50vw);max-width:100vw;width:100vw;height:auto}.wp-block-uagb-image--align-full .wp-block-uagb-image__figure img{height:auto;width:100% !important}.wp-block-uagb-image--align-wide .wp-block-uagb-image__figure img{height:auto;width:100%}.wp-block-uagb-image--layout-overlay__color-wrapper{position:absolute;left:0;top:0;right:0;bottom:0;opacity:.2;background:rgba(0,0,0,.5);transition:opacity .35s ease-in-out}.wp-block-uagb-image--layout-overlay-link{position:absolute;left:0;right:0;bottom:0;top:0}.wp-block-uagb-image--layout-overlay .wp-block-uagb-image__figure:hover .wp-block-uagb-image--layout-overlay__color-wrapper{opacity:1}.wp-block-uagb-image--layout-overlay__inner{position:absolute;left:15px;right:15px;bottom:15px;top:15px;display:flex;align-items:center;justify-content:center;flex-direction:column;border-color:#fff;transition:.35s ease-in-out}.wp-block-uagb-image--layout-overlay__inner.top-left,.wp-block-uagb-image--layout-overlay__inner.top-center,.wp-block-uagb-image--layout-overlay__inner.top-right{justify-content:flex-start}.wp-block-uagb-image--layout-overlay__inner.bottom-left,.wp-block-uagb-image--layout-overlay__inner.bottom-center,.wp-block-uagb-image--layout-overlay__inner.bottom-right{justify-content:flex-end}.wp-block-uagb-image--layout-overlay__inner.top-left,.wp-block-uagb-image--layout-overlay__inner.center-left,.wp-block-uagb-image--layout-overlay__inner.bottom-left{align-items:flex-start}.wp-block-uagb-image--layout-overlay__inner.top-right,.wp-block-uagb-image--layout-overlay__inner.center-right,.wp-block-uagb-image--layout-overlay__inner.bottom-right{align-items:flex-end}.wp-block-uagb-image--layout-overlay__inner .uagb-image-heading{color:#fff;transition:transform .35s,opacity .35s ease-in-out;transform:translate3d(0, 24px, 0);margin:0;line-height:1em}.wp-block-uagb-image--layout-overlay__inner .uagb-image-separator{width:30%;border-top-width:2px;border-top-color:#fff;border-top-style:solid;margin-bottom:10px;opacity:0;transition:transform .4s,opacity .4s ease-in-out;transform:translate3d(0, 30px, 0)}.wp-block-uagb-image--layout-overlay__inner .uagb-image-caption{opacity:0;overflow:visible;color:#fff;transition:transform .45s,opacity .45s ease-in-out;transform:translate3d(0, 35px, 0)}.wp-block-uagb-image--layout-overlay__inner:hover .uagb-image-heading,.wp-block-uagb-image--layout-overlay__inner:hover .uagb-image-separator,.wp-block-uagb-image--layout-overlay__inner:hover .uagb-image-caption{opacity:1;transform:translate3d(0, 0, 0)}.wp-block-uagb-image--effect-zoomin .wp-block-uagb-image__figure img,.wp-block-uagb-image--effect-zoomin .wp-block-uagb-image__figure .wp-block-uagb-image--layout-overlay__color-wrapper{transform:scale(1);transition:transform .35s ease-in-out}.wp-block-uagb-image--effect-zoomin .wp-block-uagb-image__figure:hover img,.wp-block-uagb-image--effect-zoomin .wp-block-uagb-image__figure:hover .wp-block-uagb-image--layout-overlay__color-wrapper{transform:scale(1.05)}.wp-block-uagb-image--effect-slide .wp-block-uagb-image__figure img,.wp-block-uagb-image--effect-slide .wp-block-uagb-image__figure .wp-block-uagb-image--layout-overlay__color-wrapper{width:calc(100% + 40px) !important;max-width:none !important;transform:translate3d(-40px, 0, 0);transition:transform .35s ease-in-out}.wp-block-uagb-image--effect-slide .wp-block-uagb-image__figure:hover img,.wp-block-uagb-image--effect-slide .wp-block-uagb-image__figure:hover .wp-block-uagb-image--layout-overlay__color-wrapper{transform:translate3d(0, 0, 0)}.wp-block-uagb-image--effect-grayscale img{filter:grayscale(0%);transition:.35s ease-in-out}.wp-block-uagb-image--effect-grayscale:hover img{filter:grayscale(100%)}.wp-block-uagb-image--effect-blur img{filter:blur(0);transition:.35s ease-in-out}.wp-block-uagb-image--effect-blur:hover img{filter:blur(3px)}.uagb-block-e6f939b3.wp-block-uagb-image--layout-default figure img{box-shadow: 0px 0px 0 #00000070;}.uagb-block-e6f939b3.wp-block-uagb-image .wp-block-uagb-image__figure figcaption{font-style: normal;align-self: center;}.uagb-block-e6f939b3.wp-block-uagb-image--layout-overlay figure img{box-shadow: 0px 0px 0 #00000070;}.uagb-block-e6f939b3.wp-block-uagb-image--layout-overlay .wp-block-uagb-image--layout-overlay__color-wrapper{opacity: 0.2;}.uagb-block-e6f939b3.wp-block-uagb-image--layout-overlay .wp-block-uagb-image--layout-overlay__inner{left: 15px;right: 15px;top: 15px;bottom: 15px;}.uagb-block-e6f939b3.wp-block-uagb-image--layout-overlay .wp-block-uagb-image--layout-overlay__inner .uagb-image-heading{font-style: normal;color: #fff;opacity: 1;}.uagb-block-e6f939b3.wp-block-uagb-image--layout-overlay .wp-block-uagb-image--layout-overlay__inner .uagb-image-heading a{color: #fff;}.uagb-block-e6f939b3.wp-block-uagb-image--layout-overlay .wp-block-uagb-image--layout-overlay__inner .uagb-image-caption{opacity: 0;}.uagb-block-e6f939b3.wp-block-uagb-image--layout-overlay .wp-block-uagb-image__figure:hover .wp-block-uagb-image--layout-overlay__color-wrapper{opacity: 1;}.uagb-block-e6f939b3.wp-block-uagb-image .wp-block-uagb-image--layout-overlay__inner .uagb-image-separator{width: 30%;border-top-width: 2px;border-top-color: #fff;opacity: 0;}.uagb-block-e6f939b3.wp-block-uagb-image .wp-block-uagb-image__figure img{width: px;height: auto;}.uagb-block-e6f939b3.wp-block-uagb-image .wp-block-uagb-image__figure:hover .wp-block-uagb-image--layout-overlay__inner .uagb-image-caption{opacity: 1;}.uagb-block-e6f939b3.wp-block-uagb-image .wp-block-uagb-image__figure:hover .wp-block-uagb-image--layout-overlay__inner .uagb-image-separator{opacity: 1;}.uagb-block-e6f939b3.wp-block-uagb-image--layout-default figure:hover img{box-shadow: 0px 0px 0 #00000070;}.uagb-block-e6f939b3.wp-block-uagb-image--layout-overlay figure:hover img{box-shadow: 0px 0px 0 #00000070;}@media only screen and (max-width: 976px) {.uagb-block-e6f939b3.wp-block-uagb-image .wp-block-uagb-image__figure img{width: px;height: auto;}}@media only screen and (max-width: 767px) {.uagb-block-e6f939b3.wp-block-uagb-image .wp-block-uagb-image__figure img{width: px;height: auto;}}\";s:2:\"js\";s:0:\"\";s:18:\"current_block_list\";a:13:{i:0;s:11:\"core\/search\";i:1;s:10:\"core\/group\";i:2;s:12:\"core\/heading\";i:3;s:17:\"core\/latest-posts\";i:4;s:20:\"core\/latest-comments\";i:5;s:13:\"core\/archives\";i:6;s:15:\"core\/categories\";i:7;s:14:\"core\/paragraph\";i:8;s:10:\"uagb\/image\";i:9;s:11:\"core\/spacer\";i:10;s:30:\"woocommerce\/product-categories\";i:11;s:10:\"core\/image\";i:12;s:14:\"core\/shortcode\";}s:8:\"uag_flag\";b:1;s:11:\"uag_version\";s:10:\"1777057139\";s:6:\"gfonts\";a:0:{}s:10:\"gfonts_url\";s:0:\"\";s:12:\"gfonts_files\";a:0:{}s:14:\"uag_faq_layout\";b:0;}"]},"uagb_featured_image_src":{"full":["https:\/\/www.cortenplus.com\/wp-content\/uploads\/2025\/06\/Sans_titre_3a8506fe-a06d-4028-9d15-f0bfb7f991f5.png",1000,1000,false],"thumbnail":["https:\/\/www.cortenplus.com\/wp-content\/uploads\/2025\/06\/Sans_titre_3a8506fe-a06d-4028-9d15-f0bfb7f991f5-150x150.png",150,150,true],"medium":["https:\/\/www.cortenplus.com\/wp-content\/uploads\/2025\/06\/Sans_titre_3a8506fe-a06d-4028-9d15-f0bfb7f991f5-300x300.png",300,300,true],"medium_large":["https:\/\/www.cortenplus.com\/wp-content\/uploads\/2025\/06\/Sans_titre_3a8506fe-a06d-4028-9d15-f0bfb7f991f5-768x768.png",768,768,true],"large":["https:\/\/www.cortenplus.com\/wp-content\/uploads\/2025\/06\/Sans_titre_3a8506fe-a06d-4028-9d15-f0bfb7f991f5.png",1000,1000,false],"1536x1536":["https:\/\/www.cortenplus.com\/wp-content\/uploads\/2025\/06\/Sans_titre_3a8506fe-a06d-4028-9d15-f0bfb7f991f5.png",1000,1000,false],"2048x2048":["https:\/\/www.cortenplus.com\/wp-content\/uploads\/2025\/06\/Sans_titre_3a8506fe-a06d-4028-9d15-f0bfb7f991f5.png",1000,1000,false],"trp-custom-language-flag":["https:\/\/www.cortenplus.com\/wp-content\/uploads\/2025\/06\/Sans_titre_3a8506fe-a06d-4028-9d15-f0bfb7f991f5-12x12.png",12,12,true],"woocommerce_thumbnail":["https:\/\/www.cortenplus.com\/wp-content\/uploads\/2025\/06\/Sans_titre_3a8506fe-a06d-4028-9d15-f0bfb7f991f5-300x300.png",300,300,true],"woocommerce_single":["https:\/\/www.cortenplus.com\/wp-content\/uploads\/2025\/06\/Sans_titre_3a8506fe-a06d-4028-9d15-f0bfb7f991f5-600x600.png",600,600,true],"woocommerce_gallery_thumbnail":["https:\/\/www.cortenplus.com\/wp-content\/uploads\/2025\/06\/Sans_titre_3a8506fe-a06d-4028-9d15-f0bfb7f991f5-100x100.png",100,100,true]},"uagb_author_info":{"display_name":"admin","author_link":"https:\/\/www.cortenplus.com\/lv\/author\/"},"uagb_comment_info":51,"uagb_excerpt":"Everything you need for precise and uniform application in one convenient kit. Our application kit includes a high-quality 110 mm foam roller and a durable plastic tray, providing the essential tools required for smooth and controlled application of rust accelerator or corten steel varnish. It eliminates the need to source separate accessories and ensures immediate&hellip;","_links":{"self":[{"href":"https:\/\/www.cortenplus.com\/lv\/wp-json\/wp\/v2\/product\/22962","targetHints":{"allow":["GET"]}}],"collection":[{"href":"https:\/\/www.cortenplus.com\/lv\/wp-json\/wp\/v2\/product"}],"about":[{"href":"https:\/\/www.cortenplus.com\/lv\/wp-json\/wp\/v2\/types\/product"}],"replies":[{"embeddable":true,"href":"https:\/\/www.cortenplus.com\/lv\/wp-json\/wp\/v2\/comments?post=22962"}],"version-history":[{"count":6,"href":"https:\/\/www.cortenplus.com\/lv\/wp-json\/wp\/v2\/product\/22962\/revisions"}],"predecessor-version":[{"id":26212,"href":"https:\/\/www.cortenplus.com\/lv\/wp-json\/wp\/v2\/product\/22962\/revisions\/26212"}],"wp:featuredmedia":[{"embeddable":true,"href":"https:\/\/www.cortenplus.com\/lv\/wp-json\/wp\/v2\/media\/22990"}],"wp:attachment":[{"href":"https:\/\/www.cortenplus.com\/lv\/wp-json\/wp\/v2\/media?parent=22962"}],"wp:term":[{"taxonomy":"product_brand","embeddable":true,"href":"https:\/\/www.cortenplus.com\/lv\/wp-json\/wp\/v2\/product_brand?post=22962"},{"taxonomy":"product_cat","embeddable":true,"href":"https:\/\/www.cortenplus.com\/lv\/wp-json\/wp\/v2\/product_cat?post=22962"},{"taxonomy":"product_tag","embeddable":true,"href":"https:\/\/www.cortenplus.com\/lv\/wp-json\/wp\/v2\/product_tag?post=22962"}],"curies":[{"name":"wp","href":"https:\/\/api.w.org\/{rel}","templated":true}]}}