{"id":22958,"date":"2025-06-02T08:36:24","date_gmt":"2025-06-02T06:36:24","guid":{"rendered":"https:\/\/www.cortenplus.com\/products\/antiquing-fluid\/"},"modified":"2026-02-28T15:10:57","modified_gmt":"2026-02-28T14:10:57","slug":"antiquing-fluid","status":"publish","type":"product","link":"https:\/\/www.cortenplus.com\/lv\/products\/antiquing-fluid\/","title":{"rendered":"Patin\u0113\u0161anas \u0161\u0137idrums"},"content":{"rendered":"<p><strong><img decoding=\"async\" style=\"margin-right: 12px;\" src=\"https:\/\/www.cortenplus.com\/wp-content\/uploads\/2026\/02\/Check.svg\" alt=\"\" width=\"18\" height=\"15\" \/>Izveido autentisku aptum\u0161ota met\u0101la apdari ar profesion\u0101lu precizit\u0101ti.<\/strong> M\u016bsu antikv\u0113\u0161anas \u0161\u0137idrums ir \u012bpa\u0161i izstr\u0101d\u0101ts, lai br\u016bnin\u0101tu un melnin\u0101tu met\u0101la virsmas, radot dzi\u013cu, bag\u0101t\u012bgu patinu, kas pastiprina to raksturu un vizu\u0101lo dzi\u013cumu. Tas rea\u0123\u0113 tie\u0161i ar met\u0101lu, lai rad\u012btu dabisku novecoju\u0161u efektu, ko nevar atveidot ar kr\u0101su vai virspus\u0113jiem p\u0101rkl\u0101jumiem.<\/p>\n<p><strong><img decoding=\"async\" style=\"margin-right: 12px;\" src=\"https:\/\/www.cortenplus.com\/wp-content\/uploads\/2026\/02\/Check.svg\" alt=\"\" width=\"18\" height=\"15\" \/>Visefekt\u012bv\u0101kais risin\u0101jums kontrol\u0113tai met\u0101la meln\u0113\u0161anai.<\/strong> Pateicoties uzlabotajai rea\u0123\u0113tsp\u0113j\u012bgajai formulai, \u0161is ir visefekt\u012bv\u0101kais pieejamais ant\u012bko kr\u0101sojumu \u0161\u0137idrums, ar kuru var pan\u0101kt vienm\u0113r\u012bgu br\u016bn\u0113\u0161anas un tum\u0161in\u0101\u0161anas rezult\u0101tu. Tas nodro\u0161ina vienm\u0113r\u012bgu kr\u0101sas att\u012bst\u012bbu vis\u0101 virsmas garum\u0101, vienlaikus \u013caujot prec\u012bzi kontrol\u0113t to\u0146u intensit\u0101ti, s\u0101kot no silti br\u016bniem to\u0146iem l\u012bdz dzi\u013ci mat\u0113ti melnam fini\u0161am.<\/p>\n<p><strong><img decoding=\"async\" style=\"margin-right: 12px;\" src=\"https:\/\/www.cortenplus.com\/wp-content\/uploads\/2026\/02\/Check.svg\" alt=\"\" width=\"18\" height=\"15\" \/>L\u0113t\u0101kais profesion\u0101l\u0101s kvalit\u0101tes ant\u012bko kr\u0101sojumu l\u012bdzeklis tirg\u016b.<\/strong> M\u0113s nodro\u0161in\u0101m izcilu veiktsp\u0113ju par viskonkur\u0113tsp\u0113j\u012bg\u0101ko cenu. M\u016bsu ant\u012bko kr\u0101sojumu \u0161\u0137idrums ir l\u0113t\u0101kais augstas kvalit\u0101tes risin\u0101jums sav\u0101 kategorij\u0101, nodro\u0161inot augst\u0101k\u0101s kvalit\u0101tes rezult\u0101tus bez augst\u0101m izmaks\u0101m, kas bie\u017ei vien ir saist\u012btas ar speci\u0101lajiem apdares produktiem.<\/p>\n<p><strong><img decoding=\"async\" style=\"margin-right: 12px;\" src=\"https:\/\/www.cortenplus.com\/wp-content\/uploads\/2026\/02\/Check.svg\" alt=\"\" width=\"18\" height=\"15\" \/>Garant\u0113ta pieg\u0101de 24 stundas diennakt\u012b, lai j\u016bsu projekts netiktu kav\u0113ts.<\/strong> M\u0113s zin\u0101m, ka apdares darbi bie\u017ei tiek veikti \u012bsos termi\u0146os. T\u0101p\u0113c m\u0113s pied\u0101v\u0101jam pieg\u0101di 24 stundas diennakt\u012b, nodro\u0161inot, ka j\u016bs \u0101tri sa\u0146emat savu antikv\u0113\u0161anas \u0161\u0137idrumu un varat turpin\u0101t darbu bez liekas kav\u0113\u0161an\u0101s.<\/p>\n<p><strong><img decoding=\"async\" style=\"margin-right: 12px;\" src=\"https:\/\/www.cortenplus.com\/wp-content\/uploads\/2026\/02\/Check.svg\" alt=\"\" width=\"18\" height=\"15\" \/>Naudas atmaksas garantija piln\u012bgam sirdsmieram.<\/strong> M\u0113s esam p\u0101rliecin\u0101ti par m\u016bsu ant\u012bko \u0161\u0137idrumu kvalit\u0101ti un uzticam\u012bbu. Ja neesat piln\u012bb\u0101 apmierin\u0101ts ar rezult\u0101tu, m\u0113s pied\u0101v\u0101jam naudas atmaksas garantiju. Vienk\u0101r\u0161i sazinieties ar mums, un m\u0113s atmaks\u0101sim naudu par pirkumu, padarot j\u016bsu ieguld\u012bjumu piln\u012bgi bez riska.<\/p>\n<p><strong><img decoding=\"async\" style=\"margin-right: 12px;\" src=\"https:\/\/www.cortenplus.com\/wp-content\/uploads\/2026\/02\/Check.svg\" alt=\"\" width=\"18\" height=\"15\" \/>Lielisks p\u0101rkl\u0101jums - l\u012bdz 18 m\u00b2 uz litru.<\/strong> M\u016bsu ant\u012bko lako\u0161anas \u0161\u0137idrums nodro\u0161ina augstu efektivit\u0101ti, aptverot l\u012bdz pat 18 kvadr\u0101tmetriem uz litru atkar\u012bb\u0101 no met\u0101la veida un absorbcijas. \u0160is sp\u0113c\u012bgais p\u0101rkl\u0101jums nodro\u0161ina ekonomisku uzkl\u0101\u0161anu un samazin\u0101tu produkta pat\u0113ri\u0146u pat lieliem dekorat\u012bviem priek\u0161metiem.<\/p>\n<p><strong><img decoding=\"async\" style=\"margin-right: 12px;\" src=\"https:\/\/www.cortenplus.com\/wp-content\/uploads\/2026\/02\/Check.svg\" alt=\"\" width=\"18\" height=\"15\" \/>Uzlabo tekst\u016bru un virsmas deta\u013cas.<\/strong> T\u0101 viet\u0101, lai pasl\u0113ptu met\u0101la dabisko tekst\u016bru un strukt\u016bru, \u0161\u0137idrums izce\u013c smalkas deta\u013cas, grav\u0113jumus un virsmas fakt\u016bru. Rezult\u0101ts ir izsmalcin\u0101ts novecojis izskats ar liel\u0101ku vizu\u0101lo kontrastu un dzi\u013cumu.<\/p>\n<p><strong><img decoding=\"async\" style=\"margin-right: 12px;\" src=\"https:\/\/www.cortenplus.com\/wp-content\/uploads\/2026\/02\/Check.svg\" alt=\"\" width=\"18\" height=\"15\" \/>\u0100tras darb\u012bbas reakcija efekt\u012bvai apdarei.<\/strong> \u0136\u012bmisk\u0101 reakcija s\u0101kas \u0101tri p\u0113c uzkl\u0101\u0161anas, un da\u017eu min\u016b\u0161u laik\u0101 notiek redzama tum\u0161\u0101ka kr\u0101sa. \u0160\u012b \u0101tr\u0101 iedarb\u012bba uzlabo darba procesa efektivit\u0101ti un padara produktu piem\u0113rotu gan nelieliem projektiem, gan liel\u0101k\u0101m ra\u017eo\u0161anas vid\u0113m.<\/p>\n<p><strong><img decoding=\"async\" style=\"margin-right: 12px;\" src=\"https:\/\/www.cortenplus.com\/wp-content\/uploads\/2026\/02\/Check.svg\" alt=\"\" width=\"18\" height=\"15\" \/>Piem\u0113rots da\u017e\u0101d\u0101m melno met\u0101lu virsm\u0101m.<\/strong> Ide\u0101li piem\u0113rots t\u0113rauda un dzelzs deta\u013c\u0101m, antiquing \u0161\u0137idrums piel\u0101gojas da\u017e\u0101d\u0101m virsmu virsm\u0101m, tostarp pul\u0113tam, mat\u0113tam vai viegli tekstur\u0113tam met\u0101lam, nodro\u0161inot viendab\u012bgu un elegantu aptum\u0161otu izskatu.<\/p>\n<p><strong><img decoding=\"async\" style=\"margin-right: 12px;\" src=\"https:\/\/www.cortenplus.com\/wp-content\/uploads\/2026\/02\/Check.svg\" alt=\"\" width=\"18\" height=\"15\" \/>Nodro\u0161ina stabilu pamatu papildu aizsardz\u012bbai.<\/strong> Kad ir sasniegta v\u0113lam\u0101 kr\u0101sa, apstr\u0101d\u0101to virsmu var aizl\u012bm\u0113t ar e\u013c\u013cu, vasku vai laku, lai uzlabotu notur\u012bbu un fiks\u0113tu apdari, nodro\u0161inot ilglaic\u012bgus rezult\u0101tus un uzlabotu iztur\u012bbu pret apstr\u0101di un vides iedarb\u012bbu.<\/p>\n<h2><strong>Instrukcijas<\/strong><\/h2>\n<ul>\n<li>Pirms uzkl\u0101\u0161anas p\u0101rliecinieties, ka met\u0101la virsma ir t\u012bra, sausa un bez taukiem, e\u013c\u013cas, r\u016bsas vai aizsargp\u0101rkl\u0101jumiem. Ja nepiecie\u0161ams, r\u016bp\u012bgi attauko un \u013cauj no\u017e\u016bt.<\/li>\n<li>Lai uzlabotu reakcijas viendab\u012bgumu, viegli nosl\u012bp\u0113jiet \u013coti gludas virsmas.<\/li>\n<li>Pirms lieto\u0161anas trauku labi sakratiet.<\/li>\n<li>Atkar\u012bb\u0101 no objekta lieluma uzkl\u0101jiet ant\u012bko \u0161\u0137idrumu, izmantojot otu, s\u016bkli, dr\u0101nu vai iegremd\u0113jot.<\/li>\n<li>Ieteicam\u0101 deva ir aptuveni 55-60 ml uz kvadr\u0101tmetru. Segums ir l\u012bdz 18 m\u00b2 uz litru atkar\u012bb\u0101 no met\u0101la un v\u0113lam\u0101s intensit\u0101tes.<\/li>\n<li>\u013baujiet produktam vair\u0101kas min\u016btes rea\u0123\u0113t. \u0136\u012bmiskajai reakcijai att\u012bstoties, pak\u0101peniski par\u0101d\u012bsies tum\u0161\u0101ka kr\u0101sa.<\/li>\n<li>Lai ieg\u016btu dzi\u013c\u0101ku vai tum\u0161\u0101ku fini\u0161u, uzkl\u0101jiet papildu sl\u0101\u0146us p\u0113c tam, kad pirmais p\u0101rkl\u0101jums ir nostabiliz\u0113jies.<\/li>\n<li>Kad ir sasniegta v\u0113lam\u0101 kr\u0101sa, vajadz\u012bbas gad\u012bjum\u0101 viegli noskalojiet ar t\u012bru \u016bdeni un \u013caujiet virsmai piln\u012bb\u0101 no\u017e\u016bt.<\/li>\n<li>P\u0113c \u017e\u0101v\u0113\u0161anas uzkl\u0101jiet aizsarg\u0101jo\u0161u e\u013c\u013cu, vasku vai caursp\u012bd\u012bgu herm\u0113ti\u0137i, lai stabiliz\u0113tu un saglab\u0101tu apdari.<\/li>\n<li>Uzglab\u0101t produktu v\u0113s\u0101, saus\u0101 viet\u0101 un p\u0113c lieto\u0161anas trauku cie\u0161i aizv\u0113rt.<\/li>\n<\/ul>","protected":false},"excerpt":{"rendered":"<p>Creates an authentic darkened metal finish with professional precision. Our antiquing fluid is specially formulated to brown and blacken metal surfaces, producing a deep, rich patina that enhances character and visual depth. It reacts directly with the metal to create a natural-looking aged effect that cannot be replicated with paint or superficial coatings. The most [&hellip;]<\/p>\n","protected":false},"featured_media":22986,"comment_status":"open","ping_status":"closed","template":"","meta":{"_uag_custom_page_level_css":"","site-sidebar-layout":"default","site-content-layout":"","ast-site-content-layout":"default","site-content-style":"default","site-sidebar-style":"default","ast-global-header-display":"","ast-banner-title-visibility":"","ast-main-header-display":"","ast-hfb-above-header-display":"","ast-hfb-below-header-display":"","ast-hfb-mobile-header-display":"","site-post-title":"","ast-breadcrumbs-content":"","ast-featured-img":"","footer-sml-layout":"","ast-disable-related-posts":"","theme-transparent-header-meta":"default","adv-header-id-meta":"","stick-header-meta":"","header-above-stick-meta":"","header-main-stick-meta":"","header-below-stick-meta":"","astra-migrate-meta-layouts":"set","ast-page-background-enabled":"default","ast-page-background-meta":{"desktop":{"background-color":"var(--ast-global-color-4)","background-image":"","background-repeat":"repeat","background-position":"center center","background-size":"auto","background-attachment":"scroll","background-type":"","background-media":"","overlay-type":"","overlay-color":"","overlay-opacity":"","overlay-gradient":""},"tablet":{"background-color":"","background-image":"","background-repeat":"repeat","background-position":"center center","background-size":"auto","background-attachment":"scroll","background-type":"","background-media":"","overlay-type":"","overlay-color":"","overlay-opacity":"","overlay-gradient":""},"mobile":{"background-color":"","background-image":"","background-repeat":"repeat","background-position":"center center","background-size":"auto","background-attachment":"scroll","background-type":"","background-media":"","overlay-type":"","overlay-color":"","overlay-opacity":"","overlay-gradient":""}},"ast-content-background-meta":{"desktop":{"background-color":"var(--ast-global-color-5)","background-image":"","background-repeat":"repeat","background-position":"center center","background-size":"auto","background-attachment":"scroll","background-type":"","background-media":"","overlay-type":"","overlay-color":"","overlay-opacity":"","overlay-gradient":""},"tablet":{"background-color":"var(--ast-global-color-5)","background-image":"","background-repeat":"repeat","background-position":"center center","background-size":"auto","background-attachment":"scroll","background-type":"","background-media":"","overlay-type":"","overlay-color":"","overlay-opacity":"","overlay-gradient":""},"mobile":{"background-color":"var(--ast-global-color-5)","background-image":"","background-repeat":"repeat","background-position":"center center","background-size":"auto","background-attachment":"scroll","background-type":"","background-media":"","overlay-type":"","overlay-color":"","overlay-opacity":"","overlay-gradient":""}}},"product_brand":[],"product_cat":[15],"product_tag":[],"class_list":{"0":"post-22958","1":"product","2":"type-product","3":"status-publish","4":"has-post-thumbnail","6":"product_cat-shop","7":"desktop-align-left","8":"tablet-align-left","9":"mobile-align-left","11":"first","12":"instock","13":"sale","14":"shipping-taxable","15":"purchasable","16":"product-type-variable","17":"has-default-attributes"},"spectra_custom_meta":{"_visibility":["visible"],"_shopify_product_id":["4548242374740"],"_s2w_shopify_domain":["cortenplus.myshopify.com"],"_shopify_variant_id":["32018226511956"],"_manage_stock":["no"],"total_sales":["206"],"_tax_status":["taxable"],"_tax_class":[""],"_backorders":["no"],"_sold_individually":["no"],"_virtual":["no"],"_downloadable":["no"],"_download_limit":["-1"],"_download_expiry":["-1"],"_stock":[null],"_stock_status":["instock"],"_wc_average_rating":["4.83"],"_wc_review_count":["87"],"_product_attributes":["a:1:{s:6:\"volume\";a:6:{s:4:\"name\";s:6:\"Volume\";s:5:\"value\";s:30:\"1 liter | 5 liters | 25 liters\";s:8:\"position\";i:1;s:10:\"is_visible\";i:0;s:12:\"is_variation\";i:1;s:11:\"is_taxonomy\";i:0;}}"],"_product_version":["10.5.2"],"_thumbnail_id":["22986"],"_product_image_gallery":["22987,22988"],"_edit_lock":["1772287778:1"],"_edit_last":["1"],"_wp_page_template":["default"],"site-sidebar-layout":["default"],"ast-site-content-layout":["default"],"site-content-style":["default"],"site-sidebar-style":["default"],"theme-transparent-header-meta":["default"],"merchant-center-availability":["yes"],"merchant-center-category":["505417"],"merchant-center-id":["B1"],"_default_attributes":["a:1:{s:6:\"volume\";s:7:\"1 liter\";}"],"_wc_rating_count":["a:3:{i:3;i:4;i:4;i:7;i:5;i:76;}"],"_upsell_ids":["a:3:{i:0;i:22962;i:1;i:22963;i:2;i:22982;}"],"_crosssell_ids":["a:3:{i:0;i:22962;i:1;i:22963;i:2;i:22982;}"],"_price":["29.90","139.90","599.90"],"astra-migrate-meta-layouts":["set"],"_uag_css_file_name":["uag-css-22958.css"],"_elementor_page_assets":["a:0:{}"],"_uag_page_assets":["a:9:{s:3:\"css\";s:7133:\".uag-blocks-common-selector{z-index:var(--z-index-desktop) !important}@media(max-width: 976px){.uag-blocks-common-selector{z-index:var(--z-index-tablet) !important}}@media(max-width: 767px){.uag-blocks-common-selector{z-index:var(--z-index-mobile) !important}}.wp-block-uagb-image{display:flex}.wp-block-uagb-image__figure{position:relative;display:flex;flex-direction:column;max-width:100%;height:auto;margin:0}.wp-block-uagb-image__figure img{height:auto;display:flex;max-width:100%;transition:box-shadow .2s ease}.wp-block-uagb-image__figure>a{display:inline-block}.wp-block-uagb-image__figure figcaption{text-align:center;margin-top:.5em;margin-bottom:1em}.wp-block-uagb-image .components-placeholder.block-editor-media-placeholder .components-placeholder__instructions{align-self:center}.wp-block-uagb-image--align-left{text-align:left}.wp-block-uagb-image--align-right{text-align:right}.wp-block-uagb-image--align-center{text-align:center}.wp-block-uagb-image--align-full .wp-block-uagb-image__figure{margin-left:calc(50% - 50vw);margin-right:calc(50% - 50vw);max-width:100vw;width:100vw;height:auto}.wp-block-uagb-image--align-full .wp-block-uagb-image__figure img{height:auto;width:100% !important}.wp-block-uagb-image--align-wide .wp-block-uagb-image__figure img{height:auto;width:100%}.wp-block-uagb-image--layout-overlay__color-wrapper{position:absolute;left:0;top:0;right:0;bottom:0;opacity:.2;background:rgba(0,0,0,.5);transition:opacity .35s ease-in-out}.wp-block-uagb-image--layout-overlay-link{position:absolute;left:0;right:0;bottom:0;top:0}.wp-block-uagb-image--layout-overlay .wp-block-uagb-image__figure:hover .wp-block-uagb-image--layout-overlay__color-wrapper{opacity:1}.wp-block-uagb-image--layout-overlay__inner{position:absolute;left:15px;right:15px;bottom:15px;top:15px;display:flex;align-items:center;justify-content:center;flex-direction:column;border-color:#fff;transition:.35s ease-in-out}.wp-block-uagb-image--layout-overlay__inner.top-left,.wp-block-uagb-image--layout-overlay__inner.top-center,.wp-block-uagb-image--layout-overlay__inner.top-right{justify-content:flex-start}.wp-block-uagb-image--layout-overlay__inner.bottom-left,.wp-block-uagb-image--layout-overlay__inner.bottom-center,.wp-block-uagb-image--layout-overlay__inner.bottom-right{justify-content:flex-end}.wp-block-uagb-image--layout-overlay__inner.top-left,.wp-block-uagb-image--layout-overlay__inner.center-left,.wp-block-uagb-image--layout-overlay__inner.bottom-left{align-items:flex-start}.wp-block-uagb-image--layout-overlay__inner.top-right,.wp-block-uagb-image--layout-overlay__inner.center-right,.wp-block-uagb-image--layout-overlay__inner.bottom-right{align-items:flex-end}.wp-block-uagb-image--layout-overlay__inner .uagb-image-heading{color:#fff;transition:transform .35s,opacity .35s ease-in-out;transform:translate3d(0, 24px, 0);margin:0;line-height:1em}.wp-block-uagb-image--layout-overlay__inner .uagb-image-separator{width:30%;border-top-width:2px;border-top-color:#fff;border-top-style:solid;margin-bottom:10px;opacity:0;transition:transform .4s,opacity .4s ease-in-out;transform:translate3d(0, 30px, 0)}.wp-block-uagb-image--layout-overlay__inner .uagb-image-caption{opacity:0;overflow:visible;color:#fff;transition:transform .45s,opacity .45s ease-in-out;transform:translate3d(0, 35px, 0)}.wp-block-uagb-image--layout-overlay__inner:hover .uagb-image-heading,.wp-block-uagb-image--layout-overlay__inner:hover .uagb-image-separator,.wp-block-uagb-image--layout-overlay__inner:hover .uagb-image-caption{opacity:1;transform:translate3d(0, 0, 0)}.wp-block-uagb-image--effect-zoomin .wp-block-uagb-image__figure img,.wp-block-uagb-image--effect-zoomin .wp-block-uagb-image__figure .wp-block-uagb-image--layout-overlay__color-wrapper{transform:scale(1);transition:transform .35s ease-in-out}.wp-block-uagb-image--effect-zoomin .wp-block-uagb-image__figure:hover img,.wp-block-uagb-image--effect-zoomin .wp-block-uagb-image__figure:hover .wp-block-uagb-image--layout-overlay__color-wrapper{transform:scale(1.05)}.wp-block-uagb-image--effect-slide .wp-block-uagb-image__figure img,.wp-block-uagb-image--effect-slide .wp-block-uagb-image__figure .wp-block-uagb-image--layout-overlay__color-wrapper{width:calc(100% + 40px) !important;max-width:none !important;transform:translate3d(-40px, 0, 0);transition:transform .35s ease-in-out}.wp-block-uagb-image--effect-slide .wp-block-uagb-image__figure:hover img,.wp-block-uagb-image--effect-slide .wp-block-uagb-image__figure:hover .wp-block-uagb-image--layout-overlay__color-wrapper{transform:translate3d(0, 0, 0)}.wp-block-uagb-image--effect-grayscale img{filter:grayscale(0%);transition:.35s ease-in-out}.wp-block-uagb-image--effect-grayscale:hover img{filter:grayscale(100%)}.wp-block-uagb-image--effect-blur img{filter:blur(0);transition:.35s ease-in-out}.wp-block-uagb-image--effect-blur:hover img{filter:blur(3px)}.uagb-block-e6f939b3.wp-block-uagb-image--layout-default figure img{box-shadow: 0px 0px 0 #00000070;}.uagb-block-e6f939b3.wp-block-uagb-image .wp-block-uagb-image__figure figcaption{font-style: normal;align-self: center;}.uagb-block-e6f939b3.wp-block-uagb-image--layout-overlay figure img{box-shadow: 0px 0px 0 #00000070;}.uagb-block-e6f939b3.wp-block-uagb-image--layout-overlay .wp-block-uagb-image--layout-overlay__color-wrapper{opacity: 0.2;}.uagb-block-e6f939b3.wp-block-uagb-image--layout-overlay .wp-block-uagb-image--layout-overlay__inner{left: 15px;right: 15px;top: 15px;bottom: 15px;}.uagb-block-e6f939b3.wp-block-uagb-image--layout-overlay .wp-block-uagb-image--layout-overlay__inner .uagb-image-heading{font-style: normal;color: #fff;opacity: 1;}.uagb-block-e6f939b3.wp-block-uagb-image--layout-overlay .wp-block-uagb-image--layout-overlay__inner .uagb-image-heading a{color: #fff;}.uagb-block-e6f939b3.wp-block-uagb-image--layout-overlay .wp-block-uagb-image--layout-overlay__inner .uagb-image-caption{opacity: 0;}.uagb-block-e6f939b3.wp-block-uagb-image--layout-overlay .wp-block-uagb-image__figure:hover .wp-block-uagb-image--layout-overlay__color-wrapper{opacity: 1;}.uagb-block-e6f939b3.wp-block-uagb-image .wp-block-uagb-image--layout-overlay__inner .uagb-image-separator{width: 30%;border-top-width: 2px;border-top-color: #fff;opacity: 0;}.uagb-block-e6f939b3.wp-block-uagb-image .wp-block-uagb-image__figure img{width: px;height: auto;}.uagb-block-e6f939b3.wp-block-uagb-image .wp-block-uagb-image__figure:hover .wp-block-uagb-image--layout-overlay__inner .uagb-image-caption{opacity: 1;}.uagb-block-e6f939b3.wp-block-uagb-image .wp-block-uagb-image__figure:hover .wp-block-uagb-image--layout-overlay__inner .uagb-image-separator{opacity: 1;}.uagb-block-e6f939b3.wp-block-uagb-image--layout-default figure:hover img{box-shadow: 0px 0px 0 #00000070;}.uagb-block-e6f939b3.wp-block-uagb-image--layout-overlay figure:hover img{box-shadow: 0px 0px 0 #00000070;}@media only screen and (max-width: 976px) {.uagb-block-e6f939b3.wp-block-uagb-image .wp-block-uagb-image__figure img{width: px;height: auto;}}@media only screen and (max-width: 767px) {.uagb-block-e6f939b3.wp-block-uagb-image .wp-block-uagb-image__figure img{width: px;height: auto;}}\";s:2:\"js\";s:0:\"\";s:18:\"current_block_list\";a:13:{i:0;s:11:\"core\/search\";i:1;s:10:\"core\/group\";i:2;s:12:\"core\/heading\";i:3;s:17:\"core\/latest-posts\";i:4;s:20:\"core\/latest-comments\";i:5;s:13:\"core\/archives\";i:6;s:15:\"core\/categories\";i:7;s:14:\"core\/paragraph\";i:8;s:10:\"uagb\/image\";i:9;s:11:\"core\/spacer\";i:10;s:30:\"woocommerce\/product-categories\";i:11;s:10:\"core\/image\";i:12;s:14:\"core\/shortcode\";}s:8:\"uag_flag\";b:1;s:11:\"uag_version\";s:10:\"1777060372\";s:6:\"gfonts\";a:0:{}s:10:\"gfonts_url\";s:0:\"\";s:12:\"gfonts_files\";a:0:{}s:14:\"uag_faq_layout\";b:0;}"]},"uagb_featured_image_src":{"full":["https:\/\/www.cortenplus.com\/wp-content\/uploads\/2025\/06\/Antiquing1L.jpg",2560,2560,false],"thumbnail":["https:\/\/www.cortenplus.com\/wp-content\/uploads\/2025\/06\/Antiquing1L-150x150.jpg",150,150,true],"medium":["https:\/\/www.cortenplus.com\/wp-content\/uploads\/2025\/06\/Antiquing1L-300x300.jpg",300,300,true],"medium_large":["https:\/\/www.cortenplus.com\/wp-content\/uploads\/2025\/06\/Antiquing1L-768x768.jpg",768,768,true],"large":["https:\/\/www.cortenplus.com\/wp-content\/uploads\/2025\/06\/Antiquing1L-1024x1024.jpg",1024,1024,true],"1536x1536":["https:\/\/www.cortenplus.com\/wp-content\/uploads\/2025\/06\/Antiquing1L-1536x1536.jpg",1536,1536,true],"2048x2048":["https:\/\/www.cortenplus.com\/wp-content\/uploads\/2025\/06\/Antiquing1L-2048x2048.jpg",2048,2048,true],"trp-custom-language-flag":["https:\/\/www.cortenplus.com\/wp-content\/uploads\/2025\/06\/Antiquing1L-12x12.jpg",12,12,true],"woocommerce_thumbnail":["https:\/\/www.cortenplus.com\/wp-content\/uploads\/2025\/06\/Antiquing1L-300x300.jpg",300,300,true],"woocommerce_single":["https:\/\/www.cortenplus.com\/wp-content\/uploads\/2025\/06\/Antiquing1L-600x600.jpg",600,600,true],"woocommerce_gallery_thumbnail":["https:\/\/www.cortenplus.com\/wp-content\/uploads\/2025\/06\/Antiquing1L-100x100.jpg",100,100,true]},"uagb_author_info":{"display_name":"admin","author_link":"https:\/\/www.cortenplus.com\/lv\/author\/"},"uagb_comment_info":87,"uagb_excerpt":"Creates an authentic darkened metal finish with professional precision. Our antiquing fluid is specially formulated to brown and blacken metal surfaces, producing a deep, rich patina that enhances character and visual depth. It reacts directly with the metal to create a natural-looking aged effect that cannot be replicated with paint or superficial coatings. The most&hellip;","_links":{"self":[{"href":"https:\/\/www.cortenplus.com\/lv\/wp-json\/wp\/v2\/product\/22958","targetHints":{"allow":["GET"]}}],"collection":[{"href":"https:\/\/www.cortenplus.com\/lv\/wp-json\/wp\/v2\/product"}],"about":[{"href":"https:\/\/www.cortenplus.com\/lv\/wp-json\/wp\/v2\/types\/product"}],"replies":[{"embeddable":true,"href":"https:\/\/www.cortenplus.com\/lv\/wp-json\/wp\/v2\/comments?post=22958"}],"version-history":[{"count":3,"href":"https:\/\/www.cortenplus.com\/lv\/wp-json\/wp\/v2\/product\/22958\/revisions"}],"predecessor-version":[{"id":26210,"href":"https:\/\/www.cortenplus.com\/lv\/wp-json\/wp\/v2\/product\/22958\/revisions\/26210"}],"wp:featuredmedia":[{"embeddable":true,"href":"https:\/\/www.cortenplus.com\/lv\/wp-json\/wp\/v2\/media\/22986"}],"wp:attachment":[{"href":"https:\/\/www.cortenplus.com\/lv\/wp-json\/wp\/v2\/media?parent=22958"}],"wp:term":[{"taxonomy":"product_brand","embeddable":true,"href":"https:\/\/www.cortenplus.com\/lv\/wp-json\/wp\/v2\/product_brand?post=22958"},{"taxonomy":"product_cat","embeddable":true,"href":"https:\/\/www.cortenplus.com\/lv\/wp-json\/wp\/v2\/product_cat?post=22958"},{"taxonomy":"product_tag","embeddable":true,"href":"https:\/\/www.cortenplus.com\/lv\/wp-json\/wp\/v2\/product_tag?post=22958"}],"curies":[{"name":"wp","href":"https:\/\/api.w.org\/{rel}","templated":true}]}}