{"id":22992,"date":"2025-06-02T08:37:15","date_gmt":"2025-06-02T06:37:15","guid":{"rendered":"https:\/\/www.cortenplus.com\/about-us\/"},"modified":"2025-06-02T08:37:15","modified_gmt":"2025-06-02T06:37:15","slug":"about-us","status":"publish","type":"page","link":"https:\/\/www.cortenplus.com\/lv\/about-us\/","title":{"rendered":"Par mums"},"content":{"rendered":"<section><img decoding=\"async\" src=\"\/\/cdn.shopify.com\/s\/files\/1\/0030\/4201\/7353\/files\/Capture_d_ecran_2018-10-25_a_3.39.24_PM_1024x1024.png?v=1540474814\" alt=\"\"><\/section>\n<section><strong><\/strong><\/section>\n<section><strong><\/strong><\/section>\n<section><strong><\/strong><\/section>\n<section><strong><\/strong><\/section>\n<section><strong><\/strong><\/section>\n<section><strong>KAS IR CORTEN+ ?<\/strong><\/section>\n<section>Corten+ ir r\u016bsas pa\u0101trin\u0101t\u0101js visu veidu oksid\u0113jo\u0161iem met\u0101liem (t\u0113raudam, Corten t\u0113raudam, dzelzij...). Sp\u0113j sar\u016bs\u0113t jebkuru deta\u013cu vienas stundas laik\u0101 ar nemain\u012bgi augstas kvalit\u0101tes rezult\u0101tiem. Corten+ ir vien\u012bgais r\u016bsas pa\u0101trin\u0101t\u0101js bez sk\u0101bes, kas noz\u012bm\u0113, ka tas ir dro\u0161s lietot\u0101jam. Oksid\u0101cijas procesa aptur\u0113\u0161anai nav nepiecie\u0161ams cits produkts. Ta\u010du m\u016bsu lakas uzkl\u0101\u0161ana \u013caus met\u0101lam saglab\u0101t savu izskatu laika gait\u0101.<\/section>\n<section><\/section>\n<section><\/section>\n<section><strong>BEZ KALCIDIEM<\/strong><\/section>\n<section>Sk\u0101be ir liel\u0101k\u0101 da\u013ca tirg\u016b pieejamo r\u016bsas pa\u0101trin\u0101t\u0101ju galven\u0101 sast\u0101vda\u013ca. Tom\u0113r sk\u0101bes toksisko tvaiku ieelpo\u0161ana ir \u013coti b\u012bstama, t\u0101p\u0113c m\u0113s esam izv\u0113l\u0113ju\u0161ies piem\u0113rot\u0101ku risin\u0101jumu. Corten+ ir uz\u0146\u0113mies saist\u012bbas attiec\u012bb\u0101 uz n\u0101kotni, izmantojot bezsk\u0101bes apstr\u0101di. Nedr\u012bkst apdraud\u0113t m\u016bsu lietot\u0101ju vesel\u012bbu, t\u0101p\u0113c dro\u0161\u012bbas apsv\u0113rumu d\u0113\u013c esam n\u0101ku\u0161i klaj\u0101 ar \u0161o risin\u0101jumu.<\/p>\n<p>Galvenais sk\u0101bes tr\u016bkums ir tas, ka, lai aptur\u0113tu oksid\u0113\u0161an\u0101s procesu, ir nepiecie\u0161ams v\u0113l viens produkts, ko sauc par \"stabilizatoru\". \u0160is produkts ne tikai lieki t\u0113r\u0113 laiku, bet ar\u012b v\u0101jina r\u016bsu un izraisa t\u0101s lob\u012b\u0161anos. Corten+ nav nepiecie\u0161ams stabilizators, lai aptur\u0113tu oksid\u0113\u0161anos, jo produkts neiek\u013c\u016bst dzi\u013ci met\u0101l\u0101, bet oksid\u0113 tikai virsmu.<\/section>\n<section><\/section>\n<section><\/section>\n<section><strong>AUGSTAS KVALIT\u0100TES VIENDAB\u012aGA R\u016aSA<\/strong><\/section>\n<section>Corten+ apstr\u0101des l\u012bdzek\u013ci veido r\u016bsu vienas stundas laik\u0101, pateicoties tauku no\u0146\u0113m\u0113jam, kas atst\u0101j sausu un no taukiem br\u012bvu virsmu, un pateicoties r\u016bsas pa\u0101trin\u0101t\u0101jam, kas oksid\u0113 met\u0101la virsmu piln\u012bgi vienm\u0113r\u012bgi. <br \/>Corten+ apstr\u0101de \u013cauj met\u0101lam ieg\u016bt r\u016bsu, kas laika gait\u0101 var saglab\u0101ties neskarta, kad t\u0101 oksid\u0113\u0161an\u0101s ir beigusies.<\/section>\n<section><\/section>\n<section><\/section>\n<section><strong>EKSPRESS PIEG\u0100DE<\/strong><\/section>\n<section>\n<div style=\"text-align: left;\"><img decoding=\"async\" src=\"https:\/\/cdn.shopify.com\/s\/files\/1\/0030\/4201\/7353\/files\/Transporteurs3_2048x2048.jpg?v=1641223814\" alt=\"\" style=\"float: none;\"><\/div>\n<p><span>\u00a0<\/span><\/section>","protected":false},"excerpt":{"rendered":"<p>WHAT IS CORTEN+\u00a0? Corten+ is a rust accelerator for all types of oxidizing metals (steel, Corten steel, iron&#8230;). Capable of rusting any component in one hour with consistent results of high quality. Corten+ is the only acid-free rust accelerator, which means it is safe for the user. No other product is needed to stop the [&hellip;]<\/p>\n","protected":false},"author":1,"featured_media":0,"parent":0,"menu_order":0,"comment_status":"closed","ping_status":"closed","template":"","meta":{"_uag_custom_page_level_css":"","site-sidebar-layout":"default","site-content-layout":"","ast-site-content-layout":"default","site-content-style":"default","site-sidebar-style":"default","ast-global-header-display":"","ast-banner-title-visibility":"","ast-main-header-display":"","ast-hfb-above-header-display":"","ast-hfb-below-header-display":"","ast-hfb-mobile-header-display":"","site-post-title":"","ast-breadcrumbs-content":"","ast-featured-img":"","footer-sml-layout":"","ast-disable-related-posts":"","theme-transparent-header-meta":"","adv-header-id-meta":"","stick-header-meta":"","header-above-stick-meta":"","header-main-stick-meta":"","header-below-stick-meta":"","astra-migrate-meta-layouts":"default","ast-page-background-enabled":"default","ast-page-background-meta":{"desktop":{"background-color":"var(--ast-global-color-4)","background-image":"","background-repeat":"repeat","background-position":"center center","background-size":"auto","background-attachment":"scroll","background-type":"","background-media":"","overlay-type":"","overlay-color":"","overlay-opacity":"","overlay-gradient":""},"tablet":{"background-color":"","background-image":"","background-repeat":"repeat","background-position":"center center","background-size":"auto","background-attachment":"scroll","background-type":"","background-media":"","overlay-type":"","overlay-color":"","overlay-opacity":"","overlay-gradient":""},"mobile":{"background-color":"","background-image":"","background-repeat":"repeat","background-position":"center center","background-size":"auto","background-attachment":"scroll","background-type":"","background-media":"","overlay-type":"","overlay-color":"","overlay-opacity":"","overlay-gradient":""}},"ast-content-background-meta":{"desktop":{"background-color":"var(--ast-global-color-5)","background-image":"","background-repeat":"repeat","background-position":"center center","background-size":"auto","background-attachment":"scroll","background-type":"","background-media":"","overlay-type":"","overlay-color":"","overlay-opacity":"","overlay-gradient":""},"tablet":{"background-color":"var(--ast-global-color-5)","background-image":"","background-repeat":"repeat","background-position":"center center","background-size":"auto","background-attachment":"scroll","background-type":"","background-media":"","overlay-type":"","overlay-color":"","overlay-opacity":"","overlay-gradient":""},"mobile":{"background-color":"var(--ast-global-color-5)","background-image":"","background-repeat":"repeat","background-position":"center center","background-size":"auto","background-attachment":"scroll","background-type":"","background-media":"","overlay-type":"","overlay-color":"","overlay-opacity":"","overlay-gradient":""}},"footnotes":""},"class_list":["post-22992","page","type-page","status-publish","hentry"],"spectra_custom_meta":{"_s2w_shopify_page_id":["19859505225"],"_s2w_shopify_domain":["cortenplus.myshopify.com"],"_uag_css_file_name":["uag-css-22992.css"],"_uag_page_assets":["a:9:{s:3:\"css\";s:7133:\".uag-blocks-common-selector{z-index:var(--z-index-desktop) !important}@media(max-width: 976px){.uag-blocks-common-selector{z-index:var(--z-index-tablet) !important}}@media(max-width: 767px){.uag-blocks-common-selector{z-index:var(--z-index-mobile) !important}}.wp-block-uagb-image{display:flex}.wp-block-uagb-image__figure{position:relative;display:flex;flex-direction:column;max-width:100%;height:auto;margin:0}.wp-block-uagb-image__figure img{height:auto;display:flex;max-width:100%;transition:box-shadow .2s ease}.wp-block-uagb-image__figure>a{display:inline-block}.wp-block-uagb-image__figure figcaption{text-align:center;margin-top:.5em;margin-bottom:1em}.wp-block-uagb-image .components-placeholder.block-editor-media-placeholder .components-placeholder__instructions{align-self:center}.wp-block-uagb-image--align-left{text-align:left}.wp-block-uagb-image--align-right{text-align:right}.wp-block-uagb-image--align-center{text-align:center}.wp-block-uagb-image--align-full .wp-block-uagb-image__figure{margin-left:calc(50% - 50vw);margin-right:calc(50% - 50vw);max-width:100vw;width:100vw;height:auto}.wp-block-uagb-image--align-full .wp-block-uagb-image__figure img{height:auto;width:100% !important}.wp-block-uagb-image--align-wide .wp-block-uagb-image__figure img{height:auto;width:100%}.wp-block-uagb-image--layout-overlay__color-wrapper{position:absolute;left:0;top:0;right:0;bottom:0;opacity:.2;background:rgba(0,0,0,.5);transition:opacity .35s ease-in-out}.wp-block-uagb-image--layout-overlay-link{position:absolute;left:0;right:0;bottom:0;top:0}.wp-block-uagb-image--layout-overlay .wp-block-uagb-image__figure:hover .wp-block-uagb-image--layout-overlay__color-wrapper{opacity:1}.wp-block-uagb-image--layout-overlay__inner{position:absolute;left:15px;right:15px;bottom:15px;top:15px;display:flex;align-items:center;justify-content:center;flex-direction:column;border-color:#fff;transition:.35s ease-in-out}.wp-block-uagb-image--layout-overlay__inner.top-left,.wp-block-uagb-image--layout-overlay__inner.top-center,.wp-block-uagb-image--layout-overlay__inner.top-right{justify-content:flex-start}.wp-block-uagb-image--layout-overlay__inner.bottom-left,.wp-block-uagb-image--layout-overlay__inner.bottom-center,.wp-block-uagb-image--layout-overlay__inner.bottom-right{justify-content:flex-end}.wp-block-uagb-image--layout-overlay__inner.top-left,.wp-block-uagb-image--layout-overlay__inner.center-left,.wp-block-uagb-image--layout-overlay__inner.bottom-left{align-items:flex-start}.wp-block-uagb-image--layout-overlay__inner.top-right,.wp-block-uagb-image--layout-overlay__inner.center-right,.wp-block-uagb-image--layout-overlay__inner.bottom-right{align-items:flex-end}.wp-block-uagb-image--layout-overlay__inner .uagb-image-heading{color:#fff;transition:transform .35s,opacity .35s ease-in-out;transform:translate3d(0, 24px, 0);margin:0;line-height:1em}.wp-block-uagb-image--layout-overlay__inner .uagb-image-separator{width:30%;border-top-width:2px;border-top-color:#fff;border-top-style:solid;margin-bottom:10px;opacity:0;transition:transform .4s,opacity .4s ease-in-out;transform:translate3d(0, 30px, 0)}.wp-block-uagb-image--layout-overlay__inner .uagb-image-caption{opacity:0;overflow:visible;color:#fff;transition:transform .45s,opacity .45s ease-in-out;transform:translate3d(0, 35px, 0)}.wp-block-uagb-image--layout-overlay__inner:hover .uagb-image-heading,.wp-block-uagb-image--layout-overlay__inner:hover .uagb-image-separator,.wp-block-uagb-image--layout-overlay__inner:hover .uagb-image-caption{opacity:1;transform:translate3d(0, 0, 0)}.wp-block-uagb-image--effect-zoomin .wp-block-uagb-image__figure img,.wp-block-uagb-image--effect-zoomin .wp-block-uagb-image__figure .wp-block-uagb-image--layout-overlay__color-wrapper{transform:scale(1);transition:transform .35s ease-in-out}.wp-block-uagb-image--effect-zoomin .wp-block-uagb-image__figure:hover img,.wp-block-uagb-image--effect-zoomin .wp-block-uagb-image__figure:hover .wp-block-uagb-image--layout-overlay__color-wrapper{transform:scale(1.05)}.wp-block-uagb-image--effect-slide .wp-block-uagb-image__figure img,.wp-block-uagb-image--effect-slide .wp-block-uagb-image__figure .wp-block-uagb-image--layout-overlay__color-wrapper{width:calc(100% + 40px) !important;max-width:none !important;transform:translate3d(-40px, 0, 0);transition:transform .35s ease-in-out}.wp-block-uagb-image--effect-slide .wp-block-uagb-image__figure:hover img,.wp-block-uagb-image--effect-slide .wp-block-uagb-image__figure:hover .wp-block-uagb-image--layout-overlay__color-wrapper{transform:translate3d(0, 0, 0)}.wp-block-uagb-image--effect-grayscale img{filter:grayscale(0%);transition:.35s ease-in-out}.wp-block-uagb-image--effect-grayscale:hover img{filter:grayscale(100%)}.wp-block-uagb-image--effect-blur img{filter:blur(0);transition:.35s ease-in-out}.wp-block-uagb-image--effect-blur:hover img{filter:blur(3px)}.uagb-block-e6f939b3.wp-block-uagb-image--layout-default figure img{box-shadow: 0px 0px 0 #00000070;}.uagb-block-e6f939b3.wp-block-uagb-image .wp-block-uagb-image__figure figcaption{font-style: normal;align-self: center;}.uagb-block-e6f939b3.wp-block-uagb-image--layout-overlay figure img{box-shadow: 0px 0px 0 #00000070;}.uagb-block-e6f939b3.wp-block-uagb-image--layout-overlay .wp-block-uagb-image--layout-overlay__color-wrapper{opacity: 0.2;}.uagb-block-e6f939b3.wp-block-uagb-image--layout-overlay .wp-block-uagb-image--layout-overlay__inner{left: 15px;right: 15px;top: 15px;bottom: 15px;}.uagb-block-e6f939b3.wp-block-uagb-image--layout-overlay .wp-block-uagb-image--layout-overlay__inner .uagb-image-heading{font-style: normal;color: #fff;opacity: 1;}.uagb-block-e6f939b3.wp-block-uagb-image--layout-overlay .wp-block-uagb-image--layout-overlay__inner .uagb-image-heading a{color: #fff;}.uagb-block-e6f939b3.wp-block-uagb-image--layout-overlay .wp-block-uagb-image--layout-overlay__inner .uagb-image-caption{opacity: 0;}.uagb-block-e6f939b3.wp-block-uagb-image--layout-overlay .wp-block-uagb-image__figure:hover .wp-block-uagb-image--layout-overlay__color-wrapper{opacity: 1;}.uagb-block-e6f939b3.wp-block-uagb-image .wp-block-uagb-image--layout-overlay__inner .uagb-image-separator{width: 30%;border-top-width: 2px;border-top-color: #fff;opacity: 0;}.uagb-block-e6f939b3.wp-block-uagb-image .wp-block-uagb-image__figure img{width: px;height: auto;}.uagb-block-e6f939b3.wp-block-uagb-image .wp-block-uagb-image__figure:hover .wp-block-uagb-image--layout-overlay__inner .uagb-image-caption{opacity: 1;}.uagb-block-e6f939b3.wp-block-uagb-image .wp-block-uagb-image__figure:hover .wp-block-uagb-image--layout-overlay__inner .uagb-image-separator{opacity: 1;}.uagb-block-e6f939b3.wp-block-uagb-image--layout-default figure:hover img{box-shadow: 0px 0px 0 #00000070;}.uagb-block-e6f939b3.wp-block-uagb-image--layout-overlay figure:hover img{box-shadow: 0px 0px 0 #00000070;}@media only screen and (max-width: 976px) {.uagb-block-e6f939b3.wp-block-uagb-image .wp-block-uagb-image__figure img{width: px;height: auto;}}@media only screen and (max-width: 767px) {.uagb-block-e6f939b3.wp-block-uagb-image .wp-block-uagb-image__figure img{width: px;height: auto;}}\";s:2:\"js\";s:0:\"\";s:18:\"current_block_list\";a:13:{i:0;s:11:\"core\/search\";i:1;s:10:\"core\/group\";i:2;s:12:\"core\/heading\";i:3;s:17:\"core\/latest-posts\";i:4;s:20:\"core\/latest-comments\";i:5;s:13:\"core\/archives\";i:6;s:15:\"core\/categories\";i:7;s:14:\"core\/paragraph\";i:8;s:10:\"uagb\/image\";i:9;s:11:\"core\/spacer\";i:10;s:30:\"woocommerce\/product-categories\";i:11;s:10:\"core\/image\";i:12;s:14:\"core\/shortcode\";}s:8:\"uag_flag\";b:1;s:11:\"uag_version\";s:10:\"1777526792\";s:6:\"gfonts\";a:0:{}s:10:\"gfonts_url\";s:0:\"\";s:12:\"gfonts_files\";a:0:{}s:14:\"uag_faq_layout\";b:0;}"]},"uagb_featured_image_src":{"full":false,"thumbnail":false,"medium":false,"medium_large":false,"large":false,"1536x1536":false,"2048x2048":false,"trp-custom-language-flag":false,"woocommerce_thumbnail":false,"woocommerce_single":false,"woocommerce_gallery_thumbnail":false},"uagb_author_info":{"display_name":"admin","author_link":"https:\/\/www.cortenplus.com\/lv\/author\/admin2721\/"},"uagb_comment_info":0,"uagb_excerpt":"WHAT IS CORTEN+\u00a0? Corten+ is a rust accelerator for all types of oxidizing metals (steel, Corten steel, iron&#8230;). Capable of rusting any component in one hour with consistent results of high quality. Corten+ is the only acid-free rust accelerator, which means it is safe for the user. No other product is needed to stop the&hellip;","_links":{"self":[{"href":"https:\/\/www.cortenplus.com\/lv\/wp-json\/wp\/v2\/pages\/22992","targetHints":{"allow":["GET"]}}],"collection":[{"href":"https:\/\/www.cortenplus.com\/lv\/wp-json\/wp\/v2\/pages"}],"about":[{"href":"https:\/\/www.cortenplus.com\/lv\/wp-json\/wp\/v2\/types\/page"}],"author":[{"embeddable":true,"href":"https:\/\/www.cortenplus.com\/lv\/wp-json\/wp\/v2\/users\/1"}],"replies":[{"embeddable":true,"href":"https:\/\/www.cortenplus.com\/lv\/wp-json\/wp\/v2\/comments?post=22992"}],"version-history":[{"count":0,"href":"https:\/\/www.cortenplus.com\/lv\/wp-json\/wp\/v2\/pages\/22992\/revisions"}],"wp:attachment":[{"href":"https:\/\/www.cortenplus.com\/lv\/wp-json\/wp\/v2\/media?parent=22992"}],"curies":[{"name":"wp","href":"https:\/\/api.w.org\/{rel}","templated":true}]}}