{"id":22963,"date":"2025-06-02T08:36:26","date_gmt":"2025-06-02T06:36:26","guid":{"rendered":"https:\/\/www.cortenplus.com\/products\/degreaser\/"},"modified":"2026-02-28T15:04:24","modified_gmt":"2026-02-28T14:04:24","slug":"degreaser","status":"publish","type":"product","link":"https:\/\/www.cortenplus.com\/it\/products\/degreaser\/","title":{"rendered":"Sgrassatore"},"content":{"rendered":"<p><strong><img decoding=\"async\" style=\"margin-right: 12px;\" src=\"https:\/\/www.cortenplus.com\/wp-content\/uploads\/2026\/02\/Check.svg\" alt=\"\" width=\"18\" height=\"15\" \/>Prepara perfettamente l'acciaio corten prima di applicare un acceleratore di ruggine.<\/strong> Il nostro sgrassatore per acciaio corten \u00e8 specificamente formulato per pulire e preparare le superfici metalliche prima dell'applicazione di un acceleratore di ruggine. Rimuove oli, grassi, residui di lavorazione e contaminanti di manipolazione che possono impedire un'ossidazione uniforme, assicurando che il processo di arrugginimento si sviluppi in modo uniforme ed efficace su tutta la superficie.<\/p>\n<p><strong><img decoding=\"async\" style=\"margin-right: 12px;\" src=\"https:\/\/www.cortenplus.com\/wp-content\/uploads\/2026\/02\/Check.svg\" alt=\"\" width=\"18\" height=\"15\" \/>La soluzione di sgrassaggio pi\u00f9 efficace per un'attivazione ottimale della ruggine.<\/strong> \u00c8 lo sgrassatore pi\u00f9 efficace per la preparazione dell'acciaio corten, poich\u00e9 penetra in profondit\u00e0 nei contaminanti superficiali e rimuove i residui ostinati che i comuni detergenti lasciano dietro di s\u00e9. Pulendo a fondo il metallo, garantisce la massima reattivit\u00e0 quando viene applicato l'acceleratore di ruggine, con conseguente formazione di una patina pi\u00f9 rapida e omogenea.<\/p>\n<p><strong><img decoding=\"async\" style=\"margin-right: 12px;\" src=\"https:\/\/www.cortenplus.com\/wp-content\/uploads\/2026\/02\/Check.svg\" alt=\"\" width=\"18\" height=\"15\" \/>La soluzione di livello professionale pi\u00f9 economica sul mercato.<\/strong> Offriamo questo sgrassatore per acciaio corten ad alte prestazioni al prezzo pi\u00f9 competitivo disponibile. Offre risultati di livello professionale pur rimanendo l'opzione pi\u00f9 economica della sua categoria, consentendo ad appaltatori, costruttori e utenti fai-da-te di ottenere una preparazione eccellente senza gonfiare i costi del progetto.<\/p>\n<p><strong><img decoding=\"async\" style=\"margin-right: 12px;\" src=\"https:\/\/www.cortenplus.com\/wp-content\/uploads\/2026\/02\/Check.svg\" alt=\"\" width=\"18\" height=\"15\" \/>Consegna in 24 ore per rispettare i tempi di realizzazione del progetto.<\/strong> Il tempo \u00e8 fondamentale nei progetti di trattamento dei metalli, ecco perch\u00e9 garantiamo la consegna in 24 ore. Riceverete rapidamente il vostro sgrassatore, consentendovi di procedere immediatamente alla preparazione della superficie e all'eliminazione della ruggine senza inutili tempi morti.<\/p>\n<p><strong><img decoding=\"async\" style=\"margin-right: 12px;\" src=\"https:\/\/www.cortenplus.com\/wp-content\/uploads\/2026\/02\/Check.svg\" alt=\"\" width=\"18\" height=\"15\" \/>Garanzia di rimborso per una fiducia totale.<\/strong> Sosteniamo pienamente la qualit\u00e0 e l'efficienza del nostro sgrassatore per acciaio corten. Se non siete soddisfatti delle sue prestazioni, vi offriamo una garanzia di rimborso. Basta contattarci e vi rimborseremo l'acquisto, assicurandovi un investimento completamente privo di rischi.<\/p>\n<p><strong><img decoding=\"async\" style=\"margin-right: 12px;\" src=\"https:\/\/www.cortenplus.com\/wp-content\/uploads\/2026\/02\/Check.svg\" alt=\"\" width=\"18\" height=\"15\" \/>Alto tasso di copertura per un uso economico.<\/strong> Il nostro sgrassatore offre una copertura eccellente, fino a 15 m\u00b2 per litro, a seconda delle condizioni della superficie e del livello di contaminazione. Questa copertura generosa garantisce una preparazione economica di grandi pannelli metallici, strutture, sculture ed elementi architettonici.<\/p>\n<p><strong><img decoding=\"async\" style=\"margin-right: 12px;\" src=\"https:\/\/www.cortenplus.com\/wp-content\/uploads\/2026\/02\/Check.svg\" alt=\"\" width=\"18\" height=\"15\" \/>Assicura uno sviluppo uniforme e controllato della ruggine.<\/strong> Eventuali residui di olio o grasso possono causare un'ossidazione irregolare o a chiazze. Sgrassando a fondo la superficie, questo prodotto favorisce un contatto costante tra l'acciaio e l'acceleratore di ruggine, ottenendo una patina corten equilibrata ed esteticamente gradevole.<\/p>\n<p><strong><img decoding=\"async\" style=\"margin-right: 12px;\" src=\"https:\/\/www.cortenplus.com\/wp-content\/uploads\/2026\/02\/Check.svg\" alt=\"\" width=\"18\" height=\"15\" \/>Formula ad azione rapida per un flusso di lavoro efficiente.<\/strong> Lo sgrassatore agisce rapidamente per sciogliere e rimuovere i contaminanti, riducendo i tempi di preparazione. Evapora in modo pulito senza lasciare residui che potrebbero interferire con i trattamenti successivi.<\/p>\n<p><strong><img decoding=\"async\" style=\"margin-right: 12px;\" src=\"https:\/\/www.cortenplus.com\/wp-content\/uploads\/2026\/02\/Check.svg\" alt=\"\" width=\"18\" height=\"15\" \/>Adatto per acciaio nuovo e gi\u00e0 trattato.<\/strong> Che l'acciaio corten sia appena prodotto, trasportato, immagazzinato o maneggiato in loco, questo sgrassatore rimuove efficacemente impronte digitali, oli di lavorazione, pellicole protettive e sporco ambientale.<\/p>\n<p><strong><img decoding=\"async\" style=\"margin-right: 12px;\" src=\"https:\/\/www.cortenplus.com\/wp-content\/uploads\/2026\/02\/Check.svg\" alt=\"\" width=\"18\" height=\"15\" \/>Migliora l'adesione dei trattamenti successivi.<\/strong> Oltre all'accelerazione della ruggine, un acciaio correttamente sgrassato migliora le prestazioni e l'adesione di sigillanti, vernici e rivestimenti protettivi applicati dopo la formazione della patina, contribuendo a una finitura pi\u00f9 duratura.<\/p>\n<h2><strong>Istruzioni<\/strong><\/h2>\n<ul>\n<li>Prima dell'applicazione, assicurarsi che la superficie dell'acciaio corten sia asciutta e priva di detriti sciolti.<\/li>\n<li>Agitare bene il contenitore prima dell'uso.<\/li>\n<li>Applicare lo sgrassatore con un panno pulito, una spugna, un pennello o uno spruzzatore a bassa pressione.<\/li>\n<li>Distribuire uniformemente su tutta la superficie da trattare, assicurando una copertura completa. Il dosaggio consigliato \u00e8 di circa 65-70 ml per metro quadro, a seconda del livello di contaminazione.<\/li>\n<li>La copertura \u00e8 fino a 15 m\u00b2 per litro in condizioni normali.<\/li>\n<li>Lasciare agire il prodotto per 5-10 minuti per sciogliere oli e residui.<\/li>\n<li>Pulire accuratamente la superficie con un panno pulito e privo di pelucchi per rimuovere i contaminanti disciolti.<\/li>\n<li>Se necessario, ripetere l'applicazione su aree fortemente contaminate.<\/li>\n<li>Lasciare asciugare completamente l'acciaio prima di applicare l'acceleratore di ruggine. La superficie deve essere completamente asciutta e priva di residui.<\/li>\n<li>Procedere all'applicazione dell'acceleratore di ruggine non appena la superficie \u00e8 stata preparata per evitare la ricontaminazione.<\/li>\n<\/ul>","protected":false},"excerpt":{"rendered":"<p>Prepares corten steel perfectly before applying a rust accelerator. Our corten steel degreaser is specifically formulated to clean and prepare metal surfaces prior to the application of a rust accelerator. It removes oils, grease, manufacturing residues, and handling contaminants that can prevent uniform oxidation, ensuring the rusting process develops evenly and effectively across the entire [&hellip;]<\/p>\n","protected":false},"featured_media":23006,"comment_status":"open","ping_status":"closed","template":"","meta":{"_uag_custom_page_level_css":"","site-sidebar-layout":"default","site-content-layout":"","ast-site-content-layout":"default","site-content-style":"default","site-sidebar-style":"default","ast-global-header-display":"","ast-banner-title-visibility":"","ast-main-header-display":"","ast-hfb-above-header-display":"","ast-hfb-below-header-display":"","ast-hfb-mobile-header-display":"","site-post-title":"","ast-breadcrumbs-content":"","ast-featured-img":"","footer-sml-layout":"","ast-disable-related-posts":"","theme-transparent-header-meta":"default","adv-header-id-meta":"","stick-header-meta":"","header-above-stick-meta":"","header-main-stick-meta":"","header-below-stick-meta":"","astra-migrate-meta-layouts":"set","ast-page-background-enabled":"default","ast-page-background-meta":{"desktop":{"background-color":"var(--ast-global-color-4)","background-image":"","background-repeat":"repeat","background-position":"center center","background-size":"auto","background-attachment":"scroll","background-type":"","background-media":"","overlay-type":"","overlay-color":"","overlay-opacity":"","overlay-gradient":""},"tablet":{"background-color":"","background-image":"","background-repeat":"repeat","background-position":"center center","background-size":"auto","background-attachment":"scroll","background-type":"","background-media":"","overlay-type":"","overlay-color":"","overlay-opacity":"","overlay-gradient":""},"mobile":{"background-color":"","background-image":"","background-repeat":"repeat","background-position":"center center","background-size":"auto","background-attachment":"scroll","background-type":"","background-media":"","overlay-type":"","overlay-color":"","overlay-opacity":"","overlay-gradient":""}},"ast-content-background-meta":{"desktop":{"background-color":"var(--ast-global-color-5)","background-image":"","background-repeat":"repeat","background-position":"center center","background-size":"auto","background-attachment":"scroll","background-type":"","background-media":"","overlay-type":"","overlay-color":"","overlay-opacity":"","overlay-gradient":""},"tablet":{"background-color":"var(--ast-global-color-5)","background-image":"","background-repeat":"repeat","background-position":"center center","background-size":"auto","background-attachment":"scroll","background-type":"","background-media":"","overlay-type":"","overlay-color":"","overlay-opacity":"","overlay-gradient":""},"mobile":{"background-color":"var(--ast-global-color-5)","background-image":"","background-repeat":"repeat","background-position":"center center","background-size":"auto","background-attachment":"scroll","background-type":"","background-media":"","overlay-type":"","overlay-color":"","overlay-opacity":"","overlay-gradient":""}}},"product_brand":[],"product_cat":[15],"product_tag":[],"class_list":{"0":"post-22963","1":"product","2":"type-product","3":"status-publish","4":"has-post-thumbnail","6":"product_cat-shop","7":"desktop-align-left","8":"tablet-align-left","9":"mobile-align-left","11":"first","12":"instock","13":"sale","14":"shipping-taxable","15":"purchasable","16":"product-type-variable","17":"has-default-attributes"},"spectra_custom_meta":{"_visibility":["visible"],"_shopify_product_id":["1462387179593"],"_s2w_shopify_domain":["cortenplus.myshopify.com"],"_shopify_variant_id":["12628893597769"],"_manage_stock":["no"],"total_sales":["201"],"_tax_status":["taxable"],"_tax_class":[""],"_backorders":["no"],"_sold_individually":["no"],"_virtual":["no"],"_downloadable":["no"],"_download_limit":["-1"],"_download_expiry":["-1"],"_stock":[null],"_stock_status":["instock"],"_wc_average_rating":["4.82"],"_wc_review_count":["66"],"_product_attributes":["a:1:{s:6:\"volume\";a:6:{s:4:\"name\";s:6:\"Volume\";s:5:\"value\";s:30:\"1 liter | 5 liters | 25 liters\";s:8:\"position\";i:1;s:10:\"is_visible\";i:0;s:12:\"is_variation\";i:1;s:11:\"is_taxonomy\";i:0;}}"],"_product_version":["10.5.2"],"_thumbnail_id":["23006"],"_product_image_gallery":["23007,23008"],"_edit_lock":["1772287402:1"],"_edit_last":["1"],"_wp_page_template":["default"],"site-sidebar-layout":["default"],"ast-site-content-layout":["default"],"site-content-style":["default"],"site-sidebar-style":["default"],"theme-transparent-header-meta":["default"],"merchant-center-availability":["yes"],"merchant-center-category":["503741"],"_default_attributes":["a:1:{s:6:\"volume\";s:7:\"1 liter\";}"],"_wc_rating_count":["a:3:{i:3;i:1;i:4;i:10;i:5;i:55;}"],"_upsell_ids":["a:3:{i:0;i:22968;i:1;i:22974;i:2;i:22982;}"],"_crosssell_ids":["a:3:{i:0;i:22968;i:1;i:22974;i:2;i:22982;}"],"_price":["14.90","59.90","299.90"],"astra-migrate-meta-layouts":["set"],"_uag_css_file_name":["uag-css-22963.css"],"_uag_page_assets":["a:9:{s:3:\"css\";s:7133:\".uag-blocks-common-selector{z-index:var(--z-index-desktop) !important}@media(max-width: 976px){.uag-blocks-common-selector{z-index:var(--z-index-tablet) !important}}@media(max-width: 767px){.uag-blocks-common-selector{z-index:var(--z-index-mobile) !important}}.wp-block-uagb-image{display:flex}.wp-block-uagb-image__figure{position:relative;display:flex;flex-direction:column;max-width:100%;height:auto;margin:0}.wp-block-uagb-image__figure img{height:auto;display:flex;max-width:100%;transition:box-shadow .2s ease}.wp-block-uagb-image__figure>a{display:inline-block}.wp-block-uagb-image__figure figcaption{text-align:center;margin-top:.5em;margin-bottom:1em}.wp-block-uagb-image .components-placeholder.block-editor-media-placeholder .components-placeholder__instructions{align-self:center}.wp-block-uagb-image--align-left{text-align:left}.wp-block-uagb-image--align-right{text-align:right}.wp-block-uagb-image--align-center{text-align:center}.wp-block-uagb-image--align-full .wp-block-uagb-image__figure{margin-left:calc(50% - 50vw);margin-right:calc(50% - 50vw);max-width:100vw;width:100vw;height:auto}.wp-block-uagb-image--align-full .wp-block-uagb-image__figure img{height:auto;width:100% !important}.wp-block-uagb-image--align-wide .wp-block-uagb-image__figure img{height:auto;width:100%}.wp-block-uagb-image--layout-overlay__color-wrapper{position:absolute;left:0;top:0;right:0;bottom:0;opacity:.2;background:rgba(0,0,0,.5);transition:opacity .35s ease-in-out}.wp-block-uagb-image--layout-overlay-link{position:absolute;left:0;right:0;bottom:0;top:0}.wp-block-uagb-image--layout-overlay .wp-block-uagb-image__figure:hover .wp-block-uagb-image--layout-overlay__color-wrapper{opacity:1}.wp-block-uagb-image--layout-overlay__inner{position:absolute;left:15px;right:15px;bottom:15px;top:15px;display:flex;align-items:center;justify-content:center;flex-direction:column;border-color:#fff;transition:.35s ease-in-out}.wp-block-uagb-image--layout-overlay__inner.top-left,.wp-block-uagb-image--layout-overlay__inner.top-center,.wp-block-uagb-image--layout-overlay__inner.top-right{justify-content:flex-start}.wp-block-uagb-image--layout-overlay__inner.bottom-left,.wp-block-uagb-image--layout-overlay__inner.bottom-center,.wp-block-uagb-image--layout-overlay__inner.bottom-right{justify-content:flex-end}.wp-block-uagb-image--layout-overlay__inner.top-left,.wp-block-uagb-image--layout-overlay__inner.center-left,.wp-block-uagb-image--layout-overlay__inner.bottom-left{align-items:flex-start}.wp-block-uagb-image--layout-overlay__inner.top-right,.wp-block-uagb-image--layout-overlay__inner.center-right,.wp-block-uagb-image--layout-overlay__inner.bottom-right{align-items:flex-end}.wp-block-uagb-image--layout-overlay__inner .uagb-image-heading{color:#fff;transition:transform .35s,opacity .35s ease-in-out;transform:translate3d(0, 24px, 0);margin:0;line-height:1em}.wp-block-uagb-image--layout-overlay__inner .uagb-image-separator{width:30%;border-top-width:2px;border-top-color:#fff;border-top-style:solid;margin-bottom:10px;opacity:0;transition:transform .4s,opacity .4s ease-in-out;transform:translate3d(0, 30px, 0)}.wp-block-uagb-image--layout-overlay__inner .uagb-image-caption{opacity:0;overflow:visible;color:#fff;transition:transform .45s,opacity .45s ease-in-out;transform:translate3d(0, 35px, 0)}.wp-block-uagb-image--layout-overlay__inner:hover .uagb-image-heading,.wp-block-uagb-image--layout-overlay__inner:hover .uagb-image-separator,.wp-block-uagb-image--layout-overlay__inner:hover .uagb-image-caption{opacity:1;transform:translate3d(0, 0, 0)}.wp-block-uagb-image--effect-zoomin .wp-block-uagb-image__figure img,.wp-block-uagb-image--effect-zoomin .wp-block-uagb-image__figure .wp-block-uagb-image--layout-overlay__color-wrapper{transform:scale(1);transition:transform .35s ease-in-out}.wp-block-uagb-image--effect-zoomin .wp-block-uagb-image__figure:hover img,.wp-block-uagb-image--effect-zoomin .wp-block-uagb-image__figure:hover .wp-block-uagb-image--layout-overlay__color-wrapper{transform:scale(1.05)}.wp-block-uagb-image--effect-slide .wp-block-uagb-image__figure img,.wp-block-uagb-image--effect-slide .wp-block-uagb-image__figure .wp-block-uagb-image--layout-overlay__color-wrapper{width:calc(100% + 40px) !important;max-width:none !important;transform:translate3d(-40px, 0, 0);transition:transform .35s ease-in-out}.wp-block-uagb-image--effect-slide .wp-block-uagb-image__figure:hover img,.wp-block-uagb-image--effect-slide .wp-block-uagb-image__figure:hover .wp-block-uagb-image--layout-overlay__color-wrapper{transform:translate3d(0, 0, 0)}.wp-block-uagb-image--effect-grayscale img{filter:grayscale(0%);transition:.35s ease-in-out}.wp-block-uagb-image--effect-grayscale:hover img{filter:grayscale(100%)}.wp-block-uagb-image--effect-blur img{filter:blur(0);transition:.35s ease-in-out}.wp-block-uagb-image--effect-blur:hover img{filter:blur(3px)}.uagb-block-e6f939b3.wp-block-uagb-image--layout-default figure img{box-shadow: 0px 0px 0 #00000070;}.uagb-block-e6f939b3.wp-block-uagb-image .wp-block-uagb-image__figure figcaption{font-style: normal;align-self: center;}.uagb-block-e6f939b3.wp-block-uagb-image--layout-overlay figure img{box-shadow: 0px 0px 0 #00000070;}.uagb-block-e6f939b3.wp-block-uagb-image--layout-overlay .wp-block-uagb-image--layout-overlay__color-wrapper{opacity: 0.2;}.uagb-block-e6f939b3.wp-block-uagb-image--layout-overlay .wp-block-uagb-image--layout-overlay__inner{left: 15px;right: 15px;top: 15px;bottom: 15px;}.uagb-block-e6f939b3.wp-block-uagb-image--layout-overlay .wp-block-uagb-image--layout-overlay__inner .uagb-image-heading{font-style: normal;color: #fff;opacity: 1;}.uagb-block-e6f939b3.wp-block-uagb-image--layout-overlay .wp-block-uagb-image--layout-overlay__inner .uagb-image-heading a{color: #fff;}.uagb-block-e6f939b3.wp-block-uagb-image--layout-overlay .wp-block-uagb-image--layout-overlay__inner .uagb-image-caption{opacity: 0;}.uagb-block-e6f939b3.wp-block-uagb-image--layout-overlay .wp-block-uagb-image__figure:hover .wp-block-uagb-image--layout-overlay__color-wrapper{opacity: 1;}.uagb-block-e6f939b3.wp-block-uagb-image .wp-block-uagb-image--layout-overlay__inner .uagb-image-separator{width: 30%;border-top-width: 2px;border-top-color: #fff;opacity: 0;}.uagb-block-e6f939b3.wp-block-uagb-image .wp-block-uagb-image__figure img{width: px;height: auto;}.uagb-block-e6f939b3.wp-block-uagb-image .wp-block-uagb-image__figure:hover .wp-block-uagb-image--layout-overlay__inner .uagb-image-caption{opacity: 1;}.uagb-block-e6f939b3.wp-block-uagb-image .wp-block-uagb-image__figure:hover .wp-block-uagb-image--layout-overlay__inner .uagb-image-separator{opacity: 1;}.uagb-block-e6f939b3.wp-block-uagb-image--layout-default figure:hover img{box-shadow: 0px 0px 0 #00000070;}.uagb-block-e6f939b3.wp-block-uagb-image--layout-overlay figure:hover img{box-shadow: 0px 0px 0 #00000070;}@media only screen and (max-width: 976px) {.uagb-block-e6f939b3.wp-block-uagb-image .wp-block-uagb-image__figure img{width: px;height: auto;}}@media only screen and (max-width: 767px) {.uagb-block-e6f939b3.wp-block-uagb-image .wp-block-uagb-image__figure img{width: px;height: auto;}}\";s:2:\"js\";s:0:\"\";s:18:\"current_block_list\";a:13:{i:0;s:11:\"core\/search\";i:1;s:10:\"core\/group\";i:2;s:12:\"core\/heading\";i:3;s:17:\"core\/latest-posts\";i:4;s:20:\"core\/latest-comments\";i:5;s:13:\"core\/archives\";i:6;s:15:\"core\/categories\";i:7;s:14:\"core\/paragraph\";i:8;s:10:\"uagb\/image\";i:9;s:11:\"core\/spacer\";i:10;s:30:\"woocommerce\/product-categories\";i:11;s:10:\"core\/image\";i:12;s:14:\"core\/shortcode\";}s:8:\"uag_flag\";b:1;s:11:\"uag_version\";s:10:\"1777067005\";s:6:\"gfonts\";a:0:{}s:10:\"gfonts_url\";s:0:\"\";s:12:\"gfonts_files\";a:0:{}s:14:\"uag_faq_layout\";b:0;}"],"_elementor_page_assets":["a:0:{}"]},"uagb_featured_image_src":{"full":["https:\/\/www.cortenplus.com\/wp-content\/uploads\/2025\/06\/degraissant_ae793ba5-4f83-4e37-a426-ade38ff92917.jpg",2560,2560,false],"thumbnail":["https:\/\/www.cortenplus.com\/wp-content\/uploads\/2025\/06\/degraissant_ae793ba5-4f83-4e37-a426-ade38ff92917-150x150.jpg",150,150,true],"medium":["https:\/\/www.cortenplus.com\/wp-content\/uploads\/2025\/06\/degraissant_ae793ba5-4f83-4e37-a426-ade38ff92917-300x300.jpg",300,300,true],"medium_large":["https:\/\/www.cortenplus.com\/wp-content\/uploads\/2025\/06\/degraissant_ae793ba5-4f83-4e37-a426-ade38ff92917-768x768.jpg",768,768,true],"large":["https:\/\/www.cortenplus.com\/wp-content\/uploads\/2025\/06\/degraissant_ae793ba5-4f83-4e37-a426-ade38ff92917-1024x1024.jpg",1024,1024,true],"1536x1536":["https:\/\/www.cortenplus.com\/wp-content\/uploads\/2025\/06\/degraissant_ae793ba5-4f83-4e37-a426-ade38ff92917-1536x1536.jpg",1536,1536,true],"2048x2048":["https:\/\/www.cortenplus.com\/wp-content\/uploads\/2025\/06\/degraissant_ae793ba5-4f83-4e37-a426-ade38ff92917-2048x2048.jpg",2048,2048,true],"trp-custom-language-flag":["https:\/\/www.cortenplus.com\/wp-content\/uploads\/2025\/06\/degraissant_ae793ba5-4f83-4e37-a426-ade38ff92917-12x12.jpg",12,12,true],"woocommerce_thumbnail":["https:\/\/www.cortenplus.com\/wp-content\/uploads\/2025\/06\/degraissant_ae793ba5-4f83-4e37-a426-ade38ff92917-300x300.jpg",300,300,true],"woocommerce_single":["https:\/\/www.cortenplus.com\/wp-content\/uploads\/2025\/06\/degraissant_ae793ba5-4f83-4e37-a426-ade38ff92917-600x600.jpg",600,600,true],"woocommerce_gallery_thumbnail":["https:\/\/www.cortenplus.com\/wp-content\/uploads\/2025\/06\/degraissant_ae793ba5-4f83-4e37-a426-ade38ff92917-100x100.jpg",100,100,true]},"uagb_author_info":{"display_name":"admin","author_link":"https:\/\/www.cortenplus.com\/it\/author\/"},"uagb_comment_info":66,"uagb_excerpt":"Prepares corten steel perfectly before applying a rust accelerator. Our corten steel degreaser is specifically formulated to clean and prepare metal surfaces prior to the application of a rust accelerator. It removes oils, grease, manufacturing residues, and handling contaminants that can prevent uniform oxidation, ensuring the rusting process develops evenly and effectively across the entire&hellip;","_links":{"self":[{"href":"https:\/\/www.cortenplus.com\/it\/wp-json\/wp\/v2\/product\/22963","targetHints":{"allow":["GET"]}}],"collection":[{"href":"https:\/\/www.cortenplus.com\/it\/wp-json\/wp\/v2\/product"}],"about":[{"href":"https:\/\/www.cortenplus.com\/it\/wp-json\/wp\/v2\/types\/product"}],"replies":[{"embeddable":true,"href":"https:\/\/www.cortenplus.com\/it\/wp-json\/wp\/v2\/comments?post=22963"}],"version-history":[{"count":4,"href":"https:\/\/www.cortenplus.com\/it\/wp-json\/wp\/v2\/product\/22963\/revisions"}],"predecessor-version":[{"id":26207,"href":"https:\/\/www.cortenplus.com\/it\/wp-json\/wp\/v2\/product\/22963\/revisions\/26207"}],"wp:featuredmedia":[{"embeddable":true,"href":"https:\/\/www.cortenplus.com\/it\/wp-json\/wp\/v2\/media\/23006"}],"wp:attachment":[{"href":"https:\/\/www.cortenplus.com\/it\/wp-json\/wp\/v2\/media?parent=22963"}],"wp:term":[{"taxonomy":"product_brand","embeddable":true,"href":"https:\/\/www.cortenplus.com\/it\/wp-json\/wp\/v2\/product_brand?post=22963"},{"taxonomy":"product_cat","embeddable":true,"href":"https:\/\/www.cortenplus.com\/it\/wp-json\/wp\/v2\/product_cat?post=22963"},{"taxonomy":"product_tag","embeddable":true,"href":"https:\/\/www.cortenplus.com\/it\/wp-json\/wp\/v2\/product_tag?post=22963"}],"curies":[{"name":"wp","href":"https:\/\/api.w.org\/{rel}","templated":true}]}}