{"id":22974,"date":"2025-06-02T08:36:32","date_gmt":"2025-06-02T06:36:32","guid":{"rendered":"https:\/\/www.cortenplus.com\/products\/rust-accelerator\/"},"modified":"2026-02-28T14:59:02","modified_gmt":"2026-02-28T13:59:02","slug":"rust-accelerator","status":"publish","type":"product","link":"https:\/\/www.cortenplus.com\/hu\/products\/rust-accelerator\/","title":{"rendered":"Rozsdagyors\u00edt\u00f3"},"content":{"rendered":"<p><strong><img decoding=\"async\" style=\"margin-right: 12px;\" src=\"https:\/\/www.cortenplus.com\/wp-content\/uploads\/2026\/02\/Check.svg\" alt=\"\" width=\"18\" height=\"15\" \/>Az egyetlen savmentes rozsdagyors\u00edt\u00f3 a piacon a teljes biztons\u00e1g \u00e9s a hossz\u00fa t\u00e1v\u00fa tart\u00f3ss\u00e1g \u00e9rdek\u00e9ben.<\/strong> Rozsdagyors\u00edt\u00f3nk teljesen savmentes, ami egyed\u00fcl\u00e1ll\u00f3v\u00e1 \u00e9s alapvet\u0151en m\u00e1ss\u00e1 teszi, mint a hagyom\u00e1nyos term\u00e9kek, amelyek agressz\u00edv savakra t\u00e1maszkodnak az oxid\u00e1ci\u00f3 beind\u00edt\u00e1s\u00e1hoz. Az\u00e1ltal, hogy a savakat kiiktatjuk a formul\u00e1b\u00f3l, ellen\u0151rz\u00f6tt \u00e9s term\u00e9szetes rozsd\u00e1sod\u00e1si folyamatot biztos\u00edtunk, amely v\u00e9di mind a felhaszn\u00e1l\u00f3t, mind a f\u00e9m szerkezeti integrit\u00e1s\u00e1t, \u00edgy ez a legbiztons\u00e1gosabb \u00e9s legfejlettebb megold\u00e1s.<\/p>\n<p><strong><img decoding=\"async\" style=\"margin-right: 12px;\" src=\"https:\/\/www.cortenplus.com\/wp-content\/uploads\/2026\/02\/Check.svg\" alt=\"\" width=\"18\" height=\"15\" \/>Nem \u00e1ll fenn a f\u00e9mszerkezet j\u00f6v\u0151beni perfor\u00e1ci\u00f3j\u00e1nak kock\u00e1zata.<\/strong> A savas alap\u00fa rozsdagyors\u00edt\u00f3k tov\u00e1bb reag\u00e1lnak a f\u00e9men bel\u00fcl, ha hat\u00e1sukat nem semleges\u00edtik t\u00f6k\u00e9letesen, ami elker\u00fclhetetlen\u00fcl fokozatos bels\u0151 korr\u00f3zi\u00f3hoz, elv\u00e9konyod\u00e1shoz \u00e9s v\u00e9g\u00fcl perfor\u00e1ci\u00f3hoz vezet. Mivel a mi formul\u00e1nk nem tartalmaz savat, megakad\u00e1lyozza a rejtett, hossz\u00fa t\u00e1v\u00fa k\u00e1rosod\u00e1st, \u00e9s garant\u00e1lja, hogy a f\u00e9m meg\u0151rzi szil\u00e1rds\u00e1g\u00e1t, mik\u00f6zben stabil, eszt\u00e9tikus rozsdafest\u00e9s alakul ki.<\/p>\n<p><strong><img decoding=\"async\" style=\"margin-right: 12px;\" src=\"https:\/\/www.cortenplus.com\/wp-content\/uploads\/2026\/02\/Check.svg\" alt=\"\" width=\"18\" height=\"15\" \/>Nincs sz\u00fcks\u00e9g semleges\u00edt\u0151re vagy tov\u00e1bbi meg\u00e1ll\u00edt\u00f3 term\u00e9kre.<\/strong> A savtartalm\u00fa oldatokkal ellent\u00e9tben, amelyekn\u00e9l az oxid\u00e1ci\u00f3 semleges\u00edt\u00e9s\u00e9hez \u00e9s meg\u00e1ll\u00edt\u00e1s\u00e1hoz egy m\u00e1sodik term\u00e9kre van sz\u00fcks\u00e9g, a rozsdagyors\u00edt\u00f3nk \u00f6n\u00e1ll\u00f3an \u00e9s biztons\u00e1gosan, minden tov\u00e1bbi kezel\u00e9s n\u00e9lk\u00fcl m\u0171k\u00f6dik. Ez leegyszer\u0171s\u00edti a folyamatot, cs\u00f6kkenti a munkaid\u0151t, cs\u00f6kkenti az \u00f6sszk\u00f6lts\u00e9get, \u00e9s kik\u00fcsz\u00f6b\u00f6li a helytelen semleges\u00edt\u00e9s kock\u00e1zat\u00e1t, amely tart\u00f3san k\u00e1ros\u00edthatja az ac\u00e9lfel\u00fcleteket.<\/p>\n<p><strong><img decoding=\"async\" style=\"margin-right: 12px;\" src=\"https:\/\/www.cortenplus.com\/wp-content\/uploads\/2026\/02\/Check.svg\" alt=\"\" width=\"18\" height=\"15\" \/>Maxim\u00e1lis biztons\u00e1g a felhaszn\u00e1l\u00f3 sz\u00e1m\u00e1ra az alkalmaz\u00e1s sor\u00e1n.<\/strong> A mar\u00f3 savak n\u00e9lk\u00fcl nincsenek k\u00e1ros savg\u0151z\u00f6k, nincsenek agressz\u00edv vegyszerfr\u00f6ccsen\u00e9sek, \u00e9s nincsenek vesz\u00e9lyes reakci\u00f3k a k\u00f6rnyez\u0151 anyagokkal. Ez\u00e1ltal a term\u00e9k sokkal k\u00e9nyelmesebben \u00e9s biztons\u00e1gosabban haszn\u00e1lhat\u00f3 m\u0171helyekben, \u00e9p\u00edtkez\u00e9seken \u00e9s ak\u00e1r lak\u00f3k\u00f6rnyezetben is.<\/p>\n<p><strong><img decoding=\"async\" style=\"margin-right: 12px;\" src=\"https:\/\/www.cortenplus.com\/wp-content\/uploads\/2026\/02\/Check.svg\" alt=\"\" width=\"18\" height=\"15\" \/>P\u00e9nzvisszafizet\u00e9si garancia a teljes lelki nyugalom\u00e9rt.<\/strong> P\u00e9nzvisszafizet\u00e9si garanci\u00e1t k\u00edn\u00e1lunk. Ha nem teljesen el\u00e9gedett a teljes\u00edtm\u00e9nnyel vagy az eredm\u00e9nnyel, visszat\u00e9r\u00edtj\u00fck az \u00e1r\u00e1t. Ez lehet\u0151v\u00e9 teszi, hogy kock\u00e1zat n\u00e9lk\u00fcl tesztelje rozsdagyors\u00edt\u00f3nkat, \u00e9s teljes m\u00e9rt\u00e9kben megb\u00edzzon annak hat\u00e9konys\u00e1g\u00e1ban.<\/p>\n<p><strong><img decoding=\"async\" style=\"margin-right: 12px;\" src=\"https:\/\/www.cortenplus.com\/wp-content\/uploads\/2026\/02\/Check.svg\" alt=\"\" width=\"18\" height=\"15\" \/>Rendk\u00edv\u00fcl hat\u00e9kony \u00e9s vizu\u00e1lisan leny\u0171g\u00f6z\u0151 oxid\u00e1ci\u00f3s folyamat.<\/strong> Formul\u00e1nkat \u00fagy fejlesztett\u00fck ki, hogy gyors, ellen\u0151rz\u00f6tt \u00e9s egyenletes rozsdak\u00e9pz\u0151d\u00e9st eredm\u00e9nyezzen, biztos\u00edtva a m\u00e9ly, hiteles patin\u00e1t, amely kiemeli az \u00e9p\u00edt\u00e9szeti \u00e9s dekor\u00e1ci\u00f3s projekteket. Hat\u00e9konyan aktiv\u00e1lja az oxid\u00e1ci\u00f3s folyamatot, mik\u00f6zben az eszt\u00e9tikai eredm\u00e9ny felett teljes kontrollt biztos\u00edt.<\/p>\n<p><strong><img decoding=\"async\" style=\"margin-right: 12px;\" src=\"https:\/\/www.cortenplus.com\/wp-content\/uploads\/2026\/02\/Check.svg\" alt=\"\" width=\"18\" height=\"15\" \/>L\u00e1that\u00f3 reakci\u00f3 30 percen bel\u00fcl, rozsdak\u00e9pz\u0151d\u00e9s egy \u00f3ra eltelt\u00e9vel.<\/strong> A felhord\u00e1s ut\u00e1n a f\u00e9m k\u00f6r\u00fclbel\u00fcl 30 percen bel\u00fcl k\u00e9k\u00fclni kezd, ami egy\u00e9rtelm\u0171en jelzi az oxid\u00e1ci\u00f3s folyamat aktiv\u00e1l\u00f3d\u00e1s\u00e1t. Egy \u00f3ra eltelt\u00e9vel a val\u00f3di rozsda kezd megjelenni, lehet\u0151v\u00e9 t\u00e9ve a szakemberek sz\u00e1m\u00e1ra az eredm\u00e9nyek gyors \u00e9rt\u00e9kel\u00e9s\u00e9t \u00e9s a projekt \u00fctemez\u00e9s\u00e9nek hat\u00e9kony megtervez\u00e9s\u00e9t.<\/p>\n<p><strong><img decoding=\"async\" style=\"margin-right: 12px;\" src=\"https:\/\/www.cortenplus.com\/wp-content\/uploads\/2026\/02\/Check.svg\" alt=\"\" width=\"18\" height=\"15\" \/>Kiv\u00e1l\u00f3 fed\u0151k\u00e9pess\u00e9g, literenk\u00e9nt ak\u00e1r 20 m\u00b2.<\/strong> A term\u00e9k literenk\u00e9nt hozz\u00e1vet\u0151legesen 20 n\u00e9gyzetm\u00e9teres lefedetts\u00e9g\u00e9vel kiemelked\u0151 hat\u00e9konys\u00e1got \u00e9s k\u00f6lts\u00e9ghat\u00e9konys\u00e1got k\u00edn\u00e1l. Ez a b\u0151s\u00e9ges fed\u0151k\u00e9pess\u00e9g ide\u00e1lis mind a kisebb d\u00edsz\u00edt\u0151elemek, mind a nagym\u00e9ret\u0171 \u00e9p\u00edt\u00e9szeti fel\u00fcletek eset\u00e9ben, biztos\u00edtva az egyenletes teljes\u00edtm\u00e9nyt a kiterjedt ter\u00fcleteken.<\/p>\n<p><strong><img decoding=\"async\" style=\"margin-right: 12px;\" src=\"https:\/\/www.cortenplus.com\/wp-content\/uploads\/2026\/02\/Check.svg\" alt=\"\" width=\"18\" height=\"15\" \/>T\u00f6k\u00e9letesen alkalmas Corten ac\u00e9lhoz \u00e9s minden vasf\u00e9mhez.<\/strong> Kifejezetten Corten ac\u00e9lhoz kifejlesztett rozsdagyors\u00edt\u00f3nk alkalmas vas, norm\u00e1l ac\u00e9l \u00e9s m\u00e1s vasf\u00e9mek kezel\u00e9s\u00e9re is. A formula fokozza a term\u00e9szetes id\u0151j\u00e1r\u00e1si folyamatot an\u00e9lk\u00fcl, hogy vesz\u00e9lyeztetn\u00e9 az anyag v\u00e9d\u0151 tulajdons\u00e1gait, gazdag, egyenletes \u00e9s stabil rozsd\u00e1sod\u00e1si fel\u00fcletet biztos\u00edtva.<\/p>\n<p><strong><img decoding=\"async\" style=\"margin-right: 12px;\" src=\"https:\/\/www.cortenplus.com\/wp-content\/uploads\/2026\/02\/Check.svg\" alt=\"\" width=\"18\" height=\"15\" \/>Egyszer\u0171 alkalmaz\u00e1s professzion\u00e1lis min\u0151s\u00e9g\u0171 eredm\u00e9nnyel.<\/strong> A rozsdagyors\u00edt\u00f3t k\u00f6nnyen fel lehet vinni a boltunkban kaphat\u00f3 hengerrel, amely lehet\u0151v\u00e9 teszi az egyenletes eloszl\u00e1st \u00e9s az ellen\u0151rz\u00f6tt lefedetts\u00e9get an\u00e9lk\u00fcl, hogy bonyolult permetez\u0151berendez\u00e9sre vagy speci\u00e1lis g\u00e9pekre lenne sz\u00fcks\u00e9g.<\/p>\n<p><strong><img decoding=\"async\" style=\"margin-right: 12px;\" src=\"https:\/\/www.cortenplus.com\/wp-content\/uploads\/2026\/02\/Check.svg\" alt=\"\" width=\"18\" height=\"15\" \/>K\u00f6lts\u00e9ghat\u00e9kony \u00e9s jobb, mint a savalap\u00fa versenyt\u00e1rsak.<\/strong> A savmentes biztons\u00e1g, a nagy hat\u00e9konys\u00e1g, a semleges\u00edt\u00e9s sz\u00fcks\u00e9gtelens\u00e9ge, a gyors l\u00e1that\u00f3 eredm\u00e9nyek \u00e9s a literenk\u00e9nti 20 m\u00b2-es fedetts\u00e9g kombin\u00e1ci\u00f3j\u00e1val a rozsdagyors\u00edt\u00f3nk a piacon a legfejlettebb \u00e9s legmegb\u00edzhat\u00f3bb megold\u00e1sk\u00e9nt t\u0171nik ki a hiteles rozsdafest\u00e9s el\u00e9r\u00e9s\u00e9hez, hossz\u00fa t\u00e1v\u00fa kock\u00e1zatok n\u00e9lk\u00fcl.<\/p>\n<h2><strong>Utas\u00edt\u00e1sok<\/strong><\/h2>\n<ul>\n<li>A 2,5 mm-n\u00e9l v\u00e9konyabb, hidegen hengerelt f\u00e9mlemezek eset\u00e9ben alaposan zs\u00edrtalan\u00edtsa a fel\u00fcletet egy megfelel\u0151 f\u00e9mzs\u00edrtalan\u00edt\u00f3val, p\u00e9ld\u00e1ul a speci\u00e1lis f\u00e9mzs\u00edrtalan\u00edt\u00f3nkkal, az olajok \u00e9s gy\u00e1rt\u00e1si maradv\u00e1nyok elt\u00e1vol\u00edt\u00e1sa \u00e9rdek\u00e9ben.<\/li>\n<li>Melegen hengerelt, 2,5 mm-n\u00e9l vastagabb f\u00e9mlemezek eset\u00e9ben homokf\u00fav\u00e1ssal t\u00e1vol\u00edtsa el a fel\u00fcletet a malomk\u0151 elt\u00e1vol\u00edt\u00e1sa \u00e9s a megfelel\u0151 oxid\u00e1ci\u00f3 biztos\u00edt\u00e1sa \u00e9rdek\u00e9ben.<\/li>\n<li>Ha nem \u00e1ll rendelkez\u00e9sre homokf\u00fav\u00f3 berendez\u00e9s, a folytat\u00e1s el\u0151tt alkalmazza v\u00edzk\u0151old\u00f3 szer\u00fcnket a v\u00edzk\u0151 hat\u00e9kony elt\u00e1vol\u00edt\u00e1s\u00e1ra.<\/li>\n<li>Gy\u0151z\u0151dj\u00f6n meg r\u00f3la, hogy a fel\u00fclet tiszta, sz\u00e1raz \u00e9s pormentes, miel\u0151tt a rozsdagyors\u00edt\u00f3t felhordja.<\/li>\n<li>A rozsdagyors\u00edt\u00f3t egyenletesen vigye fel a boltunkban kaphat\u00f3 hengerrel.<\/li>\n<li>Tartsa tiszteletben a n\u00e9gyzetm\u00e9terenk\u00e9nti 50 ml-es megk\u00f6zel\u00edt\u0151leges adagol\u00e1st, ami literenk\u00e9nt 20 m\u00b2-es fedetts\u00e9gnek felel meg.<\/li>\n<li>K\u00f6r\u00fclbel\u00fcl 30 perc eltelt\u00e9vel figyelje meg, hogy a f\u00e9mfel\u00fclet k\u00e9kre sz\u00ednez\u0151dik, ahogy a reakci\u00f3 megkezd\u0151dik.<\/li>\n<li>K\u00f6r\u00fclbel\u00fcl egy \u00f3ra eltelt\u00e9vel a rozsda l\u00e1that\u00f3an elkezd kialakulni.<\/li>\n<li>Hagyja, hogy az oxid\u00e1ci\u00f3s folyamat term\u00e9szetes m\u00f3don folytat\u00f3djon ak\u00e1r k\u00e9t napig is, hogy el\u00e9rje a k\u00edv\u00e1nt m\u00e9lys\u00e9g\u0171 rozsdahat\u00e1st.<\/li>\n<li>K\u00e9t nap eltelt\u00e9vel alkalmazzon v\u00e9d\u0151lakkot, p\u00e9ld\u00e1ul a Corten ac\u00e9lhoz val\u00f3 lakkunkat, hogy stabiliz\u00e1lja a fel\u00fcletet.<\/li>\n<li>A lakk megakad\u00e1lyozza, hogy es\u0151 eset\u00e9n a rozsda a padl\u00f3ra folyjon, \u00e9s megv\u00e9di a ruh\u00e1zatot a foltosod\u00e1st\u00f3l, ha valaki nekid\u0151l a kezelt fel\u00fcletnek.<\/li>\n<\/ul>","protected":false},"excerpt":{"rendered":"<p>The only acid-free rust accelerator on the market for total safety and long-term durability. Our rust accelerator is completely acid-free, which makes it unique and fundamentally different from conventional products that rely on aggressive acids to trigger oxidation. By eliminating acid from the formula, we ensure a controlled and natural rusting process that protects both [&hellip;]<\/p>\n","protected":false},"featured_media":23065,"comment_status":"open","ping_status":"closed","template":"","meta":{"_uag_custom_page_level_css":"","site-sidebar-layout":"default","site-content-layout":"","ast-site-content-layout":"default","site-content-style":"default","site-sidebar-style":"default","ast-global-header-display":"","ast-banner-title-visibility":"","ast-main-header-display":"","ast-hfb-above-header-display":"","ast-hfb-below-header-display":"","ast-hfb-mobile-header-display":"","site-post-title":"","ast-breadcrumbs-content":"","ast-featured-img":"","footer-sml-layout":"","ast-disable-related-posts":"","theme-transparent-header-meta":"default","adv-header-id-meta":"","stick-header-meta":"","header-above-stick-meta":"","header-main-stick-meta":"","header-below-stick-meta":"","astra-migrate-meta-layouts":"set","ast-page-background-enabled":"default","ast-page-background-meta":{"desktop":{"background-color":"var(--ast-global-color-4)","background-image":"","background-repeat":"repeat","background-position":"center center","background-size":"auto","background-attachment":"scroll","background-type":"","background-media":"","overlay-type":"","overlay-color":"","overlay-opacity":"","overlay-gradient":""},"tablet":{"background-color":"","background-image":"","background-repeat":"repeat","background-position":"center center","background-size":"auto","background-attachment":"scroll","background-type":"","background-media":"","overlay-type":"","overlay-color":"","overlay-opacity":"","overlay-gradient":""},"mobile":{"background-color":"","background-image":"","background-repeat":"repeat","background-position":"center center","background-size":"auto","background-attachment":"scroll","background-type":"","background-media":"","overlay-type":"","overlay-color":"","overlay-opacity":"","overlay-gradient":""}},"ast-content-background-meta":{"desktop":{"background-color":"var(--ast-global-color-5)","background-image":"","background-repeat":"repeat","background-position":"center center","background-size":"auto","background-attachment":"scroll","background-type":"","background-media":"","overlay-type":"","overlay-color":"","overlay-opacity":"","overlay-gradient":""},"tablet":{"background-color":"var(--ast-global-color-5)","background-image":"","background-repeat":"repeat","background-position":"center center","background-size":"auto","background-attachment":"scroll","background-type":"","background-media":"","overlay-type":"","overlay-color":"","overlay-opacity":"","overlay-gradient":""},"mobile":{"background-color":"var(--ast-global-color-5)","background-image":"","background-repeat":"repeat","background-position":"center center","background-size":"auto","background-attachment":"scroll","background-type":"","background-media":"","overlay-type":"","overlay-color":"","overlay-opacity":"","overlay-gradient":""}}},"product_brand":[],"product_cat":[15],"product_tag":[],"class_list":{"0":"post-22974","1":"product","2":"type-product","3":"status-publish","4":"has-post-thumbnail","6":"product_cat-shop","7":"desktop-align-left","8":"tablet-align-left","9":"mobile-align-left","11":"first","12":"instock","13":"sale","14":"shipping-taxable","15":"purchasable","16":"product-type-variable","17":"has-default-attributes"},"spectra_custom_meta":{"_visibility":["visible"],"_shopify_product_id":["1462206791753"],"_s2w_shopify_domain":["cortenplus.myshopify.com"],"_shopify_variant_id":["12627708313673"],"_manage_stock":["no"],"total_sales":["1422"],"_tax_status":["taxable"],"_tax_class":[""],"_backorders":["no"],"_sold_individually":["no"],"_virtual":["no"],"_downloadable":["no"],"_download_limit":["-1"],"_download_expiry":["-1"],"_stock":[null],"_stock_status":["instock"],"_wc_average_rating":["4.68"],"_wc_review_count":["152"],"_product_attributes":["a:1:{s:6:\"volume\";a:6:{s:4:\"name\";s:6:\"Volume\";s:5:\"value\";s:30:\"1 liter | 5 liters | 25 liters\";s:8:\"position\";i:1;s:10:\"is_visible\";i:0;s:12:\"is_variation\";i:1;s:11:\"is_taxonomy\";i:0;}}"],"_product_version":["10.5.2"],"_thumbnail_id":["23065"],"_product_image_gallery":["23068,23069"],"_edit_lock":["1772287943:1"],"_edit_last":["1"],"_wp_page_template":["default"],"site-sidebar-layout":["default"],"ast-site-content-layout":["default"],"site-content-style":["default"],"site-sidebar-style":["default"],"theme-transparent-header-meta":["default"],"merchant-center-category":["505417"],"merchant-center-availability":["yes"],"_default_attributes":["a:1:{s:6:\"volume\";s:7:\"1 liter\";}"],"_wc_rating_count":["a:3:{i:3;i:16;i:4;i:17;i:5;i:119;}"],"_upsell_ids":["a:3:{i:0;i:22962;i:1;i:22963;i:2;i:22982;}"],"_crosssell_ids":["a:3:{i:0;i:22962;i:1;i:22963;i:2;i:22982;}"],"_price":["29.90","139.90","599.90"],"_sku":["CPRUSTACCELERATOR"],"merchant-center-id":["AR1"],"astra-migrate-meta-layouts":["set"],"_uag_css_file_name":["uag-css-22974.css"],"_elementor_page_assets":["a:0:{}"],"_uag_page_assets":["a:9:{s:3:\"css\";s:7133:\".uag-blocks-common-selector{z-index:var(--z-index-desktop) !important}@media(max-width: 976px){.uag-blocks-common-selector{z-index:var(--z-index-tablet) !important}}@media(max-width: 767px){.uag-blocks-common-selector{z-index:var(--z-index-mobile) !important}}.wp-block-uagb-image{display:flex}.wp-block-uagb-image__figure{position:relative;display:flex;flex-direction:column;max-width:100%;height:auto;margin:0}.wp-block-uagb-image__figure img{height:auto;display:flex;max-width:100%;transition:box-shadow .2s ease}.wp-block-uagb-image__figure>a{display:inline-block}.wp-block-uagb-image__figure figcaption{text-align:center;margin-top:.5em;margin-bottom:1em}.wp-block-uagb-image .components-placeholder.block-editor-media-placeholder .components-placeholder__instructions{align-self:center}.wp-block-uagb-image--align-left{text-align:left}.wp-block-uagb-image--align-right{text-align:right}.wp-block-uagb-image--align-center{text-align:center}.wp-block-uagb-image--align-full .wp-block-uagb-image__figure{margin-left:calc(50% - 50vw);margin-right:calc(50% - 50vw);max-width:100vw;width:100vw;height:auto}.wp-block-uagb-image--align-full .wp-block-uagb-image__figure img{height:auto;width:100% !important}.wp-block-uagb-image--align-wide .wp-block-uagb-image__figure img{height:auto;width:100%}.wp-block-uagb-image--layout-overlay__color-wrapper{position:absolute;left:0;top:0;right:0;bottom:0;opacity:.2;background:rgba(0,0,0,.5);transition:opacity .35s ease-in-out}.wp-block-uagb-image--layout-overlay-link{position:absolute;left:0;right:0;bottom:0;top:0}.wp-block-uagb-image--layout-overlay .wp-block-uagb-image__figure:hover .wp-block-uagb-image--layout-overlay__color-wrapper{opacity:1}.wp-block-uagb-image--layout-overlay__inner{position:absolute;left:15px;right:15px;bottom:15px;top:15px;display:flex;align-items:center;justify-content:center;flex-direction:column;border-color:#fff;transition:.35s ease-in-out}.wp-block-uagb-image--layout-overlay__inner.top-left,.wp-block-uagb-image--layout-overlay__inner.top-center,.wp-block-uagb-image--layout-overlay__inner.top-right{justify-content:flex-start}.wp-block-uagb-image--layout-overlay__inner.bottom-left,.wp-block-uagb-image--layout-overlay__inner.bottom-center,.wp-block-uagb-image--layout-overlay__inner.bottom-right{justify-content:flex-end}.wp-block-uagb-image--layout-overlay__inner.top-left,.wp-block-uagb-image--layout-overlay__inner.center-left,.wp-block-uagb-image--layout-overlay__inner.bottom-left{align-items:flex-start}.wp-block-uagb-image--layout-overlay__inner.top-right,.wp-block-uagb-image--layout-overlay__inner.center-right,.wp-block-uagb-image--layout-overlay__inner.bottom-right{align-items:flex-end}.wp-block-uagb-image--layout-overlay__inner .uagb-image-heading{color:#fff;transition:transform .35s,opacity .35s ease-in-out;transform:translate3d(0, 24px, 0);margin:0;line-height:1em}.wp-block-uagb-image--layout-overlay__inner .uagb-image-separator{width:30%;border-top-width:2px;border-top-color:#fff;border-top-style:solid;margin-bottom:10px;opacity:0;transition:transform .4s,opacity .4s ease-in-out;transform:translate3d(0, 30px, 0)}.wp-block-uagb-image--layout-overlay__inner .uagb-image-caption{opacity:0;overflow:visible;color:#fff;transition:transform .45s,opacity .45s ease-in-out;transform:translate3d(0, 35px, 0)}.wp-block-uagb-image--layout-overlay__inner:hover .uagb-image-heading,.wp-block-uagb-image--layout-overlay__inner:hover .uagb-image-separator,.wp-block-uagb-image--layout-overlay__inner:hover .uagb-image-caption{opacity:1;transform:translate3d(0, 0, 0)}.wp-block-uagb-image--effect-zoomin .wp-block-uagb-image__figure img,.wp-block-uagb-image--effect-zoomin .wp-block-uagb-image__figure .wp-block-uagb-image--layout-overlay__color-wrapper{transform:scale(1);transition:transform .35s ease-in-out}.wp-block-uagb-image--effect-zoomin .wp-block-uagb-image__figure:hover img,.wp-block-uagb-image--effect-zoomin .wp-block-uagb-image__figure:hover .wp-block-uagb-image--layout-overlay__color-wrapper{transform:scale(1.05)}.wp-block-uagb-image--effect-slide .wp-block-uagb-image__figure img,.wp-block-uagb-image--effect-slide .wp-block-uagb-image__figure .wp-block-uagb-image--layout-overlay__color-wrapper{width:calc(100% + 40px) !important;max-width:none !important;transform:translate3d(-40px, 0, 0);transition:transform .35s ease-in-out}.wp-block-uagb-image--effect-slide .wp-block-uagb-image__figure:hover img,.wp-block-uagb-image--effect-slide .wp-block-uagb-image__figure:hover .wp-block-uagb-image--layout-overlay__color-wrapper{transform:translate3d(0, 0, 0)}.wp-block-uagb-image--effect-grayscale img{filter:grayscale(0%);transition:.35s ease-in-out}.wp-block-uagb-image--effect-grayscale:hover img{filter:grayscale(100%)}.wp-block-uagb-image--effect-blur img{filter:blur(0);transition:.35s ease-in-out}.wp-block-uagb-image--effect-blur:hover img{filter:blur(3px)}.uagb-block-e6f939b3.wp-block-uagb-image--layout-default figure img{box-shadow: 0px 0px 0 #00000070;}.uagb-block-e6f939b3.wp-block-uagb-image .wp-block-uagb-image__figure figcaption{font-style: normal;align-self: center;}.uagb-block-e6f939b3.wp-block-uagb-image--layout-overlay figure img{box-shadow: 0px 0px 0 #00000070;}.uagb-block-e6f939b3.wp-block-uagb-image--layout-overlay .wp-block-uagb-image--layout-overlay__color-wrapper{opacity: 0.2;}.uagb-block-e6f939b3.wp-block-uagb-image--layout-overlay .wp-block-uagb-image--layout-overlay__inner{left: 15px;right: 15px;top: 15px;bottom: 15px;}.uagb-block-e6f939b3.wp-block-uagb-image--layout-overlay .wp-block-uagb-image--layout-overlay__inner .uagb-image-heading{font-style: normal;color: #fff;opacity: 1;}.uagb-block-e6f939b3.wp-block-uagb-image--layout-overlay .wp-block-uagb-image--layout-overlay__inner .uagb-image-heading a{color: #fff;}.uagb-block-e6f939b3.wp-block-uagb-image--layout-overlay .wp-block-uagb-image--layout-overlay__inner .uagb-image-caption{opacity: 0;}.uagb-block-e6f939b3.wp-block-uagb-image--layout-overlay .wp-block-uagb-image__figure:hover .wp-block-uagb-image--layout-overlay__color-wrapper{opacity: 1;}.uagb-block-e6f939b3.wp-block-uagb-image .wp-block-uagb-image--layout-overlay__inner .uagb-image-separator{width: 30%;border-top-width: 2px;border-top-color: #fff;opacity: 0;}.uagb-block-e6f939b3.wp-block-uagb-image .wp-block-uagb-image__figure img{width: px;height: auto;}.uagb-block-e6f939b3.wp-block-uagb-image .wp-block-uagb-image__figure:hover .wp-block-uagb-image--layout-overlay__inner .uagb-image-caption{opacity: 1;}.uagb-block-e6f939b3.wp-block-uagb-image .wp-block-uagb-image__figure:hover .wp-block-uagb-image--layout-overlay__inner .uagb-image-separator{opacity: 1;}.uagb-block-e6f939b3.wp-block-uagb-image--layout-default figure:hover img{box-shadow: 0px 0px 0 #00000070;}.uagb-block-e6f939b3.wp-block-uagb-image--layout-overlay figure:hover img{box-shadow: 0px 0px 0 #00000070;}@media only screen and (max-width: 976px) {.uagb-block-e6f939b3.wp-block-uagb-image .wp-block-uagb-image__figure img{width: px;height: auto;}}@media only screen and (max-width: 767px) {.uagb-block-e6f939b3.wp-block-uagb-image .wp-block-uagb-image__figure img{width: px;height: auto;}}\";s:2:\"js\";s:0:\"\";s:18:\"current_block_list\";a:13:{i:0;s:11:\"core\/search\";i:1;s:10:\"core\/group\";i:2;s:12:\"core\/heading\";i:3;s:17:\"core\/latest-posts\";i:4;s:20:\"core\/latest-comments\";i:5;s:13:\"core\/archives\";i:6;s:15:\"core\/categories\";i:7;s:14:\"core\/paragraph\";i:8;s:10:\"uagb\/image\";i:9;s:11:\"core\/spacer\";i:10;s:30:\"woocommerce\/product-categories\";i:11;s:10:\"core\/image\";i:12;s:14:\"core\/shortcode\";}s:8:\"uag_flag\";b:1;s:11:\"uag_version\";s:10:\"1777061499\";s:6:\"gfonts\";a:0:{}s:10:\"gfonts_url\";s:0:\"\";s:12:\"gfonts_files\";a:0:{}s:14:\"uag_faq_layout\";b:0;}"]},"uagb_featured_image_src":{"full":["https:\/\/www.cortenplus.com\/wp-content\/uploads\/2025\/06\/RustAccelerator1L.jpg",2560,2560,false],"thumbnail":["https:\/\/www.cortenplus.com\/wp-content\/uploads\/2025\/06\/RustAccelerator1L-150x150.jpg",150,150,true],"medium":["https:\/\/www.cortenplus.com\/wp-content\/uploads\/2025\/06\/RustAccelerator1L-300x300.jpg",300,300,true],"medium_large":["https:\/\/www.cortenplus.com\/wp-content\/uploads\/2025\/06\/RustAccelerator1L-768x768.jpg",768,768,true],"large":["https:\/\/www.cortenplus.com\/wp-content\/uploads\/2025\/06\/RustAccelerator1L-1024x1024.jpg",1024,1024,true],"1536x1536":["https:\/\/www.cortenplus.com\/wp-content\/uploads\/2025\/06\/RustAccelerator1L-1536x1536.jpg",1536,1536,true],"2048x2048":["https:\/\/www.cortenplus.com\/wp-content\/uploads\/2025\/06\/RustAccelerator1L-2048x2048.jpg",2048,2048,true],"trp-custom-language-flag":["https:\/\/www.cortenplus.com\/wp-content\/uploads\/2025\/06\/RustAccelerator1L-12x12.jpg",12,12,true],"woocommerce_thumbnail":["https:\/\/www.cortenplus.com\/wp-content\/uploads\/2025\/06\/RustAccelerator1L-300x300.jpg",300,300,true],"woocommerce_single":["https:\/\/www.cortenplus.com\/wp-content\/uploads\/2025\/06\/RustAccelerator1L-600x600.jpg",600,600,true],"woocommerce_gallery_thumbnail":["https:\/\/www.cortenplus.com\/wp-content\/uploads\/2025\/06\/RustAccelerator1L-100x100.jpg",100,100,true]},"uagb_author_info":{"display_name":"admin","author_link":"https:\/\/www.cortenplus.com\/hu\/author\/"},"uagb_comment_info":152,"uagb_excerpt":"The only acid-free rust accelerator on the market for total safety and long-term durability. Our rust accelerator is completely acid-free, which makes it unique and fundamentally different from conventional products that rely on aggressive acids to trigger oxidation. By eliminating acid from the formula, we ensure a controlled and natural rusting process that protects both&hellip;","_links":{"self":[{"href":"https:\/\/www.cortenplus.com\/hu\/wp-json\/wp\/v2\/product\/22974","targetHints":{"allow":["GET"]}}],"collection":[{"href":"https:\/\/www.cortenplus.com\/hu\/wp-json\/wp\/v2\/product"}],"about":[{"href":"https:\/\/www.cortenplus.com\/hu\/wp-json\/wp\/v2\/types\/product"}],"replies":[{"embeddable":true,"href":"https:\/\/www.cortenplus.com\/hu\/wp-json\/wp\/v2\/comments?post=22974"}],"version-history":[{"count":11,"href":"https:\/\/www.cortenplus.com\/hu\/wp-json\/wp\/v2\/product\/22974\/revisions"}],"predecessor-version":[{"id":26204,"href":"https:\/\/www.cortenplus.com\/hu\/wp-json\/wp\/v2\/product\/22974\/revisions\/26204"}],"wp:featuredmedia":[{"embeddable":true,"href":"https:\/\/www.cortenplus.com\/hu\/wp-json\/wp\/v2\/media\/23065"}],"wp:attachment":[{"href":"https:\/\/www.cortenplus.com\/hu\/wp-json\/wp\/v2\/media?parent=22974"}],"wp:term":[{"taxonomy":"product_brand","embeddable":true,"href":"https:\/\/www.cortenplus.com\/hu\/wp-json\/wp\/v2\/product_brand?post=22974"},{"taxonomy":"product_cat","embeddable":true,"href":"https:\/\/www.cortenplus.com\/hu\/wp-json\/wp\/v2\/product_cat?post=22974"},{"taxonomy":"product_tag","embeddable":true,"href":"https:\/\/www.cortenplus.com\/hu\/wp-json\/wp\/v2\/product_tag?post=22974"}],"curies":[{"name":"wp","href":"https:\/\/api.w.org\/{rel}","templated":true}]}}