{"id":22968,"date":"2025-06-02T08:36:28","date_gmt":"2025-06-02T06:36:28","guid":{"rendered":"https:\/\/www.cortenplus.com\/products\/descaler\/"},"modified":"2026-02-28T15:06:33","modified_gmt":"2026-02-28T14:06:33","slug":"descaler","status":"publish","type":"product","link":"https:\/\/www.cortenplus.com\/hu\/products\/descaler\/","title":{"rendered":"V\u00edzk\u0151old\u00f3"},"content":{"rendered":"<p><strong><img decoding=\"async\" style=\"margin-right: 12px;\" src=\"https:\/\/www.cortenplus.com\/wp-content\/uploads\/2026\/02\/Check.svg\" alt=\"\" width=\"18\" height=\"15\" \/>Hat\u00e9konyan elt\u00e1vol\u00edtja a malomk\u0151zetet homokf\u00fav\u00e1s n\u00e9lk\u00fcl.<\/strong> Cortenac\u00e9l v\u00edzk\u0151mentes\u00edt\u0151nket kifejezetten arra fejlesztett\u00fck ki, hogy homokf\u00fav\u00f3 n\u00e9lk\u00fcl t\u00e1vol\u00edtsa el a kortenac\u00e9l fel\u00fcletr\u0151l a malomk\u0151zetet. K\u00e9miai \u00faton lebontja a forr\u00f3 hengerl\u00e9s sor\u00e1n k\u00e9pz\u0151d\u00f6tt s\u0171r\u0171, s\u00f6t\u00e9t oxidr\u00e9teget, felt\u00e1rva az alatta l\u00e9v\u0151 tiszta, reakt\u00edv ac\u00e9lt, \u00e9s ide\u00e1lis alapot teremtve a rozsdagyors\u00edt\u00f3 alkalmaz\u00e1s\u00e1hoz.<\/p>\n<p><strong><img decoding=\"async\" style=\"margin-right: 12px;\" src=\"https:\/\/www.cortenplus.com\/wp-content\/uploads\/2026\/02\/Check.svg\" alt=\"\" width=\"18\" height=\"15\" \/>A leghat\u00e9konyabb megold\u00e1s a cortenac\u00e9l el\u0151k\u00e9sz\u00edt\u00e9s\u00e9re a rozsda aktiv\u00e1l\u00e1sa el\u0151tt.<\/strong> Ez a leghat\u00e9konyabb v\u00edzk\u0151mentes\u00edt\u0151 term\u00e9k cortenac\u00e9lhoz, ha a mechanikus f\u00fav\u00e1s nem \u00e1ll rendelkez\u00e9sre. Alaposan behatol \u00e9s feloldja a malomk\u0151zetet, biztos\u00edtva, hogy a rozsdagyors\u00edt\u00f3 k\u00f6zvetlen\u00fcl reag\u00e1lhasson a csupasz f\u00e9mmel, ami gyorsabb, egyenletesebb \u00e9s intenz\u00edvebb patina kialakul\u00e1s\u00e1t eredm\u00e9nyezi.<\/p>\n<p><strong><img decoding=\"async\" style=\"margin-right: 12px;\" src=\"https:\/\/www.cortenplus.com\/wp-content\/uploads\/2026\/02\/Check.svg\" alt=\"\" width=\"18\" height=\"15\" \/>A homokf\u00fav\u00e1s legolcs\u00f3bb professzion\u00e1lis alternat\u00edv\u00e1ja.<\/strong> A homokf\u00fav\u00f3 berendez\u00e9s dr\u00e1ga \u00e9s nem mindig hozz\u00e1f\u00e9rhet\u0151. A mi cortenac\u00e9l-csiszol\u00f3ink a legolcs\u00f3bb \u00e9s legpraktikusabb alternat\u00edv\u00e1t k\u00edn\u00e1lj\u00e1k, \u00e9s professzion\u00e1lis szint\u0171 eredm\u00e9nyeket biztos\u00edtanak k\u00f6lts\u00e9ges g\u00e9pek, alv\u00e1llalkoz\u00f3k vagy speci\u00e1lis berendez\u00e9sek n\u00e9lk\u00fcl.<\/p>\n<p><strong><img decoding=\"async\" style=\"margin-right: 12px;\" src=\"https:\/\/www.cortenplus.com\/wp-content\/uploads\/2026\/02\/Check.svg\" alt=\"\" width=\"18\" height=\"15\" \/>Garant\u00e1lt 24 \u00f3r\u00e1s k\u00e9zbes\u00edt\u00e9s a megszak\u00edt\u00e1s n\u00e9lk\u00fcli munkafolyamatok \u00e9rdek\u00e9ben.<\/strong> Tiszt\u00e1ban vagyunk azzal, hogy a fel\u00fclet el\u0151k\u00e9sz\u00edt\u00e9se minden cortenac\u00e9l projekt kritikus szakasza. Ez\u00e9rt garant\u00e1ljuk a 24 \u00f3r\u00e1s sz\u00e1ll\u00edt\u00e1st, \u00edgy \u00d6n gyorsan, a projekt k\u00e9sedelme n\u00e9lk\u00fcl haladhat a v\u00edzk\u0151mentes\u00edt\u00e9ssel \u00e9s a rozsda gyors\u00edt\u00e1s\u00e1val.<\/p>\n<p><strong><img decoding=\"async\" style=\"margin-right: 12px;\" src=\"https:\/\/www.cortenplus.com\/wp-content\/uploads\/2026\/02\/Check.svg\" alt=\"\" width=\"18\" height=\"15\" \/>P\u00e9nzvisszafizet\u00e9si garancia a teljes megnyugv\u00e1s \u00e9rdek\u00e9ben.<\/strong> Meggy\u0151z\u0151d\u00e9s\u00fcnk, hogy a cortenac\u00e9l v\u00edzk\u0151mentes\u00edt\u0151nk teljes\u00edtm\u00e9nye megfelel\u0151. Ha nem el\u00e9gedett az eredm\u00e9nnyel, teljes p\u00e9nzvisszafizet\u00e9si garanci\u00e1t v\u00e1llalunk. Egyszer\u0171en vegye fel vel\u00fcnk a kapcsolatot, \u00e9s mi visszat\u00e9r\u00edtj\u00fck a v\u00e9tel\u00e1rat, \u00edgy biztos\u00edtva a teljesen kock\u00e1zatmentes \u00e9lm\u00e9nyt.<\/p>\n<p><strong><img decoding=\"async\" style=\"margin-right: 12px;\" src=\"https:\/\/www.cortenplus.com\/wp-content\/uploads\/2026\/02\/Check.svg\" alt=\"\" width=\"18\" height=\"15\" \/>Kiv\u00e1l\u00f3 lefedetts\u00e9g a gazdas\u00e1gos, nagy fel\u00fclet\u0171 kezel\u00e9shez.<\/strong> A v\u00edzk\u0151mentes\u00edt\u0151nk literenk\u00e9nt ak\u00e1r 8 m\u00b2-es lefedetts\u00e9get biztos\u00edt, a v\u00edzk\u0151 vastags\u00e1g\u00e1t\u00f3l \u00e9s a fel\u00fclet \u00e1llapot\u00e1t\u00f3l f\u00fcgg\u0151en. Ez az er\u0151s fedetts\u00e9g biztos\u00edtja a panelek, homlokzatok, szobrok \u00e9s szerkezeti elemek k\u00f6lts\u00e9ghat\u00e9kony kezel\u00e9s\u00e9t.<\/p>\n<p><strong><img decoding=\"async\" style=\"margin-right: 12px;\" src=\"https:\/\/www.cortenplus.com\/wp-content\/uploads\/2026\/02\/Check.svg\" alt=\"\" width=\"18\" height=\"15\" \/>Egys\u00e9ges rozsdak\u00e9pz\u0151d\u00e9st biztos\u00edt a kezel\u00e9s ut\u00e1n.<\/strong> A malomk\u0151 olyan akad\u00e1lyk\u00e9nt m\u0171k\u00f6dik, amely megakad\u00e1lyozza a megfelel\u0151 oxid\u00e1ci\u00f3t. E r\u00e9teg teljes elt\u00e1vol\u00edt\u00e1s\u00e1val a v\u00edzk\u0151old\u00f3 lehet\u0151v\u00e9 teszi, hogy a rozsdagyors\u00edt\u00f3 egyenletesen fejtse ki hat\u00e1s\u00e1t a teljes fel\u00fcleten, megakad\u00e1lyozva a foltos vagy ellentmond\u00e1sos patin\u00e1s eredm\u00e9nyt.<\/p>\n<p><strong><img decoding=\"async\" style=\"margin-right: 12px;\" src=\"https:\/\/www.cortenplus.com\/wp-content\/uploads\/2026\/02\/Check.svg\" alt=\"\" width=\"18\" height=\"15\" \/>M\u00e9lyen behatol a megkem\u00e9nyedett v\u00edzk\u0151be, \u00e9s m\u00e9lyen reag\u00e1l vele.<\/strong> A fejlett k\u00e9miai \u00f6sszet\u00e9tel felpuh\u00edtja \u00e9s lev\u00e1lasztja a szorosan megk\u00f6t\u00f6tt v\u00edzk\u0151zetet az ac\u00e9l aljzatr\u00f3l, m\u00e9g a nehezen hozz\u00e1f\u00e9rhet\u0151 ter\u00fcleteken vagy a textur\u00e1lt fel\u00fcleteken is, biztos\u00edtva az alapos el\u0151k\u00e9sz\u00edt\u00e9st.<\/p>\n<p><strong><img decoding=\"async\" style=\"margin-right: 12px;\" src=\"https:\/\/www.cortenplus.com\/wp-content\/uploads\/2026\/02\/Check.svg\" alt=\"\" width=\"18\" height=\"15\" \/>Ide\u00e1lis a bark\u00e1csol\u00f3k \u00e9s a szakemberek sz\u00e1m\u00e1ra egyar\u00e1nt.<\/strong> Ecsettel, hengerrel vagy permetez\u00e9ssel t\u00f6rt\u00e9n\u0151 egyszer\u0171 alkalmaz\u00e1sra tervezt\u00e9k, \u00edgy ez a v\u00edzk\u0151old\u00f3 olyan felhaszn\u00e1l\u00f3k sz\u00e1m\u00e1ra is el\u00e9rhet\u0151v\u00e9 teszi a v\u00edzk\u0151 elt\u00e1vol\u00edt\u00e1s\u00e1t, akik nem rendelkeznek ipari berendez\u00e9sekkel. Egyszer\u0171s\u00edti az el\u0151k\u00e9sz\u00edt\u00e9st, mik\u00f6zben fenntartja a professzion\u00e1lis szabv\u00e1nyokat.<\/p>\n<p><strong><img decoding=\"async\" style=\"margin-right: 12px;\" src=\"https:\/\/www.cortenplus.com\/wp-content\/uploads\/2026\/02\/Check.svg\" alt=\"\" width=\"18\" height=\"15\" \/>Jav\u00edtja a k\u00e9s\u0151bbi kezel\u00e9sek tapad\u00e1s\u00e1t.<\/strong> Az\u00e1ltal, hogy a tiszta ac\u00e9lt felt\u00e1rja, a v\u00edzk\u0151old\u00f3 fokozza a rozsdagyors\u00edt\u00f3k hat\u00e9konys\u00e1g\u00e1t, \u00e9s jav\u00edtja a patin\u00e1sod\u00e1s ut\u00e1n felhordott t\u00f6m\u00edt\u0151anyagok \u00e9s lakkok tapad\u00e1s\u00e1t, hozz\u00e1j\u00e1rulva a hossz\u00fa t\u00e1v\u00fa tart\u00f3ss\u00e1ghoz.<\/p>\n<h2><strong>Utas\u00edt\u00e1sok<\/strong><\/h2>\n<ul>\n<li>Alkalmaz\u00e1s el\u0151tt gy\u0151z\u0151dj\u00f6n meg arr\u00f3l, hogy a cortenac\u00e9l fel\u00fclet sz\u00e1raz \u00e9s mentes a laza szennyez\u0151d\u00e9sekt\u0151l vagy t\u00f6rmel\u00e9kekt\u0151l.<\/li>\n<li>Viseljen megfelel\u0151 v\u00e9d\u0151felszerel\u00e9st, bele\u00e9rtve a keszty\u0171t, szemv\u00e9d\u0151t \u00e9s v\u00e9d\u0151ruh\u00e1zatot.<\/li>\n<li>Haszn\u00e1lat el\u0151tt alaposan r\u00e1zza fel vagy keverje fel a term\u00e9ket.<\/li>\n<li>A v\u00edzk\u0151old\u00f3t egyenletesen vigye fel ecsettel, hengerrel vagy vegyszer\u00e1ll\u00f3 permetez\u0151vel. Biztos\u00edtsa a l\u00e1that\u00f3 v\u00edzk\u0151vel bor\u00edtott ter\u00fcletek teljes lefedetts\u00e9g\u00e9t.<\/li>\n<li>Az aj\u00e1nlott adagol\u00e1s k\u00f6r\u00fclbel\u00fcl 125 ml n\u00e9gyzetm\u00e9terenk\u00e9nt, a malomk\u0151 vastags\u00e1g\u00e1t\u00f3l \u00e9s kem\u00e9nys\u00e9g\u00e9t\u0151l f\u00fcgg\u0151en.<\/li>\n<li>A fed\u0151k\u00e9pess\u00e9g ak\u00e1r 8 m\u00b2\/liter\/r\u00e9teg.<\/li>\n<li>Hagyja a term\u00e9ket 20-45 percig hatni. A reakci\u00f3id\u0151 a h\u0151m\u00e9rs\u00e9klett\u0151l \u00e9s a malomk\u0151 vastags\u00e1g\u00e1t\u00f3l f\u00fcgg\u0151en v\u00e1ltozhat.<\/li>\n<li>Figyelje meg a fel\u00fcletet, amint a v\u00edzk\u0151 elkezd lazulni \u00e9s lev\u00e1lni.<\/li>\n<li>Alaposan \u00f6bl\u00edtse le tiszta v\u00edzzel, hogy elt\u00e1vol\u00edtsa az oldott maradv\u00e1nyokat \u00e9s a lev\u00e1lt v\u00edzk\u0151zetet. A makacs ter\u00fcletek eset\u00e9ben az \u00f6bl\u00edt\u00e9s el\u0151tt k\u00f6nny\u0171 kef\u00e9z\u00e9sre lehet sz\u00fcks\u00e9g.<\/li>\n<li>Hagyja az ac\u00e9lt teljesen megsz\u00e1radni, miel\u0151tt sz\u00fcks\u00e9g eset\u00e9n zs\u00edrtalan\u00edt\u00f3t, majd rozsdagyors\u00edt\u00f3t alkalmazna. A fel\u00fcletnek a rozsdaaktiv\u00e1l\u00e1s el\u0151tt tiszt\u00e1nak, sz\u00e1raznak \u00e9s marad\u00e9kokt\u00f3l mentesnek kell lennie.<\/li>\n<\/ul>","protected":false},"excerpt":{"rendered":"<p>Effectively removes mill scale without sandblasting. Our corten steel descaler is specially formulated to eliminate mill scale from corten steel surfaces without the need for a sandblaster. It chemically breaks down the dense, dark oxide layer formed during hot rolling, exposing clean reactive steel underneath and creating the ideal base for applying a rust accelerator. [&hellip;]<\/p>\n","protected":false},"featured_media":23010,"comment_status":"open","ping_status":"closed","template":"","meta":{"_uag_custom_page_level_css":"","site-sidebar-layout":"default","site-content-layout":"","ast-site-content-layout":"default","site-content-style":"default","site-sidebar-style":"default","ast-global-header-display":"","ast-banner-title-visibility":"","ast-main-header-display":"","ast-hfb-above-header-display":"","ast-hfb-below-header-display":"","ast-hfb-mobile-header-display":"","site-post-title":"","ast-breadcrumbs-content":"","ast-featured-img":"","footer-sml-layout":"","ast-disable-related-posts":"","theme-transparent-header-meta":"default","adv-header-id-meta":"","stick-header-meta":"","header-above-stick-meta":"","header-main-stick-meta":"","header-below-stick-meta":"","astra-migrate-meta-layouts":"set","ast-page-background-enabled":"default","ast-page-background-meta":{"desktop":{"background-color":"var(--ast-global-color-4)","background-image":"","background-repeat":"repeat","background-position":"center center","background-size":"auto","background-attachment":"scroll","background-type":"","background-media":"","overlay-type":"","overlay-color":"","overlay-opacity":"","overlay-gradient":""},"tablet":{"background-color":"","background-image":"","background-repeat":"repeat","background-position":"center center","background-size":"auto","background-attachment":"scroll","background-type":"","background-media":"","overlay-type":"","overlay-color":"","overlay-opacity":"","overlay-gradient":""},"mobile":{"background-color":"","background-image":"","background-repeat":"repeat","background-position":"center center","background-size":"auto","background-attachment":"scroll","background-type":"","background-media":"","overlay-type":"","overlay-color":"","overlay-opacity":"","overlay-gradient":""}},"ast-content-background-meta":{"desktop":{"background-color":"var(--ast-global-color-5)","background-image":"","background-repeat":"repeat","background-position":"center center","background-size":"auto","background-attachment":"scroll","background-type":"","background-media":"","overlay-type":"","overlay-color":"","overlay-opacity":"","overlay-gradient":""},"tablet":{"background-color":"var(--ast-global-color-5)","background-image":"","background-repeat":"repeat","background-position":"center center","background-size":"auto","background-attachment":"scroll","background-type":"","background-media":"","overlay-type":"","overlay-color":"","overlay-opacity":"","overlay-gradient":""},"mobile":{"background-color":"var(--ast-global-color-5)","background-image":"","background-repeat":"repeat","background-position":"center center","background-size":"auto","background-attachment":"scroll","background-type":"","background-media":"","overlay-type":"","overlay-color":"","overlay-opacity":"","overlay-gradient":""}}},"product_brand":[],"product_cat":[15],"product_tag":[],"class_list":{"0":"post-22968","1":"product","2":"type-product","3":"status-publish","4":"has-post-thumbnail","6":"product_cat-shop","7":"desktop-align-left","8":"tablet-align-left","9":"mobile-align-left","11":"first","12":"instock","13":"sale","14":"shipping-taxable","15":"purchasable","16":"product-type-variable","17":"has-default-attributes"},"spectra_custom_meta":{"_visibility":["visible"],"_shopify_product_id":["1953667383369"],"_s2w_shopify_domain":["cortenplus.myshopify.com"],"_shopify_variant_id":["18096109518921"],"_manage_stock":["no"],"total_sales":["57"],"_tax_status":["taxable"],"_tax_class":[""],"_backorders":["no"],"_sold_individually":["no"],"_virtual":["no"],"_downloadable":["no"],"_download_limit":["-1"],"_download_expiry":["-1"],"_stock":[null],"_stock_status":["instock"],"_wc_average_rating":["4.93"],"_wc_review_count":["73"],"_product_attributes":["a:1:{s:6:\"volume\";a:6:{s:4:\"name\";s:6:\"Volume\";s:5:\"value\";s:30:\"1 liter | 5 liters | 25 liters\";s:8:\"position\";i:1;s:10:\"is_visible\";i:0;s:12:\"is_variation\";i:1;s:11:\"is_taxonomy\";i:0;}}"],"_product_version":["10.5.2"],"_thumbnail_id":["23010"],"_product_image_gallery":["23011,23012"],"_edit_lock":["1772287530:1"],"_edit_last":["1"],"_wp_page_template":["default"],"site-sidebar-layout":["default"],"ast-site-content-layout":["default"],"site-content-style":["default"],"site-sidebar-style":["default"],"theme-transparent-header-meta":["default"],"merchant-center-availability":["yes"],"merchant-center-category":["503741"],"_default_attributes":["a:1:{s:6:\"volume\";s:7:\"1 liter\";}"],"_wc_rating_count":["a:3:{i:3;i:1;i:4;i:3;i:5;i:69;}"],"_upsell_ids":["a:3:{i:0;i:22963;i:1;i:22974;i:2;i:22982;}"],"_crosssell_ids":["a:3:{i:0;i:22963;i:1;i:22974;i:2;i:22982;}"],"_price":["39.90","189.90","899.90"],"astra-migrate-meta-layouts":["set"],"_uag_css_file_name":["uag-css-22968.css"],"_elementor_page_assets":["a:0:{}"],"_uag_page_assets":["a:9:{s:3:\"css\";s:7133:\".uag-blocks-common-selector{z-index:var(--z-index-desktop) !important}@media(max-width: 976px){.uag-blocks-common-selector{z-index:var(--z-index-tablet) !important}}@media(max-width: 767px){.uag-blocks-common-selector{z-index:var(--z-index-mobile) !important}}.wp-block-uagb-image{display:flex}.wp-block-uagb-image__figure{position:relative;display:flex;flex-direction:column;max-width:100%;height:auto;margin:0}.wp-block-uagb-image__figure img{height:auto;display:flex;max-width:100%;transition:box-shadow .2s ease}.wp-block-uagb-image__figure>a{display:inline-block}.wp-block-uagb-image__figure figcaption{text-align:center;margin-top:.5em;margin-bottom:1em}.wp-block-uagb-image .components-placeholder.block-editor-media-placeholder .components-placeholder__instructions{align-self:center}.wp-block-uagb-image--align-left{text-align:left}.wp-block-uagb-image--align-right{text-align:right}.wp-block-uagb-image--align-center{text-align:center}.wp-block-uagb-image--align-full .wp-block-uagb-image__figure{margin-left:calc(50% - 50vw);margin-right:calc(50% - 50vw);max-width:100vw;width:100vw;height:auto}.wp-block-uagb-image--align-full .wp-block-uagb-image__figure img{height:auto;width:100% !important}.wp-block-uagb-image--align-wide .wp-block-uagb-image__figure img{height:auto;width:100%}.wp-block-uagb-image--layout-overlay__color-wrapper{position:absolute;left:0;top:0;right:0;bottom:0;opacity:.2;background:rgba(0,0,0,.5);transition:opacity .35s ease-in-out}.wp-block-uagb-image--layout-overlay-link{position:absolute;left:0;right:0;bottom:0;top:0}.wp-block-uagb-image--layout-overlay .wp-block-uagb-image__figure:hover .wp-block-uagb-image--layout-overlay__color-wrapper{opacity:1}.wp-block-uagb-image--layout-overlay__inner{position:absolute;left:15px;right:15px;bottom:15px;top:15px;display:flex;align-items:center;justify-content:center;flex-direction:column;border-color:#fff;transition:.35s ease-in-out}.wp-block-uagb-image--layout-overlay__inner.top-left,.wp-block-uagb-image--layout-overlay__inner.top-center,.wp-block-uagb-image--layout-overlay__inner.top-right{justify-content:flex-start}.wp-block-uagb-image--layout-overlay__inner.bottom-left,.wp-block-uagb-image--layout-overlay__inner.bottom-center,.wp-block-uagb-image--layout-overlay__inner.bottom-right{justify-content:flex-end}.wp-block-uagb-image--layout-overlay__inner.top-left,.wp-block-uagb-image--layout-overlay__inner.center-left,.wp-block-uagb-image--layout-overlay__inner.bottom-left{align-items:flex-start}.wp-block-uagb-image--layout-overlay__inner.top-right,.wp-block-uagb-image--layout-overlay__inner.center-right,.wp-block-uagb-image--layout-overlay__inner.bottom-right{align-items:flex-end}.wp-block-uagb-image--layout-overlay__inner .uagb-image-heading{color:#fff;transition:transform .35s,opacity .35s ease-in-out;transform:translate3d(0, 24px, 0);margin:0;line-height:1em}.wp-block-uagb-image--layout-overlay__inner .uagb-image-separator{width:30%;border-top-width:2px;border-top-color:#fff;border-top-style:solid;margin-bottom:10px;opacity:0;transition:transform .4s,opacity .4s ease-in-out;transform:translate3d(0, 30px, 0)}.wp-block-uagb-image--layout-overlay__inner .uagb-image-caption{opacity:0;overflow:visible;color:#fff;transition:transform .45s,opacity .45s ease-in-out;transform:translate3d(0, 35px, 0)}.wp-block-uagb-image--layout-overlay__inner:hover .uagb-image-heading,.wp-block-uagb-image--layout-overlay__inner:hover .uagb-image-separator,.wp-block-uagb-image--layout-overlay__inner:hover .uagb-image-caption{opacity:1;transform:translate3d(0, 0, 0)}.wp-block-uagb-image--effect-zoomin .wp-block-uagb-image__figure img,.wp-block-uagb-image--effect-zoomin .wp-block-uagb-image__figure .wp-block-uagb-image--layout-overlay__color-wrapper{transform:scale(1);transition:transform .35s ease-in-out}.wp-block-uagb-image--effect-zoomin .wp-block-uagb-image__figure:hover img,.wp-block-uagb-image--effect-zoomin .wp-block-uagb-image__figure:hover .wp-block-uagb-image--layout-overlay__color-wrapper{transform:scale(1.05)}.wp-block-uagb-image--effect-slide .wp-block-uagb-image__figure img,.wp-block-uagb-image--effect-slide .wp-block-uagb-image__figure .wp-block-uagb-image--layout-overlay__color-wrapper{width:calc(100% + 40px) !important;max-width:none !important;transform:translate3d(-40px, 0, 0);transition:transform .35s ease-in-out}.wp-block-uagb-image--effect-slide .wp-block-uagb-image__figure:hover img,.wp-block-uagb-image--effect-slide .wp-block-uagb-image__figure:hover .wp-block-uagb-image--layout-overlay__color-wrapper{transform:translate3d(0, 0, 0)}.wp-block-uagb-image--effect-grayscale img{filter:grayscale(0%);transition:.35s ease-in-out}.wp-block-uagb-image--effect-grayscale:hover img{filter:grayscale(100%)}.wp-block-uagb-image--effect-blur img{filter:blur(0);transition:.35s ease-in-out}.wp-block-uagb-image--effect-blur:hover img{filter:blur(3px)}.uagb-block-e6f939b3.wp-block-uagb-image--layout-default figure img{box-shadow: 0px 0px 0 #00000070;}.uagb-block-e6f939b3.wp-block-uagb-image .wp-block-uagb-image__figure figcaption{font-style: normal;align-self: center;}.uagb-block-e6f939b3.wp-block-uagb-image--layout-overlay figure img{box-shadow: 0px 0px 0 #00000070;}.uagb-block-e6f939b3.wp-block-uagb-image--layout-overlay .wp-block-uagb-image--layout-overlay__color-wrapper{opacity: 0.2;}.uagb-block-e6f939b3.wp-block-uagb-image--layout-overlay .wp-block-uagb-image--layout-overlay__inner{left: 15px;right: 15px;top: 15px;bottom: 15px;}.uagb-block-e6f939b3.wp-block-uagb-image--layout-overlay .wp-block-uagb-image--layout-overlay__inner .uagb-image-heading{font-style: normal;color: #fff;opacity: 1;}.uagb-block-e6f939b3.wp-block-uagb-image--layout-overlay .wp-block-uagb-image--layout-overlay__inner .uagb-image-heading a{color: #fff;}.uagb-block-e6f939b3.wp-block-uagb-image--layout-overlay .wp-block-uagb-image--layout-overlay__inner .uagb-image-caption{opacity: 0;}.uagb-block-e6f939b3.wp-block-uagb-image--layout-overlay .wp-block-uagb-image__figure:hover .wp-block-uagb-image--layout-overlay__color-wrapper{opacity: 1;}.uagb-block-e6f939b3.wp-block-uagb-image .wp-block-uagb-image--layout-overlay__inner .uagb-image-separator{width: 30%;border-top-width: 2px;border-top-color: #fff;opacity: 0;}.uagb-block-e6f939b3.wp-block-uagb-image .wp-block-uagb-image__figure img{width: px;height: auto;}.uagb-block-e6f939b3.wp-block-uagb-image .wp-block-uagb-image__figure:hover .wp-block-uagb-image--layout-overlay__inner .uagb-image-caption{opacity: 1;}.uagb-block-e6f939b3.wp-block-uagb-image .wp-block-uagb-image__figure:hover .wp-block-uagb-image--layout-overlay__inner .uagb-image-separator{opacity: 1;}.uagb-block-e6f939b3.wp-block-uagb-image--layout-default figure:hover img{box-shadow: 0px 0px 0 #00000070;}.uagb-block-e6f939b3.wp-block-uagb-image--layout-overlay figure:hover img{box-shadow: 0px 0px 0 #00000070;}@media only screen and (max-width: 976px) {.uagb-block-e6f939b3.wp-block-uagb-image .wp-block-uagb-image__figure img{width: px;height: auto;}}@media only screen and (max-width: 767px) {.uagb-block-e6f939b3.wp-block-uagb-image .wp-block-uagb-image__figure img{width: px;height: auto;}}\";s:2:\"js\";s:0:\"\";s:18:\"current_block_list\";a:13:{i:0;s:11:\"core\/search\";i:1;s:10:\"core\/group\";i:2;s:12:\"core\/heading\";i:3;s:17:\"core\/latest-posts\";i:4;s:20:\"core\/latest-comments\";i:5;s:13:\"core\/archives\";i:6;s:15:\"core\/categories\";i:7;s:14:\"core\/paragraph\";i:8;s:10:\"uagb\/image\";i:9;s:11:\"core\/spacer\";i:10;s:30:\"woocommerce\/product-categories\";i:11;s:10:\"core\/image\";i:12;s:14:\"core\/shortcode\";}s:8:\"uag_flag\";b:1;s:11:\"uag_version\";s:10:\"1777062354\";s:6:\"gfonts\";a:0:{}s:10:\"gfonts_url\";s:0:\"\";s:12:\"gfonts_files\";a:0:{}s:14:\"uag_faq_layout\";b:0;}"]},"uagb_featured_image_src":{"full":["https:\/\/www.cortenplus.com\/wp-content\/uploads\/2025\/06\/Descaler_1L_23.jpg",2560,2560,false],"thumbnail":["https:\/\/www.cortenplus.com\/wp-content\/uploads\/2025\/06\/Descaler_1L_23-150x150.jpg",150,150,true],"medium":["https:\/\/www.cortenplus.com\/wp-content\/uploads\/2025\/06\/Descaler_1L_23-300x300.jpg",300,300,true],"medium_large":["https:\/\/www.cortenplus.com\/wp-content\/uploads\/2025\/06\/Descaler_1L_23-768x768.jpg",768,768,true],"large":["https:\/\/www.cortenplus.com\/wp-content\/uploads\/2025\/06\/Descaler_1L_23-1024x1024.jpg",1024,1024,true],"1536x1536":["https:\/\/www.cortenplus.com\/wp-content\/uploads\/2025\/06\/Descaler_1L_23-1536x1536.jpg",1536,1536,true],"2048x2048":["https:\/\/www.cortenplus.com\/wp-content\/uploads\/2025\/06\/Descaler_1L_23-2048x2048.jpg",2048,2048,true],"trp-custom-language-flag":["https:\/\/www.cortenplus.com\/wp-content\/uploads\/2025\/06\/Descaler_1L_23-12x12.jpg",12,12,true],"woocommerce_thumbnail":["https:\/\/www.cortenplus.com\/wp-content\/uploads\/2025\/06\/Descaler_1L_23-300x300.jpg",300,300,true],"woocommerce_single":["https:\/\/www.cortenplus.com\/wp-content\/uploads\/2025\/06\/Descaler_1L_23-600x600.jpg",600,600,true],"woocommerce_gallery_thumbnail":["https:\/\/www.cortenplus.com\/wp-content\/uploads\/2025\/06\/Descaler_1L_23-100x100.jpg",100,100,true]},"uagb_author_info":{"display_name":"admin","author_link":"https:\/\/www.cortenplus.com\/hu\/author\/"},"uagb_comment_info":73,"uagb_excerpt":"Effectively removes mill scale without sandblasting. Our corten steel descaler is specially formulated to eliminate mill scale from corten steel surfaces without the need for a sandblaster. It chemically breaks down the dense, dark oxide layer formed during hot rolling, exposing clean reactive steel underneath and creating the ideal base for applying a rust accelerator.&hellip;","_links":{"self":[{"href":"https:\/\/www.cortenplus.com\/hu\/wp-json\/wp\/v2\/product\/22968","targetHints":{"allow":["GET"]}}],"collection":[{"href":"https:\/\/www.cortenplus.com\/hu\/wp-json\/wp\/v2\/product"}],"about":[{"href":"https:\/\/www.cortenplus.com\/hu\/wp-json\/wp\/v2\/types\/product"}],"replies":[{"embeddable":true,"href":"https:\/\/www.cortenplus.com\/hu\/wp-json\/wp\/v2\/comments?post=22968"}],"version-history":[{"count":3,"href":"https:\/\/www.cortenplus.com\/hu\/wp-json\/wp\/v2\/product\/22968\/revisions"}],"predecessor-version":[{"id":26208,"href":"https:\/\/www.cortenplus.com\/hu\/wp-json\/wp\/v2\/product\/22968\/revisions\/26208"}],"wp:featuredmedia":[{"embeddable":true,"href":"https:\/\/www.cortenplus.com\/hu\/wp-json\/wp\/v2\/media\/23010"}],"wp:attachment":[{"href":"https:\/\/www.cortenplus.com\/hu\/wp-json\/wp\/v2\/media?parent=22968"}],"wp:term":[{"taxonomy":"product_brand","embeddable":true,"href":"https:\/\/www.cortenplus.com\/hu\/wp-json\/wp\/v2\/product_brand?post=22968"},{"taxonomy":"product_cat","embeddable":true,"href":"https:\/\/www.cortenplus.com\/hu\/wp-json\/wp\/v2\/product_cat?post=22968"},{"taxonomy":"product_tag","embeddable":true,"href":"https:\/\/www.cortenplus.com\/hu\/wp-json\/wp\/v2\/product_tag?post=22968"}],"curies":[{"name":"wp","href":"https:\/\/api.w.org\/{rel}","templated":true}]}}