{"id":22963,"date":"2025-06-02T08:36:26","date_gmt":"2025-06-02T06:36:26","guid":{"rendered":"https:\/\/www.cortenplus.com\/products\/degreaser\/"},"modified":"2026-02-28T15:04:24","modified_gmt":"2026-02-28T14:04:24","slug":"degreaser","status":"publish","type":"product","link":"https:\/\/www.cortenplus.com\/hu\/products\/degreaser\/","title":{"rendered":"Zs\u00edrold\u00f3"},"content":{"rendered":"<p><strong><img decoding=\"async\" style=\"margin-right: 12px;\" src=\"https:\/\/www.cortenplus.com\/wp-content\/uploads\/2026\/02\/Check.svg\" alt=\"\" width=\"18\" height=\"15\" \/>T\u00f6k\u00e9letesen el\u0151k\u00e9sz\u00edti a cortenac\u00e9lt a rozsdagyors\u00edt\u00f3 alkalmaz\u00e1sa el\u0151tt.<\/strong> Cortenac\u00e9l zs\u00edrtalan\u00edt\u00f3nk kifejezetten a f\u00e9mfel\u00fcletek tiszt\u00edt\u00e1s\u00e1ra \u00e9s el\u0151k\u00e9sz\u00edt\u00e9s\u00e9re szolg\u00e1l a rozsdagyors\u00edt\u00f3 alkalmaz\u00e1sa el\u0151tt. Elt\u00e1vol\u00edtja az olajokat, zs\u00edrokat, gy\u00e1rt\u00e1si maradv\u00e1nyokat \u00e9s kezel\u00e9si szennyez\u0151d\u00e9seket, amelyek megakad\u00e1lyozhatj\u00e1k az egyenletes oxid\u00e1ci\u00f3t, biztos\u00edtva, hogy a rozsd\u00e1sod\u00e1s folyamata egyenletesen \u00e9s hat\u00e9konyan fejl\u0151dj\u00f6n a teljes fel\u00fcleten.<\/p>\n<p><strong><img decoding=\"async\" style=\"margin-right: 12px;\" src=\"https:\/\/www.cortenplus.com\/wp-content\/uploads\/2026\/02\/Check.svg\" alt=\"\" width=\"18\" height=\"15\" \/>A leghat\u00e9konyabb zs\u00edrtalan\u00edt\u00f3 megold\u00e1s a rozsda optim\u00e1lis aktiv\u00e1l\u00e1s\u00e1hoz.<\/strong> Ez a leghat\u00e9konyabb zs\u00edrtalan\u00edt\u00f3 a cortenac\u00e9l el\u0151k\u00e9sz\u00edt\u00e9s\u00e9hez, mivel m\u00e9lyen behatol a fel\u00fcleti szennyez\u0151d\u00e9sekbe, \u00e9s elt\u00e1vol\u00edtja a makacs maradv\u00e1nyokat, amelyeket a szok\u00e1sos tiszt\u00edt\u00f3szerek h\u00e1trahagynak. A f\u00e9m alapos tiszt\u00edt\u00e1s\u00e1val garant\u00e1lja a maxim\u00e1lis reakci\u00f3k\u00e9pess\u00e9get a rozsdagyors\u00edt\u00f3 alkalmaz\u00e1sakor, ami gyorsabb, homog\u00e9nebb patinak\u00e9pz\u0151d\u00e9st eredm\u00e9nyez.<\/p>\n<p><strong><img decoding=\"async\" style=\"margin-right: 12px;\" src=\"https:\/\/www.cortenplus.com\/wp-content\/uploads\/2026\/02\/Check.svg\" alt=\"\" width=\"18\" height=\"15\" \/>A legolcs\u00f3bb professzion\u00e1lis min\u0151s\u00e9g\u0171 megold\u00e1s a piacon.<\/strong> Ezt a nagy teljes\u00edtm\u00e9ny\u0171 cortenac\u00e9l zs\u00edrtalan\u00edt\u00f3t az el\u00e9rhet\u0151 legversenyk\u00e9pesebb \u00e1ron k\u00edn\u00e1ljuk. Professzion\u00e1lis szint\u0171 eredm\u00e9nyeket ny\u00fajt, mik\u00f6zben kateg\u00f3ri\u00e1j\u00e1ban a legolcs\u00f3bb megold\u00e1s marad, \u00edgy a v\u00e1llalkoz\u00f3k, gy\u00e1rt\u00f3k \u00e9s bark\u00e1csol\u00f3k pr\u00e9mium min\u0151s\u00e9g\u0171 el\u0151k\u00e9sz\u00edt\u00e9st \u00e9rhetnek el an\u00e9lk\u00fcl, hogy a projektk\u00f6lts\u00e9gek megn\u00f6vekedn\u00e9nek.<\/p>\n<p><strong><img decoding=\"async\" style=\"margin-right: 12px;\" src=\"https:\/\/www.cortenplus.com\/wp-content\/uploads\/2026\/02\/Check.svg\" alt=\"\" width=\"18\" height=\"15\" \/>24 \u00f3r\u00e1s sz\u00e1ll\u00edt\u00e1s a projekt \u00fctemez\u00e9s\u00e9nek betart\u00e1sa \u00e9rdek\u00e9ben.<\/strong> Az id\u0151 kritikus a f\u00e9mkezel\u00e9si projektekn\u00e9l, ez\u00e9rt garant\u00e1ljuk a 24 \u00f3r\u00e1s sz\u00e1ll\u00edt\u00e1st. \u00d6n gyorsan megkapja a zs\u00edrtalan\u00edt\u00f3t, \u00edgy azonnal folytathatja a fel\u00fclet el\u0151k\u00e9sz\u00edt\u00e9s\u00e9t \u00e9s a rozsda gyors\u00edt\u00e1s\u00e1t felesleges \u00e1ll\u00e1sid\u0151 n\u00e9lk\u00fcl.<\/p>\n<p><strong><img decoding=\"async\" style=\"margin-right: 12px;\" src=\"https:\/\/www.cortenplus.com\/wp-content\/uploads\/2026\/02\/Check.svg\" alt=\"\" width=\"18\" height=\"15\" \/>P\u00e9nzvisszafizet\u00e9si garancia a teljes bizalom\u00e9rt.<\/strong> Teljes m\u00e9rt\u00e9kben ki\u00e1llunk cortenac\u00e9l zs\u00edrtalan\u00edt\u00f3ink min\u0151s\u00e9ge \u00e9s hat\u00e9konys\u00e1ga mellett. Ha nem el\u00e9gedett a teljes\u00edtm\u00e9ny\u00e9vel, p\u00e9nzvisszafizet\u00e9si garanci\u00e1t v\u00e1llalunk. Egyszer\u0171en vegye fel vel\u00fcnk a kapcsolatot, \u00e9s mi visszat\u00e9r\u00edtj\u00fck a v\u00e9tel\u00e1rat, \u00edgy biztos\u00edtva egy teljesen kock\u00e1zatmentes beruh\u00e1z\u00e1st.<\/p>\n<p><strong><img decoding=\"async\" style=\"margin-right: 12px;\" src=\"https:\/\/www.cortenplus.com\/wp-content\/uploads\/2026\/02\/Check.svg\" alt=\"\" width=\"18\" height=\"15\" \/>Magas fed\u00e9si ar\u00e1ny a gazdas\u00e1gos haszn\u00e1lat \u00e9rdek\u00e9ben.<\/strong> Zs\u00edrtalan\u00edt\u00f3szer\u00fcnk kiv\u00e1l\u00f3 fedetts\u00e9get biztos\u00edt, literenk\u00e9nt ak\u00e1r 15 m\u00b2-t is el\u00e9rhet, a fel\u00fclet \u00e1llapot\u00e1t\u00f3l \u00e9s a szennyez\u0151d\u00e9s szintj\u00e9t\u0151l f\u00fcgg\u0151en. Ez a b\u0151s\u00e9ges fedetts\u00e9g biztos\u00edtja a nagym\u00e9ret\u0171 f\u00e9mlemezek, szerkezetek, szobrok \u00e9s \u00e9p\u00edt\u00e9szeti elemek k\u00f6lts\u00e9ghat\u00e9kony el\u0151k\u00e9sz\u00edt\u00e9s\u00e9t.<\/p>\n<p><strong><img decoding=\"async\" style=\"margin-right: 12px;\" src=\"https:\/\/www.cortenplus.com\/wp-content\/uploads\/2026\/02\/Check.svg\" alt=\"\" width=\"18\" height=\"15\" \/>Biztos\u00edtja az egyenletes \u00e9s ellen\u0151rz\u00f6tt rozsdak\u00e9pz\u0151d\u00e9st.<\/strong> B\u00e1rmilyen olaj- vagy zs\u00edrmaradv\u00e1ny foltos vagy egyenetlen oxid\u00e1ci\u00f3t okozhat. A fel\u00fclet alapos zs\u00edrtalan\u00edt\u00e1s\u00e1val ez a term\u00e9k el\u0151seg\u00edti az ac\u00e9l \u00e9s a rozsdagyors\u00edt\u00f3 k\u00f6z\u00f6tti egyenletes kapcsolatot, ami kiegyens\u00falyozott \u00e9s eszt\u00e9tikus corten patin\u00e1t eredm\u00e9nyez.<\/p>\n<p><strong><img decoding=\"async\" style=\"margin-right: 12px;\" src=\"https:\/\/www.cortenplus.com\/wp-content\/uploads\/2026\/02\/Check.svg\" alt=\"\" width=\"18\" height=\"15\" \/>Gyorsan hat\u00f3 formula a hat\u00e9kony munkafolyamat\u00e9rt.<\/strong> A zs\u00edrtalan\u00edt\u00f3 gyorsan feloldja \u00e9s elt\u00e1vol\u00edtja a szennyez\u0151d\u00e9seket, cs\u00f6kkentve az el\u0151k\u00e9sz\u00edt\u00e9si id\u0151t. Tiszt\u00e1n elp\u00e1rolog an\u00e9lk\u00fcl, hogy olyan maradv\u00e1nyokat hagyna maga ut\u00e1n, amelyek zavarhatj\u00e1k a k\u00e9s\u0151bbi kezel\u00e9seket.<\/p>\n<p><strong><img decoding=\"async\" style=\"margin-right: 12px;\" src=\"https:\/\/www.cortenplus.com\/wp-content\/uploads\/2026\/02\/Check.svg\" alt=\"\" width=\"18\" height=\"15\" \/>Alkalmas \u00faj \u00e9s kor\u00e1bban kezelt ac\u00e9lhoz.<\/strong> Ak\u00e1r frissen gy\u00e1rtott, ak\u00e1r sz\u00e1ll\u00edtott, ak\u00e1r t\u00e1rolt, ak\u00e1r a helysz\u00ednen kezelt cortenac\u00e9lr\u00f3l van sz\u00f3, ez a zs\u00edrtalan\u00edt\u00f3 hat\u00e9konyan elt\u00e1vol\u00edtja az ujjlenyomatokat, a megmunk\u00e1l\u00e1si olajokat, a v\u00e9d\u0151filmeket \u00e9s a k\u00f6rnyezeti szennyez\u0151d\u00e9seket.<\/p>\n<p><strong><img decoding=\"async\" style=\"margin-right: 12px;\" src=\"https:\/\/www.cortenplus.com\/wp-content\/uploads\/2026\/02\/Check.svg\" alt=\"\" width=\"18\" height=\"15\" \/>Jav\u00edtja a k\u00e9s\u0151bbi kezel\u00e9sek tapad\u00e1s\u00e1t.<\/strong> A rozsda gyors\u00edt\u00e1s\u00e1n t\u00fal a megfelel\u0151en zs\u00edrtalan\u00edtott ac\u00e9l jav\u00edtja a patin\u00e1sod\u00e1s ut\u00e1n alkalmazott t\u00f6m\u00edt\u0151anyagok, lakkok \u00e9s v\u00e9d\u0151bevonatok teljes\u00edtm\u00e9ny\u00e9t \u00e9s tapad\u00e1s\u00e1t, hozz\u00e1j\u00e1rulva a hosszabb \u00e9lettartam\u00fa fel\u00fclethez.<\/p>\n<h2><strong>Utas\u00edt\u00e1sok<\/strong><\/h2>\n<ul>\n<li>Alkalmaz\u00e1s el\u0151tt gy\u0151z\u0151dj\u00f6n meg arr\u00f3l, hogy a cortenac\u00e9l fel\u00fclet sz\u00e1raz \u00e9s mentes a laza t\u00f6rmel\u00e9kekt\u0151l.<\/li>\n<li>Haszn\u00e1lat el\u0151tt j\u00f3l r\u00e1zza fel a tart\u00e1lyt.<\/li>\n<li>Vigye fel a zs\u00edrtalan\u00edt\u00f3t tiszta ruh\u00e1val, szivaccsal, ecsettel vagy alacsony nyom\u00e1s\u00fa permetez\u0151vel.<\/li>\n<li>A teljes kezelend\u0151 fel\u00fcleten egyenletesen oszlassuk el, biztos\u00edtva a teljes fedetts\u00e9get. Az aj\u00e1nlott adagol\u00e1s k\u00f6r\u00fclbel\u00fcl 65-70 ml n\u00e9gyzetm\u00e9terenk\u00e9nt, a szennyez\u0151d\u00e9s m\u00e9rt\u00e9k\u00e9t\u0151l f\u00fcgg\u0151en.<\/li>\n<li>Norm\u00e1l k\u00f6r\u00fclm\u00e9nyek k\u00f6z\u00f6tt literenk\u00e9nt legfeljebb 15 m\u00b2 fed\u0151k\u00e9pess\u00e9g \u00e9rhet\u0151 el.<\/li>\n<li>Hagyja a term\u00e9ket 5-10 percig hatni, hogy feloldja az olajokat \u00e9s a marad\u00e9kokat.<\/li>\n<li>Az oldott szennyez\u0151d\u00e9sek elt\u00e1vol\u00edt\u00e1sa \u00e9rdek\u00e9ben alaposan t\u00f6r\u00f6lje \u00e1t a fel\u00fcletet tiszta, sz\u00f6szmentes ruh\u00e1val.<\/li>\n<li>Ha sz\u00fcks\u00e9ges, ism\u00e9telje meg a kezel\u00e9st az er\u0151sen szennyezett ter\u00fcleteken.<\/li>\n<li>A rozsdagyors\u00edt\u00f3 felvitele el\u0151tt hagyja az ac\u00e9lt teljesen megsz\u00e1radni. A fel\u00fcletnek teljesen sz\u00e1raznak \u00e9s marad\u00e9kmentesnek kell lennie.<\/li>\n<li>Az \u00fajraszennyez\u0151d\u00e9s elker\u00fcl\u00e9se \u00e9rdek\u00e9ben a fel\u00fclet el\u0151k\u00e9sz\u00edt\u00e9se ut\u00e1n azonnal folytassa a rozsdagyors\u00edt\u00f3 felhord\u00e1s\u00e1t.<\/li>\n<\/ul>","protected":false},"excerpt":{"rendered":"<p>Prepares corten steel perfectly before applying a rust accelerator. Our corten steel degreaser is specifically formulated to clean and prepare metal surfaces prior to the application of a rust accelerator. It removes oils, grease, manufacturing residues, and handling contaminants that can prevent uniform oxidation, ensuring the rusting process develops evenly and effectively across the entire [&hellip;]<\/p>\n","protected":false},"featured_media":23006,"comment_status":"open","ping_status":"closed","template":"","meta":{"_uag_custom_page_level_css":"","site-sidebar-layout":"default","site-content-layout":"","ast-site-content-layout":"default","site-content-style":"default","site-sidebar-style":"default","ast-global-header-display":"","ast-banner-title-visibility":"","ast-main-header-display":"","ast-hfb-above-header-display":"","ast-hfb-below-header-display":"","ast-hfb-mobile-header-display":"","site-post-title":"","ast-breadcrumbs-content":"","ast-featured-img":"","footer-sml-layout":"","ast-disable-related-posts":"","theme-transparent-header-meta":"default","adv-header-id-meta":"","stick-header-meta":"","header-above-stick-meta":"","header-main-stick-meta":"","header-below-stick-meta":"","astra-migrate-meta-layouts":"set","ast-page-background-enabled":"default","ast-page-background-meta":{"desktop":{"background-color":"var(--ast-global-color-4)","background-image":"","background-repeat":"repeat","background-position":"center center","background-size":"auto","background-attachment":"scroll","background-type":"","background-media":"","overlay-type":"","overlay-color":"","overlay-opacity":"","overlay-gradient":""},"tablet":{"background-color":"","background-image":"","background-repeat":"repeat","background-position":"center center","background-size":"auto","background-attachment":"scroll","background-type":"","background-media":"","overlay-type":"","overlay-color":"","overlay-opacity":"","overlay-gradient":""},"mobile":{"background-color":"","background-image":"","background-repeat":"repeat","background-position":"center center","background-size":"auto","background-attachment":"scroll","background-type":"","background-media":"","overlay-type":"","overlay-color":"","overlay-opacity":"","overlay-gradient":""}},"ast-content-background-meta":{"desktop":{"background-color":"var(--ast-global-color-5)","background-image":"","background-repeat":"repeat","background-position":"center center","background-size":"auto","background-attachment":"scroll","background-type":"","background-media":"","overlay-type":"","overlay-color":"","overlay-opacity":"","overlay-gradient":""},"tablet":{"background-color":"var(--ast-global-color-5)","background-image":"","background-repeat":"repeat","background-position":"center center","background-size":"auto","background-attachment":"scroll","background-type":"","background-media":"","overlay-type":"","overlay-color":"","overlay-opacity":"","overlay-gradient":""},"mobile":{"background-color":"var(--ast-global-color-5)","background-image":"","background-repeat":"repeat","background-position":"center center","background-size":"auto","background-attachment":"scroll","background-type":"","background-media":"","overlay-type":"","overlay-color":"","overlay-opacity":"","overlay-gradient":""}}},"product_brand":[],"product_cat":[15],"product_tag":[],"class_list":{"0":"post-22963","1":"product","2":"type-product","3":"status-publish","4":"has-post-thumbnail","6":"product_cat-shop","7":"desktop-align-left","8":"tablet-align-left","9":"mobile-align-left","11":"first","12":"instock","13":"sale","14":"shipping-taxable","15":"purchasable","16":"product-type-variable","17":"has-default-attributes"},"spectra_custom_meta":{"_visibility":["visible"],"_shopify_product_id":["1462387179593"],"_s2w_shopify_domain":["cortenplus.myshopify.com"],"_shopify_variant_id":["12628893597769"],"_manage_stock":["no"],"total_sales":["201"],"_tax_status":["taxable"],"_tax_class":[""],"_backorders":["no"],"_sold_individually":["no"],"_virtual":["no"],"_downloadable":["no"],"_download_limit":["-1"],"_download_expiry":["-1"],"_stock":[null],"_stock_status":["instock"],"_wc_average_rating":["4.82"],"_wc_review_count":["66"],"_product_attributes":["a:1:{s:6:\"volume\";a:6:{s:4:\"name\";s:6:\"Volume\";s:5:\"value\";s:30:\"1 liter | 5 liters | 25 liters\";s:8:\"position\";i:1;s:10:\"is_visible\";i:0;s:12:\"is_variation\";i:1;s:11:\"is_taxonomy\";i:0;}}"],"_product_version":["10.5.2"],"_thumbnail_id":["23006"],"_product_image_gallery":["23007,23008"],"_edit_lock":["1772287402:1"],"_edit_last":["1"],"_wp_page_template":["default"],"site-sidebar-layout":["default"],"ast-site-content-layout":["default"],"site-content-style":["default"],"site-sidebar-style":["default"],"theme-transparent-header-meta":["default"],"merchant-center-availability":["yes"],"merchant-center-category":["503741"],"_default_attributes":["a:1:{s:6:\"volume\";s:7:\"1 liter\";}"],"_wc_rating_count":["a:3:{i:3;i:1;i:4;i:10;i:5;i:55;}"],"_upsell_ids":["a:3:{i:0;i:22968;i:1;i:22974;i:2;i:22982;}"],"_crosssell_ids":["a:3:{i:0;i:22968;i:1;i:22974;i:2;i:22982;}"],"_price":["14.90","59.90","299.90"],"astra-migrate-meta-layouts":["set"],"_uag_css_file_name":["uag-css-22963.css"],"_elementor_page_assets":["a:0:{}"],"_uag_page_assets":["a:9:{s:3:\"css\";s:7133:\".uag-blocks-common-selector{z-index:var(--z-index-desktop) !important}@media(max-width: 976px){.uag-blocks-common-selector{z-index:var(--z-index-tablet) !important}}@media(max-width: 767px){.uag-blocks-common-selector{z-index:var(--z-index-mobile) !important}}.wp-block-uagb-image{display:flex}.wp-block-uagb-image__figure{position:relative;display:flex;flex-direction:column;max-width:100%;height:auto;margin:0}.wp-block-uagb-image__figure img{height:auto;display:flex;max-width:100%;transition:box-shadow .2s ease}.wp-block-uagb-image__figure>a{display:inline-block}.wp-block-uagb-image__figure figcaption{text-align:center;margin-top:.5em;margin-bottom:1em}.wp-block-uagb-image .components-placeholder.block-editor-media-placeholder .components-placeholder__instructions{align-self:center}.wp-block-uagb-image--align-left{text-align:left}.wp-block-uagb-image--align-right{text-align:right}.wp-block-uagb-image--align-center{text-align:center}.wp-block-uagb-image--align-full .wp-block-uagb-image__figure{margin-left:calc(50% - 50vw);margin-right:calc(50% - 50vw);max-width:100vw;width:100vw;height:auto}.wp-block-uagb-image--align-full .wp-block-uagb-image__figure img{height:auto;width:100% !important}.wp-block-uagb-image--align-wide .wp-block-uagb-image__figure img{height:auto;width:100%}.wp-block-uagb-image--layout-overlay__color-wrapper{position:absolute;left:0;top:0;right:0;bottom:0;opacity:.2;background:rgba(0,0,0,.5);transition:opacity .35s ease-in-out}.wp-block-uagb-image--layout-overlay-link{position:absolute;left:0;right:0;bottom:0;top:0}.wp-block-uagb-image--layout-overlay .wp-block-uagb-image__figure:hover .wp-block-uagb-image--layout-overlay__color-wrapper{opacity:1}.wp-block-uagb-image--layout-overlay__inner{position:absolute;left:15px;right:15px;bottom:15px;top:15px;display:flex;align-items:center;justify-content:center;flex-direction:column;border-color:#fff;transition:.35s ease-in-out}.wp-block-uagb-image--layout-overlay__inner.top-left,.wp-block-uagb-image--layout-overlay__inner.top-center,.wp-block-uagb-image--layout-overlay__inner.top-right{justify-content:flex-start}.wp-block-uagb-image--layout-overlay__inner.bottom-left,.wp-block-uagb-image--layout-overlay__inner.bottom-center,.wp-block-uagb-image--layout-overlay__inner.bottom-right{justify-content:flex-end}.wp-block-uagb-image--layout-overlay__inner.top-left,.wp-block-uagb-image--layout-overlay__inner.center-left,.wp-block-uagb-image--layout-overlay__inner.bottom-left{align-items:flex-start}.wp-block-uagb-image--layout-overlay__inner.top-right,.wp-block-uagb-image--layout-overlay__inner.center-right,.wp-block-uagb-image--layout-overlay__inner.bottom-right{align-items:flex-end}.wp-block-uagb-image--layout-overlay__inner .uagb-image-heading{color:#fff;transition:transform .35s,opacity .35s ease-in-out;transform:translate3d(0, 24px, 0);margin:0;line-height:1em}.wp-block-uagb-image--layout-overlay__inner .uagb-image-separator{width:30%;border-top-width:2px;border-top-color:#fff;border-top-style:solid;margin-bottom:10px;opacity:0;transition:transform .4s,opacity .4s ease-in-out;transform:translate3d(0, 30px, 0)}.wp-block-uagb-image--layout-overlay__inner .uagb-image-caption{opacity:0;overflow:visible;color:#fff;transition:transform .45s,opacity .45s ease-in-out;transform:translate3d(0, 35px, 0)}.wp-block-uagb-image--layout-overlay__inner:hover .uagb-image-heading,.wp-block-uagb-image--layout-overlay__inner:hover .uagb-image-separator,.wp-block-uagb-image--layout-overlay__inner:hover .uagb-image-caption{opacity:1;transform:translate3d(0, 0, 0)}.wp-block-uagb-image--effect-zoomin .wp-block-uagb-image__figure img,.wp-block-uagb-image--effect-zoomin .wp-block-uagb-image__figure .wp-block-uagb-image--layout-overlay__color-wrapper{transform:scale(1);transition:transform .35s ease-in-out}.wp-block-uagb-image--effect-zoomin .wp-block-uagb-image__figure:hover img,.wp-block-uagb-image--effect-zoomin .wp-block-uagb-image__figure:hover .wp-block-uagb-image--layout-overlay__color-wrapper{transform:scale(1.05)}.wp-block-uagb-image--effect-slide .wp-block-uagb-image__figure img,.wp-block-uagb-image--effect-slide .wp-block-uagb-image__figure .wp-block-uagb-image--layout-overlay__color-wrapper{width:calc(100% + 40px) !important;max-width:none !important;transform:translate3d(-40px, 0, 0);transition:transform .35s ease-in-out}.wp-block-uagb-image--effect-slide .wp-block-uagb-image__figure:hover img,.wp-block-uagb-image--effect-slide .wp-block-uagb-image__figure:hover .wp-block-uagb-image--layout-overlay__color-wrapper{transform:translate3d(0, 0, 0)}.wp-block-uagb-image--effect-grayscale img{filter:grayscale(0%);transition:.35s ease-in-out}.wp-block-uagb-image--effect-grayscale:hover img{filter:grayscale(100%)}.wp-block-uagb-image--effect-blur img{filter:blur(0);transition:.35s ease-in-out}.wp-block-uagb-image--effect-blur:hover img{filter:blur(3px)}.uagb-block-e6f939b3.wp-block-uagb-image--layout-default figure img{box-shadow: 0px 0px 0 #00000070;}.uagb-block-e6f939b3.wp-block-uagb-image .wp-block-uagb-image__figure figcaption{font-style: normal;align-self: center;}.uagb-block-e6f939b3.wp-block-uagb-image--layout-overlay figure img{box-shadow: 0px 0px 0 #00000070;}.uagb-block-e6f939b3.wp-block-uagb-image--layout-overlay .wp-block-uagb-image--layout-overlay__color-wrapper{opacity: 0.2;}.uagb-block-e6f939b3.wp-block-uagb-image--layout-overlay .wp-block-uagb-image--layout-overlay__inner{left: 15px;right: 15px;top: 15px;bottom: 15px;}.uagb-block-e6f939b3.wp-block-uagb-image--layout-overlay .wp-block-uagb-image--layout-overlay__inner .uagb-image-heading{font-style: normal;color: #fff;opacity: 1;}.uagb-block-e6f939b3.wp-block-uagb-image--layout-overlay .wp-block-uagb-image--layout-overlay__inner .uagb-image-heading a{color: #fff;}.uagb-block-e6f939b3.wp-block-uagb-image--layout-overlay .wp-block-uagb-image--layout-overlay__inner .uagb-image-caption{opacity: 0;}.uagb-block-e6f939b3.wp-block-uagb-image--layout-overlay .wp-block-uagb-image__figure:hover .wp-block-uagb-image--layout-overlay__color-wrapper{opacity: 1;}.uagb-block-e6f939b3.wp-block-uagb-image .wp-block-uagb-image--layout-overlay__inner .uagb-image-separator{width: 30%;border-top-width: 2px;border-top-color: #fff;opacity: 0;}.uagb-block-e6f939b3.wp-block-uagb-image .wp-block-uagb-image__figure img{width: px;height: auto;}.uagb-block-e6f939b3.wp-block-uagb-image .wp-block-uagb-image__figure:hover .wp-block-uagb-image--layout-overlay__inner .uagb-image-caption{opacity: 1;}.uagb-block-e6f939b3.wp-block-uagb-image .wp-block-uagb-image__figure:hover .wp-block-uagb-image--layout-overlay__inner .uagb-image-separator{opacity: 1;}.uagb-block-e6f939b3.wp-block-uagb-image--layout-default figure:hover img{box-shadow: 0px 0px 0 #00000070;}.uagb-block-e6f939b3.wp-block-uagb-image--layout-overlay figure:hover img{box-shadow: 0px 0px 0 #00000070;}@media only screen and (max-width: 976px) {.uagb-block-e6f939b3.wp-block-uagb-image .wp-block-uagb-image__figure img{width: px;height: auto;}}@media only screen and (max-width: 767px) {.uagb-block-e6f939b3.wp-block-uagb-image .wp-block-uagb-image__figure img{width: px;height: auto;}}\";s:2:\"js\";s:0:\"\";s:18:\"current_block_list\";a:13:{i:0;s:11:\"core\/search\";i:1;s:10:\"core\/group\";i:2;s:12:\"core\/heading\";i:3;s:17:\"core\/latest-posts\";i:4;s:20:\"core\/latest-comments\";i:5;s:13:\"core\/archives\";i:6;s:15:\"core\/categories\";i:7;s:14:\"core\/paragraph\";i:8;s:10:\"uagb\/image\";i:9;s:11:\"core\/spacer\";i:10;s:30:\"woocommerce\/product-categories\";i:11;s:10:\"core\/image\";i:12;s:14:\"core\/shortcode\";}s:8:\"uag_flag\";b:1;s:11:\"uag_version\";s:10:\"1777062344\";s:6:\"gfonts\";a:0:{}s:10:\"gfonts_url\";s:0:\"\";s:12:\"gfonts_files\";a:0:{}s:14:\"uag_faq_layout\";b:0;}"]},"uagb_featured_image_src":{"full":["https:\/\/www.cortenplus.com\/wp-content\/uploads\/2025\/06\/degraissant_ae793ba5-4f83-4e37-a426-ade38ff92917.jpg",2560,2560,false],"thumbnail":["https:\/\/www.cortenplus.com\/wp-content\/uploads\/2025\/06\/degraissant_ae793ba5-4f83-4e37-a426-ade38ff92917-150x150.jpg",150,150,true],"medium":["https:\/\/www.cortenplus.com\/wp-content\/uploads\/2025\/06\/degraissant_ae793ba5-4f83-4e37-a426-ade38ff92917-300x300.jpg",300,300,true],"medium_large":["https:\/\/www.cortenplus.com\/wp-content\/uploads\/2025\/06\/degraissant_ae793ba5-4f83-4e37-a426-ade38ff92917-768x768.jpg",768,768,true],"large":["https:\/\/www.cortenplus.com\/wp-content\/uploads\/2025\/06\/degraissant_ae793ba5-4f83-4e37-a426-ade38ff92917-1024x1024.jpg",1024,1024,true],"1536x1536":["https:\/\/www.cortenplus.com\/wp-content\/uploads\/2025\/06\/degraissant_ae793ba5-4f83-4e37-a426-ade38ff92917-1536x1536.jpg",1536,1536,true],"2048x2048":["https:\/\/www.cortenplus.com\/wp-content\/uploads\/2025\/06\/degraissant_ae793ba5-4f83-4e37-a426-ade38ff92917-2048x2048.jpg",2048,2048,true],"trp-custom-language-flag":["https:\/\/www.cortenplus.com\/wp-content\/uploads\/2025\/06\/degraissant_ae793ba5-4f83-4e37-a426-ade38ff92917-12x12.jpg",12,12,true],"woocommerce_thumbnail":["https:\/\/www.cortenplus.com\/wp-content\/uploads\/2025\/06\/degraissant_ae793ba5-4f83-4e37-a426-ade38ff92917-300x300.jpg",300,300,true],"woocommerce_single":["https:\/\/www.cortenplus.com\/wp-content\/uploads\/2025\/06\/degraissant_ae793ba5-4f83-4e37-a426-ade38ff92917-600x600.jpg",600,600,true],"woocommerce_gallery_thumbnail":["https:\/\/www.cortenplus.com\/wp-content\/uploads\/2025\/06\/degraissant_ae793ba5-4f83-4e37-a426-ade38ff92917-100x100.jpg",100,100,true]},"uagb_author_info":{"display_name":"admin","author_link":"https:\/\/www.cortenplus.com\/hu\/author\/"},"uagb_comment_info":66,"uagb_excerpt":"Prepares corten steel perfectly before applying a rust accelerator. Our corten steel degreaser is specifically formulated to clean and prepare metal surfaces prior to the application of a rust accelerator. It removes oils, grease, manufacturing residues, and handling contaminants that can prevent uniform oxidation, ensuring the rusting process develops evenly and effectively across the entire&hellip;","_links":{"self":[{"href":"https:\/\/www.cortenplus.com\/hu\/wp-json\/wp\/v2\/product\/22963","targetHints":{"allow":["GET"]}}],"collection":[{"href":"https:\/\/www.cortenplus.com\/hu\/wp-json\/wp\/v2\/product"}],"about":[{"href":"https:\/\/www.cortenplus.com\/hu\/wp-json\/wp\/v2\/types\/product"}],"replies":[{"embeddable":true,"href":"https:\/\/www.cortenplus.com\/hu\/wp-json\/wp\/v2\/comments?post=22963"}],"version-history":[{"count":4,"href":"https:\/\/www.cortenplus.com\/hu\/wp-json\/wp\/v2\/product\/22963\/revisions"}],"predecessor-version":[{"id":26207,"href":"https:\/\/www.cortenplus.com\/hu\/wp-json\/wp\/v2\/product\/22963\/revisions\/26207"}],"wp:featuredmedia":[{"embeddable":true,"href":"https:\/\/www.cortenplus.com\/hu\/wp-json\/wp\/v2\/media\/23006"}],"wp:attachment":[{"href":"https:\/\/www.cortenplus.com\/hu\/wp-json\/wp\/v2\/media?parent=22963"}],"wp:term":[{"taxonomy":"product_brand","embeddable":true,"href":"https:\/\/www.cortenplus.com\/hu\/wp-json\/wp\/v2\/product_brand?post=22963"},{"taxonomy":"product_cat","embeddable":true,"href":"https:\/\/www.cortenplus.com\/hu\/wp-json\/wp\/v2\/product_cat?post=22963"},{"taxonomy":"product_tag","embeddable":true,"href":"https:\/\/www.cortenplus.com\/hu\/wp-json\/wp\/v2\/product_tag?post=22963"}],"curies":[{"name":"wp","href":"https:\/\/api.w.org\/{rel}","templated":true}]}}