{"id":22962,"date":"2025-06-02T08:36:25","date_gmt":"2025-06-02T06:36:25","guid":{"rendered":"https:\/\/www.cortenplus.com\/products\/application-kit\/"},"modified":"2026-02-28T15:14:15","modified_gmt":"2026-02-28T14:14:15","slug":"application-kit","status":"publish","type":"product","link":"https:\/\/www.cortenplus.com\/hu\/products\/application-kit\/","title":{"rendered":"Alkalmaz\u00f3 k\u00e9szlet"},"content":{"rendered":"<p><strong><img decoding=\"async\" style=\"margin-right: 12px;\" src=\"https:\/\/www.cortenplus.com\/wp-content\/uploads\/2026\/02\/Check.svg\" alt=\"\" width=\"18\" height=\"15\" \/>Minden, amire a pontos \u00e9s egyenletes felvitelhez sz\u00fcks\u00e9ge van, egy k\u00e9nyelmes k\u00e9szletben.<\/strong> Felhord\u00f3k\u00e9szlet\u00fcnk egy kiv\u00e1l\u00f3 min\u0151s\u00e9g\u0171 110 mm-es habhenger \u00e9s egy tart\u00f3s m\u0171anyag t\u00e1lca, amely a rozsdagyors\u00edt\u00f3 vagy cortenac\u00e9l lakk egyenletes \u00e9s ellen\u0151rz\u00f6tt felhord\u00e1s\u00e1hoz sz\u00fcks\u00e9ges alapvet\u0151 eszk\u00f6z\u00f6ket biztos\u00edtja. Megsz\u00fcnteti a k\u00fcl\u00f6n tartoz\u00e9kok beszerz\u00e9s\u00e9nek sz\u00fcks\u00e9gess\u00e9g\u00e9t, \u00e9s azonnali k\u00e9szenl\u00e9tet biztos\u00edt a f\u00e9mfeldolgoz\u00e1si projekthez.<\/p>\n<p><strong><img decoding=\"async\" style=\"margin-right: 12px;\" src=\"https:\/\/www.cortenplus.com\/wp-content\/uploads\/2026\/02\/Check.svg\" alt=\"\" width=\"18\" height=\"15\" \/>A leghat\u00e9konyabb term\u00e9keloszt\u00e1shoz tervezt\u00e9k.<\/strong> A 110 mm-es habhenger kifejezetten a rozsdagyors\u00edt\u00f3 \u00e9s a cortenac\u00e9l lakk leghat\u00e9konyabb \u00e9s legegyenletesebb felhord\u00e1s\u00e1hoz lett kiv\u00e1lasztva. Finom habszerkezete lehet\u0151v\u00e9 teszi az egyenletes felsz\u00edv\u00f3d\u00e1st \u00e9s kiold\u00f3d\u00e1st, megel\u0151zve a cs\u00edkokat, a t\u00f3cs\u00e1kat vagy az egyenetlen fel\u00fcleteket, amelyek vesz\u00e9lyeztethetik a v\u00e9gs\u0151 eszt\u00e9tik\u00e1t.<\/p>\n<p><strong><img decoding=\"async\" style=\"margin-right: 12px;\" src=\"https:\/\/www.cortenplus.com\/wp-content\/uploads\/2026\/02\/Check.svg\" alt=\"\" width=\"18\" height=\"15\" \/>A legolcs\u00f3bb professzion\u00e1lis alkalmaz\u00e1si megold\u00e1s a piacon.<\/strong> Ezt a teljes k\u00e9szletet az el\u00e9rhet\u0151 legversenyk\u00e9pesebb \u00e1ron k\u00edn\u00e1ljuk. Ez a legolcs\u00f3bb, kiv\u00e1l\u00f3 min\u0151s\u00e9g\u0171 megold\u00e1s a rozsdakezel\u00e9sek \u00e9s v\u00e9d\u0151lakkok felvitel\u00e9hez, \u00edgy ide\u00e1lis mind a szakemberek, mind a bark\u00e1csol\u00f3k sz\u00e1m\u00e1ra, akik megb\u00edzhat\u00f3 eszk\u00f6z\u00f6ket szeretn\u00e9nek, an\u00e9lk\u00fcl, hogy t\u00falk\u00f6ltekezn\u00e9nek.<\/p>\n<p><strong><img decoding=\"async\" style=\"margin-right: 12px;\" src=\"https:\/\/www.cortenplus.com\/wp-content\/uploads\/2026\/02\/Check.svg\" alt=\"\" width=\"18\" height=\"15\" \/>Garant\u00e1lt 24 \u00f3r\u00e1s k\u00e9zbes\u00edt\u00e9s a megszak\u00edt\u00e1s n\u00e9lk\u00fcli munkafolyamatok \u00e9rdek\u00e9ben.<\/strong> Az id\u0151z\u00edt\u00e9s kulcsfontoss\u00e1g\u00fa, amikor f\u00e9mkezel\u00e9sekkel dolgozunk. Ez\u00e9rt garant\u00e1ljuk a 24 \u00f3r\u00e1s kisz\u00e1ll\u00edt\u00e1st, \u00edgy biztos\u00edtjuk, hogy gyorsan megkapja az alkalmaz\u00e1si k\u00e9szletet, \u00e9s k\u00e9sedelem n\u00e9lk\u00fcl folytathatja a rozsdagyors\u00edt\u00e1st vagy a lakkoz\u00e1st.<\/p>\n<p><strong><img decoding=\"async\" style=\"margin-right: 12px;\" src=\"https:\/\/www.cortenplus.com\/wp-content\/uploads\/2026\/02\/Check.svg\" alt=\"\" width=\"18\" height=\"15\" \/>P\u00e9nzvisszafizet\u00e9si garancia a teljes el\u00e9gedetts\u00e9g\u00e9rt.<\/strong> Meggy\u0151z\u0151d\u00e9s\u00fcnk, hogy az alkalmaz\u00e1sk\u00e9szlet\u00fcnk min\u0151s\u00e9ge \u00e9s praktikuss\u00e1ga megfelel\u0151. Ha nem el\u00e9gedett a teljes\u00edtm\u00e9ny\u00e9vel, p\u00e9nzvisszafizet\u00e9si garanci\u00e1t v\u00e1llalunk. Egyszer\u0171en vegye fel vel\u00fcnk a kapcsolatot, \u00e9s mi visszat\u00e9r\u00edtj\u00fck a v\u00e9tel\u00e1rat, \u00edgy biztos\u00edtva a teljesen kock\u00e1zatmentes \u00e9lm\u00e9nyt.<\/p>\n<p><strong><img decoding=\"async\" style=\"margin-right: 12px;\" src=\"https:\/\/www.cortenplus.com\/wp-content\/uploads\/2026\/02\/Check.svg\" alt=\"\" width=\"18\" height=\"15\" \/>T\u00f6k\u00e9letesen alkalmas rozsdagyors\u00edt\u00f3 alkalmaz\u00e1s\u00e1hoz.<\/strong> A rozsdagyors\u00edt\u00f3 alkalmaz\u00e1sakor az egyenletes eloszl\u00e1s elengedhetetlen az egyenletes patina el\u00e9r\u00e9s\u00e9hez. A habhenger lehet\u0151v\u00e9 teszi a pontos eloszlat\u00e1st a corten ac\u00e9llemezeken, megel\u0151zve a cseppnyomokat \u00e9s a szab\u00e1lytalan oxid\u00e1ci\u00f3s mint\u00e1zatot.<\/p>\n<p><strong><img decoding=\"async\" style=\"margin-right: 12px;\" src=\"https:\/\/www.cortenplus.com\/wp-content\/uploads\/2026\/02\/Check.svg\" alt=\"\" width=\"18\" height=\"15\" \/>Ide\u00e1lis corten ac\u00e9l lakkoz\u00e1s\u00e1hoz.<\/strong> A finomcell\u00e1s hab biztos\u00edtja a lakk egyenletes felvitel\u00e9t an\u00e9lk\u00fcl, hogy ecsetnyomokat vagy sz\u00e1lakat hagyna maga ut\u00e1n. Ez tiszta, professzion\u00e1lis fel\u00fcletet eredm\u00e9nyez, amely kiemeli \u00e9s v\u00e9di a corten patin\u00e1t.<\/p>\n<p><strong><img decoding=\"async\" style=\"margin-right: 12px;\" src=\"https:\/\/www.cortenplus.com\/wp-content\/uploads\/2026\/02\/Check.svg\" alt=\"\" width=\"18\" height=\"15\" \/>Kompakt \u00e9s k\u00f6nnyen kezelhet\u0151 a r\u00e9szletes munk\u00e1hoz.<\/strong> A 110 mm-es henger sz\u00e9less\u00e9ge kiv\u00e1l\u00f3 man\u0151verezhet\u0151s\u00e9get biztos\u00edt, \u00edgy a nagy s\u00edk fel\u00fcletek \u00e9s a kisebb szakaszok pontos kezel\u00e9se egyar\u00e1nt egyszer\u0171. K\u00fcl\u00f6n\u00f6sen hasznos panelek, \u00fcltet\u0151k, d\u00edsz\u00edt\u0151elemek \u00e9s \u00e9p\u00edt\u00e9szeti elemek eset\u00e9ben.<\/p>\n<p><strong><img decoding=\"async\" style=\"margin-right: 12px;\" src=\"https:\/\/www.cortenplus.com\/wp-content\/uploads\/2026\/02\/Check.svg\" alt=\"\" width=\"18\" height=\"15\" \/>Tart\u00f3s \u00e9s \u00fajrafelhaszn\u00e1lhat\u00f3 alkatr\u00e9szek.<\/strong> A m\u0171anyag t\u00e1lca ellen\u00e1ll az old\u00f3szereknek \u00e9s k\u00f6nnyen tiszt\u00edthat\u00f3, m\u00edg a habhenger a felhord\u00e1s sor\u00e1n meg\u0151rzi szerkezet\u00e9t. A haszn\u00e1lat ut\u00e1ni megfelel\u0151 tiszt\u00edt\u00e1ssal a k\u00e9szlet t\u00f6bb projekthez is \u00fajra felhaszn\u00e1lhat\u00f3, ami n\u00f6veli a hossz\u00fa t\u00e1v\u00fa \u00e9rt\u00e9k\u00e9t.<\/p>\n<h2><strong>Utas\u00edt\u00e1sok<\/strong><\/h2>\n<ul>\n<li>A rozsdagyors\u00edt\u00f3 vagy lakk felvitele el\u0151tt gondoskodjon a f\u00e9mfel\u00fclet megfelel\u0151 el\u0151k\u00e9sz\u00edt\u00e9s\u00e9r\u0151l. A fel\u00fcletnek tiszt\u00e1nak, sz\u00e1raznak, zs\u00edrt\u00f3l \u00e9s laza r\u00e9szecsk\u00e9kt\u0151l mentesnek kell lennie.<\/li>\n<li>\u00d6nts\u00f6n m\u00e9rs\u00e9kelt mennyis\u00e9g\u0171 rozsdagyors\u00edt\u00f3t vagy kortenac\u00e9l lakkot a m\u0171anyag t\u00e1lc\u00e1ba.<\/li>\n<li>A 110 mm-es habhengerrel egyenletesen g\u00f6rgesse a t\u00e1lc\u00e1t, am\u00edg enyh\u00e9n tel\u00edt\u0151dik. Ker\u00fclje a henger t\u00falterhel\u00e9s\u00e9t, hogy elker\u00fclje a cs\u00f6p\u00f6g\u00e9st.<\/li>\n<li>Vigye fel a term\u00e9ket v\u00e9kony, egyenletes r\u00e9tegben a fel\u00fcletre. Az egyenletes fed\u00e9s \u00e9rdek\u00e9ben egyenletes, egym\u00e1st \u00e1tfed\u0151 mozdulatokkal dolgozzon.<\/li>\n<li>A rozsdagyors\u00edt\u00f3t a haszn\u00e1lt term\u00e9k aj\u00e1nlott adagol\u00e1sa szerint kell alkalmazni, \u00e1ltal\u00e1ban 50 ml\/n\u00e9gyzetm\u00e9terenk\u00e9nt.<\/li>\n<li>Cortenac\u00e9l lakk eset\u00e9n a fel\u00fclet felsz\u00edv\u00f3d\u00e1s\u00e1t\u00f3l \u00e9s text\u00far\u00e1j\u00e1t\u00f3l f\u00fcgg\u0151en n\u00e9gyzetm\u00e9terenk\u00e9nt k\u00f6r\u00fclbel\u00fcl 100-125 ml-t kell alkalmazni.<\/li>\n<li>Az egyenletes felvitel \u00e9s az egyenetlen sz\u00e1rad\u00e1s elker\u00fcl\u00e9se \u00e9rdek\u00e9ben dolgozzon kezelhet\u0151 szakaszokban.<\/li>\n<li>Haszn\u00e1lat ut\u00e1n azonnal tiszt\u00edtsa meg a hengert \u00e9s a t\u00e1lc\u00e1t megfelel\u0151 tiszt\u00edt\u00f3oldattal vagy v\u00edzzel, a haszn\u00e1lt term\u00e9kt\u0151l f\u00fcgg\u0151en.<\/li>\n<li>A kezelt fel\u00fcletet hagyja megsz\u00e1radni a term\u00e9k utas\u00edt\u00e1sainak megfelel\u0151en, miel\u0151tt sz\u00fcks\u00e9g eset\u00e9n tov\u00e1bbi r\u00e9tegeket alkalmazna.<\/li>\n<li>A k\u00e9szletet tiszt\u00edt\u00e1s ut\u00e1n sz\u00e1raz helyen t\u00e1rolja, hogy a habhenger min\u0151s\u00e9g\u00e9t a k\u00e9s\u0151bbi alkalmaz\u00e1sokhoz is meg\u0151rizze.<\/li>\n<\/ul>","protected":false},"excerpt":{"rendered":"<p>Everything you need for precise and uniform application in one convenient kit. Our application kit includes a high-quality 110 mm foam roller and a durable plastic tray, providing the essential tools required for smooth and controlled application of rust accelerator or corten steel varnish. It eliminates the need to source separate accessories and ensures immediate [&hellip;]<\/p>\n","protected":false},"featured_media":22990,"comment_status":"open","ping_status":"closed","template":"","meta":{"_uag_custom_page_level_css":"","site-sidebar-layout":"default","site-content-layout":"","ast-site-content-layout":"default","site-content-style":"default","site-sidebar-style":"default","ast-global-header-display":"","ast-banner-title-visibility":"","ast-main-header-display":"","ast-hfb-above-header-display":"","ast-hfb-below-header-display":"","ast-hfb-mobile-header-display":"","site-post-title":"","ast-breadcrumbs-content":"","ast-featured-img":"","footer-sml-layout":"","ast-disable-related-posts":"","theme-transparent-header-meta":"default","adv-header-id-meta":"","stick-header-meta":"","header-above-stick-meta":"","header-main-stick-meta":"","header-below-stick-meta":"","astra-migrate-meta-layouts":"set","ast-page-background-enabled":"default","ast-page-background-meta":{"desktop":{"background-color":"var(--ast-global-color-4)","background-image":"","background-repeat":"repeat","background-position":"center center","background-size":"auto","background-attachment":"scroll","background-type":"","background-media":"","overlay-type":"","overlay-color":"","overlay-opacity":"","overlay-gradient":""},"tablet":{"background-color":"","background-image":"","background-repeat":"repeat","background-position":"center center","background-size":"auto","background-attachment":"scroll","background-type":"","background-media":"","overlay-type":"","overlay-color":"","overlay-opacity":"","overlay-gradient":""},"mobile":{"background-color":"","background-image":"","background-repeat":"repeat","background-position":"center center","background-size":"auto","background-attachment":"scroll","background-type":"","background-media":"","overlay-type":"","overlay-color":"","overlay-opacity":"","overlay-gradient":""}},"ast-content-background-meta":{"desktop":{"background-color":"var(--ast-global-color-5)","background-image":"","background-repeat":"repeat","background-position":"center center","background-size":"auto","background-attachment":"scroll","background-type":"","background-media":"","overlay-type":"","overlay-color":"","overlay-opacity":"","overlay-gradient":""},"tablet":{"background-color":"var(--ast-global-color-5)","background-image":"","background-repeat":"repeat","background-position":"center center","background-size":"auto","background-attachment":"scroll","background-type":"","background-media":"","overlay-type":"","overlay-color":"","overlay-opacity":"","overlay-gradient":""},"mobile":{"background-color":"var(--ast-global-color-5)","background-image":"","background-repeat":"repeat","background-position":"center center","background-size":"auto","background-attachment":"scroll","background-type":"","background-media":"","overlay-type":"","overlay-color":"","overlay-opacity":"","overlay-gradient":""}}},"product_brand":[],"product_cat":[15],"product_tag":[],"class_list":{"0":"post-22962","1":"product","2":"type-product","3":"status-publish","4":"has-post-thumbnail","6":"product_cat-shop","7":"desktop-align-left","8":"tablet-align-left","9":"mobile-align-left","11":"first","12":"instock","13":"shipping-taxable","14":"purchasable","15":"product-type-simple"},"spectra_custom_meta":{"_visibility":["visible"],"_shopify_product_id":["1507476865097"],"_s2w_shopify_domain":["cortenplus.myshopify.com"],"_shopify_variant_id":["20227376676937"],"_sku":["CPAPPLICATIONKIT"],"_regular_price":["9.90"],"_price":["9.90"],"_sale_price":[""],"_weight":["0.3"],"_thumbnail_id":["22990"],"total_sales":["91"],"_tax_status":["taxable"],"_tax_class":[""],"_manage_stock":["no"],"_backorders":["no"],"_sold_individually":["no"],"_virtual":["no"],"_downloadable":["no"],"_download_limit":["-1"],"_download_expiry":["-1"],"_stock":[null],"_stock_status":["instock"],"_wc_average_rating":["4.94"],"_wc_review_count":["51"],"_product_version":["10.5.2"],"_edit_lock":["1772287918:1"],"merchant-center-availability":["no"],"_edit_last":["1"],"_wp_page_template":["default"],"site-sidebar-layout":["default"],"ast-site-content-layout":["default"],"site-content-style":["default"],"site-sidebar-style":["default"],"theme-transparent-header-meta":["default"],"_wc_rating_count":["a:2:{i:4;i:3;i:5;i:48;}"],"_upsell_ids":["a:3:{i:0;i:22958;i:1;i:22974;i:2;i:22982;}"],"_crosssell_ids":["a:3:{i:0;i:22958;i:1;i:22974;i:2;i:22982;}"],"astra-migrate-meta-layouts":["set"],"_uag_css_file_name":["uag-css-22962.css"],"_elementor_page_assets":["a:0:{}"],"_uag_page_assets":["a:9:{s:3:\"css\";s:7133:\".uag-blocks-common-selector{z-index:var(--z-index-desktop) !important}@media(max-width: 976px){.uag-blocks-common-selector{z-index:var(--z-index-tablet) !important}}@media(max-width: 767px){.uag-blocks-common-selector{z-index:var(--z-index-mobile) !important}}.wp-block-uagb-image{display:flex}.wp-block-uagb-image__figure{position:relative;display:flex;flex-direction:column;max-width:100%;height:auto;margin:0}.wp-block-uagb-image__figure img{height:auto;display:flex;max-width:100%;transition:box-shadow .2s ease}.wp-block-uagb-image__figure>a{display:inline-block}.wp-block-uagb-image__figure figcaption{text-align:center;margin-top:.5em;margin-bottom:1em}.wp-block-uagb-image .components-placeholder.block-editor-media-placeholder .components-placeholder__instructions{align-self:center}.wp-block-uagb-image--align-left{text-align:left}.wp-block-uagb-image--align-right{text-align:right}.wp-block-uagb-image--align-center{text-align:center}.wp-block-uagb-image--align-full .wp-block-uagb-image__figure{margin-left:calc(50% - 50vw);margin-right:calc(50% - 50vw);max-width:100vw;width:100vw;height:auto}.wp-block-uagb-image--align-full .wp-block-uagb-image__figure img{height:auto;width:100% !important}.wp-block-uagb-image--align-wide .wp-block-uagb-image__figure img{height:auto;width:100%}.wp-block-uagb-image--layout-overlay__color-wrapper{position:absolute;left:0;top:0;right:0;bottom:0;opacity:.2;background:rgba(0,0,0,.5);transition:opacity .35s ease-in-out}.wp-block-uagb-image--layout-overlay-link{position:absolute;left:0;right:0;bottom:0;top:0}.wp-block-uagb-image--layout-overlay .wp-block-uagb-image__figure:hover .wp-block-uagb-image--layout-overlay__color-wrapper{opacity:1}.wp-block-uagb-image--layout-overlay__inner{position:absolute;left:15px;right:15px;bottom:15px;top:15px;display:flex;align-items:center;justify-content:center;flex-direction:column;border-color:#fff;transition:.35s ease-in-out}.wp-block-uagb-image--layout-overlay__inner.top-left,.wp-block-uagb-image--layout-overlay__inner.top-center,.wp-block-uagb-image--layout-overlay__inner.top-right{justify-content:flex-start}.wp-block-uagb-image--layout-overlay__inner.bottom-left,.wp-block-uagb-image--layout-overlay__inner.bottom-center,.wp-block-uagb-image--layout-overlay__inner.bottom-right{justify-content:flex-end}.wp-block-uagb-image--layout-overlay__inner.top-left,.wp-block-uagb-image--layout-overlay__inner.center-left,.wp-block-uagb-image--layout-overlay__inner.bottom-left{align-items:flex-start}.wp-block-uagb-image--layout-overlay__inner.top-right,.wp-block-uagb-image--layout-overlay__inner.center-right,.wp-block-uagb-image--layout-overlay__inner.bottom-right{align-items:flex-end}.wp-block-uagb-image--layout-overlay__inner .uagb-image-heading{color:#fff;transition:transform .35s,opacity .35s ease-in-out;transform:translate3d(0, 24px, 0);margin:0;line-height:1em}.wp-block-uagb-image--layout-overlay__inner .uagb-image-separator{width:30%;border-top-width:2px;border-top-color:#fff;border-top-style:solid;margin-bottom:10px;opacity:0;transition:transform .4s,opacity .4s ease-in-out;transform:translate3d(0, 30px, 0)}.wp-block-uagb-image--layout-overlay__inner .uagb-image-caption{opacity:0;overflow:visible;color:#fff;transition:transform .45s,opacity .45s ease-in-out;transform:translate3d(0, 35px, 0)}.wp-block-uagb-image--layout-overlay__inner:hover .uagb-image-heading,.wp-block-uagb-image--layout-overlay__inner:hover .uagb-image-separator,.wp-block-uagb-image--layout-overlay__inner:hover .uagb-image-caption{opacity:1;transform:translate3d(0, 0, 0)}.wp-block-uagb-image--effect-zoomin .wp-block-uagb-image__figure img,.wp-block-uagb-image--effect-zoomin .wp-block-uagb-image__figure .wp-block-uagb-image--layout-overlay__color-wrapper{transform:scale(1);transition:transform .35s ease-in-out}.wp-block-uagb-image--effect-zoomin .wp-block-uagb-image__figure:hover img,.wp-block-uagb-image--effect-zoomin .wp-block-uagb-image__figure:hover .wp-block-uagb-image--layout-overlay__color-wrapper{transform:scale(1.05)}.wp-block-uagb-image--effect-slide .wp-block-uagb-image__figure img,.wp-block-uagb-image--effect-slide .wp-block-uagb-image__figure .wp-block-uagb-image--layout-overlay__color-wrapper{width:calc(100% + 40px) !important;max-width:none !important;transform:translate3d(-40px, 0, 0);transition:transform .35s ease-in-out}.wp-block-uagb-image--effect-slide .wp-block-uagb-image__figure:hover img,.wp-block-uagb-image--effect-slide .wp-block-uagb-image__figure:hover .wp-block-uagb-image--layout-overlay__color-wrapper{transform:translate3d(0, 0, 0)}.wp-block-uagb-image--effect-grayscale img{filter:grayscale(0%);transition:.35s ease-in-out}.wp-block-uagb-image--effect-grayscale:hover img{filter:grayscale(100%)}.wp-block-uagb-image--effect-blur img{filter:blur(0);transition:.35s ease-in-out}.wp-block-uagb-image--effect-blur:hover img{filter:blur(3px)}.uagb-block-e6f939b3.wp-block-uagb-image--layout-default figure img{box-shadow: 0px 0px 0 #00000070;}.uagb-block-e6f939b3.wp-block-uagb-image .wp-block-uagb-image__figure figcaption{font-style: normal;align-self: center;}.uagb-block-e6f939b3.wp-block-uagb-image--layout-overlay figure img{box-shadow: 0px 0px 0 #00000070;}.uagb-block-e6f939b3.wp-block-uagb-image--layout-overlay .wp-block-uagb-image--layout-overlay__color-wrapper{opacity: 0.2;}.uagb-block-e6f939b3.wp-block-uagb-image--layout-overlay .wp-block-uagb-image--layout-overlay__inner{left: 15px;right: 15px;top: 15px;bottom: 15px;}.uagb-block-e6f939b3.wp-block-uagb-image--layout-overlay .wp-block-uagb-image--layout-overlay__inner .uagb-image-heading{font-style: normal;color: #fff;opacity: 1;}.uagb-block-e6f939b3.wp-block-uagb-image--layout-overlay .wp-block-uagb-image--layout-overlay__inner .uagb-image-heading a{color: #fff;}.uagb-block-e6f939b3.wp-block-uagb-image--layout-overlay .wp-block-uagb-image--layout-overlay__inner .uagb-image-caption{opacity: 0;}.uagb-block-e6f939b3.wp-block-uagb-image--layout-overlay .wp-block-uagb-image__figure:hover .wp-block-uagb-image--layout-overlay__color-wrapper{opacity: 1;}.uagb-block-e6f939b3.wp-block-uagb-image .wp-block-uagb-image--layout-overlay__inner .uagb-image-separator{width: 30%;border-top-width: 2px;border-top-color: #fff;opacity: 0;}.uagb-block-e6f939b3.wp-block-uagb-image .wp-block-uagb-image__figure img{width: px;height: auto;}.uagb-block-e6f939b3.wp-block-uagb-image .wp-block-uagb-image__figure:hover .wp-block-uagb-image--layout-overlay__inner .uagb-image-caption{opacity: 1;}.uagb-block-e6f939b3.wp-block-uagb-image .wp-block-uagb-image__figure:hover .wp-block-uagb-image--layout-overlay__inner .uagb-image-separator{opacity: 1;}.uagb-block-e6f939b3.wp-block-uagb-image--layout-default figure:hover img{box-shadow: 0px 0px 0 #00000070;}.uagb-block-e6f939b3.wp-block-uagb-image--layout-overlay figure:hover img{box-shadow: 0px 0px 0 #00000070;}@media only screen and (max-width: 976px) {.uagb-block-e6f939b3.wp-block-uagb-image .wp-block-uagb-image__figure img{width: px;height: auto;}}@media only screen and (max-width: 767px) {.uagb-block-e6f939b3.wp-block-uagb-image .wp-block-uagb-image__figure img{width: px;height: auto;}}\";s:2:\"js\";s:0:\"\";s:18:\"current_block_list\";a:13:{i:0;s:11:\"core\/search\";i:1;s:10:\"core\/group\";i:2;s:12:\"core\/heading\";i:3;s:17:\"core\/latest-posts\";i:4;s:20:\"core\/latest-comments\";i:5;s:13:\"core\/archives\";i:6;s:15:\"core\/categories\";i:7;s:14:\"core\/paragraph\";i:8;s:10:\"uagb\/image\";i:9;s:11:\"core\/spacer\";i:10;s:30:\"woocommerce\/product-categories\";i:11;s:10:\"core\/image\";i:12;s:14:\"core\/shortcode\";}s:8:\"uag_flag\";b:1;s:11:\"uag_version\";s:10:\"1777066776\";s:6:\"gfonts\";a:0:{}s:10:\"gfonts_url\";s:0:\"\";s:12:\"gfonts_files\";a:0:{}s:14:\"uag_faq_layout\";b:0;}"]},"uagb_featured_image_src":{"full":["https:\/\/www.cortenplus.com\/wp-content\/uploads\/2025\/06\/Sans_titre_3a8506fe-a06d-4028-9d15-f0bfb7f991f5.png",1000,1000,false],"thumbnail":["https:\/\/www.cortenplus.com\/wp-content\/uploads\/2025\/06\/Sans_titre_3a8506fe-a06d-4028-9d15-f0bfb7f991f5-150x150.png",150,150,true],"medium":["https:\/\/www.cortenplus.com\/wp-content\/uploads\/2025\/06\/Sans_titre_3a8506fe-a06d-4028-9d15-f0bfb7f991f5-300x300.png",300,300,true],"medium_large":["https:\/\/www.cortenplus.com\/wp-content\/uploads\/2025\/06\/Sans_titre_3a8506fe-a06d-4028-9d15-f0bfb7f991f5-768x768.png",768,768,true],"large":["https:\/\/www.cortenplus.com\/wp-content\/uploads\/2025\/06\/Sans_titre_3a8506fe-a06d-4028-9d15-f0bfb7f991f5.png",1000,1000,false],"1536x1536":["https:\/\/www.cortenplus.com\/wp-content\/uploads\/2025\/06\/Sans_titre_3a8506fe-a06d-4028-9d15-f0bfb7f991f5.png",1000,1000,false],"2048x2048":["https:\/\/www.cortenplus.com\/wp-content\/uploads\/2025\/06\/Sans_titre_3a8506fe-a06d-4028-9d15-f0bfb7f991f5.png",1000,1000,false],"trp-custom-language-flag":["https:\/\/www.cortenplus.com\/wp-content\/uploads\/2025\/06\/Sans_titre_3a8506fe-a06d-4028-9d15-f0bfb7f991f5-12x12.png",12,12,true],"woocommerce_thumbnail":["https:\/\/www.cortenplus.com\/wp-content\/uploads\/2025\/06\/Sans_titre_3a8506fe-a06d-4028-9d15-f0bfb7f991f5-300x300.png",300,300,true],"woocommerce_single":["https:\/\/www.cortenplus.com\/wp-content\/uploads\/2025\/06\/Sans_titre_3a8506fe-a06d-4028-9d15-f0bfb7f991f5-600x600.png",600,600,true],"woocommerce_gallery_thumbnail":["https:\/\/www.cortenplus.com\/wp-content\/uploads\/2025\/06\/Sans_titre_3a8506fe-a06d-4028-9d15-f0bfb7f991f5-100x100.png",100,100,true]},"uagb_author_info":{"display_name":"admin","author_link":"https:\/\/www.cortenplus.com\/hu\/author\/"},"uagb_comment_info":51,"uagb_excerpt":"Everything you need for precise and uniform application in one convenient kit. Our application kit includes a high-quality 110 mm foam roller and a durable plastic tray, providing the essential tools required for smooth and controlled application of rust accelerator or corten steel varnish. It eliminates the need to source separate accessories and ensures immediate&hellip;","_links":{"self":[{"href":"https:\/\/www.cortenplus.com\/hu\/wp-json\/wp\/v2\/product\/22962","targetHints":{"allow":["GET"]}}],"collection":[{"href":"https:\/\/www.cortenplus.com\/hu\/wp-json\/wp\/v2\/product"}],"about":[{"href":"https:\/\/www.cortenplus.com\/hu\/wp-json\/wp\/v2\/types\/product"}],"replies":[{"embeddable":true,"href":"https:\/\/www.cortenplus.com\/hu\/wp-json\/wp\/v2\/comments?post=22962"}],"version-history":[{"count":6,"href":"https:\/\/www.cortenplus.com\/hu\/wp-json\/wp\/v2\/product\/22962\/revisions"}],"predecessor-version":[{"id":26212,"href":"https:\/\/www.cortenplus.com\/hu\/wp-json\/wp\/v2\/product\/22962\/revisions\/26212"}],"wp:featuredmedia":[{"embeddable":true,"href":"https:\/\/www.cortenplus.com\/hu\/wp-json\/wp\/v2\/media\/22990"}],"wp:attachment":[{"href":"https:\/\/www.cortenplus.com\/hu\/wp-json\/wp\/v2\/media?parent=22962"}],"wp:term":[{"taxonomy":"product_brand","embeddable":true,"href":"https:\/\/www.cortenplus.com\/hu\/wp-json\/wp\/v2\/product_brand?post=22962"},{"taxonomy":"product_cat","embeddable":true,"href":"https:\/\/www.cortenplus.com\/hu\/wp-json\/wp\/v2\/product_cat?post=22962"},{"taxonomy":"product_tag","embeddable":true,"href":"https:\/\/www.cortenplus.com\/hu\/wp-json\/wp\/v2\/product_tag?post=22962"}],"curies":[{"name":"wp","href":"https:\/\/api.w.org\/{rel}","templated":true}]}}