{"id":22974,"date":"2025-06-02T08:36:32","date_gmt":"2025-06-02T06:36:32","guid":{"rendered":"https:\/\/www.cortenplus.com\/products\/rust-accelerator\/"},"modified":"2026-02-28T14:59:02","modified_gmt":"2026-02-28T13:59:02","slug":"rust-accelerator","status":"publish","type":"product","link":"https:\/\/www.cortenplus.com\/ee\/products\/rust-accelerator\/","title":{"rendered":"Rooste kiirendi"},"content":{"rendered":"<p><strong><img decoding=\"async\" style=\"margin-right: 12px;\" src=\"https:\/\/www.cortenplus.com\/wp-content\/uploads\/2026\/02\/Check.svg\" alt=\"\" width=\"18\" height=\"15\" \/>Ainus happevaba roostekiirendi turul, mis tagab t\u00e4ieliku ohutuse ja pikaajalise vastupidavuse.<\/strong> Meie rooste kiirendaja on t\u00e4iesti happevaba, mis muudab selle ainulaadseks ja p\u00f5him\u00f5tteliselt erinevaks tavap\u00e4rastest toodetest, mis tuginevad oks\u00fcdeerumise k\u00e4ivitamiseks agressiivsetele hapetele. Happe k\u00f5rvaldamisega koostisest tagame kontrollitud ja loomuliku roostetamisprotsessi, mis kaitseb nii kasutajat kui ka metalli struktuurilist terviklikkust, muutes selle k\u00f5ige ohutumaks ja arenenumaks lahenduseks.<\/p>\n<p><strong><img decoding=\"async\" style=\"margin-right: 12px;\" src=\"https:\/\/www.cortenplus.com\/wp-content\/uploads\/2026\/02\/Check.svg\" alt=\"\" width=\"18\" height=\"15\" \/>Puudub oht, et metallkonstruktsioonis tekivad tulevikus perforeeringud.<\/strong> Happelistel p\u00f5hinevad rooste kiirendid reageerivad metalli sees edasi, kui nende m\u00f5ju ei ole t\u00e4ielikult neutraliseeritud, mis viib paratamatult j\u00e4rkj\u00e4rgulise sisemise korrosiooni, h\u00f5renemise ja l\u00f5puks ka perforeerimiseni. Kuna meie valem ei sisalda hapet, hoiab see \u00e4ra varjatud pikaajalised kahjustused ja tagab, et metall s\u00e4ilitab oma tugevuse, arendades samal ajal stabiilset, esteetilist roostet.<\/p>\n<p><strong><img decoding=\"async\" style=\"margin-right: 12px;\" src=\"https:\/\/www.cortenplus.com\/wp-content\/uploads\/2026\/02\/Check.svg\" alt=\"\" width=\"18\" height=\"15\" \/>Neutraliseerija v\u00f5i t\u00e4iendav peatamisvahend ei ole vajalik.<\/strong> Erinevalt happeid sisaldavatest lahustest, mis vajavad oks\u00fcdatsiooni neutraliseerimiseks ja peatamiseks teist toodet, toimib meie rooste kiirendaja iseseisvalt ja ohutult ilma lisat\u00f6\u00f6tluseta. See lihtsustab protsessi, v\u00e4hendab t\u00f6\u00f6aega, v\u00e4hendab \u00fcldkulusid ja v\u00e4listab eba\u00f5ige neutraliseerimise riski, mis v\u00f5ib teraspindu j\u00e4\u00e4davalt kahjustada.<\/p>\n<p><strong><img decoding=\"async\" style=\"margin-right: 12px;\" src=\"https:\/\/www.cortenplus.com\/wp-content\/uploads\/2026\/02\/Check.svg\" alt=\"\" width=\"18\" height=\"15\" \/>Maksimaalne ohutus kasutaja jaoks kasutamise ajal.<\/strong> Ilma s\u00f6\u00f6vitava happeta ei teki kahjulikke happeaurusid, agressiivseid keemilisi pritsmeid ega ohtlikke reaktsioone \u00fcmbritsevate materjalidega. See muudab toote kasutamise t\u00f6\u00f6kodades, ehitusplatsidel ja isegi elamutes palju mugavamaks ja turvalisemaks.<\/p>\n<p><strong><img decoding=\"async\" style=\"margin-right: 12px;\" src=\"https:\/\/www.cortenplus.com\/wp-content\/uploads\/2026\/02\/Check.svg\" alt=\"\" width=\"18\" height=\"15\" \/>Raha tagasi garantii t\u00e4ieliku meelerahu tagamiseks.<\/strong> Pakume raha tagasi garantiid. Kui te ei ole tulemuse v\u00f5i tulemusega t\u00e4ielikult rahul, tagastame teile raha. See v\u00f5imaldab teil katsetada meie roostekiirendit ilma riskita ja t\u00e4ieliku usaldusega selle t\u00f5hususe suhtes.<\/p>\n<p><strong><img decoding=\"async\" style=\"margin-right: 12px;\" src=\"https:\/\/www.cortenplus.com\/wp-content\/uploads\/2026\/02\/Check.svg\" alt=\"\" width=\"18\" height=\"15\" \/>V\u00e4ga t\u00f5hus ja visuaalselt muljetavaldav oks\u00fcdeerimisprotsess.<\/strong> Meie valem on loodud kiire, kontrollitud ja \u00fchtlase rooste tekkimiseks, tagades s\u00fcgava ja autentse patina, mis t\u00e4iustab arhitektuuri- ja dekoratiivseid projekte. See aktiveerib oks\u00fcdatsiooniprotsessi t\u00f5husalt, s\u00e4ilitades samas t\u00e4ieliku kontrolli esteetilise tulemuse \u00fcle.<\/p>\n<p><strong><img decoding=\"async\" style=\"margin-right: 12px;\" src=\"https:\/\/www.cortenplus.com\/wp-content\/uploads\/2026\/02\/Check.svg\" alt=\"\" width=\"18\" height=\"15\" \/>N\u00e4htav reaktsioon 30 minuti jooksul ja rooste moodustumine \u00fche tunni p\u00e4rast.<\/strong> P\u00e4rast pealekandmist hakkab metall umbes 30 minuti jooksul siniseks muutuma, mis n\u00e4itab selgelt oks\u00fcdatsiooniprotsessi k\u00e4ivitumist. \u00dche tunni p\u00e4rast hakkab ilmnema t\u00f5eline rooste, mis v\u00f5imaldab spetsialistidel tulemusi kiiresti hinnata ja projekti t\u00e4htaegu t\u00f5husalt planeerida.<\/p>\n<p><strong><img decoding=\"async\" style=\"margin-right: 12px;\" src=\"https:\/\/www.cortenplus.com\/wp-content\/uploads\/2026\/02\/Check.svg\" alt=\"\" width=\"18\" height=\"15\" \/>Suurep\u00e4rane katvus kuni 20 m\u00b2 liitri kohta.<\/strong> Ligikaudse katvuse 20 ruutmeetrit liitri kohta tagab toote silmapaistva t\u00f5hususe ja kuluefektiivsuse. T\u00e4nu sellisele suurele katvusele sobib see ideaalselt nii v\u00e4ikeste dekoratiivsete elementide kui ka suurte arhitektuursete pindade jaoks, tagades \u00fchtlase tulemuslikkuse suurtel pindadel.<\/p>\n<p><strong><img decoding=\"async\" style=\"margin-right: 12px;\" src=\"https:\/\/www.cortenplus.com\/wp-content\/uploads\/2026\/02\/Check.svg\" alt=\"\" width=\"18\" height=\"15\" \/>Sobib suurep\u00e4raselt Corten terase ja k\u00f5igi mustmetallide t\u00f6\u00f6tlemiseks.<\/strong> Spetsiaalselt Corten-terase jaoks m\u00f5eldud rooste kiirendaja sobib ka rauale, tavalisele terasele ja teistele mustmetallidele. Valem suurendab loomulikku ilmastikutingimusi, kahjustamata seejuures materjali kaitseomadusi, andes rikkaliku, \u00fchtlase ja stabiilse roostetamisviimistluse.<\/p>\n<p><strong><img decoding=\"async\" style=\"margin-right: 12px;\" src=\"https:\/\/www.cortenplus.com\/wp-content\/uploads\/2026\/02\/Check.svg\" alt=\"\" width=\"18\" height=\"15\" \/>Lihtne rakendus koos professionaalse kvaliteediga tulemustega.<\/strong> Roostekiirendit kantakse h\u00f5lpsasti meie kaupluses saadaval oleva rulliga, mis v\u00f5imaldab \u00fchtlast jaotust ja kontrollitud katvust ilma keeruliste pihustusseadmete v\u00f5i erimasinate vajaduseta.<\/p>\n<p><strong><img decoding=\"async\" style=\"margin-right: 12px;\" src=\"https:\/\/www.cortenplus.com\/wp-content\/uploads\/2026\/02\/Check.svg\" alt=\"\" width=\"18\" height=\"15\" \/>Kulut\u00f5hus ja parem kui happep\u00f5hised konkurendid.<\/strong> Kombineerides happevaba ohutuse, suure t\u00f5hususe, neutraliseerimise vajaduse puudumise, kiire n\u00e4htava tulemuse ja 20 m\u00b2 katvuse liitri kohta, paistab meie roostekiirendi silma kui k\u00f5ige arenenum ja usaldusv\u00e4\u00e4rsem lahendus turul autentsete roostepindade saavutamiseks ilma pikaajaliste riskideta.<\/p>\n<h2><strong>Juhised<\/strong><\/h2>\n<ul>\n<li>K\u00fclmvaltsitud lehtmetalli puhul, mis on \u00f5hem kui 2,5 mm, tuleb pind p\u00f5hjalikult rasvatustada, kasutades selleks sobivat metallide rasva\u00e4rastusvahendit, n\u00e4iteks meie spetsiaalset metallide rasva\u00e4rastusvahendit, et eemaldada \u00f5lid ja tootmisj\u00e4\u00e4gid.<\/li>\n<li>Kuumvaltsitud lehtmetalli puhul, mis on paksem kui 2,5 mm, tuleb pind liivapritsida, et eemaldada veskipind ja tagada n\u00f5uetekohane oks\u00fcdeerumine.<\/li>\n<li>Kui liivapritsimisseadmed ei ole k\u00e4ttesaadavad, kasutage enne j\u00e4tkamist meie katlakivieemaldusvahendit, et eemaldada t\u00f5husalt katlakivi.<\/li>\n<li>Enne roostekiirendi pealekandmist veenduge, et pind on puhas, kuiv ja tolmuvaba.<\/li>\n<li>Kandke roostekiirendi \u00fchtlaselt meie kaupluses saadaoleva rulliga.<\/li>\n<li>Arvestage ligikaudse annusega 50 ml ruutmeetri kohta, mis vastab katvusele 20 m\u00b2 liitri kohta.<\/li>\n<li>Umbes 30 minuti p\u00e4rast j\u00e4lgige, kuidas metallpind muutub siniseks, kuna reaktsioon algab.<\/li>\n<li>Umbes \u00fche tunni p\u00e4rast hakkab rooste n\u00e4htavalt moodustuma.<\/li>\n<li>Laske oks\u00fcdeerumisprotsessil loomulikult j\u00e4tkuda kuni kaks p\u00e4eva, et saavutada soovitud roosteefekt.<\/li>\n<li>Kahe p\u00e4eva p\u00e4rast kandke pinnakatte stabiliseerimiseks kaitselakki, n\u00e4iteks meie Corten-terase lakki.<\/li>\n<li>Lakk takistab rooste valgumist p\u00f5randale vihma ajal ja kaitseb riideid plekistumise eest, kui keegi toetub t\u00f6\u00f6deldud pinnale.<\/li>\n<\/ul>","protected":false},"excerpt":{"rendered":"<p>The only acid-free rust accelerator on the market for total safety and long-term durability. Our rust accelerator is completely acid-free, which makes it unique and fundamentally different from conventional products that rely on aggressive acids to trigger oxidation. By eliminating acid from the formula, we ensure a controlled and natural rusting process that protects both [&hellip;]<\/p>\n","protected":false},"featured_media":23065,"comment_status":"open","ping_status":"closed","template":"","meta":{"_uag_custom_page_level_css":"","site-sidebar-layout":"default","site-content-layout":"","ast-site-content-layout":"default","site-content-style":"default","site-sidebar-style":"default","ast-global-header-display":"","ast-banner-title-visibility":"","ast-main-header-display":"","ast-hfb-above-header-display":"","ast-hfb-below-header-display":"","ast-hfb-mobile-header-display":"","site-post-title":"","ast-breadcrumbs-content":"","ast-featured-img":"","footer-sml-layout":"","ast-disable-related-posts":"","theme-transparent-header-meta":"default","adv-header-id-meta":"","stick-header-meta":"","header-above-stick-meta":"","header-main-stick-meta":"","header-below-stick-meta":"","astra-migrate-meta-layouts":"set","ast-page-background-enabled":"default","ast-page-background-meta":{"desktop":{"background-color":"var(--ast-global-color-4)","background-image":"","background-repeat":"repeat","background-position":"center center","background-size":"auto","background-attachment":"scroll","background-type":"","background-media":"","overlay-type":"","overlay-color":"","overlay-opacity":"","overlay-gradient":""},"tablet":{"background-color":"","background-image":"","background-repeat":"repeat","background-position":"center center","background-size":"auto","background-attachment":"scroll","background-type":"","background-media":"","overlay-type":"","overlay-color":"","overlay-opacity":"","overlay-gradient":""},"mobile":{"background-color":"","background-image":"","background-repeat":"repeat","background-position":"center center","background-size":"auto","background-attachment":"scroll","background-type":"","background-media":"","overlay-type":"","overlay-color":"","overlay-opacity":"","overlay-gradient":""}},"ast-content-background-meta":{"desktop":{"background-color":"var(--ast-global-color-5)","background-image":"","background-repeat":"repeat","background-position":"center center","background-size":"auto","background-attachment":"scroll","background-type":"","background-media":"","overlay-type":"","overlay-color":"","overlay-opacity":"","overlay-gradient":""},"tablet":{"background-color":"var(--ast-global-color-5)","background-image":"","background-repeat":"repeat","background-position":"center center","background-size":"auto","background-attachment":"scroll","background-type":"","background-media":"","overlay-type":"","overlay-color":"","overlay-opacity":"","overlay-gradient":""},"mobile":{"background-color":"var(--ast-global-color-5)","background-image":"","background-repeat":"repeat","background-position":"center center","background-size":"auto","background-attachment":"scroll","background-type":"","background-media":"","overlay-type":"","overlay-color":"","overlay-opacity":"","overlay-gradient":""}}},"product_brand":[],"product_cat":[15],"product_tag":[],"class_list":{"0":"post-22974","1":"product","2":"type-product","3":"status-publish","4":"has-post-thumbnail","6":"product_cat-shop","7":"desktop-align-left","8":"tablet-align-left","9":"mobile-align-left","11":"first","12":"instock","13":"sale","14":"shipping-taxable","15":"purchasable","16":"product-type-variable","17":"has-default-attributes"},"spectra_custom_meta":{"_visibility":["visible"],"_shopify_product_id":["1462206791753"],"_s2w_shopify_domain":["cortenplus.myshopify.com"],"_shopify_variant_id":["12627708313673"],"_manage_stock":["no"],"total_sales":["1422"],"_tax_status":["taxable"],"_tax_class":[""],"_backorders":["no"],"_sold_individually":["no"],"_virtual":["no"],"_downloadable":["no"],"_download_limit":["-1"],"_download_expiry":["-1"],"_stock":[null],"_stock_status":["instock"],"_wc_average_rating":["4.68"],"_wc_review_count":["152"],"_product_attributes":["a:1:{s:6:\"volume\";a:6:{s:4:\"name\";s:6:\"Volume\";s:5:\"value\";s:30:\"1 liter | 5 liters | 25 liters\";s:8:\"position\";i:1;s:10:\"is_visible\";i:0;s:12:\"is_variation\";i:1;s:11:\"is_taxonomy\";i:0;}}"],"_product_version":["10.5.2"],"_thumbnail_id":["23065"],"_product_image_gallery":["23068,23069"],"_edit_lock":["1772287943:1"],"_edit_last":["1"],"_wp_page_template":["default"],"site-sidebar-layout":["default"],"ast-site-content-layout":["default"],"site-content-style":["default"],"site-sidebar-style":["default"],"theme-transparent-header-meta":["default"],"merchant-center-category":["505417"],"merchant-center-availability":["yes"],"_default_attributes":["a:1:{s:6:\"volume\";s:7:\"1 liter\";}"],"_wc_rating_count":["a:3:{i:3;i:16;i:4;i:17;i:5;i:119;}"],"_upsell_ids":["a:3:{i:0;i:22962;i:1;i:22963;i:2;i:22982;}"],"_crosssell_ids":["a:3:{i:0;i:22962;i:1;i:22963;i:2;i:22982;}"],"_price":["29.90","139.90","599.90"],"_sku":["CPRUSTACCELERATOR"],"merchant-center-id":["AR1"],"astra-migrate-meta-layouts":["set"],"_uag_css_file_name":["uag-css-22974.css"],"_elementor_page_assets":["a:0:{}"],"_uag_page_assets":["a:9:{s:3:\"css\";s:7133:\".uag-blocks-common-selector{z-index:var(--z-index-desktop) !important}@media(max-width: 976px){.uag-blocks-common-selector{z-index:var(--z-index-tablet) !important}}@media(max-width: 767px){.uag-blocks-common-selector{z-index:var(--z-index-mobile) !important}}.wp-block-uagb-image{display:flex}.wp-block-uagb-image__figure{position:relative;display:flex;flex-direction:column;max-width:100%;height:auto;margin:0}.wp-block-uagb-image__figure img{height:auto;display:flex;max-width:100%;transition:box-shadow .2s ease}.wp-block-uagb-image__figure>a{display:inline-block}.wp-block-uagb-image__figure figcaption{text-align:center;margin-top:.5em;margin-bottom:1em}.wp-block-uagb-image .components-placeholder.block-editor-media-placeholder .components-placeholder__instructions{align-self:center}.wp-block-uagb-image--align-left{text-align:left}.wp-block-uagb-image--align-right{text-align:right}.wp-block-uagb-image--align-center{text-align:center}.wp-block-uagb-image--align-full .wp-block-uagb-image__figure{margin-left:calc(50% - 50vw);margin-right:calc(50% - 50vw);max-width:100vw;width:100vw;height:auto}.wp-block-uagb-image--align-full .wp-block-uagb-image__figure img{height:auto;width:100% !important}.wp-block-uagb-image--align-wide .wp-block-uagb-image__figure img{height:auto;width:100%}.wp-block-uagb-image--layout-overlay__color-wrapper{position:absolute;left:0;top:0;right:0;bottom:0;opacity:.2;background:rgba(0,0,0,.5);transition:opacity .35s ease-in-out}.wp-block-uagb-image--layout-overlay-link{position:absolute;left:0;right:0;bottom:0;top:0}.wp-block-uagb-image--layout-overlay .wp-block-uagb-image__figure:hover .wp-block-uagb-image--layout-overlay__color-wrapper{opacity:1}.wp-block-uagb-image--layout-overlay__inner{position:absolute;left:15px;right:15px;bottom:15px;top:15px;display:flex;align-items:center;justify-content:center;flex-direction:column;border-color:#fff;transition:.35s ease-in-out}.wp-block-uagb-image--layout-overlay__inner.top-left,.wp-block-uagb-image--layout-overlay__inner.top-center,.wp-block-uagb-image--layout-overlay__inner.top-right{justify-content:flex-start}.wp-block-uagb-image--layout-overlay__inner.bottom-left,.wp-block-uagb-image--layout-overlay__inner.bottom-center,.wp-block-uagb-image--layout-overlay__inner.bottom-right{justify-content:flex-end}.wp-block-uagb-image--layout-overlay__inner.top-left,.wp-block-uagb-image--layout-overlay__inner.center-left,.wp-block-uagb-image--layout-overlay__inner.bottom-left{align-items:flex-start}.wp-block-uagb-image--layout-overlay__inner.top-right,.wp-block-uagb-image--layout-overlay__inner.center-right,.wp-block-uagb-image--layout-overlay__inner.bottom-right{align-items:flex-end}.wp-block-uagb-image--layout-overlay__inner .uagb-image-heading{color:#fff;transition:transform .35s,opacity .35s ease-in-out;transform:translate3d(0, 24px, 0);margin:0;line-height:1em}.wp-block-uagb-image--layout-overlay__inner .uagb-image-separator{width:30%;border-top-width:2px;border-top-color:#fff;border-top-style:solid;margin-bottom:10px;opacity:0;transition:transform .4s,opacity .4s ease-in-out;transform:translate3d(0, 30px, 0)}.wp-block-uagb-image--layout-overlay__inner .uagb-image-caption{opacity:0;overflow:visible;color:#fff;transition:transform .45s,opacity .45s ease-in-out;transform:translate3d(0, 35px, 0)}.wp-block-uagb-image--layout-overlay__inner:hover .uagb-image-heading,.wp-block-uagb-image--layout-overlay__inner:hover .uagb-image-separator,.wp-block-uagb-image--layout-overlay__inner:hover .uagb-image-caption{opacity:1;transform:translate3d(0, 0, 0)}.wp-block-uagb-image--effect-zoomin .wp-block-uagb-image__figure img,.wp-block-uagb-image--effect-zoomin .wp-block-uagb-image__figure .wp-block-uagb-image--layout-overlay__color-wrapper{transform:scale(1);transition:transform .35s ease-in-out}.wp-block-uagb-image--effect-zoomin .wp-block-uagb-image__figure:hover img,.wp-block-uagb-image--effect-zoomin .wp-block-uagb-image__figure:hover .wp-block-uagb-image--layout-overlay__color-wrapper{transform:scale(1.05)}.wp-block-uagb-image--effect-slide .wp-block-uagb-image__figure img,.wp-block-uagb-image--effect-slide .wp-block-uagb-image__figure .wp-block-uagb-image--layout-overlay__color-wrapper{width:calc(100% + 40px) !important;max-width:none !important;transform:translate3d(-40px, 0, 0);transition:transform .35s ease-in-out}.wp-block-uagb-image--effect-slide .wp-block-uagb-image__figure:hover img,.wp-block-uagb-image--effect-slide .wp-block-uagb-image__figure:hover .wp-block-uagb-image--layout-overlay__color-wrapper{transform:translate3d(0, 0, 0)}.wp-block-uagb-image--effect-grayscale img{filter:grayscale(0%);transition:.35s ease-in-out}.wp-block-uagb-image--effect-grayscale:hover img{filter:grayscale(100%)}.wp-block-uagb-image--effect-blur img{filter:blur(0);transition:.35s ease-in-out}.wp-block-uagb-image--effect-blur:hover img{filter:blur(3px)}.uagb-block-e6f939b3.wp-block-uagb-image--layout-default figure img{box-shadow: 0px 0px 0 #00000070;}.uagb-block-e6f939b3.wp-block-uagb-image .wp-block-uagb-image__figure figcaption{font-style: normal;align-self: center;}.uagb-block-e6f939b3.wp-block-uagb-image--layout-overlay figure img{box-shadow: 0px 0px 0 #00000070;}.uagb-block-e6f939b3.wp-block-uagb-image--layout-overlay .wp-block-uagb-image--layout-overlay__color-wrapper{opacity: 0.2;}.uagb-block-e6f939b3.wp-block-uagb-image--layout-overlay .wp-block-uagb-image--layout-overlay__inner{left: 15px;right: 15px;top: 15px;bottom: 15px;}.uagb-block-e6f939b3.wp-block-uagb-image--layout-overlay .wp-block-uagb-image--layout-overlay__inner .uagb-image-heading{font-style: normal;color: #fff;opacity: 1;}.uagb-block-e6f939b3.wp-block-uagb-image--layout-overlay .wp-block-uagb-image--layout-overlay__inner .uagb-image-heading a{color: #fff;}.uagb-block-e6f939b3.wp-block-uagb-image--layout-overlay .wp-block-uagb-image--layout-overlay__inner .uagb-image-caption{opacity: 0;}.uagb-block-e6f939b3.wp-block-uagb-image--layout-overlay .wp-block-uagb-image__figure:hover .wp-block-uagb-image--layout-overlay__color-wrapper{opacity: 1;}.uagb-block-e6f939b3.wp-block-uagb-image .wp-block-uagb-image--layout-overlay__inner .uagb-image-separator{width: 30%;border-top-width: 2px;border-top-color: #fff;opacity: 0;}.uagb-block-e6f939b3.wp-block-uagb-image .wp-block-uagb-image__figure img{width: px;height: auto;}.uagb-block-e6f939b3.wp-block-uagb-image .wp-block-uagb-image__figure:hover .wp-block-uagb-image--layout-overlay__inner .uagb-image-caption{opacity: 1;}.uagb-block-e6f939b3.wp-block-uagb-image .wp-block-uagb-image__figure:hover .wp-block-uagb-image--layout-overlay__inner .uagb-image-separator{opacity: 1;}.uagb-block-e6f939b3.wp-block-uagb-image--layout-default figure:hover img{box-shadow: 0px 0px 0 #00000070;}.uagb-block-e6f939b3.wp-block-uagb-image--layout-overlay figure:hover img{box-shadow: 0px 0px 0 #00000070;}@media only screen and (max-width: 976px) {.uagb-block-e6f939b3.wp-block-uagb-image .wp-block-uagb-image__figure img{width: px;height: auto;}}@media only screen and (max-width: 767px) {.uagb-block-e6f939b3.wp-block-uagb-image .wp-block-uagb-image__figure img{width: px;height: auto;}}\";s:2:\"js\";s:0:\"\";s:18:\"current_block_list\";a:13:{i:0;s:11:\"core\/search\";i:1;s:10:\"core\/group\";i:2;s:12:\"core\/heading\";i:3;s:17:\"core\/latest-posts\";i:4;s:20:\"core\/latest-comments\";i:5;s:13:\"core\/archives\";i:6;s:15:\"core\/categories\";i:7;s:14:\"core\/paragraph\";i:8;s:10:\"uagb\/image\";i:9;s:11:\"core\/spacer\";i:10;s:30:\"woocommerce\/product-categories\";i:11;s:10:\"core\/image\";i:12;s:14:\"core\/shortcode\";}s:8:\"uag_flag\";b:1;s:11:\"uag_version\";s:10:\"1777052938\";s:6:\"gfonts\";a:0:{}s:10:\"gfonts_url\";s:0:\"\";s:12:\"gfonts_files\";a:0:{}s:14:\"uag_faq_layout\";b:0;}"]},"uagb_featured_image_src":{"full":["https:\/\/www.cortenplus.com\/wp-content\/uploads\/2025\/06\/RustAccelerator1L.jpg",2560,2560,false],"thumbnail":["https:\/\/www.cortenplus.com\/wp-content\/uploads\/2025\/06\/RustAccelerator1L-150x150.jpg",150,150,true],"medium":["https:\/\/www.cortenplus.com\/wp-content\/uploads\/2025\/06\/RustAccelerator1L-300x300.jpg",300,300,true],"medium_large":["https:\/\/www.cortenplus.com\/wp-content\/uploads\/2025\/06\/RustAccelerator1L-768x768.jpg",768,768,true],"large":["https:\/\/www.cortenplus.com\/wp-content\/uploads\/2025\/06\/RustAccelerator1L-1024x1024.jpg",1024,1024,true],"1536x1536":["https:\/\/www.cortenplus.com\/wp-content\/uploads\/2025\/06\/RustAccelerator1L-1536x1536.jpg",1536,1536,true],"2048x2048":["https:\/\/www.cortenplus.com\/wp-content\/uploads\/2025\/06\/RustAccelerator1L-2048x2048.jpg",2048,2048,true],"trp-custom-language-flag":["https:\/\/www.cortenplus.com\/wp-content\/uploads\/2025\/06\/RustAccelerator1L-12x12.jpg",12,12,true],"woocommerce_thumbnail":["https:\/\/www.cortenplus.com\/wp-content\/uploads\/2025\/06\/RustAccelerator1L-300x300.jpg",300,300,true],"woocommerce_single":["https:\/\/www.cortenplus.com\/wp-content\/uploads\/2025\/06\/RustAccelerator1L-600x600.jpg",600,600,true],"woocommerce_gallery_thumbnail":["https:\/\/www.cortenplus.com\/wp-content\/uploads\/2025\/06\/RustAccelerator1L-100x100.jpg",100,100,true]},"uagb_author_info":{"display_name":"admin","author_link":"https:\/\/www.cortenplus.com\/ee\/author\/"},"uagb_comment_info":152,"uagb_excerpt":"The only acid-free rust accelerator on the market for total safety and long-term durability. Our rust accelerator is completely acid-free, which makes it unique and fundamentally different from conventional products that rely on aggressive acids to trigger oxidation. By eliminating acid from the formula, we ensure a controlled and natural rusting process that protects both&hellip;","_links":{"self":[{"href":"https:\/\/www.cortenplus.com\/ee\/wp-json\/wp\/v2\/product\/22974","targetHints":{"allow":["GET"]}}],"collection":[{"href":"https:\/\/www.cortenplus.com\/ee\/wp-json\/wp\/v2\/product"}],"about":[{"href":"https:\/\/www.cortenplus.com\/ee\/wp-json\/wp\/v2\/types\/product"}],"replies":[{"embeddable":true,"href":"https:\/\/www.cortenplus.com\/ee\/wp-json\/wp\/v2\/comments?post=22974"}],"version-history":[{"count":11,"href":"https:\/\/www.cortenplus.com\/ee\/wp-json\/wp\/v2\/product\/22974\/revisions"}],"predecessor-version":[{"id":26204,"href":"https:\/\/www.cortenplus.com\/ee\/wp-json\/wp\/v2\/product\/22974\/revisions\/26204"}],"wp:featuredmedia":[{"embeddable":true,"href":"https:\/\/www.cortenplus.com\/ee\/wp-json\/wp\/v2\/media\/23065"}],"wp:attachment":[{"href":"https:\/\/www.cortenplus.com\/ee\/wp-json\/wp\/v2\/media?parent=22974"}],"wp:term":[{"taxonomy":"product_brand","embeddable":true,"href":"https:\/\/www.cortenplus.com\/ee\/wp-json\/wp\/v2\/product_brand?post=22974"},{"taxonomy":"product_cat","embeddable":true,"href":"https:\/\/www.cortenplus.com\/ee\/wp-json\/wp\/v2\/product_cat?post=22974"},{"taxonomy":"product_tag","embeddable":true,"href":"https:\/\/www.cortenplus.com\/ee\/wp-json\/wp\/v2\/product_tag?post=22974"}],"curies":[{"name":"wp","href":"https:\/\/api.w.org\/{rel}","templated":true}]}}