{"id":22974,"date":"2025-06-02T08:36:32","date_gmt":"2025-06-02T06:36:32","guid":{"rendered":"https:\/\/www.cortenplus.com\/products\/rust-accelerator\/"},"modified":"2026-02-28T14:59:02","modified_gmt":"2026-02-28T13:59:02","slug":"rust-accelerator","status":"publish","type":"product","link":"https:\/\/www.cortenplus.com\/de\/products\/rust-accelerator\/","title":{"rendered":"Rostbeschleuniger"},"content":{"rendered":"<p><strong><img decoding=\"async\" style=\"margin-right: 12px;\" src=\"https:\/\/www.cortenplus.com\/wp-content\/uploads\/2026\/02\/Check.svg\" alt=\"\" width=\"18\" height=\"15\" \/>Der einzige s\u00e4urefreie Rostbeschleuniger auf dem Markt f\u00fcr absolute Sicherheit und lange Haltbarkeit.<\/strong> Unser Rostbeschleuniger ist v\u00f6llig s\u00e4urefrei und unterscheidet sich damit grundlegend von herk\u00f6mmlichen Produkten, die zur Ausl\u00f6sung der Oxidation auf aggressive S\u00e4uren angewiesen sind. Durch die Eliminierung von S\u00e4ure aus der Formel gew\u00e4hrleisten wir einen kontrollierten und nat\u00fcrlichen Rostprozess, der sowohl den Anwender als auch die strukturelle Integrit\u00e4t des Metalls sch\u00fctzt und ihn zur sichersten und fortschrittlichsten L\u00f6sung auf dem Markt macht.<\/p>\n<p><strong><img decoding=\"async\" style=\"margin-right: 12px;\" src=\"https:\/\/www.cortenplus.com\/wp-content\/uploads\/2026\/02\/Check.svg\" alt=\"\" width=\"18\" height=\"15\" \/>Keine Gefahr von zuk\u00fcnftigen Perforationen in der Metallstruktur.<\/strong> Rostbeschleuniger auf S\u00e4urebasis reagieren im Metall weiter, wenn ihre Wirkung nicht perfekt neutralisiert wird, was unweigerlich zu fortschreitender innerer Korrosion, Ausd\u00fcnnung und schlie\u00dflich zu Perforationen f\u00fchrt. Da unsere Formel keine S\u00e4ure enth\u00e4lt, verhindert sie versteckte Langzeitsch\u00e4den und garantiert, dass das Metall seine Festigkeit beh\u00e4lt, w\u00e4hrend es eine stabile, \u00e4sthetische Rostoberfl\u00e4che entwickelt.<\/p>\n<p><strong><img decoding=\"async\" style=\"margin-right: 12px;\" src=\"https:\/\/www.cortenplus.com\/wp-content\/uploads\/2026\/02\/Check.svg\" alt=\"\" width=\"18\" height=\"15\" \/>Kein Neutralisator oder zus\u00e4tzliches Stoppmittel erforderlich.<\/strong> Im Gegensatz zu s\u00e4urehaltigen L\u00f6sungen, die ein zweites Produkt zur Neutralisierung und zum Stoppen der Oxidation erfordern, funktioniert unser Rostbeschleuniger unabh\u00e4ngig und sicher ohne zus\u00e4tzliche Behandlung. Dies vereinfacht den Prozess, verringert den Arbeitsaufwand, senkt die Gesamtkosten und eliminiert das Risiko einer unsachgem\u00e4\u00dfen Neutralisierung, die Stahloberfl\u00e4chen dauerhaft besch\u00e4digen kann.<\/p>\n<p><strong><img decoding=\"async\" style=\"margin-right: 12px;\" src=\"https:\/\/www.cortenplus.com\/wp-content\/uploads\/2026\/02\/Check.svg\" alt=\"\" width=\"18\" height=\"15\" \/>Maximale Sicherheit f\u00fcr den Anwender bei der Anwendung.<\/strong> Ohne \u00e4tzende S\u00e4uren gibt es keine sch\u00e4dlichen S\u00e4ured\u00e4mpfe, keine aggressiven Chemikalienspritzer und keine gef\u00e4hrlichen Reaktionen mit umgebenden Materialien. Dies macht die Verwendung des Produkts in Werkst\u00e4tten, auf Baustellen und sogar in Wohnr\u00e4umen wesentlich angenehmer und sicherer.<\/p>\n<p><strong><img decoding=\"async\" style=\"margin-right: 12px;\" src=\"https:\/\/www.cortenplus.com\/wp-content\/uploads\/2026\/02\/Check.svg\" alt=\"\" width=\"18\" height=\"15\" \/>Geld-zur\u00fcck-Garantie f\u00fcr absolute Sorglosigkeit.<\/strong> Wir bieten eine Geld-zur\u00fcck-Garantie. Wenn Sie mit der Leistung oder dem Ergebnis nicht zufrieden sind, erstatten wir Ihnen Ihr Geld zur\u00fcck. So k\u00f6nnen Sie unseren Rostbeschleuniger ohne Risiko und mit vollem Vertrauen in seine Wirksamkeit testen.<\/p>\n<p><strong><img decoding=\"async\" style=\"margin-right: 12px;\" src=\"https:\/\/www.cortenplus.com\/wp-content\/uploads\/2026\/02\/Check.svg\" alt=\"\" width=\"18\" height=\"15\" \/>Hochwirksames und optisch beeindruckendes Oxidationsverfahren.<\/strong> Unsere Formel wurde entwickelt, um eine schnelle, kontrollierte und gleichm\u00e4\u00dfige Rostentwicklung zu erzielen und eine tiefe, authentische Patina zu gew\u00e4hrleisten, die architektonische und dekorative Projekte aufwertet. Es aktiviert den Oxidationsprozess effizient und beh\u00e4lt gleichzeitig die volle Kontrolle \u00fcber das \u00e4sthetische Ergebnis.<\/p>\n<p><strong><img decoding=\"async\" style=\"margin-right: 12px;\" src=\"https:\/\/www.cortenplus.com\/wp-content\/uploads\/2026\/02\/Check.svg\" alt=\"\" width=\"18\" height=\"15\" \/>Sichtbare Reaktion innerhalb von 30 Minuten und Rostbildung nach einer Stunde.<\/strong> Nach dem Auftragen f\u00e4rbt sich das Metall innerhalb von etwa 30 Minuten blau, was die Aktivierung des Oxidationsprozesses deutlich anzeigt. Nach einer Stunde beginnt echter Rost zu erscheinen, so dass Fachleute die Ergebnisse schnell beurteilen und den Zeitplan f\u00fcr das Projekt effizient planen k\u00f6nnen.<\/p>\n<p><strong><img decoding=\"async\" style=\"margin-right: 12px;\" src=\"https:\/\/www.cortenplus.com\/wp-content\/uploads\/2026\/02\/Check.svg\" alt=\"\" width=\"18\" height=\"15\" \/>Hervorragende Deckkraft von bis zu 20 m\u00b2 pro Liter.<\/strong> Mit einer ungef\u00e4hren Ergiebigkeit von 20 Quadratmetern pro Liter bietet das Produkt eine hervorragende Effizienz und Kosteneffizienz. Dank dieser gro\u00dfz\u00fcgigen Deckkraft eignet es sich sowohl f\u00fcr kleine dekorative Elemente als auch f\u00fcr gro\u00dfe architektonische Fl\u00e4chen und gew\u00e4hrleistet eine gleichm\u00e4\u00dfige Leistung auf gro\u00dfen Fl\u00e4chen.<\/p>\n<p><strong><img decoding=\"async\" style=\"margin-right: 12px;\" src=\"https:\/\/www.cortenplus.com\/wp-content\/uploads\/2026\/02\/Check.svg\" alt=\"\" width=\"18\" height=\"15\" \/>Hervorragend geeignet f\u00fcr Cortenstahl und alle Eisenmetalle.<\/strong> Unser Rostbeschleuniger wurde speziell f\u00fcr Corten-Stahl entwickelt, ist aber auch f\u00fcr Eisen, Normalstahl und andere Eisenmetalle geeignet. Die Formel f\u00f6rdert den nat\u00fcrlichen Verwitterungsprozess, ohne die sch\u00fctzenden Eigenschaften des Materials zu beeintr\u00e4chtigen, und sorgt f\u00fcr ein reichhaltiges, gleichm\u00e4\u00dfiges und stabiles Rostfinish.<\/p>\n<p><strong><img decoding=\"async\" style=\"margin-right: 12px;\" src=\"https:\/\/www.cortenplus.com\/wp-content\/uploads\/2026\/02\/Check.svg\" alt=\"\" width=\"18\" height=\"15\" \/>Einfache Anwendung mit Ergebnissen in professioneller Qualit\u00e4t.<\/strong> Der Rostbeschleuniger wird einfach mit einer Rolle aufgetragen, die in unserem Gesch\u00e4ft erh\u00e4ltlich ist und eine gleichm\u00e4\u00dfige Verteilung und kontrollierte Abdeckung erm\u00f6glicht, ohne dass komplexe Spr\u00fchger\u00e4te oder Spezialmaschinen erforderlich sind.<\/p>\n<p><strong><img decoding=\"async\" style=\"margin-right: 12px;\" src=\"https:\/\/www.cortenplus.com\/wp-content\/uploads\/2026\/02\/Check.svg\" alt=\"\" width=\"18\" height=\"15\" \/>Kosteng\u00fcnstig und der Konkurrenz auf S\u00e4urebasis \u00fcberlegen.<\/strong> Durch die Kombination von s\u00e4urefreier Sicherheit, hoher Effektivit\u00e4t, keine Notwendigkeit der Neutralisierung, schnell sichtbare Ergebnisse und 20 m\u00b2 pro Liter Reichweite, hebt sich unser Rostbeschleuniger als die fortschrittlichste und zuverl\u00e4ssigste L\u00f6sung auf dem Markt hervor, um authentische Rostoberfl\u00e4chen ohne langfristige Risiken zu erzielen.<\/p>\n<h2><strong>Anweisungen<\/strong><\/h2>\n<ul>\n<li>Bei kaltgewalzten Blechen, die d\u00fcnner als 2,5 mm sind, entfetten Sie die Oberfl\u00e4che gr\u00fcndlich mit einem geeigneten Metallentfetter, wie z. B. unserem speziellen Metallentfetter, um \u00d6le und Fertigungsr\u00fcckst\u00e4nde zu entfernen.<\/li>\n<li>Bei warmgewalzten Blechen mit einer Dicke von mehr als 2,5 mm muss die Oberfl\u00e4che sandgestrahlt werden, um Walzzunder zu entfernen und eine ordnungsgem\u00e4\u00dfe Oxidation zu gew\u00e4hrleisten.<\/li>\n<li>Wenn kein Sandstrahlger\u00e4t zur Verf\u00fcgung steht, verwenden Sie unser Entkalkungsmittel, um den Walzzunder wirksam zu entfernen, bevor Sie fortfahren.<\/li>\n<li>Stellen Sie sicher, dass die Oberfl\u00e4che sauber, trocken und staubfrei ist, bevor Sie den Rostbeschleuniger auftragen.<\/li>\n<li>Tragen Sie den Rostbeschleuniger gleichm\u00e4\u00dfig mit einer in unserem Gesch\u00e4ft erh\u00e4ltlichen Rolle auf.<\/li>\n<li>Beachten Sie eine ungef\u00e4hre Dosierung von 50 ml pro Quadratmeter, was einer Deckungsrate von 20 m\u00b2 pro Liter entspricht.<\/li>\n<li>Beobachten Sie nach etwa 30 Minuten, wie sich die Metalloberfl\u00e4che blau f\u00e4rbt, da die Reaktion beginnt.<\/li>\n<li>Nach etwa einer Stunde beginnt sich sichtbar Rost zu bilden.<\/li>\n<li>Lassen Sie den Oxidationsprozess bis zu zwei Tage lang auf nat\u00fcrliche Weise ablaufen, um die gew\u00fcnschte Rosttiefe zu erreichen.<\/li>\n<li>Nach zwei Tagen tragen Sie einen Schutzlack auf, z. B. unseren Lack f\u00fcr Cortenstahl, um die Oberfl\u00e4che zu stabilisieren.<\/li>\n<li>Der Lack verhindert, dass bei Regen Rost auf den Boden gelangt und sch\u00fctzt die Kleidung vor Flecken, wenn sich jemand gegen die behandelte Oberfl\u00e4che lehnt.<\/li>\n<\/ul>","protected":false},"excerpt":{"rendered":"<p>The only acid-free rust accelerator on the market for total safety and long-term durability. Our rust accelerator is completely acid-free, which makes it unique and fundamentally different from conventional products that rely on aggressive acids to trigger oxidation. By eliminating acid from the formula, we ensure a controlled and natural rusting process that protects both [&hellip;]<\/p>\n","protected":false},"featured_media":23065,"comment_status":"open","ping_status":"closed","template":"","meta":{"_uag_custom_page_level_css":"","site-sidebar-layout":"default","site-content-layout":"","ast-site-content-layout":"default","site-content-style":"default","site-sidebar-style":"default","ast-global-header-display":"","ast-banner-title-visibility":"","ast-main-header-display":"","ast-hfb-above-header-display":"","ast-hfb-below-header-display":"","ast-hfb-mobile-header-display":"","site-post-title":"","ast-breadcrumbs-content":"","ast-featured-img":"","footer-sml-layout":"","ast-disable-related-posts":"","theme-transparent-header-meta":"default","adv-header-id-meta":"","stick-header-meta":"","header-above-stick-meta":"","header-main-stick-meta":"","header-below-stick-meta":"","astra-migrate-meta-layouts":"set","ast-page-background-enabled":"default","ast-page-background-meta":{"desktop":{"background-color":"var(--ast-global-color-4)","background-image":"","background-repeat":"repeat","background-position":"center center","background-size":"auto","background-attachment":"scroll","background-type":"","background-media":"","overlay-type":"","overlay-color":"","overlay-opacity":"","overlay-gradient":""},"tablet":{"background-color":"","background-image":"","background-repeat":"repeat","background-position":"center center","background-size":"auto","background-attachment":"scroll","background-type":"","background-media":"","overlay-type":"","overlay-color":"","overlay-opacity":"","overlay-gradient":""},"mobile":{"background-color":"","background-image":"","background-repeat":"repeat","background-position":"center center","background-size":"auto","background-attachment":"scroll","background-type":"","background-media":"","overlay-type":"","overlay-color":"","overlay-opacity":"","overlay-gradient":""}},"ast-content-background-meta":{"desktop":{"background-color":"var(--ast-global-color-5)","background-image":"","background-repeat":"repeat","background-position":"center center","background-size":"auto","background-attachment":"scroll","background-type":"","background-media":"","overlay-type":"","overlay-color":"","overlay-opacity":"","overlay-gradient":""},"tablet":{"background-color":"var(--ast-global-color-5)","background-image":"","background-repeat":"repeat","background-position":"center center","background-size":"auto","background-attachment":"scroll","background-type":"","background-media":"","overlay-type":"","overlay-color":"","overlay-opacity":"","overlay-gradient":""},"mobile":{"background-color":"var(--ast-global-color-5)","background-image":"","background-repeat":"repeat","background-position":"center center","background-size":"auto","background-attachment":"scroll","background-type":"","background-media":"","overlay-type":"","overlay-color":"","overlay-opacity":"","overlay-gradient":""}}},"product_brand":[],"product_cat":[15],"product_tag":[],"class_list":{"0":"post-22974","1":"product","2":"type-product","3":"status-publish","4":"has-post-thumbnail","6":"product_cat-shop","7":"desktop-align-left","8":"tablet-align-left","9":"mobile-align-left","11":"first","12":"instock","13":"sale","14":"shipping-taxable","15":"purchasable","16":"product-type-variable","17":"has-default-attributes"},"spectra_custom_meta":{"_visibility":["visible"],"_shopify_product_id":["1462206791753"],"_s2w_shopify_domain":["cortenplus.myshopify.com"],"_shopify_variant_id":["12627708313673"],"_manage_stock":["no"],"total_sales":["1422"],"_tax_status":["taxable"],"_tax_class":[""],"_backorders":["no"],"_sold_individually":["no"],"_virtual":["no"],"_downloadable":["no"],"_download_limit":["-1"],"_download_expiry":["-1"],"_stock":[null],"_stock_status":["instock"],"_wc_average_rating":["4.68"],"_wc_review_count":["152"],"_product_attributes":["a:1:{s:6:\"volume\";a:6:{s:4:\"name\";s:6:\"Volume\";s:5:\"value\";s:30:\"1 liter | 5 liters | 25 liters\";s:8:\"position\";i:1;s:10:\"is_visible\";i:0;s:12:\"is_variation\";i:1;s:11:\"is_taxonomy\";i:0;}}"],"_product_version":["10.5.2"],"_thumbnail_id":["23065"],"_product_image_gallery":["23068,23069"],"_edit_lock":["1772287943:1"],"_edit_last":["1"],"_wp_page_template":["default"],"site-sidebar-layout":["default"],"ast-site-content-layout":["default"],"site-content-style":["default"],"site-sidebar-style":["default"],"theme-transparent-header-meta":["default"],"merchant-center-category":["505417"],"merchant-center-availability":["yes"],"_default_attributes":["a:1:{s:6:\"volume\";s:7:\"1 liter\";}"],"_wc_rating_count":["a:3:{i:3;i:16;i:4;i:17;i:5;i:119;}"],"_upsell_ids":["a:3:{i:0;i:22962;i:1;i:22963;i:2;i:22982;}"],"_crosssell_ids":["a:3:{i:0;i:22962;i:1;i:22963;i:2;i:22982;}"],"_price":["29.90","139.90","599.90"],"_sku":["CPRUSTACCELERATOR"],"merchant-center-id":["AR1"],"astra-migrate-meta-layouts":["set"],"_uag_css_file_name":["uag-css-22974.css"],"_elementor_page_assets":["a:0:{}"],"_uag_page_assets":["a:9:{s:3:\"css\";s:7133:\".uag-blocks-common-selector{z-index:var(--z-index-desktop) !important}@media(max-width: 976px){.uag-blocks-common-selector{z-index:var(--z-index-tablet) !important}}@media(max-width: 767px){.uag-blocks-common-selector{z-index:var(--z-index-mobile) !important}}.wp-block-uagb-image{display:flex}.wp-block-uagb-image__figure{position:relative;display:flex;flex-direction:column;max-width:100%;height:auto;margin:0}.wp-block-uagb-image__figure img{height:auto;display:flex;max-width:100%;transition:box-shadow .2s ease}.wp-block-uagb-image__figure>a{display:inline-block}.wp-block-uagb-image__figure figcaption{text-align:center;margin-top:.5em;margin-bottom:1em}.wp-block-uagb-image .components-placeholder.block-editor-media-placeholder .components-placeholder__instructions{align-self:center}.wp-block-uagb-image--align-left{text-align:left}.wp-block-uagb-image--align-right{text-align:right}.wp-block-uagb-image--align-center{text-align:center}.wp-block-uagb-image--align-full .wp-block-uagb-image__figure{margin-left:calc(50% - 50vw);margin-right:calc(50% - 50vw);max-width:100vw;width:100vw;height:auto}.wp-block-uagb-image--align-full .wp-block-uagb-image__figure img{height:auto;width:100% !important}.wp-block-uagb-image--align-wide .wp-block-uagb-image__figure img{height:auto;width:100%}.wp-block-uagb-image--layout-overlay__color-wrapper{position:absolute;left:0;top:0;right:0;bottom:0;opacity:.2;background:rgba(0,0,0,.5);transition:opacity .35s ease-in-out}.wp-block-uagb-image--layout-overlay-link{position:absolute;left:0;right:0;bottom:0;top:0}.wp-block-uagb-image--layout-overlay .wp-block-uagb-image__figure:hover .wp-block-uagb-image--layout-overlay__color-wrapper{opacity:1}.wp-block-uagb-image--layout-overlay__inner{position:absolute;left:15px;right:15px;bottom:15px;top:15px;display:flex;align-items:center;justify-content:center;flex-direction:column;border-color:#fff;transition:.35s ease-in-out}.wp-block-uagb-image--layout-overlay__inner.top-left,.wp-block-uagb-image--layout-overlay__inner.top-center,.wp-block-uagb-image--layout-overlay__inner.top-right{justify-content:flex-start}.wp-block-uagb-image--layout-overlay__inner.bottom-left,.wp-block-uagb-image--layout-overlay__inner.bottom-center,.wp-block-uagb-image--layout-overlay__inner.bottom-right{justify-content:flex-end}.wp-block-uagb-image--layout-overlay__inner.top-left,.wp-block-uagb-image--layout-overlay__inner.center-left,.wp-block-uagb-image--layout-overlay__inner.bottom-left{align-items:flex-start}.wp-block-uagb-image--layout-overlay__inner.top-right,.wp-block-uagb-image--layout-overlay__inner.center-right,.wp-block-uagb-image--layout-overlay__inner.bottom-right{align-items:flex-end}.wp-block-uagb-image--layout-overlay__inner .uagb-image-heading{color:#fff;transition:transform .35s,opacity .35s ease-in-out;transform:translate3d(0, 24px, 0);margin:0;line-height:1em}.wp-block-uagb-image--layout-overlay__inner .uagb-image-separator{width:30%;border-top-width:2px;border-top-color:#fff;border-top-style:solid;margin-bottom:10px;opacity:0;transition:transform .4s,opacity .4s ease-in-out;transform:translate3d(0, 30px, 0)}.wp-block-uagb-image--layout-overlay__inner .uagb-image-caption{opacity:0;overflow:visible;color:#fff;transition:transform .45s,opacity .45s ease-in-out;transform:translate3d(0, 35px, 0)}.wp-block-uagb-image--layout-overlay__inner:hover .uagb-image-heading,.wp-block-uagb-image--layout-overlay__inner:hover .uagb-image-separator,.wp-block-uagb-image--layout-overlay__inner:hover .uagb-image-caption{opacity:1;transform:translate3d(0, 0, 0)}.wp-block-uagb-image--effect-zoomin .wp-block-uagb-image__figure img,.wp-block-uagb-image--effect-zoomin .wp-block-uagb-image__figure .wp-block-uagb-image--layout-overlay__color-wrapper{transform:scale(1);transition:transform .35s ease-in-out}.wp-block-uagb-image--effect-zoomin .wp-block-uagb-image__figure:hover img,.wp-block-uagb-image--effect-zoomin .wp-block-uagb-image__figure:hover .wp-block-uagb-image--layout-overlay__color-wrapper{transform:scale(1.05)}.wp-block-uagb-image--effect-slide .wp-block-uagb-image__figure img,.wp-block-uagb-image--effect-slide .wp-block-uagb-image__figure .wp-block-uagb-image--layout-overlay__color-wrapper{width:calc(100% + 40px) !important;max-width:none !important;transform:translate3d(-40px, 0, 0);transition:transform .35s ease-in-out}.wp-block-uagb-image--effect-slide .wp-block-uagb-image__figure:hover img,.wp-block-uagb-image--effect-slide .wp-block-uagb-image__figure:hover .wp-block-uagb-image--layout-overlay__color-wrapper{transform:translate3d(0, 0, 0)}.wp-block-uagb-image--effect-grayscale img{filter:grayscale(0%);transition:.35s ease-in-out}.wp-block-uagb-image--effect-grayscale:hover img{filter:grayscale(100%)}.wp-block-uagb-image--effect-blur img{filter:blur(0);transition:.35s ease-in-out}.wp-block-uagb-image--effect-blur:hover img{filter:blur(3px)}.uagb-block-e6f939b3.wp-block-uagb-image--layout-default figure img{box-shadow: 0px 0px 0 #00000070;}.uagb-block-e6f939b3.wp-block-uagb-image .wp-block-uagb-image__figure figcaption{font-style: normal;align-self: center;}.uagb-block-e6f939b3.wp-block-uagb-image--layout-overlay figure img{box-shadow: 0px 0px 0 #00000070;}.uagb-block-e6f939b3.wp-block-uagb-image--layout-overlay .wp-block-uagb-image--layout-overlay__color-wrapper{opacity: 0.2;}.uagb-block-e6f939b3.wp-block-uagb-image--layout-overlay .wp-block-uagb-image--layout-overlay__inner{left: 15px;right: 15px;top: 15px;bottom: 15px;}.uagb-block-e6f939b3.wp-block-uagb-image--layout-overlay .wp-block-uagb-image--layout-overlay__inner .uagb-image-heading{font-style: normal;color: #fff;opacity: 1;}.uagb-block-e6f939b3.wp-block-uagb-image--layout-overlay .wp-block-uagb-image--layout-overlay__inner .uagb-image-heading a{color: #fff;}.uagb-block-e6f939b3.wp-block-uagb-image--layout-overlay .wp-block-uagb-image--layout-overlay__inner .uagb-image-caption{opacity: 0;}.uagb-block-e6f939b3.wp-block-uagb-image--layout-overlay .wp-block-uagb-image__figure:hover .wp-block-uagb-image--layout-overlay__color-wrapper{opacity: 1;}.uagb-block-e6f939b3.wp-block-uagb-image .wp-block-uagb-image--layout-overlay__inner .uagb-image-separator{width: 30%;border-top-width: 2px;border-top-color: #fff;opacity: 0;}.uagb-block-e6f939b3.wp-block-uagb-image .wp-block-uagb-image__figure img{width: px;height: auto;}.uagb-block-e6f939b3.wp-block-uagb-image .wp-block-uagb-image__figure:hover .wp-block-uagb-image--layout-overlay__inner .uagb-image-caption{opacity: 1;}.uagb-block-e6f939b3.wp-block-uagb-image .wp-block-uagb-image__figure:hover .wp-block-uagb-image--layout-overlay__inner .uagb-image-separator{opacity: 1;}.uagb-block-e6f939b3.wp-block-uagb-image--layout-default figure:hover img{box-shadow: 0px 0px 0 #00000070;}.uagb-block-e6f939b3.wp-block-uagb-image--layout-overlay figure:hover img{box-shadow: 0px 0px 0 #00000070;}@media only screen and (max-width: 976px) {.uagb-block-e6f939b3.wp-block-uagb-image .wp-block-uagb-image__figure img{width: px;height: auto;}}@media only screen and (max-width: 767px) {.uagb-block-e6f939b3.wp-block-uagb-image .wp-block-uagb-image__figure img{width: px;height: auto;}}\";s:2:\"js\";s:0:\"\";s:18:\"current_block_list\";a:13:{i:0;s:11:\"core\/search\";i:1;s:10:\"core\/group\";i:2;s:12:\"core\/heading\";i:3;s:17:\"core\/latest-posts\";i:4;s:20:\"core\/latest-comments\";i:5;s:13:\"core\/archives\";i:6;s:15:\"core\/categories\";i:7;s:14:\"core\/paragraph\";i:8;s:10:\"uagb\/image\";i:9;s:11:\"core\/spacer\";i:10;s:30:\"woocommerce\/product-categories\";i:11;s:10:\"core\/image\";i:12;s:14:\"core\/shortcode\";}s:8:\"uag_flag\";b:1;s:11:\"uag_version\";s:10:\"1777052938\";s:6:\"gfonts\";a:0:{}s:10:\"gfonts_url\";s:0:\"\";s:12:\"gfonts_files\";a:0:{}s:14:\"uag_faq_layout\";b:0;}"]},"uagb_featured_image_src":{"full":["https:\/\/www.cortenplus.com\/wp-content\/uploads\/2025\/06\/RustAccelerator1L.jpg",2560,2560,false],"thumbnail":["https:\/\/www.cortenplus.com\/wp-content\/uploads\/2025\/06\/RustAccelerator1L-150x150.jpg",150,150,true],"medium":["https:\/\/www.cortenplus.com\/wp-content\/uploads\/2025\/06\/RustAccelerator1L-300x300.jpg",300,300,true],"medium_large":["https:\/\/www.cortenplus.com\/wp-content\/uploads\/2025\/06\/RustAccelerator1L-768x768.jpg",768,768,true],"large":["https:\/\/www.cortenplus.com\/wp-content\/uploads\/2025\/06\/RustAccelerator1L-1024x1024.jpg",1024,1024,true],"1536x1536":["https:\/\/www.cortenplus.com\/wp-content\/uploads\/2025\/06\/RustAccelerator1L-1536x1536.jpg",1536,1536,true],"2048x2048":["https:\/\/www.cortenplus.com\/wp-content\/uploads\/2025\/06\/RustAccelerator1L-2048x2048.jpg",2048,2048,true],"trp-custom-language-flag":["https:\/\/www.cortenplus.com\/wp-content\/uploads\/2025\/06\/RustAccelerator1L-12x12.jpg",12,12,true],"woocommerce_thumbnail":["https:\/\/www.cortenplus.com\/wp-content\/uploads\/2025\/06\/RustAccelerator1L-300x300.jpg",300,300,true],"woocommerce_single":["https:\/\/www.cortenplus.com\/wp-content\/uploads\/2025\/06\/RustAccelerator1L-600x600.jpg",600,600,true],"woocommerce_gallery_thumbnail":["https:\/\/www.cortenplus.com\/wp-content\/uploads\/2025\/06\/RustAccelerator1L-100x100.jpg",100,100,true]},"uagb_author_info":{"display_name":"admin","author_link":"https:\/\/www.cortenplus.com\/de\/author\/"},"uagb_comment_info":152,"uagb_excerpt":"The only acid-free rust accelerator on the market for total safety and long-term durability. Our rust accelerator is completely acid-free, which makes it unique and fundamentally different from conventional products that rely on aggressive acids to trigger oxidation. By eliminating acid from the formula, we ensure a controlled and natural rusting process that protects both&hellip;","_links":{"self":[{"href":"https:\/\/www.cortenplus.com\/de\/wp-json\/wp\/v2\/product\/22974","targetHints":{"allow":["GET"]}}],"collection":[{"href":"https:\/\/www.cortenplus.com\/de\/wp-json\/wp\/v2\/product"}],"about":[{"href":"https:\/\/www.cortenplus.com\/de\/wp-json\/wp\/v2\/types\/product"}],"replies":[{"embeddable":true,"href":"https:\/\/www.cortenplus.com\/de\/wp-json\/wp\/v2\/comments?post=22974"}],"version-history":[{"count":11,"href":"https:\/\/www.cortenplus.com\/de\/wp-json\/wp\/v2\/product\/22974\/revisions"}],"predecessor-version":[{"id":26204,"href":"https:\/\/www.cortenplus.com\/de\/wp-json\/wp\/v2\/product\/22974\/revisions\/26204"}],"wp:featuredmedia":[{"embeddable":true,"href":"https:\/\/www.cortenplus.com\/de\/wp-json\/wp\/v2\/media\/23065"}],"wp:attachment":[{"href":"https:\/\/www.cortenplus.com\/de\/wp-json\/wp\/v2\/media?parent=22974"}],"wp:term":[{"taxonomy":"product_brand","embeddable":true,"href":"https:\/\/www.cortenplus.com\/de\/wp-json\/wp\/v2\/product_brand?post=22974"},{"taxonomy":"product_cat","embeddable":true,"href":"https:\/\/www.cortenplus.com\/de\/wp-json\/wp\/v2\/product_cat?post=22974"},{"taxonomy":"product_tag","embeddable":true,"href":"https:\/\/www.cortenplus.com\/de\/wp-json\/wp\/v2\/product_tag?post=22974"}],"curies":[{"name":"wp","href":"https:\/\/api.w.org\/{rel}","templated":true}]}}