{"id":22962,"date":"2025-06-02T08:36:25","date_gmt":"2025-06-02T06:36:25","guid":{"rendered":"https:\/\/www.cortenplus.com\/products\/application-kit\/"},"modified":"2026-02-28T15:14:15","modified_gmt":"2026-02-28T14:14:15","slug":"application-kit","status":"publish","type":"product","link":"https:\/\/www.cortenplus.com\/de\/products\/application-kit\/","title":{"rendered":"Applikationsset"},"content":{"rendered":"<p><strong><img decoding=\"async\" style=\"margin-right: 12px;\" src=\"https:\/\/www.cortenplus.com\/wp-content\/uploads\/2026\/02\/Check.svg\" alt=\"\" width=\"18\" height=\"15\" \/>Alles, was Sie f\u00fcr eine pr\u00e4zise und gleichm\u00e4\u00dfige Anwendung ben\u00f6tigen, in einem praktischen Set.<\/strong> Unser Auftragskit enth\u00e4lt eine hochwertige 110-mm-Schaumstoffwalze und eine robuste Kunststoffschale. Damit sind die wichtigsten Werkzeuge f\u00fcr ein gleichm\u00e4\u00dfiges und kontrolliertes Auftragen von Rostbeschleuniger oder Cortenstahl-Lack vorhanden. Es macht die Beschaffung von separatem Zubeh\u00f6r \u00fcberfl\u00fcssig und gew\u00e4hrleistet die sofortige Einsatzbereitschaft f\u00fcr Ihr Metallveredelungsprojekt.<\/p>\n<p><strong><img decoding=\"async\" style=\"margin-right: 12px;\" src=\"https:\/\/www.cortenplus.com\/wp-content\/uploads\/2026\/02\/Check.svg\" alt=\"\" width=\"18\" height=\"15\" \/>Konzipiert f\u00fcr eine m\u00f6glichst effiziente Produktverteilung.<\/strong> Die 110-mm-Schaumstoffrolle wurde speziell ausgew\u00e4hlt, um eine m\u00f6glichst effektive und gleichm\u00e4\u00dfige Verteilung von Rostbeschleuniger und Cortenstahllack zu gew\u00e4hrleisten. Ihre feine Schaumstruktur erm\u00f6glicht eine gleichm\u00e4\u00dfige Aufnahme und Abgabe, wodurch Schlieren, Lachen oder ungleichm\u00e4\u00dfige Oberfl\u00e4chen verhindert werden, die die endg\u00fcltige \u00c4sthetik beeintr\u00e4chtigen k\u00f6nnen.<\/p>\n<p><strong><img decoding=\"async\" style=\"margin-right: 12px;\" src=\"https:\/\/www.cortenplus.com\/wp-content\/uploads\/2026\/02\/Check.svg\" alt=\"\" width=\"18\" height=\"15\" \/>Die g\u00fcnstigste professionelle Bewerbungsl\u00f6sung auf dem Markt.<\/strong> Wir bieten dieses komplette Set zum g\u00fcnstigsten Preis an. Es ist die g\u00fcnstigste und hochwertigste Option f\u00fcr die Anwendung von Rostschutzmitteln und Schutzlacken und damit ideal f\u00fcr Profis und Heimwerker, die zuverl\u00e4ssige Werkzeuge ben\u00f6tigen, ohne zu viel Geld auszugeben.<\/p>\n<p><strong><img decoding=\"async\" style=\"margin-right: 12px;\" src=\"https:\/\/www.cortenplus.com\/wp-content\/uploads\/2026\/02\/Check.svg\" alt=\"\" width=\"18\" height=\"15\" \/>Garantierte 24-Stunden-Lieferung f\u00fcr einen unterbrechungsfreien Arbeitsablauf.<\/strong> Bei der Metallbehandlung ist das Timing entscheidend. Deshalb garantieren wir eine 24-Stunden-Lieferung, damit Sie Ihr Anwendungsset schnell erhalten und ohne Verz\u00f6gerung mit der Rostbeschleunigung oder Lackierung beginnen k\u00f6nnen.<\/p>\n<p><strong><img decoding=\"async\" style=\"margin-right: 12px;\" src=\"https:\/\/www.cortenplus.com\/wp-content\/uploads\/2026\/02\/Check.svg\" alt=\"\" width=\"18\" height=\"15\" \/>Geld-zur\u00fcck-Garantie f\u00fcr volle Zufriedenheit.<\/strong> Wir sind von der Qualit\u00e4t und Praktikabilit\u00e4t unseres Anwendungssets \u00fcberzeugt. Sollten Sie mit der Leistung nicht zufrieden sein, bieten wir Ihnen eine Geld-zur\u00fcck-Garantie. Setzen Sie sich einfach mit uns in Verbindung und wir erstatten Ihnen den Kaufpreis zur\u00fcck, damit Sie eine v\u00f6llig risikofreie Erfahrung machen k\u00f6nnen.<\/p>\n<p><strong><img decoding=\"async\" style=\"margin-right: 12px;\" src=\"https:\/\/www.cortenplus.com\/wp-content\/uploads\/2026\/02\/Check.svg\" alt=\"\" width=\"18\" height=\"15\" \/>Hervorragend geeignet f\u00fcr die Anwendung von Rostbeschleunigern.<\/strong> Beim Auftragen von Rostbeschleuniger ist eine gleichm\u00e4\u00dfige Verteilung wichtig, um eine gleichm\u00e4\u00dfige Patina zu erzielen. Die Schaumstoffrolle erm\u00f6glicht ein pr\u00e4zises Verteilen auf Cortenstahlplatten und verhindert Tropfspuren und unregelm\u00e4\u00dfige Oxidationsmuster.<\/p>\n<p><strong><img decoding=\"async\" style=\"margin-right: 12px;\" src=\"https:\/\/www.cortenplus.com\/wp-content\/uploads\/2026\/02\/Check.svg\" alt=\"\" width=\"18\" height=\"15\" \/>Ideal f\u00fcr die Lackierung von Cortenstahl.<\/strong> Der feinzellige Schaum sorgt f\u00fcr einen gleichm\u00e4\u00dfigen Lackauftrag ohne Pinselspuren oder Fasern zu hinterlassen. Das Ergebnis ist ein sauberes, professionelles Finish, das die Patina des Cortenholzes hervorhebt und sch\u00fctzt.<\/p>\n<p><strong><img decoding=\"async\" style=\"margin-right: 12px;\" src=\"https:\/\/www.cortenplus.com\/wp-content\/uploads\/2026\/02\/Check.svg\" alt=\"\" width=\"18\" height=\"15\" \/>Kompakt und leicht zu handhaben f\u00fcr detaillierte Arbeiten.<\/strong> Die Walzenbreite von 110 mm bietet eine ausgezeichnete Man\u00f6vrierf\u00e4higkeit, so dass sowohl gro\u00dfe ebene Fl\u00e4chen als auch kleinere Abschnitte pr\u00e4zise bearbeitet werden k\u00f6nnen. Sie ist besonders n\u00fctzlich f\u00fcr Paneele, Pflanzgef\u00e4\u00dfe, dekorative Elemente und architektonische Elemente.<\/p>\n<p><strong><img decoding=\"async\" style=\"margin-right: 12px;\" src=\"https:\/\/www.cortenplus.com\/wp-content\/uploads\/2026\/02\/Check.svg\" alt=\"\" width=\"18\" height=\"15\" \/>Langlebige und wiederverwendbare Komponenten.<\/strong> Die Kunststoffschale ist l\u00f6sungsmittelbest\u00e4ndig und leicht zu reinigen, w\u00e4hrend die Schaumstoffrolle ihre Struktur w\u00e4hrend der Anwendung beibeh\u00e4lt. Bei ordnungsgem\u00e4\u00dfer Reinigung nach dem Gebrauch kann das Set f\u00fcr mehrere Projekte wiederverwendet werden, was seinen langfristigen Wert erh\u00f6ht.<\/p>\n<h2><strong>Anweisungen<\/strong><\/h2>\n<ul>\n<li>Vergewissern Sie sich, dass die Metalloberfl\u00e4che vor dem Auftragen des Rostbeschleunigers oder des Lacks ordnungsgem\u00e4\u00df vorbereitet ist. Die Oberfl\u00e4che sollte sauber, trocken, fettfrei und frei von losen Partikeln sein.<\/li>\n<li>Gie\u00dfen Sie eine m\u00e4\u00dfige Menge Rostbeschleuniger oder Cortenstahl-Lack in die Kunststoffschale.<\/li>\n<li>Rollen Sie die 110-mm-Schaumstoffrolle gleichm\u00e4\u00dfig in der Schale, bis sie leicht ges\u00e4ttigt ist. Vermeiden Sie eine \u00dcberlastung der Rolle, um ein Tropfen zu verhindern.<\/li>\n<li>Tragen Sie das Produkt in d\u00fcnnen, gleichm\u00e4\u00dfigen Schichten auf die Oberfl\u00e4che auf. Verwenden Sie gleichm\u00e4\u00dfige, \u00fcberlappende Striche, um eine gleichm\u00e4\u00dfige Abdeckung zu gew\u00e4hrleisten.<\/li>\n<li>F\u00fcr Rostbeschleuniger gilt die empfohlene Dosierung des verwendeten Produkts, in der Regel etwa 50 ml pro Quadratmeter.<\/li>\n<li>F\u00fcr Cortenstahl-Lack ca. 100-125 ml pro Quadratmeter auftragen, je nach Absorption und Beschaffenheit der Oberfl\u00e4che.<\/li>\n<li>Arbeiten Sie in \u00fcberschaubaren Abschnitten, um einen gleichm\u00e4\u00dfigen Auftrag zu gew\u00e4hrleisten und ein ungleichm\u00e4\u00dfiges Trocknen zu vermeiden.<\/li>\n<li>Reinigen Sie die Walze und die Schale nach dem Gebrauch sofort mit einer geeigneten Reinigungsl\u00f6sung oder Wasser, je nach verwendetem Produkt.<\/li>\n<li>Lassen Sie die behandelte Oberfl\u00e4che gem\u00e4\u00df den Produktanweisungen trocknen, bevor Sie bei Bedarf weitere Anstriche auftragen.<\/li>\n<li>Bewahren Sie das Set nach der Reinigung an einem trockenen Ort auf, um die Qualit\u00e4t der Schaumstoffrolle f\u00fcr zuk\u00fcnftige Anwendungen zu erhalten.<\/li>\n<\/ul>","protected":false},"excerpt":{"rendered":"<p>Everything you need for precise and uniform application in one convenient kit. Our application kit includes a high-quality 110 mm foam roller and a durable plastic tray, providing the essential tools required for smooth and controlled application of rust accelerator or corten steel varnish. It eliminates the need to source separate accessories and ensures immediate [&hellip;]<\/p>\n","protected":false},"featured_media":22990,"comment_status":"open","ping_status":"closed","template":"","meta":{"_uag_custom_page_level_css":"","site-sidebar-layout":"default","site-content-layout":"","ast-site-content-layout":"default","site-content-style":"default","site-sidebar-style":"default","ast-global-header-display":"","ast-banner-title-visibility":"","ast-main-header-display":"","ast-hfb-above-header-display":"","ast-hfb-below-header-display":"","ast-hfb-mobile-header-display":"","site-post-title":"","ast-breadcrumbs-content":"","ast-featured-img":"","footer-sml-layout":"","ast-disable-related-posts":"","theme-transparent-header-meta":"default","adv-header-id-meta":"","stick-header-meta":"","header-above-stick-meta":"","header-main-stick-meta":"","header-below-stick-meta":"","astra-migrate-meta-layouts":"set","ast-page-background-enabled":"default","ast-page-background-meta":{"desktop":{"background-color":"var(--ast-global-color-4)","background-image":"","background-repeat":"repeat","background-position":"center center","background-size":"auto","background-attachment":"scroll","background-type":"","background-media":"","overlay-type":"","overlay-color":"","overlay-opacity":"","overlay-gradient":""},"tablet":{"background-color":"","background-image":"","background-repeat":"repeat","background-position":"center center","background-size":"auto","background-attachment":"scroll","background-type":"","background-media":"","overlay-type":"","overlay-color":"","overlay-opacity":"","overlay-gradient":""},"mobile":{"background-color":"","background-image":"","background-repeat":"repeat","background-position":"center center","background-size":"auto","background-attachment":"scroll","background-type":"","background-media":"","overlay-type":"","overlay-color":"","overlay-opacity":"","overlay-gradient":""}},"ast-content-background-meta":{"desktop":{"background-color":"var(--ast-global-color-5)","background-image":"","background-repeat":"repeat","background-position":"center center","background-size":"auto","background-attachment":"scroll","background-type":"","background-media":"","overlay-type":"","overlay-color":"","overlay-opacity":"","overlay-gradient":""},"tablet":{"background-color":"var(--ast-global-color-5)","background-image":"","background-repeat":"repeat","background-position":"center center","background-size":"auto","background-attachment":"scroll","background-type":"","background-media":"","overlay-type":"","overlay-color":"","overlay-opacity":"","overlay-gradient":""},"mobile":{"background-color":"var(--ast-global-color-5)","background-image":"","background-repeat":"repeat","background-position":"center center","background-size":"auto","background-attachment":"scroll","background-type":"","background-media":"","overlay-type":"","overlay-color":"","overlay-opacity":"","overlay-gradient":""}}},"product_brand":[],"product_cat":[15],"product_tag":[],"class_list":{"0":"post-22962","1":"product","2":"type-product","3":"status-publish","4":"has-post-thumbnail","6":"product_cat-shop","7":"desktop-align-left","8":"tablet-align-left","9":"mobile-align-left","11":"first","12":"instock","13":"shipping-taxable","14":"purchasable","15":"product-type-simple"},"spectra_custom_meta":{"_visibility":["visible"],"_shopify_product_id":["1507476865097"],"_s2w_shopify_domain":["cortenplus.myshopify.com"],"_shopify_variant_id":["20227376676937"],"_sku":["CPAPPLICATIONKIT"],"_regular_price":["9.90"],"_price":["9.90"],"_sale_price":[""],"_weight":["0.3"],"_thumbnail_id":["22990"],"total_sales":["86"],"_tax_status":["taxable"],"_tax_class":[""],"_manage_stock":["no"],"_backorders":["no"],"_sold_individually":["no"],"_virtual":["no"],"_downloadable":["no"],"_download_limit":["-1"],"_download_expiry":["-1"],"_stock":[null],"_stock_status":["instock"],"_wc_average_rating":["4.94"],"_wc_review_count":["51"],"_product_version":["10.5.2"],"_edit_lock":["1772287918:1"],"merchant-center-availability":["no"],"_edit_last":["1"],"_wp_page_template":["default"],"site-sidebar-layout":["default"],"ast-site-content-layout":["default"],"site-content-style":["default"],"site-sidebar-style":["default"],"theme-transparent-header-meta":["default"],"_wc_rating_count":["a:2:{i:4;i:3;i:5;i:48;}"],"_upsell_ids":["a:3:{i:0;i:22958;i:1;i:22974;i:2;i:22982;}"],"_crosssell_ids":["a:3:{i:0;i:22958;i:1;i:22974;i:2;i:22982;}"],"astra-migrate-meta-layouts":["set"],"_uag_css_file_name":["uag-css-22962.css"],"_elementor_page_assets":["a:0:{}"],"_uag_page_assets":["a:9:{s:3:\"css\";s:7156:\".uag-blocks-common-selector{z-index:var(--z-index-desktop) !important}@media (max-width: 976px){.uag-blocks-common-selector{z-index:var(--z-index-tablet) !important}}@media (max-width: 767px){.uag-blocks-common-selector{z-index:var(--z-index-mobile) !important}}\n.wp-block-uagb-image{display:flex}.wp-block-uagb-image__figure{position:relative;display:flex;flex-direction:column;max-width:100%;height:auto;margin:0}.wp-block-uagb-image__figure img{height:auto;display:flex;max-width:100%;transition:box-shadow 0.2s ease}.wp-block-uagb-image__figure>a{display:inline-block}.wp-block-uagb-image__figure figcaption{text-align:center;margin-top:0.5em;margin-bottom:1em}.wp-block-uagb-image .components-placeholder.block-editor-media-placeholder .components-placeholder__instructions{align-self:center}.wp-block-uagb-image--align-left{text-align:left}.wp-block-uagb-image--align-right{text-align:right}.wp-block-uagb-image--align-center{text-align:center}.wp-block-uagb-image--align-full .wp-block-uagb-image__figure{margin-left:calc(50% - 50vw);margin-right:calc(50% - 50vw);max-width:100vw;width:100vw;height:auto}.wp-block-uagb-image--align-full .wp-block-uagb-image__figure img{height:auto;width:100% !important}.wp-block-uagb-image--align-wide .wp-block-uagb-image__figure img{height:auto;width:100%}.wp-block-uagb-image--layout-overlay__color-wrapper{position:absolute;left:0;top:0;right:0;bottom:0;opacity:0.2;background:rgba(0,0,0,0.5);transition:opacity 0.35s ease-in-out}.wp-block-uagb-image--layout-overlay-link{position:absolute;left:0;right:0;bottom:0;top:0}.wp-block-uagb-image--layout-overlay .wp-block-uagb-image__figure:hover .wp-block-uagb-image--layout-overlay__color-wrapper{opacity:1}.wp-block-uagb-image--layout-overlay__inner{position:absolute;left:15px;right:15px;bottom:15px;top:15px;display:flex;align-items:center;justify-content:center;flex-direction:column;border-color:#fff;transition:0.35s ease-in-out}.wp-block-uagb-image--layout-overlay__inner.top-left,.wp-block-uagb-image--layout-overlay__inner.top-center,.wp-block-uagb-image--layout-overlay__inner.top-right{justify-content:flex-start}.wp-block-uagb-image--layout-overlay__inner.bottom-left,.wp-block-uagb-image--layout-overlay__inner.bottom-center,.wp-block-uagb-image--layout-overlay__inner.bottom-right{justify-content:flex-end}.wp-block-uagb-image--layout-overlay__inner.top-left,.wp-block-uagb-image--layout-overlay__inner.center-left,.wp-block-uagb-image--layout-overlay__inner.bottom-left{align-items:flex-start}.wp-block-uagb-image--layout-overlay__inner.top-right,.wp-block-uagb-image--layout-overlay__inner.center-right,.wp-block-uagb-image--layout-overlay__inner.bottom-right{align-items:flex-end}.wp-block-uagb-image--layout-overlay__inner .uagb-image-heading{color:#fff;transition:transform 0.35s, opacity 0.35s ease-in-out;transform:translate3d(0, 24px, 0);margin:0;line-height:1em}.wp-block-uagb-image--layout-overlay__inner .uagb-image-separator{width:30%;border-top-width:2px;border-top-color:#fff;border-top-style:solid;margin-bottom:10px;opacity:0;transition:transform 0.4s, opacity 0.4s ease-in-out;transform:translate3d(0, 30px, 0)}.wp-block-uagb-image--layout-overlay__inner .uagb-image-caption{opacity:0;overflow:visible;color:#fff;transition:transform 0.45s, opacity 0.45s ease-in-out;transform:translate3d(0, 35px, 0)}.wp-block-uagb-image--layout-overlay__inner:hover .uagb-image-heading,.wp-block-uagb-image--layout-overlay__inner:hover .uagb-image-separator,.wp-block-uagb-image--layout-overlay__inner:hover .uagb-image-caption{opacity:1;transform:translate3d(0, 0, 0)}.wp-block-uagb-image--effect-zoomin .wp-block-uagb-image__figure img,.wp-block-uagb-image--effect-zoomin .wp-block-uagb-image__figure .wp-block-uagb-image--layout-overlay__color-wrapper{transform:scale(1);transition:transform 0.35s ease-in-out}.wp-block-uagb-image--effect-zoomin .wp-block-uagb-image__figure:hover img,.wp-block-uagb-image--effect-zoomin .wp-block-uagb-image__figure:hover .wp-block-uagb-image--layout-overlay__color-wrapper{transform:scale(1.05)}.wp-block-uagb-image--effect-slide .wp-block-uagb-image__figure img,.wp-block-uagb-image--effect-slide .wp-block-uagb-image__figure .wp-block-uagb-image--layout-overlay__color-wrapper{width:calc(100% + 40px) !important;max-width:none !important;transform:translate3d(-40px, 0, 0);transition:transform 0.35s ease-in-out}.wp-block-uagb-image--effect-slide .wp-block-uagb-image__figure:hover img,.wp-block-uagb-image--effect-slide .wp-block-uagb-image__figure:hover .wp-block-uagb-image--layout-overlay__color-wrapper{transform:translate3d(0, 0, 0)}.wp-block-uagb-image--effect-grayscale img{filter:grayscale(0%);transition:0.35s ease-in-out}.wp-block-uagb-image--effect-grayscale:hover img{filter:grayscale(100%)}.wp-block-uagb-image--effect-blur img{filter:blur(0);transition:0.35s ease-in-out}.wp-block-uagb-image--effect-blur:hover img{filter:blur(3px)}\n.uagb-block-e6f939b3.wp-block-uagb-image--layout-default figure img{box-shadow: 0px 0px 0 #00000070;}.uagb-block-e6f939b3.wp-block-uagb-image .wp-block-uagb-image__figure figcaption{font-style: normal;align-self: center;}.uagb-block-e6f939b3.wp-block-uagb-image--layout-overlay figure img{box-shadow: 0px 0px 0 #00000070;}.uagb-block-e6f939b3.wp-block-uagb-image--layout-overlay .wp-block-uagb-image--layout-overlay__color-wrapper{opacity: 0.2;}.uagb-block-e6f939b3.wp-block-uagb-image--layout-overlay .wp-block-uagb-image--layout-overlay__inner{left: 15px;right: 15px;top: 15px;bottom: 15px;}.uagb-block-e6f939b3.wp-block-uagb-image--layout-overlay .wp-block-uagb-image--layout-overlay__inner .uagb-image-heading{font-style: normal;color: #fff;opacity: 1;}.uagb-block-e6f939b3.wp-block-uagb-image--layout-overlay .wp-block-uagb-image--layout-overlay__inner .uagb-image-heading a{color: #fff;}.uagb-block-e6f939b3.wp-block-uagb-image--layout-overlay .wp-block-uagb-image--layout-overlay__inner .uagb-image-caption{opacity: 0;}.uagb-block-e6f939b3.wp-block-uagb-image--layout-overlay .wp-block-uagb-image__figure:hover .wp-block-uagb-image--layout-overlay__color-wrapper{opacity: 1;}.uagb-block-e6f939b3.wp-block-uagb-image .wp-block-uagb-image--layout-overlay__inner .uagb-image-separator{width: 30%;border-top-width: 2px;border-top-color: #fff;opacity: 0;}.uagb-block-e6f939b3.wp-block-uagb-image .wp-block-uagb-image__figure img{width: px;height: auto;}.uagb-block-e6f939b3.wp-block-uagb-image .wp-block-uagb-image__figure:hover .wp-block-uagb-image--layout-overlay__inner .uagb-image-caption{opacity: 1;}.uagb-block-e6f939b3.wp-block-uagb-image .wp-block-uagb-image__figure:hover .wp-block-uagb-image--layout-overlay__inner .uagb-image-separator{opacity: 1;}.uagb-block-e6f939b3.wp-block-uagb-image--layout-default figure:hover img{box-shadow: 0px 0px 0 #00000070;}.uagb-block-e6f939b3.wp-block-uagb-image--layout-overlay figure:hover img{box-shadow: 0px 0px 0 #00000070;}@media only screen and (max-width: 976px) {.uagb-block-e6f939b3.wp-block-uagb-image .wp-block-uagb-image__figure img{width: px;height: auto;}}@media only screen and (max-width: 767px) {.uagb-block-e6f939b3.wp-block-uagb-image .wp-block-uagb-image__figure img{width: px;height: auto;}}\";s:2:\"js\";s:0:\"\";s:18:\"current_block_list\";a:13:{i:0;s:11:\"core\/search\";i:1;s:10:\"core\/group\";i:2;s:12:\"core\/heading\";i:3;s:17:\"core\/latest-posts\";i:4;s:20:\"core\/latest-comments\";i:5;s:13:\"core\/archives\";i:6;s:15:\"core\/categories\";i:7;s:14:\"core\/paragraph\";i:8;s:10:\"uagb\/image\";i:9;s:11:\"core\/spacer\";i:10;s:30:\"woocommerce\/product-categories\";i:11;s:10:\"core\/image\";i:12;s:14:\"core\/shortcode\";}s:8:\"uag_flag\";b:1;s:11:\"uag_version\";s:10:\"1776206241\";s:6:\"gfonts\";a:0:{}s:10:\"gfonts_url\";s:0:\"\";s:12:\"gfonts_files\";a:0:{}s:14:\"uag_faq_layout\";b:0;}"]},"uagb_featured_image_src":{"full":["https:\/\/www.cortenplus.com\/wp-content\/uploads\/2025\/06\/Sans_titre_3a8506fe-a06d-4028-9d15-f0bfb7f991f5.png",1000,1000,false],"thumbnail":["https:\/\/www.cortenplus.com\/wp-content\/uploads\/2025\/06\/Sans_titre_3a8506fe-a06d-4028-9d15-f0bfb7f991f5-150x150.png",150,150,true],"medium":["https:\/\/www.cortenplus.com\/wp-content\/uploads\/2025\/06\/Sans_titre_3a8506fe-a06d-4028-9d15-f0bfb7f991f5-300x300.png",300,300,true],"medium_large":["https:\/\/www.cortenplus.com\/wp-content\/uploads\/2025\/06\/Sans_titre_3a8506fe-a06d-4028-9d15-f0bfb7f991f5-768x768.png",768,768,true],"large":["https:\/\/www.cortenplus.com\/wp-content\/uploads\/2025\/06\/Sans_titre_3a8506fe-a06d-4028-9d15-f0bfb7f991f5.png",1000,1000,false],"1536x1536":["https:\/\/www.cortenplus.com\/wp-content\/uploads\/2025\/06\/Sans_titre_3a8506fe-a06d-4028-9d15-f0bfb7f991f5.png",1000,1000,false],"2048x2048":["https:\/\/www.cortenplus.com\/wp-content\/uploads\/2025\/06\/Sans_titre_3a8506fe-a06d-4028-9d15-f0bfb7f991f5.png",1000,1000,false],"trp-custom-language-flag":["https:\/\/www.cortenplus.com\/wp-content\/uploads\/2025\/06\/Sans_titre_3a8506fe-a06d-4028-9d15-f0bfb7f991f5-12x12.png",12,12,true],"woocommerce_thumbnail":["https:\/\/www.cortenplus.com\/wp-content\/uploads\/2025\/06\/Sans_titre_3a8506fe-a06d-4028-9d15-f0bfb7f991f5-300x300.png",300,300,true],"woocommerce_single":["https:\/\/www.cortenplus.com\/wp-content\/uploads\/2025\/06\/Sans_titre_3a8506fe-a06d-4028-9d15-f0bfb7f991f5-600x600.png",600,600,true],"woocommerce_gallery_thumbnail":["https:\/\/www.cortenplus.com\/wp-content\/uploads\/2025\/06\/Sans_titre_3a8506fe-a06d-4028-9d15-f0bfb7f991f5-100x100.png",100,100,true]},"uagb_author_info":{"display_name":"admin","author_link":"https:\/\/www.cortenplus.com\/de\/author\/"},"uagb_comment_info":51,"uagb_excerpt":"Everything you need for precise and uniform application in one convenient kit. Our application kit includes a high-quality 110 mm foam roller and a durable plastic tray, providing the essential tools required for smooth and controlled application of rust accelerator or corten steel varnish. It eliminates the need to source separate accessories and ensures immediate&hellip;","_links":{"self":[{"href":"https:\/\/www.cortenplus.com\/de\/wp-json\/wp\/v2\/product\/22962","targetHints":{"allow":["GET"]}}],"collection":[{"href":"https:\/\/www.cortenplus.com\/de\/wp-json\/wp\/v2\/product"}],"about":[{"href":"https:\/\/www.cortenplus.com\/de\/wp-json\/wp\/v2\/types\/product"}],"replies":[{"embeddable":true,"href":"https:\/\/www.cortenplus.com\/de\/wp-json\/wp\/v2\/comments?post=22962"}],"version-history":[{"count":6,"href":"https:\/\/www.cortenplus.com\/de\/wp-json\/wp\/v2\/product\/22962\/revisions"}],"predecessor-version":[{"id":26212,"href":"https:\/\/www.cortenplus.com\/de\/wp-json\/wp\/v2\/product\/22962\/revisions\/26212"}],"wp:featuredmedia":[{"embeddable":true,"href":"https:\/\/www.cortenplus.com\/de\/wp-json\/wp\/v2\/media\/22990"}],"wp:attachment":[{"href":"https:\/\/www.cortenplus.com\/de\/wp-json\/wp\/v2\/media?parent=22962"}],"wp:term":[{"taxonomy":"product_brand","embeddable":true,"href":"https:\/\/www.cortenplus.com\/de\/wp-json\/wp\/v2\/product_brand?post=22962"},{"taxonomy":"product_cat","embeddable":true,"href":"https:\/\/www.cortenplus.com\/de\/wp-json\/wp\/v2\/product_cat?post=22962"},{"taxonomy":"product_tag","embeddable":true,"href":"https:\/\/www.cortenplus.com\/de\/wp-json\/wp\/v2\/product_tag?post=22962"}],"curies":[{"name":"wp","href":"https:\/\/api.w.org\/{rel}","templated":true}]}}