{"id":22958,"date":"2025-06-02T08:36:24","date_gmt":"2025-06-02T06:36:24","guid":{"rendered":"https:\/\/www.cortenplus.com\/products\/antiquing-fluid\/"},"modified":"2026-02-28T15:10:57","modified_gmt":"2026-02-28T14:10:57","slug":"antiquing-fluid","status":"publish","type":"product","link":"https:\/\/www.cortenplus.com\/de\/products\/antiquing-fluid\/","title":{"rendered":"Br\u00fcnierung"},"content":{"rendered":"<p><strong><img decoding=\"async\" style=\"margin-right: 12px;\" src=\"https:\/\/www.cortenplus.com\/wp-content\/uploads\/2026\/02\/Check.svg\" alt=\"\" width=\"18\" height=\"15\" \/>Erzeugt mit professioneller Pr\u00e4zision ein authentisches, dunkles Metallfinish.<\/strong> Unsere Alterungsfl\u00fcssigkeit wurde speziell f\u00fcr die Br\u00e4unung und Schw\u00e4rzung von Metalloberfl\u00e4chen entwickelt und erzeugt eine tiefe, reichhaltige Patina, die den Charakter und die visuelle Tiefe verst\u00e4rkt. Sie reagiert direkt mit dem Metall und erzeugt einen nat\u00fcrlich aussehenden Alterungseffekt, der mit Farbe oder oberfl\u00e4chlichen Beschichtungen nicht nachgeahmt werden kann.<\/p>\n<p><strong><img decoding=\"async\" style=\"margin-right: 12px;\" src=\"https:\/\/www.cortenplus.com\/wp-content\/uploads\/2026\/02\/Check.svg\" alt=\"\" width=\"18\" height=\"15\" \/>Die effektivste L\u00f6sung f\u00fcr eine kontrollierte Metallschw\u00e4rzung.<\/strong> Dank seiner fortschrittlichen reaktiven Formel ist dies die effektivste Antikisierungsfl\u00fcssigkeit auf dem Markt, mit der sich gleichm\u00e4\u00dfige Br\u00e4unungs- und Verdunkelungsergebnisse erzielen lassen. Es sorgt f\u00fcr eine gleichm\u00e4\u00dfige Farbentwicklung auf der gesamten Oberfl\u00e4che und erm\u00f6glicht gleichzeitig eine pr\u00e4zise Steuerung der Tonintensit\u00e4t, von warmen Braunt\u00f6nen bis hin zu tiefem, mattem Schwarz.<\/p>\n<p><strong><img decoding=\"async\" style=\"margin-right: 12px;\" src=\"https:\/\/www.cortenplus.com\/wp-content\/uploads\/2026\/02\/Check.svg\" alt=\"\" width=\"18\" height=\"15\" \/>Die preisg\u00fcnstigste professionelle Antikisierungsbehandlung auf dem Markt.<\/strong> Wir bieten eine au\u00dfergew\u00f6hnliche Leistung zu einem \u00e4u\u00dferst wettbewerbsf\u00e4higen Preis. Unsere Antikisierungsfl\u00fcssigkeit ist die g\u00fcnstigste hochwertige L\u00f6sung in ihrer Kategorie und liefert erstklassige Ergebnisse ohne die hohen Kosten, die oft mit Spezialprodukten f\u00fcr die Endbearbeitung verbunden sind.<\/p>\n<p><strong><img decoding=\"async\" style=\"margin-right: 12px;\" src=\"https:\/\/www.cortenplus.com\/wp-content\/uploads\/2026\/02\/Check.svg\" alt=\"\" width=\"18\" height=\"15\" \/>Garantierte 24-Stunden-Lieferung, damit Ihr Projekt nicht aus dem Ruder l\u00e4uft.<\/strong> Wir wissen, dass die Zeitvorgaben f\u00fcr Finishing-Arbeiten oft knapp bemessen sind. Deshalb bieten wir eine 24-Stunden-Lieferung an, damit Sie Ihr Antikenfluid schnell erhalten und ohne unn\u00f6tige Verz\u00f6gerungen weiterarbeiten k\u00f6nnen.<\/p>\n<p><strong><img decoding=\"async\" style=\"margin-right: 12px;\" src=\"https:\/\/www.cortenplus.com\/wp-content\/uploads\/2026\/02\/Check.svg\" alt=\"\" width=\"18\" height=\"15\" \/>Geld-zur\u00fcck-Garantie f\u00fcr absolute Sorglosigkeit.<\/strong> Wir sind von der Qualit\u00e4t und der Zuverl\u00e4ssigkeit unserer Antikisierungsfl\u00fcssigkeit \u00fcberzeugt. Sollten Sie mit dem Ergebnis nicht zufrieden sein, bieten wir Ihnen eine Geld-zur\u00fcck-Garantie. Setzen Sie sich einfach mit uns in Verbindung und wir erstatten Ihnen den Kaufpreis zur\u00fcck, so dass Ihre Investition v\u00f6llig risikofrei ist.<\/p>\n<p><strong><img decoding=\"async\" style=\"margin-right: 12px;\" src=\"https:\/\/www.cortenplus.com\/wp-content\/uploads\/2026\/02\/Check.svg\" alt=\"\" width=\"18\" height=\"15\" \/>Hervorragende Deckkraft von bis zu 18 m\u00b2 pro Liter.<\/strong> Unsere Antikisierungsfl\u00fcssigkeit bietet eine hohe Effizienz und deckt je nach Metallart und Absorption bis zu 18 Quadratmeter pro Liter ab. Diese starke Deckkraft sorgt f\u00fcr eine sparsame Anwendung und einen geringeren Produktverbrauch selbst bei gro\u00dfen dekorativen Teilen.<\/p>\n<p><strong><img decoding=\"async\" style=\"margin-right: 12px;\" src=\"https:\/\/www.cortenplus.com\/wp-content\/uploads\/2026\/02\/Check.svg\" alt=\"\" width=\"18\" height=\"15\" \/>Verbessert Textur und Oberfl\u00e4chendetails.<\/strong> Anstatt die nat\u00fcrliche Maserung und Struktur des Metalls zu verbergen, hebt die Fl\u00fcssigkeit feine Details, Gravuren und Oberfl\u00e4chenstrukturen hervor. Das Ergebnis ist ein raffiniertes, gealtertes Aussehen mit gr\u00f6\u00dferem visuellen Kontrast und Tiefe.<\/p>\n<p><strong><img decoding=\"async\" style=\"margin-right: 12px;\" src=\"https:\/\/www.cortenplus.com\/wp-content\/uploads\/2026\/02\/Check.svg\" alt=\"\" width=\"18\" height=\"15\" \/>Schnelle Reaktion f\u00fcr effiziente Verarbeitung.<\/strong> Die chemische Reaktion beginnt schnell nach dem Auftragen und erm\u00f6glicht eine sichtbare Verdunkelung innerhalb von Minuten. Diese schnelle Wirkung verbessert die Effizienz des Arbeitsablaufs und macht das Produkt sowohl f\u00fcr kleine Projekte als auch f\u00fcr gr\u00f6\u00dfere Produktionsumgebungen geeignet.<\/p>\n<p><strong><img decoding=\"async\" style=\"margin-right: 12px;\" src=\"https:\/\/www.cortenplus.com\/wp-content\/uploads\/2026\/02\/Check.svg\" alt=\"\" width=\"18\" height=\"15\" \/>Geeignet f\u00fcr verschiedene eisenhaltige Metalloberfl\u00e4chen.<\/strong> Die Fl\u00fcssigkeit eignet sich ideal f\u00fcr Stahl- und Eisenteile. Sie passt sich an verschiedene Oberfl\u00e4chen an, wie z. B. poliertes, geb\u00fcrstetes oder leicht strukturiertes Metall, und sorgt f\u00fcr ein einheitliches und elegantes, dunkles Aussehen.<\/p>\n<p><strong><img decoding=\"async\" style=\"margin-right: 12px;\" src=\"https:\/\/www.cortenplus.com\/wp-content\/uploads\/2026\/02\/Check.svg\" alt=\"\" width=\"18\" height=\"15\" \/>Bietet eine stabile Basis f\u00fcr weiteren Schutz.<\/strong> Sobald die gew\u00fcnschte Farbe erreicht ist, kann die behandelte Oberfl\u00e4che mit \u00d6l, Wachs oder Lack versiegelt werden, um die Haltbarkeit zu erh\u00f6hen und das Finish zu verfestigen, so dass ein lang anhaltendes Ergebnis und eine verbesserte Widerstandsf\u00e4higkeit gegen\u00fcber Handhabung und Umwelteinfl\u00fcssen gew\u00e4hrleistet sind.<\/p>\n<h2><strong>Anweisungen<\/strong><\/h2>\n<ul>\n<li>Vergewissern Sie sich vor dem Auftragen, dass die Metalloberfl\u00e4che sauber, trocken und frei von Fett, \u00d6l, Rost oder Schutzschichten ist. Falls erforderlich, gr\u00fcndlich entfetten und trocknen lassen.<\/li>\n<li>Schleifen Sie sehr glatte Oberfl\u00e4chen leicht an, um die Gleichm\u00e4\u00dfigkeit der Reaktion zu verbessern.<\/li>\n<li>Den Beh\u00e4lter vor Gebrauch gut sch\u00fctteln.<\/li>\n<li>Tragen Sie die Antikisierungsfl\u00fcssigkeit je nach Gr\u00f6\u00dfe des Objekts mit einem Pinsel, Schwamm, Tuch oder durch Eintauchen auf.<\/li>\n<li>Die empfohlene Dosierung betr\u00e4gt etwa 55-60 ml pro Quadratmeter. Die Deckkraft betr\u00e4gt bis zu 18 m\u00b2 pro Liter, je nach Metall und gew\u00fcnschter Intensit\u00e4t.<\/li>\n<li>Lassen Sie das Produkt mehrere Minuten lang reagieren. Der Verdunkelungseffekt tritt nach und nach ein, wenn sich die chemische Reaktion entwickelt.<\/li>\n<li>F\u00fcr ein tieferes oder dunkleres Finish tragen Sie weitere Schichten auf, nachdem sich der erste Auftrag stabilisiert hat.<\/li>\n<li>Sobald die gew\u00fcnschte Farbe erreicht ist, sp\u00fclen Sie bei Bedarf leicht mit klarem Wasser nach und lassen Sie die Oberfl\u00e4che vollst\u00e4ndig trocknen.<\/li>\n<li>Tragen Sie nach dem Trocknen ein sch\u00fctzendes \u00d6l, Wachs oder eine klare Versiegelung auf, um die Oberfl\u00e4che zu stabilisieren und zu sch\u00fctzen.<\/li>\n<li>Lagern Sie das Produkt an einem k\u00fchlen, trockenen Ort und verschlie\u00dfen Sie den Beh\u00e4lter nach Gebrauch wieder fest.<\/li>\n<\/ul>","protected":false},"excerpt":{"rendered":"<p>Creates an authentic darkened metal finish with professional precision. Our antiquing fluid is specially formulated to brown and blacken metal surfaces, producing a deep, rich patina that enhances character and visual depth. It reacts directly with the metal to create a natural-looking aged effect that cannot be replicated with paint or superficial coatings. The most [&hellip;]<\/p>\n","protected":false},"featured_media":22986,"comment_status":"open","ping_status":"closed","template":"","meta":{"_uag_custom_page_level_css":"","site-sidebar-layout":"default","site-content-layout":"","ast-site-content-layout":"default","site-content-style":"default","site-sidebar-style":"default","ast-global-header-display":"","ast-banner-title-visibility":"","ast-main-header-display":"","ast-hfb-above-header-display":"","ast-hfb-below-header-display":"","ast-hfb-mobile-header-display":"","site-post-title":"","ast-breadcrumbs-content":"","ast-featured-img":"","footer-sml-layout":"","ast-disable-related-posts":"","theme-transparent-header-meta":"default","adv-header-id-meta":"","stick-header-meta":"","header-above-stick-meta":"","header-main-stick-meta":"","header-below-stick-meta":"","astra-migrate-meta-layouts":"set","ast-page-background-enabled":"default","ast-page-background-meta":{"desktop":{"background-color":"var(--ast-global-color-4)","background-image":"","background-repeat":"repeat","background-position":"center center","background-size":"auto","background-attachment":"scroll","background-type":"","background-media":"","overlay-type":"","overlay-color":"","overlay-opacity":"","overlay-gradient":""},"tablet":{"background-color":"","background-image":"","background-repeat":"repeat","background-position":"center center","background-size":"auto","background-attachment":"scroll","background-type":"","background-media":"","overlay-type":"","overlay-color":"","overlay-opacity":"","overlay-gradient":""},"mobile":{"background-color":"","background-image":"","background-repeat":"repeat","background-position":"center center","background-size":"auto","background-attachment":"scroll","background-type":"","background-media":"","overlay-type":"","overlay-color":"","overlay-opacity":"","overlay-gradient":""}},"ast-content-background-meta":{"desktop":{"background-color":"var(--ast-global-color-5)","background-image":"","background-repeat":"repeat","background-position":"center center","background-size":"auto","background-attachment":"scroll","background-type":"","background-media":"","overlay-type":"","overlay-color":"","overlay-opacity":"","overlay-gradient":""},"tablet":{"background-color":"var(--ast-global-color-5)","background-image":"","background-repeat":"repeat","background-position":"center center","background-size":"auto","background-attachment":"scroll","background-type":"","background-media":"","overlay-type":"","overlay-color":"","overlay-opacity":"","overlay-gradient":""},"mobile":{"background-color":"var(--ast-global-color-5)","background-image":"","background-repeat":"repeat","background-position":"center center","background-size":"auto","background-attachment":"scroll","background-type":"","background-media":"","overlay-type":"","overlay-color":"","overlay-opacity":"","overlay-gradient":""}}},"product_brand":[],"product_cat":[15],"product_tag":[],"class_list":{"0":"post-22958","1":"product","2":"type-product","3":"status-publish","4":"has-post-thumbnail","6":"product_cat-shop","7":"desktop-align-left","8":"tablet-align-left","9":"mobile-align-left","11":"first","12":"instock","13":"sale","14":"shipping-taxable","15":"purchasable","16":"product-type-variable","17":"has-default-attributes"},"spectra_custom_meta":{"_visibility":["visible"],"_shopify_product_id":["4548242374740"],"_s2w_shopify_domain":["cortenplus.myshopify.com"],"_shopify_variant_id":["32018226511956"],"_manage_stock":["no"],"total_sales":["206"],"_tax_status":["taxable"],"_tax_class":[""],"_backorders":["no"],"_sold_individually":["no"],"_virtual":["no"],"_downloadable":["no"],"_download_limit":["-1"],"_download_expiry":["-1"],"_stock":[null],"_stock_status":["instock"],"_wc_average_rating":["4.83"],"_wc_review_count":["87"],"_product_attributes":["a:1:{s:6:\"volume\";a:6:{s:4:\"name\";s:6:\"Volume\";s:5:\"value\";s:30:\"1 liter | 5 liters | 25 liters\";s:8:\"position\";i:1;s:10:\"is_visible\";i:0;s:12:\"is_variation\";i:1;s:11:\"is_taxonomy\";i:0;}}"],"_product_version":["10.5.2"],"_thumbnail_id":["22986"],"_product_image_gallery":["22987,22988"],"_edit_lock":["1772287778:1"],"_edit_last":["1"],"_wp_page_template":["default"],"site-sidebar-layout":["default"],"ast-site-content-layout":["default"],"site-content-style":["default"],"site-sidebar-style":["default"],"theme-transparent-header-meta":["default"],"merchant-center-availability":["yes"],"merchant-center-category":["505417"],"merchant-center-id":["B1"],"_default_attributes":["a:1:{s:6:\"volume\";s:7:\"1 liter\";}"],"_wc_rating_count":["a:3:{i:3;i:4;i:4;i:7;i:5;i:76;}"],"_upsell_ids":["a:3:{i:0;i:22962;i:1;i:22963;i:2;i:22982;}"],"_crosssell_ids":["a:3:{i:0;i:22962;i:1;i:22963;i:2;i:22982;}"],"_price":["29.90","139.90","599.90"],"astra-migrate-meta-layouts":["set"],"_uag_css_file_name":["uag-css-22958.css"],"_elementor_page_assets":["a:0:{}"],"_uag_page_assets":["a:9:{s:3:\"css\";s:7133:\".uag-blocks-common-selector{z-index:var(--z-index-desktop) !important}@media(max-width: 976px){.uag-blocks-common-selector{z-index:var(--z-index-tablet) !important}}@media(max-width: 767px){.uag-blocks-common-selector{z-index:var(--z-index-mobile) !important}}.wp-block-uagb-image{display:flex}.wp-block-uagb-image__figure{position:relative;display:flex;flex-direction:column;max-width:100%;height:auto;margin:0}.wp-block-uagb-image__figure img{height:auto;display:flex;max-width:100%;transition:box-shadow .2s ease}.wp-block-uagb-image__figure>a{display:inline-block}.wp-block-uagb-image__figure figcaption{text-align:center;margin-top:.5em;margin-bottom:1em}.wp-block-uagb-image .components-placeholder.block-editor-media-placeholder .components-placeholder__instructions{align-self:center}.wp-block-uagb-image--align-left{text-align:left}.wp-block-uagb-image--align-right{text-align:right}.wp-block-uagb-image--align-center{text-align:center}.wp-block-uagb-image--align-full .wp-block-uagb-image__figure{margin-left:calc(50% - 50vw);margin-right:calc(50% - 50vw);max-width:100vw;width:100vw;height:auto}.wp-block-uagb-image--align-full .wp-block-uagb-image__figure img{height:auto;width:100% !important}.wp-block-uagb-image--align-wide .wp-block-uagb-image__figure img{height:auto;width:100%}.wp-block-uagb-image--layout-overlay__color-wrapper{position:absolute;left:0;top:0;right:0;bottom:0;opacity:.2;background:rgba(0,0,0,.5);transition:opacity .35s ease-in-out}.wp-block-uagb-image--layout-overlay-link{position:absolute;left:0;right:0;bottom:0;top:0}.wp-block-uagb-image--layout-overlay .wp-block-uagb-image__figure:hover .wp-block-uagb-image--layout-overlay__color-wrapper{opacity:1}.wp-block-uagb-image--layout-overlay__inner{position:absolute;left:15px;right:15px;bottom:15px;top:15px;display:flex;align-items:center;justify-content:center;flex-direction:column;border-color:#fff;transition:.35s ease-in-out}.wp-block-uagb-image--layout-overlay__inner.top-left,.wp-block-uagb-image--layout-overlay__inner.top-center,.wp-block-uagb-image--layout-overlay__inner.top-right{justify-content:flex-start}.wp-block-uagb-image--layout-overlay__inner.bottom-left,.wp-block-uagb-image--layout-overlay__inner.bottom-center,.wp-block-uagb-image--layout-overlay__inner.bottom-right{justify-content:flex-end}.wp-block-uagb-image--layout-overlay__inner.top-left,.wp-block-uagb-image--layout-overlay__inner.center-left,.wp-block-uagb-image--layout-overlay__inner.bottom-left{align-items:flex-start}.wp-block-uagb-image--layout-overlay__inner.top-right,.wp-block-uagb-image--layout-overlay__inner.center-right,.wp-block-uagb-image--layout-overlay__inner.bottom-right{align-items:flex-end}.wp-block-uagb-image--layout-overlay__inner .uagb-image-heading{color:#fff;transition:transform .35s,opacity .35s ease-in-out;transform:translate3d(0, 24px, 0);margin:0;line-height:1em}.wp-block-uagb-image--layout-overlay__inner .uagb-image-separator{width:30%;border-top-width:2px;border-top-color:#fff;border-top-style:solid;margin-bottom:10px;opacity:0;transition:transform .4s,opacity .4s ease-in-out;transform:translate3d(0, 30px, 0)}.wp-block-uagb-image--layout-overlay__inner .uagb-image-caption{opacity:0;overflow:visible;color:#fff;transition:transform .45s,opacity .45s ease-in-out;transform:translate3d(0, 35px, 0)}.wp-block-uagb-image--layout-overlay__inner:hover .uagb-image-heading,.wp-block-uagb-image--layout-overlay__inner:hover .uagb-image-separator,.wp-block-uagb-image--layout-overlay__inner:hover .uagb-image-caption{opacity:1;transform:translate3d(0, 0, 0)}.wp-block-uagb-image--effect-zoomin .wp-block-uagb-image__figure img,.wp-block-uagb-image--effect-zoomin .wp-block-uagb-image__figure .wp-block-uagb-image--layout-overlay__color-wrapper{transform:scale(1);transition:transform .35s ease-in-out}.wp-block-uagb-image--effect-zoomin .wp-block-uagb-image__figure:hover img,.wp-block-uagb-image--effect-zoomin .wp-block-uagb-image__figure:hover .wp-block-uagb-image--layout-overlay__color-wrapper{transform:scale(1.05)}.wp-block-uagb-image--effect-slide .wp-block-uagb-image__figure img,.wp-block-uagb-image--effect-slide .wp-block-uagb-image__figure .wp-block-uagb-image--layout-overlay__color-wrapper{width:calc(100% + 40px) !important;max-width:none !important;transform:translate3d(-40px, 0, 0);transition:transform .35s ease-in-out}.wp-block-uagb-image--effect-slide .wp-block-uagb-image__figure:hover img,.wp-block-uagb-image--effect-slide .wp-block-uagb-image__figure:hover .wp-block-uagb-image--layout-overlay__color-wrapper{transform:translate3d(0, 0, 0)}.wp-block-uagb-image--effect-grayscale img{filter:grayscale(0%);transition:.35s ease-in-out}.wp-block-uagb-image--effect-grayscale:hover img{filter:grayscale(100%)}.wp-block-uagb-image--effect-blur img{filter:blur(0);transition:.35s ease-in-out}.wp-block-uagb-image--effect-blur:hover img{filter:blur(3px)}.uagb-block-e6f939b3.wp-block-uagb-image--layout-default figure img{box-shadow: 0px 0px 0 #00000070;}.uagb-block-e6f939b3.wp-block-uagb-image .wp-block-uagb-image__figure figcaption{font-style: normal;align-self: center;}.uagb-block-e6f939b3.wp-block-uagb-image--layout-overlay figure img{box-shadow: 0px 0px 0 #00000070;}.uagb-block-e6f939b3.wp-block-uagb-image--layout-overlay .wp-block-uagb-image--layout-overlay__color-wrapper{opacity: 0.2;}.uagb-block-e6f939b3.wp-block-uagb-image--layout-overlay .wp-block-uagb-image--layout-overlay__inner{left: 15px;right: 15px;top: 15px;bottom: 15px;}.uagb-block-e6f939b3.wp-block-uagb-image--layout-overlay .wp-block-uagb-image--layout-overlay__inner .uagb-image-heading{font-style: normal;color: #fff;opacity: 1;}.uagb-block-e6f939b3.wp-block-uagb-image--layout-overlay .wp-block-uagb-image--layout-overlay__inner .uagb-image-heading a{color: #fff;}.uagb-block-e6f939b3.wp-block-uagb-image--layout-overlay .wp-block-uagb-image--layout-overlay__inner .uagb-image-caption{opacity: 0;}.uagb-block-e6f939b3.wp-block-uagb-image--layout-overlay .wp-block-uagb-image__figure:hover .wp-block-uagb-image--layout-overlay__color-wrapper{opacity: 1;}.uagb-block-e6f939b3.wp-block-uagb-image .wp-block-uagb-image--layout-overlay__inner .uagb-image-separator{width: 30%;border-top-width: 2px;border-top-color: #fff;opacity: 0;}.uagb-block-e6f939b3.wp-block-uagb-image .wp-block-uagb-image__figure img{width: px;height: auto;}.uagb-block-e6f939b3.wp-block-uagb-image .wp-block-uagb-image__figure:hover .wp-block-uagb-image--layout-overlay__inner .uagb-image-caption{opacity: 1;}.uagb-block-e6f939b3.wp-block-uagb-image .wp-block-uagb-image__figure:hover .wp-block-uagb-image--layout-overlay__inner .uagb-image-separator{opacity: 1;}.uagb-block-e6f939b3.wp-block-uagb-image--layout-default figure:hover img{box-shadow: 0px 0px 0 #00000070;}.uagb-block-e6f939b3.wp-block-uagb-image--layout-overlay figure:hover img{box-shadow: 0px 0px 0 #00000070;}@media only screen and (max-width: 976px) {.uagb-block-e6f939b3.wp-block-uagb-image .wp-block-uagb-image__figure img{width: px;height: auto;}}@media only screen and (max-width: 767px) {.uagb-block-e6f939b3.wp-block-uagb-image .wp-block-uagb-image__figure img{width: px;height: auto;}}\";s:2:\"js\";s:0:\"\";s:18:\"current_block_list\";a:13:{i:0;s:11:\"core\/search\";i:1;s:10:\"core\/group\";i:2;s:12:\"core\/heading\";i:3;s:17:\"core\/latest-posts\";i:4;s:20:\"core\/latest-comments\";i:5;s:13:\"core\/archives\";i:6;s:15:\"core\/categories\";i:7;s:14:\"core\/paragraph\";i:8;s:10:\"uagb\/image\";i:9;s:11:\"core\/spacer\";i:10;s:30:\"woocommerce\/product-categories\";i:11;s:10:\"core\/image\";i:12;s:14:\"core\/shortcode\";}s:8:\"uag_flag\";b:1;s:11:\"uag_version\";s:10:\"1777060372\";s:6:\"gfonts\";a:0:{}s:10:\"gfonts_url\";s:0:\"\";s:12:\"gfonts_files\";a:0:{}s:14:\"uag_faq_layout\";b:0;}"]},"uagb_featured_image_src":{"full":["https:\/\/www.cortenplus.com\/wp-content\/uploads\/2025\/06\/Antiquing1L.jpg",2560,2560,false],"thumbnail":["https:\/\/www.cortenplus.com\/wp-content\/uploads\/2025\/06\/Antiquing1L-150x150.jpg",150,150,true],"medium":["https:\/\/www.cortenplus.com\/wp-content\/uploads\/2025\/06\/Antiquing1L-300x300.jpg",300,300,true],"medium_large":["https:\/\/www.cortenplus.com\/wp-content\/uploads\/2025\/06\/Antiquing1L-768x768.jpg",768,768,true],"large":["https:\/\/www.cortenplus.com\/wp-content\/uploads\/2025\/06\/Antiquing1L-1024x1024.jpg",1024,1024,true],"1536x1536":["https:\/\/www.cortenplus.com\/wp-content\/uploads\/2025\/06\/Antiquing1L-1536x1536.jpg",1536,1536,true],"2048x2048":["https:\/\/www.cortenplus.com\/wp-content\/uploads\/2025\/06\/Antiquing1L-2048x2048.jpg",2048,2048,true],"trp-custom-language-flag":["https:\/\/www.cortenplus.com\/wp-content\/uploads\/2025\/06\/Antiquing1L-12x12.jpg",12,12,true],"woocommerce_thumbnail":["https:\/\/www.cortenplus.com\/wp-content\/uploads\/2025\/06\/Antiquing1L-300x300.jpg",300,300,true],"woocommerce_single":["https:\/\/www.cortenplus.com\/wp-content\/uploads\/2025\/06\/Antiquing1L-600x600.jpg",600,600,true],"woocommerce_gallery_thumbnail":["https:\/\/www.cortenplus.com\/wp-content\/uploads\/2025\/06\/Antiquing1L-100x100.jpg",100,100,true]},"uagb_author_info":{"display_name":"admin","author_link":"https:\/\/www.cortenplus.com\/de\/author\/"},"uagb_comment_info":87,"uagb_excerpt":"Creates an authentic darkened metal finish with professional precision. Our antiquing fluid is specially formulated to brown and blacken metal surfaces, producing a deep, rich patina that enhances character and visual depth. It reacts directly with the metal to create a natural-looking aged effect that cannot be replicated with paint or superficial coatings. The most&hellip;","_links":{"self":[{"href":"https:\/\/www.cortenplus.com\/de\/wp-json\/wp\/v2\/product\/22958","targetHints":{"allow":["GET"]}}],"collection":[{"href":"https:\/\/www.cortenplus.com\/de\/wp-json\/wp\/v2\/product"}],"about":[{"href":"https:\/\/www.cortenplus.com\/de\/wp-json\/wp\/v2\/types\/product"}],"replies":[{"embeddable":true,"href":"https:\/\/www.cortenplus.com\/de\/wp-json\/wp\/v2\/comments?post=22958"}],"version-history":[{"count":3,"href":"https:\/\/www.cortenplus.com\/de\/wp-json\/wp\/v2\/product\/22958\/revisions"}],"predecessor-version":[{"id":26210,"href":"https:\/\/www.cortenplus.com\/de\/wp-json\/wp\/v2\/product\/22958\/revisions\/26210"}],"wp:featuredmedia":[{"embeddable":true,"href":"https:\/\/www.cortenplus.com\/de\/wp-json\/wp\/v2\/media\/22986"}],"wp:attachment":[{"href":"https:\/\/www.cortenplus.com\/de\/wp-json\/wp\/v2\/media?parent=22958"}],"wp:term":[{"taxonomy":"product_brand","embeddable":true,"href":"https:\/\/www.cortenplus.com\/de\/wp-json\/wp\/v2\/product_brand?post=22958"},{"taxonomy":"product_cat","embeddable":true,"href":"https:\/\/www.cortenplus.com\/de\/wp-json\/wp\/v2\/product_cat?post=22958"},{"taxonomy":"product_tag","embeddable":true,"href":"https:\/\/www.cortenplus.com\/de\/wp-json\/wp\/v2\/product_tag?post=22958"}],"curies":[{"name":"wp","href":"https:\/\/api.w.org\/{rel}","templated":true}]}}