{"id":22978,"date":"2025-06-02T08:36:34","date_gmt":"2025-06-02T06:36:34","guid":{"rendered":"https:\/\/www.cortenplus.com\/products\/rust-converter\/"},"modified":"2026-02-28T15:08:39","modified_gmt":"2026-02-28T14:08:39","slug":"rust-converter","status":"publish","type":"product","link":"https:\/\/www.cortenplus.com\/cz\/products\/rust-converter\/","title":{"rendered":"P\u0159em\u011b\u0148ova\u010d rzi"},"content":{"rendered":"<p><strong><img decoding=\"async\" style=\"margin-right: 12px;\" src=\"https:\/\/www.cortenplus.com\/wp-content\/uploads\/2026\/02\/Check.svg\" alt=\"\" width=\"18\" height=\"15\" \/>Trvale zastavuje rez a p\u0159em\u011b\u0148uje korozi na stabiln\u00ed ochrannou vrstvu.<\/strong> N\u00e1\u0161 konvertor rzi je speci\u00e1ln\u011b vyvinut\u00fd tak, aby neutralizoval aktivn\u00ed rez a p\u0159em\u011bnil ji na stabiln\u00ed, inertn\u00ed ochrann\u00fd povlak, kter\u00fd zabra\u0148uje dal\u0161\u00ed korozi. Nam\u00edsto pouh\u00e9ho p\u0159ekryt\u00ed rzi chemicky reaguje s oxidem \u017eeleza, \u010d\u00edm\u017e zastavuje po\u0161kozov\u00e1n\u00ed u zdroje a prodlu\u017euje \u017eivotnost va\u0161ich kovov\u00fdch povrch\u016f.<\/p>\n<p><strong><img decoding=\"async\" style=\"margin-right: 12px;\" src=\"https:\/\/www.cortenplus.com\/wp-content\/uploads\/2026\/02\/Check.svg\" alt=\"\" width=\"18\" height=\"15\" \/>Nej\u00fa\u010dinn\u011bj\u0161\u00ed dostupn\u00e9 o\u0161et\u0159en\u00ed rzi.<\/strong> D\u00edky sv\u00e9mu pokro\u010dil\u00e9mu chemick\u00e9mu slo\u017een\u00ed je to nej\u00fa\u010dinn\u011bj\u0161\u00ed p\u0159\u00edpravek proti rzi na trhu. Pronik\u00e1 hluboko do por\u00e9zn\u00ed rzi, d\u016fkladn\u011b reaguje a vytv\u00e1\u0159\u00ed silnou ochrannou vrstvu, kterou lze nat\u0159\u00edt. Ve srovn\u00e1n\u00ed s b\u011b\u017en\u00fdmi odstra\u0148ova\u010di rzi nebo z\u00e1kladn\u00edmi n\u00e1t\u011bry poskytuje vynikaj\u00edc\u00ed dlouhodobou ochranu a viditeln\u011b stabilizuje korozi ji\u017e po jedin\u00e9 aplikaci.<\/p>\n<p><strong><img decoding=\"async\" style=\"margin-right: 12px;\" src=\"https:\/\/www.cortenplus.com\/wp-content\/uploads\/2026\/02\/Check.svg\" alt=\"\" width=\"18\" height=\"15\" \/>Nejlevn\u011bj\u0161\u00ed vysoce v\u00fdkonn\u00e9 \u0159e\u0161en\u00ed bez kompromis\u016f v kvalit\u011b.<\/strong> Nab\u00edz\u00edme profesion\u00e1ln\u00ed v\u00fdkon za nejv\u00fdhodn\u011bj\u0161\u00ed cenu. N\u00e1\u0161 konvertor rzi je nejlevn\u011bj\u0161\u00edm \u0159e\u0161en\u00edm ve sv\u00e9 kategorii p\u0159i zachov\u00e1n\u00ed v\u00fdjime\u010dn\u00e9 \u00fa\u010dinnosti a trvanlivosti, co\u017e umo\u017e\u0148uje majitel\u016fm dom\u016f, dodavatel\u016fm a pr\u016fmyslov\u00fdm u\u017eivatel\u016fm sn\u00ed\u017eit n\u00e1klady na \u00fadr\u017ebu bez ztr\u00e1ty v\u00fdsledk\u016f.<\/p>\n<p><strong><img decoding=\"async\" style=\"margin-right: 12px;\" src=\"https:\/\/www.cortenplus.com\/wp-content\/uploads\/2026\/02\/Check.svg\" alt=\"\" width=\"18\" height=\"15\" \/>Zaru\u010den\u00e9 doru\u010den\u00ed do 24 hodin pro nal\u00e9hav\u00e9 opravy.<\/strong> Koroze se rychle \u0161\u00ed\u0159\u00ed a v\u010dasn\u00e9 o\u0161et\u0159en\u00ed je nezbytn\u00e9. Proto garantujeme dod\u00e1n\u00ed do 24 hodin, co\u017e v\u00e1m zajist\u00ed, \u017ee sv\u016fj konvertor rzi obdr\u017e\u00edte neprodlen\u011b a budete moci neprodlen\u011b zastavit znehodnocov\u00e1n\u00ed kovu.<\/p>\n<p><strong><img decoding=\"async\" style=\"margin-right: 12px;\" src=\"https:\/\/www.cortenplus.com\/wp-content\/uploads\/2026\/02\/Check.svg\" alt=\"\" width=\"18\" height=\"15\" \/>Z\u00e1ruka vr\u00e1cen\u00ed pen\u011bz pro naprostou jistotu.<\/strong> Za v\u00fdkonem na\u0161eho konvertoru rzi si stoj\u00edme. Pokud nebudete s v\u00fdsledky spokojeni, nab\u00edz\u00edme z\u00e1ruku vr\u00e1cen\u00ed pen\u011bz. Jednodu\u0161e n\u00e1s kontaktujte a my v\u00e1m vr\u00e1t\u00edme pen\u00edze za n\u00e1kup, \u010d\u00edm\u017e z\u00edsk\u00e1te investici zcela bez rizika.<\/p>\n<p><strong><img decoding=\"async\" style=\"margin-right: 12px;\" src=\"https:\/\/www.cortenplus.com\/wp-content\/uploads\/2026\/02\/Check.svg\" alt=\"\" width=\"18\" height=\"15\" \/>Vynikaj\u00edc\u00ed kryt\u00ed a\u017e 12 m\u00b2 na litr.<\/strong> N\u00e1\u0161 konvertor rzi nab\u00edz\u00ed vysok\u00e9 pokryt\u00ed, o\u0161et\u0159uje a\u017e 12 metr\u016f \u010dtvere\u010dn\u00edch na litr v z\u00e1vislosti na drsnosti povrchu a tlou\u0161\u0165ce rzi. Toto \u00fa\u010dinn\u00e9 pokryt\u00ed sni\u017euje celkovou spot\u0159ebu a \u010din\u00ed jej n\u00e1kladov\u011b efektivn\u00edm jak pro mal\u00e9 opravy, tak pro velk\u00e9 pr\u016fmyslov\u00e9 plochy.<\/p>\n<p><strong><img decoding=\"async\" style=\"margin-right: 12px;\" src=\"https:\/\/www.cortenplus.com\/wp-content\/uploads\/2026\/02\/Check.svg\" alt=\"\" width=\"18\" height=\"15\" \/>Vytv\u00e1\u0159\u00ed ochrann\u00fd podklad p\u0159ipraven\u00fd k lakov\u00e1n\u00ed.<\/strong> Po p\u0159em\u011bn\u011b rzi se na povrchu vytvo\u0159\u00ed tmav\u00e1, stabiln\u00ed vrstva, kterou lze po zaschnut\u00ed ihned nat\u00edrat. T\u00edm odpad\u00e1 nutnost \u00fapln\u00e9ho odstran\u011bn\u00ed rzi a\u017e na hol\u00fd kov, co\u017e \u0161et\u0159\u00ed \u010das a pr\u00e1ci a z\u00e1rove\u0148 zlep\u0161uje p\u0159ilnavost n\u00e1t\u011bru.<\/p>\n<p><strong><img decoding=\"async\" style=\"margin-right: 12px;\" src=\"https:\/\/www.cortenplus.com\/wp-content\/uploads\/2026\/02\/Check.svg\" alt=\"\" width=\"18\" height=\"15\" \/>Ide\u00e1ln\u00ed pro pou\u017eit\u00ed s v\u00edce kovy.<\/strong> Tento univerz\u00e1ln\u00ed p\u0159\u00edpravek na rez je vhodn\u00fd na ocel, \u017eelezo, z\u00e1bradl\u00ed, br\u00e1ny, ploty, automobilov\u00e9 d\u00edly, n\u00e1\u0159ad\u00ed, konstruk\u010dn\u00ed nosn\u00edky, n\u00e1dr\u017ee a stroje a lze jej pou\u017e\u00edt v interi\u00e9ru i exteri\u00e9ru na \u0161irokou \u0161k\u00e1lu zkorodovan\u00fdch kovov\u00fdch povrch\u016f.<\/p>\n<p><strong><img decoding=\"async\" style=\"margin-right: 12px;\" src=\"https:\/\/www.cortenplus.com\/wp-content\/uploads\/2026\/02\/Check.svg\" alt=\"\" width=\"18\" height=\"15\" \/>Zabra\u0148uje budouc\u00ed korozi a prodlu\u017euje \u017eivotnost kovu.<\/strong> Chemickou stabilizac\u00ed rzi a ut\u011bsn\u011bn\u00edm povrchu v\u00fdrobek zpomaluje oxidaci a v\u00fdrazn\u011b prodlu\u017euje \u017eivotnost o\u0161et\u0159en\u00fdch kovov\u00fdch sou\u010d\u00e1st\u00ed, \u010d\u00edm\u017e sni\u017euje pot\u0159ebu n\u00e1kladn\u00fdch v\u00fdm\u011bn.<\/p>\n<p><strong><img decoding=\"async\" style=\"margin-right: 12px;\" src=\"https:\/\/www.cortenplus.com\/wp-content\/uploads\/2026\/02\/Check.svg\" alt=\"\" width=\"18\" height=\"15\" \/>Snadn\u00e1 aplikace pro profesion\u00e1ly i kutily.<\/strong> V\u00fdrobek lze nan\u00e1\u0161et \u0161t\u011btcem, v\u00e1le\u010dkem nebo sprejem, tak\u017ee je dostupn\u00fd pro ka\u017ed\u00e9ho. Jeho hladk\u00e1 konzistence zaji\u0161\u0165uje rovnom\u011brn\u00e9 rozt\u00edr\u00e1n\u00ed a \u00fa\u010dinn\u00e9 pronik\u00e1n\u00ed do zkorodovan\u00fdch m\u00edst bez slo\u017eit\u00fdch postup\u016f.<\/p>\n<h2><strong>Pokyny<\/strong><\/h2>\n<ul>\n<li>P\u0159ed aplikac\u00ed odstra\u0148te dr\u00e1t\u011bn\u00fdm kart\u00e1\u010dem nebo \u0161krabkou uvoln\u011bnou, odlupuj\u00edc\u00ed se rez, \u0161p\u00ednu, mastnotu a star\u00fd odlupuj\u00edc\u00ed se n\u00e1t\u011br. Povrch nemus\u00ed b\u00fdt \u00fapln\u011b odizolov\u00e1n a\u017e na hol\u00fd kov.<\/li>\n<li>P\u0159ed nanesen\u00edm v\u00fdrobku se ujist\u011bte, \u017ee je kovov\u00fd povrch such\u00fd.<\/li>\n<li>P\u0159ed pou\u017eit\u00edm konvertor rzi d\u016fkladn\u011b prot\u0159epejte nebo prom\u00edchejte.<\/li>\n<li>Naneste rovnom\u011brnou vrstvu \u0161t\u011btcem, v\u00e1le\u010dkem nebo st\u0159\u00edkac\u00edm syst\u00e9mem. Zajist\u011bte \u00fapln\u00e9 pokryt\u00ed v\u0161ech zkorodovan\u00fdch m\u00edst.<\/li>\n<li>Doporu\u010den\u00e9 d\u00e1vkov\u00e1n\u00ed je p\u0159ibli\u017en\u011b 80-100 ml na metr \u010dtvere\u010dn\u00ed v z\u00e1vislosti na tlou\u0161\u0165ce rzi a struktu\u0159e povrchu.<\/li>\n<li>Pokryt\u00ed je a\u017e 12 m\u00b2 na litr za norm\u00e1ln\u00edch podm\u00ednek.<\/li>\n<li>Nechte p\u0159\u00edpravek reagovat s rz\u00ed. P\u0159i chemick\u00e9 p\u0159em\u011bn\u011b se povrch postupn\u011b zbarv\u00ed do tmav\u011b modr\u00e9 nebo \u010dern\u00e9 barvy.<\/li>\n<li>Doba schnut\u00ed je obvykle 3 a\u017e 6 hodin v z\u00e1vislosti na teplot\u011b a vlhkosti.<\/li>\n<li>Na siln\u011b zreziv\u011bl\u00e1 m\u00edsta lze po zaschnut\u00ed prvn\u00ed vrstvy nan\u00e9st druhou vrstvu.<\/li>\n<li>Po \u00fapln\u00e9m vytvrzen\u00ed lze povrch nat\u0159\u00edt kompatibiln\u00edm vrchn\u00edm lakem pro zv\u00fd\u0161en\u00ed ochrany. B\u011bhem vytvrzov\u00e1n\u00ed se vyhn\u011bte p\u016fsoben\u00ed vlhkosti.<\/li>\n<\/ul>","protected":false},"excerpt":{"rendered":"<p>Stops rust permanently and transform corrosion into a stable protective layer. Our rust converter is specially formulated to neutralize active rust and convert it into a stable, inert protective coating that prevents further corrosion. Instead of simply covering rust, it chemically reacts with iron oxide to stop deterioration at the source, extending the life of [&hellip;]<\/p>\n","protected":false},"featured_media":23071,"comment_status":"open","ping_status":"closed","template":"","meta":{"_uag_custom_page_level_css":"","site-sidebar-layout":"default","site-content-layout":"","ast-site-content-layout":"default","site-content-style":"default","site-sidebar-style":"default","ast-global-header-display":"","ast-banner-title-visibility":"","ast-main-header-display":"","ast-hfb-above-header-display":"","ast-hfb-below-header-display":"","ast-hfb-mobile-header-display":"","site-post-title":"","ast-breadcrumbs-content":"","ast-featured-img":"","footer-sml-layout":"","ast-disable-related-posts":"","theme-transparent-header-meta":"default","adv-header-id-meta":"","stick-header-meta":"","header-above-stick-meta":"","header-main-stick-meta":"","header-below-stick-meta":"","astra-migrate-meta-layouts":"set","ast-page-background-enabled":"default","ast-page-background-meta":{"desktop":{"background-color":"var(--ast-global-color-4)","background-image":"","background-repeat":"repeat","background-position":"center center","background-size":"auto","background-attachment":"scroll","background-type":"","background-media":"","overlay-type":"","overlay-color":"","overlay-opacity":"","overlay-gradient":""},"tablet":{"background-color":"","background-image":"","background-repeat":"repeat","background-position":"center center","background-size":"auto","background-attachment":"scroll","background-type":"","background-media":"","overlay-type":"","overlay-color":"","overlay-opacity":"","overlay-gradient":""},"mobile":{"background-color":"","background-image":"","background-repeat":"repeat","background-position":"center center","background-size":"auto","background-attachment":"scroll","background-type":"","background-media":"","overlay-type":"","overlay-color":"","overlay-opacity":"","overlay-gradient":""}},"ast-content-background-meta":{"desktop":{"background-color":"var(--ast-global-color-5)","background-image":"","background-repeat":"repeat","background-position":"center center","background-size":"auto","background-attachment":"scroll","background-type":"","background-media":"","overlay-type":"","overlay-color":"","overlay-opacity":"","overlay-gradient":""},"tablet":{"background-color":"var(--ast-global-color-5)","background-image":"","background-repeat":"repeat","background-position":"center center","background-size":"auto","background-attachment":"scroll","background-type":"","background-media":"","overlay-type":"","overlay-color":"","overlay-opacity":"","overlay-gradient":""},"mobile":{"background-color":"var(--ast-global-color-5)","background-image":"","background-repeat":"repeat","background-position":"center center","background-size":"auto","background-attachment":"scroll","background-type":"","background-media":"","overlay-type":"","overlay-color":"","overlay-opacity":"","overlay-gradient":""}}},"product_brand":[],"product_cat":[15],"product_tag":[],"class_list":{"0":"post-22978","1":"product","2":"type-product","3":"status-publish","4":"has-post-thumbnail","6":"product_cat-shop","7":"desktop-align-left","8":"tablet-align-left","9":"mobile-align-left","11":"first","12":"instock","13":"sale","14":"shipping-taxable","15":"purchasable","16":"product-type-variable","17":"has-default-attributes"},"spectra_custom_meta":{"_visibility":["visible"],"_shopify_product_id":["8099038658878"],"_s2w_shopify_domain":["cortenplus.myshopify.com"],"_shopify_variant_id":["44414239310142"],"_manage_stock":["no"],"total_sales":["59"],"_tax_status":["taxable"],"_tax_class":[""],"_backorders":["no"],"_sold_individually":["no"],"_virtual":["no"],"_downloadable":["no"],"_download_limit":["-1"],"_download_expiry":["-1"],"_stock":[null],"_stock_status":["instock"],"_wc_average_rating":["4.99"],"_wc_review_count":["104"],"_product_attributes":["a:1:{s:6:\"volume\";a:6:{s:4:\"name\";s:6:\"Volume\";s:5:\"value\";s:30:\"1 liter | 5 liters | 25 liters\";s:8:\"position\";i:1;s:10:\"is_visible\";i:0;s:12:\"is_variation\";i:1;s:11:\"is_taxonomy\";i:0;}}"],"_product_version":["10.5.2"],"_thumbnail_id":["23071"],"_product_image_gallery":["23072,23073"],"_edit_lock":["1772287667:1"],"_edit_last":["1"],"_wp_page_template":["default"],"site-sidebar-layout":["default"],"ast-site-content-layout":["default"],"site-content-style":["default"],"site-sidebar-style":["default"],"theme-transparent-header-meta":["default"],"merchant-center-id":["RC"],"merchant-center-availability":["yes"],"merchant-center-category":["503744"],"_default_attributes":["a:1:{s:6:\"volume\";s:7:\"1 liter\";}"],"_price":["29.90","129.90","499.90"],"_wc_rating_count":["a:2:{i:4;i:1;i:5;i:103;}"],"_upsell_ids":["a:3:{i:0;i:22962;i:1;i:22963;i:2;i:22982;}"],"_crosssell_ids":["a:3:{i:0;i:22962;i:1;i:22963;i:2;i:22982;}"],"astra-migrate-meta-layouts":["set"],"_uag_css_file_name":["uag-css-22978.css"],"_elementor_page_assets":["a:0:{}"],"_uag_page_assets":["a:9:{s:3:\"css\";s:7133:\".uag-blocks-common-selector{z-index:var(--z-index-desktop) !important}@media(max-width: 976px){.uag-blocks-common-selector{z-index:var(--z-index-tablet) !important}}@media(max-width: 767px){.uag-blocks-common-selector{z-index:var(--z-index-mobile) !important}}.wp-block-uagb-image{display:flex}.wp-block-uagb-image__figure{position:relative;display:flex;flex-direction:column;max-width:100%;height:auto;margin:0}.wp-block-uagb-image__figure img{height:auto;display:flex;max-width:100%;transition:box-shadow .2s ease}.wp-block-uagb-image__figure>a{display:inline-block}.wp-block-uagb-image__figure figcaption{text-align:center;margin-top:.5em;margin-bottom:1em}.wp-block-uagb-image .components-placeholder.block-editor-media-placeholder .components-placeholder__instructions{align-self:center}.wp-block-uagb-image--align-left{text-align:left}.wp-block-uagb-image--align-right{text-align:right}.wp-block-uagb-image--align-center{text-align:center}.wp-block-uagb-image--align-full .wp-block-uagb-image__figure{margin-left:calc(50% - 50vw);margin-right:calc(50% - 50vw);max-width:100vw;width:100vw;height:auto}.wp-block-uagb-image--align-full .wp-block-uagb-image__figure img{height:auto;width:100% !important}.wp-block-uagb-image--align-wide .wp-block-uagb-image__figure img{height:auto;width:100%}.wp-block-uagb-image--layout-overlay__color-wrapper{position:absolute;left:0;top:0;right:0;bottom:0;opacity:.2;background:rgba(0,0,0,.5);transition:opacity .35s ease-in-out}.wp-block-uagb-image--layout-overlay-link{position:absolute;left:0;right:0;bottom:0;top:0}.wp-block-uagb-image--layout-overlay .wp-block-uagb-image__figure:hover .wp-block-uagb-image--layout-overlay__color-wrapper{opacity:1}.wp-block-uagb-image--layout-overlay__inner{position:absolute;left:15px;right:15px;bottom:15px;top:15px;display:flex;align-items:center;justify-content:center;flex-direction:column;border-color:#fff;transition:.35s ease-in-out}.wp-block-uagb-image--layout-overlay__inner.top-left,.wp-block-uagb-image--layout-overlay__inner.top-center,.wp-block-uagb-image--layout-overlay__inner.top-right{justify-content:flex-start}.wp-block-uagb-image--layout-overlay__inner.bottom-left,.wp-block-uagb-image--layout-overlay__inner.bottom-center,.wp-block-uagb-image--layout-overlay__inner.bottom-right{justify-content:flex-end}.wp-block-uagb-image--layout-overlay__inner.top-left,.wp-block-uagb-image--layout-overlay__inner.center-left,.wp-block-uagb-image--layout-overlay__inner.bottom-left{align-items:flex-start}.wp-block-uagb-image--layout-overlay__inner.top-right,.wp-block-uagb-image--layout-overlay__inner.center-right,.wp-block-uagb-image--layout-overlay__inner.bottom-right{align-items:flex-end}.wp-block-uagb-image--layout-overlay__inner .uagb-image-heading{color:#fff;transition:transform .35s,opacity .35s ease-in-out;transform:translate3d(0, 24px, 0);margin:0;line-height:1em}.wp-block-uagb-image--layout-overlay__inner .uagb-image-separator{width:30%;border-top-width:2px;border-top-color:#fff;border-top-style:solid;margin-bottom:10px;opacity:0;transition:transform .4s,opacity .4s ease-in-out;transform:translate3d(0, 30px, 0)}.wp-block-uagb-image--layout-overlay__inner .uagb-image-caption{opacity:0;overflow:visible;color:#fff;transition:transform .45s,opacity .45s ease-in-out;transform:translate3d(0, 35px, 0)}.wp-block-uagb-image--layout-overlay__inner:hover .uagb-image-heading,.wp-block-uagb-image--layout-overlay__inner:hover .uagb-image-separator,.wp-block-uagb-image--layout-overlay__inner:hover .uagb-image-caption{opacity:1;transform:translate3d(0, 0, 0)}.wp-block-uagb-image--effect-zoomin .wp-block-uagb-image__figure img,.wp-block-uagb-image--effect-zoomin .wp-block-uagb-image__figure .wp-block-uagb-image--layout-overlay__color-wrapper{transform:scale(1);transition:transform .35s ease-in-out}.wp-block-uagb-image--effect-zoomin .wp-block-uagb-image__figure:hover img,.wp-block-uagb-image--effect-zoomin .wp-block-uagb-image__figure:hover .wp-block-uagb-image--layout-overlay__color-wrapper{transform:scale(1.05)}.wp-block-uagb-image--effect-slide .wp-block-uagb-image__figure img,.wp-block-uagb-image--effect-slide .wp-block-uagb-image__figure .wp-block-uagb-image--layout-overlay__color-wrapper{width:calc(100% + 40px) !important;max-width:none !important;transform:translate3d(-40px, 0, 0);transition:transform .35s ease-in-out}.wp-block-uagb-image--effect-slide .wp-block-uagb-image__figure:hover img,.wp-block-uagb-image--effect-slide .wp-block-uagb-image__figure:hover .wp-block-uagb-image--layout-overlay__color-wrapper{transform:translate3d(0, 0, 0)}.wp-block-uagb-image--effect-grayscale img{filter:grayscale(0%);transition:.35s ease-in-out}.wp-block-uagb-image--effect-grayscale:hover img{filter:grayscale(100%)}.wp-block-uagb-image--effect-blur img{filter:blur(0);transition:.35s ease-in-out}.wp-block-uagb-image--effect-blur:hover img{filter:blur(3px)}.uagb-block-e6f939b3.wp-block-uagb-image--layout-default figure img{box-shadow: 0px 0px 0 #00000070;}.uagb-block-e6f939b3.wp-block-uagb-image .wp-block-uagb-image__figure figcaption{font-style: normal;align-self: center;}.uagb-block-e6f939b3.wp-block-uagb-image--layout-overlay figure img{box-shadow: 0px 0px 0 #00000070;}.uagb-block-e6f939b3.wp-block-uagb-image--layout-overlay .wp-block-uagb-image--layout-overlay__color-wrapper{opacity: 0.2;}.uagb-block-e6f939b3.wp-block-uagb-image--layout-overlay .wp-block-uagb-image--layout-overlay__inner{left: 15px;right: 15px;top: 15px;bottom: 15px;}.uagb-block-e6f939b3.wp-block-uagb-image--layout-overlay .wp-block-uagb-image--layout-overlay__inner .uagb-image-heading{font-style: normal;color: #fff;opacity: 1;}.uagb-block-e6f939b3.wp-block-uagb-image--layout-overlay .wp-block-uagb-image--layout-overlay__inner .uagb-image-heading a{color: #fff;}.uagb-block-e6f939b3.wp-block-uagb-image--layout-overlay .wp-block-uagb-image--layout-overlay__inner .uagb-image-caption{opacity: 0;}.uagb-block-e6f939b3.wp-block-uagb-image--layout-overlay .wp-block-uagb-image__figure:hover .wp-block-uagb-image--layout-overlay__color-wrapper{opacity: 1;}.uagb-block-e6f939b3.wp-block-uagb-image .wp-block-uagb-image--layout-overlay__inner .uagb-image-separator{width: 30%;border-top-width: 2px;border-top-color: #fff;opacity: 0;}.uagb-block-e6f939b3.wp-block-uagb-image .wp-block-uagb-image__figure img{width: px;height: auto;}.uagb-block-e6f939b3.wp-block-uagb-image .wp-block-uagb-image__figure:hover .wp-block-uagb-image--layout-overlay__inner .uagb-image-caption{opacity: 1;}.uagb-block-e6f939b3.wp-block-uagb-image .wp-block-uagb-image__figure:hover .wp-block-uagb-image--layout-overlay__inner .uagb-image-separator{opacity: 1;}.uagb-block-e6f939b3.wp-block-uagb-image--layout-default figure:hover img{box-shadow: 0px 0px 0 #00000070;}.uagb-block-e6f939b3.wp-block-uagb-image--layout-overlay figure:hover img{box-shadow: 0px 0px 0 #00000070;}@media only screen and (max-width: 976px) {.uagb-block-e6f939b3.wp-block-uagb-image .wp-block-uagb-image__figure img{width: px;height: auto;}}@media only screen and (max-width: 767px) {.uagb-block-e6f939b3.wp-block-uagb-image .wp-block-uagb-image__figure img{width: px;height: auto;}}\";s:2:\"js\";s:0:\"\";s:18:\"current_block_list\";a:13:{i:0;s:11:\"core\/search\";i:1;s:10:\"core\/group\";i:2;s:12:\"core\/heading\";i:3;s:17:\"core\/latest-posts\";i:4;s:20:\"core\/latest-comments\";i:5;s:13:\"core\/archives\";i:6;s:15:\"core\/categories\";i:7;s:14:\"core\/paragraph\";i:8;s:10:\"uagb\/image\";i:9;s:11:\"core\/spacer\";i:10;s:30:\"woocommerce\/product-categories\";i:11;s:10:\"core\/image\";i:12;s:14:\"core\/shortcode\";}s:8:\"uag_flag\";b:1;s:11:\"uag_version\";s:10:\"1777062275\";s:6:\"gfonts\";a:0:{}s:10:\"gfonts_url\";s:0:\"\";s:12:\"gfonts_files\";a:0:{}s:14:\"uag_faq_layout\";b:0;}"]},"uagb_featured_image_src":{"full":["https:\/\/www.cortenplus.com\/wp-content\/uploads\/2025\/06\/Rust_Converter_1.jpg",2560,2560,false],"thumbnail":["https:\/\/www.cortenplus.com\/wp-content\/uploads\/2025\/06\/Rust_Converter_1-150x150.jpg",150,150,true],"medium":["https:\/\/www.cortenplus.com\/wp-content\/uploads\/2025\/06\/Rust_Converter_1-300x300.jpg",300,300,true],"medium_large":["https:\/\/www.cortenplus.com\/wp-content\/uploads\/2025\/06\/Rust_Converter_1-768x768.jpg",768,768,true],"large":["https:\/\/www.cortenplus.com\/wp-content\/uploads\/2025\/06\/Rust_Converter_1-1024x1024.jpg",1024,1024,true],"1536x1536":["https:\/\/www.cortenplus.com\/wp-content\/uploads\/2025\/06\/Rust_Converter_1-1536x1536.jpg",1536,1536,true],"2048x2048":["https:\/\/www.cortenplus.com\/wp-content\/uploads\/2025\/06\/Rust_Converter_1-2048x2048.jpg",2048,2048,true],"trp-custom-language-flag":["https:\/\/www.cortenplus.com\/wp-content\/uploads\/2025\/06\/Rust_Converter_1-12x12.jpg",12,12,true],"woocommerce_thumbnail":["https:\/\/www.cortenplus.com\/wp-content\/uploads\/2025\/06\/Rust_Converter_1-300x300.jpg",300,300,true],"woocommerce_single":["https:\/\/www.cortenplus.com\/wp-content\/uploads\/2025\/06\/Rust_Converter_1-600x600.jpg",600,600,true],"woocommerce_gallery_thumbnail":["https:\/\/www.cortenplus.com\/wp-content\/uploads\/2025\/06\/Rust_Converter_1-100x100.jpg",100,100,true]},"uagb_author_info":{"display_name":"admin","author_link":"https:\/\/www.cortenplus.com\/cz\/author\/"},"uagb_comment_info":104,"uagb_excerpt":"Stops rust permanently and transform corrosion into a stable protective layer. Our rust converter is specially formulated to neutralize active rust and convert it into a stable, inert protective coating that prevents further corrosion. Instead of simply covering rust, it chemically reacts with iron oxide to stop deterioration at the source, extending the life of&hellip;","_links":{"self":[{"href":"https:\/\/www.cortenplus.com\/cz\/wp-json\/wp\/v2\/product\/22978","targetHints":{"allow":["GET"]}}],"collection":[{"href":"https:\/\/www.cortenplus.com\/cz\/wp-json\/wp\/v2\/product"}],"about":[{"href":"https:\/\/www.cortenplus.com\/cz\/wp-json\/wp\/v2\/types\/product"}],"replies":[{"embeddable":true,"href":"https:\/\/www.cortenplus.com\/cz\/wp-json\/wp\/v2\/comments?post=22978"}],"version-history":[{"count":4,"href":"https:\/\/www.cortenplus.com\/cz\/wp-json\/wp\/v2\/product\/22978\/revisions"}],"predecessor-version":[{"id":26209,"href":"https:\/\/www.cortenplus.com\/cz\/wp-json\/wp\/v2\/product\/22978\/revisions\/26209"}],"wp:featuredmedia":[{"embeddable":true,"href":"https:\/\/www.cortenplus.com\/cz\/wp-json\/wp\/v2\/media\/23071"}],"wp:attachment":[{"href":"https:\/\/www.cortenplus.com\/cz\/wp-json\/wp\/v2\/media?parent=22978"}],"wp:term":[{"taxonomy":"product_brand","embeddable":true,"href":"https:\/\/www.cortenplus.com\/cz\/wp-json\/wp\/v2\/product_brand?post=22978"},{"taxonomy":"product_cat","embeddable":true,"href":"https:\/\/www.cortenplus.com\/cz\/wp-json\/wp\/v2\/product_cat?post=22978"},{"taxonomy":"product_tag","embeddable":true,"href":"https:\/\/www.cortenplus.com\/cz\/wp-json\/wp\/v2\/product_tag?post=22978"}],"curies":[{"name":"wp","href":"https:\/\/api.w.org\/{rel}","templated":true}]}}