{"id":22968,"date":"2025-06-02T08:36:28","date_gmt":"2025-06-02T06:36:28","guid":{"rendered":"https:\/\/www.cortenplus.com\/products\/descaler\/"},"modified":"2026-02-28T15:06:33","modified_gmt":"2026-02-28T14:06:33","slug":"descaler","status":"publish","type":"product","link":"https:\/\/www.cortenplus.com\/cz\/products\/descaler\/","title":{"rendered":"Odv\u00e1p\u0148ova\u010d"},"content":{"rendered":"<p><strong><img decoding=\"async\" style=\"margin-right: 12px;\" src=\"https:\/\/www.cortenplus.com\/wp-content\/uploads\/2026\/02\/Check.svg\" alt=\"\" width=\"18\" height=\"15\" \/>\u00da\u010dinn\u011b odstra\u0148uje ml\u00fdnsk\u00fd k\u00e1men bez nutnosti p\u00edskov\u00e1n\u00ed.<\/strong> N\u00e1\u0161 odstra\u0148ova\u010d okuj\u00ed z kortenov\u00e9 oceli je speci\u00e1ln\u011b vyvinut\u00fd k odstran\u011bn\u00ed okuj\u00ed z povrch\u016f z kortenov\u00e9 oceli bez nutnosti pou\u017eit\u00ed p\u00edskova\u010de. Chemicky rozkl\u00e1d\u00e1 hustou tmavou vrstvu oxidu vytvo\u0159enou b\u011bhem v\u00e1lcov\u00e1n\u00ed za tepla, \u010d\u00edm\u017e odhaluje \u010distou reaktivn\u00ed ocel pod n\u00ed a vytv\u00e1\u0159\u00ed ide\u00e1ln\u00ed z\u00e1klad pro aplikaci urychlova\u010de rzi.<\/p>\n<p><strong><img decoding=\"async\" style=\"margin-right: 12px;\" src=\"https:\/\/www.cortenplus.com\/wp-content\/uploads\/2026\/02\/Check.svg\" alt=\"\" width=\"18\" height=\"15\" \/>Nej\u00fa\u010dinn\u011bj\u0161\u00ed \u0159e\u0161en\u00ed pro p\u0159\u00edpravu kortenov\u00e9 oceli p\u0159ed aktivac\u00ed rzi.<\/strong> Jedn\u00e1 se o nej\u00fa\u010dinn\u011bj\u0161\u00ed p\u0159\u00edpravek na odstra\u0148ov\u00e1n\u00ed vodn\u00edho kamene z kortenov\u00e9 oceli, pokud nen\u00ed k dispozici mechanick\u00e9 trysk\u00e1n\u00ed. D\u016fkladn\u011b pronik\u00e1 a rozpou\u0161t\u00ed ml\u00fdnsk\u00fd k\u00e1men, \u010d\u00edm\u017e zaji\u0161\u0165uje, \u017ee urychlova\u010d rzi m\u016f\u017ee reagovat p\u0159\u00edmo s hol\u00fdm kovem, co\u017e vede k rychlej\u0161\u00edmu, rovnom\u011brn\u011bj\u0161\u00edmu a intenzivn\u011bj\u0161\u00edmu v\u00fdvoji patiny.<\/p>\n<p><strong><img decoding=\"async\" style=\"margin-right: 12px;\" src=\"https:\/\/www.cortenplus.com\/wp-content\/uploads\/2026\/02\/Check.svg\" alt=\"\" width=\"18\" height=\"15\" \/>Nejlevn\u011bj\u0161\u00ed profesion\u00e1ln\u00ed alternativa p\u00edskov\u00e1n\u00ed.<\/strong> P\u00edskovac\u00ed za\u0159\u00edzen\u00ed je drah\u00e9 a ne v\u017edy dostupn\u00e9. N\u00e1\u0161 odstra\u0148ova\u010d okuj\u00ed z kortenov\u00e9 oceli p\u0159edstavuje nejlevn\u011bj\u0161\u00ed a nejprakti\u010dt\u011bj\u0161\u00ed alternativu, kter\u00e1 poskytuje v\u00fdsledky na profesion\u00e1ln\u00ed \u00farovni bez n\u00e1kladn\u00fdch stroj\u016f, subdodavatel\u016f nebo specializovan\u00fdch za\u0159\u00edzen\u00ed.<\/p>\n<p><strong><img decoding=\"async\" style=\"margin-right: 12px;\" src=\"https:\/\/www.cortenplus.com\/wp-content\/uploads\/2026\/02\/Check.svg\" alt=\"\" width=\"18\" height=\"15\" \/>Zaru\u010den\u00e9 doru\u010den\u00ed 24 hodin denn\u011b pro nep\u0159eru\u0161ovan\u00fd pracovn\u00ed proces.<\/strong> Jsme si v\u011bdomi, \u017ee p\u0159\u00edprava povrchu je kritickou f\u00e1z\u00ed ka\u017ed\u00e9ho projektu z kortenov\u00e9 oceli. Proto v\u00e1m garantujeme dod\u00e1n\u00ed do 24 hodin, co\u017e v\u00e1m umo\u017en\u00ed rychle pokra\u010dovat v odstra\u0148ov\u00e1n\u00ed okuj\u00ed a urychlov\u00e1n\u00ed koroze bez zpo\u017ed\u011bn\u00ed projektu.<\/p>\n<p><strong><img decoding=\"async\" style=\"margin-right: 12px;\" src=\"https:\/\/www.cortenplus.com\/wp-content\/uploads\/2026\/02\/Check.svg\" alt=\"\" width=\"18\" height=\"15\" \/>Z\u00e1ruka vr\u00e1cen\u00ed pen\u011bz pro naprostou jistotu.<\/strong> Jsme p\u0159esv\u011bd\u010deni o \u00fa\u010dinnosti na\u0161eho odv\u00e1p\u0148ova\u010de z kortenov\u00e9 oceli. Pokud nebudete s v\u00fdsledky spokojeni, nab\u00edz\u00edme plnou z\u00e1ruku vr\u00e1cen\u00ed pen\u011bz. Jednodu\u0161e n\u00e1s kontaktujte a my v\u00e1m vr\u00e1t\u00edme pen\u00edze za n\u00e1kup, \u010d\u00edm\u017e v\u00e1m zajist\u00edme zcela bezrizikovou zku\u0161enost.<\/p>\n<p><strong><img decoding=\"async\" style=\"margin-right: 12px;\" src=\"https:\/\/www.cortenplus.com\/wp-content\/uploads\/2026\/02\/Check.svg\" alt=\"\" width=\"18\" height=\"15\" \/>Vynikaj\u00edc\u00ed kryt\u00ed pro \u00fasporn\u00e9 o\u0161et\u0159en\u00ed velk\u00fdch ploch.<\/strong> N\u00e1\u0161 odstra\u0148ova\u010d vodn\u00edho kamene nab\u00edz\u00ed pokryt\u00ed a\u017e 8 m\u00b2 na litr v z\u00e1vislosti na tlou\u0161\u0165ce ml\u00fdnsk\u00e9ho kamene a stavu povrchu. Toto siln\u00e9 pokryt\u00ed zaji\u0161\u0165uje n\u00e1kladov\u011b efektivn\u00ed o\u0161et\u0159en\u00ed panel\u016f, fas\u00e1d, soch a konstruk\u010dn\u00edch prvk\u016f.<\/p>\n<p><strong><img decoding=\"async\" style=\"margin-right: 12px;\" src=\"https:\/\/www.cortenplus.com\/wp-content\/uploads\/2026\/02\/Check.svg\" alt=\"\" width=\"18\" height=\"15\" \/>Zaji\u0161\u0165uje rovnom\u011brnou tvorbu rzi po o\u0161et\u0159en\u00ed.<\/strong> Ml\u00fdnsk\u00fd k\u00e1men p\u016fsob\u00ed jako bari\u00e9ra, kter\u00e1 br\u00e1n\u00ed spr\u00e1vn\u00e9 oxidaci. \u00dapln\u00fdm odstran\u011bn\u00edm t\u00e9to vrstvy umo\u017en\u00ed odstra\u0148ova\u010d vodn\u00edho kamene urychlova\u010di rzi p\u016fsobit rovnom\u011brn\u011b po cel\u00e9m povrchu a zabr\u00e1n\u00ed tak vzniku nerovnom\u011brn\u00e9 nebo nekonzistentn\u00ed patiny.<\/p>\n<p><strong><img decoding=\"async\" style=\"margin-right: 12px;\" src=\"https:\/\/www.cortenplus.com\/wp-content\/uploads\/2026\/02\/Check.svg\" alt=\"\" width=\"18\" height=\"15\" \/>Pronik\u00e1 a hluboce reaguje se ztvrdl\u00fdm vodn\u00edm kamenem.<\/strong> Pokro\u010dil\u00e9 chemick\u00e9 slo\u017een\u00ed zm\u011bk\u010duje a odd\u011bluje pevn\u011b v\u00e1zan\u00fd ml\u00fdnsk\u00fd k\u00e1men od ocelov\u00e9ho podkladu, a to i v obt\u00ed\u017en\u011b p\u0159\u00edstupn\u00fdch oblastech nebo na strukturovan\u00fdch povr\u0161\u00edch, \u010d\u00edm\u017e zaji\u0161\u0165uje d\u016fkladnou p\u0159\u00edpravu.<\/p>\n<p><strong><img decoding=\"async\" style=\"margin-right: 12px;\" src=\"https:\/\/www.cortenplus.com\/wp-content\/uploads\/2026\/02\/Check.svg\" alt=\"\" width=\"18\" height=\"15\" \/>Ide\u00e1ln\u00ed pro kutily i profesion\u00e1ly.<\/strong> Tento odstra\u0148ova\u010d vodn\u00edho kamene je navr\u017een pro snadnou aplikaci \u0161t\u011btcem, v\u00e1le\u010dkem nebo post\u0159ikem a zp\u0159\u00edstup\u0148uje odstra\u0148ov\u00e1n\u00ed ml\u00fdnsk\u00e9ho kamene i u\u017eivatel\u016fm, kte\u0159\u00ed nemaj\u00ed pr\u016fmyslov\u00e9 vybaven\u00ed. Zjednodu\u0161uje p\u0159\u00edpravu p\u0159i zachov\u00e1n\u00ed profesion\u00e1ln\u00edch standard\u016f.<\/p>\n<p><strong><img decoding=\"async\" style=\"margin-right: 12px;\" src=\"https:\/\/www.cortenplus.com\/wp-content\/uploads\/2026\/02\/Check.svg\" alt=\"\" width=\"18\" height=\"15\" \/>Zlep\u0161uje p\u0159ilnavost n\u00e1sledn\u00fdch o\u0161et\u0159en\u00ed.<\/strong> Odv\u00e1p\u0148ova\u010d p\u016fsoben\u00edm na \u010distou ocel zvy\u0161uje \u00fa\u010dinnost urychlova\u010d\u016f rzi a zlep\u0161uje p\u0159ilnavost tmel\u016f a lak\u016f nan\u00e1\u0161en\u00fdch po vytvo\u0159en\u00ed patiny, \u010d\u00edm\u017e p\u0159isp\u00edv\u00e1 k dlouhodob\u00e9 odolnosti.<\/p>\n<h2><strong>Pokyny<\/strong><\/h2>\n<ul>\n<li>P\u0159ed aplikac\u00ed se ujist\u011bte, \u017ee je povrch z kortenov\u00e9 oceli such\u00fd a zbaven\u00fd voln\u00fdch ne\u010distot nebo \u00falomk\u016f.<\/li>\n<li>Pou\u017e\u00edvejte vhodn\u00e9 ochrann\u00e9 pom\u016fcky v\u010detn\u011b rukavic, ochrany o\u010d\u00ed a ochrann\u00e9ho od\u011bvu.<\/li>\n<li>P\u0159ed pou\u017eit\u00edm p\u0159\u00edpravek d\u016fkladn\u011b prot\u0159epejte nebo prom\u00edchejte.<\/li>\n<li>Odstra\u0148ova\u010d vodn\u00edho kamene nan\u00e1\u0161ejte rovnom\u011brn\u011b \u0161t\u011btcem, v\u00e1le\u010dkem nebo chemicky odoln\u00fdm post\u0159ikova\u010dem. Zajist\u011bte \u00fapln\u00e9 pokryt\u00ed v\u0161ech m\u00edst s viditeln\u00fdm ml\u00fdnsk\u00fdm kamenem.<\/li>\n<li>Doporu\u010den\u00e9 d\u00e1vkov\u00e1n\u00ed je p\u0159ibli\u017en\u011b 125 ml na metr \u010dtvere\u010dn\u00ed v z\u00e1vislosti na tlou\u0161\u0165ce a tvrdosti ml\u00fdnsk\u00e9ho kamene.<\/li>\n<li>Pokryt\u00ed je a\u017e 8 m\u00b2 na litr na jednu vrstvu.<\/li>\n<li>Nechte p\u0159\u00edpravek p\u016fsobit 20 a\u017e 45 minut. Doba reakce se m\u016f\u017ee li\u0161it v z\u00e1vislosti na teplot\u011b a tlou\u0161\u0165ce ml\u00fdnsk\u00e9ho kamene.<\/li>\n<li>Sledujte, jak se povrch za\u010d\u00edn\u00e1 uvol\u0148ovat a odlupovat.<\/li>\n<li>D\u016fkladn\u011b opl\u00e1chn\u011bte \u010distou vodou, abyste odstranili rozpu\u0161t\u011bn\u00e9 zbytky a odlou\u010den\u00fd vodn\u00ed k\u00e1men. U odoln\u00fdch m\u00edst m\u016f\u017ee b\u00fdt p\u0159ed opl\u00e1chnut\u00edm nutn\u00e9 lehk\u00e9 vykart\u00e1\u010dov\u00e1n\u00ed.<\/li>\n<li>P\u0159ed p\u0159\u00edpadn\u00fdm pou\u017eit\u00edm odma\u0161\u0165ova\u010de a n\u00e1sledn\u011b urychlova\u010de rzi nechte ocel zcela vyschnout. P\u0159ed aktivac\u00ed rzi mus\u00ed b\u00fdt povrch \u010dist\u00fd, such\u00fd a zbaven\u00fd zbytk\u016f.<\/li>\n<\/ul>","protected":false},"excerpt":{"rendered":"<p>Effectively removes mill scale without sandblasting. Our corten steel descaler is specially formulated to eliminate mill scale from corten steel surfaces without the need for a sandblaster. It chemically breaks down the dense, dark oxide layer formed during hot rolling, exposing clean reactive steel underneath and creating the ideal base for applying a rust accelerator. [&hellip;]<\/p>\n","protected":false},"featured_media":23010,"comment_status":"open","ping_status":"closed","template":"","meta":{"_uag_custom_page_level_css":"","site-sidebar-layout":"default","site-content-layout":"","ast-site-content-layout":"default","site-content-style":"default","site-sidebar-style":"default","ast-global-header-display":"","ast-banner-title-visibility":"","ast-main-header-display":"","ast-hfb-above-header-display":"","ast-hfb-below-header-display":"","ast-hfb-mobile-header-display":"","site-post-title":"","ast-breadcrumbs-content":"","ast-featured-img":"","footer-sml-layout":"","ast-disable-related-posts":"","theme-transparent-header-meta":"default","adv-header-id-meta":"","stick-header-meta":"","header-above-stick-meta":"","header-main-stick-meta":"","header-below-stick-meta":"","astra-migrate-meta-layouts":"set","ast-page-background-enabled":"default","ast-page-background-meta":{"desktop":{"background-color":"var(--ast-global-color-4)","background-image":"","background-repeat":"repeat","background-position":"center center","background-size":"auto","background-attachment":"scroll","background-type":"","background-media":"","overlay-type":"","overlay-color":"","overlay-opacity":"","overlay-gradient":""},"tablet":{"background-color":"","background-image":"","background-repeat":"repeat","background-position":"center center","background-size":"auto","background-attachment":"scroll","background-type":"","background-media":"","overlay-type":"","overlay-color":"","overlay-opacity":"","overlay-gradient":""},"mobile":{"background-color":"","background-image":"","background-repeat":"repeat","background-position":"center center","background-size":"auto","background-attachment":"scroll","background-type":"","background-media":"","overlay-type":"","overlay-color":"","overlay-opacity":"","overlay-gradient":""}},"ast-content-background-meta":{"desktop":{"background-color":"var(--ast-global-color-5)","background-image":"","background-repeat":"repeat","background-position":"center center","background-size":"auto","background-attachment":"scroll","background-type":"","background-media":"","overlay-type":"","overlay-color":"","overlay-opacity":"","overlay-gradient":""},"tablet":{"background-color":"var(--ast-global-color-5)","background-image":"","background-repeat":"repeat","background-position":"center center","background-size":"auto","background-attachment":"scroll","background-type":"","background-media":"","overlay-type":"","overlay-color":"","overlay-opacity":"","overlay-gradient":""},"mobile":{"background-color":"var(--ast-global-color-5)","background-image":"","background-repeat":"repeat","background-position":"center center","background-size":"auto","background-attachment":"scroll","background-type":"","background-media":"","overlay-type":"","overlay-color":"","overlay-opacity":"","overlay-gradient":""}}},"product_brand":[],"product_cat":[15],"product_tag":[],"class_list":{"0":"post-22968","1":"product","2":"type-product","3":"status-publish","4":"has-post-thumbnail","6":"product_cat-shop","7":"desktop-align-left","8":"tablet-align-left","9":"mobile-align-left","11":"first","12":"instock","13":"sale","14":"shipping-taxable","15":"purchasable","16":"product-type-variable","17":"has-default-attributes"},"spectra_custom_meta":{"_visibility":["visible"],"_shopify_product_id":["1953667383369"],"_s2w_shopify_domain":["cortenplus.myshopify.com"],"_shopify_variant_id":["18096109518921"],"_manage_stock":["no"],"total_sales":["57"],"_tax_status":["taxable"],"_tax_class":[""],"_backorders":["no"],"_sold_individually":["no"],"_virtual":["no"],"_downloadable":["no"],"_download_limit":["-1"],"_download_expiry":["-1"],"_stock":[null],"_stock_status":["instock"],"_wc_average_rating":["4.93"],"_wc_review_count":["73"],"_product_attributes":["a:1:{s:6:\"volume\";a:6:{s:4:\"name\";s:6:\"Volume\";s:5:\"value\";s:30:\"1 liter | 5 liters | 25 liters\";s:8:\"position\";i:1;s:10:\"is_visible\";i:0;s:12:\"is_variation\";i:1;s:11:\"is_taxonomy\";i:0;}}"],"_product_version":["10.5.2"],"_thumbnail_id":["23010"],"_product_image_gallery":["23011,23012"],"_edit_lock":["1772287530:1"],"_edit_last":["1"],"_wp_page_template":["default"],"site-sidebar-layout":["default"],"ast-site-content-layout":["default"],"site-content-style":["default"],"site-sidebar-style":["default"],"theme-transparent-header-meta":["default"],"merchant-center-availability":["yes"],"merchant-center-category":["503741"],"_default_attributes":["a:1:{s:6:\"volume\";s:7:\"1 liter\";}"],"_wc_rating_count":["a:3:{i:3;i:1;i:4;i:3;i:5;i:69;}"],"_upsell_ids":["a:3:{i:0;i:22963;i:1;i:22974;i:2;i:22982;}"],"_crosssell_ids":["a:3:{i:0;i:22963;i:1;i:22974;i:2;i:22982;}"],"_price":["39.90","189.90","899.90"],"astra-migrate-meta-layouts":["set"],"_uag_css_file_name":["uag-css-22968.css"],"_elementor_page_assets":["a:0:{}"],"_uag_page_assets":["a:9:{s:3:\"css\";s:7133:\".uag-blocks-common-selector{z-index:var(--z-index-desktop) !important}@media(max-width: 976px){.uag-blocks-common-selector{z-index:var(--z-index-tablet) !important}}@media(max-width: 767px){.uag-blocks-common-selector{z-index:var(--z-index-mobile) !important}}.wp-block-uagb-image{display:flex}.wp-block-uagb-image__figure{position:relative;display:flex;flex-direction:column;max-width:100%;height:auto;margin:0}.wp-block-uagb-image__figure img{height:auto;display:flex;max-width:100%;transition:box-shadow .2s ease}.wp-block-uagb-image__figure>a{display:inline-block}.wp-block-uagb-image__figure figcaption{text-align:center;margin-top:.5em;margin-bottom:1em}.wp-block-uagb-image .components-placeholder.block-editor-media-placeholder .components-placeholder__instructions{align-self:center}.wp-block-uagb-image--align-left{text-align:left}.wp-block-uagb-image--align-right{text-align:right}.wp-block-uagb-image--align-center{text-align:center}.wp-block-uagb-image--align-full .wp-block-uagb-image__figure{margin-left:calc(50% - 50vw);margin-right:calc(50% - 50vw);max-width:100vw;width:100vw;height:auto}.wp-block-uagb-image--align-full .wp-block-uagb-image__figure img{height:auto;width:100% !important}.wp-block-uagb-image--align-wide .wp-block-uagb-image__figure img{height:auto;width:100%}.wp-block-uagb-image--layout-overlay__color-wrapper{position:absolute;left:0;top:0;right:0;bottom:0;opacity:.2;background:rgba(0,0,0,.5);transition:opacity .35s ease-in-out}.wp-block-uagb-image--layout-overlay-link{position:absolute;left:0;right:0;bottom:0;top:0}.wp-block-uagb-image--layout-overlay .wp-block-uagb-image__figure:hover .wp-block-uagb-image--layout-overlay__color-wrapper{opacity:1}.wp-block-uagb-image--layout-overlay__inner{position:absolute;left:15px;right:15px;bottom:15px;top:15px;display:flex;align-items:center;justify-content:center;flex-direction:column;border-color:#fff;transition:.35s ease-in-out}.wp-block-uagb-image--layout-overlay__inner.top-left,.wp-block-uagb-image--layout-overlay__inner.top-center,.wp-block-uagb-image--layout-overlay__inner.top-right{justify-content:flex-start}.wp-block-uagb-image--layout-overlay__inner.bottom-left,.wp-block-uagb-image--layout-overlay__inner.bottom-center,.wp-block-uagb-image--layout-overlay__inner.bottom-right{justify-content:flex-end}.wp-block-uagb-image--layout-overlay__inner.top-left,.wp-block-uagb-image--layout-overlay__inner.center-left,.wp-block-uagb-image--layout-overlay__inner.bottom-left{align-items:flex-start}.wp-block-uagb-image--layout-overlay__inner.top-right,.wp-block-uagb-image--layout-overlay__inner.center-right,.wp-block-uagb-image--layout-overlay__inner.bottom-right{align-items:flex-end}.wp-block-uagb-image--layout-overlay__inner .uagb-image-heading{color:#fff;transition:transform .35s,opacity .35s ease-in-out;transform:translate3d(0, 24px, 0);margin:0;line-height:1em}.wp-block-uagb-image--layout-overlay__inner .uagb-image-separator{width:30%;border-top-width:2px;border-top-color:#fff;border-top-style:solid;margin-bottom:10px;opacity:0;transition:transform .4s,opacity .4s ease-in-out;transform:translate3d(0, 30px, 0)}.wp-block-uagb-image--layout-overlay__inner .uagb-image-caption{opacity:0;overflow:visible;color:#fff;transition:transform .45s,opacity .45s ease-in-out;transform:translate3d(0, 35px, 0)}.wp-block-uagb-image--layout-overlay__inner:hover .uagb-image-heading,.wp-block-uagb-image--layout-overlay__inner:hover .uagb-image-separator,.wp-block-uagb-image--layout-overlay__inner:hover .uagb-image-caption{opacity:1;transform:translate3d(0, 0, 0)}.wp-block-uagb-image--effect-zoomin .wp-block-uagb-image__figure img,.wp-block-uagb-image--effect-zoomin .wp-block-uagb-image__figure .wp-block-uagb-image--layout-overlay__color-wrapper{transform:scale(1);transition:transform .35s ease-in-out}.wp-block-uagb-image--effect-zoomin .wp-block-uagb-image__figure:hover img,.wp-block-uagb-image--effect-zoomin .wp-block-uagb-image__figure:hover .wp-block-uagb-image--layout-overlay__color-wrapper{transform:scale(1.05)}.wp-block-uagb-image--effect-slide .wp-block-uagb-image__figure img,.wp-block-uagb-image--effect-slide .wp-block-uagb-image__figure .wp-block-uagb-image--layout-overlay__color-wrapper{width:calc(100% + 40px) !important;max-width:none !important;transform:translate3d(-40px, 0, 0);transition:transform .35s ease-in-out}.wp-block-uagb-image--effect-slide .wp-block-uagb-image__figure:hover img,.wp-block-uagb-image--effect-slide .wp-block-uagb-image__figure:hover .wp-block-uagb-image--layout-overlay__color-wrapper{transform:translate3d(0, 0, 0)}.wp-block-uagb-image--effect-grayscale img{filter:grayscale(0%);transition:.35s ease-in-out}.wp-block-uagb-image--effect-grayscale:hover img{filter:grayscale(100%)}.wp-block-uagb-image--effect-blur img{filter:blur(0);transition:.35s ease-in-out}.wp-block-uagb-image--effect-blur:hover img{filter:blur(3px)}.uagb-block-e6f939b3.wp-block-uagb-image--layout-default figure img{box-shadow: 0px 0px 0 #00000070;}.uagb-block-e6f939b3.wp-block-uagb-image .wp-block-uagb-image__figure figcaption{font-style: normal;align-self: center;}.uagb-block-e6f939b3.wp-block-uagb-image--layout-overlay figure img{box-shadow: 0px 0px 0 #00000070;}.uagb-block-e6f939b3.wp-block-uagb-image--layout-overlay .wp-block-uagb-image--layout-overlay__color-wrapper{opacity: 0.2;}.uagb-block-e6f939b3.wp-block-uagb-image--layout-overlay .wp-block-uagb-image--layout-overlay__inner{left: 15px;right: 15px;top: 15px;bottom: 15px;}.uagb-block-e6f939b3.wp-block-uagb-image--layout-overlay .wp-block-uagb-image--layout-overlay__inner .uagb-image-heading{font-style: normal;color: #fff;opacity: 1;}.uagb-block-e6f939b3.wp-block-uagb-image--layout-overlay .wp-block-uagb-image--layout-overlay__inner .uagb-image-heading a{color: #fff;}.uagb-block-e6f939b3.wp-block-uagb-image--layout-overlay .wp-block-uagb-image--layout-overlay__inner .uagb-image-caption{opacity: 0;}.uagb-block-e6f939b3.wp-block-uagb-image--layout-overlay .wp-block-uagb-image__figure:hover .wp-block-uagb-image--layout-overlay__color-wrapper{opacity: 1;}.uagb-block-e6f939b3.wp-block-uagb-image .wp-block-uagb-image--layout-overlay__inner .uagb-image-separator{width: 30%;border-top-width: 2px;border-top-color: #fff;opacity: 0;}.uagb-block-e6f939b3.wp-block-uagb-image .wp-block-uagb-image__figure img{width: px;height: auto;}.uagb-block-e6f939b3.wp-block-uagb-image .wp-block-uagb-image__figure:hover .wp-block-uagb-image--layout-overlay__inner .uagb-image-caption{opacity: 1;}.uagb-block-e6f939b3.wp-block-uagb-image .wp-block-uagb-image__figure:hover .wp-block-uagb-image--layout-overlay__inner .uagb-image-separator{opacity: 1;}.uagb-block-e6f939b3.wp-block-uagb-image--layout-default figure:hover img{box-shadow: 0px 0px 0 #00000070;}.uagb-block-e6f939b3.wp-block-uagb-image--layout-overlay figure:hover img{box-shadow: 0px 0px 0 #00000070;}@media only screen and (max-width: 976px) {.uagb-block-e6f939b3.wp-block-uagb-image .wp-block-uagb-image__figure img{width: px;height: auto;}}@media only screen and (max-width: 767px) {.uagb-block-e6f939b3.wp-block-uagb-image .wp-block-uagb-image__figure img{width: px;height: auto;}}\";s:2:\"js\";s:0:\"\";s:18:\"current_block_list\";a:13:{i:0;s:11:\"core\/search\";i:1;s:10:\"core\/group\";i:2;s:12:\"core\/heading\";i:3;s:17:\"core\/latest-posts\";i:4;s:20:\"core\/latest-comments\";i:5;s:13:\"core\/archives\";i:6;s:15:\"core\/categories\";i:7;s:14:\"core\/paragraph\";i:8;s:10:\"uagb\/image\";i:9;s:11:\"core\/spacer\";i:10;s:30:\"woocommerce\/product-categories\";i:11;s:10:\"core\/image\";i:12;s:14:\"core\/shortcode\";}s:8:\"uag_flag\";b:1;s:11:\"uag_version\";s:10:\"1777062354\";s:6:\"gfonts\";a:0:{}s:10:\"gfonts_url\";s:0:\"\";s:12:\"gfonts_files\";a:0:{}s:14:\"uag_faq_layout\";b:0;}"]},"uagb_featured_image_src":{"full":["https:\/\/www.cortenplus.com\/wp-content\/uploads\/2025\/06\/Descaler_1L_23.jpg",2560,2560,false],"thumbnail":["https:\/\/www.cortenplus.com\/wp-content\/uploads\/2025\/06\/Descaler_1L_23-150x150.jpg",150,150,true],"medium":["https:\/\/www.cortenplus.com\/wp-content\/uploads\/2025\/06\/Descaler_1L_23-300x300.jpg",300,300,true],"medium_large":["https:\/\/www.cortenplus.com\/wp-content\/uploads\/2025\/06\/Descaler_1L_23-768x768.jpg",768,768,true],"large":["https:\/\/www.cortenplus.com\/wp-content\/uploads\/2025\/06\/Descaler_1L_23-1024x1024.jpg",1024,1024,true],"1536x1536":["https:\/\/www.cortenplus.com\/wp-content\/uploads\/2025\/06\/Descaler_1L_23-1536x1536.jpg",1536,1536,true],"2048x2048":["https:\/\/www.cortenplus.com\/wp-content\/uploads\/2025\/06\/Descaler_1L_23-2048x2048.jpg",2048,2048,true],"trp-custom-language-flag":["https:\/\/www.cortenplus.com\/wp-content\/uploads\/2025\/06\/Descaler_1L_23-12x12.jpg",12,12,true],"woocommerce_thumbnail":["https:\/\/www.cortenplus.com\/wp-content\/uploads\/2025\/06\/Descaler_1L_23-300x300.jpg",300,300,true],"woocommerce_single":["https:\/\/www.cortenplus.com\/wp-content\/uploads\/2025\/06\/Descaler_1L_23-600x600.jpg",600,600,true],"woocommerce_gallery_thumbnail":["https:\/\/www.cortenplus.com\/wp-content\/uploads\/2025\/06\/Descaler_1L_23-100x100.jpg",100,100,true]},"uagb_author_info":{"display_name":"admin","author_link":"https:\/\/www.cortenplus.com\/cz\/author\/"},"uagb_comment_info":73,"uagb_excerpt":"Effectively removes mill scale without sandblasting. Our corten steel descaler is specially formulated to eliminate mill scale from corten steel surfaces without the need for a sandblaster. It chemically breaks down the dense, dark oxide layer formed during hot rolling, exposing clean reactive steel underneath and creating the ideal base for applying a rust accelerator.&hellip;","_links":{"self":[{"href":"https:\/\/www.cortenplus.com\/cz\/wp-json\/wp\/v2\/product\/22968","targetHints":{"allow":["GET"]}}],"collection":[{"href":"https:\/\/www.cortenplus.com\/cz\/wp-json\/wp\/v2\/product"}],"about":[{"href":"https:\/\/www.cortenplus.com\/cz\/wp-json\/wp\/v2\/types\/product"}],"replies":[{"embeddable":true,"href":"https:\/\/www.cortenplus.com\/cz\/wp-json\/wp\/v2\/comments?post=22968"}],"version-history":[{"count":3,"href":"https:\/\/www.cortenplus.com\/cz\/wp-json\/wp\/v2\/product\/22968\/revisions"}],"predecessor-version":[{"id":26208,"href":"https:\/\/www.cortenplus.com\/cz\/wp-json\/wp\/v2\/product\/22968\/revisions\/26208"}],"wp:featuredmedia":[{"embeddable":true,"href":"https:\/\/www.cortenplus.com\/cz\/wp-json\/wp\/v2\/media\/23010"}],"wp:attachment":[{"href":"https:\/\/www.cortenplus.com\/cz\/wp-json\/wp\/v2\/media?parent=22968"}],"wp:term":[{"taxonomy":"product_brand","embeddable":true,"href":"https:\/\/www.cortenplus.com\/cz\/wp-json\/wp\/v2\/product_brand?post=22968"},{"taxonomy":"product_cat","embeddable":true,"href":"https:\/\/www.cortenplus.com\/cz\/wp-json\/wp\/v2\/product_cat?post=22968"},{"taxonomy":"product_tag","embeddable":true,"href":"https:\/\/www.cortenplus.com\/cz\/wp-json\/wp\/v2\/product_tag?post=22968"}],"curies":[{"name":"wp","href":"https:\/\/api.w.org\/{rel}","templated":true}]}}