{"id":22968,"date":"2025-06-02T08:36:28","date_gmt":"2025-06-02T06:36:28","guid":{"rendered":"https:\/\/www.cortenplus.com\/products\/descaler\/"},"modified":"2026-02-28T15:06:33","modified_gmt":"2026-02-28T14:06:33","slug":"descaler","status":"publish","type":"product","link":"https:\/\/www.cortenplus.com\/ch-de\/products\/descaler\/","title":{"rendered":"Entkalker"},"content":{"rendered":"<p><strong><img decoding=\"async\" style=\"margin-right: 12px;\" src=\"https:\/\/www.cortenplus.com\/wp-content\/uploads\/2026\/02\/Check.svg\" alt=\"\" width=\"18\" height=\"15\" \/>Entfernt effektiv Walzzunder ohne Sandstrahlen.<\/strong> Unser Entkalker f\u00fcr Cortenstahl wurde speziell entwickelt, um Walzzunder von Cortenstahloberfl\u00e4chen zu entfernen, ohne dass ein Sandstrahler erforderlich ist. Er bricht die dichte, dunkle Oxidschicht, die sich beim Warmwalzen gebildet hat, chemisch auf und legt den darunter liegenden sauberen, reaktiven Stahl frei, der die ideale Grundlage f\u00fcr die Anwendung eines Rostbeschleunigers bildet.<\/p>\n<p><strong><img decoding=\"async\" style=\"margin-right: 12px;\" src=\"https:\/\/www.cortenplus.com\/wp-content\/uploads\/2026\/02\/Check.svg\" alt=\"\" width=\"18\" height=\"15\" \/>Die effektivste L\u00f6sung zur Vorbereitung von Cortenstahl vor der Rostaktivierung.<\/strong> Dies ist das wirksamste Entkalkungsmittel f\u00fcr Cortenstahl, wenn ein mechanisches Strahlen nicht m\u00f6glich ist. Es durchdringt und l\u00f6st den Walzzunder gr\u00fcndlich auf und sorgt daf\u00fcr, dass der Rostbeschleuniger direkt mit dem blanken Metall reagieren kann, was zu einer schnelleren, gleichm\u00e4\u00dfigeren und intensiveren Patinaentwicklung f\u00fchrt.<\/p>\n<p><strong><img decoding=\"async\" style=\"margin-right: 12px;\" src=\"https:\/\/www.cortenplus.com\/wp-content\/uploads\/2026\/02\/Check.svg\" alt=\"\" width=\"18\" height=\"15\" \/>Die billigste professionelle Alternative zum Sandstrahlen.<\/strong> Sandstrahlanlagen sind teuer und nicht immer zug\u00e4nglich. Unser Entkalker f\u00fcr Cortenstahl ist die g\u00fcnstigste und praktischste Alternative, die professionelle Ergebnisse ohne teure Maschinen, Subunternehmer oder spezielle Anlagen liefert.<\/p>\n<p><strong><img decoding=\"async\" style=\"margin-right: 12px;\" src=\"https:\/\/www.cortenplus.com\/wp-content\/uploads\/2026\/02\/Check.svg\" alt=\"\" width=\"18\" height=\"15\" \/>Garantierte 24-Stunden-Lieferung f\u00fcr einen unterbrechungsfreien Arbeitsablauf.<\/strong> Wir wissen, dass die Oberfl\u00e4chenvorbereitung eine kritische Phase in jedem Cortenstahlprojekt ist. Deshalb garantieren wir eine Lieferung innerhalb von 24 Stunden, damit Sie schnell und ohne Projektverz\u00f6gerungen mit der Entzunderung und Rostbeschleunigung fortfahren k\u00f6nnen.<\/p>\n<p><strong><img decoding=\"async\" style=\"margin-right: 12px;\" src=\"https:\/\/www.cortenplus.com\/wp-content\/uploads\/2026\/02\/Check.svg\" alt=\"\" width=\"18\" height=\"15\" \/>Geld-zur\u00fcck-Garantie f\u00fcr absolute Sicherheit.<\/strong> Wir sind von der Leistung unseres Entkalkers f\u00fcr Cortenstahl \u00fcberzeugt. Wenn Sie mit den Ergebnissen nicht zufrieden sind, bieten wir eine volle Geld-zur\u00fcck-Garantie. Setzen Sie sich einfach mit uns in Verbindung und wir erstatten Ihnen den Kaufpreis zur\u00fcck, so dass Sie eine v\u00f6llig risikofreie Erfahrung machen k\u00f6nnen.<\/p>\n<p><strong><img decoding=\"async\" style=\"margin-right: 12px;\" src=\"https:\/\/www.cortenplus.com\/wp-content\/uploads\/2026\/02\/Check.svg\" alt=\"\" width=\"18\" height=\"15\" \/>Hervorragende Deckkraft f\u00fcr die wirtschaftliche Behandlung gro\u00dfer Fl\u00e4chen.<\/strong> Unser Entkalker bietet eine Deckkraft von bis zu 8 m\u00b2 pro Liter, abh\u00e4ngig von der Dicke des Walzzunders und der Oberfl\u00e4chenbeschaffenheit. Diese starke Deckkraft gew\u00e4hrleistet eine kosteneffiziente Behandlung von Platten, Fassaden, Skulpturen und Bauteilen.<\/p>\n<p><strong><img decoding=\"async\" style=\"margin-right: 12px;\" src=\"https:\/\/www.cortenplus.com\/wp-content\/uploads\/2026\/02\/Check.svg\" alt=\"\" width=\"18\" height=\"15\" \/>Sorgt f\u00fcr gleichm\u00e4\u00dfige Rostbildung nach der Behandlung.<\/strong> Walzzunder wirkt wie eine Barriere, die eine ordnungsgem\u00e4\u00dfe Oxidation verhindert. Durch die vollst\u00e4ndige Entfernung dieser Schicht erm\u00f6glicht der Entkalker dem Rostbeschleuniger, gleichm\u00e4\u00dfig auf der gesamten Oberfl\u00e4che zu wirken, was fleckige oder uneinheitliche Patina-Ergebnisse verhindert.<\/p>\n<p><strong><img decoding=\"async\" style=\"margin-right: 12px;\" src=\"https:\/\/www.cortenplus.com\/wp-content\/uploads\/2026\/02\/Check.svg\" alt=\"\" width=\"18\" height=\"15\" \/>Dringt tief in verh\u00e4rtete Schuppen ein und reagiert mit ihnen.<\/strong> Die fortschrittliche chemische Formulierung weicht festhaftenden Walzzunder vom Stahlsubstrat auf und l\u00f6st ihn ab, selbst an schwer zug\u00e4nglichen Stellen oder strukturierten Oberfl\u00e4chen, und gew\u00e4hrleistet so eine gr\u00fcndliche Vorbereitung.<\/p>\n<p><strong><img decoding=\"async\" style=\"margin-right: 12px;\" src=\"https:\/\/www.cortenplus.com\/wp-content\/uploads\/2026\/02\/Check.svg\" alt=\"\" width=\"18\" height=\"15\" \/>Ideal f\u00fcr Heimwerker und Profis gleicherma\u00dfen.<\/strong> Dieser Entkalker ist so konzipiert, dass er leicht mit einem Pinsel, einer Rolle oder einem Spray aufgetragen werden kann und macht die Entfernung von Walzzunder auch Anwendern zug\u00e4nglich, die nicht \u00fcber eine industrielle Ausr\u00fcstung verf\u00fcgen. Er vereinfacht die Vorbereitung unter Beibehaltung professioneller Standards.<\/p>\n<p><strong><img decoding=\"async\" style=\"margin-right: 12px;\" src=\"https:\/\/www.cortenplus.com\/wp-content\/uploads\/2026\/02\/Check.svg\" alt=\"\" width=\"18\" height=\"15\" \/>Verbessert die Haftung der nachfolgenden Behandlungen.<\/strong> Indem der Entkalker sauberen Stahl freilegt, erh\u00f6ht er die Wirksamkeit von Rostbeschleunigern und verbessert die Haftung von Versiegelungen und Lacken, die nach der Patinabildung aufgetragen werden, was zur langfristigen Haltbarkeit beitr\u00e4gt.<\/p>\n<h2><strong>Anweisungen<\/strong><\/h2>\n<ul>\n<li>Stellen Sie sicher, dass die Oberfl\u00e4che des Cortenstahls vor dem Auftragen trocken und frei von losem Schmutz oder Ablagerungen ist.<\/li>\n<li>Tragen Sie eine geeignete Schutzausr\u00fcstung, einschlie\u00dflich Handschuhe, Augenschutz und Schutzkleidung.<\/li>\n<li>Sch\u00fctteln oder r\u00fchren Sie das Produkt vor Gebrauch gr\u00fcndlich.<\/li>\n<li>Tragen Sie den Entkalker gleichm\u00e4\u00dfig mit einem Pinsel, einer Rolle oder einem chemikalienbest\u00e4ndigen Spr\u00fchger\u00e4t auf. Achten Sie darauf, dass alle Bereiche mit sichtbarem Walzzunder vollst\u00e4ndig bedeckt sind.<\/li>\n<li>Die empfohlene Dosierung betr\u00e4gt ca. 125 ml pro Quadratmeter, je nach Dicke und H\u00e4rte des Ziegels.<\/li>\n<li>Die Ergiebigkeit betr\u00e4gt bis zu 8 m\u00b2 pro Liter und Anstrich.<\/li>\n<li>Lassen Sie das Produkt 20 bis 45 Minuten einwirken. Die Reaktionszeit kann je nach Temperatur und Walzzunderdicke variieren.<\/li>\n<li>Beobachten Sie die Oberfl\u00e4che, wenn sich der Zunder zu l\u00f6sen beginnt und sich abl\u00f6st.<\/li>\n<li>Gr\u00fcndlich mit sauberem Wasser absp\u00fclen, um gel\u00f6ste R\u00fcckst\u00e4nde und abgel\u00f6sten Kalk zu entfernen. Bei hartn\u00e4ckigen Stellen kann ein leichtes Abb\u00fcrsten vor dem Absp\u00fclen erforderlich sein.<\/li>\n<li>Lassen Sie den Stahl vollst\u00e4ndig trocknen, bevor Sie bei Bedarf den Entfetter und anschlie\u00dfend den Rostbeschleuniger auftragen. Die Oberfl\u00e4che muss vor der Rostaktivierung sauber, trocken und frei von R\u00fcckst\u00e4nden sein.<\/li>\n<\/ul>","protected":false},"excerpt":{"rendered":"<p>Effectively removes mill scale without sandblasting. Our corten steel descaler is specially formulated to eliminate mill scale from corten steel surfaces without the need for a sandblaster. It chemically breaks down the dense, dark oxide layer formed during hot rolling, exposing clean reactive steel underneath and creating the ideal base for applying a rust accelerator. [&hellip;]<\/p>\n","protected":false},"featured_media":23010,"comment_status":"open","ping_status":"closed","template":"","meta":{"_uag_custom_page_level_css":"","site-sidebar-layout":"default","site-content-layout":"","ast-site-content-layout":"default","site-content-style":"default","site-sidebar-style":"default","ast-global-header-display":"","ast-banner-title-visibility":"","ast-main-header-display":"","ast-hfb-above-header-display":"","ast-hfb-below-header-display":"","ast-hfb-mobile-header-display":"","site-post-title":"","ast-breadcrumbs-content":"","ast-featured-img":"","footer-sml-layout":"","ast-disable-related-posts":"","theme-transparent-header-meta":"default","adv-header-id-meta":"","stick-header-meta":"","header-above-stick-meta":"","header-main-stick-meta":"","header-below-stick-meta":"","astra-migrate-meta-layouts":"set","ast-page-background-enabled":"default","ast-page-background-meta":{"desktop":{"background-color":"var(--ast-global-color-4)","background-image":"","background-repeat":"repeat","background-position":"center center","background-size":"auto","background-attachment":"scroll","background-type":"","background-media":"","overlay-type":"","overlay-color":"","overlay-opacity":"","overlay-gradient":""},"tablet":{"background-color":"","background-image":"","background-repeat":"repeat","background-position":"center center","background-size":"auto","background-attachment":"scroll","background-type":"","background-media":"","overlay-type":"","overlay-color":"","overlay-opacity":"","overlay-gradient":""},"mobile":{"background-color":"","background-image":"","background-repeat":"repeat","background-position":"center center","background-size":"auto","background-attachment":"scroll","background-type":"","background-media":"","overlay-type":"","overlay-color":"","overlay-opacity":"","overlay-gradient":""}},"ast-content-background-meta":{"desktop":{"background-color":"var(--ast-global-color-5)","background-image":"","background-repeat":"repeat","background-position":"center center","background-size":"auto","background-attachment":"scroll","background-type":"","background-media":"","overlay-type":"","overlay-color":"","overlay-opacity":"","overlay-gradient":""},"tablet":{"background-color":"var(--ast-global-color-5)","background-image":"","background-repeat":"repeat","background-position":"center center","background-size":"auto","background-attachment":"scroll","background-type":"","background-media":"","overlay-type":"","overlay-color":"","overlay-opacity":"","overlay-gradient":""},"mobile":{"background-color":"var(--ast-global-color-5)","background-image":"","background-repeat":"repeat","background-position":"center center","background-size":"auto","background-attachment":"scroll","background-type":"","background-media":"","overlay-type":"","overlay-color":"","overlay-opacity":"","overlay-gradient":""}}},"product_brand":[],"product_cat":[15],"product_tag":[],"class_list":{"0":"post-22968","1":"product","2":"type-product","3":"status-publish","4":"has-post-thumbnail","6":"product_cat-shop","7":"desktop-align-left","8":"tablet-align-left","9":"mobile-align-left","11":"first","12":"instock","13":"sale","14":"shipping-taxable","15":"purchasable","16":"product-type-variable","17":"has-default-attributes"},"spectra_custom_meta":{"_visibility":["visible"],"_shopify_product_id":["1953667383369"],"_s2w_shopify_domain":["cortenplus.myshopify.com"],"_shopify_variant_id":["18096109518921"],"_manage_stock":["no"],"total_sales":["57"],"_tax_status":["taxable"],"_tax_class":[""],"_backorders":["no"],"_sold_individually":["no"],"_virtual":["no"],"_downloadable":["no"],"_download_limit":["-1"],"_download_expiry":["-1"],"_stock":[null],"_stock_status":["instock"],"_wc_average_rating":["4.93"],"_wc_review_count":["73"],"_product_attributes":["a:1:{s:6:\"volume\";a:6:{s:4:\"name\";s:6:\"Volume\";s:5:\"value\";s:30:\"1 liter | 5 liters | 25 liters\";s:8:\"position\";i:1;s:10:\"is_visible\";i:0;s:12:\"is_variation\";i:1;s:11:\"is_taxonomy\";i:0;}}"],"_product_version":["10.5.2"],"_thumbnail_id":["23010"],"_product_image_gallery":["23011,23012"],"_edit_lock":["1772287530:1"],"_edit_last":["1"],"_wp_page_template":["default"],"site-sidebar-layout":["default"],"ast-site-content-layout":["default"],"site-content-style":["default"],"site-sidebar-style":["default"],"theme-transparent-header-meta":["default"],"merchant-center-availability":["yes"],"merchant-center-category":["503741"],"_default_attributes":["a:1:{s:6:\"volume\";s:7:\"1 liter\";}"],"_wc_rating_count":["a:3:{i:3;i:1;i:4;i:3;i:5;i:69;}"],"_upsell_ids":["a:3:{i:0;i:22963;i:1;i:22974;i:2;i:22982;}"],"_crosssell_ids":["a:3:{i:0;i:22963;i:1;i:22974;i:2;i:22982;}"],"_price":["39.90","189.90","899.90"],"astra-migrate-meta-layouts":["set"],"_uag_css_file_name":["uag-css-22968.css"],"_elementor_page_assets":["a:0:{}"],"_uag_page_assets":["a:9:{s:3:\"css\";s:7133:\".uag-blocks-common-selector{z-index:var(--z-index-desktop) !important}@media(max-width: 976px){.uag-blocks-common-selector{z-index:var(--z-index-tablet) !important}}@media(max-width: 767px){.uag-blocks-common-selector{z-index:var(--z-index-mobile) !important}}.wp-block-uagb-image{display:flex}.wp-block-uagb-image__figure{position:relative;display:flex;flex-direction:column;max-width:100%;height:auto;margin:0}.wp-block-uagb-image__figure img{height:auto;display:flex;max-width:100%;transition:box-shadow .2s ease}.wp-block-uagb-image__figure>a{display:inline-block}.wp-block-uagb-image__figure figcaption{text-align:center;margin-top:.5em;margin-bottom:1em}.wp-block-uagb-image .components-placeholder.block-editor-media-placeholder .components-placeholder__instructions{align-self:center}.wp-block-uagb-image--align-left{text-align:left}.wp-block-uagb-image--align-right{text-align:right}.wp-block-uagb-image--align-center{text-align:center}.wp-block-uagb-image--align-full .wp-block-uagb-image__figure{margin-left:calc(50% - 50vw);margin-right:calc(50% - 50vw);max-width:100vw;width:100vw;height:auto}.wp-block-uagb-image--align-full .wp-block-uagb-image__figure img{height:auto;width:100% !important}.wp-block-uagb-image--align-wide .wp-block-uagb-image__figure img{height:auto;width:100%}.wp-block-uagb-image--layout-overlay__color-wrapper{position:absolute;left:0;top:0;right:0;bottom:0;opacity:.2;background:rgba(0,0,0,.5);transition:opacity .35s ease-in-out}.wp-block-uagb-image--layout-overlay-link{position:absolute;left:0;right:0;bottom:0;top:0}.wp-block-uagb-image--layout-overlay .wp-block-uagb-image__figure:hover .wp-block-uagb-image--layout-overlay__color-wrapper{opacity:1}.wp-block-uagb-image--layout-overlay__inner{position:absolute;left:15px;right:15px;bottom:15px;top:15px;display:flex;align-items:center;justify-content:center;flex-direction:column;border-color:#fff;transition:.35s ease-in-out}.wp-block-uagb-image--layout-overlay__inner.top-left,.wp-block-uagb-image--layout-overlay__inner.top-center,.wp-block-uagb-image--layout-overlay__inner.top-right{justify-content:flex-start}.wp-block-uagb-image--layout-overlay__inner.bottom-left,.wp-block-uagb-image--layout-overlay__inner.bottom-center,.wp-block-uagb-image--layout-overlay__inner.bottom-right{justify-content:flex-end}.wp-block-uagb-image--layout-overlay__inner.top-left,.wp-block-uagb-image--layout-overlay__inner.center-left,.wp-block-uagb-image--layout-overlay__inner.bottom-left{align-items:flex-start}.wp-block-uagb-image--layout-overlay__inner.top-right,.wp-block-uagb-image--layout-overlay__inner.center-right,.wp-block-uagb-image--layout-overlay__inner.bottom-right{align-items:flex-end}.wp-block-uagb-image--layout-overlay__inner .uagb-image-heading{color:#fff;transition:transform .35s,opacity .35s ease-in-out;transform:translate3d(0, 24px, 0);margin:0;line-height:1em}.wp-block-uagb-image--layout-overlay__inner .uagb-image-separator{width:30%;border-top-width:2px;border-top-color:#fff;border-top-style:solid;margin-bottom:10px;opacity:0;transition:transform .4s,opacity .4s ease-in-out;transform:translate3d(0, 30px, 0)}.wp-block-uagb-image--layout-overlay__inner .uagb-image-caption{opacity:0;overflow:visible;color:#fff;transition:transform .45s,opacity .45s ease-in-out;transform:translate3d(0, 35px, 0)}.wp-block-uagb-image--layout-overlay__inner:hover .uagb-image-heading,.wp-block-uagb-image--layout-overlay__inner:hover .uagb-image-separator,.wp-block-uagb-image--layout-overlay__inner:hover .uagb-image-caption{opacity:1;transform:translate3d(0, 0, 0)}.wp-block-uagb-image--effect-zoomin .wp-block-uagb-image__figure img,.wp-block-uagb-image--effect-zoomin .wp-block-uagb-image__figure .wp-block-uagb-image--layout-overlay__color-wrapper{transform:scale(1);transition:transform .35s ease-in-out}.wp-block-uagb-image--effect-zoomin .wp-block-uagb-image__figure:hover img,.wp-block-uagb-image--effect-zoomin .wp-block-uagb-image__figure:hover .wp-block-uagb-image--layout-overlay__color-wrapper{transform:scale(1.05)}.wp-block-uagb-image--effect-slide .wp-block-uagb-image__figure img,.wp-block-uagb-image--effect-slide .wp-block-uagb-image__figure .wp-block-uagb-image--layout-overlay__color-wrapper{width:calc(100% + 40px) !important;max-width:none !important;transform:translate3d(-40px, 0, 0);transition:transform .35s ease-in-out}.wp-block-uagb-image--effect-slide .wp-block-uagb-image__figure:hover img,.wp-block-uagb-image--effect-slide .wp-block-uagb-image__figure:hover .wp-block-uagb-image--layout-overlay__color-wrapper{transform:translate3d(0, 0, 0)}.wp-block-uagb-image--effect-grayscale img{filter:grayscale(0%);transition:.35s ease-in-out}.wp-block-uagb-image--effect-grayscale:hover img{filter:grayscale(100%)}.wp-block-uagb-image--effect-blur img{filter:blur(0);transition:.35s ease-in-out}.wp-block-uagb-image--effect-blur:hover img{filter:blur(3px)}.uagb-block-e6f939b3.wp-block-uagb-image--layout-default figure img{box-shadow: 0px 0px 0 #00000070;}.uagb-block-e6f939b3.wp-block-uagb-image .wp-block-uagb-image__figure figcaption{font-style: normal;align-self: center;}.uagb-block-e6f939b3.wp-block-uagb-image--layout-overlay figure img{box-shadow: 0px 0px 0 #00000070;}.uagb-block-e6f939b3.wp-block-uagb-image--layout-overlay .wp-block-uagb-image--layout-overlay__color-wrapper{opacity: 0.2;}.uagb-block-e6f939b3.wp-block-uagb-image--layout-overlay .wp-block-uagb-image--layout-overlay__inner{left: 15px;right: 15px;top: 15px;bottom: 15px;}.uagb-block-e6f939b3.wp-block-uagb-image--layout-overlay .wp-block-uagb-image--layout-overlay__inner .uagb-image-heading{font-style: normal;color: #fff;opacity: 1;}.uagb-block-e6f939b3.wp-block-uagb-image--layout-overlay .wp-block-uagb-image--layout-overlay__inner .uagb-image-heading a{color: #fff;}.uagb-block-e6f939b3.wp-block-uagb-image--layout-overlay .wp-block-uagb-image--layout-overlay__inner .uagb-image-caption{opacity: 0;}.uagb-block-e6f939b3.wp-block-uagb-image--layout-overlay .wp-block-uagb-image__figure:hover .wp-block-uagb-image--layout-overlay__color-wrapper{opacity: 1;}.uagb-block-e6f939b3.wp-block-uagb-image .wp-block-uagb-image--layout-overlay__inner .uagb-image-separator{width: 30%;border-top-width: 2px;border-top-color: #fff;opacity: 0;}.uagb-block-e6f939b3.wp-block-uagb-image .wp-block-uagb-image__figure img{width: px;height: auto;}.uagb-block-e6f939b3.wp-block-uagb-image .wp-block-uagb-image__figure:hover .wp-block-uagb-image--layout-overlay__inner .uagb-image-caption{opacity: 1;}.uagb-block-e6f939b3.wp-block-uagb-image .wp-block-uagb-image__figure:hover .wp-block-uagb-image--layout-overlay__inner .uagb-image-separator{opacity: 1;}.uagb-block-e6f939b3.wp-block-uagb-image--layout-default figure:hover img{box-shadow: 0px 0px 0 #00000070;}.uagb-block-e6f939b3.wp-block-uagb-image--layout-overlay figure:hover img{box-shadow: 0px 0px 0 #00000070;}@media only screen and (max-width: 976px) {.uagb-block-e6f939b3.wp-block-uagb-image .wp-block-uagb-image__figure img{width: px;height: auto;}}@media only screen and (max-width: 767px) {.uagb-block-e6f939b3.wp-block-uagb-image .wp-block-uagb-image__figure img{width: px;height: auto;}}\";s:2:\"js\";s:0:\"\";s:18:\"current_block_list\";a:13:{i:0;s:11:\"core\/search\";i:1;s:10:\"core\/group\";i:2;s:12:\"core\/heading\";i:3;s:17:\"core\/latest-posts\";i:4;s:20:\"core\/latest-comments\";i:5;s:13:\"core\/archives\";i:6;s:15:\"core\/categories\";i:7;s:14:\"core\/paragraph\";i:8;s:10:\"uagb\/image\";i:9;s:11:\"core\/spacer\";i:10;s:30:\"woocommerce\/product-categories\";i:11;s:10:\"core\/image\";i:12;s:14:\"core\/shortcode\";}s:8:\"uag_flag\";b:1;s:11:\"uag_version\";s:10:\"1777067080\";s:6:\"gfonts\";a:0:{}s:10:\"gfonts_url\";s:0:\"\";s:12:\"gfonts_files\";a:0:{}s:14:\"uag_faq_layout\";b:0;}"]},"uagb_featured_image_src":{"full":["https:\/\/www.cortenplus.com\/wp-content\/uploads\/2025\/06\/Descaler_1L_23.jpg",2560,2560,false],"thumbnail":["https:\/\/www.cortenplus.com\/wp-content\/uploads\/2025\/06\/Descaler_1L_23-150x150.jpg",150,150,true],"medium":["https:\/\/www.cortenplus.com\/wp-content\/uploads\/2025\/06\/Descaler_1L_23-300x300.jpg",300,300,true],"medium_large":["https:\/\/www.cortenplus.com\/wp-content\/uploads\/2025\/06\/Descaler_1L_23-768x768.jpg",768,768,true],"large":["https:\/\/www.cortenplus.com\/wp-content\/uploads\/2025\/06\/Descaler_1L_23-1024x1024.jpg",1024,1024,true],"1536x1536":["https:\/\/www.cortenplus.com\/wp-content\/uploads\/2025\/06\/Descaler_1L_23-1536x1536.jpg",1536,1536,true],"2048x2048":["https:\/\/www.cortenplus.com\/wp-content\/uploads\/2025\/06\/Descaler_1L_23-2048x2048.jpg",2048,2048,true],"trp-custom-language-flag":["https:\/\/www.cortenplus.com\/wp-content\/uploads\/2025\/06\/Descaler_1L_23-12x12.jpg",12,12,true],"woocommerce_thumbnail":["https:\/\/www.cortenplus.com\/wp-content\/uploads\/2025\/06\/Descaler_1L_23-300x300.jpg",300,300,true],"woocommerce_single":["https:\/\/www.cortenplus.com\/wp-content\/uploads\/2025\/06\/Descaler_1L_23-600x600.jpg",600,600,true],"woocommerce_gallery_thumbnail":["https:\/\/www.cortenplus.com\/wp-content\/uploads\/2025\/06\/Descaler_1L_23-100x100.jpg",100,100,true]},"uagb_author_info":{"display_name":"admin","author_link":"https:\/\/www.cortenplus.com\/ch-de\/author\/"},"uagb_comment_info":73,"uagb_excerpt":"Effectively removes mill scale without sandblasting. Our corten steel descaler is specially formulated to eliminate mill scale from corten steel surfaces without the need for a sandblaster. It chemically breaks down the dense, dark oxide layer formed during hot rolling, exposing clean reactive steel underneath and creating the ideal base for applying a rust accelerator.&hellip;","_links":{"self":[{"href":"https:\/\/www.cortenplus.com\/ch-de\/wp-json\/wp\/v2\/product\/22968","targetHints":{"allow":["GET"]}}],"collection":[{"href":"https:\/\/www.cortenplus.com\/ch-de\/wp-json\/wp\/v2\/product"}],"about":[{"href":"https:\/\/www.cortenplus.com\/ch-de\/wp-json\/wp\/v2\/types\/product"}],"replies":[{"embeddable":true,"href":"https:\/\/www.cortenplus.com\/ch-de\/wp-json\/wp\/v2\/comments?post=22968"}],"version-history":[{"count":3,"href":"https:\/\/www.cortenplus.com\/ch-de\/wp-json\/wp\/v2\/product\/22968\/revisions"}],"predecessor-version":[{"id":26208,"href":"https:\/\/www.cortenplus.com\/ch-de\/wp-json\/wp\/v2\/product\/22968\/revisions\/26208"}],"wp:featuredmedia":[{"embeddable":true,"href":"https:\/\/www.cortenplus.com\/ch-de\/wp-json\/wp\/v2\/media\/23010"}],"wp:attachment":[{"href":"https:\/\/www.cortenplus.com\/ch-de\/wp-json\/wp\/v2\/media?parent=22968"}],"wp:term":[{"taxonomy":"product_brand","embeddable":true,"href":"https:\/\/www.cortenplus.com\/ch-de\/wp-json\/wp\/v2\/product_brand?post=22968"},{"taxonomy":"product_cat","embeddable":true,"href":"https:\/\/www.cortenplus.com\/ch-de\/wp-json\/wp\/v2\/product_cat?post=22968"},{"taxonomy":"product_tag","embeddable":true,"href":"https:\/\/www.cortenplus.com\/ch-de\/wp-json\/wp\/v2\/product_tag?post=22968"}],"curies":[{"name":"wp","href":"https:\/\/api.w.org\/{rel}","templated":true}]}}