{"id":22968,"date":"2025-06-02T08:36:28","date_gmt":"2025-06-02T06:36:28","guid":{"rendered":"https:\/\/www.cortenplus.com\/products\/descaler\/"},"modified":"2026-02-28T15:06:33","modified_gmt":"2026-02-28T14:06:33","slug":"descaler","status":"publish","type":"product","link":"https:\/\/www.cortenplus.com\/ca-fr\/products\/descaler\/","title":{"rendered":"D\u00e9calaminant"},"content":{"rendered":"<p><strong><img decoding=\"async\" style=\"margin-right: 12px;\" src=\"https:\/\/www.cortenplus.com\/wp-content\/uploads\/2026\/02\/Check.svg\" alt=\"\" width=\"18\" height=\"15\" \/>\u00c9limine efficacement les d\u00e9p\u00f4ts de calcaire sans sablage.<\/strong> Notre d\u00e9tartrant pour acier corten est sp\u00e9cialement formul\u00e9 pour \u00e9liminer la calamine des surfaces en acier corten sans avoir recours \u00e0 une sableuse. Il d\u00e9compose chimiquement la couche d'oxyde dense et fonc\u00e9e form\u00e9e lors du laminage \u00e0 chaud, exposant l'acier r\u00e9actif propre en dessous et cr\u00e9ant la base id\u00e9ale pour l'application d'un acc\u00e9l\u00e9rateur de rouille.<\/p>\n<p><strong><img decoding=\"async\" style=\"margin-right: 12px;\" src=\"https:\/\/www.cortenplus.com\/wp-content\/uploads\/2026\/02\/Check.svg\" alt=\"\" width=\"18\" height=\"15\" \/>La solution la plus efficace pour pr\u00e9parer l'acier corten avant l'activation de la rouille.<\/strong> Il s'agit du produit de d\u00e9calaminage le plus efficace pour l'acier corten lorsque le d\u00e9capage m\u00e9canique n'est pas possible. Il p\u00e9n\u00e8tre et dissout la calamine en profondeur, ce qui permet \u00e0 l'acc\u00e9l\u00e9rateur de rouille de r\u00e9agir directement avec le m\u00e9tal nu, entra\u00eenant un d\u00e9veloppement plus rapide, plus uniforme et plus intense de la patine.<\/p>\n<p><strong><img decoding=\"async\" style=\"margin-right: 12px;\" src=\"https:\/\/www.cortenplus.com\/wp-content\/uploads\/2026\/02\/Check.svg\" alt=\"\" width=\"18\" height=\"15\" \/>L'alternative professionnelle la moins ch\u00e8re au sablage.<\/strong> Le mat\u00e9riel de sablage est co\u00fbteux et n'est pas toujours accessible. Notre d\u00e9tartreur d'acier corten constitue l'alternative la moins ch\u00e8re et la plus pratique, offrant des r\u00e9sultats de niveau professionnel sans machines co\u00fbteuses, sous-traitants ou installations sp\u00e9cialis\u00e9es.<\/p>\n<p><strong><img decoding=\"async\" style=\"margin-right: 12px;\" src=\"https:\/\/www.cortenplus.com\/wp-content\/uploads\/2026\/02\/Check.svg\" alt=\"\" width=\"18\" height=\"15\" \/>Livraison garantie en 24 heures pour un flux de travail ininterrompu.<\/strong> Nous comprenons que la pr\u00e9paration de la surface est une \u00e9tape critique dans tout projet d'acier corten. C'est pourquoi nous garantissons une livraison en 24 heures, ce qui vous permet de proc\u00e9der rapidement au d\u00e9calaminage et \u00e0 l'acc\u00e9l\u00e9ration de la rouille sans retarder le projet.<\/p>\n<p><strong><img decoding=\"async\" style=\"margin-right: 12px;\" src=\"https:\/\/www.cortenplus.com\/wp-content\/uploads\/2026\/02\/Check.svg\" alt=\"\" width=\"18\" height=\"15\" \/>Garantie de remboursement pour une totale tranquillit\u00e9 d'esprit.<\/strong> Nous sommes convaincus de la performance de notre d\u00e9tartrant pour acier corten. Si vous n'\u00eates pas satisfait des r\u00e9sultats, nous vous offrons une garantie de remboursement int\u00e9gral. Il vous suffit de nous contacter et nous vous rembourserons votre achat, vous garantissant ainsi une exp\u00e9rience sans risque.<\/p>\n<p><strong><img decoding=\"async\" style=\"margin-right: 12px;\" src=\"https:\/\/www.cortenplus.com\/wp-content\/uploads\/2026\/02\/Check.svg\" alt=\"\" width=\"18\" height=\"15\" \/>Excellente couverture pour un traitement \u00e9conomique des grandes surfaces.<\/strong> Notre d\u00e9tartrant permet de couvrir jusqu'\u00e0 8 m\u00b2 par litre, en fonction de l'\u00e9paisseur du tartre et de l'\u00e9tat de la surface. Cette forte couverture assure un traitement rentable des panneaux, des fa\u00e7ades, des sculptures et des \u00e9l\u00e9ments structurels.<\/p>\n<p><strong><img decoding=\"async\" style=\"margin-right: 12px;\" src=\"https:\/\/www.cortenplus.com\/wp-content\/uploads\/2026\/02\/Check.svg\" alt=\"\" width=\"18\" height=\"15\" \/>Assure une formation uniforme de la rouille apr\u00e8s le traitement.<\/strong> Le tartre agit comme une barri\u00e8re qui emp\u00eache une oxydation correcte. En \u00e9liminant compl\u00e8tement cette couche, le d\u00e9tartrant permet \u00e0 l'acc\u00e9l\u00e9rateur de rouille d'agir uniform\u00e9ment sur toute la surface, ce qui \u00e9vite les patines in\u00e9gales ou irr\u00e9guli\u00e8res.<\/p>\n<p><strong><img decoding=\"async\" style=\"margin-right: 12px;\" src=\"https:\/\/www.cortenplus.com\/wp-content\/uploads\/2026\/02\/Check.svg\" alt=\"\" width=\"18\" height=\"15\" \/>P\u00e9n\u00e8tre et r\u00e9agit en profondeur avec le tartre durci.<\/strong> La formulation chimique avanc\u00e9e ramollit et d\u00e9tache la calamine \u00e9troitement li\u00e9e au substrat en acier, m\u00eame dans les zones difficiles d'acc\u00e8s ou sur les surfaces textur\u00e9es, assurant ainsi une pr\u00e9paration compl\u00e8te.<\/p>\n<p><strong><img decoding=\"async\" style=\"margin-right: 12px;\" src=\"https:\/\/www.cortenplus.com\/wp-content\/uploads\/2026\/02\/Check.svg\" alt=\"\" width=\"18\" height=\"15\" \/>Id\u00e9al pour les bricoleurs et les professionnels.<\/strong> Con\u00e7u pour une application facile au pinceau, au rouleau ou par pulv\u00e9risation, ce d\u00e9tartrant rend l'\u00e9limination du tartre accessible aux utilisateurs qui ne disposent pas d'\u00e9quipement industriel. Il simplifie la pr\u00e9paration tout en respectant les normes professionnelles.<\/p>\n<p><strong><img decoding=\"async\" style=\"margin-right: 12px;\" src=\"https:\/\/www.cortenplus.com\/wp-content\/uploads\/2026\/02\/Check.svg\" alt=\"\" width=\"18\" height=\"15\" \/>Am\u00e9liore l'adh\u00e9rence des traitements ult\u00e9rieurs.<\/strong> En exposant l'acier propre, le d\u00e9tartreur renforce l'efficacit\u00e9 des acc\u00e9l\u00e9rateurs de rouille et am\u00e9liore l'adh\u00e9rence des scellants et des vernis appliqu\u00e9s apr\u00e8s la formation de la patine, contribuant ainsi \u00e0 la durabilit\u00e9 \u00e0 long terme.<\/p>\n<h2><strong>Instructions<\/strong><\/h2>\n<ul>\n<li>S'assurer que la surface de l'acier corten est s\u00e8che et exempte de salet\u00e9s ou de d\u00e9bris avant l'application.<\/li>\n<li>Porter un \u00e9quipement de protection appropri\u00e9, notamment des gants, une protection oculaire et des v\u00eatements de protection.<\/li>\n<li>Agiter ou m\u00e9langer soigneusement le produit avant de l'utiliser.<\/li>\n<li>Appliquer le d\u00e9tartrant uniform\u00e9ment \u00e0 l'aide d'une brosse, d'un rouleau ou d'un pulv\u00e9risateur r\u00e9sistant aux produits chimiques. Veiller \u00e0 couvrir compl\u00e8tement toutes les zones o\u00f9 le tartre est visible.<\/li>\n<li>Le dosage recommand\u00e9 est d'environ 125 ml par m\u00e8tre carr\u00e9, en fonction de l'\u00e9paisseur et de la duret\u00e9 du calcaire.<\/li>\n<li>Le pouvoir couvrant est de 8 m\u00b2 par litre et par couche.<\/li>\n<li>Laisser le produit agir pendant 20 \u00e0 45 minutes. Le temps de r\u00e9action peut varier en fonction de la temp\u00e9rature et de l'\u00e9paisseur de la calamine.<\/li>\n<li>Observez la surface lorsque la calamine commence \u00e0 se d\u00e9tacher.<\/li>\n<li>Rincer abondamment \u00e0 l'eau claire pour \u00e9liminer les r\u00e9sidus dissous et le tartre d\u00e9tach\u00e9. Pour les zones tenaces, un l\u00e9ger brossage peut s'av\u00e9rer n\u00e9cessaire avant le rin\u00e7age.<\/li>\n<li>Laisser l'acier s\u00e9cher compl\u00e8tement avant d'appliquer le d\u00e9graissant si n\u00e9cessaire, puis l'acc\u00e9l\u00e9rateur de rouille. La surface doit \u00eatre propre, s\u00e8che et exempte de r\u00e9sidus avant l'activation de la rouille.<\/li>\n<\/ul>","protected":false},"excerpt":{"rendered":"<p>Effectively removes mill scale without sandblasting. Our corten steel descaler is specially formulated to eliminate mill scale from corten steel surfaces without the need for a sandblaster. It chemically breaks down the dense, dark oxide layer formed during hot rolling, exposing clean reactive steel underneath and creating the ideal base for applying a rust accelerator. [&hellip;]<\/p>\n","protected":false},"featured_media":23010,"comment_status":"open","ping_status":"closed","template":"","meta":{"_uag_custom_page_level_css":"","site-sidebar-layout":"default","site-content-layout":"","ast-site-content-layout":"default","site-content-style":"default","site-sidebar-style":"default","ast-global-header-display":"","ast-banner-title-visibility":"","ast-main-header-display":"","ast-hfb-above-header-display":"","ast-hfb-below-header-display":"","ast-hfb-mobile-header-display":"","site-post-title":"","ast-breadcrumbs-content":"","ast-featured-img":"","footer-sml-layout":"","ast-disable-related-posts":"","theme-transparent-header-meta":"default","adv-header-id-meta":"","stick-header-meta":"","header-above-stick-meta":"","header-main-stick-meta":"","header-below-stick-meta":"","astra-migrate-meta-layouts":"set","ast-page-background-enabled":"default","ast-page-background-meta":{"desktop":{"background-color":"var(--ast-global-color-4)","background-image":"","background-repeat":"repeat","background-position":"center center","background-size":"auto","background-attachment":"scroll","background-type":"","background-media":"","overlay-type":"","overlay-color":"","overlay-opacity":"","overlay-gradient":""},"tablet":{"background-color":"","background-image":"","background-repeat":"repeat","background-position":"center center","background-size":"auto","background-attachment":"scroll","background-type":"","background-media":"","overlay-type":"","overlay-color":"","overlay-opacity":"","overlay-gradient":""},"mobile":{"background-color":"","background-image":"","background-repeat":"repeat","background-position":"center center","background-size":"auto","background-attachment":"scroll","background-type":"","background-media":"","overlay-type":"","overlay-color":"","overlay-opacity":"","overlay-gradient":""}},"ast-content-background-meta":{"desktop":{"background-color":"var(--ast-global-color-5)","background-image":"","background-repeat":"repeat","background-position":"center center","background-size":"auto","background-attachment":"scroll","background-type":"","background-media":"","overlay-type":"","overlay-color":"","overlay-opacity":"","overlay-gradient":""},"tablet":{"background-color":"var(--ast-global-color-5)","background-image":"","background-repeat":"repeat","background-position":"center center","background-size":"auto","background-attachment":"scroll","background-type":"","background-media":"","overlay-type":"","overlay-color":"","overlay-opacity":"","overlay-gradient":""},"mobile":{"background-color":"var(--ast-global-color-5)","background-image":"","background-repeat":"repeat","background-position":"center center","background-size":"auto","background-attachment":"scroll","background-type":"","background-media":"","overlay-type":"","overlay-color":"","overlay-opacity":"","overlay-gradient":""}}},"product_brand":[],"product_cat":[15],"product_tag":[],"class_list":{"0":"post-22968","1":"product","2":"type-product","3":"status-publish","4":"has-post-thumbnail","6":"product_cat-shop","7":"desktop-align-left","8":"tablet-align-left","9":"mobile-align-left","11":"first","12":"instock","13":"sale","14":"shipping-taxable","15":"purchasable","16":"product-type-variable","17":"has-default-attributes"},"spectra_custom_meta":{"_visibility":["visible"],"_shopify_product_id":["1953667383369"],"_s2w_shopify_domain":["cortenplus.myshopify.com"],"_shopify_variant_id":["18096109518921"],"_manage_stock":["no"],"total_sales":["57"],"_tax_status":["taxable"],"_tax_class":[""],"_backorders":["no"],"_sold_individually":["no"],"_virtual":["no"],"_downloadable":["no"],"_download_limit":["-1"],"_download_expiry":["-1"],"_stock":[null],"_stock_status":["instock"],"_wc_average_rating":["4.93"],"_wc_review_count":["73"],"_product_attributes":["a:1:{s:6:\"volume\";a:6:{s:4:\"name\";s:6:\"Volume\";s:5:\"value\";s:30:\"1 liter | 5 liters | 25 liters\";s:8:\"position\";i:1;s:10:\"is_visible\";i:0;s:12:\"is_variation\";i:1;s:11:\"is_taxonomy\";i:0;}}"],"_product_version":["10.5.2"],"_thumbnail_id":["23010"],"_product_image_gallery":["23011,23012"],"_edit_lock":["1772287530:1"],"_edit_last":["1"],"_wp_page_template":["default"],"site-sidebar-layout":["default"],"ast-site-content-layout":["default"],"site-content-style":["default"],"site-sidebar-style":["default"],"theme-transparent-header-meta":["default"],"merchant-center-availability":["yes"],"merchant-center-category":["503741"],"_default_attributes":["a:1:{s:6:\"volume\";s:7:\"1 liter\";}"],"_wc_rating_count":["a:3:{i:3;i:1;i:4;i:3;i:5;i:69;}"],"_upsell_ids":["a:3:{i:0;i:22963;i:1;i:22974;i:2;i:22982;}"],"_crosssell_ids":["a:3:{i:0;i:22963;i:1;i:22974;i:2;i:22982;}"],"_price":["39.90","189.90","899.90"],"astra-migrate-meta-layouts":["set"],"_uag_css_file_name":["uag-css-22968.css"],"_elementor_page_assets":["a:0:{}"],"_uag_page_assets":["a:9:{s:3:\"css\";s:7133:\".uag-blocks-common-selector{z-index:var(--z-index-desktop) !important}@media(max-width: 976px){.uag-blocks-common-selector{z-index:var(--z-index-tablet) !important}}@media(max-width: 767px){.uag-blocks-common-selector{z-index:var(--z-index-mobile) !important}}.wp-block-uagb-image{display:flex}.wp-block-uagb-image__figure{position:relative;display:flex;flex-direction:column;max-width:100%;height:auto;margin:0}.wp-block-uagb-image__figure img{height:auto;display:flex;max-width:100%;transition:box-shadow .2s ease}.wp-block-uagb-image__figure>a{display:inline-block}.wp-block-uagb-image__figure figcaption{text-align:center;margin-top:.5em;margin-bottom:1em}.wp-block-uagb-image .components-placeholder.block-editor-media-placeholder .components-placeholder__instructions{align-self:center}.wp-block-uagb-image--align-left{text-align:left}.wp-block-uagb-image--align-right{text-align:right}.wp-block-uagb-image--align-center{text-align:center}.wp-block-uagb-image--align-full .wp-block-uagb-image__figure{margin-left:calc(50% - 50vw);margin-right:calc(50% - 50vw);max-width:100vw;width:100vw;height:auto}.wp-block-uagb-image--align-full .wp-block-uagb-image__figure img{height:auto;width:100% !important}.wp-block-uagb-image--align-wide .wp-block-uagb-image__figure img{height:auto;width:100%}.wp-block-uagb-image--layout-overlay__color-wrapper{position:absolute;left:0;top:0;right:0;bottom:0;opacity:.2;background:rgba(0,0,0,.5);transition:opacity .35s ease-in-out}.wp-block-uagb-image--layout-overlay-link{position:absolute;left:0;right:0;bottom:0;top:0}.wp-block-uagb-image--layout-overlay .wp-block-uagb-image__figure:hover .wp-block-uagb-image--layout-overlay__color-wrapper{opacity:1}.wp-block-uagb-image--layout-overlay__inner{position:absolute;left:15px;right:15px;bottom:15px;top:15px;display:flex;align-items:center;justify-content:center;flex-direction:column;border-color:#fff;transition:.35s ease-in-out}.wp-block-uagb-image--layout-overlay__inner.top-left,.wp-block-uagb-image--layout-overlay__inner.top-center,.wp-block-uagb-image--layout-overlay__inner.top-right{justify-content:flex-start}.wp-block-uagb-image--layout-overlay__inner.bottom-left,.wp-block-uagb-image--layout-overlay__inner.bottom-center,.wp-block-uagb-image--layout-overlay__inner.bottom-right{justify-content:flex-end}.wp-block-uagb-image--layout-overlay__inner.top-left,.wp-block-uagb-image--layout-overlay__inner.center-left,.wp-block-uagb-image--layout-overlay__inner.bottom-left{align-items:flex-start}.wp-block-uagb-image--layout-overlay__inner.top-right,.wp-block-uagb-image--layout-overlay__inner.center-right,.wp-block-uagb-image--layout-overlay__inner.bottom-right{align-items:flex-end}.wp-block-uagb-image--layout-overlay__inner .uagb-image-heading{color:#fff;transition:transform .35s,opacity .35s ease-in-out;transform:translate3d(0, 24px, 0);margin:0;line-height:1em}.wp-block-uagb-image--layout-overlay__inner .uagb-image-separator{width:30%;border-top-width:2px;border-top-color:#fff;border-top-style:solid;margin-bottom:10px;opacity:0;transition:transform .4s,opacity .4s ease-in-out;transform:translate3d(0, 30px, 0)}.wp-block-uagb-image--layout-overlay__inner .uagb-image-caption{opacity:0;overflow:visible;color:#fff;transition:transform .45s,opacity .45s ease-in-out;transform:translate3d(0, 35px, 0)}.wp-block-uagb-image--layout-overlay__inner:hover .uagb-image-heading,.wp-block-uagb-image--layout-overlay__inner:hover .uagb-image-separator,.wp-block-uagb-image--layout-overlay__inner:hover .uagb-image-caption{opacity:1;transform:translate3d(0, 0, 0)}.wp-block-uagb-image--effect-zoomin .wp-block-uagb-image__figure img,.wp-block-uagb-image--effect-zoomin .wp-block-uagb-image__figure .wp-block-uagb-image--layout-overlay__color-wrapper{transform:scale(1);transition:transform .35s ease-in-out}.wp-block-uagb-image--effect-zoomin .wp-block-uagb-image__figure:hover img,.wp-block-uagb-image--effect-zoomin .wp-block-uagb-image__figure:hover .wp-block-uagb-image--layout-overlay__color-wrapper{transform:scale(1.05)}.wp-block-uagb-image--effect-slide .wp-block-uagb-image__figure img,.wp-block-uagb-image--effect-slide .wp-block-uagb-image__figure .wp-block-uagb-image--layout-overlay__color-wrapper{width:calc(100% + 40px) !important;max-width:none !important;transform:translate3d(-40px, 0, 0);transition:transform .35s ease-in-out}.wp-block-uagb-image--effect-slide .wp-block-uagb-image__figure:hover img,.wp-block-uagb-image--effect-slide .wp-block-uagb-image__figure:hover .wp-block-uagb-image--layout-overlay__color-wrapper{transform:translate3d(0, 0, 0)}.wp-block-uagb-image--effect-grayscale img{filter:grayscale(0%);transition:.35s ease-in-out}.wp-block-uagb-image--effect-grayscale:hover img{filter:grayscale(100%)}.wp-block-uagb-image--effect-blur img{filter:blur(0);transition:.35s ease-in-out}.wp-block-uagb-image--effect-blur:hover img{filter:blur(3px)}.uagb-block-e6f939b3.wp-block-uagb-image--layout-default figure img{box-shadow: 0px 0px 0 #00000070;}.uagb-block-e6f939b3.wp-block-uagb-image .wp-block-uagb-image__figure figcaption{font-style: normal;align-self: center;}.uagb-block-e6f939b3.wp-block-uagb-image--layout-overlay figure img{box-shadow: 0px 0px 0 #00000070;}.uagb-block-e6f939b3.wp-block-uagb-image--layout-overlay .wp-block-uagb-image--layout-overlay__color-wrapper{opacity: 0.2;}.uagb-block-e6f939b3.wp-block-uagb-image--layout-overlay .wp-block-uagb-image--layout-overlay__inner{left: 15px;right: 15px;top: 15px;bottom: 15px;}.uagb-block-e6f939b3.wp-block-uagb-image--layout-overlay .wp-block-uagb-image--layout-overlay__inner .uagb-image-heading{font-style: normal;color: #fff;opacity: 1;}.uagb-block-e6f939b3.wp-block-uagb-image--layout-overlay .wp-block-uagb-image--layout-overlay__inner .uagb-image-heading a{color: #fff;}.uagb-block-e6f939b3.wp-block-uagb-image--layout-overlay .wp-block-uagb-image--layout-overlay__inner .uagb-image-caption{opacity: 0;}.uagb-block-e6f939b3.wp-block-uagb-image--layout-overlay .wp-block-uagb-image__figure:hover .wp-block-uagb-image--layout-overlay__color-wrapper{opacity: 1;}.uagb-block-e6f939b3.wp-block-uagb-image .wp-block-uagb-image--layout-overlay__inner .uagb-image-separator{width: 30%;border-top-width: 2px;border-top-color: #fff;opacity: 0;}.uagb-block-e6f939b3.wp-block-uagb-image .wp-block-uagb-image__figure img{width: px;height: auto;}.uagb-block-e6f939b3.wp-block-uagb-image .wp-block-uagb-image__figure:hover .wp-block-uagb-image--layout-overlay__inner .uagb-image-caption{opacity: 1;}.uagb-block-e6f939b3.wp-block-uagb-image .wp-block-uagb-image__figure:hover .wp-block-uagb-image--layout-overlay__inner .uagb-image-separator{opacity: 1;}.uagb-block-e6f939b3.wp-block-uagb-image--layout-default figure:hover img{box-shadow: 0px 0px 0 #00000070;}.uagb-block-e6f939b3.wp-block-uagb-image--layout-overlay figure:hover img{box-shadow: 0px 0px 0 #00000070;}@media only screen and (max-width: 976px) {.uagb-block-e6f939b3.wp-block-uagb-image .wp-block-uagb-image__figure img{width: px;height: auto;}}@media only screen and (max-width: 767px) {.uagb-block-e6f939b3.wp-block-uagb-image .wp-block-uagb-image__figure img{width: px;height: auto;}}\";s:2:\"js\";s:0:\"\";s:18:\"current_block_list\";a:13:{i:0;s:11:\"core\/search\";i:1;s:10:\"core\/group\";i:2;s:12:\"core\/heading\";i:3;s:17:\"core\/latest-posts\";i:4;s:20:\"core\/latest-comments\";i:5;s:13:\"core\/archives\";i:6;s:15:\"core\/categories\";i:7;s:14:\"core\/paragraph\";i:8;s:10:\"uagb\/image\";i:9;s:11:\"core\/spacer\";i:10;s:30:\"woocommerce\/product-categories\";i:11;s:10:\"core\/image\";i:12;s:14:\"core\/shortcode\";}s:8:\"uag_flag\";b:1;s:11:\"uag_version\";s:10:\"1777062354\";s:6:\"gfonts\";a:0:{}s:10:\"gfonts_url\";s:0:\"\";s:12:\"gfonts_files\";a:0:{}s:14:\"uag_faq_layout\";b:0;}"]},"uagb_featured_image_src":{"full":["https:\/\/www.cortenplus.com\/wp-content\/uploads\/2025\/06\/Descaler_1L_23.jpg",2560,2560,false],"thumbnail":["https:\/\/www.cortenplus.com\/wp-content\/uploads\/2025\/06\/Descaler_1L_23-150x150.jpg",150,150,true],"medium":["https:\/\/www.cortenplus.com\/wp-content\/uploads\/2025\/06\/Descaler_1L_23-300x300.jpg",300,300,true],"medium_large":["https:\/\/www.cortenplus.com\/wp-content\/uploads\/2025\/06\/Descaler_1L_23-768x768.jpg",768,768,true],"large":["https:\/\/www.cortenplus.com\/wp-content\/uploads\/2025\/06\/Descaler_1L_23-1024x1024.jpg",1024,1024,true],"1536x1536":["https:\/\/www.cortenplus.com\/wp-content\/uploads\/2025\/06\/Descaler_1L_23-1536x1536.jpg",1536,1536,true],"2048x2048":["https:\/\/www.cortenplus.com\/wp-content\/uploads\/2025\/06\/Descaler_1L_23-2048x2048.jpg",2048,2048,true],"trp-custom-language-flag":["https:\/\/www.cortenplus.com\/wp-content\/uploads\/2025\/06\/Descaler_1L_23-12x12.jpg",12,12,true],"woocommerce_thumbnail":["https:\/\/www.cortenplus.com\/wp-content\/uploads\/2025\/06\/Descaler_1L_23-300x300.jpg",300,300,true],"woocommerce_single":["https:\/\/www.cortenplus.com\/wp-content\/uploads\/2025\/06\/Descaler_1L_23-600x600.jpg",600,600,true],"woocommerce_gallery_thumbnail":["https:\/\/www.cortenplus.com\/wp-content\/uploads\/2025\/06\/Descaler_1L_23-100x100.jpg",100,100,true]},"uagb_author_info":{"display_name":"admin","author_link":"https:\/\/www.cortenplus.com\/ca-fr\/author\/"},"uagb_comment_info":73,"uagb_excerpt":"Effectively removes mill scale without sandblasting. Our corten steel descaler is specially formulated to eliminate mill scale from corten steel surfaces without the need for a sandblaster. It chemically breaks down the dense, dark oxide layer formed during hot rolling, exposing clean reactive steel underneath and creating the ideal base for applying a rust accelerator.&hellip;","_links":{"self":[{"href":"https:\/\/www.cortenplus.com\/ca-fr\/wp-json\/wp\/v2\/product\/22968","targetHints":{"allow":["GET"]}}],"collection":[{"href":"https:\/\/www.cortenplus.com\/ca-fr\/wp-json\/wp\/v2\/product"}],"about":[{"href":"https:\/\/www.cortenplus.com\/ca-fr\/wp-json\/wp\/v2\/types\/product"}],"replies":[{"embeddable":true,"href":"https:\/\/www.cortenplus.com\/ca-fr\/wp-json\/wp\/v2\/comments?post=22968"}],"version-history":[{"count":3,"href":"https:\/\/www.cortenplus.com\/ca-fr\/wp-json\/wp\/v2\/product\/22968\/revisions"}],"predecessor-version":[{"id":26208,"href":"https:\/\/www.cortenplus.com\/ca-fr\/wp-json\/wp\/v2\/product\/22968\/revisions\/26208"}],"wp:featuredmedia":[{"embeddable":true,"href":"https:\/\/www.cortenplus.com\/ca-fr\/wp-json\/wp\/v2\/media\/23010"}],"wp:attachment":[{"href":"https:\/\/www.cortenplus.com\/ca-fr\/wp-json\/wp\/v2\/media?parent=22968"}],"wp:term":[{"taxonomy":"product_brand","embeddable":true,"href":"https:\/\/www.cortenplus.com\/ca-fr\/wp-json\/wp\/v2\/product_brand?post=22968"},{"taxonomy":"product_cat","embeddable":true,"href":"https:\/\/www.cortenplus.com\/ca-fr\/wp-json\/wp\/v2\/product_cat?post=22968"},{"taxonomy":"product_tag","embeddable":true,"href":"https:\/\/www.cortenplus.com\/ca-fr\/wp-json\/wp\/v2\/product_tag?post=22968"}],"curies":[{"name":"wp","href":"https:\/\/api.w.org\/{rel}","templated":true}]}}